{"id":9716,"date":"2026-04-26T09:13:27","date_gmt":"2026-04-26T09:13:27","guid":{"rendered":""},"modified":"2026-04-26T09:13:27","modified_gmt":"2026-04-26T09:13:27","slug":"baumit-startrack-duplex-bez-sroubu-vyprodej-expresni-doruceni-9716","status":"publish","type":"product","link":"https:\/\/www.koupelnapro.com\/index.php\/produkt\/baumit-startrack-duplex-bez-sroubu-vyprodej-expresni-doruceni-9716\/","title":{"rendered":"Baumit StarTrack Duplex &#8211; bez \u0161roubu &#8211; V\u00ddPRODEJ Expresn\u00ed Doru\u010den\u00ed"},"content":{"rendered":"<div class=\"tmc_edt\">\n<ul>\n<li><font face=\"Segoe UI\">Kotven\u00ed zateplovac\u00edch syst\u00e9m\u016f do t\u011b\u017ek\u00fdch obvodov\u00fdch pl\u00e1\u0161\u0165\u016f se st\u00e1vaj\u00edc\u00edm zateplovac\u00edm syst\u00e9mem (ETICS), tlou\u0161\u0165ky max. 90 mm.<\/font><\/li>\n<p><font face=\"Segoe UI\"><\/font><\/p>\n<li><font face=\"Segoe UI\">Nepou\u017e\u00edvat pro kotven\u00ed fas\u00e1dn\u00edch tepeln\u011b izola\u010dn\u00edch desek z extrudovan\u00e9ho polystyrenu (Austrotherm XPS Top P) nebo miner\u00e1ln\u00edch fas\u00e1dn\u00edch desek<\/font><\/li>\n<p><font face=\"Segoe UI\"><\/font><\/p>\n<li><font face=\"Segoe UI\">Pr\u016fm\u011br vrtan\u00e9ho otvoru je 8 mm. <\/font><\/li>\n<p><font face=\"Segoe UI\"><\/font><\/p>\n<li><font face=\"Segoe UI\"><strong>S p\u0159\u00edklepem vrtat pouze do pln\u00fdch materi\u00e1l\u016f<\/strong>! Hloubka vrtan\u00e9ho otvor o cca 10-15 mm hlub\u0161\u00ed ne\u017e d\u00e9lka kotvy<\/font><\/li>\n<\/ul><\/div>\n<\/p><\/div>\n","protected":false},"excerpt":{"rendered":"<p>Kotven\u00ed zateplovac\u00edch syst\u00e9m\u016f do t\u011b\u017ek\u00fdch obvodov\u00fdch pl\u00e1\u0161\u0165\u016f se st\u00e1vaj\u00edc\u00edm zateplovac\u00edm syst\u00e9mem (ETICS), tlou\u0161\u0165ky max. 90 mm. Nepou\u017e\u00edvat pro kotven\u00ed fas\u00e1dn\u00edch tepeln\u011b izola\u010dn\u00edch desek z extrudovan\u00e9ho polystyrenu (Austrotherm XPS Top P) nebo miner\u00e1ln\u00edch fas\u00e1dn\u00edch desek Pr\u016fm\u011br vrtan\u00e9ho otvoru je 8 mm. S p\u0159\u00edklepem vrtat pouze do pln\u00fdch materi\u00e1l\u016f! Hloubka vrtan\u00e9ho otvor o cca 10-15 mm hlub\u0161\u00ed [&hellip;]<\/p>\n","protected":false},"featured_media":9816,"comment_status":"open","ping_status":"open","template":"","meta":[],"product_brand":[],"product_cat":[66],"product_tag":[],"class_list":{"0":"post-9716","1":"product","2":"type-product","3":"status-publish","4":"has-post-thumbnail","6":"product_cat-akce","8":"first","9":"instock","10":"sale","11":"shipping-taxable","12":"purchasable","13":"product-type-simple"},"yoast_head":"<!-- This site is optimized with the Yoast SEO plugin v26.8 - https:\/\/yoast.com\/product\/yoast-seo-wordpress\/ -->\n<title>Baumit StarTrack Duplex - bez \u0161roubu - V\u00ddPRODEJ Expresn\u00ed Doru\u010den\u00ed -<\/title>\n<meta name=\"robots\" content=\"index, follow, max-snippet:-1, max-image-preview:large, max-video-preview:-1\" \/>\n<link rel=\"canonical\" href=\"https:\/\/www.koupelnapro.com\/index.php\/produkt\/baumit-startrack-duplex-bez-sroubu-vyprodej-expresni-doruceni-9716\/\" \/>\n<meta property=\"og:locale\" content=\"cs_CZ\" \/>\n<meta property=\"og:type\" content=\"article\" \/>\n<meta property=\"og:title\" content=\"Baumit StarTrack Duplex - bez \u0161roubu - V\u00ddPRODEJ Expresn\u00ed Doru\u010den\u00ed -\" \/>\n<meta property=\"og:description\" content=\"Kotven\u00ed zateplovac\u00edch syst\u00e9m\u016f do t\u011b\u017ek\u00fdch obvodov\u00fdch pl\u00e1\u0161\u0165\u016f se st\u00e1vaj\u00edc\u00edm zateplovac\u00edm syst\u00e9mem (ETICS), tlou\u0161\u0165ky max. 90 mm. Nepou\u017e\u00edvat pro kotven\u00ed fas\u00e1dn\u00edch tepeln\u011b izola\u010dn\u00edch desek z extrudovan\u00e9ho polystyrenu (Austrotherm XPS Top P) nebo miner\u00e1ln\u00edch fas\u00e1dn\u00edch desek Pr\u016fm\u011br vrtan\u00e9ho otvoru je 8 mm. S p\u0159\u00edklepem vrtat pouze do pln\u00fdch materi\u00e1l\u016f! Hloubka vrtan\u00e9ho otvor o cca 10-15 mm hlub\u0161\u00ed [&hellip;]\" \/>\n<meta property=\"og:url\" content=\"https:\/\/www.koupelnapro.com\/index.php\/produkt\/baumit-startrack-duplex-bez-sroubu-vyprodej-expresni-doruceni-9716\/\" \/>\n<meta property=\"og:image\" content=\"https:\/\/www.koupelnapro.com\/wp-content\/uploads\/2026\/SK0003204-CZ20260425-091813-0-1777079894-gall_53d3692b-102e-4ab9-9fa3-abee9fd8c8c843685-105610z-dupl.webp\" \/>\n\t<meta property=\"og:image:width\" content=\"414\" \/>\n\t<meta property=\"og:image:height\" content=\"420\" \/>\n\t<meta property=\"og:image:type\" content=\"image\/webp\" \/>\n<meta name=\"twitter:card\" content=\"summary_large_image\" \/>\n<script type=\"application\/ld+json\" class=\"yoast-schema-graph\">{\"@context\":\"https:\/\/schema.org\",\"@graph\":[{\"@type\":\"WebPage\",\"@id\":\"https:\/\/www.koupelnapro.com\/index.php\/produkt\/baumit-startrack-duplex-bez-sroubu-vyprodej-expresni-doruceni-9716\/\",\"url\":\"https:\/\/www.koupelnapro.com\/index.php\/produkt\/baumit-startrack-duplex-bez-sroubu-vyprodej-expresni-doruceni-9716\/\",\"name\":\"Baumit StarTrack Duplex - bez \u0161roubu - V\u00ddPRODEJ Expresn\u00ed Doru\u010den\u00ed -\",\"isPartOf\":{\"@id\":\"https:\/\/www.koupelnapro.com\/#website\"},\"primaryImageOfPage\":{\"@id\":\"https:\/\/www.koupelnapro.com\/index.php\/produkt\/baumit-startrack-duplex-bez-sroubu-vyprodej-expresni-doruceni-9716\/#primaryimage\"},\"image\":{\"@id\":\"https:\/\/www.koupelnapro.com\/index.php\/produkt\/baumit-startrack-duplex-bez-sroubu-vyprodej-expresni-doruceni-9716\/#primaryimage\"},\"thumbnailUrl\":\"https:\/\/www.koupelnapro.com\/wp-content\/uploads\/2026\/SK0003204-CZ20260425-091813-0-1777079894-gall_53d3692b-102e-4ab9-9fa3-abee9fd8c8c843685-105610z-dupl.webp\",\"datePublished\":\"2026-04-26T09:13:27+00:00\",\"breadcrumb\":{\"@id\":\"https:\/\/www.koupelnapro.com\/index.php\/produkt\/baumit-startrack-duplex-bez-sroubu-vyprodej-expresni-doruceni-9716\/#breadcrumb\"},\"inLanguage\":\"cs\",\"potentialAction\":[{\"@type\":\"ReadAction\",\"target\":[\"https:\/\/www.koupelnapro.com\/index.php\/produkt\/baumit-startrack-duplex-bez-sroubu-vyprodej-expresni-doruceni-9716\/\"]}]},{\"@type\":\"ImageObject\",\"inLanguage\":\"cs\",\"@id\":\"https:\/\/www.koupelnapro.com\/index.php\/produkt\/baumit-startrack-duplex-bez-sroubu-vyprodej-expresni-doruceni-9716\/#primaryimage\",\"url\":\"https:\/\/www.koupelnapro.com\/wp-content\/uploads\/2026\/SK0003204-CZ20260425-091813-0-1777079894-gall_53d3692b-102e-4ab9-9fa3-abee9fd8c8c843685-105610z-dupl.webp\",\"contentUrl\":\"https:\/\/www.koupelnapro.com\/wp-content\/uploads\/2026\/SK0003204-CZ20260425-091813-0-1777079894-gall_53d3692b-102e-4ab9-9fa3-abee9fd8c8c843685-105610z-dupl.webp\",\"width\":414,\"height\":420},{\"@type\":\"BreadcrumbList\",\"@id\":\"https:\/\/www.koupelnapro.com\/index.php\/produkt\/baumit-startrack-duplex-bez-sroubu-vyprodej-expresni-doruceni-9716\/#breadcrumb\",\"itemListElement\":[{\"@type\":\"ListItem\",\"position\":1,\"name\":\"Home\",\"item\":\"https:\/\/www.koupelnapro.com\/\"},{\"@type\":\"ListItem\",\"position\":2,\"name\":\"Products\",\"item\":\"https:\/\/www.koupelnapro.com\/index.php\/products\/\"},{\"@type\":\"ListItem\",\"position\":3,\"name\":\"Baumit StarTrack Duplex &#8211; bez \u0161roubu &#8211; V\u00ddPRODEJ Expresn\u00ed Doru\u010den\u00ed\"}]},{\"@type\":\"WebSite\",\"@id\":\"https:\/\/www.koupelnapro.com\/#website\",\"url\":\"https:\/\/www.koupelnapro.com\/\",\"name\":\"\",\"description\":\"\",\"potentialAction\":[{\"@type\":\"SearchAction\",\"target\":{\"@type\":\"EntryPoint\",\"urlTemplate\":\"https:\/\/www.koupelnapro.com\/?s={search_term_string}\"},\"query-input\":{\"@type\":\"PropertyValueSpecification\",\"valueRequired\":true,\"valueName\":\"search_term_string\"}}],\"inLanguage\":\"cs\"}]}<\/script>\n<!-- \/ Yoast SEO plugin. -->","yoast_head_json":{"title":"Baumit StarTrack Duplex - bez \u0161roubu - V\u00ddPRODEJ Expresn\u00ed Doru\u010den\u00ed -","robots":{"index":"index","follow":"follow","max-snippet":"max-snippet:-1","max-image-preview":"max-image-preview:large","max-video-preview":"max-video-preview:-1"},"canonical":"https:\/\/www.koupelnapro.com\/index.php\/produkt\/baumit-startrack-duplex-bez-sroubu-vyprodej-expresni-doruceni-9716\/","og_locale":"cs_CZ","og_type":"article","og_title":"Baumit StarTrack Duplex - bez \u0161roubu - V\u00ddPRODEJ Expresn\u00ed Doru\u010den\u00ed -","og_description":"Kotven\u00ed zateplovac\u00edch syst\u00e9m\u016f do t\u011b\u017ek\u00fdch obvodov\u00fdch pl\u00e1\u0161\u0165\u016f se st\u00e1vaj\u00edc\u00edm zateplovac\u00edm syst\u00e9mem (ETICS), tlou\u0161\u0165ky max. 90 mm. Nepou\u017e\u00edvat pro kotven\u00ed fas\u00e1dn\u00edch tepeln\u011b izola\u010dn\u00edch desek z extrudovan\u00e9ho polystyrenu (Austrotherm XPS Top P) nebo miner\u00e1ln\u00edch fas\u00e1dn\u00edch desek Pr\u016fm\u011br vrtan\u00e9ho otvoru je 8 mm. S p\u0159\u00edklepem vrtat pouze do pln\u00fdch materi\u00e1l\u016f! Hloubka vrtan\u00e9ho otvor o cca 10-15 mm hlub\u0161\u00ed [&hellip;]","og_url":"https:\/\/www.koupelnapro.com\/index.php\/produkt\/baumit-startrack-duplex-bez-sroubu-vyprodej-expresni-doruceni-9716\/","og_image":[{"width":414,"height":420,"url":"https:\/\/www.koupelnapro.com\/wp-content\/uploads\/2026\/SK0003204-CZ20260425-091813-0-1777079894-gall_53d3692b-102e-4ab9-9fa3-abee9fd8c8c843685-105610z-dupl.webp","type":"image\/webp"}],"twitter_card":"summary_large_image","schema":{"@context":"https:\/\/schema.org","@graph":[{"@type":"WebPage","@id":"https:\/\/www.koupelnapro.com\/index.php\/produkt\/baumit-startrack-duplex-bez-sroubu-vyprodej-expresni-doruceni-9716\/","url":"https:\/\/www.koupelnapro.com\/index.php\/produkt\/baumit-startrack-duplex-bez-sroubu-vyprodej-expresni-doruceni-9716\/","name":"Baumit StarTrack Duplex - bez \u0161roubu - V\u00ddPRODEJ Expresn\u00ed Doru\u010den\u00ed -","isPartOf":{"@id":"https:\/\/www.koupelnapro.com\/#website"},"primaryImageOfPage":{"@id":"https:\/\/www.koupelnapro.com\/index.php\/produkt\/baumit-startrack-duplex-bez-sroubu-vyprodej-expresni-doruceni-9716\/#primaryimage"},"image":{"@id":"https:\/\/www.koupelnapro.com\/index.php\/produkt\/baumit-startrack-duplex-bez-sroubu-vyprodej-expresni-doruceni-9716\/#primaryimage"},"thumbnailUrl":"https:\/\/www.koupelnapro.com\/wp-content\/uploads\/2026\/SK0003204-CZ20260425-091813-0-1777079894-gall_53d3692b-102e-4ab9-9fa3-abee9fd8c8c843685-105610z-dupl.webp","datePublished":"2026-04-26T09:13:27+00:00","breadcrumb":{"@id":"https:\/\/www.koupelnapro.com\/index.php\/produkt\/baumit-startrack-duplex-bez-sroubu-vyprodej-expresni-doruceni-9716\/#breadcrumb"},"inLanguage":"cs","potentialAction":[{"@type":"ReadAction","target":["https:\/\/www.koupelnapro.com\/index.php\/produkt\/baumit-startrack-duplex-bez-sroubu-vyprodej-expresni-doruceni-9716\/"]}]},{"@type":"ImageObject","inLanguage":"cs","@id":"https:\/\/www.koupelnapro.com\/index.php\/produkt\/baumit-startrack-duplex-bez-sroubu-vyprodej-expresni-doruceni-9716\/#primaryimage","url":"https:\/\/www.koupelnapro.com\/wp-content\/uploads\/2026\/SK0003204-CZ20260425-091813-0-1777079894-gall_53d3692b-102e-4ab9-9fa3-abee9fd8c8c843685-105610z-dupl.webp","contentUrl":"https:\/\/www.koupelnapro.com\/wp-content\/uploads\/2026\/SK0003204-CZ20260425-091813-0-1777079894-gall_53d3692b-102e-4ab9-9fa3-abee9fd8c8c843685-105610z-dupl.webp","width":414,"height":420},{"@type":"BreadcrumbList","@id":"https:\/\/www.koupelnapro.com\/index.php\/produkt\/baumit-startrack-duplex-bez-sroubu-vyprodej-expresni-doruceni-9716\/#breadcrumb","itemListElement":[{"@type":"ListItem","position":1,"name":"Home","item":"https:\/\/www.koupelnapro.com\/"},{"@type":"ListItem","position":2,"name":"Products","item":"https:\/\/www.koupelnapro.com\/index.php\/products\/"},{"@type":"ListItem","position":3,"name":"Baumit StarTrack Duplex &#8211; bez \u0161roubu &#8211; V\u00ddPRODEJ Expresn\u00ed Doru\u010den\u00ed"}]},{"@type":"WebSite","@id":"https:\/\/www.koupelnapro.com\/#website","url":"https:\/\/www.koupelnapro.com\/","name":"","description":"","potentialAction":[{"@type":"SearchAction","target":{"@type":"EntryPoint","urlTemplate":"https:\/\/www.koupelnapro.com\/?s={search_term_string}"},"query-input":{"@type":"PropertyValueSpecification","valueRequired":true,"valueName":"search_term_string"}}],"inLanguage":"cs"}]}},"_links":{"self":[{"href":"https:\/\/www.koupelnapro.com\/index.php\/wp-json\/wp\/v2\/product\/9716","targetHints":{"allow":["GET"]}}],"collection":[{"href":"https:\/\/www.koupelnapro.com\/index.php\/wp-json\/wp\/v2\/product"}],"about":[{"href":"https:\/\/www.koupelnapro.com\/index.php\/wp-json\/wp\/v2\/types\/product"}],"replies":[{"embeddable":true,"href":"https:\/\/www.koupelnapro.com\/index.php\/wp-json\/wp\/v2\/comments?post=9716"}],"wp:featuredmedia":[{"embeddable":true,"href":"https:\/\/www.koupelnapro.com\/index.php\/wp-json\/wp\/v2\/media\/9816"}],"wp:attachment":[{"href":"https:\/\/www.koupelnapro.com\/index.php\/wp-json\/wp\/v2\/media?parent=9716"}],"wp:term":[{"taxonomy":"product_brand","embeddable":true,"href":"https:\/\/www.koupelnapro.com\/index.php\/wp-json\/wp\/v2\/product_brand?post=9716"},{"taxonomy":"product_cat","embeddable":true,"href":"https:\/\/www.koupelnapro.com\/index.php\/wp-json\/wp\/v2\/product_cat?post=9716"},{"taxonomy":"product_tag","embeddable":true,"href":"https:\/\/www.koupelnapro.com\/index.php\/wp-json\/wp\/v2\/product_tag?post=9716"}],"curies":[{"name":"wp","href":"https:\/\/api.w.org\/{rel}","templated":true}]}}