{"id":9715,"date":"2026-04-26T09:13:27","date_gmt":"2026-04-26T09:13:27","guid":{"rendered":""},"modified":"2026-04-26T09:13:27","modified_gmt":"2026-04-26T09:13:27","slug":"must-have-baumit-startherm-50-x-100-x-10-cm-2-5-m2-bazar-9715","status":"publish","type":"product","link":"https:\/\/www.koupelnapro.com\/index.php\/produkt\/must-have-baumit-startherm-50-x-100-x-10-cm-2-5-m2-bazar-9715\/","title":{"rendered":"Must-Have Baumit StarTherm 50 x 100 x 10 cm 2,5 m2 &#8211; BAZAR"},"content":{"rendered":"<div class=\"tmc_edt\">\n<ul>\n<li><span lang=\"\"><font face=\"Segoe UI\">U star\u00fdch staveb i novostaveb jako tepeln\u00fd izolant v kontaktn\u00edch zateplovac\u00edch syst\u00e9mech Baumit.<\/font><\/span><\/li>\n<li><span lang=\"\"><font face=\"Segoe UI\"><strong>Zaji\u0161t\u011bn<\/strong><span lang=\"EN\"><strong>\u00ed kvality:<\/strong> Pr<\/span>\u016fb\u011b\u017en\u00e1 kontrola podnikov\u00fdmi laborato\u0159emi a st\u00e1tem ur\u010den\u00fdmi zku\u0161ebnami.<\/font><\/span><\/li>\n<li><span lang=\"\"><font face=\"Segoe UI\"><strong>Zpracov\u00e1n\u00ed:<\/strong> P\u0159i zpracov\u00e1n\u00ed je nutn\u00e9 dodr\u017eet Technologick\u00fd p\u0159edpis pro vn\u011bj\u0161\u00ed kompozitn\u00ed tepeln\u011b izola\u010dn\u00ed syst\u00e9my Baumit<\/font><\/span><\/li>\n<\/ul><\/div>\n<\/p><\/div>\n","protected":false},"excerpt":{"rendered":"<p>U star\u00fdch staveb i novostaveb jako tepeln\u00fd izolant v kontaktn\u00edch zateplovac\u00edch syst\u00e9mech Baumit. Zaji\u0161t\u011bn\u00ed kvality: Pr\u016fb\u011b\u017en\u00e1 kontrola podnikov\u00fdmi laborato\u0159emi a st\u00e1tem ur\u010den\u00fdmi zku\u0161ebnami. Zpracov\u00e1n\u00ed: P\u0159i zpracov\u00e1n\u00ed je nutn\u00e9 dodr\u017eet Technologick\u00fd p\u0159edpis pro vn\u011bj\u0161\u00ed kompozitn\u00ed tepeln\u011b izola\u010dn\u00ed syst\u00e9my Baumit<\/p>\n","protected":false},"featured_media":9815,"comment_status":"open","ping_status":"open","template":"","meta":[],"product_brand":[],"product_cat":[66],"product_tag":[],"class_list":{"0":"post-9715","1":"product","2":"type-product","3":"status-publish","4":"has-post-thumbnail","6":"product_cat-akce","8":"first","9":"instock","10":"sale","11":"shipping-taxable","12":"purchasable","13":"product-type-simple"},"yoast_head":"<!-- This site is optimized with the Yoast SEO plugin v26.8 - https:\/\/yoast.com\/product\/yoast-seo-wordpress\/ -->\n<title>Must-Have Baumit StarTherm 50 x 100 x 10 cm 2,5 m2 - BAZAR -<\/title>\n<meta name=\"robots\" content=\"index, follow, max-snippet:-1, max-image-preview:large, max-video-preview:-1\" \/>\n<link rel=\"canonical\" href=\"https:\/\/www.koupelnapro.com\/index.php\/produkt\/must-have-baumit-startherm-50-x-100-x-10-cm-2-5-m2-bazar-9715\/\" \/>\n<meta property=\"og:locale\" content=\"cs_CZ\" \/>\n<meta property=\"og:type\" content=\"article\" \/>\n<meta property=\"og:title\" content=\"Must-Have Baumit StarTherm 50 x 100 x 10 cm 2,5 m2 - BAZAR -\" \/>\n<meta property=\"og:description\" content=\"U star\u00fdch staveb i novostaveb jako tepeln\u00fd izolant v kontaktn\u00edch zateplovac\u00edch syst\u00e9mech Baumit. Zaji\u0161t\u011bn\u00ed kvality: Pr\u016fb\u011b\u017en\u00e1 kontrola podnikov\u00fdmi laborato\u0159emi a st\u00e1tem ur\u010den\u00fdmi zku\u0161ebnami. Zpracov\u00e1n\u00ed: P\u0159i zpracov\u00e1n\u00ed je nutn\u00e9 dodr\u017eet Technologick\u00fd p\u0159edpis pro vn\u011bj\u0161\u00ed kompozitn\u00ed tepeln\u011b izola\u010dn\u00ed syst\u00e9my Baumit\" \/>\n<meta property=\"og:url\" content=\"https:\/\/www.koupelnapro.com\/index.php\/produkt\/must-have-baumit-startherm-50-x-100-x-10-cm-2-5-m2-bazar-9715\/\" \/>\n<meta property=\"og:image\" content=\"https:\/\/www.koupelnapro.com\/wp-content\/uploads\/2026\/SK0003203-CZ20260425-091813-0-1777079894-gall_c3590ce9-8395-4092-b71a-b8d02e51633c43319-startherm.jp.webp\" \/>\n\t<meta property=\"og:image:width\" content=\"400\" \/>\n\t<meta property=\"og:image:height\" content=\"359\" \/>\n\t<meta property=\"og:image:type\" content=\"image\/webp\" \/>\n<meta name=\"twitter:card\" content=\"summary_large_image\" \/>\n<script type=\"application\/ld+json\" class=\"yoast-schema-graph\">{\"@context\":\"https:\/\/schema.org\",\"@graph\":[{\"@type\":\"WebPage\",\"@id\":\"https:\/\/www.koupelnapro.com\/index.php\/produkt\/must-have-baumit-startherm-50-x-100-x-10-cm-2-5-m2-bazar-9715\/\",\"url\":\"https:\/\/www.koupelnapro.com\/index.php\/produkt\/must-have-baumit-startherm-50-x-100-x-10-cm-2-5-m2-bazar-9715\/\",\"name\":\"Must-Have Baumit StarTherm 50 x 100 x 10 cm 2,5 m2 - BAZAR -\",\"isPartOf\":{\"@id\":\"https:\/\/www.koupelnapro.com\/#website\"},\"primaryImageOfPage\":{\"@id\":\"https:\/\/www.koupelnapro.com\/index.php\/produkt\/must-have-baumit-startherm-50-x-100-x-10-cm-2-5-m2-bazar-9715\/#primaryimage\"},\"image\":{\"@id\":\"https:\/\/www.koupelnapro.com\/index.php\/produkt\/must-have-baumit-startherm-50-x-100-x-10-cm-2-5-m2-bazar-9715\/#primaryimage\"},\"thumbnailUrl\":\"https:\/\/www.koupelnapro.com\/wp-content\/uploads\/2026\/SK0003203-CZ20260425-091813-0-1777079894-gall_c3590ce9-8395-4092-b71a-b8d02e51633c43319-startherm.jp.webp\",\"datePublished\":\"2026-04-26T09:13:27+00:00\",\"breadcrumb\":{\"@id\":\"https:\/\/www.koupelnapro.com\/index.php\/produkt\/must-have-baumit-startherm-50-x-100-x-10-cm-2-5-m2-bazar-9715\/#breadcrumb\"},\"inLanguage\":\"cs\",\"potentialAction\":[{\"@type\":\"ReadAction\",\"target\":[\"https:\/\/www.koupelnapro.com\/index.php\/produkt\/must-have-baumit-startherm-50-x-100-x-10-cm-2-5-m2-bazar-9715\/\"]}]},{\"@type\":\"ImageObject\",\"inLanguage\":\"cs\",\"@id\":\"https:\/\/www.koupelnapro.com\/index.php\/produkt\/must-have-baumit-startherm-50-x-100-x-10-cm-2-5-m2-bazar-9715\/#primaryimage\",\"url\":\"https:\/\/www.koupelnapro.com\/wp-content\/uploads\/2026\/SK0003203-CZ20260425-091813-0-1777079894-gall_c3590ce9-8395-4092-b71a-b8d02e51633c43319-startherm.jp.webp\",\"contentUrl\":\"https:\/\/www.koupelnapro.com\/wp-content\/uploads\/2026\/SK0003203-CZ20260425-091813-0-1777079894-gall_c3590ce9-8395-4092-b71a-b8d02e51633c43319-startherm.jp.webp\",\"width\":400,\"height\":359},{\"@type\":\"BreadcrumbList\",\"@id\":\"https:\/\/www.koupelnapro.com\/index.php\/produkt\/must-have-baumit-startherm-50-x-100-x-10-cm-2-5-m2-bazar-9715\/#breadcrumb\",\"itemListElement\":[{\"@type\":\"ListItem\",\"position\":1,\"name\":\"Home\",\"item\":\"https:\/\/www.koupelnapro.com\/\"},{\"@type\":\"ListItem\",\"position\":2,\"name\":\"Products\",\"item\":\"https:\/\/www.koupelnapro.com\/index.php\/products\/\"},{\"@type\":\"ListItem\",\"position\":3,\"name\":\"Must-Have Baumit StarTherm 50 x 100 x 10 cm 2,5 m2 &#8211; BAZAR\"}]},{\"@type\":\"WebSite\",\"@id\":\"https:\/\/www.koupelnapro.com\/#website\",\"url\":\"https:\/\/www.koupelnapro.com\/\",\"name\":\"\",\"description\":\"\",\"potentialAction\":[{\"@type\":\"SearchAction\",\"target\":{\"@type\":\"EntryPoint\",\"urlTemplate\":\"https:\/\/www.koupelnapro.com\/?s={search_term_string}\"},\"query-input\":{\"@type\":\"PropertyValueSpecification\",\"valueRequired\":true,\"valueName\":\"search_term_string\"}}],\"inLanguage\":\"cs\"}]}<\/script>\n<!-- \/ Yoast SEO plugin. -->","yoast_head_json":{"title":"Must-Have Baumit StarTherm 50 x 100 x 10 cm 2,5 m2 - BAZAR -","robots":{"index":"index","follow":"follow","max-snippet":"max-snippet:-1","max-image-preview":"max-image-preview:large","max-video-preview":"max-video-preview:-1"},"canonical":"https:\/\/www.koupelnapro.com\/index.php\/produkt\/must-have-baumit-startherm-50-x-100-x-10-cm-2-5-m2-bazar-9715\/","og_locale":"cs_CZ","og_type":"article","og_title":"Must-Have Baumit StarTherm 50 x 100 x 10 cm 2,5 m2 - BAZAR -","og_description":"U star\u00fdch staveb i novostaveb jako tepeln\u00fd izolant v kontaktn\u00edch zateplovac\u00edch syst\u00e9mech Baumit. Zaji\u0161t\u011bn\u00ed kvality: Pr\u016fb\u011b\u017en\u00e1 kontrola podnikov\u00fdmi laborato\u0159emi a st\u00e1tem ur\u010den\u00fdmi zku\u0161ebnami. Zpracov\u00e1n\u00ed: P\u0159i zpracov\u00e1n\u00ed je nutn\u00e9 dodr\u017eet Technologick\u00fd p\u0159edpis pro vn\u011bj\u0161\u00ed kompozitn\u00ed tepeln\u011b izola\u010dn\u00ed syst\u00e9my Baumit","og_url":"https:\/\/www.koupelnapro.com\/index.php\/produkt\/must-have-baumit-startherm-50-x-100-x-10-cm-2-5-m2-bazar-9715\/","og_image":[{"width":400,"height":359,"url":"https:\/\/www.koupelnapro.com\/wp-content\/uploads\/2026\/SK0003203-CZ20260425-091813-0-1777079894-gall_c3590ce9-8395-4092-b71a-b8d02e51633c43319-startherm.jp.webp","type":"image\/webp"}],"twitter_card":"summary_large_image","schema":{"@context":"https:\/\/schema.org","@graph":[{"@type":"WebPage","@id":"https:\/\/www.koupelnapro.com\/index.php\/produkt\/must-have-baumit-startherm-50-x-100-x-10-cm-2-5-m2-bazar-9715\/","url":"https:\/\/www.koupelnapro.com\/index.php\/produkt\/must-have-baumit-startherm-50-x-100-x-10-cm-2-5-m2-bazar-9715\/","name":"Must-Have Baumit StarTherm 50 x 100 x 10 cm 2,5 m2 - BAZAR -","isPartOf":{"@id":"https:\/\/www.koupelnapro.com\/#website"},"primaryImageOfPage":{"@id":"https:\/\/www.koupelnapro.com\/index.php\/produkt\/must-have-baumit-startherm-50-x-100-x-10-cm-2-5-m2-bazar-9715\/#primaryimage"},"image":{"@id":"https:\/\/www.koupelnapro.com\/index.php\/produkt\/must-have-baumit-startherm-50-x-100-x-10-cm-2-5-m2-bazar-9715\/#primaryimage"},"thumbnailUrl":"https:\/\/www.koupelnapro.com\/wp-content\/uploads\/2026\/SK0003203-CZ20260425-091813-0-1777079894-gall_c3590ce9-8395-4092-b71a-b8d02e51633c43319-startherm.jp.webp","datePublished":"2026-04-26T09:13:27+00:00","breadcrumb":{"@id":"https:\/\/www.koupelnapro.com\/index.php\/produkt\/must-have-baumit-startherm-50-x-100-x-10-cm-2-5-m2-bazar-9715\/#breadcrumb"},"inLanguage":"cs","potentialAction":[{"@type":"ReadAction","target":["https:\/\/www.koupelnapro.com\/index.php\/produkt\/must-have-baumit-startherm-50-x-100-x-10-cm-2-5-m2-bazar-9715\/"]}]},{"@type":"ImageObject","inLanguage":"cs","@id":"https:\/\/www.koupelnapro.com\/index.php\/produkt\/must-have-baumit-startherm-50-x-100-x-10-cm-2-5-m2-bazar-9715\/#primaryimage","url":"https:\/\/www.koupelnapro.com\/wp-content\/uploads\/2026\/SK0003203-CZ20260425-091813-0-1777079894-gall_c3590ce9-8395-4092-b71a-b8d02e51633c43319-startherm.jp.webp","contentUrl":"https:\/\/www.koupelnapro.com\/wp-content\/uploads\/2026\/SK0003203-CZ20260425-091813-0-1777079894-gall_c3590ce9-8395-4092-b71a-b8d02e51633c43319-startherm.jp.webp","width":400,"height":359},{"@type":"BreadcrumbList","@id":"https:\/\/www.koupelnapro.com\/index.php\/produkt\/must-have-baumit-startherm-50-x-100-x-10-cm-2-5-m2-bazar-9715\/#breadcrumb","itemListElement":[{"@type":"ListItem","position":1,"name":"Home","item":"https:\/\/www.koupelnapro.com\/"},{"@type":"ListItem","position":2,"name":"Products","item":"https:\/\/www.koupelnapro.com\/index.php\/products\/"},{"@type":"ListItem","position":3,"name":"Must-Have Baumit StarTherm 50 x 100 x 10 cm 2,5 m2 &#8211; BAZAR"}]},{"@type":"WebSite","@id":"https:\/\/www.koupelnapro.com\/#website","url":"https:\/\/www.koupelnapro.com\/","name":"","description":"","potentialAction":[{"@type":"SearchAction","target":{"@type":"EntryPoint","urlTemplate":"https:\/\/www.koupelnapro.com\/?s={search_term_string}"},"query-input":{"@type":"PropertyValueSpecification","valueRequired":true,"valueName":"search_term_string"}}],"inLanguage":"cs"}]}},"_links":{"self":[{"href":"https:\/\/www.koupelnapro.com\/index.php\/wp-json\/wp\/v2\/product\/9715","targetHints":{"allow":["GET"]}}],"collection":[{"href":"https:\/\/www.koupelnapro.com\/index.php\/wp-json\/wp\/v2\/product"}],"about":[{"href":"https:\/\/www.koupelnapro.com\/index.php\/wp-json\/wp\/v2\/types\/product"}],"replies":[{"embeddable":true,"href":"https:\/\/www.koupelnapro.com\/index.php\/wp-json\/wp\/v2\/comments?post=9715"}],"wp:featuredmedia":[{"embeddable":true,"href":"https:\/\/www.koupelnapro.com\/index.php\/wp-json\/wp\/v2\/media\/9815"}],"wp:attachment":[{"href":"https:\/\/www.koupelnapro.com\/index.php\/wp-json\/wp\/v2\/media?parent=9715"}],"wp:term":[{"taxonomy":"product_brand","embeddable":true,"href":"https:\/\/www.koupelnapro.com\/index.php\/wp-json\/wp\/v2\/product_brand?post=9715"},{"taxonomy":"product_cat","embeddable":true,"href":"https:\/\/www.koupelnapro.com\/index.php\/wp-json\/wp\/v2\/product_cat?post=9715"},{"taxonomy":"product_tag","embeddable":true,"href":"https:\/\/www.koupelnapro.com\/index.php\/wp-json\/wp\/v2\/product_tag?post=9715"}],"curies":[{"name":"wp","href":"https:\/\/api.w.org\/{rel}","templated":true}]}}