{"id":9711,"date":"2026-04-26T09:13:27","date_gmt":"2026-04-26T09:13:27","guid":{"rendered":""},"modified":"2026-04-26T09:13:27","modified_gmt":"2026-04-26T09:13:27","slug":"liapor-tvarnice-r-400x100x200-pohledove-sede-primo-od-vyrobce-9711","status":"publish","type":"product","link":"https:\/\/www.koupelnapro.com\/index.php\/produkt\/liapor-tvarnice-r-400x100x200-pohledove-sede-primo-od-vyrobce-9711\/","title":{"rendered":"Liapor tv\u00e1rnice R 400x100x200 pohledov\u00e9 \u0161ed\u00e9 P\u0159\u00edmo Od V\u00fdrobce"},"content":{"rendered":"<div class=\"tmc_edt\">\n<p>Jednodu\u0161e, <strong>bez nutnosti om\u00edt\u00e1n\u00ed<\/strong> lze pohledov\u00fdmi tvarovkami Liapor realizovat nosn\u00e9 i nenosn\u00e9 p\u0159\u00ed\u010dky v chodb\u00e1ch, suter\u00e9nech, sklepech nebo koridorech. D\u00edky dopln\u011bn\u00ed nab\u00eddky o <strong>pohledov\u00e9 p\u0159eklady<\/strong> m\u016f\u017eeme nov\u011b nab\u00eddnout z\u00e1kazn\u00edk\u016fm <strong>ucelen\u00fd syst\u00e9m pohledov\u00e9ho zdiva<\/strong> pro neom\u00edtan\u00e9 st\u011bny.<\/p>\n<p>Tvarovky z lehk\u00e9ho keramick\u00e9ho Liaporbetonu jsou ekologick\u00e9 a zdravotn\u011b nez\u00e1vadn\u00e9. Nev\u0161edn\u00ed povrch m\u00e1 pravidelnou strukturu a st\u00e1lou barevnost.<\/p>\n<p>Vyzna\u010duj\u00ed se tak\u00e9 vynikaj\u00edc\u00edmi technick\u00fdmi vlastnostmi, zejm\u00e9na:<\/p>\n<ul>\n<li>odolnost\u00ed v\u016f\u010di ohni i mrazu,<\/li>\n<li>dlouhou \u017eivotnost\u00ed,<\/li>\n<li>vysokou pevnost\u00ed,<\/li>\n<li>n\u00edzkou objemovou hmotnost\u00ed<\/li>\n<li>a dobrou zvukovou izolac\u00ed.<\/li>\n<\/ul>\n<p>Pro tyto vlastnosti jsou ide\u00e1ln\u00ed pro neom\u00edtan\u00e9, mechanicky \u010di chemicky nam\u00e1han\u00e9 stavby.<\/p>\n<\/p><\/div>\n<\/p><\/div>\n","protected":false},"excerpt":{"rendered":"<p>Jednodu\u0161e, bez nutnosti om\u00edt\u00e1n\u00ed lze pohledov\u00fdmi tvarovkami Liapor realizovat nosn\u00e9 i nenosn\u00e9 p\u0159\u00ed\u010dky v chodb\u00e1ch, suter\u00e9nech, sklepech nebo koridorech. D\u00edky dopln\u011bn\u00ed nab\u00eddky o pohledov\u00e9 p\u0159eklady m\u016f\u017eeme nov\u011b nab\u00eddnout z\u00e1kazn\u00edk\u016fm ucelen\u00fd syst\u00e9m pohledov\u00e9ho zdiva pro neom\u00edtan\u00e9 st\u011bny. Tvarovky z lehk\u00e9ho keramick\u00e9ho Liaporbetonu jsou ekologick\u00e9 a zdravotn\u011b nez\u00e1vadn\u00e9. Nev\u0161edn\u00ed povrch m\u00e1 pravidelnou strukturu a st\u00e1lou barevnost. Vyzna\u010duj\u00ed [&hellip;]<\/p>\n","protected":false},"featured_media":9811,"comment_status":"open","ping_status":"open","template":"","meta":[],"product_brand":[],"product_cat":[63],"product_tag":[],"class_list":{"0":"post-9711","1":"product","2":"type-product","3":"status-publish","4":"has-post-thumbnail","6":"product_cat-hruba-stavba","8":"first","9":"instock","10":"sale","11":"shipping-taxable","12":"purchasable","13":"product-type-simple"},"yoast_head":"<!-- This site is optimized with the Yoast SEO plugin v26.8 - https:\/\/yoast.com\/product\/yoast-seo-wordpress\/ -->\n<title>Liapor tv\u00e1rnice R 400x100x200 pohledov\u00e9 \u0161ed\u00e9 P\u0159\u00edmo Od V\u00fdrobce -<\/title>\n<meta name=\"robots\" content=\"index, follow, max-snippet:-1, max-image-preview:large, max-video-preview:-1\" \/>\n<link rel=\"canonical\" href=\"https:\/\/www.koupelnapro.com\/index.php\/produkt\/liapor-tvarnice-r-400x100x200-pohledove-sede-primo-od-vyrobce-9711\/\" \/>\n<meta property=\"og:locale\" content=\"cs_CZ\" \/>\n<meta property=\"og:type\" content=\"article\" \/>\n<meta property=\"og:title\" content=\"Liapor tv\u00e1rnice R 400x100x200 pohledov\u00e9 \u0161ed\u00e9 P\u0159\u00edmo Od V\u00fdrobce -\" \/>\n<meta property=\"og:description\" content=\"Jednodu\u0161e, bez nutnosti om\u00edt\u00e1n\u00ed lze pohledov\u00fdmi tvarovkami Liapor realizovat nosn\u00e9 i nenosn\u00e9 p\u0159\u00ed\u010dky v chodb\u00e1ch, suter\u00e9nech, sklepech nebo koridorech. D\u00edky dopln\u011bn\u00ed nab\u00eddky o pohledov\u00e9 p\u0159eklady m\u016f\u017eeme nov\u011b nab\u00eddnout z\u00e1kazn\u00edk\u016fm ucelen\u00fd syst\u00e9m pohledov\u00e9ho zdiva pro neom\u00edtan\u00e9 st\u011bny. Tvarovky z lehk\u00e9ho keramick\u00e9ho Liaporbetonu jsou ekologick\u00e9 a zdravotn\u011b nez\u00e1vadn\u00e9. Nev\u0161edn\u00ed povrch m\u00e1 pravidelnou strukturu a st\u00e1lou barevnost. Vyzna\u010duj\u00ed [&hellip;]\" \/>\n<meta property=\"og:url\" content=\"https:\/\/www.koupelnapro.com\/index.php\/produkt\/liapor-tvarnice-r-400x100x200-pohledove-sede-primo-od-vyrobce-9711\/\" \/>\n<meta property=\"og:image\" content=\"https:\/\/www.koupelnapro.com\/wp-content\/uploads\/2026\/SK0003199-CZ20260425-091813-0-1777079894-gall_c50141e3-3f82-4063-9b15-5f94b3568e0f41976-liapor-r-3.j.webp\" \/>\n\t<meta property=\"og:image:width\" content=\"420\" \/>\n\t<meta property=\"og:image:height\" content=\"280\" \/>\n\t<meta property=\"og:image:type\" content=\"image\/webp\" \/>\n<meta name=\"twitter:card\" content=\"summary_large_image\" \/>\n<meta name=\"twitter:label1\" content=\"Odhadovan\u00e1 doba \u010dten\u00ed\" \/>\n\t<meta name=\"twitter:data1\" content=\"1 minuta\" \/>\n<script type=\"application\/ld+json\" class=\"yoast-schema-graph\">{\"@context\":\"https:\/\/schema.org\",\"@graph\":[{\"@type\":\"WebPage\",\"@id\":\"https:\/\/www.koupelnapro.com\/index.php\/produkt\/liapor-tvarnice-r-400x100x200-pohledove-sede-primo-od-vyrobce-9711\/\",\"url\":\"https:\/\/www.koupelnapro.com\/index.php\/produkt\/liapor-tvarnice-r-400x100x200-pohledove-sede-primo-od-vyrobce-9711\/\",\"name\":\"Liapor tv\u00e1rnice R 400x100x200 pohledov\u00e9 \u0161ed\u00e9 P\u0159\u00edmo Od V\u00fdrobce -\",\"isPartOf\":{\"@id\":\"https:\/\/www.koupelnapro.com\/#website\"},\"primaryImageOfPage\":{\"@id\":\"https:\/\/www.koupelnapro.com\/index.php\/produkt\/liapor-tvarnice-r-400x100x200-pohledove-sede-primo-od-vyrobce-9711\/#primaryimage\"},\"image\":{\"@id\":\"https:\/\/www.koupelnapro.com\/index.php\/produkt\/liapor-tvarnice-r-400x100x200-pohledove-sede-primo-od-vyrobce-9711\/#primaryimage\"},\"thumbnailUrl\":\"https:\/\/www.koupelnapro.com\/wp-content\/uploads\/2026\/SK0003199-CZ20260425-091813-0-1777079894-gall_c50141e3-3f82-4063-9b15-5f94b3568e0f41976-liapor-r-3.j.webp\",\"datePublished\":\"2026-04-26T09:13:27+00:00\",\"breadcrumb\":{\"@id\":\"https:\/\/www.koupelnapro.com\/index.php\/produkt\/liapor-tvarnice-r-400x100x200-pohledove-sede-primo-od-vyrobce-9711\/#breadcrumb\"},\"inLanguage\":\"cs\",\"potentialAction\":[{\"@type\":\"ReadAction\",\"target\":[\"https:\/\/www.koupelnapro.com\/index.php\/produkt\/liapor-tvarnice-r-400x100x200-pohledove-sede-primo-od-vyrobce-9711\/\"]}]},{\"@type\":\"ImageObject\",\"inLanguage\":\"cs\",\"@id\":\"https:\/\/www.koupelnapro.com\/index.php\/produkt\/liapor-tvarnice-r-400x100x200-pohledove-sede-primo-od-vyrobce-9711\/#primaryimage\",\"url\":\"https:\/\/www.koupelnapro.com\/wp-content\/uploads\/2026\/SK0003199-CZ20260425-091813-0-1777079894-gall_c50141e3-3f82-4063-9b15-5f94b3568e0f41976-liapor-r-3.j.webp\",\"contentUrl\":\"https:\/\/www.koupelnapro.com\/wp-content\/uploads\/2026\/SK0003199-CZ20260425-091813-0-1777079894-gall_c50141e3-3f82-4063-9b15-5f94b3568e0f41976-liapor-r-3.j.webp\",\"width\":420,\"height\":280},{\"@type\":\"BreadcrumbList\",\"@id\":\"https:\/\/www.koupelnapro.com\/index.php\/produkt\/liapor-tvarnice-r-400x100x200-pohledove-sede-primo-od-vyrobce-9711\/#breadcrumb\",\"itemListElement\":[{\"@type\":\"ListItem\",\"position\":1,\"name\":\"Home\",\"item\":\"https:\/\/www.koupelnapro.com\/\"},{\"@type\":\"ListItem\",\"position\":2,\"name\":\"Products\",\"item\":\"https:\/\/www.koupelnapro.com\/index.php\/products\/\"},{\"@type\":\"ListItem\",\"position\":3,\"name\":\"Liapor tv\u00e1rnice R 400x100x200 pohledov\u00e9 \u0161ed\u00e9 P\u0159\u00edmo Od V\u00fdrobce\"}]},{\"@type\":\"WebSite\",\"@id\":\"https:\/\/www.koupelnapro.com\/#website\",\"url\":\"https:\/\/www.koupelnapro.com\/\",\"name\":\"\",\"description\":\"\",\"potentialAction\":[{\"@type\":\"SearchAction\",\"target\":{\"@type\":\"EntryPoint\",\"urlTemplate\":\"https:\/\/www.koupelnapro.com\/?s={search_term_string}\"},\"query-input\":{\"@type\":\"PropertyValueSpecification\",\"valueRequired\":true,\"valueName\":\"search_term_string\"}}],\"inLanguage\":\"cs\"}]}<\/script>\n<!-- \/ Yoast SEO plugin. -->","yoast_head_json":{"title":"Liapor tv\u00e1rnice R 400x100x200 pohledov\u00e9 \u0161ed\u00e9 P\u0159\u00edmo Od V\u00fdrobce -","robots":{"index":"index","follow":"follow","max-snippet":"max-snippet:-1","max-image-preview":"max-image-preview:large","max-video-preview":"max-video-preview:-1"},"canonical":"https:\/\/www.koupelnapro.com\/index.php\/produkt\/liapor-tvarnice-r-400x100x200-pohledove-sede-primo-od-vyrobce-9711\/","og_locale":"cs_CZ","og_type":"article","og_title":"Liapor tv\u00e1rnice R 400x100x200 pohledov\u00e9 \u0161ed\u00e9 P\u0159\u00edmo Od V\u00fdrobce -","og_description":"Jednodu\u0161e, bez nutnosti om\u00edt\u00e1n\u00ed lze pohledov\u00fdmi tvarovkami Liapor realizovat nosn\u00e9 i nenosn\u00e9 p\u0159\u00ed\u010dky v chodb\u00e1ch, suter\u00e9nech, sklepech nebo koridorech. D\u00edky dopln\u011bn\u00ed nab\u00eddky o pohledov\u00e9 p\u0159eklady m\u016f\u017eeme nov\u011b nab\u00eddnout z\u00e1kazn\u00edk\u016fm ucelen\u00fd syst\u00e9m pohledov\u00e9ho zdiva pro neom\u00edtan\u00e9 st\u011bny. Tvarovky z lehk\u00e9ho keramick\u00e9ho Liaporbetonu jsou ekologick\u00e9 a zdravotn\u011b nez\u00e1vadn\u00e9. Nev\u0161edn\u00ed povrch m\u00e1 pravidelnou strukturu a st\u00e1lou barevnost. Vyzna\u010duj\u00ed [&hellip;]","og_url":"https:\/\/www.koupelnapro.com\/index.php\/produkt\/liapor-tvarnice-r-400x100x200-pohledove-sede-primo-od-vyrobce-9711\/","og_image":[{"width":420,"height":280,"url":"https:\/\/www.koupelnapro.com\/wp-content\/uploads\/2026\/SK0003199-CZ20260425-091813-0-1777079894-gall_c50141e3-3f82-4063-9b15-5f94b3568e0f41976-liapor-r-3.j.webp","type":"image\/webp"}],"twitter_card":"summary_large_image","twitter_misc":{"Odhadovan\u00e1 doba \u010dten\u00ed":"1 minuta"},"schema":{"@context":"https:\/\/schema.org","@graph":[{"@type":"WebPage","@id":"https:\/\/www.koupelnapro.com\/index.php\/produkt\/liapor-tvarnice-r-400x100x200-pohledove-sede-primo-od-vyrobce-9711\/","url":"https:\/\/www.koupelnapro.com\/index.php\/produkt\/liapor-tvarnice-r-400x100x200-pohledove-sede-primo-od-vyrobce-9711\/","name":"Liapor tv\u00e1rnice R 400x100x200 pohledov\u00e9 \u0161ed\u00e9 P\u0159\u00edmo Od V\u00fdrobce -","isPartOf":{"@id":"https:\/\/www.koupelnapro.com\/#website"},"primaryImageOfPage":{"@id":"https:\/\/www.koupelnapro.com\/index.php\/produkt\/liapor-tvarnice-r-400x100x200-pohledove-sede-primo-od-vyrobce-9711\/#primaryimage"},"image":{"@id":"https:\/\/www.koupelnapro.com\/index.php\/produkt\/liapor-tvarnice-r-400x100x200-pohledove-sede-primo-od-vyrobce-9711\/#primaryimage"},"thumbnailUrl":"https:\/\/www.koupelnapro.com\/wp-content\/uploads\/2026\/SK0003199-CZ20260425-091813-0-1777079894-gall_c50141e3-3f82-4063-9b15-5f94b3568e0f41976-liapor-r-3.j.webp","datePublished":"2026-04-26T09:13:27+00:00","breadcrumb":{"@id":"https:\/\/www.koupelnapro.com\/index.php\/produkt\/liapor-tvarnice-r-400x100x200-pohledove-sede-primo-od-vyrobce-9711\/#breadcrumb"},"inLanguage":"cs","potentialAction":[{"@type":"ReadAction","target":["https:\/\/www.koupelnapro.com\/index.php\/produkt\/liapor-tvarnice-r-400x100x200-pohledove-sede-primo-od-vyrobce-9711\/"]}]},{"@type":"ImageObject","inLanguage":"cs","@id":"https:\/\/www.koupelnapro.com\/index.php\/produkt\/liapor-tvarnice-r-400x100x200-pohledove-sede-primo-od-vyrobce-9711\/#primaryimage","url":"https:\/\/www.koupelnapro.com\/wp-content\/uploads\/2026\/SK0003199-CZ20260425-091813-0-1777079894-gall_c50141e3-3f82-4063-9b15-5f94b3568e0f41976-liapor-r-3.j.webp","contentUrl":"https:\/\/www.koupelnapro.com\/wp-content\/uploads\/2026\/SK0003199-CZ20260425-091813-0-1777079894-gall_c50141e3-3f82-4063-9b15-5f94b3568e0f41976-liapor-r-3.j.webp","width":420,"height":280},{"@type":"BreadcrumbList","@id":"https:\/\/www.koupelnapro.com\/index.php\/produkt\/liapor-tvarnice-r-400x100x200-pohledove-sede-primo-od-vyrobce-9711\/#breadcrumb","itemListElement":[{"@type":"ListItem","position":1,"name":"Home","item":"https:\/\/www.koupelnapro.com\/"},{"@type":"ListItem","position":2,"name":"Products","item":"https:\/\/www.koupelnapro.com\/index.php\/products\/"},{"@type":"ListItem","position":3,"name":"Liapor tv\u00e1rnice R 400x100x200 pohledov\u00e9 \u0161ed\u00e9 P\u0159\u00edmo Od V\u00fdrobce"}]},{"@type":"WebSite","@id":"https:\/\/www.koupelnapro.com\/#website","url":"https:\/\/www.koupelnapro.com\/","name":"","description":"","potentialAction":[{"@type":"SearchAction","target":{"@type":"EntryPoint","urlTemplate":"https:\/\/www.koupelnapro.com\/?s={search_term_string}"},"query-input":{"@type":"PropertyValueSpecification","valueRequired":true,"valueName":"search_term_string"}}],"inLanguage":"cs"}]}},"_links":{"self":[{"href":"https:\/\/www.koupelnapro.com\/index.php\/wp-json\/wp\/v2\/product\/9711","targetHints":{"allow":["GET"]}}],"collection":[{"href":"https:\/\/www.koupelnapro.com\/index.php\/wp-json\/wp\/v2\/product"}],"about":[{"href":"https:\/\/www.koupelnapro.com\/index.php\/wp-json\/wp\/v2\/types\/product"}],"replies":[{"embeddable":true,"href":"https:\/\/www.koupelnapro.com\/index.php\/wp-json\/wp\/v2\/comments?post=9711"}],"wp:featuredmedia":[{"embeddable":true,"href":"https:\/\/www.koupelnapro.com\/index.php\/wp-json\/wp\/v2\/media\/9811"}],"wp:attachment":[{"href":"https:\/\/www.koupelnapro.com\/index.php\/wp-json\/wp\/v2\/media?parent=9711"}],"wp:term":[{"taxonomy":"product_brand","embeddable":true,"href":"https:\/\/www.koupelnapro.com\/index.php\/wp-json\/wp\/v2\/product_brand?post=9711"},{"taxonomy":"product_cat","embeddable":true,"href":"https:\/\/www.koupelnapro.com\/index.php\/wp-json\/wp\/v2\/product_cat?post=9711"},{"taxonomy":"product_tag","embeddable":true,"href":"https:\/\/www.koupelnapro.com\/index.php\/wp-json\/wp\/v2\/product_tag?post=9711"}],"curies":[{"name":"wp","href":"https:\/\/api.w.org\/{rel}","templated":true}]}}