{"id":9698,"date":"2026-04-26T09:13:27","date_gmt":"2026-04-26T09:13:27","guid":{"rendered":""},"modified":"2026-04-26T09:13:27","modified_gmt":"2026-04-26T09:13:27","slug":"schodistova-konzola-nerez-x-x-mm-doplnek-1-ks-pal-hit-sezony-9698","status":"publish","type":"product","link":"https:\/\/www.koupelnapro.com\/index.php\/produkt\/schodistova-konzola-nerez-x-x-mm-doplnek-1-ks-pal-hit-sezony-9698\/","title":{"rendered":"Schodi\u0161\u0165ov\u00e1 konzola nerez  x  x  mm dopln\u011bk (1 ks\/pal.) Hit Sez\u00f3ny"},"content":{"rendered":"<div class=\"tmc_edt\">\n<p><font face=\"Segoe UI\">Pro ulo\u017een\u00ed p\u00f3robetonov\u00fdch schodi\u0161\u0165ov\u00fdch stup\u0148\u016f Ytong k nosn\u00e9mu nebo obvodov\u00e9mu zdivu schodi\u0161\u0165ov\u00fdch p\u00f3robetonov\u00fdch st\u011bn v rodinn\u00fdch domech. P\u0159i\u010dem\u017e sv\u011btl\u00e1 \u0161\u00ed\u0159ka schodi\u0161t\u011b sm\u00ed b\u00fdt maxim\u00e1ln\u011b 1 200 mm.<\/font><\/p>\n<ul>\n<li><font face=\"Segoe UI\">Konzoly lze pou\u017e\u00edt pouze pro schodi\u0161t\u011b sv\u011btl\u00e9 \u0161\u00ed\u0159ky max. 1 200 mm. Konzola se krat\u0161\u00ed vodorovnou \u010d\u00e1st\u00ed zaraz\u00ed do st\u011bny do p\u0159esn\u011b vym\u011b\u0159en\u00e9 a p\u0159edem p\u0159ipraven\u00e9 vodorovn\u00e9 dr\u00e1\u017eky. <\/font><\/li>\n<li><font face=\"Segoe UI\">Pro zhotoven\u00ed dr\u00e1\u017eky se nejl\u00e9pe hod\u00ed elektrick\u00e1 \u00fahlov\u00e1 bruska s kotou\u010dem pr\u016fm\u011bru min. 115 mm.<\/font><\/li>\n<li><font face=\"Segoe UI\"><font face=\"Segoe UI\">Pro spr\u00e1vnou fixaci konzoly ve st\u011bn\u011b mus\u00ed b\u00fdt dr\u00e1\u017eka t\u011bsn\u00e1 nebo vypln\u011bn\u00e1 maltou. P\u00f3robetonov\u00e9 prefabrikovan\u00e9 stupn\u011b Ytong SCH se osad\u00ed na del\u0161\u00ed vodorovnou plochu konzoly a po usazen\u00ed se zafixuj\u00ed zespoda proti posunut\u00ed dut\u00fdm h\u0159ebem nebo turbo\u0161roubem \u00f8 6 mm a d\u00e9lky 100 mm. Pro tento \u00fa\u010del jsou v konzole otvory \u00f8 8 mm. Mezera mezi schodi\u0161\u0165ov\u00fdm stupn\u011bm a st\u011bnou mus\u00ed b\u00fdt vypln\u011bna maltou, v\u00fdslovn\u011b se zakazuje vypl\u0148ovat mezeru p\u011bnou. <\/font><\/font><\/li>\n<li><font face=\"Segoe UI\">Pro ulo\u017een\u00ed standardn\u00edho schodi\u0161\u0165ov\u00e9ho stupn\u011b Ytong SCH \u0161\u00ed\u0159ky 300 mm se pou\u017eij\u00ed minim\u00e1ln\u011b 2 konzoly na jednom konci stupn\u011b. Pro schodi\u0161\u0165ov\u00e9 stupn\u011b v\u011bt\u0161\u00edch \u0161\u00ed\u0159ek je nutn\u00e9 po\u010det konzol p\u0159im\u011b\u0159en\u011b zv\u00fd\u0161it minim\u00e1ln\u011b o jednu konzolu tak, aby osov\u00e1 vzd\u00e1lenost mezi konzolami nebyla v\u011bt\u0161\u00ed ne\u017e 300 mm. \u0160\u00ed\u0159kou stupn\u011b se rozum\u00ed p\u016fdorysn\u00fd rozm\u011br stupn\u011b m\u011b\u0159en\u00fd na stran\u011b ulo\u017een\u00e9 na konzoly. <\/font><\/li>\n<li><font face=\"Segoe UI\">V p\u0159\u00edpad\u011b stup\u0148\u016f lichob\u011b\u017en\u00edkov\u00e9ho tvaru je pou\u017eit\u00ed konzol na u\u017e\u0161\u00edm konci zak\u00e1zan\u00e9. Konzoly je mo\u017en\u00e9 pou\u017e\u00edt pouze na vn\u011bj\u0161\u00edm obvod\u011b schodi\u0161t\u011b, a v po\u010dtu minim\u00e1ln\u011b 2 kusy na jeden stupe\u0148. Za spr\u00e1vn\u00e9 pou\u017eit\u00ed schodi\u0161\u0165ov\u00fdch konzol zodpov\u00edd\u00e1 projektant a toto nen\u00ed p\u0159edm\u011btem t\u00e9to technick\u00e9 specifikace.<\/font><\/li>\n<\/ul><\/div>\n<\/p><\/div>\n","protected":false},"excerpt":{"rendered":"<p>Pro ulo\u017een\u00ed p\u00f3robetonov\u00fdch schodi\u0161\u0165ov\u00fdch stup\u0148\u016f Ytong k nosn\u00e9mu nebo obvodov\u00e9mu zdivu schodi\u0161\u0165ov\u00fdch p\u00f3robetonov\u00fdch st\u011bn v rodinn\u00fdch domech. P\u0159i\u010dem\u017e sv\u011btl\u00e1 \u0161\u00ed\u0159ka schodi\u0161t\u011b sm\u00ed b\u00fdt maxim\u00e1ln\u011b 1 200 mm. Konzoly lze pou\u017e\u00edt pouze pro schodi\u0161t\u011b sv\u011btl\u00e9 \u0161\u00ed\u0159ky max. 1 200 mm. Konzola se krat\u0161\u00ed vodorovnou \u010d\u00e1st\u00ed zaraz\u00ed do st\u011bny do p\u0159esn\u011b vym\u011b\u0159en\u00e9 a p\u0159edem p\u0159ipraven\u00e9 vodorovn\u00e9 dr\u00e1\u017eky. [&hellip;]<\/p>\n","protected":false},"featured_media":9798,"comment_status":"open","ping_status":"open","template":"","meta":[],"product_brand":[],"product_cat":[63],"product_tag":[],"class_list":{"0":"post-9698","1":"product","2":"type-product","3":"status-publish","4":"has-post-thumbnail","6":"product_cat-hruba-stavba","8":"first","9":"instock","10":"sale","11":"shipping-taxable","12":"purchasable","13":"product-type-simple"},"yoast_head":"<!-- This site is optimized with the Yoast SEO plugin v26.8 - https:\/\/yoast.com\/product\/yoast-seo-wordpress\/ -->\n<title>Schodi\u0161\u0165ov\u00e1 konzola nerez x x mm dopln\u011bk (1 ks\/pal.) Hit Sez\u00f3ny -<\/title>\n<meta name=\"robots\" content=\"index, follow, max-snippet:-1, max-image-preview:large, max-video-preview:-1\" \/>\n<link rel=\"canonical\" href=\"https:\/\/www.koupelnapro.com\/index.php\/produkt\/schodistova-konzola-nerez-x-x-mm-doplnek-1-ks-pal-hit-sezony-9698\/\" \/>\n<meta property=\"og:locale\" content=\"cs_CZ\" \/>\n<meta property=\"og:type\" content=\"article\" \/>\n<meta property=\"og:title\" content=\"Schodi\u0161\u0165ov\u00e1 konzola nerez x x mm dopln\u011bk (1 ks\/pal.) Hit Sez\u00f3ny -\" \/>\n<meta property=\"og:description\" content=\"Pro ulo\u017een\u00ed p\u00f3robetonov\u00fdch schodi\u0161\u0165ov\u00fdch stup\u0148\u016f Ytong k nosn\u00e9mu nebo obvodov\u00e9mu zdivu schodi\u0161\u0165ov\u00fdch p\u00f3robetonov\u00fdch st\u011bn v rodinn\u00fdch domech. P\u0159i\u010dem\u017e sv\u011btl\u00e1 \u0161\u00ed\u0159ka schodi\u0161t\u011b sm\u00ed b\u00fdt maxim\u00e1ln\u011b 1 200 mm. Konzoly lze pou\u017e\u00edt pouze pro schodi\u0161t\u011b sv\u011btl\u00e9 \u0161\u00ed\u0159ky max. 1 200 mm. Konzola se krat\u0161\u00ed vodorovnou \u010d\u00e1st\u00ed zaraz\u00ed do st\u011bny do p\u0159esn\u011b vym\u011b\u0159en\u00e9 a p\u0159edem p\u0159ipraven\u00e9 vodorovn\u00e9 dr\u00e1\u017eky. [&hellip;]\" \/>\n<meta property=\"og:url\" content=\"https:\/\/www.koupelnapro.com\/index.php\/produkt\/schodistova-konzola-nerez-x-x-mm-doplnek-1-ks-pal-hit-sezony-9698\/\" \/>\n<meta property=\"og:image\" content=\"https:\/\/www.koupelnapro.com\/wp-content\/uploads\/2026\/SK0003186-CZ20260425-091813-0-1777079894-gall_b5e34567-3317-45ec-9f10-ef9b1bbdd1db39862-konzola-big..webp\" \/>\n\t<meta property=\"og:image:width\" content=\"420\" \/>\n\t<meta property=\"og:image:height\" content=\"288\" \/>\n\t<meta property=\"og:image:type\" content=\"image\/webp\" \/>\n<meta name=\"twitter:card\" content=\"summary_large_image\" \/>\n<meta name=\"twitter:label1\" content=\"Odhadovan\u00e1 doba \u010dten\u00ed\" \/>\n\t<meta name=\"twitter:data1\" content=\"2 minuty\" \/>\n<script type=\"application\/ld+json\" class=\"yoast-schema-graph\">{\"@context\":\"https:\/\/schema.org\",\"@graph\":[{\"@type\":\"WebPage\",\"@id\":\"https:\/\/www.koupelnapro.com\/index.php\/produkt\/schodistova-konzola-nerez-x-x-mm-doplnek-1-ks-pal-hit-sezony-9698\/\",\"url\":\"https:\/\/www.koupelnapro.com\/index.php\/produkt\/schodistova-konzola-nerez-x-x-mm-doplnek-1-ks-pal-hit-sezony-9698\/\",\"name\":\"Schodi\u0161\u0165ov\u00e1 konzola nerez x x mm dopln\u011bk (1 ks\/pal.) Hit Sez\u00f3ny -\",\"isPartOf\":{\"@id\":\"https:\/\/www.koupelnapro.com\/#website\"},\"primaryImageOfPage\":{\"@id\":\"https:\/\/www.koupelnapro.com\/index.php\/produkt\/schodistova-konzola-nerez-x-x-mm-doplnek-1-ks-pal-hit-sezony-9698\/#primaryimage\"},\"image\":{\"@id\":\"https:\/\/www.koupelnapro.com\/index.php\/produkt\/schodistova-konzola-nerez-x-x-mm-doplnek-1-ks-pal-hit-sezony-9698\/#primaryimage\"},\"thumbnailUrl\":\"https:\/\/www.koupelnapro.com\/wp-content\/uploads\/2026\/SK0003186-CZ20260425-091813-0-1777079894-gall_b5e34567-3317-45ec-9f10-ef9b1bbdd1db39862-konzola-big..webp\",\"datePublished\":\"2026-04-26T09:13:27+00:00\",\"breadcrumb\":{\"@id\":\"https:\/\/www.koupelnapro.com\/index.php\/produkt\/schodistova-konzola-nerez-x-x-mm-doplnek-1-ks-pal-hit-sezony-9698\/#breadcrumb\"},\"inLanguage\":\"cs\",\"potentialAction\":[{\"@type\":\"ReadAction\",\"target\":[\"https:\/\/www.koupelnapro.com\/index.php\/produkt\/schodistova-konzola-nerez-x-x-mm-doplnek-1-ks-pal-hit-sezony-9698\/\"]}]},{\"@type\":\"ImageObject\",\"inLanguage\":\"cs\",\"@id\":\"https:\/\/www.koupelnapro.com\/index.php\/produkt\/schodistova-konzola-nerez-x-x-mm-doplnek-1-ks-pal-hit-sezony-9698\/#primaryimage\",\"url\":\"https:\/\/www.koupelnapro.com\/wp-content\/uploads\/2026\/SK0003186-CZ20260425-091813-0-1777079894-gall_b5e34567-3317-45ec-9f10-ef9b1bbdd1db39862-konzola-big..webp\",\"contentUrl\":\"https:\/\/www.koupelnapro.com\/wp-content\/uploads\/2026\/SK0003186-CZ20260425-091813-0-1777079894-gall_b5e34567-3317-45ec-9f10-ef9b1bbdd1db39862-konzola-big..webp\",\"width\":420,\"height\":288},{\"@type\":\"BreadcrumbList\",\"@id\":\"https:\/\/www.koupelnapro.com\/index.php\/produkt\/schodistova-konzola-nerez-x-x-mm-doplnek-1-ks-pal-hit-sezony-9698\/#breadcrumb\",\"itemListElement\":[{\"@type\":\"ListItem\",\"position\":1,\"name\":\"Home\",\"item\":\"https:\/\/www.koupelnapro.com\/\"},{\"@type\":\"ListItem\",\"position\":2,\"name\":\"Products\",\"item\":\"https:\/\/www.koupelnapro.com\/index.php\/products\/\"},{\"@type\":\"ListItem\",\"position\":3,\"name\":\"Schodi\u0161\u0165ov\u00e1 konzola nerez x x mm dopln\u011bk (1 ks\/pal.) Hit Sez\u00f3ny\"}]},{\"@type\":\"WebSite\",\"@id\":\"https:\/\/www.koupelnapro.com\/#website\",\"url\":\"https:\/\/www.koupelnapro.com\/\",\"name\":\"\",\"description\":\"\",\"potentialAction\":[{\"@type\":\"SearchAction\",\"target\":{\"@type\":\"EntryPoint\",\"urlTemplate\":\"https:\/\/www.koupelnapro.com\/?s={search_term_string}\"},\"query-input\":{\"@type\":\"PropertyValueSpecification\",\"valueRequired\":true,\"valueName\":\"search_term_string\"}}],\"inLanguage\":\"cs\"}]}<\/script>\n<!-- \/ Yoast SEO plugin. -->","yoast_head_json":{"title":"Schodi\u0161\u0165ov\u00e1 konzola nerez x x mm dopln\u011bk (1 ks\/pal.) Hit Sez\u00f3ny -","robots":{"index":"index","follow":"follow","max-snippet":"max-snippet:-1","max-image-preview":"max-image-preview:large","max-video-preview":"max-video-preview:-1"},"canonical":"https:\/\/www.koupelnapro.com\/index.php\/produkt\/schodistova-konzola-nerez-x-x-mm-doplnek-1-ks-pal-hit-sezony-9698\/","og_locale":"cs_CZ","og_type":"article","og_title":"Schodi\u0161\u0165ov\u00e1 konzola nerez x x mm dopln\u011bk (1 ks\/pal.) Hit Sez\u00f3ny -","og_description":"Pro ulo\u017een\u00ed p\u00f3robetonov\u00fdch schodi\u0161\u0165ov\u00fdch stup\u0148\u016f Ytong k nosn\u00e9mu nebo obvodov\u00e9mu zdivu schodi\u0161\u0165ov\u00fdch p\u00f3robetonov\u00fdch st\u011bn v rodinn\u00fdch domech. P\u0159i\u010dem\u017e sv\u011btl\u00e1 \u0161\u00ed\u0159ka schodi\u0161t\u011b sm\u00ed b\u00fdt maxim\u00e1ln\u011b 1 200 mm. Konzoly lze pou\u017e\u00edt pouze pro schodi\u0161t\u011b sv\u011btl\u00e9 \u0161\u00ed\u0159ky max. 1 200 mm. Konzola se krat\u0161\u00ed vodorovnou \u010d\u00e1st\u00ed zaraz\u00ed do st\u011bny do p\u0159esn\u011b vym\u011b\u0159en\u00e9 a p\u0159edem p\u0159ipraven\u00e9 vodorovn\u00e9 dr\u00e1\u017eky. [&hellip;]","og_url":"https:\/\/www.koupelnapro.com\/index.php\/produkt\/schodistova-konzola-nerez-x-x-mm-doplnek-1-ks-pal-hit-sezony-9698\/","og_image":[{"width":420,"height":288,"url":"https:\/\/www.koupelnapro.com\/wp-content\/uploads\/2026\/SK0003186-CZ20260425-091813-0-1777079894-gall_b5e34567-3317-45ec-9f10-ef9b1bbdd1db39862-konzola-big..webp","type":"image\/webp"}],"twitter_card":"summary_large_image","twitter_misc":{"Odhadovan\u00e1 doba \u010dten\u00ed":"2 minuty"},"schema":{"@context":"https:\/\/schema.org","@graph":[{"@type":"WebPage","@id":"https:\/\/www.koupelnapro.com\/index.php\/produkt\/schodistova-konzola-nerez-x-x-mm-doplnek-1-ks-pal-hit-sezony-9698\/","url":"https:\/\/www.koupelnapro.com\/index.php\/produkt\/schodistova-konzola-nerez-x-x-mm-doplnek-1-ks-pal-hit-sezony-9698\/","name":"Schodi\u0161\u0165ov\u00e1 konzola nerez x x mm dopln\u011bk (1 ks\/pal.) Hit Sez\u00f3ny -","isPartOf":{"@id":"https:\/\/www.koupelnapro.com\/#website"},"primaryImageOfPage":{"@id":"https:\/\/www.koupelnapro.com\/index.php\/produkt\/schodistova-konzola-nerez-x-x-mm-doplnek-1-ks-pal-hit-sezony-9698\/#primaryimage"},"image":{"@id":"https:\/\/www.koupelnapro.com\/index.php\/produkt\/schodistova-konzola-nerez-x-x-mm-doplnek-1-ks-pal-hit-sezony-9698\/#primaryimage"},"thumbnailUrl":"https:\/\/www.koupelnapro.com\/wp-content\/uploads\/2026\/SK0003186-CZ20260425-091813-0-1777079894-gall_b5e34567-3317-45ec-9f10-ef9b1bbdd1db39862-konzola-big..webp","datePublished":"2026-04-26T09:13:27+00:00","breadcrumb":{"@id":"https:\/\/www.koupelnapro.com\/index.php\/produkt\/schodistova-konzola-nerez-x-x-mm-doplnek-1-ks-pal-hit-sezony-9698\/#breadcrumb"},"inLanguage":"cs","potentialAction":[{"@type":"ReadAction","target":["https:\/\/www.koupelnapro.com\/index.php\/produkt\/schodistova-konzola-nerez-x-x-mm-doplnek-1-ks-pal-hit-sezony-9698\/"]}]},{"@type":"ImageObject","inLanguage":"cs","@id":"https:\/\/www.koupelnapro.com\/index.php\/produkt\/schodistova-konzola-nerez-x-x-mm-doplnek-1-ks-pal-hit-sezony-9698\/#primaryimage","url":"https:\/\/www.koupelnapro.com\/wp-content\/uploads\/2026\/SK0003186-CZ20260425-091813-0-1777079894-gall_b5e34567-3317-45ec-9f10-ef9b1bbdd1db39862-konzola-big..webp","contentUrl":"https:\/\/www.koupelnapro.com\/wp-content\/uploads\/2026\/SK0003186-CZ20260425-091813-0-1777079894-gall_b5e34567-3317-45ec-9f10-ef9b1bbdd1db39862-konzola-big..webp","width":420,"height":288},{"@type":"BreadcrumbList","@id":"https:\/\/www.koupelnapro.com\/index.php\/produkt\/schodistova-konzola-nerez-x-x-mm-doplnek-1-ks-pal-hit-sezony-9698\/#breadcrumb","itemListElement":[{"@type":"ListItem","position":1,"name":"Home","item":"https:\/\/www.koupelnapro.com\/"},{"@type":"ListItem","position":2,"name":"Products","item":"https:\/\/www.koupelnapro.com\/index.php\/products\/"},{"@type":"ListItem","position":3,"name":"Schodi\u0161\u0165ov\u00e1 konzola nerez x x mm dopln\u011bk (1 ks\/pal.) Hit Sez\u00f3ny"}]},{"@type":"WebSite","@id":"https:\/\/www.koupelnapro.com\/#website","url":"https:\/\/www.koupelnapro.com\/","name":"","description":"","potentialAction":[{"@type":"SearchAction","target":{"@type":"EntryPoint","urlTemplate":"https:\/\/www.koupelnapro.com\/?s={search_term_string}"},"query-input":{"@type":"PropertyValueSpecification","valueRequired":true,"valueName":"search_term_string"}}],"inLanguage":"cs"}]}},"_links":{"self":[{"href":"https:\/\/www.koupelnapro.com\/index.php\/wp-json\/wp\/v2\/product\/9698","targetHints":{"allow":["GET"]}}],"collection":[{"href":"https:\/\/www.koupelnapro.com\/index.php\/wp-json\/wp\/v2\/product"}],"about":[{"href":"https:\/\/www.koupelnapro.com\/index.php\/wp-json\/wp\/v2\/types\/product"}],"replies":[{"embeddable":true,"href":"https:\/\/www.koupelnapro.com\/index.php\/wp-json\/wp\/v2\/comments?post=9698"}],"wp:featuredmedia":[{"embeddable":true,"href":"https:\/\/www.koupelnapro.com\/index.php\/wp-json\/wp\/v2\/media\/9798"}],"wp:attachment":[{"href":"https:\/\/www.koupelnapro.com\/index.php\/wp-json\/wp\/v2\/media?parent=9698"}],"wp:term":[{"taxonomy":"product_brand","embeddable":true,"href":"https:\/\/www.koupelnapro.com\/index.php\/wp-json\/wp\/v2\/product_brand?post=9698"},{"taxonomy":"product_cat","embeddable":true,"href":"https:\/\/www.koupelnapro.com\/index.php\/wp-json\/wp\/v2\/product_cat?post=9698"},{"taxonomy":"product_tag","embeddable":true,"href":"https:\/\/www.koupelnapro.com\/index.php\/wp-json\/wp\/v2\/product_tag?post=9698"}],"curies":[{"name":"wp","href":"https:\/\/api.w.org\/{rel}","templated":true}]}}