{"id":9587,"date":"2026-04-26T09:13:26","date_gmt":"2026-04-26T09:13:26","guid":{"rendered":""},"modified":"2026-04-26T09:13:26","modified_gmt":"2026-04-26T09:13:26","slug":"best-ztracene-bedneni-zb-25-25-50-cm-prirodni-pal-50-ks-autenticky-9587","status":"publish","type":"product","link":"https:\/\/www.koupelnapro.com\/index.php\/produkt\/best-ztracene-bedneni-zb-25-25-50-cm-prirodni-pal-50-ks-autenticky-9587\/","title":{"rendered":"BEST-Ztracen\u00e9 bedn\u011bn\u00ed ZB 25 \/ 25 \/ 50 cm p\u0159\u00edrodn\u00ed (pal. 50 ks) Autentick\u00fd"},"content":{"rendered":"<div class=\"tmc_edt\">\n<ul>\n<li><font face=\"Segoe UI\">Dutinov\u00e9 tvarovky&nbsp;<strong>jsou vhodn\u00e9 pro<\/strong> rychl\u00e9 zhotoven\u00ed nosn\u00e9ho i obvodov\u00e9ho nezateplen\u00e9ho zdiva nadezd\u00edvku z\u00e1kladov\u00fdch pas\u016f a stavby op\u011brn\u00fdch zd\u00ed nebo plot\u016f bez pou\u017eit\u00ed bedn\u011bn\u00ed.<\/font><\/li>\n<li><font face=\"Segoe UI\"><font face=\"Segoe UI\"><strong>Profil tvarovek je uzp\u016fsoben pro vkl\u00e1d\u00e1n\u00ed <\/strong>vodorovn\u00e9ho armov\u00e1n\u00ed a tvar bo\u010dnic prvk\u016f vytv\u00e1\u0159\u00ed z\u00e1mek, kter\u00fd urychluje samotnou realizaci a zjednodu\u0161uje jej\u00ed pracnost (na vrstv\u011b v\u017edy 1 kus p\u0159ipraven na d\u011blen\u00ed)<\/font><\/font><\/li>\n<li><font face=\"Segoe UI\"><strong>Prvky se kladou na vazbu<\/strong>, a to bu\u010f nasucho nebo za pou\u017eit\u00ed maltov\u00e9 sm\u011bsi, a pot\u00e9 se pro zmonolitn\u011bn\u00ed zalij\u00ed betonem, p\u0159\u00edpadn\u011b se konstrukce zpevn\u00ed vodorovn\u00fdm nebo svisl\u00fdm armov\u00e1n\u00edm.<\/font><\/li>\n<\/ul><\/div>\n<\/p><\/div>\n","protected":false},"excerpt":{"rendered":"<p>Dutinov\u00e9 tvarovky&nbsp;jsou vhodn\u00e9 pro rychl\u00e9 zhotoven\u00ed nosn\u00e9ho i obvodov\u00e9ho nezateplen\u00e9ho zdiva nadezd\u00edvku z\u00e1kladov\u00fdch pas\u016f a stavby op\u011brn\u00fdch zd\u00ed nebo plot\u016f bez pou\u017eit\u00ed bedn\u011bn\u00ed. Profil tvarovek je uzp\u016fsoben pro vkl\u00e1d\u00e1n\u00ed vodorovn\u00e9ho armov\u00e1n\u00ed a tvar bo\u010dnic prvk\u016f vytv\u00e1\u0159\u00ed z\u00e1mek, kter\u00fd urychluje samotnou realizaci a zjednodu\u0161uje jej\u00ed pracnost (na vrstv\u011b v\u017edy 1 kus p\u0159ipraven na d\u011blen\u00ed) Prvky se [&hellip;]<\/p>\n","protected":false},"featured_media":9687,"comment_status":"open","ping_status":"open","template":"","meta":[],"product_brand":[],"product_cat":[63],"product_tag":[],"class_list":{"0":"post-9587","1":"product","2":"type-product","3":"status-publish","4":"has-post-thumbnail","6":"product_cat-hruba-stavba","8":"first","9":"instock","10":"sale","11":"shipping-taxable","12":"purchasable","13":"product-type-simple"},"yoast_head":"<!-- This site is optimized with the Yoast SEO plugin v26.8 - https:\/\/yoast.com\/product\/yoast-seo-wordpress\/ -->\n<title>BEST-Ztracen\u00e9 bedn\u011bn\u00ed ZB 25 \/ 25 \/ 50 cm p\u0159\u00edrodn\u00ed (pal. 50 ks) Autentick\u00fd -<\/title>\n<meta name=\"robots\" content=\"index, follow, max-snippet:-1, max-image-preview:large, max-video-preview:-1\" \/>\n<link rel=\"canonical\" href=\"https:\/\/www.koupelnapro.com\/index.php\/produkt\/best-ztracene-bedneni-zb-25-25-50-cm-prirodni-pal-50-ks-autenticky-9587\/\" \/>\n<meta property=\"og:locale\" content=\"cs_CZ\" \/>\n<meta property=\"og:type\" content=\"article\" \/>\n<meta property=\"og:title\" content=\"BEST-Ztracen\u00e9 bedn\u011bn\u00ed ZB 25 \/ 25 \/ 50 cm p\u0159\u00edrodn\u00ed (pal. 50 ks) Autentick\u00fd -\" \/>\n<meta property=\"og:description\" content=\"Dutinov\u00e9 tvarovky&nbsp;jsou vhodn\u00e9 pro rychl\u00e9 zhotoven\u00ed nosn\u00e9ho i obvodov\u00e9ho nezateplen\u00e9ho zdiva nadezd\u00edvku z\u00e1kladov\u00fdch pas\u016f a stavby op\u011brn\u00fdch zd\u00ed nebo plot\u016f bez pou\u017eit\u00ed bedn\u011bn\u00ed. Profil tvarovek je uzp\u016fsoben pro vkl\u00e1d\u00e1n\u00ed vodorovn\u00e9ho armov\u00e1n\u00ed a tvar bo\u010dnic prvk\u016f vytv\u00e1\u0159\u00ed z\u00e1mek, kter\u00fd urychluje samotnou realizaci a zjednodu\u0161uje jej\u00ed pracnost (na vrstv\u011b v\u017edy 1 kus p\u0159ipraven na d\u011blen\u00ed) Prvky se [&hellip;]\" \/>\n<meta property=\"og:url\" content=\"https:\/\/www.koupelnapro.com\/index.php\/produkt\/best-ztracene-bedneni-zb-25-25-50-cm-prirodni-pal-50-ks-autenticky-9587\/\" \/>\n<meta property=\"og:image\" content=\"https:\/\/www.koupelnapro.com\/wp-content\/uploads\/2026\/SK0003175-CZ20260425-091813-0-1777079894-gall_9a039a26-f46a-4440-9fc1-25a2837fcc8039345-best-ztracen.webp\" \/>\n\t<meta property=\"og:image:width\" content=\"420\" \/>\n\t<meta property=\"og:image:height\" content=\"337\" \/>\n\t<meta property=\"og:image:type\" content=\"image\/webp\" \/>\n<meta name=\"twitter:card\" content=\"summary_large_image\" \/>\n<meta name=\"twitter:label1\" content=\"Odhadovan\u00e1 doba \u010dten\u00ed\" \/>\n\t<meta name=\"twitter:data1\" content=\"1 minuta\" \/>\n<script type=\"application\/ld+json\" class=\"yoast-schema-graph\">{\"@context\":\"https:\/\/schema.org\",\"@graph\":[{\"@type\":\"WebPage\",\"@id\":\"https:\/\/www.koupelnapro.com\/index.php\/produkt\/best-ztracene-bedneni-zb-25-25-50-cm-prirodni-pal-50-ks-autenticky-9587\/\",\"url\":\"https:\/\/www.koupelnapro.com\/index.php\/produkt\/best-ztracene-bedneni-zb-25-25-50-cm-prirodni-pal-50-ks-autenticky-9587\/\",\"name\":\"BEST-Ztracen\u00e9 bedn\u011bn\u00ed ZB 25 \/ 25 \/ 50 cm p\u0159\u00edrodn\u00ed (pal. 50 ks) Autentick\u00fd -\",\"isPartOf\":{\"@id\":\"https:\/\/www.koupelnapro.com\/#website\"},\"primaryImageOfPage\":{\"@id\":\"https:\/\/www.koupelnapro.com\/index.php\/produkt\/best-ztracene-bedneni-zb-25-25-50-cm-prirodni-pal-50-ks-autenticky-9587\/#primaryimage\"},\"image\":{\"@id\":\"https:\/\/www.koupelnapro.com\/index.php\/produkt\/best-ztracene-bedneni-zb-25-25-50-cm-prirodni-pal-50-ks-autenticky-9587\/#primaryimage\"},\"thumbnailUrl\":\"https:\/\/www.koupelnapro.com\/wp-content\/uploads\/2026\/SK0003175-CZ20260425-091813-0-1777079894-gall_9a039a26-f46a-4440-9fc1-25a2837fcc8039345-best-ztracen.webp\",\"datePublished\":\"2026-04-26T09:13:26+00:00\",\"breadcrumb\":{\"@id\":\"https:\/\/www.koupelnapro.com\/index.php\/produkt\/best-ztracene-bedneni-zb-25-25-50-cm-prirodni-pal-50-ks-autenticky-9587\/#breadcrumb\"},\"inLanguage\":\"cs\",\"potentialAction\":[{\"@type\":\"ReadAction\",\"target\":[\"https:\/\/www.koupelnapro.com\/index.php\/produkt\/best-ztracene-bedneni-zb-25-25-50-cm-prirodni-pal-50-ks-autenticky-9587\/\"]}]},{\"@type\":\"ImageObject\",\"inLanguage\":\"cs\",\"@id\":\"https:\/\/www.koupelnapro.com\/index.php\/produkt\/best-ztracene-bedneni-zb-25-25-50-cm-prirodni-pal-50-ks-autenticky-9587\/#primaryimage\",\"url\":\"https:\/\/www.koupelnapro.com\/wp-content\/uploads\/2026\/SK0003175-CZ20260425-091813-0-1777079894-gall_9a039a26-f46a-4440-9fc1-25a2837fcc8039345-best-ztracen.webp\",\"contentUrl\":\"https:\/\/www.koupelnapro.com\/wp-content\/uploads\/2026\/SK0003175-CZ20260425-091813-0-1777079894-gall_9a039a26-f46a-4440-9fc1-25a2837fcc8039345-best-ztracen.webp\",\"width\":420,\"height\":337},{\"@type\":\"BreadcrumbList\",\"@id\":\"https:\/\/www.koupelnapro.com\/index.php\/produkt\/best-ztracene-bedneni-zb-25-25-50-cm-prirodni-pal-50-ks-autenticky-9587\/#breadcrumb\",\"itemListElement\":[{\"@type\":\"ListItem\",\"position\":1,\"name\":\"Home\",\"item\":\"https:\/\/www.koupelnapro.com\/\"},{\"@type\":\"ListItem\",\"position\":2,\"name\":\"Products\",\"item\":\"https:\/\/www.koupelnapro.com\/index.php\/products\/\"},{\"@type\":\"ListItem\",\"position\":3,\"name\":\"BEST-Ztracen\u00e9 bedn\u011bn\u00ed ZB 25 \/ 25 \/ 50 cm p\u0159\u00edrodn\u00ed (pal. 50 ks) Autentick\u00fd\"}]},{\"@type\":\"WebSite\",\"@id\":\"https:\/\/www.koupelnapro.com\/#website\",\"url\":\"https:\/\/www.koupelnapro.com\/\",\"name\":\"\",\"description\":\"\",\"potentialAction\":[{\"@type\":\"SearchAction\",\"target\":{\"@type\":\"EntryPoint\",\"urlTemplate\":\"https:\/\/www.koupelnapro.com\/?s={search_term_string}\"},\"query-input\":{\"@type\":\"PropertyValueSpecification\",\"valueRequired\":true,\"valueName\":\"search_term_string\"}}],\"inLanguage\":\"cs\"}]}<\/script>\n<!-- \/ Yoast SEO plugin. -->","yoast_head_json":{"title":"BEST-Ztracen\u00e9 bedn\u011bn\u00ed ZB 25 \/ 25 \/ 50 cm p\u0159\u00edrodn\u00ed (pal. 50 ks) Autentick\u00fd -","robots":{"index":"index","follow":"follow","max-snippet":"max-snippet:-1","max-image-preview":"max-image-preview:large","max-video-preview":"max-video-preview:-1"},"canonical":"https:\/\/www.koupelnapro.com\/index.php\/produkt\/best-ztracene-bedneni-zb-25-25-50-cm-prirodni-pal-50-ks-autenticky-9587\/","og_locale":"cs_CZ","og_type":"article","og_title":"BEST-Ztracen\u00e9 bedn\u011bn\u00ed ZB 25 \/ 25 \/ 50 cm p\u0159\u00edrodn\u00ed (pal. 50 ks) Autentick\u00fd -","og_description":"Dutinov\u00e9 tvarovky&nbsp;jsou vhodn\u00e9 pro rychl\u00e9 zhotoven\u00ed nosn\u00e9ho i obvodov\u00e9ho nezateplen\u00e9ho zdiva nadezd\u00edvku z\u00e1kladov\u00fdch pas\u016f a stavby op\u011brn\u00fdch zd\u00ed nebo plot\u016f bez pou\u017eit\u00ed bedn\u011bn\u00ed. Profil tvarovek je uzp\u016fsoben pro vkl\u00e1d\u00e1n\u00ed vodorovn\u00e9ho armov\u00e1n\u00ed a tvar bo\u010dnic prvk\u016f vytv\u00e1\u0159\u00ed z\u00e1mek, kter\u00fd urychluje samotnou realizaci a zjednodu\u0161uje jej\u00ed pracnost (na vrstv\u011b v\u017edy 1 kus p\u0159ipraven na d\u011blen\u00ed) Prvky se [&hellip;]","og_url":"https:\/\/www.koupelnapro.com\/index.php\/produkt\/best-ztracene-bedneni-zb-25-25-50-cm-prirodni-pal-50-ks-autenticky-9587\/","og_image":[{"width":420,"height":337,"url":"https:\/\/www.koupelnapro.com\/wp-content\/uploads\/2026\/SK0003175-CZ20260425-091813-0-1777079894-gall_9a039a26-f46a-4440-9fc1-25a2837fcc8039345-best-ztracen.webp","type":"image\/webp"}],"twitter_card":"summary_large_image","twitter_misc":{"Odhadovan\u00e1 doba \u010dten\u00ed":"1 minuta"},"schema":{"@context":"https:\/\/schema.org","@graph":[{"@type":"WebPage","@id":"https:\/\/www.koupelnapro.com\/index.php\/produkt\/best-ztracene-bedneni-zb-25-25-50-cm-prirodni-pal-50-ks-autenticky-9587\/","url":"https:\/\/www.koupelnapro.com\/index.php\/produkt\/best-ztracene-bedneni-zb-25-25-50-cm-prirodni-pal-50-ks-autenticky-9587\/","name":"BEST-Ztracen\u00e9 bedn\u011bn\u00ed ZB 25 \/ 25 \/ 50 cm p\u0159\u00edrodn\u00ed (pal. 50 ks) Autentick\u00fd -","isPartOf":{"@id":"https:\/\/www.koupelnapro.com\/#website"},"primaryImageOfPage":{"@id":"https:\/\/www.koupelnapro.com\/index.php\/produkt\/best-ztracene-bedneni-zb-25-25-50-cm-prirodni-pal-50-ks-autenticky-9587\/#primaryimage"},"image":{"@id":"https:\/\/www.koupelnapro.com\/index.php\/produkt\/best-ztracene-bedneni-zb-25-25-50-cm-prirodni-pal-50-ks-autenticky-9587\/#primaryimage"},"thumbnailUrl":"https:\/\/www.koupelnapro.com\/wp-content\/uploads\/2026\/SK0003175-CZ20260425-091813-0-1777079894-gall_9a039a26-f46a-4440-9fc1-25a2837fcc8039345-best-ztracen.webp","datePublished":"2026-04-26T09:13:26+00:00","breadcrumb":{"@id":"https:\/\/www.koupelnapro.com\/index.php\/produkt\/best-ztracene-bedneni-zb-25-25-50-cm-prirodni-pal-50-ks-autenticky-9587\/#breadcrumb"},"inLanguage":"cs","potentialAction":[{"@type":"ReadAction","target":["https:\/\/www.koupelnapro.com\/index.php\/produkt\/best-ztracene-bedneni-zb-25-25-50-cm-prirodni-pal-50-ks-autenticky-9587\/"]}]},{"@type":"ImageObject","inLanguage":"cs","@id":"https:\/\/www.koupelnapro.com\/index.php\/produkt\/best-ztracene-bedneni-zb-25-25-50-cm-prirodni-pal-50-ks-autenticky-9587\/#primaryimage","url":"https:\/\/www.koupelnapro.com\/wp-content\/uploads\/2026\/SK0003175-CZ20260425-091813-0-1777079894-gall_9a039a26-f46a-4440-9fc1-25a2837fcc8039345-best-ztracen.webp","contentUrl":"https:\/\/www.koupelnapro.com\/wp-content\/uploads\/2026\/SK0003175-CZ20260425-091813-0-1777079894-gall_9a039a26-f46a-4440-9fc1-25a2837fcc8039345-best-ztracen.webp","width":420,"height":337},{"@type":"BreadcrumbList","@id":"https:\/\/www.koupelnapro.com\/index.php\/produkt\/best-ztracene-bedneni-zb-25-25-50-cm-prirodni-pal-50-ks-autenticky-9587\/#breadcrumb","itemListElement":[{"@type":"ListItem","position":1,"name":"Home","item":"https:\/\/www.koupelnapro.com\/"},{"@type":"ListItem","position":2,"name":"Products","item":"https:\/\/www.koupelnapro.com\/index.php\/products\/"},{"@type":"ListItem","position":3,"name":"BEST-Ztracen\u00e9 bedn\u011bn\u00ed ZB 25 \/ 25 \/ 50 cm p\u0159\u00edrodn\u00ed (pal. 50 ks) Autentick\u00fd"}]},{"@type":"WebSite","@id":"https:\/\/www.koupelnapro.com\/#website","url":"https:\/\/www.koupelnapro.com\/","name":"","description":"","potentialAction":[{"@type":"SearchAction","target":{"@type":"EntryPoint","urlTemplate":"https:\/\/www.koupelnapro.com\/?s={search_term_string}"},"query-input":{"@type":"PropertyValueSpecification","valueRequired":true,"valueName":"search_term_string"}}],"inLanguage":"cs"}]}},"_links":{"self":[{"href":"https:\/\/www.koupelnapro.com\/index.php\/wp-json\/wp\/v2\/product\/9587","targetHints":{"allow":["GET"]}}],"collection":[{"href":"https:\/\/www.koupelnapro.com\/index.php\/wp-json\/wp\/v2\/product"}],"about":[{"href":"https:\/\/www.koupelnapro.com\/index.php\/wp-json\/wp\/v2\/types\/product"}],"replies":[{"embeddable":true,"href":"https:\/\/www.koupelnapro.com\/index.php\/wp-json\/wp\/v2\/comments?post=9587"}],"wp:featuredmedia":[{"embeddable":true,"href":"https:\/\/www.koupelnapro.com\/index.php\/wp-json\/wp\/v2\/media\/9687"}],"wp:attachment":[{"href":"https:\/\/www.koupelnapro.com\/index.php\/wp-json\/wp\/v2\/media?parent=9587"}],"wp:term":[{"taxonomy":"product_brand","embeddable":true,"href":"https:\/\/www.koupelnapro.com\/index.php\/wp-json\/wp\/v2\/product_brand?post=9587"},{"taxonomy":"product_cat","embeddable":true,"href":"https:\/\/www.koupelnapro.com\/index.php\/wp-json\/wp\/v2\/product_cat?post=9587"},{"taxonomy":"product_tag","embeddable":true,"href":"https:\/\/www.koupelnapro.com\/index.php\/wp-json\/wp\/v2\/product_tag?post=9587"}],"curies":[{"name":"wp","href":"https:\/\/api.w.org\/{rel}","templated":true}]}}