{"id":9551,"date":"2026-04-26T09:13:26","date_gmt":"2026-04-26T09:13:26","guid":{"rendered":""},"modified":"2026-04-26T09:13:26","modified_gmt":"2026-04-26T09:13:26","slug":"zakladaci-profil-lo-10-063-2500-bal-50-m-vyprodej-vysoce-kvalitni-9551","status":"publish","type":"product","link":"https:\/\/www.koupelnapro.com\/produkt\/zakladaci-profil-lo-10-063-2500-bal-50-m-vyprodej-vysoce-kvalitni-9551\/","title":{"rendered":"Zakl\u00e1dac\u00ed profil LO 10\/063\/2500 (bal. 50 m) &#8211; V\u00ddPRODEJ Vysoce Kvalitn\u00ed"},"content":{"rendered":"<div class=\"tmc_edt\">\n<p><font face=\"Segoe UI\">Zalo\u017een\u00ed izola\u010dn\u00edho materi\u00e1lu do roviny<\/font><\/p>\n<ul>\n<li><font face=\"Segoe UI\">Konstruk\u010dn\u011b a esteticky dokonal\u00e9 zakon\u010den\u00ed a uzav\u0159en\u00ed syst\u00e9mu<\/font><\/li>\n<li><font face=\"Segoe UI\">Ochrana syst\u00e9mu proti mechanick\u00e9mu po\u0161kozen\u00ed<\/font><\/li>\n<li><font face=\"Segoe UI\">Svod de\u0161\u0165ov\u00e9 vody ze syst\u00e9mu, zamezen\u00ed vzl\u00edn\u00e1n\u00ed vlhkosti pod izolant<\/font><\/li>\n<\/ul>\n<p><font face=\"Segoe UI\">Zakl\u00e1dac\u00ed li\u0161tu LO-Al p\u0159ilo\u017e\u00edme ke zdi, vodov\u00e1hou srovn\u00e1me do roviny a ozna\u010d\u00edme si m\u00edsta, kde vyvrt\u00e1me otvory pro hmo\u017edinky. Do dutinov\u00fdch cihel vrt\u00e1me bez p\u0159\u00edklepu, abychom p\u0159ede\u0161li rozbit\u00ed vnit\u0159n\u00edch p\u0159ep\u00e1\u017eek cihly. Zar\u00e1\u017eec\u00ed hmo\u017edinky, nejl\u00e9pe ZHH s h\u0159ibovou hlavou, by m\u011bly b\u00fdt od sebe vzd\u00e1leny cca 30 a\u017e 50 cm. Hmo\u017edinku zasuneme skrz otvor v li\u0161t\u011b do p\u0159edvrtan\u00e9ho, dostate\u010dn\u011b hlubok\u00e9ho a \u010dist\u00e9ho otvoru ve zdivu. Zatlu\u010den\u00edm ocelov\u00e9ho trnu do hmo\u017edinky li\u0161tu ukotv\u00edme. Abychom p\u0159ede\u0161li deformac\u00edm li\u0161ty vlivem nerovnosti zdiva, pou\u017eijeme k mont\u00e1\u017ei Vymezovac\u00ed podlo\u017eky. Zakl\u00e1dac\u00ed li\u0161ty mezi sebou spoj\u00edme spojkami soklov\u00fdch profil\u016f. Pro spojen\u00ed v roz\u00edch a na n\u00e1ro\u017e\u00ed se li\u0161ty mus\u00ed se\u0159\u00edznout pod \u00fahlem 45\u00b0.<\/font><\/p>\n<\/p><\/div>\n<\/p><\/div>\n","protected":false},"excerpt":{"rendered":"<p>Zalo\u017een\u00ed izola\u010dn\u00edho materi\u00e1lu do roviny Konstruk\u010dn\u011b a esteticky dokonal\u00e9 zakon\u010den\u00ed a uzav\u0159en\u00ed syst\u00e9mu Ochrana syst\u00e9mu proti mechanick\u00e9mu po\u0161kozen\u00ed Svod de\u0161\u0165ov\u00e9 vody ze syst\u00e9mu, zamezen\u00ed vzl\u00edn\u00e1n\u00ed vlhkosti pod izolant Zakl\u00e1dac\u00ed li\u0161tu LO-Al p\u0159ilo\u017e\u00edme ke zdi, vodov\u00e1hou srovn\u00e1me do roviny a ozna\u010d\u00edme si m\u00edsta, kde vyvrt\u00e1me otvory pro hmo\u017edinky. Do dutinov\u00fdch cihel vrt\u00e1me bez p\u0159\u00edklepu, abychom p\u0159ede\u0161li [&hellip;]<\/p>\n","protected":false},"featured_media":9651,"comment_status":"open","ping_status":"open","template":"","meta":[],"product_brand":[],"product_cat":[66],"product_tag":[],"class_list":{"0":"post-9551","1":"product","2":"type-product","3":"status-publish","4":"has-post-thumbnail","6":"product_cat-akce","8":"first","9":"instock","10":"sale","11":"shipping-taxable","12":"purchasable","13":"product-type-simple"},"yoast_head":"<!-- This site is optimized with the Yoast SEO plugin v26.8 - https:\/\/yoast.com\/product\/yoast-seo-wordpress\/ -->\n<title>Zakl\u00e1dac\u00ed profil LO 10\/063\/2500 (bal. 50 m) - V\u00ddPRODEJ Vysoce Kvalitn\u00ed - Vybaven\u00ed pro d\u016fm<\/title>\n<meta name=\"robots\" content=\"index, follow, max-snippet:-1, max-image-preview:large, max-video-preview:-1\" \/>\n<link rel=\"canonical\" href=\"https:\/\/www.koupelnapro.com\/index.php\/produkt\/zakladaci-profil-lo-10-063-2500-bal-50-m-vyprodej-vysoce-kvalitni-9551\/\" \/>\n<meta property=\"og:locale\" content=\"cs_CZ\" \/>\n<meta property=\"og:type\" content=\"article\" \/>\n<meta property=\"og:title\" content=\"Zakl\u00e1dac\u00ed profil LO 10\/063\/2500 (bal. 50 m) - V\u00ddPRODEJ Vysoce Kvalitn\u00ed - Vybaven\u00ed pro d\u016fm\" \/>\n<meta property=\"og:description\" content=\"Zalo\u017een\u00ed izola\u010dn\u00edho materi\u00e1lu do roviny Konstruk\u010dn\u011b a esteticky dokonal\u00e9 zakon\u010den\u00ed a uzav\u0159en\u00ed syst\u00e9mu Ochrana syst\u00e9mu proti mechanick\u00e9mu po\u0161kozen\u00ed Svod de\u0161\u0165ov\u00e9 vody ze syst\u00e9mu, zamezen\u00ed vzl\u00edn\u00e1n\u00ed vlhkosti pod izolant Zakl\u00e1dac\u00ed li\u0161tu LO-Al p\u0159ilo\u017e\u00edme ke zdi, vodov\u00e1hou srovn\u00e1me do roviny a ozna\u010d\u00edme si m\u00edsta, kde vyvrt\u00e1me otvory pro hmo\u017edinky. Do dutinov\u00fdch cihel vrt\u00e1me bez p\u0159\u00edklepu, abychom p\u0159ede\u0161li [&hellip;]\" \/>\n<meta property=\"og:url\" content=\"https:\/\/www.koupelnapro.com\/index.php\/produkt\/zakladaci-profil-lo-10-063-2500-bal-50-m-vyprodej-vysoce-kvalitni-9551\/\" \/>\n<meta property=\"og:site_name\" content=\"Vybaven\u00ed pro d\u016fm\" \/>\n<meta property=\"og:image\" content=\"https:\/\/www.koupelnapro.com\/wp-content\/uploads\/2026\/SK0003138-CZ20260425-091813-0-1777079894-gall_71d4dfe4-553c-4759-b876-0331744f78be36622-img-20210720.webp\" \/>\n\t<meta property=\"og:image:width\" content=\"420\" \/>\n\t<meta property=\"og:image:height\" content=\"125\" \/>\n\t<meta property=\"og:image:type\" content=\"image\/webp\" \/>\n<meta name=\"twitter:card\" content=\"summary_large_image\" \/>\n<meta name=\"twitter:label1\" content=\"Odhadovan\u00e1 doba \u010dten\u00ed\" \/>\n\t<meta name=\"twitter:data1\" content=\"1 minuta\" \/>\n<script type=\"application\/ld+json\" class=\"yoast-schema-graph\">{\"@context\":\"https:\/\/schema.org\",\"@graph\":[{\"@type\":\"WebPage\",\"@id\":\"https:\/\/www.koupelnapro.com\/index.php\/produkt\/zakladaci-profil-lo-10-063-2500-bal-50-m-vyprodej-vysoce-kvalitni-9551\/\",\"url\":\"https:\/\/www.koupelnapro.com\/index.php\/produkt\/zakladaci-profil-lo-10-063-2500-bal-50-m-vyprodej-vysoce-kvalitni-9551\/\",\"name\":\"Zakl\u00e1dac\u00ed profil LO 10\/063\/2500 (bal. 50 m) - V\u00ddPRODEJ Vysoce Kvalitn\u00ed - Vybaven\u00ed pro d\u016fm\",\"isPartOf\":{\"@id\":\"https:\/\/www.koupelnapro.com\/#website\"},\"primaryImageOfPage\":{\"@id\":\"https:\/\/www.koupelnapro.com\/index.php\/produkt\/zakladaci-profil-lo-10-063-2500-bal-50-m-vyprodej-vysoce-kvalitni-9551\/#primaryimage\"},\"image\":{\"@id\":\"https:\/\/www.koupelnapro.com\/index.php\/produkt\/zakladaci-profil-lo-10-063-2500-bal-50-m-vyprodej-vysoce-kvalitni-9551\/#primaryimage\"},\"thumbnailUrl\":\"https:\/\/www.koupelnapro.com\/wp-content\/uploads\/2026\/SK0003138-CZ20260425-091813-0-1777079894-gall_71d4dfe4-553c-4759-b876-0331744f78be36622-img-20210720.webp\",\"datePublished\":\"2026-04-26T09:13:26+00:00\",\"breadcrumb\":{\"@id\":\"https:\/\/www.koupelnapro.com\/index.php\/produkt\/zakladaci-profil-lo-10-063-2500-bal-50-m-vyprodej-vysoce-kvalitni-9551\/#breadcrumb\"},\"inLanguage\":\"cs\",\"potentialAction\":[{\"@type\":\"ReadAction\",\"target\":[\"https:\/\/www.koupelnapro.com\/index.php\/produkt\/zakladaci-profil-lo-10-063-2500-bal-50-m-vyprodej-vysoce-kvalitni-9551\/\"]}]},{\"@type\":\"ImageObject\",\"inLanguage\":\"cs\",\"@id\":\"https:\/\/www.koupelnapro.com\/index.php\/produkt\/zakladaci-profil-lo-10-063-2500-bal-50-m-vyprodej-vysoce-kvalitni-9551\/#primaryimage\",\"url\":\"https:\/\/www.koupelnapro.com\/wp-content\/uploads\/2026\/SK0003138-CZ20260425-091813-0-1777079894-gall_71d4dfe4-553c-4759-b876-0331744f78be36622-img-20210720.webp\",\"contentUrl\":\"https:\/\/www.koupelnapro.com\/wp-content\/uploads\/2026\/SK0003138-CZ20260425-091813-0-1777079894-gall_71d4dfe4-553c-4759-b876-0331744f78be36622-img-20210720.webp\",\"width\":420,\"height\":125},{\"@type\":\"BreadcrumbList\",\"@id\":\"https:\/\/www.koupelnapro.com\/index.php\/produkt\/zakladaci-profil-lo-10-063-2500-bal-50-m-vyprodej-vysoce-kvalitni-9551\/#breadcrumb\",\"itemListElement\":[{\"@type\":\"ListItem\",\"position\":1,\"name\":\"Home\",\"item\":\"https:\/\/www.koupelnapro.com\/\"},{\"@type\":\"ListItem\",\"position\":2,\"name\":\"Products\",\"item\":\"https:\/\/www.koupelnapro.com\/products\/\"},{\"@type\":\"ListItem\",\"position\":3,\"name\":\"Zakl\u00e1dac\u00ed profil LO 10\/063\/2500 (bal. 50 m) &#8211; V\u00ddPRODEJ Vysoce Kvalitn\u00ed\"}]},{\"@type\":\"WebSite\",\"@id\":\"https:\/\/www.koupelnapro.com\/#website\",\"url\":\"https:\/\/www.koupelnapro.com\/\",\"name\":\"Vybaven\u00ed pro d\u016fm\",\"description\":\"Vybaven\u00ed pro d\u016fm\",\"publisher\":{\"@id\":\"https:\/\/www.koupelnapro.com\/#organization\"},\"potentialAction\":[{\"@type\":\"SearchAction\",\"target\":{\"@type\":\"EntryPoint\",\"urlTemplate\":\"https:\/\/www.koupelnapro.com\/?s={search_term_string}\"},\"query-input\":{\"@type\":\"PropertyValueSpecification\",\"valueRequired\":true,\"valueName\":\"search_term_string\"}}],\"inLanguage\":\"cs\"},{\"@type\":\"Organization\",\"@id\":\"https:\/\/www.koupelnapro.com\/#organization\",\"name\":\"Vybaven\u00ed pro d\u016fm\",\"url\":\"https:\/\/www.koupelnapro.com\/\",\"logo\":{\"@type\":\"ImageObject\",\"inLanguage\":\"cs\",\"@id\":\"https:\/\/www.koupelnapro.com\/#\/schema\/logo\/image\/\",\"url\":\"https:\/\/www.koupelnapro.com\/wp-content\/uploads\/2026\/04\/koupelnapro-logo-deep-green.svg\",\"contentUrl\":\"https:\/\/www.koupelnapro.com\/wp-content\/uploads\/2026\/04\/koupelnapro-logo-deep-green.svg\",\"width\":920,\"height\":160,\"caption\":\"Vybaven\u00ed pro d\u016fm\"},\"image\":{\"@id\":\"https:\/\/www.koupelnapro.com\/#\/schema\/logo\/image\/\"}}]}<\/script>\n<!-- \/ Yoast SEO plugin. -->","yoast_head_json":{"title":"Zakl\u00e1dac\u00ed profil LO 10\/063\/2500 (bal. 50 m) - V\u00ddPRODEJ Vysoce Kvalitn\u00ed - Vybaven\u00ed pro d\u016fm","robots":{"index":"index","follow":"follow","max-snippet":"max-snippet:-1","max-image-preview":"max-image-preview:large","max-video-preview":"max-video-preview:-1"},"canonical":"https:\/\/www.koupelnapro.com\/index.php\/produkt\/zakladaci-profil-lo-10-063-2500-bal-50-m-vyprodej-vysoce-kvalitni-9551\/","og_locale":"cs_CZ","og_type":"article","og_title":"Zakl\u00e1dac\u00ed profil LO 10\/063\/2500 (bal. 50 m) - V\u00ddPRODEJ Vysoce Kvalitn\u00ed - Vybaven\u00ed pro d\u016fm","og_description":"Zalo\u017een\u00ed izola\u010dn\u00edho materi\u00e1lu do roviny Konstruk\u010dn\u011b a esteticky dokonal\u00e9 zakon\u010den\u00ed a uzav\u0159en\u00ed syst\u00e9mu Ochrana syst\u00e9mu proti mechanick\u00e9mu po\u0161kozen\u00ed Svod de\u0161\u0165ov\u00e9 vody ze syst\u00e9mu, zamezen\u00ed vzl\u00edn\u00e1n\u00ed vlhkosti pod izolant Zakl\u00e1dac\u00ed li\u0161tu LO-Al p\u0159ilo\u017e\u00edme ke zdi, vodov\u00e1hou srovn\u00e1me do roviny a ozna\u010d\u00edme si m\u00edsta, kde vyvrt\u00e1me otvory pro hmo\u017edinky. Do dutinov\u00fdch cihel vrt\u00e1me bez p\u0159\u00edklepu, abychom p\u0159ede\u0161li [&hellip;]","og_url":"https:\/\/www.koupelnapro.com\/index.php\/produkt\/zakladaci-profil-lo-10-063-2500-bal-50-m-vyprodej-vysoce-kvalitni-9551\/","og_site_name":"Vybaven\u00ed pro d\u016fm","og_image":[{"width":420,"height":125,"url":"https:\/\/www.koupelnapro.com\/wp-content\/uploads\/2026\/SK0003138-CZ20260425-091813-0-1777079894-gall_71d4dfe4-553c-4759-b876-0331744f78be36622-img-20210720.webp","type":"image\/webp"}],"twitter_card":"summary_large_image","twitter_misc":{"Odhadovan\u00e1 doba \u010dten\u00ed":"1 minuta"},"schema":{"@context":"https:\/\/schema.org","@graph":[{"@type":"WebPage","@id":"https:\/\/www.koupelnapro.com\/index.php\/produkt\/zakladaci-profil-lo-10-063-2500-bal-50-m-vyprodej-vysoce-kvalitni-9551\/","url":"https:\/\/www.koupelnapro.com\/index.php\/produkt\/zakladaci-profil-lo-10-063-2500-bal-50-m-vyprodej-vysoce-kvalitni-9551\/","name":"Zakl\u00e1dac\u00ed profil LO 10\/063\/2500 (bal. 50 m) - V\u00ddPRODEJ Vysoce Kvalitn\u00ed - Vybaven\u00ed pro d\u016fm","isPartOf":{"@id":"https:\/\/www.koupelnapro.com\/#website"},"primaryImageOfPage":{"@id":"https:\/\/www.koupelnapro.com\/index.php\/produkt\/zakladaci-profil-lo-10-063-2500-bal-50-m-vyprodej-vysoce-kvalitni-9551\/#primaryimage"},"image":{"@id":"https:\/\/www.koupelnapro.com\/index.php\/produkt\/zakladaci-profil-lo-10-063-2500-bal-50-m-vyprodej-vysoce-kvalitni-9551\/#primaryimage"},"thumbnailUrl":"https:\/\/www.koupelnapro.com\/wp-content\/uploads\/2026\/SK0003138-CZ20260425-091813-0-1777079894-gall_71d4dfe4-553c-4759-b876-0331744f78be36622-img-20210720.webp","datePublished":"2026-04-26T09:13:26+00:00","breadcrumb":{"@id":"https:\/\/www.koupelnapro.com\/index.php\/produkt\/zakladaci-profil-lo-10-063-2500-bal-50-m-vyprodej-vysoce-kvalitni-9551\/#breadcrumb"},"inLanguage":"cs","potentialAction":[{"@type":"ReadAction","target":["https:\/\/www.koupelnapro.com\/index.php\/produkt\/zakladaci-profil-lo-10-063-2500-bal-50-m-vyprodej-vysoce-kvalitni-9551\/"]}]},{"@type":"ImageObject","inLanguage":"cs","@id":"https:\/\/www.koupelnapro.com\/index.php\/produkt\/zakladaci-profil-lo-10-063-2500-bal-50-m-vyprodej-vysoce-kvalitni-9551\/#primaryimage","url":"https:\/\/www.koupelnapro.com\/wp-content\/uploads\/2026\/SK0003138-CZ20260425-091813-0-1777079894-gall_71d4dfe4-553c-4759-b876-0331744f78be36622-img-20210720.webp","contentUrl":"https:\/\/www.koupelnapro.com\/wp-content\/uploads\/2026\/SK0003138-CZ20260425-091813-0-1777079894-gall_71d4dfe4-553c-4759-b876-0331744f78be36622-img-20210720.webp","width":420,"height":125},{"@type":"BreadcrumbList","@id":"https:\/\/www.koupelnapro.com\/index.php\/produkt\/zakladaci-profil-lo-10-063-2500-bal-50-m-vyprodej-vysoce-kvalitni-9551\/#breadcrumb","itemListElement":[{"@type":"ListItem","position":1,"name":"Home","item":"https:\/\/www.koupelnapro.com\/"},{"@type":"ListItem","position":2,"name":"Products","item":"https:\/\/www.koupelnapro.com\/products\/"},{"@type":"ListItem","position":3,"name":"Zakl\u00e1dac\u00ed profil LO 10\/063\/2500 (bal. 50 m) &#8211; V\u00ddPRODEJ Vysoce Kvalitn\u00ed"}]},{"@type":"WebSite","@id":"https:\/\/www.koupelnapro.com\/#website","url":"https:\/\/www.koupelnapro.com\/","name":"Vybaven\u00ed pro d\u016fm","description":"Vybaven\u00ed pro d\u016fm","publisher":{"@id":"https:\/\/www.koupelnapro.com\/#organization"},"potentialAction":[{"@type":"SearchAction","target":{"@type":"EntryPoint","urlTemplate":"https:\/\/www.koupelnapro.com\/?s={search_term_string}"},"query-input":{"@type":"PropertyValueSpecification","valueRequired":true,"valueName":"search_term_string"}}],"inLanguage":"cs"},{"@type":"Organization","@id":"https:\/\/www.koupelnapro.com\/#organization","name":"Vybaven\u00ed pro d\u016fm","url":"https:\/\/www.koupelnapro.com\/","logo":{"@type":"ImageObject","inLanguage":"cs","@id":"https:\/\/www.koupelnapro.com\/#\/schema\/logo\/image\/","url":"https:\/\/www.koupelnapro.com\/wp-content\/uploads\/2026\/04\/koupelnapro-logo-deep-green.svg","contentUrl":"https:\/\/www.koupelnapro.com\/wp-content\/uploads\/2026\/04\/koupelnapro-logo-deep-green.svg","width":920,"height":160,"caption":"Vybaven\u00ed pro d\u016fm"},"image":{"@id":"https:\/\/www.koupelnapro.com\/#\/schema\/logo\/image\/"}}]}},"_links":{"self":[{"href":"https:\/\/www.koupelnapro.com\/wp-json\/wp\/v2\/product\/9551","targetHints":{"allow":["GET"]}}],"collection":[{"href":"https:\/\/www.koupelnapro.com\/wp-json\/wp\/v2\/product"}],"about":[{"href":"https:\/\/www.koupelnapro.com\/wp-json\/wp\/v2\/types\/product"}],"replies":[{"embeddable":true,"href":"https:\/\/www.koupelnapro.com\/wp-json\/wp\/v2\/comments?post=9551"}],"wp:featuredmedia":[{"embeddable":true,"href":"https:\/\/www.koupelnapro.com\/wp-json\/wp\/v2\/media\/9651"}],"wp:attachment":[{"href":"https:\/\/www.koupelnapro.com\/wp-json\/wp\/v2\/media?parent=9551"}],"wp:term":[{"taxonomy":"product_brand","embeddable":true,"href":"https:\/\/www.koupelnapro.com\/wp-json\/wp\/v2\/product_brand?post=9551"},{"taxonomy":"product_cat","embeddable":true,"href":"https:\/\/www.koupelnapro.com\/wp-json\/wp\/v2\/product_cat?post=9551"},{"taxonomy":"product_tag","embeddable":true,"href":"https:\/\/www.koupelnapro.com\/wp-json\/wp\/v2\/product_tag?post=9551"}],"curies":[{"name":"wp","href":"https:\/\/api.w.org\/{rel}","templated":true}]}}