{"id":9530,"date":"2026-04-26T09:13:26","date_gmt":"2026-04-26T09:13:26","guid":{"rendered":""},"modified":"2026-04-26T09:13:26","modified_gmt":"2026-04-26T09:13:26","slug":"stachema-lignofix-silnovrstva-lazura-tresen-0-75-l-vyprodej-autenticky-9530","status":"publish","type":"product","link":"https:\/\/www.koupelnapro.com\/index.php\/produkt\/stachema-lignofix-silnovrstva-lazura-tresen-0-75-l-vyprodej-autenticky-9530\/","title":{"rendered":"Stachema LIGNOFIX silnovrstv\u00e1 lazura &#8211; t\u0159e\u0161e\u0148 (0,75 l) &#8211; V\u00ddPRODEJ Autentick\u00fd"},"content":{"rendered":"<div class=\"tmc_edt\">\n<ul>\n<li><font face=\"Segoe UI\">Silnovrstv\u00e1 vodou \u0159editeln\u00e1 lazura Lignofix <strong>je ur\u010dena pro v\u0161echny d\u0159ev\u011bn\u00e9 povrchy v exteri\u00e9rech a interi\u00e9rech<\/strong> jako oblo\u017een\u00ed balkon\u016f a fas\u00e1d, pergoly, zahradn\u00ed n\u00e1bytek, okna, dve\u0159e apod. <\/font><\/li>\n<li><font face=\"Segoe UI\"><strong>Nen\u00ed samostatn\u011b vhodn\u00e1 k n\u00e1t\u011br\u016fm pochoz\u00edch ploch.<\/strong> <\/font><\/li>\n<li><font face=\"Segoe UI\">D\u0159evo napaden\u00e9 biotick\u00fdmi \u0161k\u016fdci je nutno nejprve o\u0161et\u0159it n\u011bkter\u00fdm z typ\u016f biocidn\u00edch p\u0159\u00edpravk\u016f, nap\u0159. <strong>Lignofix. <\/strong><\/font><\/li>\n<li><font face=\"Segoe UI\">V exteri\u00e9ru <strong>nedoporu\u010dujeme pou\u017e\u00edvat na d\u0159eva s velk\u00fdmi obsahy prysky\u0159ice <\/strong>(nap\u0159. borovice).<\/font><\/li>\n<li><font face=\"Segoe UI\"><font face=\"Segoe UI\"><strong>Odst\u00edn:<\/strong> Pinie, dub, t\u0159e\u0161e\u0148, mahagon, meranti, zlat\u00fd dub, o\u0159ech, wenge, b\u00edl\u00fd, b\u00edlo\u0161ed\u00fd, hn\u011bdo\u0161ed\u00fd, \u0161ed\u00fd antik a bezbarv\u00fd s UV filtrem. <\/font><\/font><\/li>\n<li><font face=\"Segoe UI\"><font face=\"Segoe UI\"><strong>V\u00fdsledn\u00fd odst\u00edn z\u00e1vis\u00ed na druhu a \u0159ezu nat\u00edran\u00e9ho d\u0159eva a po\u010dtu aplikovan\u00fdch vrstev!<\/strong> <\/font><\/font><\/li>\n<li><font face=\"Segoe UI\"><font face=\"Segoe UI\"><strong>V\u0161echny odst\u00edny jsou vz\u00e1jemn\u011b m\u00edsiteln\u00e9<\/strong>, k zesv\u011btlen\u00ed barevn\u00fdch odst\u00edn\u016f lze pou\u017e\u00edt bezbarv\u00fd odst\u00edn v p\u0159\u00eddavku max. 10 %.<\/font><\/font><\/li>\n<\/ul><\/div>\n<\/p><\/div>\n","protected":false},"excerpt":{"rendered":"<p>Silnovrstv\u00e1 vodou \u0159editeln\u00e1 lazura Lignofix je ur\u010dena pro v\u0161echny d\u0159ev\u011bn\u00e9 povrchy v exteri\u00e9rech a interi\u00e9rech jako oblo\u017een\u00ed balkon\u016f a fas\u00e1d, pergoly, zahradn\u00ed n\u00e1bytek, okna, dve\u0159e apod. Nen\u00ed samostatn\u011b vhodn\u00e1 k n\u00e1t\u011br\u016fm pochoz\u00edch ploch. D\u0159evo napaden\u00e9 biotick\u00fdmi \u0161k\u016fdci je nutno nejprve o\u0161et\u0159it n\u011bkter\u00fdm z typ\u016f biocidn\u00edch p\u0159\u00edpravk\u016f, nap\u0159. Lignofix. V exteri\u00e9ru nedoporu\u010dujeme pou\u017e\u00edvat na d\u0159eva s [&hellip;]<\/p>\n","protected":false},"featured_media":9630,"comment_status":"open","ping_status":"open","template":"","meta":[],"product_brand":[],"product_cat":[66],"product_tag":[],"class_list":{"0":"post-9530","1":"product","2":"type-product","3":"status-publish","4":"has-post-thumbnail","6":"product_cat-akce","8":"first","9":"instock","10":"sale","11":"shipping-taxable","12":"purchasable","13":"product-type-simple"},"yoast_head":"<!-- This site is optimized with the Yoast SEO plugin v26.8 - https:\/\/yoast.com\/product\/yoast-seo-wordpress\/ -->\n<title>Stachema LIGNOFIX silnovrstv\u00e1 lazura - t\u0159e\u0161e\u0148 (0,75 l) - V\u00ddPRODEJ Autentick\u00fd -<\/title>\n<meta name=\"robots\" content=\"index, follow, max-snippet:-1, max-image-preview:large, max-video-preview:-1\" \/>\n<link rel=\"canonical\" href=\"https:\/\/www.koupelnapro.com\/index.php\/produkt\/stachema-lignofix-silnovrstva-lazura-tresen-0-75-l-vyprodej-autenticky-9530\/\" \/>\n<meta property=\"og:locale\" content=\"cs_CZ\" \/>\n<meta property=\"og:type\" content=\"article\" \/>\n<meta property=\"og:title\" content=\"Stachema LIGNOFIX silnovrstv\u00e1 lazura - t\u0159e\u0161e\u0148 (0,75 l) - V\u00ddPRODEJ Autentick\u00fd -\" \/>\n<meta property=\"og:description\" content=\"Silnovrstv\u00e1 vodou \u0159editeln\u00e1 lazura Lignofix je ur\u010dena pro v\u0161echny d\u0159ev\u011bn\u00e9 povrchy v exteri\u00e9rech a interi\u00e9rech jako oblo\u017een\u00ed balkon\u016f a fas\u00e1d, pergoly, zahradn\u00ed n\u00e1bytek, okna, dve\u0159e apod. Nen\u00ed samostatn\u011b vhodn\u00e1 k n\u00e1t\u011br\u016fm pochoz\u00edch ploch. D\u0159evo napaden\u00e9 biotick\u00fdmi \u0161k\u016fdci je nutno nejprve o\u0161et\u0159it n\u011bkter\u00fdm z typ\u016f biocidn\u00edch p\u0159\u00edpravk\u016f, nap\u0159. Lignofix. V exteri\u00e9ru nedoporu\u010dujeme pou\u017e\u00edvat na d\u0159eva s [&hellip;]\" \/>\n<meta property=\"og:url\" content=\"https:\/\/www.koupelnapro.com\/index.php\/produkt\/stachema-lignofix-silnovrstva-lazura-tresen-0-75-l-vyprodej-autenticky-9530\/\" \/>\n<meta property=\"og:image\" content=\"https:\/\/www.koupelnapro.com\/wp-content\/uploads\/2026\/SK0003106-CZ20260425-091813-0-1777079894-gall_25043e6e-b51b-40b2-9e4e-87ca7c00e8a836024-stachema-sil.webp\" \/>\n\t<meta property=\"og:image:width\" content=\"420\" \/>\n\t<meta property=\"og:image:height\" content=\"233\" \/>\n\t<meta property=\"og:image:type\" content=\"image\/webp\" \/>\n<meta name=\"twitter:card\" content=\"summary_large_image\" \/>\n<meta name=\"twitter:label1\" content=\"Odhadovan\u00e1 doba \u010dten\u00ed\" \/>\n\t<meta name=\"twitter:data1\" content=\"1 minuta\" \/>\n<script type=\"application\/ld+json\" class=\"yoast-schema-graph\">{\"@context\":\"https:\/\/schema.org\",\"@graph\":[{\"@type\":\"WebPage\",\"@id\":\"https:\/\/www.koupelnapro.com\/index.php\/produkt\/stachema-lignofix-silnovrstva-lazura-tresen-0-75-l-vyprodej-autenticky-9530\/\",\"url\":\"https:\/\/www.koupelnapro.com\/index.php\/produkt\/stachema-lignofix-silnovrstva-lazura-tresen-0-75-l-vyprodej-autenticky-9530\/\",\"name\":\"Stachema LIGNOFIX silnovrstv\u00e1 lazura - t\u0159e\u0161e\u0148 (0,75 l) - V\u00ddPRODEJ Autentick\u00fd -\",\"isPartOf\":{\"@id\":\"https:\/\/www.koupelnapro.com\/#website\"},\"primaryImageOfPage\":{\"@id\":\"https:\/\/www.koupelnapro.com\/index.php\/produkt\/stachema-lignofix-silnovrstva-lazura-tresen-0-75-l-vyprodej-autenticky-9530\/#primaryimage\"},\"image\":{\"@id\":\"https:\/\/www.koupelnapro.com\/index.php\/produkt\/stachema-lignofix-silnovrstva-lazura-tresen-0-75-l-vyprodej-autenticky-9530\/#primaryimage\"},\"thumbnailUrl\":\"https:\/\/www.koupelnapro.com\/wp-content\/uploads\/2026\/SK0003106-CZ20260425-091813-0-1777079894-gall_25043e6e-b51b-40b2-9e4e-87ca7c00e8a836024-stachema-sil.webp\",\"datePublished\":\"2026-04-26T09:13:26+00:00\",\"breadcrumb\":{\"@id\":\"https:\/\/www.koupelnapro.com\/index.php\/produkt\/stachema-lignofix-silnovrstva-lazura-tresen-0-75-l-vyprodej-autenticky-9530\/#breadcrumb\"},\"inLanguage\":\"cs\",\"potentialAction\":[{\"@type\":\"ReadAction\",\"target\":[\"https:\/\/www.koupelnapro.com\/index.php\/produkt\/stachema-lignofix-silnovrstva-lazura-tresen-0-75-l-vyprodej-autenticky-9530\/\"]}]},{\"@type\":\"ImageObject\",\"inLanguage\":\"cs\",\"@id\":\"https:\/\/www.koupelnapro.com\/index.php\/produkt\/stachema-lignofix-silnovrstva-lazura-tresen-0-75-l-vyprodej-autenticky-9530\/#primaryimage\",\"url\":\"https:\/\/www.koupelnapro.com\/wp-content\/uploads\/2026\/SK0003106-CZ20260425-091813-0-1777079894-gall_25043e6e-b51b-40b2-9e4e-87ca7c00e8a836024-stachema-sil.webp\",\"contentUrl\":\"https:\/\/www.koupelnapro.com\/wp-content\/uploads\/2026\/SK0003106-CZ20260425-091813-0-1777079894-gall_25043e6e-b51b-40b2-9e4e-87ca7c00e8a836024-stachema-sil.webp\",\"width\":420,\"height\":233},{\"@type\":\"BreadcrumbList\",\"@id\":\"https:\/\/www.koupelnapro.com\/index.php\/produkt\/stachema-lignofix-silnovrstva-lazura-tresen-0-75-l-vyprodej-autenticky-9530\/#breadcrumb\",\"itemListElement\":[{\"@type\":\"ListItem\",\"position\":1,\"name\":\"Home\",\"item\":\"https:\/\/www.koupelnapro.com\/\"},{\"@type\":\"ListItem\",\"position\":2,\"name\":\"Products\",\"item\":\"https:\/\/www.koupelnapro.com\/index.php\/products\/\"},{\"@type\":\"ListItem\",\"position\":3,\"name\":\"Stachema LIGNOFIX silnovrstv\u00e1 lazura &#8211; t\u0159e\u0161e\u0148 (0,75 l) &#8211; V\u00ddPRODEJ Autentick\u00fd\"}]},{\"@type\":\"WebSite\",\"@id\":\"https:\/\/www.koupelnapro.com\/#website\",\"url\":\"https:\/\/www.koupelnapro.com\/\",\"name\":\"\",\"description\":\"\",\"potentialAction\":[{\"@type\":\"SearchAction\",\"target\":{\"@type\":\"EntryPoint\",\"urlTemplate\":\"https:\/\/www.koupelnapro.com\/?s={search_term_string}\"},\"query-input\":{\"@type\":\"PropertyValueSpecification\",\"valueRequired\":true,\"valueName\":\"search_term_string\"}}],\"inLanguage\":\"cs\"}]}<\/script>\n<!-- \/ Yoast SEO plugin. -->","yoast_head_json":{"title":"Stachema LIGNOFIX silnovrstv\u00e1 lazura - t\u0159e\u0161e\u0148 (0,75 l) - V\u00ddPRODEJ Autentick\u00fd -","robots":{"index":"index","follow":"follow","max-snippet":"max-snippet:-1","max-image-preview":"max-image-preview:large","max-video-preview":"max-video-preview:-1"},"canonical":"https:\/\/www.koupelnapro.com\/index.php\/produkt\/stachema-lignofix-silnovrstva-lazura-tresen-0-75-l-vyprodej-autenticky-9530\/","og_locale":"cs_CZ","og_type":"article","og_title":"Stachema LIGNOFIX silnovrstv\u00e1 lazura - t\u0159e\u0161e\u0148 (0,75 l) - V\u00ddPRODEJ Autentick\u00fd -","og_description":"Silnovrstv\u00e1 vodou \u0159editeln\u00e1 lazura Lignofix je ur\u010dena pro v\u0161echny d\u0159ev\u011bn\u00e9 povrchy v exteri\u00e9rech a interi\u00e9rech jako oblo\u017een\u00ed balkon\u016f a fas\u00e1d, pergoly, zahradn\u00ed n\u00e1bytek, okna, dve\u0159e apod. Nen\u00ed samostatn\u011b vhodn\u00e1 k n\u00e1t\u011br\u016fm pochoz\u00edch ploch. D\u0159evo napaden\u00e9 biotick\u00fdmi \u0161k\u016fdci je nutno nejprve o\u0161et\u0159it n\u011bkter\u00fdm z typ\u016f biocidn\u00edch p\u0159\u00edpravk\u016f, nap\u0159. Lignofix. V exteri\u00e9ru nedoporu\u010dujeme pou\u017e\u00edvat na d\u0159eva s [&hellip;]","og_url":"https:\/\/www.koupelnapro.com\/index.php\/produkt\/stachema-lignofix-silnovrstva-lazura-tresen-0-75-l-vyprodej-autenticky-9530\/","og_image":[{"width":420,"height":233,"url":"https:\/\/www.koupelnapro.com\/wp-content\/uploads\/2026\/SK0003106-CZ20260425-091813-0-1777079894-gall_25043e6e-b51b-40b2-9e4e-87ca7c00e8a836024-stachema-sil.webp","type":"image\/webp"}],"twitter_card":"summary_large_image","twitter_misc":{"Odhadovan\u00e1 doba \u010dten\u00ed":"1 minuta"},"schema":{"@context":"https:\/\/schema.org","@graph":[{"@type":"WebPage","@id":"https:\/\/www.koupelnapro.com\/index.php\/produkt\/stachema-lignofix-silnovrstva-lazura-tresen-0-75-l-vyprodej-autenticky-9530\/","url":"https:\/\/www.koupelnapro.com\/index.php\/produkt\/stachema-lignofix-silnovrstva-lazura-tresen-0-75-l-vyprodej-autenticky-9530\/","name":"Stachema LIGNOFIX silnovrstv\u00e1 lazura - t\u0159e\u0161e\u0148 (0,75 l) - V\u00ddPRODEJ Autentick\u00fd -","isPartOf":{"@id":"https:\/\/www.koupelnapro.com\/#website"},"primaryImageOfPage":{"@id":"https:\/\/www.koupelnapro.com\/index.php\/produkt\/stachema-lignofix-silnovrstva-lazura-tresen-0-75-l-vyprodej-autenticky-9530\/#primaryimage"},"image":{"@id":"https:\/\/www.koupelnapro.com\/index.php\/produkt\/stachema-lignofix-silnovrstva-lazura-tresen-0-75-l-vyprodej-autenticky-9530\/#primaryimage"},"thumbnailUrl":"https:\/\/www.koupelnapro.com\/wp-content\/uploads\/2026\/SK0003106-CZ20260425-091813-0-1777079894-gall_25043e6e-b51b-40b2-9e4e-87ca7c00e8a836024-stachema-sil.webp","datePublished":"2026-04-26T09:13:26+00:00","breadcrumb":{"@id":"https:\/\/www.koupelnapro.com\/index.php\/produkt\/stachema-lignofix-silnovrstva-lazura-tresen-0-75-l-vyprodej-autenticky-9530\/#breadcrumb"},"inLanguage":"cs","potentialAction":[{"@type":"ReadAction","target":["https:\/\/www.koupelnapro.com\/index.php\/produkt\/stachema-lignofix-silnovrstva-lazura-tresen-0-75-l-vyprodej-autenticky-9530\/"]}]},{"@type":"ImageObject","inLanguage":"cs","@id":"https:\/\/www.koupelnapro.com\/index.php\/produkt\/stachema-lignofix-silnovrstva-lazura-tresen-0-75-l-vyprodej-autenticky-9530\/#primaryimage","url":"https:\/\/www.koupelnapro.com\/wp-content\/uploads\/2026\/SK0003106-CZ20260425-091813-0-1777079894-gall_25043e6e-b51b-40b2-9e4e-87ca7c00e8a836024-stachema-sil.webp","contentUrl":"https:\/\/www.koupelnapro.com\/wp-content\/uploads\/2026\/SK0003106-CZ20260425-091813-0-1777079894-gall_25043e6e-b51b-40b2-9e4e-87ca7c00e8a836024-stachema-sil.webp","width":420,"height":233},{"@type":"BreadcrumbList","@id":"https:\/\/www.koupelnapro.com\/index.php\/produkt\/stachema-lignofix-silnovrstva-lazura-tresen-0-75-l-vyprodej-autenticky-9530\/#breadcrumb","itemListElement":[{"@type":"ListItem","position":1,"name":"Home","item":"https:\/\/www.koupelnapro.com\/"},{"@type":"ListItem","position":2,"name":"Products","item":"https:\/\/www.koupelnapro.com\/index.php\/products\/"},{"@type":"ListItem","position":3,"name":"Stachema LIGNOFIX silnovrstv\u00e1 lazura &#8211; t\u0159e\u0161e\u0148 (0,75 l) &#8211; V\u00ddPRODEJ Autentick\u00fd"}]},{"@type":"WebSite","@id":"https:\/\/www.koupelnapro.com\/#website","url":"https:\/\/www.koupelnapro.com\/","name":"","description":"","potentialAction":[{"@type":"SearchAction","target":{"@type":"EntryPoint","urlTemplate":"https:\/\/www.koupelnapro.com\/?s={search_term_string}"},"query-input":{"@type":"PropertyValueSpecification","valueRequired":true,"valueName":"search_term_string"}}],"inLanguage":"cs"}]}},"_links":{"self":[{"href":"https:\/\/www.koupelnapro.com\/index.php\/wp-json\/wp\/v2\/product\/9530","targetHints":{"allow":["GET"]}}],"collection":[{"href":"https:\/\/www.koupelnapro.com\/index.php\/wp-json\/wp\/v2\/product"}],"about":[{"href":"https:\/\/www.koupelnapro.com\/index.php\/wp-json\/wp\/v2\/types\/product"}],"replies":[{"embeddable":true,"href":"https:\/\/www.koupelnapro.com\/index.php\/wp-json\/wp\/v2\/comments?post=9530"}],"wp:featuredmedia":[{"embeddable":true,"href":"https:\/\/www.koupelnapro.com\/index.php\/wp-json\/wp\/v2\/media\/9630"}],"wp:attachment":[{"href":"https:\/\/www.koupelnapro.com\/index.php\/wp-json\/wp\/v2\/media?parent=9530"}],"wp:term":[{"taxonomy":"product_brand","embeddable":true,"href":"https:\/\/www.koupelnapro.com\/index.php\/wp-json\/wp\/v2\/product_brand?post=9530"},{"taxonomy":"product_cat","embeddable":true,"href":"https:\/\/www.koupelnapro.com\/index.php\/wp-json\/wp\/v2\/product_cat?post=9530"},{"taxonomy":"product_tag","embeddable":true,"href":"https:\/\/www.koupelnapro.com\/index.php\/wp-json\/wp\/v2\/product_tag?post=9530"}],"curies":[{"name":"wp","href":"https:\/\/api.w.org\/{rel}","templated":true}]}}