{"id":9497,"date":"2026-04-26T09:13:26","date_gmt":"2026-04-26T09:13:26","guid":{"rendered":""},"modified":"2026-04-26T09:13:26","modified_gmt":"2026-04-26T09:13:26","slug":"ihned-k-objednani-denbraven-geotextilie-200-g-standard-bila-1-x-50-m-9497","status":"publish","type":"product","link":"https:\/\/www.koupelnapro.com\/index.php\/produkt\/ihned-k-objednani-denbraven-geotextilie-200-g-standard-bila-1-x-50-m-9497\/","title":{"rendered":"Ihned K Objedn\u00e1n\u00ed DenBraven Geotextilie 200 g STANDARD b\u00edl\u00e1 1 x 50 m"},"content":{"rendered":"<div class=\"tmc_edt\">\n<ul>\n<li><font face=\"Segoe UI\">Pou\u017e<span lang=\"EN\">\u00edv\u00e1 se ve stavebnictv\u00ed za \u00fa<\/span>\u010delem <strong>Separace, Filtrace. <\/strong><\/font><\/li>\n<li><font face=\"Segoe UI\"><font face=\"Segoe UI\"><font face=\"Segoe UI\"><strong><u>Filtrace &#8211;<\/u> <\/strong>Zabra\u0148uj\u00ed migraci jemn\u00e9ho materi\u00e1lu do materi\u00e1lu hrub\u00e9ho p\u0159i pr\u016ftoku vody zeminou. <\/font><\/font><\/font><\/li>\n<li><font face=\"Segoe UI\"><font face=\"Segoe UI\"><font face=\"Segoe UI\"><font face=\"Segoe UI\">Udr\u017euj\u00ed pr\u016ftok vody v zemin\u011b p\u0159i minim\u00e1ln\u00ed tlakov\u00e9 ztr\u00e1t\u011b. <\/font><\/font><\/font><\/font><\/li>\n<li><font face=\"Segoe UI\"><font face=\"Segoe UI\"><font face=\"Segoe UI\"><font face=\"Segoe UI\">Z<font face=\"Segoe UI\"><font face=\"Segoe UI\">abra\u0148uj\u00ed prol\u00edn\u00e1n\u00ed \u010d\u00e1stic z jednotliv\u00fdch vrstev p\u0159i dynamick\u00e9m zat\u00ed\u017een\u00ed vyvol\u00e1van\u00fdm <font face=\"Segoe UI\">dopravou <\/font><\/font><\/font><\/font><\/font><\/font><\/font><\/li>\n<li><font face=\"Segoe UI\"><font face=\"Segoe UI\"><font face=\"Segoe UI\"><font face=\"Segoe UI\"><font face=\"Segoe UI\"><font face=\"Segoe UI\"><font face=\"Segoe UI\"><font face=\"Segoe UI\"><font face=\"Segoe UI\">Geotextilie jsou hojn\u011b vyu\u017e\u00edvan\u00fd p\u0159i prac\u00edch na stavb\u011b silnic a \u017eeleznic a stejn\u011b tak i pro ochranu <font face=\"Segoe UI\">pob\u0159e\u017e\u00ed. <\/font><\/font><\/font><\/font><\/font><\/font><\/font><\/font><\/font><\/font><\/li>\n<li><font face=\"Segoe UI\"><font face=\"Segoe UI\"><font face=\"Segoe UI\"><font face=\"Segoe UI\"><font face=\"Segoe UI\"><font face=\"Segoe UI\"><font face=\"Segoe UI\"><font face=\"Segoe UI\"><font face=\"Segoe UI\"><font face=\"Segoe UI\">Filtra\u010dn\u00ed funkce geotextilie slou\u017e\u00ed t\u00e9mu\u017e \u00fa\u010delu jako separa\u010dn\u00ed funkce, av\u0161ak za jin\u00fdch <font face=\"Segoe UI\"><font face=\"Segoe UI\">okolnosti. <\/font><\/font><\/font><\/font><\/font><\/font><\/font><\/font><\/font><\/font><\/font><\/font><\/li>\n<li><font face=\"Segoe UI\"><font face=\"Segoe UI\"><font face=\"Segoe UI\"><font face=\"Segoe UI\"><font face=\"Segoe UI\"><font face=\"Segoe UI\"><font face=\"Segoe UI\"><font face=\"Segoe UI\"><font face=\"Segoe UI\"><font face=\"Segoe UI\"><font face=\"Segoe UI\"><font face=\"Segoe UI\">V norm\u00e1ch EN ISO je Filtra\u010dn\u00ed funkce definovan\u00e1 jako&nbsp; <font face=\"Segoe UI\"><em>\u201e<strong>Zadr\u017eovan\u00ed zeminy nebo jin\u00fdch \u010d\u00e1stic vystaven\u00fdch vliv\u016fm hydrodynamick\u00fdch sil p\u0159i sou\u010dasn\u00e9m umo\u017en\u011bn\u00ed pr\u016fniku kapalin do <font face=\"Segoe UI\"><font face=\"Segoe UI\">geotextilie nebo skrze ni\u201c.<\/font><\/font><\/strong><\/em><\/font><\/font><\/font><\/font><\/font><\/font><\/font><\/font><\/font><\/font><\/font><\/font><\/font><\/li>\n<\/ul>\n<p><font face=\"Segoe UI\"><font face=\"Segoe UI\"><font face=\"Segoe UI\"><font face=\"Segoe UI\"><font face=\"Segoe UI\"><font face=\"Segoe UI\"><font face=\"Segoe UI\"><font face=\"Segoe UI\"><font face=\"Segoe UI\"><font face=\"Segoe UI\"><font face=\"Segoe UI\"><font face=\"Segoe UI\"><font face=\"Segoe UI\"><font face=\"Segoe UI\"><font face=\"Segoe UI\"><font face=\"Segoe UI\"><font face=\"Segoe UI\"><font face=\"Segoe UI\"><font face=\"Segoe UI\"><font face=\"Segoe UI\"><font face=\"Segoe UI\"><font face=\"Segoe UI\"><font face=\"Segoe UI\"><font face=\"Segoe UI\"><font face=\"Segoe UI\"><font face=\"Segoe UI\"><font face=\"Segoe UI\"><font face=\"Segoe UI\"><font face=\"Segoe UI\"><font face=\"Segoe UI\">&nbsp;<\/font><\/font><\/font><\/font><\/font><\/font><\/font><\/font><\/font><\/font><\/font><\/font><\/font><\/font><\/font><\/font><\/font><\/font><\/font><\/font><\/font><\/font><\/font><\/font><\/font><\/font><\/font><\/font><\/font><\/font><\/p>\n<ul>\n<li><font face=\"Segoe UI\"><font face=\"Segoe UI\"><font face=\"Segoe UI\"><font face=\"Segoe UI\"><font face=\"Segoe UI\"><font face=\"Segoe UI\"><font face=\"Segoe UI\"><font face=\"Segoe UI\"><font face=\"Segoe UI\"><font face=\"Segoe UI\"><font face=\"Segoe UI\"><font face=\"Segoe UI\"><font face=\"Segoe UI\"><font face=\"Segoe UI\"><font face=\"Segoe UI\"><font face=\"Segoe UI\"><u><strong>Separace &#8211;<\/strong><\/u> Zaji\u0161\u0165uje dlouhodobou stabilitu konstruk\u010dn\u00edch vrstev <\/font><\/font><\/font><\/font><\/font><\/font><\/font><\/font><\/font><\/font><\/font><\/font><\/font><\/font><\/font><\/font><\/li>\n<li><font face=\"Segoe UI\"><font face=\"Segoe UI\"><font face=\"Segoe UI\"><font face=\"Segoe UI\"><font face=\"Segoe UI\"><font face=\"Segoe UI\"><font face=\"Segoe UI\"><font face=\"Segoe UI\"><font face=\"Segoe UI\"><font face=\"Segoe UI\"><font face=\"Segoe UI\"><font face=\"Segoe UI\"><font face=\"Segoe UI\"><font face=\"Segoe UI\"><font face=\"Segoe UI\"><font face=\"Segoe UI\"><font face=\"Segoe UI\"><font face=\"Segoe UI\">Zabra\u0148uje m\u00edsen\u00ed konstruk\u010dn\u00edch vrstev <\/font><\/font><\/font><\/font><\/font><\/font><\/font><\/font><\/font><\/font><\/font><\/font><\/font><\/font><\/font><\/font><\/font><\/font><\/li>\n<li><font face=\"Segoe UI\"><font face=\"Segoe UI\"><font face=\"Segoe UI\"><font face=\"Segoe UI\"><font face=\"Segoe UI\"><font face=\"Segoe UI\"><font face=\"Segoe UI\"><font face=\"Segoe UI\"><font face=\"Segoe UI\"><font face=\"Segoe UI\"><font face=\"Segoe UI\"><font face=\"Segoe UI\"><font face=\"Segoe UI\"><font face=\"Segoe UI\"><font face=\"Segoe UI\"><font face=\"Segoe UI\"><font face=\"Segoe UI\"><font face=\"Segoe UI\">Z<font face=\"Segoe UI\">vy\u0161uje nosnost t\u00edm, \u017ee br\u00e1n\u00ed \u00faniku materi\u00e1lu do podlo\u017e\u00ed <\/font><\/font><\/font><\/font><\/font><\/font><\/font><\/font><\/font><\/font><\/font><\/font><\/font><\/font><\/font><\/font><\/font><\/font><\/font><\/li>\n<li><font face=\"Segoe UI\"><font face=\"Segoe UI\"><font face=\"Segoe UI\"><font face=\"Segoe UI\"><font face=\"Segoe UI\"><font face=\"Segoe UI\"><font face=\"Segoe UI\"><font face=\"Segoe UI\"><font face=\"Segoe UI\"><font face=\"Segoe UI\"><font face=\"Segoe UI\"><font face=\"Segoe UI\"><font face=\"Segoe UI\"><font face=\"Segoe UI\"><font face=\"Segoe UI\"><font face=\"Segoe UI\"><font face=\"Segoe UI\"><font face=\"Segoe UI\"><font face=\"Segoe UI\"><font face=\"Segoe UI\"><font face=\"Segoe UI\">Zpev\u0148uje a stabilizuje vrstvy \u0161t\u011brkop\u00edsku a \u0161t\u011brkodrt\u011b&nbsp; <\/font><\/font><\/font><\/font><\/font><\/font><\/font><\/font><\/font><\/font><\/font><\/font><\/font><\/font><\/font><\/font><\/font><\/font><\/font><\/font><\/font><\/li>\n<li><font face=\"Segoe UI\"><font face=\"Segoe UI\"><font face=\"Segoe UI\"><font face=\"Segoe UI\"><font face=\"Segoe UI\"><font face=\"Segoe UI\"><font face=\"Segoe UI\"><font face=\"Segoe UI\"><font face=\"Segoe UI\"><font face=\"Segoe UI\"><font face=\"Segoe UI\"><font face=\"Segoe UI\"><font face=\"Segoe UI\"><font face=\"Segoe UI\"><font face=\"Segoe UI\"><font face=\"Segoe UI\"><font face=\"Segoe UI\"><font face=\"Segoe UI\"><font face=\"Segoe UI\"><font face=\"Segoe UI\"><font face=\"Segoe UI\"><font face=\"Segoe UI\">Separace je z\u00e1kladn\u00ed zp\u016fsob vyu\u017eiti geotextili\u00ed, hojn\u011b pou\u017e\u00edvan\u00fdch p\u0159i stavb\u00e1ch silnic a \u017eeleznic. <\/font><\/font><\/font><\/font><\/font><\/font><\/font><\/font><\/font><\/font><\/font><\/font><\/font><\/font><\/font><\/font><\/font><\/font><\/font><\/font><\/font><\/font><\/li>\n<li><font face=\"Segoe UI\">V norm\u00e1ch EN ISO je separa\u010dn\u00ed funkce definovan\u00e1 jako&nbsp; <font face=\"Segoe UI\"><font face=\"Segoe UI\">\u201e<strong><em>Prevence vz\u00e1jemn\u00e9ho m\u00edsen\u00ed sousedn\u00edch r\u016fznorod\u00fdch zemin a\/nebo n\u00e1sypov\u00fdch materi\u00e1l\u016f pou\u017eit\u00edm geotextilie\u201c<\/em><\/strong><\/font><\/font><\/font><\/li>\n<\/ul><\/div>\n<\/p><\/div>\n","protected":false},"excerpt":{"rendered":"<p>Pou\u017e\u00edv\u00e1 se ve stavebnictv\u00ed za \u00fa\u010delem Separace, Filtrace. Filtrace &#8211; Zabra\u0148uj\u00ed migraci jemn\u00e9ho materi\u00e1lu do materi\u00e1lu hrub\u00e9ho p\u0159i pr\u016ftoku vody zeminou. Udr\u017euj\u00ed pr\u016ftok vody v zemin\u011b p\u0159i minim\u00e1ln\u00ed tlakov\u00e9 ztr\u00e1t\u011b. Zabra\u0148uj\u00ed prol\u00edn\u00e1n\u00ed \u010d\u00e1stic z jednotliv\u00fdch vrstev p\u0159i dynamick\u00e9m zat\u00ed\u017een\u00ed vyvol\u00e1van\u00fdm dopravou Geotextilie jsou hojn\u011b vyu\u017e\u00edvan\u00fd p\u0159i prac\u00edch na stavb\u011b silnic a \u017eeleznic a stejn\u011b tak [&hellip;]<\/p>\n","protected":false},"featured_media":9597,"comment_status":"open","ping_status":"open","template":"","meta":[],"product_brand":[],"product_cat":[63],"product_tag":[],"class_list":{"0":"post-9497","1":"product","2":"type-product","3":"status-publish","4":"has-post-thumbnail","6":"product_cat-hruba-stavba","8":"first","9":"instock","10":"sale","11":"shipping-taxable","12":"purchasable","13":"product-type-simple"},"yoast_head":"<!-- This site is optimized with the Yoast SEO plugin v26.8 - https:\/\/yoast.com\/product\/yoast-seo-wordpress\/ -->\n<title>Ihned K Objedn\u00e1n\u00ed DenBraven Geotextilie 200 g STANDARD b\u00edl\u00e1 1 x 50 m -<\/title>\n<meta name=\"robots\" content=\"index, follow, max-snippet:-1, max-image-preview:large, max-video-preview:-1\" \/>\n<link rel=\"canonical\" href=\"https:\/\/www.koupelnapro.com\/index.php\/produkt\/ihned-k-objednani-denbraven-geotextilie-200-g-standard-bila-1-x-50-m-9497\/\" \/>\n<meta property=\"og:locale\" content=\"cs_CZ\" \/>\n<meta property=\"og:type\" content=\"article\" \/>\n<meta property=\"og:title\" content=\"Ihned K Objedn\u00e1n\u00ed DenBraven Geotextilie 200 g STANDARD b\u00edl\u00e1 1 x 50 m -\" \/>\n<meta property=\"og:description\" content=\"Pou\u017e\u00edv\u00e1 se ve stavebnictv\u00ed za \u00fa\u010delem Separace, Filtrace. Filtrace &#8211; Zabra\u0148uj\u00ed migraci jemn\u00e9ho materi\u00e1lu do materi\u00e1lu hrub\u00e9ho p\u0159i pr\u016ftoku vody zeminou. Udr\u017euj\u00ed pr\u016ftok vody v zemin\u011b p\u0159i minim\u00e1ln\u00ed tlakov\u00e9 ztr\u00e1t\u011b. Zabra\u0148uj\u00ed prol\u00edn\u00e1n\u00ed \u010d\u00e1stic z jednotliv\u00fdch vrstev p\u0159i dynamick\u00e9m zat\u00ed\u017een\u00ed vyvol\u00e1van\u00fdm dopravou Geotextilie jsou hojn\u011b vyu\u017e\u00edvan\u00fd p\u0159i prac\u00edch na stavb\u011b silnic a \u017eeleznic a stejn\u011b tak [&hellip;]\" \/>\n<meta property=\"og:url\" content=\"https:\/\/www.koupelnapro.com\/index.php\/produkt\/ihned-k-objednani-denbraven-geotextilie-200-g-standard-bila-1-x-50-m-9497\/\" \/>\n<meta property=\"og:image\" content=\"https:\/\/www.koupelnapro.com\/wp-content\/uploads\/2026\/SK0003068-CZ20260425-091813-0-1777079894-gall_0cecc973-99ea-42f6-a5cf-95fc59d9b6a834533-geotextlie-s.webp\" \/>\n\t<meta property=\"og:image:width\" content=\"420\" \/>\n\t<meta property=\"og:image:height\" content=\"420\" \/>\n\t<meta property=\"og:image:type\" content=\"image\/webp\" \/>\n<meta name=\"twitter:card\" content=\"summary_large_image\" \/>\n<meta name=\"twitter:label1\" content=\"Odhadovan\u00e1 doba \u010dten\u00ed\" \/>\n\t<meta name=\"twitter:data1\" content=\"1 minuta\" \/>\n<script type=\"application\/ld+json\" class=\"yoast-schema-graph\">{\"@context\":\"https:\/\/schema.org\",\"@graph\":[{\"@type\":\"WebPage\",\"@id\":\"https:\/\/www.koupelnapro.com\/index.php\/produkt\/ihned-k-objednani-denbraven-geotextilie-200-g-standard-bila-1-x-50-m-9497\/\",\"url\":\"https:\/\/www.koupelnapro.com\/index.php\/produkt\/ihned-k-objednani-denbraven-geotextilie-200-g-standard-bila-1-x-50-m-9497\/\",\"name\":\"Ihned K Objedn\u00e1n\u00ed DenBraven Geotextilie 200 g STANDARD b\u00edl\u00e1 1 x 50 m -\",\"isPartOf\":{\"@id\":\"https:\/\/www.koupelnapro.com\/#website\"},\"primaryImageOfPage\":{\"@id\":\"https:\/\/www.koupelnapro.com\/index.php\/produkt\/ihned-k-objednani-denbraven-geotextilie-200-g-standard-bila-1-x-50-m-9497\/#primaryimage\"},\"image\":{\"@id\":\"https:\/\/www.koupelnapro.com\/index.php\/produkt\/ihned-k-objednani-denbraven-geotextilie-200-g-standard-bila-1-x-50-m-9497\/#primaryimage\"},\"thumbnailUrl\":\"https:\/\/www.koupelnapro.com\/wp-content\/uploads\/2026\/SK0003068-CZ20260425-091813-0-1777079894-gall_0cecc973-99ea-42f6-a5cf-95fc59d9b6a834533-geotextlie-s.webp\",\"datePublished\":\"2026-04-26T09:13:26+00:00\",\"breadcrumb\":{\"@id\":\"https:\/\/www.koupelnapro.com\/index.php\/produkt\/ihned-k-objednani-denbraven-geotextilie-200-g-standard-bila-1-x-50-m-9497\/#breadcrumb\"},\"inLanguage\":\"cs\",\"potentialAction\":[{\"@type\":\"ReadAction\",\"target\":[\"https:\/\/www.koupelnapro.com\/index.php\/produkt\/ihned-k-objednani-denbraven-geotextilie-200-g-standard-bila-1-x-50-m-9497\/\"]}]},{\"@type\":\"ImageObject\",\"inLanguage\":\"cs\",\"@id\":\"https:\/\/www.koupelnapro.com\/index.php\/produkt\/ihned-k-objednani-denbraven-geotextilie-200-g-standard-bila-1-x-50-m-9497\/#primaryimage\",\"url\":\"https:\/\/www.koupelnapro.com\/wp-content\/uploads\/2026\/SK0003068-CZ20260425-091813-0-1777079894-gall_0cecc973-99ea-42f6-a5cf-95fc59d9b6a834533-geotextlie-s.webp\",\"contentUrl\":\"https:\/\/www.koupelnapro.com\/wp-content\/uploads\/2026\/SK0003068-CZ20260425-091813-0-1777079894-gall_0cecc973-99ea-42f6-a5cf-95fc59d9b6a834533-geotextlie-s.webp\",\"width\":420,\"height\":420},{\"@type\":\"BreadcrumbList\",\"@id\":\"https:\/\/www.koupelnapro.com\/index.php\/produkt\/ihned-k-objednani-denbraven-geotextilie-200-g-standard-bila-1-x-50-m-9497\/#breadcrumb\",\"itemListElement\":[{\"@type\":\"ListItem\",\"position\":1,\"name\":\"Home\",\"item\":\"https:\/\/www.koupelnapro.com\/\"},{\"@type\":\"ListItem\",\"position\":2,\"name\":\"Products\",\"item\":\"https:\/\/www.koupelnapro.com\/index.php\/products\/\"},{\"@type\":\"ListItem\",\"position\":3,\"name\":\"Ihned K Objedn\u00e1n\u00ed DenBraven Geotextilie 200 g STANDARD b\u00edl\u00e1 1 x 50 m\"}]},{\"@type\":\"WebSite\",\"@id\":\"https:\/\/www.koupelnapro.com\/#website\",\"url\":\"https:\/\/www.koupelnapro.com\/\",\"name\":\"\",\"description\":\"\",\"potentialAction\":[{\"@type\":\"SearchAction\",\"target\":{\"@type\":\"EntryPoint\",\"urlTemplate\":\"https:\/\/www.koupelnapro.com\/?s={search_term_string}\"},\"query-input\":{\"@type\":\"PropertyValueSpecification\",\"valueRequired\":true,\"valueName\":\"search_term_string\"}}],\"inLanguage\":\"cs\"}]}<\/script>\n<!-- \/ Yoast SEO plugin. -->","yoast_head_json":{"title":"Ihned K Objedn\u00e1n\u00ed DenBraven Geotextilie 200 g STANDARD b\u00edl\u00e1 1 x 50 m -","robots":{"index":"index","follow":"follow","max-snippet":"max-snippet:-1","max-image-preview":"max-image-preview:large","max-video-preview":"max-video-preview:-1"},"canonical":"https:\/\/www.koupelnapro.com\/index.php\/produkt\/ihned-k-objednani-denbraven-geotextilie-200-g-standard-bila-1-x-50-m-9497\/","og_locale":"cs_CZ","og_type":"article","og_title":"Ihned K Objedn\u00e1n\u00ed DenBraven Geotextilie 200 g STANDARD b\u00edl\u00e1 1 x 50 m -","og_description":"Pou\u017e\u00edv\u00e1 se ve stavebnictv\u00ed za \u00fa\u010delem Separace, Filtrace. Filtrace &#8211; Zabra\u0148uj\u00ed migraci jemn\u00e9ho materi\u00e1lu do materi\u00e1lu hrub\u00e9ho p\u0159i pr\u016ftoku vody zeminou. Udr\u017euj\u00ed pr\u016ftok vody v zemin\u011b p\u0159i minim\u00e1ln\u00ed tlakov\u00e9 ztr\u00e1t\u011b. Zabra\u0148uj\u00ed prol\u00edn\u00e1n\u00ed \u010d\u00e1stic z jednotliv\u00fdch vrstev p\u0159i dynamick\u00e9m zat\u00ed\u017een\u00ed vyvol\u00e1van\u00fdm dopravou Geotextilie jsou hojn\u011b vyu\u017e\u00edvan\u00fd p\u0159i prac\u00edch na stavb\u011b silnic a \u017eeleznic a stejn\u011b tak [&hellip;]","og_url":"https:\/\/www.koupelnapro.com\/index.php\/produkt\/ihned-k-objednani-denbraven-geotextilie-200-g-standard-bila-1-x-50-m-9497\/","og_image":[{"width":420,"height":420,"url":"https:\/\/www.koupelnapro.com\/wp-content\/uploads\/2026\/SK0003068-CZ20260425-091813-0-1777079894-gall_0cecc973-99ea-42f6-a5cf-95fc59d9b6a834533-geotextlie-s.webp","type":"image\/webp"}],"twitter_card":"summary_large_image","twitter_misc":{"Odhadovan\u00e1 doba \u010dten\u00ed":"1 minuta"},"schema":{"@context":"https:\/\/schema.org","@graph":[{"@type":"WebPage","@id":"https:\/\/www.koupelnapro.com\/index.php\/produkt\/ihned-k-objednani-denbraven-geotextilie-200-g-standard-bila-1-x-50-m-9497\/","url":"https:\/\/www.koupelnapro.com\/index.php\/produkt\/ihned-k-objednani-denbraven-geotextilie-200-g-standard-bila-1-x-50-m-9497\/","name":"Ihned K Objedn\u00e1n\u00ed DenBraven Geotextilie 200 g STANDARD b\u00edl\u00e1 1 x 50 m -","isPartOf":{"@id":"https:\/\/www.koupelnapro.com\/#website"},"primaryImageOfPage":{"@id":"https:\/\/www.koupelnapro.com\/index.php\/produkt\/ihned-k-objednani-denbraven-geotextilie-200-g-standard-bila-1-x-50-m-9497\/#primaryimage"},"image":{"@id":"https:\/\/www.koupelnapro.com\/index.php\/produkt\/ihned-k-objednani-denbraven-geotextilie-200-g-standard-bila-1-x-50-m-9497\/#primaryimage"},"thumbnailUrl":"https:\/\/www.koupelnapro.com\/wp-content\/uploads\/2026\/SK0003068-CZ20260425-091813-0-1777079894-gall_0cecc973-99ea-42f6-a5cf-95fc59d9b6a834533-geotextlie-s.webp","datePublished":"2026-04-26T09:13:26+00:00","breadcrumb":{"@id":"https:\/\/www.koupelnapro.com\/index.php\/produkt\/ihned-k-objednani-denbraven-geotextilie-200-g-standard-bila-1-x-50-m-9497\/#breadcrumb"},"inLanguage":"cs","potentialAction":[{"@type":"ReadAction","target":["https:\/\/www.koupelnapro.com\/index.php\/produkt\/ihned-k-objednani-denbraven-geotextilie-200-g-standard-bila-1-x-50-m-9497\/"]}]},{"@type":"ImageObject","inLanguage":"cs","@id":"https:\/\/www.koupelnapro.com\/index.php\/produkt\/ihned-k-objednani-denbraven-geotextilie-200-g-standard-bila-1-x-50-m-9497\/#primaryimage","url":"https:\/\/www.koupelnapro.com\/wp-content\/uploads\/2026\/SK0003068-CZ20260425-091813-0-1777079894-gall_0cecc973-99ea-42f6-a5cf-95fc59d9b6a834533-geotextlie-s.webp","contentUrl":"https:\/\/www.koupelnapro.com\/wp-content\/uploads\/2026\/SK0003068-CZ20260425-091813-0-1777079894-gall_0cecc973-99ea-42f6-a5cf-95fc59d9b6a834533-geotextlie-s.webp","width":420,"height":420},{"@type":"BreadcrumbList","@id":"https:\/\/www.koupelnapro.com\/index.php\/produkt\/ihned-k-objednani-denbraven-geotextilie-200-g-standard-bila-1-x-50-m-9497\/#breadcrumb","itemListElement":[{"@type":"ListItem","position":1,"name":"Home","item":"https:\/\/www.koupelnapro.com\/"},{"@type":"ListItem","position":2,"name":"Products","item":"https:\/\/www.koupelnapro.com\/index.php\/products\/"},{"@type":"ListItem","position":3,"name":"Ihned K Objedn\u00e1n\u00ed DenBraven Geotextilie 200 g STANDARD b\u00edl\u00e1 1 x 50 m"}]},{"@type":"WebSite","@id":"https:\/\/www.koupelnapro.com\/#website","url":"https:\/\/www.koupelnapro.com\/","name":"","description":"","potentialAction":[{"@type":"SearchAction","target":{"@type":"EntryPoint","urlTemplate":"https:\/\/www.koupelnapro.com\/?s={search_term_string}"},"query-input":{"@type":"PropertyValueSpecification","valueRequired":true,"valueName":"search_term_string"}}],"inLanguage":"cs"}]}},"_links":{"self":[{"href":"https:\/\/www.koupelnapro.com\/index.php\/wp-json\/wp\/v2\/product\/9497","targetHints":{"allow":["GET"]}}],"collection":[{"href":"https:\/\/www.koupelnapro.com\/index.php\/wp-json\/wp\/v2\/product"}],"about":[{"href":"https:\/\/www.koupelnapro.com\/index.php\/wp-json\/wp\/v2\/types\/product"}],"replies":[{"embeddable":true,"href":"https:\/\/www.koupelnapro.com\/index.php\/wp-json\/wp\/v2\/comments?post=9497"}],"wp:featuredmedia":[{"embeddable":true,"href":"https:\/\/www.koupelnapro.com\/index.php\/wp-json\/wp\/v2\/media\/9597"}],"wp:attachment":[{"href":"https:\/\/www.koupelnapro.com\/index.php\/wp-json\/wp\/v2\/media?parent=9497"}],"wp:term":[{"taxonomy":"product_brand","embeddable":true,"href":"https:\/\/www.koupelnapro.com\/index.php\/wp-json\/wp\/v2\/product_brand?post=9497"},{"taxonomy":"product_cat","embeddable":true,"href":"https:\/\/www.koupelnapro.com\/index.php\/wp-json\/wp\/v2\/product_cat?post=9497"},{"taxonomy":"product_tag","embeddable":true,"href":"https:\/\/www.koupelnapro.com\/index.php\/wp-json\/wp\/v2\/product_tag?post=9497"}],"curies":[{"name":"wp","href":"https:\/\/api.w.org\/{rel}","templated":true}]}}