{"id":9492,"date":"2026-04-26T09:13:26","date_gmt":"2026-04-26T09:13:26","guid":{"rendered":""},"modified":"2026-04-26T09:13:26","modified_gmt":"2026-04-26T09:13:26","slug":"denbraven-znackovaci-sprej-500ml-cervena-vyhodna-nabidka-9492","status":"publish","type":"product","link":"https:\/\/www.koupelnapro.com\/index.php\/produkt\/denbraven-znackovaci-sprej-500ml-cervena-vyhodna-nabidka-9492\/","title":{"rendered":"DenBraven Zna\u010dkovac\u00ed sprej 500ml \u010cerven\u00e1 V\u00fdhodn\u00e1 Nab\u00eddka"},"content":{"rendered":"<div class=\"tmc_edt\">\n<ul>\n<li><font face=\"Segoe UI\">Je ur\u010dena pro zna\u010den\u00ed a veden\u00ed in\u017een\u00fdrsk\u00fdch<span lang=\"CS\"> <\/span><span lang=\"EN\">s\u00edt\u00ed, vyty<\/span>\u010dov\u00e1n\u00ed pro zemn\u00ed pr\u00e1ce, zna\u010den\u00ed napaden\u00fdch strom\u016f a mnoho dal\u0161\u00edch. <\/font><\/li>\n<li><font face=\"Segoe UI\">Syt\u00e1 a velmi jasn\u00e1 nepr\u016fsvitn\u00e1 barva vhodn\u00e1 na d\u0159evo, kov, beton, asfalt, k\u00e1men, zeminu aj. <\/font><\/li>\n<li><font face=\"Segoe UI\">Odoln\u00e1 proti od\u011bru, vod\u011b, b\u011b\u017en\u00e9 stavebn\u00ed chemii<span lang=\"CS\"> <\/span><span lang=\"EN\">a pov<\/span>\u011btrnostn\u00edm vliv\u016fm.<\/font><\/li>\n<\/ul><\/div>\n<\/p><\/div>\n","protected":false},"excerpt":{"rendered":"<p>Je ur\u010dena pro zna\u010den\u00ed a veden\u00ed in\u017een\u00fdrsk\u00fdch s\u00edt\u00ed, vyty\u010dov\u00e1n\u00ed pro zemn\u00ed pr\u00e1ce, zna\u010den\u00ed napaden\u00fdch strom\u016f a mnoho dal\u0161\u00edch. Syt\u00e1 a velmi jasn\u00e1 nepr\u016fsvitn\u00e1 barva vhodn\u00e1 na d\u0159evo, kov, beton, asfalt, k\u00e1men, zeminu aj. Odoln\u00e1 proti od\u011bru, vod\u011b, b\u011b\u017en\u00e9 stavebn\u00ed chemii a pov\u011btrnostn\u00edm vliv\u016fm.<\/p>\n","protected":false},"featured_media":9592,"comment_status":"open","ping_status":"open","template":"","meta":[],"product_brand":[],"product_cat":[62],"product_tag":[],"class_list":{"0":"post-9492","1":"product","2":"type-product","3":"status-publish","4":"has-post-thumbnail","6":"product_cat-stavebni-chemie","8":"first","9":"instock","10":"sale","11":"shipping-taxable","12":"purchasable","13":"product-type-simple"},"yoast_head":"<!-- This site is optimized with the Yoast SEO plugin v26.8 - https:\/\/yoast.com\/product\/yoast-seo-wordpress\/ -->\n<title>DenBraven Zna\u010dkovac\u00ed sprej 500ml \u010cerven\u00e1 V\u00fdhodn\u00e1 Nab\u00eddka -<\/title>\n<meta name=\"robots\" content=\"index, follow, max-snippet:-1, max-image-preview:large, max-video-preview:-1\" \/>\n<link rel=\"canonical\" href=\"https:\/\/www.koupelnapro.com\/index.php\/produkt\/denbraven-znackovaci-sprej-500ml-cervena-vyhodna-nabidka-9492\/\" \/>\n<meta property=\"og:locale\" content=\"cs_CZ\" \/>\n<meta property=\"og:type\" content=\"article\" \/>\n<meta property=\"og:title\" content=\"DenBraven Zna\u010dkovac\u00ed sprej 500ml \u010cerven\u00e1 V\u00fdhodn\u00e1 Nab\u00eddka -\" \/>\n<meta property=\"og:description\" content=\"Je ur\u010dena pro zna\u010den\u00ed a veden\u00ed in\u017een\u00fdrsk\u00fdch s\u00edt\u00ed, vyty\u010dov\u00e1n\u00ed pro zemn\u00ed pr\u00e1ce, zna\u010den\u00ed napaden\u00fdch strom\u016f a mnoho dal\u0161\u00edch. Syt\u00e1 a velmi jasn\u00e1 nepr\u016fsvitn\u00e1 barva vhodn\u00e1 na d\u0159evo, kov, beton, asfalt, k\u00e1men, zeminu aj. Odoln\u00e1 proti od\u011bru, vod\u011b, b\u011b\u017en\u00e9 stavebn\u00ed chemii a pov\u011btrnostn\u00edm vliv\u016fm.\" \/>\n<meta property=\"og:url\" content=\"https:\/\/www.koupelnapro.com\/index.php\/produkt\/denbraven-znackovaci-sprej-500ml-cervena-vyhodna-nabidka-9492\/\" \/>\n<meta property=\"og:image\" content=\"https:\/\/www.koupelnapro.com\/wp-content\/uploads\/2026\/SK0003063-CZ20260425-091813-0-1777079894-gall_84fe7efd-0f4c-4070-a06b-d6e08bfda07134504-znackovaci-s.webp\" \/>\n\t<meta property=\"og:image:width\" content=\"420\" \/>\n\t<meta property=\"og:image:height\" content=\"420\" \/>\n\t<meta property=\"og:image:type\" content=\"image\/webp\" \/>\n<meta name=\"twitter:card\" content=\"summary_large_image\" \/>\n<script type=\"application\/ld+json\" class=\"yoast-schema-graph\">{\"@context\":\"https:\/\/schema.org\",\"@graph\":[{\"@type\":\"WebPage\",\"@id\":\"https:\/\/www.koupelnapro.com\/index.php\/produkt\/denbraven-znackovaci-sprej-500ml-cervena-vyhodna-nabidka-9492\/\",\"url\":\"https:\/\/www.koupelnapro.com\/index.php\/produkt\/denbraven-znackovaci-sprej-500ml-cervena-vyhodna-nabidka-9492\/\",\"name\":\"DenBraven Zna\u010dkovac\u00ed sprej 500ml \u010cerven\u00e1 V\u00fdhodn\u00e1 Nab\u00eddka -\",\"isPartOf\":{\"@id\":\"https:\/\/www.koupelnapro.com\/#website\"},\"primaryImageOfPage\":{\"@id\":\"https:\/\/www.koupelnapro.com\/index.php\/produkt\/denbraven-znackovaci-sprej-500ml-cervena-vyhodna-nabidka-9492\/#primaryimage\"},\"image\":{\"@id\":\"https:\/\/www.koupelnapro.com\/index.php\/produkt\/denbraven-znackovaci-sprej-500ml-cervena-vyhodna-nabidka-9492\/#primaryimage\"},\"thumbnailUrl\":\"https:\/\/www.koupelnapro.com\/wp-content\/uploads\/2026\/SK0003063-CZ20260425-091813-0-1777079894-gall_84fe7efd-0f4c-4070-a06b-d6e08bfda07134504-znackovaci-s.webp\",\"datePublished\":\"2026-04-26T09:13:26+00:00\",\"breadcrumb\":{\"@id\":\"https:\/\/www.koupelnapro.com\/index.php\/produkt\/denbraven-znackovaci-sprej-500ml-cervena-vyhodna-nabidka-9492\/#breadcrumb\"},\"inLanguage\":\"cs\",\"potentialAction\":[{\"@type\":\"ReadAction\",\"target\":[\"https:\/\/www.koupelnapro.com\/index.php\/produkt\/denbraven-znackovaci-sprej-500ml-cervena-vyhodna-nabidka-9492\/\"]}]},{\"@type\":\"ImageObject\",\"inLanguage\":\"cs\",\"@id\":\"https:\/\/www.koupelnapro.com\/index.php\/produkt\/denbraven-znackovaci-sprej-500ml-cervena-vyhodna-nabidka-9492\/#primaryimage\",\"url\":\"https:\/\/www.koupelnapro.com\/wp-content\/uploads\/2026\/SK0003063-CZ20260425-091813-0-1777079894-gall_84fe7efd-0f4c-4070-a06b-d6e08bfda07134504-znackovaci-s.webp\",\"contentUrl\":\"https:\/\/www.koupelnapro.com\/wp-content\/uploads\/2026\/SK0003063-CZ20260425-091813-0-1777079894-gall_84fe7efd-0f4c-4070-a06b-d6e08bfda07134504-znackovaci-s.webp\",\"width\":420,\"height\":420},{\"@type\":\"BreadcrumbList\",\"@id\":\"https:\/\/www.koupelnapro.com\/index.php\/produkt\/denbraven-znackovaci-sprej-500ml-cervena-vyhodna-nabidka-9492\/#breadcrumb\",\"itemListElement\":[{\"@type\":\"ListItem\",\"position\":1,\"name\":\"Home\",\"item\":\"https:\/\/www.koupelnapro.com\/\"},{\"@type\":\"ListItem\",\"position\":2,\"name\":\"Products\",\"item\":\"https:\/\/www.koupelnapro.com\/index.php\/products\/\"},{\"@type\":\"ListItem\",\"position\":3,\"name\":\"DenBraven Zna\u010dkovac\u00ed sprej 500ml \u010cerven\u00e1 V\u00fdhodn\u00e1 Nab\u00eddka\"}]},{\"@type\":\"WebSite\",\"@id\":\"https:\/\/www.koupelnapro.com\/#website\",\"url\":\"https:\/\/www.koupelnapro.com\/\",\"name\":\"\",\"description\":\"\",\"potentialAction\":[{\"@type\":\"SearchAction\",\"target\":{\"@type\":\"EntryPoint\",\"urlTemplate\":\"https:\/\/www.koupelnapro.com\/?s={search_term_string}\"},\"query-input\":{\"@type\":\"PropertyValueSpecification\",\"valueRequired\":true,\"valueName\":\"search_term_string\"}}],\"inLanguage\":\"cs\"}]}<\/script>\n<!-- \/ Yoast SEO plugin. -->","yoast_head_json":{"title":"DenBraven Zna\u010dkovac\u00ed sprej 500ml \u010cerven\u00e1 V\u00fdhodn\u00e1 Nab\u00eddka -","robots":{"index":"index","follow":"follow","max-snippet":"max-snippet:-1","max-image-preview":"max-image-preview:large","max-video-preview":"max-video-preview:-1"},"canonical":"https:\/\/www.koupelnapro.com\/index.php\/produkt\/denbraven-znackovaci-sprej-500ml-cervena-vyhodna-nabidka-9492\/","og_locale":"cs_CZ","og_type":"article","og_title":"DenBraven Zna\u010dkovac\u00ed sprej 500ml \u010cerven\u00e1 V\u00fdhodn\u00e1 Nab\u00eddka -","og_description":"Je ur\u010dena pro zna\u010den\u00ed a veden\u00ed in\u017een\u00fdrsk\u00fdch s\u00edt\u00ed, vyty\u010dov\u00e1n\u00ed pro zemn\u00ed pr\u00e1ce, zna\u010den\u00ed napaden\u00fdch strom\u016f a mnoho dal\u0161\u00edch. Syt\u00e1 a velmi jasn\u00e1 nepr\u016fsvitn\u00e1 barva vhodn\u00e1 na d\u0159evo, kov, beton, asfalt, k\u00e1men, zeminu aj. Odoln\u00e1 proti od\u011bru, vod\u011b, b\u011b\u017en\u00e9 stavebn\u00ed chemii a pov\u011btrnostn\u00edm vliv\u016fm.","og_url":"https:\/\/www.koupelnapro.com\/index.php\/produkt\/denbraven-znackovaci-sprej-500ml-cervena-vyhodna-nabidka-9492\/","og_image":[{"width":420,"height":420,"url":"https:\/\/www.koupelnapro.com\/wp-content\/uploads\/2026\/SK0003063-CZ20260425-091813-0-1777079894-gall_84fe7efd-0f4c-4070-a06b-d6e08bfda07134504-znackovaci-s.webp","type":"image\/webp"}],"twitter_card":"summary_large_image","schema":{"@context":"https:\/\/schema.org","@graph":[{"@type":"WebPage","@id":"https:\/\/www.koupelnapro.com\/index.php\/produkt\/denbraven-znackovaci-sprej-500ml-cervena-vyhodna-nabidka-9492\/","url":"https:\/\/www.koupelnapro.com\/index.php\/produkt\/denbraven-znackovaci-sprej-500ml-cervena-vyhodna-nabidka-9492\/","name":"DenBraven Zna\u010dkovac\u00ed sprej 500ml \u010cerven\u00e1 V\u00fdhodn\u00e1 Nab\u00eddka -","isPartOf":{"@id":"https:\/\/www.koupelnapro.com\/#website"},"primaryImageOfPage":{"@id":"https:\/\/www.koupelnapro.com\/index.php\/produkt\/denbraven-znackovaci-sprej-500ml-cervena-vyhodna-nabidka-9492\/#primaryimage"},"image":{"@id":"https:\/\/www.koupelnapro.com\/index.php\/produkt\/denbraven-znackovaci-sprej-500ml-cervena-vyhodna-nabidka-9492\/#primaryimage"},"thumbnailUrl":"https:\/\/www.koupelnapro.com\/wp-content\/uploads\/2026\/SK0003063-CZ20260425-091813-0-1777079894-gall_84fe7efd-0f4c-4070-a06b-d6e08bfda07134504-znackovaci-s.webp","datePublished":"2026-04-26T09:13:26+00:00","breadcrumb":{"@id":"https:\/\/www.koupelnapro.com\/index.php\/produkt\/denbraven-znackovaci-sprej-500ml-cervena-vyhodna-nabidka-9492\/#breadcrumb"},"inLanguage":"cs","potentialAction":[{"@type":"ReadAction","target":["https:\/\/www.koupelnapro.com\/index.php\/produkt\/denbraven-znackovaci-sprej-500ml-cervena-vyhodna-nabidka-9492\/"]}]},{"@type":"ImageObject","inLanguage":"cs","@id":"https:\/\/www.koupelnapro.com\/index.php\/produkt\/denbraven-znackovaci-sprej-500ml-cervena-vyhodna-nabidka-9492\/#primaryimage","url":"https:\/\/www.koupelnapro.com\/wp-content\/uploads\/2026\/SK0003063-CZ20260425-091813-0-1777079894-gall_84fe7efd-0f4c-4070-a06b-d6e08bfda07134504-znackovaci-s.webp","contentUrl":"https:\/\/www.koupelnapro.com\/wp-content\/uploads\/2026\/SK0003063-CZ20260425-091813-0-1777079894-gall_84fe7efd-0f4c-4070-a06b-d6e08bfda07134504-znackovaci-s.webp","width":420,"height":420},{"@type":"BreadcrumbList","@id":"https:\/\/www.koupelnapro.com\/index.php\/produkt\/denbraven-znackovaci-sprej-500ml-cervena-vyhodna-nabidka-9492\/#breadcrumb","itemListElement":[{"@type":"ListItem","position":1,"name":"Home","item":"https:\/\/www.koupelnapro.com\/"},{"@type":"ListItem","position":2,"name":"Products","item":"https:\/\/www.koupelnapro.com\/index.php\/products\/"},{"@type":"ListItem","position":3,"name":"DenBraven Zna\u010dkovac\u00ed sprej 500ml \u010cerven\u00e1 V\u00fdhodn\u00e1 Nab\u00eddka"}]},{"@type":"WebSite","@id":"https:\/\/www.koupelnapro.com\/#website","url":"https:\/\/www.koupelnapro.com\/","name":"","description":"","potentialAction":[{"@type":"SearchAction","target":{"@type":"EntryPoint","urlTemplate":"https:\/\/www.koupelnapro.com\/?s={search_term_string}"},"query-input":{"@type":"PropertyValueSpecification","valueRequired":true,"valueName":"search_term_string"}}],"inLanguage":"cs"}]}},"_links":{"self":[{"href":"https:\/\/www.koupelnapro.com\/index.php\/wp-json\/wp\/v2\/product\/9492","targetHints":{"allow":["GET"]}}],"collection":[{"href":"https:\/\/www.koupelnapro.com\/index.php\/wp-json\/wp\/v2\/product"}],"about":[{"href":"https:\/\/www.koupelnapro.com\/index.php\/wp-json\/wp\/v2\/types\/product"}],"replies":[{"embeddable":true,"href":"https:\/\/www.koupelnapro.com\/index.php\/wp-json\/wp\/v2\/comments?post=9492"}],"wp:featuredmedia":[{"embeddable":true,"href":"https:\/\/www.koupelnapro.com\/index.php\/wp-json\/wp\/v2\/media\/9592"}],"wp:attachment":[{"href":"https:\/\/www.koupelnapro.com\/index.php\/wp-json\/wp\/v2\/media?parent=9492"}],"wp:term":[{"taxonomy":"product_brand","embeddable":true,"href":"https:\/\/www.koupelnapro.com\/index.php\/wp-json\/wp\/v2\/product_brand?post=9492"},{"taxonomy":"product_cat","embeddable":true,"href":"https:\/\/www.koupelnapro.com\/index.php\/wp-json\/wp\/v2\/product_cat?post=9492"},{"taxonomy":"product_tag","embeddable":true,"href":"https:\/\/www.koupelnapro.com\/index.php\/wp-json\/wp\/v2\/product_tag?post=9492"}],"curies":[{"name":"wp","href":"https:\/\/api.w.org\/{rel}","templated":true}]}}