{"id":9389,"date":"2026-04-26T09:13:25","date_gmt":"2026-04-26T09:13:25","guid":{"rendered":""},"modified":"2026-04-26T09:13:25","modified_gmt":"2026-04-26T09:13:25","slug":"zlevneny-denbraven-studnarska-pena-trubickova-750-ml-9389","status":"publish","type":"product","link":"https:\/\/www.koupelnapro.com\/index.php\/produkt\/zlevneny-denbraven-studnarska-pena-trubickova-750-ml-9389\/","title":{"rendered":"Zlevn\u011bn\u00fd DenBraven Studn\u00e1\u0159sk\u00e1 p\u011bna trubi\u010dkov\u00e1 &#8211; 750 ml"},"content":{"rendered":"<div class=\"tmc_edt\">\n<ul>\n<li><font face=\"Segoe UI\">Mont<span lang=\"EN\">\u00e1<\/span>\u017ee a t\u011bsn\u011bn\u00ed betonov\u00fdch studni\u010dn\u00edch skru\u017e\u00ed <\/font><\/li>\n<li><font face=\"Segoe UI\">T\u011bsn\u011bn\u00ed kanaliza\u010dn\u00edch sb\u011bra\u010d\u016f <\/font><\/li>\n<li><font face=\"Segoe UI\">T\u011bsn\u011bn\u00ed kontroln\u00edch, rozvodov\u00fdch, odpadn\u00edch a pr\u016flezov\u00fdch \u0161achet.<\/font><\/li>\n<li><font face=\"Segoe UI\">Pou\u017e<span lang=\"EN\">\u00edt na <\/span>\u010dist\u00e9 a odma\u0161t\u011bn\u00e9 povrchy. <\/font><\/li>\n<li><font face=\"Segoe UI\"><strong>Povrchy ohro\u017een\u00e9 zne\u010di\u0161t\u011bn\u00edm p\u0159ekr\u00fdt!<\/strong> <\/font><\/li>\n<li><font face=\"Segoe UI\">P\u0159ed nanesen\u00edm doporu\u010dujeme sav\u00fd podklad navlh\u010dit vodou pomoc\u00ed rozpra\u0161ova\u010de pro zv\u00fd\u0161en\u00ed expanze a kvalitn\u011bj\u0161\u00ed strukturu p\u011bny.<\/font><\/li>\n<li><font face=\"Segoe UI\"><strong><font size=\"3\">Nevytvrzenou p\u011bnu vy\u010dist<\/font><font face=\"Segoe UI\" size=\"3\"><font face=\"Segoe UI\" size=\"3\"><span lang=\"EN\">\u00edte <\/span><\/font><\/font><\/strong><font size=\"3\"><strong>\u010cisti\u010dem PU p\u011bny, <\/strong>vytvrzenou p\u011bnu lze odstranit pouze mechanicky. <\/font><\/font><\/li>\n<li><font face=\"Segoe UI\"><strong><font size=\"3\">P\u0159i pr<\/font><font face=\"Segoe UI\" size=\"3\"><font face=\"Segoe UI\" size=\"3\">\u00e1ci pou<\/font><\/font><font size=\"3\">\u017e<\/font><font face=\"Segoe UI\" size=\"3\"><font face=\"Segoe UI\" size=\"3\">\u00edvejte ochrann\u00e9 pom<\/font><\/font><font size=\"3\">\u016fcky. <\/font><\/strong><\/font><\/li>\n<li><font face=\"Segoe UI\"><strong><font size=\"3\">Podlahu zajist\u011bte proti pot\u0159<\/font><font face=\"Segoe UI\" size=\"3\"><font face=\"Segoe UI\" size=\"3\">\u00edsn<\/font><\/font><font size=\"3\">\u011bn<\/font><font face=\"Segoe UI\" size=\"3\"><font face=\"Segoe UI\" size=\"3\">\u00ed pap\u00edrem nebo f\u00f3li\u00ed.<\/font><\/font><\/strong><\/font><\/li>\n<\/ul><\/div>\n<\/p><\/div>\n","protected":false},"excerpt":{"rendered":"<p>Mont\u00e1\u017ee a t\u011bsn\u011bn\u00ed betonov\u00fdch studni\u010dn\u00edch skru\u017e\u00ed T\u011bsn\u011bn\u00ed kanaliza\u010dn\u00edch sb\u011bra\u010d\u016f T\u011bsn\u011bn\u00ed kontroln\u00edch, rozvodov\u00fdch, odpadn\u00edch a pr\u016flezov\u00fdch \u0161achet. Pou\u017e\u00edt na \u010dist\u00e9 a odma\u0161t\u011bn\u00e9 povrchy. Povrchy ohro\u017een\u00e9 zne\u010di\u0161t\u011bn\u00edm p\u0159ekr\u00fdt! P\u0159ed nanesen\u00edm doporu\u010dujeme sav\u00fd podklad navlh\u010dit vodou pomoc\u00ed rozpra\u0161ova\u010de pro zv\u00fd\u0161en\u00ed expanze a kvalitn\u011bj\u0161\u00ed strukturu p\u011bny. Nevytvrzenou p\u011bnu vy\u010dist\u00edte \u010cisti\u010dem PU p\u011bny, vytvrzenou p\u011bnu lze odstranit pouze mechanicky. P\u0159i [&hellip;]<\/p>\n","protected":false},"featured_media":9489,"comment_status":"open","ping_status":"open","template":"","meta":[],"product_brand":[],"product_cat":[62],"product_tag":[],"class_list":{"0":"post-9389","1":"product","2":"type-product","3":"status-publish","4":"has-post-thumbnail","6":"product_cat-stavebni-chemie","8":"first","9":"instock","10":"sale","11":"shipping-taxable","12":"purchasable","13":"product-type-simple"},"yoast_head":"<!-- This site is optimized with the Yoast SEO plugin v26.8 - https:\/\/yoast.com\/product\/yoast-seo-wordpress\/ -->\n<title>Zlevn\u011bn\u00fd DenBraven Studn\u00e1\u0159sk\u00e1 p\u011bna trubi\u010dkov\u00e1 - 750 ml -<\/title>\n<meta name=\"robots\" content=\"index, follow, max-snippet:-1, max-image-preview:large, max-video-preview:-1\" \/>\n<link rel=\"canonical\" href=\"https:\/\/www.koupelnapro.com\/index.php\/produkt\/zlevneny-denbraven-studnarska-pena-trubickova-750-ml-9389\/\" \/>\n<meta property=\"og:locale\" content=\"cs_CZ\" \/>\n<meta property=\"og:type\" content=\"article\" \/>\n<meta property=\"og:title\" content=\"Zlevn\u011bn\u00fd DenBraven Studn\u00e1\u0159sk\u00e1 p\u011bna trubi\u010dkov\u00e1 - 750 ml -\" \/>\n<meta property=\"og:description\" content=\"Mont\u00e1\u017ee a t\u011bsn\u011bn\u00ed betonov\u00fdch studni\u010dn\u00edch skru\u017e\u00ed T\u011bsn\u011bn\u00ed kanaliza\u010dn\u00edch sb\u011bra\u010d\u016f T\u011bsn\u011bn\u00ed kontroln\u00edch, rozvodov\u00fdch, odpadn\u00edch a pr\u016flezov\u00fdch \u0161achet. Pou\u017e\u00edt na \u010dist\u00e9 a odma\u0161t\u011bn\u00e9 povrchy. Povrchy ohro\u017een\u00e9 zne\u010di\u0161t\u011bn\u00edm p\u0159ekr\u00fdt! P\u0159ed nanesen\u00edm doporu\u010dujeme sav\u00fd podklad navlh\u010dit vodou pomoc\u00ed rozpra\u0161ova\u010de pro zv\u00fd\u0161en\u00ed expanze a kvalitn\u011bj\u0161\u00ed strukturu p\u011bny. Nevytvrzenou p\u011bnu vy\u010dist\u00edte \u010cisti\u010dem PU p\u011bny, vytvrzenou p\u011bnu lze odstranit pouze mechanicky. P\u0159i [&hellip;]\" \/>\n<meta property=\"og:url\" content=\"https:\/\/www.koupelnapro.com\/index.php\/produkt\/zlevneny-denbraven-studnarska-pena-trubickova-750-ml-9389\/\" \/>\n<meta property=\"og:image\" content=\"https:\/\/www.koupelnapro.com\/wp-content\/uploads\/2026\/SK0003060-CZ20260425-091813-0-1777079894-gall_bc7c202f-317c-47bb-bbaf-9a901967343234446-studnarska-p.webp\" \/>\n\t<meta property=\"og:image:width\" content=\"420\" \/>\n\t<meta property=\"og:image:height\" content=\"420\" \/>\n\t<meta property=\"og:image:type\" content=\"image\/webp\" \/>\n<meta name=\"twitter:card\" content=\"summary_large_image\" \/>\n<meta name=\"twitter:label1\" content=\"Odhadovan\u00e1 doba \u010dten\u00ed\" \/>\n\t<meta name=\"twitter:data1\" content=\"1 minuta\" \/>\n<script type=\"application\/ld+json\" class=\"yoast-schema-graph\">{\"@context\":\"https:\/\/schema.org\",\"@graph\":[{\"@type\":\"WebPage\",\"@id\":\"https:\/\/www.koupelnapro.com\/index.php\/produkt\/zlevneny-denbraven-studnarska-pena-trubickova-750-ml-9389\/\",\"url\":\"https:\/\/www.koupelnapro.com\/index.php\/produkt\/zlevneny-denbraven-studnarska-pena-trubickova-750-ml-9389\/\",\"name\":\"Zlevn\u011bn\u00fd DenBraven Studn\u00e1\u0159sk\u00e1 p\u011bna trubi\u010dkov\u00e1 - 750 ml -\",\"isPartOf\":{\"@id\":\"https:\/\/www.koupelnapro.com\/#website\"},\"primaryImageOfPage\":{\"@id\":\"https:\/\/www.koupelnapro.com\/index.php\/produkt\/zlevneny-denbraven-studnarska-pena-trubickova-750-ml-9389\/#primaryimage\"},\"image\":{\"@id\":\"https:\/\/www.koupelnapro.com\/index.php\/produkt\/zlevneny-denbraven-studnarska-pena-trubickova-750-ml-9389\/#primaryimage\"},\"thumbnailUrl\":\"https:\/\/www.koupelnapro.com\/wp-content\/uploads\/2026\/SK0003060-CZ20260425-091813-0-1777079894-gall_bc7c202f-317c-47bb-bbaf-9a901967343234446-studnarska-p.webp\",\"datePublished\":\"2026-04-26T09:13:25+00:00\",\"breadcrumb\":{\"@id\":\"https:\/\/www.koupelnapro.com\/index.php\/produkt\/zlevneny-denbraven-studnarska-pena-trubickova-750-ml-9389\/#breadcrumb\"},\"inLanguage\":\"cs\",\"potentialAction\":[{\"@type\":\"ReadAction\",\"target\":[\"https:\/\/www.koupelnapro.com\/index.php\/produkt\/zlevneny-denbraven-studnarska-pena-trubickova-750-ml-9389\/\"]}]},{\"@type\":\"ImageObject\",\"inLanguage\":\"cs\",\"@id\":\"https:\/\/www.koupelnapro.com\/index.php\/produkt\/zlevneny-denbraven-studnarska-pena-trubickova-750-ml-9389\/#primaryimage\",\"url\":\"https:\/\/www.koupelnapro.com\/wp-content\/uploads\/2026\/SK0003060-CZ20260425-091813-0-1777079894-gall_bc7c202f-317c-47bb-bbaf-9a901967343234446-studnarska-p.webp\",\"contentUrl\":\"https:\/\/www.koupelnapro.com\/wp-content\/uploads\/2026\/SK0003060-CZ20260425-091813-0-1777079894-gall_bc7c202f-317c-47bb-bbaf-9a901967343234446-studnarska-p.webp\",\"width\":420,\"height\":420},{\"@type\":\"BreadcrumbList\",\"@id\":\"https:\/\/www.koupelnapro.com\/index.php\/produkt\/zlevneny-denbraven-studnarska-pena-trubickova-750-ml-9389\/#breadcrumb\",\"itemListElement\":[{\"@type\":\"ListItem\",\"position\":1,\"name\":\"Home\",\"item\":\"https:\/\/www.koupelnapro.com\/\"},{\"@type\":\"ListItem\",\"position\":2,\"name\":\"Products\",\"item\":\"https:\/\/www.koupelnapro.com\/index.php\/products\/\"},{\"@type\":\"ListItem\",\"position\":3,\"name\":\"Zlevn\u011bn\u00fd DenBraven Studn\u00e1\u0159sk\u00e1 p\u011bna trubi\u010dkov\u00e1 &#8211; 750 ml\"}]},{\"@type\":\"WebSite\",\"@id\":\"https:\/\/www.koupelnapro.com\/#website\",\"url\":\"https:\/\/www.koupelnapro.com\/\",\"name\":\"\",\"description\":\"\",\"potentialAction\":[{\"@type\":\"SearchAction\",\"target\":{\"@type\":\"EntryPoint\",\"urlTemplate\":\"https:\/\/www.koupelnapro.com\/?s={search_term_string}\"},\"query-input\":{\"@type\":\"PropertyValueSpecification\",\"valueRequired\":true,\"valueName\":\"search_term_string\"}}],\"inLanguage\":\"cs\"}]}<\/script>\n<!-- \/ Yoast SEO plugin. -->","yoast_head_json":{"title":"Zlevn\u011bn\u00fd DenBraven Studn\u00e1\u0159sk\u00e1 p\u011bna trubi\u010dkov\u00e1 - 750 ml -","robots":{"index":"index","follow":"follow","max-snippet":"max-snippet:-1","max-image-preview":"max-image-preview:large","max-video-preview":"max-video-preview:-1"},"canonical":"https:\/\/www.koupelnapro.com\/index.php\/produkt\/zlevneny-denbraven-studnarska-pena-trubickova-750-ml-9389\/","og_locale":"cs_CZ","og_type":"article","og_title":"Zlevn\u011bn\u00fd DenBraven Studn\u00e1\u0159sk\u00e1 p\u011bna trubi\u010dkov\u00e1 - 750 ml -","og_description":"Mont\u00e1\u017ee a t\u011bsn\u011bn\u00ed betonov\u00fdch studni\u010dn\u00edch skru\u017e\u00ed T\u011bsn\u011bn\u00ed kanaliza\u010dn\u00edch sb\u011bra\u010d\u016f T\u011bsn\u011bn\u00ed kontroln\u00edch, rozvodov\u00fdch, odpadn\u00edch a pr\u016flezov\u00fdch \u0161achet. Pou\u017e\u00edt na \u010dist\u00e9 a odma\u0161t\u011bn\u00e9 povrchy. Povrchy ohro\u017een\u00e9 zne\u010di\u0161t\u011bn\u00edm p\u0159ekr\u00fdt! P\u0159ed nanesen\u00edm doporu\u010dujeme sav\u00fd podklad navlh\u010dit vodou pomoc\u00ed rozpra\u0161ova\u010de pro zv\u00fd\u0161en\u00ed expanze a kvalitn\u011bj\u0161\u00ed strukturu p\u011bny. Nevytvrzenou p\u011bnu vy\u010dist\u00edte \u010cisti\u010dem PU p\u011bny, vytvrzenou p\u011bnu lze odstranit pouze mechanicky. P\u0159i [&hellip;]","og_url":"https:\/\/www.koupelnapro.com\/index.php\/produkt\/zlevneny-denbraven-studnarska-pena-trubickova-750-ml-9389\/","og_image":[{"width":420,"height":420,"url":"https:\/\/www.koupelnapro.com\/wp-content\/uploads\/2026\/SK0003060-CZ20260425-091813-0-1777079894-gall_bc7c202f-317c-47bb-bbaf-9a901967343234446-studnarska-p.webp","type":"image\/webp"}],"twitter_card":"summary_large_image","twitter_misc":{"Odhadovan\u00e1 doba \u010dten\u00ed":"1 minuta"},"schema":{"@context":"https:\/\/schema.org","@graph":[{"@type":"WebPage","@id":"https:\/\/www.koupelnapro.com\/index.php\/produkt\/zlevneny-denbraven-studnarska-pena-trubickova-750-ml-9389\/","url":"https:\/\/www.koupelnapro.com\/index.php\/produkt\/zlevneny-denbraven-studnarska-pena-trubickova-750-ml-9389\/","name":"Zlevn\u011bn\u00fd DenBraven Studn\u00e1\u0159sk\u00e1 p\u011bna trubi\u010dkov\u00e1 - 750 ml -","isPartOf":{"@id":"https:\/\/www.koupelnapro.com\/#website"},"primaryImageOfPage":{"@id":"https:\/\/www.koupelnapro.com\/index.php\/produkt\/zlevneny-denbraven-studnarska-pena-trubickova-750-ml-9389\/#primaryimage"},"image":{"@id":"https:\/\/www.koupelnapro.com\/index.php\/produkt\/zlevneny-denbraven-studnarska-pena-trubickova-750-ml-9389\/#primaryimage"},"thumbnailUrl":"https:\/\/www.koupelnapro.com\/wp-content\/uploads\/2026\/SK0003060-CZ20260425-091813-0-1777079894-gall_bc7c202f-317c-47bb-bbaf-9a901967343234446-studnarska-p.webp","datePublished":"2026-04-26T09:13:25+00:00","breadcrumb":{"@id":"https:\/\/www.koupelnapro.com\/index.php\/produkt\/zlevneny-denbraven-studnarska-pena-trubickova-750-ml-9389\/#breadcrumb"},"inLanguage":"cs","potentialAction":[{"@type":"ReadAction","target":["https:\/\/www.koupelnapro.com\/index.php\/produkt\/zlevneny-denbraven-studnarska-pena-trubickova-750-ml-9389\/"]}]},{"@type":"ImageObject","inLanguage":"cs","@id":"https:\/\/www.koupelnapro.com\/index.php\/produkt\/zlevneny-denbraven-studnarska-pena-trubickova-750-ml-9389\/#primaryimage","url":"https:\/\/www.koupelnapro.com\/wp-content\/uploads\/2026\/SK0003060-CZ20260425-091813-0-1777079894-gall_bc7c202f-317c-47bb-bbaf-9a901967343234446-studnarska-p.webp","contentUrl":"https:\/\/www.koupelnapro.com\/wp-content\/uploads\/2026\/SK0003060-CZ20260425-091813-0-1777079894-gall_bc7c202f-317c-47bb-bbaf-9a901967343234446-studnarska-p.webp","width":420,"height":420},{"@type":"BreadcrumbList","@id":"https:\/\/www.koupelnapro.com\/index.php\/produkt\/zlevneny-denbraven-studnarska-pena-trubickova-750-ml-9389\/#breadcrumb","itemListElement":[{"@type":"ListItem","position":1,"name":"Home","item":"https:\/\/www.koupelnapro.com\/"},{"@type":"ListItem","position":2,"name":"Products","item":"https:\/\/www.koupelnapro.com\/index.php\/products\/"},{"@type":"ListItem","position":3,"name":"Zlevn\u011bn\u00fd DenBraven Studn\u00e1\u0159sk\u00e1 p\u011bna trubi\u010dkov\u00e1 &#8211; 750 ml"}]},{"@type":"WebSite","@id":"https:\/\/www.koupelnapro.com\/#website","url":"https:\/\/www.koupelnapro.com\/","name":"","description":"","potentialAction":[{"@type":"SearchAction","target":{"@type":"EntryPoint","urlTemplate":"https:\/\/www.koupelnapro.com\/?s={search_term_string}"},"query-input":{"@type":"PropertyValueSpecification","valueRequired":true,"valueName":"search_term_string"}}],"inLanguage":"cs"}]}},"_links":{"self":[{"href":"https:\/\/www.koupelnapro.com\/index.php\/wp-json\/wp\/v2\/product\/9389","targetHints":{"allow":["GET"]}}],"collection":[{"href":"https:\/\/www.koupelnapro.com\/index.php\/wp-json\/wp\/v2\/product"}],"about":[{"href":"https:\/\/www.koupelnapro.com\/index.php\/wp-json\/wp\/v2\/types\/product"}],"replies":[{"embeddable":true,"href":"https:\/\/www.koupelnapro.com\/index.php\/wp-json\/wp\/v2\/comments?post=9389"}],"wp:featuredmedia":[{"embeddable":true,"href":"https:\/\/www.koupelnapro.com\/index.php\/wp-json\/wp\/v2\/media\/9489"}],"wp:attachment":[{"href":"https:\/\/www.koupelnapro.com\/index.php\/wp-json\/wp\/v2\/media?parent=9389"}],"wp:term":[{"taxonomy":"product_brand","embeddable":true,"href":"https:\/\/www.koupelnapro.com\/index.php\/wp-json\/wp\/v2\/product_brand?post=9389"},{"taxonomy":"product_cat","embeddable":true,"href":"https:\/\/www.koupelnapro.com\/index.php\/wp-json\/wp\/v2\/product_cat?post=9389"},{"taxonomy":"product_tag","embeddable":true,"href":"https:\/\/www.koupelnapro.com\/index.php\/wp-json\/wp\/v2\/product_tag?post=9389"}],"curies":[{"name":"wp","href":"https:\/\/api.w.org\/{rel}","templated":true}]}}