{"id":9374,"date":"2026-04-26T09:13:25","date_gmt":"2026-04-26T09:13:25","guid":{"rendered":""},"modified":"2026-04-26T09:13:25","modified_gmt":"2026-04-26T09:13:25","slug":"originalni-fischer-vrut-powerfast-fpf-ii-ctf-5-0-x-45-bc-50-torx-bal-50-ks-9374","status":"publish","type":"product","link":"https:\/\/www.koupelnapro.com\/index.php\/produkt\/originalni-fischer-vrut-powerfast-fpf-ii-ctf-5-0-x-45-bc-50-torx-bal-50-ks-9374\/","title":{"rendered":"Origin\u00e1ln\u00ed fischer vrut PowerFast FPF II CTF 5,0 \u00d7 45 BC 50 &#8211; Torx (bal. 50 ks)"},"content":{"rendered":"<div class=\"tmc_edt\">\n<ul>\n<li><font face=\"Segoe UI\">Hv\u011bzdicov<span lang=\"EN\">\u00e1 dr\u00e1<\/span>\u017eka Torx poskytuje bitu nejvy\u0161\u0161\u00ed stabilitu a spolehliv\u00fd p\u0159enos krout\u00edc\u00edho momentu pot\u0159ebn\u00e9ho pro za\u0161roubov\u00e1n\u00ed vrutu do roviny s povrchem d\u0159eva. <\/font><\/li>\n<li><font face=\"Segoe UI\">Pr\u016fb\u011b\u017en\u00fd z\u00e1vit a\u017e k hlav\u011b vrutu zaru\u010duje vysok\u00fd a spolehliv\u00fd p\u0159enos s\u00edly. <\/font><\/li>\n<li><font face=\"Segoe UI\">Vruty s cel\u00fdm z\u00e1vitem jsou vhodn\u00e9 ke spojov\u00e1n\u00ed dvou d\u0159ev\u011bn\u00fdch prvk\u016f, ale tak\u00e9 k upevn\u011bn\u00ed stavebn\u00edch a interi\u00e9rov\u00fdch kov\u00e1n\u00ed na d\u0159evo, \u010di dve\u0159e a okna.<\/font><\/li>\n<\/ul>\n<p><font face=\"Segoe UI\">&nbsp;&nbsp;&nbsp;&nbsp; <font face=\"Segoe UI\">&nbsp;&nbsp;&nbsp;&nbsp; <strong>V\u00fdhody<\/strong><\/font><\/font><\/p>\n<ul>\n<li><font face=\"Segoe UI\">Inovovan\u00fd tvar nov\u00e9ho vrutu fischer Power-Fast II stoj\u00ed za jeho rychlou mont\u00e1\u017e\u00ed.<\/font><\/li>\n<li><font face=\"Segoe UI\">Pou\u017eit\u00ed je snadn\u00e9 a hladk\u00e9.<\/font><\/li>\n<li><font face=\"Segoe UI\">V porovn\u00e1n\u00ed s b\u011b\u017en\u00fdmi vruty FPF II podstatn\u011b m\u00e9n\u011b \u0161t\u00edpe subtiln\u00ed d\u0159ev\u011bn\u00e9 prvky.<\/font><\/li>\n<li><font face=\"Segoe UI\">Vrut Power-Fast II je opat\u0159en\u00fd vysoce kvalitn\u00edm kluzn\u00fdm voskem, kter\u00fd sni\u017euje odpor p\u0159i \u0161roubov\u00e1n\u00ed, urychluje a usnad\u0148uje mont\u00e1\u017e.<\/font><\/li>\n<li><font face=\"Segoe UI\">B\u00edl\u00fd (modr\u00fd) zinek neobsahuje chrom VI, a tak neohro\u017euje \u017eivotn\u00ed prost\u0159ed\u00ed.<\/font><\/li>\n<\/ul>\n<p><span lang=\"EN\"><font face=\"Segoe UI\">&nbsp;&nbsp;&nbsp;&nbsp;&nbsp;&nbsp;&nbsp;&nbsp;<strong> Aplikace<\/strong><\/font><\/span><\/p>\n<ul>\n<li><font face=\"Segoe UI\">Pro pou\u017eit\u00ed do nosn\u00fdch d\u0159ev\u011bn\u00fdch konstrukc\u00ed zhotoven\u00fdch z masivu, lepen\u00fdch i laminovan\u00fdch nosn\u00edk\u016f apod.<\/font><\/li>\n<li><font face=\"Segoe UI\">K upevn\u011bn\u00ed kovov\u00fdch prvk\u016f na d\u0159evo, nap\u0159. \u00faheln\u00edk\u016f, tesa\u0159sk\u00fdch patek, t\u0159men\u016f, z\u00e1v\u011bs\u016f apod.<\/font><\/li>\n<li><font face=\"Segoe UI\">Vhodn\u00fd pro pou\u017eit\u00ed s fischer hmo\u017edinkami s garanc\u00ed jejich maxim\u00e1ln\u00ed \u00fanosnosti.<\/font><\/li>\n<\/ul>\n<p><font face=\"Segoe UI\"><font face=\"Segoe UI\">&nbsp;&nbsp;&nbsp;&nbsp;&nbsp;&nbsp;&nbsp; <strong>Stavebn\u00ed materi\u00e1ly<\/strong><\/font><\/font><\/p>\n<ul>\n<li><font face=\"Segoe UI\">Prvky z masivn\u00edho m\u011bkk\u00e9ho i tvrd\u00e9ho d\u0159eva<\/font><\/li>\n<li><font face=\"Segoe UI\">Lepen\u00fd d\u0159ev\u011bn\u00fd nosn\u00edk<\/font><\/li>\n<li><font face=\"Segoe UI\">Vrstven\u00e9 lepen\u00e9 desky<\/font><\/li>\n<li><font face=\"Segoe UI\">P\u0159ekli\u017eka<\/font><\/li>\n<li><font face=\"Segoe UI\">Podobn\u00e9 lepen\u00e9 d\u0159ev\u011bn\u00e9 prvky a desky na b\u00e1zi d\u0159eva<\/font><\/li>\n<\/ul>\n<p><font face=\"Segoe UI\"><\/font><\/p>\n<\/p><\/div>\n<\/p><\/div>\n","protected":false},"excerpt":{"rendered":"<p>Hv\u011bzdicov\u00e1 dr\u00e1\u017eka Torx poskytuje bitu nejvy\u0161\u0161\u00ed stabilitu a spolehliv\u00fd p\u0159enos krout\u00edc\u00edho momentu pot\u0159ebn\u00e9ho pro za\u0161roubov\u00e1n\u00ed vrutu do roviny s povrchem d\u0159eva. Pr\u016fb\u011b\u017en\u00fd z\u00e1vit a\u017e k hlav\u011b vrutu zaru\u010duje vysok\u00fd a spolehliv\u00fd p\u0159enos s\u00edly. Vruty s cel\u00fdm z\u00e1vitem jsou vhodn\u00e9 ke spojov\u00e1n\u00ed dvou d\u0159ev\u011bn\u00fdch prvk\u016f, ale tak\u00e9 k upevn\u011bn\u00ed stavebn\u00edch a interi\u00e9rov\u00fdch kov\u00e1n\u00ed na d\u0159evo, \u010di [&hellip;]<\/p>\n","protected":false},"featured_media":9474,"comment_status":"open","ping_status":"open","template":"","meta":[],"product_brand":[],"product_cat":[51],"product_tag":[],"class_list":{"0":"post-9374","1":"product","2":"type-product","3":"status-publish","4":"has-post-thumbnail","6":"product_cat-spojovaci-material","8":"first","9":"instock","10":"sale","11":"shipping-taxable","12":"purchasable","13":"product-type-simple"},"yoast_head":"<!-- This site is optimized with the Yoast SEO plugin v26.8 - https:\/\/yoast.com\/product\/yoast-seo-wordpress\/ -->\n<title>Origin\u00e1ln\u00ed fischer vrut PowerFast FPF II CTF 5,0 \u00d7 45 BC 50 - Torx (bal. 50 ks) -<\/title>\n<meta name=\"robots\" content=\"index, follow, max-snippet:-1, max-image-preview:large, max-video-preview:-1\" \/>\n<link rel=\"canonical\" href=\"https:\/\/www.koupelnapro.com\/index.php\/produkt\/originalni-fischer-vrut-powerfast-fpf-ii-ctf-5-0-x-45-bc-50-torx-bal-50-ks-9374\/\" \/>\n<meta property=\"og:locale\" content=\"cs_CZ\" \/>\n<meta property=\"og:type\" content=\"article\" \/>\n<meta property=\"og:title\" content=\"Origin\u00e1ln\u00ed fischer vrut PowerFast FPF II CTF 5,0 \u00d7 45 BC 50 - Torx (bal. 50 ks) -\" \/>\n<meta property=\"og:description\" content=\"Hv\u011bzdicov\u00e1 dr\u00e1\u017eka Torx poskytuje bitu nejvy\u0161\u0161\u00ed stabilitu a spolehliv\u00fd p\u0159enos krout\u00edc\u00edho momentu pot\u0159ebn\u00e9ho pro za\u0161roubov\u00e1n\u00ed vrutu do roviny s povrchem d\u0159eva. Pr\u016fb\u011b\u017en\u00fd z\u00e1vit a\u017e k hlav\u011b vrutu zaru\u010duje vysok\u00fd a spolehliv\u00fd p\u0159enos s\u00edly. Vruty s cel\u00fdm z\u00e1vitem jsou vhodn\u00e9 ke spojov\u00e1n\u00ed dvou d\u0159ev\u011bn\u00fdch prvk\u016f, ale tak\u00e9 k upevn\u011bn\u00ed stavebn\u00edch a interi\u00e9rov\u00fdch kov\u00e1n\u00ed na d\u0159evo, \u010di [&hellip;]\" \/>\n<meta property=\"og:url\" content=\"https:\/\/www.koupelnapro.com\/index.php\/produkt\/originalni-fischer-vrut-powerfast-fpf-ii-ctf-5-0-x-45-bc-50-torx-bal-50-ks-9374\/\" \/>\n<meta property=\"og:image\" content=\"https:\/\/www.koupelnapro.com\/wp-content\/uploads\/2026\/SK0003045-CZ20260425-091813-0-1777079894-gall_1ed88e1f-e988-41ad-ba35-38fe08812a1534059-fischer-vrut.webp\" \/>\n\t<meta property=\"og:image:width\" content=\"420\" \/>\n\t<meta property=\"og:image:height\" content=\"420\" \/>\n\t<meta property=\"og:image:type\" content=\"image\/webp\" \/>\n<meta name=\"twitter:card\" content=\"summary_large_image\" \/>\n<meta name=\"twitter:label1\" content=\"Odhadovan\u00e1 doba \u010dten\u00ed\" \/>\n\t<meta name=\"twitter:data1\" content=\"1 minuta\" \/>\n<script type=\"application\/ld+json\" class=\"yoast-schema-graph\">{\"@context\":\"https:\/\/schema.org\",\"@graph\":[{\"@type\":\"WebPage\",\"@id\":\"https:\/\/www.koupelnapro.com\/index.php\/produkt\/originalni-fischer-vrut-powerfast-fpf-ii-ctf-5-0-x-45-bc-50-torx-bal-50-ks-9374\/\",\"url\":\"https:\/\/www.koupelnapro.com\/index.php\/produkt\/originalni-fischer-vrut-powerfast-fpf-ii-ctf-5-0-x-45-bc-50-torx-bal-50-ks-9374\/\",\"name\":\"Origin\u00e1ln\u00ed fischer vrut PowerFast FPF II CTF 5,0 \u00d7 45 BC 50 - Torx (bal. 50 ks) -\",\"isPartOf\":{\"@id\":\"https:\/\/www.koupelnapro.com\/#website\"},\"primaryImageOfPage\":{\"@id\":\"https:\/\/www.koupelnapro.com\/index.php\/produkt\/originalni-fischer-vrut-powerfast-fpf-ii-ctf-5-0-x-45-bc-50-torx-bal-50-ks-9374\/#primaryimage\"},\"image\":{\"@id\":\"https:\/\/www.koupelnapro.com\/index.php\/produkt\/originalni-fischer-vrut-powerfast-fpf-ii-ctf-5-0-x-45-bc-50-torx-bal-50-ks-9374\/#primaryimage\"},\"thumbnailUrl\":\"https:\/\/www.koupelnapro.com\/wp-content\/uploads\/2026\/SK0003045-CZ20260425-091813-0-1777079894-gall_1ed88e1f-e988-41ad-ba35-38fe08812a1534059-fischer-vrut.webp\",\"datePublished\":\"2026-04-26T09:13:25+00:00\",\"breadcrumb\":{\"@id\":\"https:\/\/www.koupelnapro.com\/index.php\/produkt\/originalni-fischer-vrut-powerfast-fpf-ii-ctf-5-0-x-45-bc-50-torx-bal-50-ks-9374\/#breadcrumb\"},\"inLanguage\":\"cs\",\"potentialAction\":[{\"@type\":\"ReadAction\",\"target\":[\"https:\/\/www.koupelnapro.com\/index.php\/produkt\/originalni-fischer-vrut-powerfast-fpf-ii-ctf-5-0-x-45-bc-50-torx-bal-50-ks-9374\/\"]}]},{\"@type\":\"ImageObject\",\"inLanguage\":\"cs\",\"@id\":\"https:\/\/www.koupelnapro.com\/index.php\/produkt\/originalni-fischer-vrut-powerfast-fpf-ii-ctf-5-0-x-45-bc-50-torx-bal-50-ks-9374\/#primaryimage\",\"url\":\"https:\/\/www.koupelnapro.com\/wp-content\/uploads\/2026\/SK0003045-CZ20260425-091813-0-1777079894-gall_1ed88e1f-e988-41ad-ba35-38fe08812a1534059-fischer-vrut.webp\",\"contentUrl\":\"https:\/\/www.koupelnapro.com\/wp-content\/uploads\/2026\/SK0003045-CZ20260425-091813-0-1777079894-gall_1ed88e1f-e988-41ad-ba35-38fe08812a1534059-fischer-vrut.webp\",\"width\":420,\"height\":420},{\"@type\":\"BreadcrumbList\",\"@id\":\"https:\/\/www.koupelnapro.com\/index.php\/produkt\/originalni-fischer-vrut-powerfast-fpf-ii-ctf-5-0-x-45-bc-50-torx-bal-50-ks-9374\/#breadcrumb\",\"itemListElement\":[{\"@type\":\"ListItem\",\"position\":1,\"name\":\"Home\",\"item\":\"https:\/\/www.koupelnapro.com\/\"},{\"@type\":\"ListItem\",\"position\":2,\"name\":\"Products\",\"item\":\"https:\/\/www.koupelnapro.com\/index.php\/products\/\"},{\"@type\":\"ListItem\",\"position\":3,\"name\":\"Origin\u00e1ln\u00ed fischer vrut PowerFast FPF II CTF 5,0 \u00d7 45 BC 50 &#8211; Torx (bal. 50 ks)\"}]},{\"@type\":\"WebSite\",\"@id\":\"https:\/\/www.koupelnapro.com\/#website\",\"url\":\"https:\/\/www.koupelnapro.com\/\",\"name\":\"\",\"description\":\"\",\"potentialAction\":[{\"@type\":\"SearchAction\",\"target\":{\"@type\":\"EntryPoint\",\"urlTemplate\":\"https:\/\/www.koupelnapro.com\/?s={search_term_string}\"},\"query-input\":{\"@type\":\"PropertyValueSpecification\",\"valueRequired\":true,\"valueName\":\"search_term_string\"}}],\"inLanguage\":\"cs\"}]}<\/script>\n<!-- \/ Yoast SEO plugin. -->","yoast_head_json":{"title":"Origin\u00e1ln\u00ed fischer vrut PowerFast FPF II CTF 5,0 \u00d7 45 BC 50 - Torx (bal. 50 ks) -","robots":{"index":"index","follow":"follow","max-snippet":"max-snippet:-1","max-image-preview":"max-image-preview:large","max-video-preview":"max-video-preview:-1"},"canonical":"https:\/\/www.koupelnapro.com\/index.php\/produkt\/originalni-fischer-vrut-powerfast-fpf-ii-ctf-5-0-x-45-bc-50-torx-bal-50-ks-9374\/","og_locale":"cs_CZ","og_type":"article","og_title":"Origin\u00e1ln\u00ed fischer vrut PowerFast FPF II CTF 5,0 \u00d7 45 BC 50 - Torx (bal. 50 ks) -","og_description":"Hv\u011bzdicov\u00e1 dr\u00e1\u017eka Torx poskytuje bitu nejvy\u0161\u0161\u00ed stabilitu a spolehliv\u00fd p\u0159enos krout\u00edc\u00edho momentu pot\u0159ebn\u00e9ho pro za\u0161roubov\u00e1n\u00ed vrutu do roviny s povrchem d\u0159eva. Pr\u016fb\u011b\u017en\u00fd z\u00e1vit a\u017e k hlav\u011b vrutu zaru\u010duje vysok\u00fd a spolehliv\u00fd p\u0159enos s\u00edly. Vruty s cel\u00fdm z\u00e1vitem jsou vhodn\u00e9 ke spojov\u00e1n\u00ed dvou d\u0159ev\u011bn\u00fdch prvk\u016f, ale tak\u00e9 k upevn\u011bn\u00ed stavebn\u00edch a interi\u00e9rov\u00fdch kov\u00e1n\u00ed na d\u0159evo, \u010di [&hellip;]","og_url":"https:\/\/www.koupelnapro.com\/index.php\/produkt\/originalni-fischer-vrut-powerfast-fpf-ii-ctf-5-0-x-45-bc-50-torx-bal-50-ks-9374\/","og_image":[{"width":420,"height":420,"url":"https:\/\/www.koupelnapro.com\/wp-content\/uploads\/2026\/SK0003045-CZ20260425-091813-0-1777079894-gall_1ed88e1f-e988-41ad-ba35-38fe08812a1534059-fischer-vrut.webp","type":"image\/webp"}],"twitter_card":"summary_large_image","twitter_misc":{"Odhadovan\u00e1 doba \u010dten\u00ed":"1 minuta"},"schema":{"@context":"https:\/\/schema.org","@graph":[{"@type":"WebPage","@id":"https:\/\/www.koupelnapro.com\/index.php\/produkt\/originalni-fischer-vrut-powerfast-fpf-ii-ctf-5-0-x-45-bc-50-torx-bal-50-ks-9374\/","url":"https:\/\/www.koupelnapro.com\/index.php\/produkt\/originalni-fischer-vrut-powerfast-fpf-ii-ctf-5-0-x-45-bc-50-torx-bal-50-ks-9374\/","name":"Origin\u00e1ln\u00ed fischer vrut PowerFast FPF II CTF 5,0 \u00d7 45 BC 50 - Torx (bal. 50 ks) -","isPartOf":{"@id":"https:\/\/www.koupelnapro.com\/#website"},"primaryImageOfPage":{"@id":"https:\/\/www.koupelnapro.com\/index.php\/produkt\/originalni-fischer-vrut-powerfast-fpf-ii-ctf-5-0-x-45-bc-50-torx-bal-50-ks-9374\/#primaryimage"},"image":{"@id":"https:\/\/www.koupelnapro.com\/index.php\/produkt\/originalni-fischer-vrut-powerfast-fpf-ii-ctf-5-0-x-45-bc-50-torx-bal-50-ks-9374\/#primaryimage"},"thumbnailUrl":"https:\/\/www.koupelnapro.com\/wp-content\/uploads\/2026\/SK0003045-CZ20260425-091813-0-1777079894-gall_1ed88e1f-e988-41ad-ba35-38fe08812a1534059-fischer-vrut.webp","datePublished":"2026-04-26T09:13:25+00:00","breadcrumb":{"@id":"https:\/\/www.koupelnapro.com\/index.php\/produkt\/originalni-fischer-vrut-powerfast-fpf-ii-ctf-5-0-x-45-bc-50-torx-bal-50-ks-9374\/#breadcrumb"},"inLanguage":"cs","potentialAction":[{"@type":"ReadAction","target":["https:\/\/www.koupelnapro.com\/index.php\/produkt\/originalni-fischer-vrut-powerfast-fpf-ii-ctf-5-0-x-45-bc-50-torx-bal-50-ks-9374\/"]}]},{"@type":"ImageObject","inLanguage":"cs","@id":"https:\/\/www.koupelnapro.com\/index.php\/produkt\/originalni-fischer-vrut-powerfast-fpf-ii-ctf-5-0-x-45-bc-50-torx-bal-50-ks-9374\/#primaryimage","url":"https:\/\/www.koupelnapro.com\/wp-content\/uploads\/2026\/SK0003045-CZ20260425-091813-0-1777079894-gall_1ed88e1f-e988-41ad-ba35-38fe08812a1534059-fischer-vrut.webp","contentUrl":"https:\/\/www.koupelnapro.com\/wp-content\/uploads\/2026\/SK0003045-CZ20260425-091813-0-1777079894-gall_1ed88e1f-e988-41ad-ba35-38fe08812a1534059-fischer-vrut.webp","width":420,"height":420},{"@type":"BreadcrumbList","@id":"https:\/\/www.koupelnapro.com\/index.php\/produkt\/originalni-fischer-vrut-powerfast-fpf-ii-ctf-5-0-x-45-bc-50-torx-bal-50-ks-9374\/#breadcrumb","itemListElement":[{"@type":"ListItem","position":1,"name":"Home","item":"https:\/\/www.koupelnapro.com\/"},{"@type":"ListItem","position":2,"name":"Products","item":"https:\/\/www.koupelnapro.com\/index.php\/products\/"},{"@type":"ListItem","position":3,"name":"Origin\u00e1ln\u00ed fischer vrut PowerFast FPF II CTF 5,0 \u00d7 45 BC 50 &#8211; Torx (bal. 50 ks)"}]},{"@type":"WebSite","@id":"https:\/\/www.koupelnapro.com\/#website","url":"https:\/\/www.koupelnapro.com\/","name":"","description":"","potentialAction":[{"@type":"SearchAction","target":{"@type":"EntryPoint","urlTemplate":"https:\/\/www.koupelnapro.com\/?s={search_term_string}"},"query-input":{"@type":"PropertyValueSpecification","valueRequired":true,"valueName":"search_term_string"}}],"inLanguage":"cs"}]}},"_links":{"self":[{"href":"https:\/\/www.koupelnapro.com\/index.php\/wp-json\/wp\/v2\/product\/9374","targetHints":{"allow":["GET"]}}],"collection":[{"href":"https:\/\/www.koupelnapro.com\/index.php\/wp-json\/wp\/v2\/product"}],"about":[{"href":"https:\/\/www.koupelnapro.com\/index.php\/wp-json\/wp\/v2\/types\/product"}],"replies":[{"embeddable":true,"href":"https:\/\/www.koupelnapro.com\/index.php\/wp-json\/wp\/v2\/comments?post=9374"}],"wp:featuredmedia":[{"embeddable":true,"href":"https:\/\/www.koupelnapro.com\/index.php\/wp-json\/wp\/v2\/media\/9474"}],"wp:attachment":[{"href":"https:\/\/www.koupelnapro.com\/index.php\/wp-json\/wp\/v2\/media?parent=9374"}],"wp:term":[{"taxonomy":"product_brand","embeddable":true,"href":"https:\/\/www.koupelnapro.com\/index.php\/wp-json\/wp\/v2\/product_brand?post=9374"},{"taxonomy":"product_cat","embeddable":true,"href":"https:\/\/www.koupelnapro.com\/index.php\/wp-json\/wp\/v2\/product_cat?post=9374"},{"taxonomy":"product_tag","embeddable":true,"href":"https:\/\/www.koupelnapro.com\/index.php\/wp-json\/wp\/v2\/product_tag?post=9374"}],"curies":[{"name":"wp","href":"https:\/\/api.w.org\/{rel}","templated":true}]}}