{"id":9340,"date":"2026-04-26T09:13:25","date_gmt":"2026-04-26T09:13:25","guid":{"rendered":""},"modified":"2026-04-26T09:13:25","modified_gmt":"2026-04-26T09:13:25","slug":"csb-tvarnice-bednici-50-x-40-x-25-cm-tb-40-vyprodej-bezpecna-platba-9340","status":"publish","type":"product","link":"https:\/\/www.koupelnapro.com\/index.php\/produkt\/csb-tvarnice-bednici-50-x-40-x-25-cm-tb-40-vyprodej-bezpecna-platba-9340\/","title":{"rendered":"CSB TV\u00c1RNICE BEDN\u00cdC\u00cd 50 x 40 x 25 cm &#8211; TB 40 &#8211; V\u00ddPRODEJ Bezpe\u010dn\u00e1 Platba"},"content":{"rendered":"<div class=\"tmc_edt\">\n<ul>\n<li><font face=\"Segoe UI\">Dutinov\u00e9 bednic\u00ed tv\u00e1rnice <strong>jsou ur\u010deny pro vyztu\u017een<span lang=\"EN\">\u00e9 i nevyztu<\/span>\u017een\u00e9 nosn\u00e9 st\u011bny. <\/strong><\/font><\/li>\n<li><font face=\"Segoe UI\"><strong>Profil tv\u00e1rnic je uzp\u016fsoben pro <\/strong>vkl\u00e1d\u00e1n\u00ed vodorovn\u00e9ho armov\u00e1n\u00ed, tvar bo\u010dnic vytv\u00e1\u0159\u00ed z\u00e1mky, kter\u00e9 slou\u017e\u00ed k snadn\u00e9 mont\u00e1\u017ei. <\/font><\/li>\n<li><font face=\"Segoe UI\"><strong>Syst\u00e9m bednic\u00edch tv\u00e1rnic je opat\u0159en i kusy k p\u016flen\u00ed. <\/strong><\/font><\/li>\n<li><font face=\"Segoe UI\">N<span lang=\"\">ejv<\/span>\u011bt\u0161<span lang=\"EN\">\u00ed <strong>v\u00fdhodou<\/strong> bedn\u00edc\u00edch <strong>tv\u00e1rnic<\/strong> na<\/span>\u0161\u00ed v\u00fdroby <strong>je rozm\u011brov\u00e1 p\u0159esnost<\/strong>. <\/font><\/li>\n<li><font face=\"Segoe UI\">I kdy\u017e jste mo\u017en\u00e1 p\u0159esv\u011bd\u010deni, \u017ee kvalita u bedn\u00edc\u00edch tv\u00e1rnic nen\u00ed a\u017e tak podstatn\u00e1, opak je pravdou. <\/font><\/li>\n<li><font face=\"Segoe UI\">N\u00edzk\u00e1 v\u00fdrobn\u00ed tolerance na v\u00fd\u0161ku v\u00fdrobku v\u00e1m toti\u017e maxim\u00e1ln\u011b usnadn\u00ed a zrychl\u00ed pr\u00e1ci.<\/font><\/li>\n<li><font face=\"Segoe UI\"><strong>Lze je vyu\u017e\u00edt i pro vybudov\u00e1n\u00ed z\u00e1kladu pod plotn\u00ed konstrukce.&nbsp;<font face=\"Segoe UI\">&nbsp;<\/font><\/strong><\/font><\/li>\n<li><font face=\"Segoe UI\"><font face=\"Segoe UI\">Vnit\u0159n\u00ed dutina tv\u00e1rnice se zal\u00e9v\u00e1 betonovou sm\u011bs\u00ed<\/font><\/font><\/li>\n<\/ul><\/div>\n<\/p><\/div>\n","protected":false},"excerpt":{"rendered":"<p>Dutinov\u00e9 bednic\u00ed tv\u00e1rnice jsou ur\u010deny pro vyztu\u017een\u00e9 i nevyztu\u017een\u00e9 nosn\u00e9 st\u011bny. Profil tv\u00e1rnic je uzp\u016fsoben pro vkl\u00e1d\u00e1n\u00ed vodorovn\u00e9ho armov\u00e1n\u00ed, tvar bo\u010dnic vytv\u00e1\u0159\u00ed z\u00e1mky, kter\u00e9 slou\u017e\u00ed k snadn\u00e9 mont\u00e1\u017ei. Syst\u00e9m bednic\u00edch tv\u00e1rnic je opat\u0159en i kusy k p\u016flen\u00ed. Nejv\u011bt\u0161\u00ed v\u00fdhodou bedn\u00edc\u00edch tv\u00e1rnic na\u0161\u00ed v\u00fdroby je rozm\u011brov\u00e1 p\u0159esnost. I kdy\u017e jste mo\u017en\u00e1 p\u0159esv\u011bd\u010deni, \u017ee kvalita u bedn\u00edc\u00edch [&hellip;]<\/p>\n","protected":false},"featured_media":9440,"comment_status":"open","ping_status":"open","template":"","meta":[],"product_brand":[],"product_cat":[63],"product_tag":[],"class_list":{"0":"post-9340","1":"product","2":"type-product","3":"status-publish","4":"has-post-thumbnail","6":"product_cat-hruba-stavba","8":"first","9":"instock","10":"sale","11":"shipping-taxable","12":"purchasable","13":"product-type-simple"},"yoast_head":"<!-- This site is optimized with the Yoast SEO plugin v26.8 - https:\/\/yoast.com\/product\/yoast-seo-wordpress\/ -->\n<title>CSB TV\u00c1RNICE BEDN\u00cdC\u00cd 50 x 40 x 25 cm - TB 40 - V\u00ddPRODEJ Bezpe\u010dn\u00e1 Platba -<\/title>\n<meta name=\"robots\" content=\"index, follow, max-snippet:-1, max-image-preview:large, max-video-preview:-1\" \/>\n<link rel=\"canonical\" href=\"https:\/\/www.koupelnapro.com\/index.php\/produkt\/csb-tvarnice-bednici-50-x-40-x-25-cm-tb-40-vyprodej-bezpecna-platba-9340\/\" \/>\n<meta property=\"og:locale\" content=\"cs_CZ\" \/>\n<meta property=\"og:type\" content=\"article\" \/>\n<meta property=\"og:title\" content=\"CSB TV\u00c1RNICE BEDN\u00cdC\u00cd 50 x 40 x 25 cm - TB 40 - V\u00ddPRODEJ Bezpe\u010dn\u00e1 Platba -\" \/>\n<meta property=\"og:description\" content=\"Dutinov\u00e9 bednic\u00ed tv\u00e1rnice jsou ur\u010deny pro vyztu\u017een\u00e9 i nevyztu\u017een\u00e9 nosn\u00e9 st\u011bny. Profil tv\u00e1rnic je uzp\u016fsoben pro vkl\u00e1d\u00e1n\u00ed vodorovn\u00e9ho armov\u00e1n\u00ed, tvar bo\u010dnic vytv\u00e1\u0159\u00ed z\u00e1mky, kter\u00e9 slou\u017e\u00ed k snadn\u00e9 mont\u00e1\u017ei. Syst\u00e9m bednic\u00edch tv\u00e1rnic je opat\u0159en i kusy k p\u016flen\u00ed. Nejv\u011bt\u0161\u00ed v\u00fdhodou bedn\u00edc\u00edch tv\u00e1rnic na\u0161\u00ed v\u00fdroby je rozm\u011brov\u00e1 p\u0159esnost. I kdy\u017e jste mo\u017en\u00e1 p\u0159esv\u011bd\u010deni, \u017ee kvalita u bedn\u00edc\u00edch [&hellip;]\" \/>\n<meta property=\"og:url\" content=\"https:\/\/www.koupelnapro.com\/index.php\/produkt\/csb-tvarnice-bednici-50-x-40-x-25-cm-tb-40-vyprodej-bezpecna-platba-9340\/\" \/>\n<meta property=\"og:image\" content=\"https:\/\/www.koupelnapro.com\/wp-content\/uploads\/2026\/SK0003009-CZ20260425-091813-0-1777079894-gall_ff08034f-e06a-40c9-a2cf-b2c202a546a732378-img-20210629.webp\" \/>\n\t<meta property=\"og:image:width\" content=\"284\" \/>\n\t<meta property=\"og:image:height\" content=\"420\" \/>\n\t<meta property=\"og:image:type\" content=\"image\/webp\" \/>\n<meta name=\"twitter:card\" content=\"summary_large_image\" \/>\n<meta name=\"twitter:label1\" content=\"Odhadovan\u00e1 doba \u010dten\u00ed\" \/>\n\t<meta name=\"twitter:data1\" content=\"1 minuta\" \/>\n<script type=\"application\/ld+json\" class=\"yoast-schema-graph\">{\"@context\":\"https:\/\/schema.org\",\"@graph\":[{\"@type\":\"WebPage\",\"@id\":\"https:\/\/www.koupelnapro.com\/index.php\/produkt\/csb-tvarnice-bednici-50-x-40-x-25-cm-tb-40-vyprodej-bezpecna-platba-9340\/\",\"url\":\"https:\/\/www.koupelnapro.com\/index.php\/produkt\/csb-tvarnice-bednici-50-x-40-x-25-cm-tb-40-vyprodej-bezpecna-platba-9340\/\",\"name\":\"CSB TV\u00c1RNICE BEDN\u00cdC\u00cd 50 x 40 x 25 cm - TB 40 - V\u00ddPRODEJ Bezpe\u010dn\u00e1 Platba -\",\"isPartOf\":{\"@id\":\"https:\/\/www.koupelnapro.com\/#website\"},\"primaryImageOfPage\":{\"@id\":\"https:\/\/www.koupelnapro.com\/index.php\/produkt\/csb-tvarnice-bednici-50-x-40-x-25-cm-tb-40-vyprodej-bezpecna-platba-9340\/#primaryimage\"},\"image\":{\"@id\":\"https:\/\/www.koupelnapro.com\/index.php\/produkt\/csb-tvarnice-bednici-50-x-40-x-25-cm-tb-40-vyprodej-bezpecna-platba-9340\/#primaryimage\"},\"thumbnailUrl\":\"https:\/\/www.koupelnapro.com\/wp-content\/uploads\/2026\/SK0003009-CZ20260425-091813-0-1777079894-gall_ff08034f-e06a-40c9-a2cf-b2c202a546a732378-img-20210629.webp\",\"datePublished\":\"2026-04-26T09:13:25+00:00\",\"breadcrumb\":{\"@id\":\"https:\/\/www.koupelnapro.com\/index.php\/produkt\/csb-tvarnice-bednici-50-x-40-x-25-cm-tb-40-vyprodej-bezpecna-platba-9340\/#breadcrumb\"},\"inLanguage\":\"cs\",\"potentialAction\":[{\"@type\":\"ReadAction\",\"target\":[\"https:\/\/www.koupelnapro.com\/index.php\/produkt\/csb-tvarnice-bednici-50-x-40-x-25-cm-tb-40-vyprodej-bezpecna-platba-9340\/\"]}]},{\"@type\":\"ImageObject\",\"inLanguage\":\"cs\",\"@id\":\"https:\/\/www.koupelnapro.com\/index.php\/produkt\/csb-tvarnice-bednici-50-x-40-x-25-cm-tb-40-vyprodej-bezpecna-platba-9340\/#primaryimage\",\"url\":\"https:\/\/www.koupelnapro.com\/wp-content\/uploads\/2026\/SK0003009-CZ20260425-091813-0-1777079894-gall_ff08034f-e06a-40c9-a2cf-b2c202a546a732378-img-20210629.webp\",\"contentUrl\":\"https:\/\/www.koupelnapro.com\/wp-content\/uploads\/2026\/SK0003009-CZ20260425-091813-0-1777079894-gall_ff08034f-e06a-40c9-a2cf-b2c202a546a732378-img-20210629.webp\",\"width\":284,\"height\":420},{\"@type\":\"BreadcrumbList\",\"@id\":\"https:\/\/www.koupelnapro.com\/index.php\/produkt\/csb-tvarnice-bednici-50-x-40-x-25-cm-tb-40-vyprodej-bezpecna-platba-9340\/#breadcrumb\",\"itemListElement\":[{\"@type\":\"ListItem\",\"position\":1,\"name\":\"Home\",\"item\":\"https:\/\/www.koupelnapro.com\/\"},{\"@type\":\"ListItem\",\"position\":2,\"name\":\"Products\",\"item\":\"https:\/\/www.koupelnapro.com\/index.php\/products\/\"},{\"@type\":\"ListItem\",\"position\":3,\"name\":\"CSB TV\u00c1RNICE BEDN\u00cdC\u00cd 50 x 40 x 25 cm &#8211; TB 40 &#8211; V\u00ddPRODEJ Bezpe\u010dn\u00e1 Platba\"}]},{\"@type\":\"WebSite\",\"@id\":\"https:\/\/www.koupelnapro.com\/#website\",\"url\":\"https:\/\/www.koupelnapro.com\/\",\"name\":\"\",\"description\":\"\",\"potentialAction\":[{\"@type\":\"SearchAction\",\"target\":{\"@type\":\"EntryPoint\",\"urlTemplate\":\"https:\/\/www.koupelnapro.com\/?s={search_term_string}\"},\"query-input\":{\"@type\":\"PropertyValueSpecification\",\"valueRequired\":true,\"valueName\":\"search_term_string\"}}],\"inLanguage\":\"cs\"}]}<\/script>\n<!-- \/ Yoast SEO plugin. -->","yoast_head_json":{"title":"CSB TV\u00c1RNICE BEDN\u00cdC\u00cd 50 x 40 x 25 cm - TB 40 - V\u00ddPRODEJ Bezpe\u010dn\u00e1 Platba -","robots":{"index":"index","follow":"follow","max-snippet":"max-snippet:-1","max-image-preview":"max-image-preview:large","max-video-preview":"max-video-preview:-1"},"canonical":"https:\/\/www.koupelnapro.com\/index.php\/produkt\/csb-tvarnice-bednici-50-x-40-x-25-cm-tb-40-vyprodej-bezpecna-platba-9340\/","og_locale":"cs_CZ","og_type":"article","og_title":"CSB TV\u00c1RNICE BEDN\u00cdC\u00cd 50 x 40 x 25 cm - TB 40 - V\u00ddPRODEJ Bezpe\u010dn\u00e1 Platba -","og_description":"Dutinov\u00e9 bednic\u00ed tv\u00e1rnice jsou ur\u010deny pro vyztu\u017een\u00e9 i nevyztu\u017een\u00e9 nosn\u00e9 st\u011bny. Profil tv\u00e1rnic je uzp\u016fsoben pro vkl\u00e1d\u00e1n\u00ed vodorovn\u00e9ho armov\u00e1n\u00ed, tvar bo\u010dnic vytv\u00e1\u0159\u00ed z\u00e1mky, kter\u00e9 slou\u017e\u00ed k snadn\u00e9 mont\u00e1\u017ei. Syst\u00e9m bednic\u00edch tv\u00e1rnic je opat\u0159en i kusy k p\u016flen\u00ed. Nejv\u011bt\u0161\u00ed v\u00fdhodou bedn\u00edc\u00edch tv\u00e1rnic na\u0161\u00ed v\u00fdroby je rozm\u011brov\u00e1 p\u0159esnost. I kdy\u017e jste mo\u017en\u00e1 p\u0159esv\u011bd\u010deni, \u017ee kvalita u bedn\u00edc\u00edch [&hellip;]","og_url":"https:\/\/www.koupelnapro.com\/index.php\/produkt\/csb-tvarnice-bednici-50-x-40-x-25-cm-tb-40-vyprodej-bezpecna-platba-9340\/","og_image":[{"width":284,"height":420,"url":"https:\/\/www.koupelnapro.com\/wp-content\/uploads\/2026\/SK0003009-CZ20260425-091813-0-1777079894-gall_ff08034f-e06a-40c9-a2cf-b2c202a546a732378-img-20210629.webp","type":"image\/webp"}],"twitter_card":"summary_large_image","twitter_misc":{"Odhadovan\u00e1 doba \u010dten\u00ed":"1 minuta"},"schema":{"@context":"https:\/\/schema.org","@graph":[{"@type":"WebPage","@id":"https:\/\/www.koupelnapro.com\/index.php\/produkt\/csb-tvarnice-bednici-50-x-40-x-25-cm-tb-40-vyprodej-bezpecna-platba-9340\/","url":"https:\/\/www.koupelnapro.com\/index.php\/produkt\/csb-tvarnice-bednici-50-x-40-x-25-cm-tb-40-vyprodej-bezpecna-platba-9340\/","name":"CSB TV\u00c1RNICE BEDN\u00cdC\u00cd 50 x 40 x 25 cm - TB 40 - V\u00ddPRODEJ Bezpe\u010dn\u00e1 Platba -","isPartOf":{"@id":"https:\/\/www.koupelnapro.com\/#website"},"primaryImageOfPage":{"@id":"https:\/\/www.koupelnapro.com\/index.php\/produkt\/csb-tvarnice-bednici-50-x-40-x-25-cm-tb-40-vyprodej-bezpecna-platba-9340\/#primaryimage"},"image":{"@id":"https:\/\/www.koupelnapro.com\/index.php\/produkt\/csb-tvarnice-bednici-50-x-40-x-25-cm-tb-40-vyprodej-bezpecna-platba-9340\/#primaryimage"},"thumbnailUrl":"https:\/\/www.koupelnapro.com\/wp-content\/uploads\/2026\/SK0003009-CZ20260425-091813-0-1777079894-gall_ff08034f-e06a-40c9-a2cf-b2c202a546a732378-img-20210629.webp","datePublished":"2026-04-26T09:13:25+00:00","breadcrumb":{"@id":"https:\/\/www.koupelnapro.com\/index.php\/produkt\/csb-tvarnice-bednici-50-x-40-x-25-cm-tb-40-vyprodej-bezpecna-platba-9340\/#breadcrumb"},"inLanguage":"cs","potentialAction":[{"@type":"ReadAction","target":["https:\/\/www.koupelnapro.com\/index.php\/produkt\/csb-tvarnice-bednici-50-x-40-x-25-cm-tb-40-vyprodej-bezpecna-platba-9340\/"]}]},{"@type":"ImageObject","inLanguage":"cs","@id":"https:\/\/www.koupelnapro.com\/index.php\/produkt\/csb-tvarnice-bednici-50-x-40-x-25-cm-tb-40-vyprodej-bezpecna-platba-9340\/#primaryimage","url":"https:\/\/www.koupelnapro.com\/wp-content\/uploads\/2026\/SK0003009-CZ20260425-091813-0-1777079894-gall_ff08034f-e06a-40c9-a2cf-b2c202a546a732378-img-20210629.webp","contentUrl":"https:\/\/www.koupelnapro.com\/wp-content\/uploads\/2026\/SK0003009-CZ20260425-091813-0-1777079894-gall_ff08034f-e06a-40c9-a2cf-b2c202a546a732378-img-20210629.webp","width":284,"height":420},{"@type":"BreadcrumbList","@id":"https:\/\/www.koupelnapro.com\/index.php\/produkt\/csb-tvarnice-bednici-50-x-40-x-25-cm-tb-40-vyprodej-bezpecna-platba-9340\/#breadcrumb","itemListElement":[{"@type":"ListItem","position":1,"name":"Home","item":"https:\/\/www.koupelnapro.com\/"},{"@type":"ListItem","position":2,"name":"Products","item":"https:\/\/www.koupelnapro.com\/index.php\/products\/"},{"@type":"ListItem","position":3,"name":"CSB TV\u00c1RNICE BEDN\u00cdC\u00cd 50 x 40 x 25 cm &#8211; TB 40 &#8211; V\u00ddPRODEJ Bezpe\u010dn\u00e1 Platba"}]},{"@type":"WebSite","@id":"https:\/\/www.koupelnapro.com\/#website","url":"https:\/\/www.koupelnapro.com\/","name":"","description":"","potentialAction":[{"@type":"SearchAction","target":{"@type":"EntryPoint","urlTemplate":"https:\/\/www.koupelnapro.com\/?s={search_term_string}"},"query-input":{"@type":"PropertyValueSpecification","valueRequired":true,"valueName":"search_term_string"}}],"inLanguage":"cs"}]}},"_links":{"self":[{"href":"https:\/\/www.koupelnapro.com\/index.php\/wp-json\/wp\/v2\/product\/9340","targetHints":{"allow":["GET"]}}],"collection":[{"href":"https:\/\/www.koupelnapro.com\/index.php\/wp-json\/wp\/v2\/product"}],"about":[{"href":"https:\/\/www.koupelnapro.com\/index.php\/wp-json\/wp\/v2\/types\/product"}],"replies":[{"embeddable":true,"href":"https:\/\/www.koupelnapro.com\/index.php\/wp-json\/wp\/v2\/comments?post=9340"}],"wp:featuredmedia":[{"embeddable":true,"href":"https:\/\/www.koupelnapro.com\/index.php\/wp-json\/wp\/v2\/media\/9440"}],"wp:attachment":[{"href":"https:\/\/www.koupelnapro.com\/index.php\/wp-json\/wp\/v2\/media?parent=9340"}],"wp:term":[{"taxonomy":"product_brand","embeddable":true,"href":"https:\/\/www.koupelnapro.com\/index.php\/wp-json\/wp\/v2\/product_brand?post=9340"},{"taxonomy":"product_cat","embeddable":true,"href":"https:\/\/www.koupelnapro.com\/index.php\/wp-json\/wp\/v2\/product_cat?post=9340"},{"taxonomy":"product_tag","embeddable":true,"href":"https:\/\/www.koupelnapro.com\/index.php\/wp-json\/wp\/v2\/product_tag?post=9340"}],"curies":[{"name":"wp","href":"https:\/\/api.w.org\/{rel}","templated":true}]}}