{"id":9317,"date":"2026-04-26T09:13:25","date_gmt":"2026-04-26T09:13:25","guid":{"rendered":""},"modified":"2026-04-26T09:13:25","modified_gmt":"2026-04-26T09:13:25","slug":"ihned-k-objednani-wintech-sroub-tn-3-5-x-35-baleni-1000-ks-doprodej-9317","status":"publish","type":"product","link":"https:\/\/www.koupelnapro.com\/index.php\/produkt\/ihned-k-objednani-wintech-sroub-tn-3-5-x-35-baleni-1000-ks-doprodej-9317\/","title":{"rendered":"Ihned K Objedn\u00e1n\u00ed Wintech \u0161roub TN 3,5 x 35 (balen\u00ed 1000 ks) DOPRODEJ"},"content":{"rendered":"<div class=\"tmc_edt\">\n<ul>\n<li><font face=\"Segoe UI\">Je ur\u010den&nbsp;k upevn\u011bn\u00ed s\u00e1drokartonov\u00e9 desky ke kovov\u00e9mu profilu.<\/font><\/li>\n<\/ul><\/div>\n<\/p><\/div>\n","protected":false},"excerpt":{"rendered":"<p>Je ur\u010den&nbsp;k upevn\u011bn\u00ed s\u00e1drokartonov\u00e9 desky ke kovov\u00e9mu profilu.<\/p>\n","protected":false},"featured_media":9417,"comment_status":"open","ping_status":"open","template":"","meta":[],"product_brand":[],"product_cat":[51],"product_tag":[],"class_list":{"0":"post-9317","1":"product","2":"type-product","3":"status-publish","4":"has-post-thumbnail","6":"product_cat-spojovaci-material","8":"first","9":"instock","10":"sale","11":"shipping-taxable","12":"purchasable","13":"product-type-simple"},"yoast_head":"<!-- This site is optimized with the Yoast SEO plugin v26.8 - https:\/\/yoast.com\/product\/yoast-seo-wordpress\/ -->\n<title>Ihned K Objedn\u00e1n\u00ed Wintech \u0161roub TN 3,5 x 35 (balen\u00ed 1000 ks) DOPRODEJ -<\/title>\n<meta name=\"robots\" content=\"index, follow, max-snippet:-1, max-image-preview:large, max-video-preview:-1\" \/>\n<link rel=\"canonical\" href=\"https:\/\/www.koupelnapro.com\/index.php\/produkt\/ihned-k-objednani-wintech-sroub-tn-3-5-x-35-baleni-1000-ks-doprodej-9317\/\" \/>\n<meta property=\"og:locale\" content=\"cs_CZ\" \/>\n<meta property=\"og:type\" content=\"article\" \/>\n<meta property=\"og:title\" content=\"Ihned K Objedn\u00e1n\u00ed Wintech \u0161roub TN 3,5 x 35 (balen\u00ed 1000 ks) DOPRODEJ -\" \/>\n<meta property=\"og:description\" content=\"Je ur\u010den&nbsp;k upevn\u011bn\u00ed s\u00e1drokartonov\u00e9 desky ke kovov\u00e9mu profilu.\" \/>\n<meta property=\"og:url\" content=\"https:\/\/www.koupelnapro.com\/index.php\/produkt\/ihned-k-objednani-wintech-sroub-tn-3-5-x-35-baleni-1000-ks-doprodej-9317\/\" \/>\n<meta property=\"og:image\" content=\"https:\/\/www.koupelnapro.com\/wp-content\/uploads\/2026\/SK0002986-CZ20260425-091813-0-1777079894-gall_cf5101e4-35fb-454c-b331-7abb9c57387c30613-lafarge-srou.webp\" \/>\n\t<meta property=\"og:image:width\" content=\"420\" \/>\n\t<meta property=\"og:image:height\" content=\"313\" \/>\n\t<meta property=\"og:image:type\" content=\"image\/webp\" \/>\n<meta name=\"twitter:card\" content=\"summary_large_image\" \/>\n<script type=\"application\/ld+json\" class=\"yoast-schema-graph\">{\"@context\":\"https:\/\/schema.org\",\"@graph\":[{\"@type\":\"WebPage\",\"@id\":\"https:\/\/www.koupelnapro.com\/index.php\/produkt\/ihned-k-objednani-wintech-sroub-tn-3-5-x-35-baleni-1000-ks-doprodej-9317\/\",\"url\":\"https:\/\/www.koupelnapro.com\/index.php\/produkt\/ihned-k-objednani-wintech-sroub-tn-3-5-x-35-baleni-1000-ks-doprodej-9317\/\",\"name\":\"Ihned K Objedn\u00e1n\u00ed Wintech \u0161roub TN 3,5 x 35 (balen\u00ed 1000 ks) DOPRODEJ -\",\"isPartOf\":{\"@id\":\"https:\/\/www.koupelnapro.com\/#website\"},\"primaryImageOfPage\":{\"@id\":\"https:\/\/www.koupelnapro.com\/index.php\/produkt\/ihned-k-objednani-wintech-sroub-tn-3-5-x-35-baleni-1000-ks-doprodej-9317\/#primaryimage\"},\"image\":{\"@id\":\"https:\/\/www.koupelnapro.com\/index.php\/produkt\/ihned-k-objednani-wintech-sroub-tn-3-5-x-35-baleni-1000-ks-doprodej-9317\/#primaryimage\"},\"thumbnailUrl\":\"https:\/\/www.koupelnapro.com\/wp-content\/uploads\/2026\/SK0002986-CZ20260425-091813-0-1777079894-gall_cf5101e4-35fb-454c-b331-7abb9c57387c30613-lafarge-srou.webp\",\"datePublished\":\"2026-04-26T09:13:25+00:00\",\"breadcrumb\":{\"@id\":\"https:\/\/www.koupelnapro.com\/index.php\/produkt\/ihned-k-objednani-wintech-sroub-tn-3-5-x-35-baleni-1000-ks-doprodej-9317\/#breadcrumb\"},\"inLanguage\":\"cs\",\"potentialAction\":[{\"@type\":\"ReadAction\",\"target\":[\"https:\/\/www.koupelnapro.com\/index.php\/produkt\/ihned-k-objednani-wintech-sroub-tn-3-5-x-35-baleni-1000-ks-doprodej-9317\/\"]}]},{\"@type\":\"ImageObject\",\"inLanguage\":\"cs\",\"@id\":\"https:\/\/www.koupelnapro.com\/index.php\/produkt\/ihned-k-objednani-wintech-sroub-tn-3-5-x-35-baleni-1000-ks-doprodej-9317\/#primaryimage\",\"url\":\"https:\/\/www.koupelnapro.com\/wp-content\/uploads\/2026\/SK0002986-CZ20260425-091813-0-1777079894-gall_cf5101e4-35fb-454c-b331-7abb9c57387c30613-lafarge-srou.webp\",\"contentUrl\":\"https:\/\/www.koupelnapro.com\/wp-content\/uploads\/2026\/SK0002986-CZ20260425-091813-0-1777079894-gall_cf5101e4-35fb-454c-b331-7abb9c57387c30613-lafarge-srou.webp\",\"width\":420,\"height\":313},{\"@type\":\"BreadcrumbList\",\"@id\":\"https:\/\/www.koupelnapro.com\/index.php\/produkt\/ihned-k-objednani-wintech-sroub-tn-3-5-x-35-baleni-1000-ks-doprodej-9317\/#breadcrumb\",\"itemListElement\":[{\"@type\":\"ListItem\",\"position\":1,\"name\":\"Home\",\"item\":\"https:\/\/www.koupelnapro.com\/\"},{\"@type\":\"ListItem\",\"position\":2,\"name\":\"Products\",\"item\":\"https:\/\/www.koupelnapro.com\/index.php\/products\/\"},{\"@type\":\"ListItem\",\"position\":3,\"name\":\"Ihned K Objedn\u00e1n\u00ed Wintech \u0161roub TN 3,5 x 35 (balen\u00ed 1000 ks) DOPRODEJ\"}]},{\"@type\":\"WebSite\",\"@id\":\"https:\/\/www.koupelnapro.com\/#website\",\"url\":\"https:\/\/www.koupelnapro.com\/\",\"name\":\"\",\"description\":\"\",\"potentialAction\":[{\"@type\":\"SearchAction\",\"target\":{\"@type\":\"EntryPoint\",\"urlTemplate\":\"https:\/\/www.koupelnapro.com\/?s={search_term_string}\"},\"query-input\":{\"@type\":\"PropertyValueSpecification\",\"valueRequired\":true,\"valueName\":\"search_term_string\"}}],\"inLanguage\":\"cs\"}]}<\/script>\n<!-- \/ Yoast SEO plugin. -->","yoast_head_json":{"title":"Ihned K Objedn\u00e1n\u00ed Wintech \u0161roub TN 3,5 x 35 (balen\u00ed 1000 ks) DOPRODEJ -","robots":{"index":"index","follow":"follow","max-snippet":"max-snippet:-1","max-image-preview":"max-image-preview:large","max-video-preview":"max-video-preview:-1"},"canonical":"https:\/\/www.koupelnapro.com\/index.php\/produkt\/ihned-k-objednani-wintech-sroub-tn-3-5-x-35-baleni-1000-ks-doprodej-9317\/","og_locale":"cs_CZ","og_type":"article","og_title":"Ihned K Objedn\u00e1n\u00ed Wintech \u0161roub TN 3,5 x 35 (balen\u00ed 1000 ks) DOPRODEJ -","og_description":"Je ur\u010den&nbsp;k upevn\u011bn\u00ed s\u00e1drokartonov\u00e9 desky ke kovov\u00e9mu profilu.","og_url":"https:\/\/www.koupelnapro.com\/index.php\/produkt\/ihned-k-objednani-wintech-sroub-tn-3-5-x-35-baleni-1000-ks-doprodej-9317\/","og_image":[{"width":420,"height":313,"url":"https:\/\/www.koupelnapro.com\/wp-content\/uploads\/2026\/SK0002986-CZ20260425-091813-0-1777079894-gall_cf5101e4-35fb-454c-b331-7abb9c57387c30613-lafarge-srou.webp","type":"image\/webp"}],"twitter_card":"summary_large_image","schema":{"@context":"https:\/\/schema.org","@graph":[{"@type":"WebPage","@id":"https:\/\/www.koupelnapro.com\/index.php\/produkt\/ihned-k-objednani-wintech-sroub-tn-3-5-x-35-baleni-1000-ks-doprodej-9317\/","url":"https:\/\/www.koupelnapro.com\/index.php\/produkt\/ihned-k-objednani-wintech-sroub-tn-3-5-x-35-baleni-1000-ks-doprodej-9317\/","name":"Ihned K Objedn\u00e1n\u00ed Wintech \u0161roub TN 3,5 x 35 (balen\u00ed 1000 ks) DOPRODEJ -","isPartOf":{"@id":"https:\/\/www.koupelnapro.com\/#website"},"primaryImageOfPage":{"@id":"https:\/\/www.koupelnapro.com\/index.php\/produkt\/ihned-k-objednani-wintech-sroub-tn-3-5-x-35-baleni-1000-ks-doprodej-9317\/#primaryimage"},"image":{"@id":"https:\/\/www.koupelnapro.com\/index.php\/produkt\/ihned-k-objednani-wintech-sroub-tn-3-5-x-35-baleni-1000-ks-doprodej-9317\/#primaryimage"},"thumbnailUrl":"https:\/\/www.koupelnapro.com\/wp-content\/uploads\/2026\/SK0002986-CZ20260425-091813-0-1777079894-gall_cf5101e4-35fb-454c-b331-7abb9c57387c30613-lafarge-srou.webp","datePublished":"2026-04-26T09:13:25+00:00","breadcrumb":{"@id":"https:\/\/www.koupelnapro.com\/index.php\/produkt\/ihned-k-objednani-wintech-sroub-tn-3-5-x-35-baleni-1000-ks-doprodej-9317\/#breadcrumb"},"inLanguage":"cs","potentialAction":[{"@type":"ReadAction","target":["https:\/\/www.koupelnapro.com\/index.php\/produkt\/ihned-k-objednani-wintech-sroub-tn-3-5-x-35-baleni-1000-ks-doprodej-9317\/"]}]},{"@type":"ImageObject","inLanguage":"cs","@id":"https:\/\/www.koupelnapro.com\/index.php\/produkt\/ihned-k-objednani-wintech-sroub-tn-3-5-x-35-baleni-1000-ks-doprodej-9317\/#primaryimage","url":"https:\/\/www.koupelnapro.com\/wp-content\/uploads\/2026\/SK0002986-CZ20260425-091813-0-1777079894-gall_cf5101e4-35fb-454c-b331-7abb9c57387c30613-lafarge-srou.webp","contentUrl":"https:\/\/www.koupelnapro.com\/wp-content\/uploads\/2026\/SK0002986-CZ20260425-091813-0-1777079894-gall_cf5101e4-35fb-454c-b331-7abb9c57387c30613-lafarge-srou.webp","width":420,"height":313},{"@type":"BreadcrumbList","@id":"https:\/\/www.koupelnapro.com\/index.php\/produkt\/ihned-k-objednani-wintech-sroub-tn-3-5-x-35-baleni-1000-ks-doprodej-9317\/#breadcrumb","itemListElement":[{"@type":"ListItem","position":1,"name":"Home","item":"https:\/\/www.koupelnapro.com\/"},{"@type":"ListItem","position":2,"name":"Products","item":"https:\/\/www.koupelnapro.com\/index.php\/products\/"},{"@type":"ListItem","position":3,"name":"Ihned K Objedn\u00e1n\u00ed Wintech \u0161roub TN 3,5 x 35 (balen\u00ed 1000 ks) DOPRODEJ"}]},{"@type":"WebSite","@id":"https:\/\/www.koupelnapro.com\/#website","url":"https:\/\/www.koupelnapro.com\/","name":"","description":"","potentialAction":[{"@type":"SearchAction","target":{"@type":"EntryPoint","urlTemplate":"https:\/\/www.koupelnapro.com\/?s={search_term_string}"},"query-input":{"@type":"PropertyValueSpecification","valueRequired":true,"valueName":"search_term_string"}}],"inLanguage":"cs"}]}},"_links":{"self":[{"href":"https:\/\/www.koupelnapro.com\/index.php\/wp-json\/wp\/v2\/product\/9317","targetHints":{"allow":["GET"]}}],"collection":[{"href":"https:\/\/www.koupelnapro.com\/index.php\/wp-json\/wp\/v2\/product"}],"about":[{"href":"https:\/\/www.koupelnapro.com\/index.php\/wp-json\/wp\/v2\/types\/product"}],"replies":[{"embeddable":true,"href":"https:\/\/www.koupelnapro.com\/index.php\/wp-json\/wp\/v2\/comments?post=9317"}],"wp:featuredmedia":[{"embeddable":true,"href":"https:\/\/www.koupelnapro.com\/index.php\/wp-json\/wp\/v2\/media\/9417"}],"wp:attachment":[{"href":"https:\/\/www.koupelnapro.com\/index.php\/wp-json\/wp\/v2\/media?parent=9317"}],"wp:term":[{"taxonomy":"product_brand","embeddable":true,"href":"https:\/\/www.koupelnapro.com\/index.php\/wp-json\/wp\/v2\/product_brand?post=9317"},{"taxonomy":"product_cat","embeddable":true,"href":"https:\/\/www.koupelnapro.com\/index.php\/wp-json\/wp\/v2\/product_cat?post=9317"},{"taxonomy":"product_tag","embeddable":true,"href":"https:\/\/www.koupelnapro.com\/index.php\/wp-json\/wp\/v2\/product_tag?post=9317"}],"curies":[{"name":"wp","href":"https:\/\/api.w.org\/{rel}","templated":true}]}}