{"id":9158,"date":"2026-04-26T09:13:24","date_gmt":"2026-04-26T09:13:24","guid":{"rendered":""},"modified":"2026-04-26T09:13:24","modified_gmt":"2026-04-26T09:13:24","slug":"baumit-baumacol-premiumfuge-silk-grey-5-kg-jen-po-omezenou-doba-9158","status":"publish","type":"product","link":"https:\/\/www.koupelnapro.com\/index.php\/produkt\/baumit-baumacol-premiumfuge-silk-grey-5-kg-jen-po-omezenou-doba-9158\/","title":{"rendered":"Baumit Baumacol PremiumFuge Silk Grey 5 kg Jen Po Omezenou Doba"},"content":{"rendered":"<div class=\"tmc_edt\">\n<ul>\n<li><font face=\"Segoe UI\">Ke sp\u00e1rov\u00e1n\u00ed obkl\u00e1da\u010dek, dla\u017edic, slinut\u00e9 keramiky, mozaiky, desek z p\u0159\u00edrodn\u00edho kamene apod. se \u0161\u00ed\u0159kou sp\u00e1ry 1 \u2013 8 mm. <\/font><\/li>\n<p><font face=\"Segoe UI\"><\/font><\/p>\n<li><font face=\"Segoe UI\">Pou\u017eiteln\u00e1 v interi\u00e9ru i exteri\u00e9ru, v m\u00edstech se zv\u00fd\u0161en\u00fdm nam\u00e1h\u00e1n\u00edm, nap\u0159. pro podlahov\u00e9 vyt\u00e1p\u011bn\u00ed, ve vlhk\u00fdch prostor\u00e1ch, na balkonech a teras\u00e1ch. <\/font><\/li>\n<p><font face=\"Segoe UI\"><\/font><\/p>\n<li><strong><font face=\"Segoe UI\">Nevhodn\u00e9 pro kyselinovzdorn\u00e9 sp\u00e1rov\u00e1n\u00ed, dilata\u010dn\u00ed sp\u00e1ry, a pro m\u00edsta vystaven\u00e1 siln\u00e9mu zat\u00ed\u017een\u00ed vodou. <\/font><\/strong><\/li>\n<p><font face=\"Segoe UI\"><\/font><\/p>\n<li><font face=\"Segoe UI\">Lepic\u00ed malta pod obkladem, nebo dla\u017ebou mus\u00ed b\u00fdt vyschl\u00e1. Sp\u00e1ry mus\u00ed b\u00fdt zbaven\u00e9 zbytk\u016f lepidla, such\u00e9, bez prachu a separa\u010dn\u00edch vrstev. <\/font><\/li>\n<\/ul><\/div>\n<\/p><\/div>\n","protected":false},"excerpt":{"rendered":"<p>Ke sp\u00e1rov\u00e1n\u00ed obkl\u00e1da\u010dek, dla\u017edic, slinut\u00e9 keramiky, mozaiky, desek z p\u0159\u00edrodn\u00edho kamene apod. se \u0161\u00ed\u0159kou sp\u00e1ry 1 \u2013 8 mm. Pou\u017eiteln\u00e1 v interi\u00e9ru i exteri\u00e9ru, v m\u00edstech se zv\u00fd\u0161en\u00fdm nam\u00e1h\u00e1n\u00edm, nap\u0159. pro podlahov\u00e9 vyt\u00e1p\u011bn\u00ed, ve vlhk\u00fdch prostor\u00e1ch, na balkonech a teras\u00e1ch. Nevhodn\u00e9 pro kyselinovzdorn\u00e9 sp\u00e1rov\u00e1n\u00ed, dilata\u010dn\u00ed sp\u00e1ry, a pro m\u00edsta vystaven\u00e1 siln\u00e9mu zat\u00ed\u017een\u00ed vodou. Lepic\u00ed malta [&hellip;]<\/p>\n","protected":false},"featured_media":9258,"comment_status":"open","ping_status":"open","template":"","meta":[],"product_brand":[],"product_cat":[66],"product_tag":[],"class_list":{"0":"post-9158","1":"product","2":"type-product","3":"status-publish","4":"has-post-thumbnail","6":"product_cat-akce","8":"first","9":"instock","10":"sale","11":"shipping-taxable","12":"purchasable","13":"product-type-simple"},"yoast_head":"<!-- This site is optimized with the Yoast SEO plugin v26.8 - https:\/\/yoast.com\/product\/yoast-seo-wordpress\/ -->\n<title>Baumit Baumacol PremiumFuge Silk Grey 5 kg Jen Po Omezenou Doba -<\/title>\n<meta name=\"robots\" content=\"index, follow, max-snippet:-1, max-image-preview:large, max-video-preview:-1\" \/>\n<link rel=\"canonical\" href=\"https:\/\/www.koupelnapro.com\/index.php\/produkt\/baumit-baumacol-premiumfuge-silk-grey-5-kg-jen-po-omezenou-doba-9158\/\" \/>\n<meta property=\"og:locale\" content=\"cs_CZ\" \/>\n<meta property=\"og:type\" content=\"article\" \/>\n<meta property=\"og:title\" content=\"Baumit Baumacol PremiumFuge Silk Grey 5 kg Jen Po Omezenou Doba -\" \/>\n<meta property=\"og:description\" content=\"Ke sp\u00e1rov\u00e1n\u00ed obkl\u00e1da\u010dek, dla\u017edic, slinut\u00e9 keramiky, mozaiky, desek z p\u0159\u00edrodn\u00edho kamene apod. se \u0161\u00ed\u0159kou sp\u00e1ry 1 \u2013 8 mm. Pou\u017eiteln\u00e1 v interi\u00e9ru i exteri\u00e9ru, v m\u00edstech se zv\u00fd\u0161en\u00fdm nam\u00e1h\u00e1n\u00edm, nap\u0159. pro podlahov\u00e9 vyt\u00e1p\u011bn\u00ed, ve vlhk\u00fdch prostor\u00e1ch, na balkonech a teras\u00e1ch. Nevhodn\u00e9 pro kyselinovzdorn\u00e9 sp\u00e1rov\u00e1n\u00ed, dilata\u010dn\u00ed sp\u00e1ry, a pro m\u00edsta vystaven\u00e1 siln\u00e9mu zat\u00ed\u017een\u00ed vodou. Lepic\u00ed malta [&hellip;]\" \/>\n<meta property=\"og:url\" content=\"https:\/\/www.koupelnapro.com\/index.php\/produkt\/baumit-baumacol-premiumfuge-silk-grey-5-kg-jen-po-omezenou-doba-9158\/\" \/>\n<meta property=\"og:image\" content=\"https:\/\/www.koupelnapro.com\/wp-content\/uploads\/2026\/SK0002925-CZ20260425-091813-0-1777079894-gall_d6753b19-af34-4fe6-acdd-4aa89738943c29756-premiumfuge-.webp\" \/>\n\t<meta property=\"og:image:width\" content=\"420\" \/>\n\t<meta property=\"og:image:height\" content=\"389\" \/>\n\t<meta property=\"og:image:type\" content=\"image\/webp\" \/>\n<meta name=\"twitter:card\" content=\"summary_large_image\" \/>\n<meta name=\"twitter:label1\" content=\"Odhadovan\u00e1 doba \u010dten\u00ed\" \/>\n\t<meta name=\"twitter:data1\" content=\"1 minuta\" \/>\n<script type=\"application\/ld+json\" class=\"yoast-schema-graph\">{\"@context\":\"https:\/\/schema.org\",\"@graph\":[{\"@type\":\"WebPage\",\"@id\":\"https:\/\/www.koupelnapro.com\/index.php\/produkt\/baumit-baumacol-premiumfuge-silk-grey-5-kg-jen-po-omezenou-doba-9158\/\",\"url\":\"https:\/\/www.koupelnapro.com\/index.php\/produkt\/baumit-baumacol-premiumfuge-silk-grey-5-kg-jen-po-omezenou-doba-9158\/\",\"name\":\"Baumit Baumacol PremiumFuge Silk Grey 5 kg Jen Po Omezenou Doba -\",\"isPartOf\":{\"@id\":\"https:\/\/www.koupelnapro.com\/#website\"},\"primaryImageOfPage\":{\"@id\":\"https:\/\/www.koupelnapro.com\/index.php\/produkt\/baumit-baumacol-premiumfuge-silk-grey-5-kg-jen-po-omezenou-doba-9158\/#primaryimage\"},\"image\":{\"@id\":\"https:\/\/www.koupelnapro.com\/index.php\/produkt\/baumit-baumacol-premiumfuge-silk-grey-5-kg-jen-po-omezenou-doba-9158\/#primaryimage\"},\"thumbnailUrl\":\"https:\/\/www.koupelnapro.com\/wp-content\/uploads\/2026\/SK0002925-CZ20260425-091813-0-1777079894-gall_d6753b19-af34-4fe6-acdd-4aa89738943c29756-premiumfuge-.webp\",\"datePublished\":\"2026-04-26T09:13:24+00:00\",\"breadcrumb\":{\"@id\":\"https:\/\/www.koupelnapro.com\/index.php\/produkt\/baumit-baumacol-premiumfuge-silk-grey-5-kg-jen-po-omezenou-doba-9158\/#breadcrumb\"},\"inLanguage\":\"cs\",\"potentialAction\":[{\"@type\":\"ReadAction\",\"target\":[\"https:\/\/www.koupelnapro.com\/index.php\/produkt\/baumit-baumacol-premiumfuge-silk-grey-5-kg-jen-po-omezenou-doba-9158\/\"]}]},{\"@type\":\"ImageObject\",\"inLanguage\":\"cs\",\"@id\":\"https:\/\/www.koupelnapro.com\/index.php\/produkt\/baumit-baumacol-premiumfuge-silk-grey-5-kg-jen-po-omezenou-doba-9158\/#primaryimage\",\"url\":\"https:\/\/www.koupelnapro.com\/wp-content\/uploads\/2026\/SK0002925-CZ20260425-091813-0-1777079894-gall_d6753b19-af34-4fe6-acdd-4aa89738943c29756-premiumfuge-.webp\",\"contentUrl\":\"https:\/\/www.koupelnapro.com\/wp-content\/uploads\/2026\/SK0002925-CZ20260425-091813-0-1777079894-gall_d6753b19-af34-4fe6-acdd-4aa89738943c29756-premiumfuge-.webp\",\"width\":420,\"height\":389},{\"@type\":\"BreadcrumbList\",\"@id\":\"https:\/\/www.koupelnapro.com\/index.php\/produkt\/baumit-baumacol-premiumfuge-silk-grey-5-kg-jen-po-omezenou-doba-9158\/#breadcrumb\",\"itemListElement\":[{\"@type\":\"ListItem\",\"position\":1,\"name\":\"Home\",\"item\":\"https:\/\/www.koupelnapro.com\/\"},{\"@type\":\"ListItem\",\"position\":2,\"name\":\"Products\",\"item\":\"https:\/\/www.koupelnapro.com\/index.php\/products\/\"},{\"@type\":\"ListItem\",\"position\":3,\"name\":\"Baumit Baumacol PremiumFuge Silk Grey 5 kg Jen Po Omezenou Doba\"}]},{\"@type\":\"WebSite\",\"@id\":\"https:\/\/www.koupelnapro.com\/#website\",\"url\":\"https:\/\/www.koupelnapro.com\/\",\"name\":\"\",\"description\":\"\",\"potentialAction\":[{\"@type\":\"SearchAction\",\"target\":{\"@type\":\"EntryPoint\",\"urlTemplate\":\"https:\/\/www.koupelnapro.com\/?s={search_term_string}\"},\"query-input\":{\"@type\":\"PropertyValueSpecification\",\"valueRequired\":true,\"valueName\":\"search_term_string\"}}],\"inLanguage\":\"cs\"}]}<\/script>\n<!-- \/ Yoast SEO plugin. -->","yoast_head_json":{"title":"Baumit Baumacol PremiumFuge Silk Grey 5 kg Jen Po Omezenou Doba -","robots":{"index":"index","follow":"follow","max-snippet":"max-snippet:-1","max-image-preview":"max-image-preview:large","max-video-preview":"max-video-preview:-1"},"canonical":"https:\/\/www.koupelnapro.com\/index.php\/produkt\/baumit-baumacol-premiumfuge-silk-grey-5-kg-jen-po-omezenou-doba-9158\/","og_locale":"cs_CZ","og_type":"article","og_title":"Baumit Baumacol PremiumFuge Silk Grey 5 kg Jen Po Omezenou Doba -","og_description":"Ke sp\u00e1rov\u00e1n\u00ed obkl\u00e1da\u010dek, dla\u017edic, slinut\u00e9 keramiky, mozaiky, desek z p\u0159\u00edrodn\u00edho kamene apod. se \u0161\u00ed\u0159kou sp\u00e1ry 1 \u2013 8 mm. Pou\u017eiteln\u00e1 v interi\u00e9ru i exteri\u00e9ru, v m\u00edstech se zv\u00fd\u0161en\u00fdm nam\u00e1h\u00e1n\u00edm, nap\u0159. pro podlahov\u00e9 vyt\u00e1p\u011bn\u00ed, ve vlhk\u00fdch prostor\u00e1ch, na balkonech a teras\u00e1ch. Nevhodn\u00e9 pro kyselinovzdorn\u00e9 sp\u00e1rov\u00e1n\u00ed, dilata\u010dn\u00ed sp\u00e1ry, a pro m\u00edsta vystaven\u00e1 siln\u00e9mu zat\u00ed\u017een\u00ed vodou. Lepic\u00ed malta [&hellip;]","og_url":"https:\/\/www.koupelnapro.com\/index.php\/produkt\/baumit-baumacol-premiumfuge-silk-grey-5-kg-jen-po-omezenou-doba-9158\/","og_image":[{"width":420,"height":389,"url":"https:\/\/www.koupelnapro.com\/wp-content\/uploads\/2026\/SK0002925-CZ20260425-091813-0-1777079894-gall_d6753b19-af34-4fe6-acdd-4aa89738943c29756-premiumfuge-.webp","type":"image\/webp"}],"twitter_card":"summary_large_image","twitter_misc":{"Odhadovan\u00e1 doba \u010dten\u00ed":"1 minuta"},"schema":{"@context":"https:\/\/schema.org","@graph":[{"@type":"WebPage","@id":"https:\/\/www.koupelnapro.com\/index.php\/produkt\/baumit-baumacol-premiumfuge-silk-grey-5-kg-jen-po-omezenou-doba-9158\/","url":"https:\/\/www.koupelnapro.com\/index.php\/produkt\/baumit-baumacol-premiumfuge-silk-grey-5-kg-jen-po-omezenou-doba-9158\/","name":"Baumit Baumacol PremiumFuge Silk Grey 5 kg Jen Po Omezenou Doba -","isPartOf":{"@id":"https:\/\/www.koupelnapro.com\/#website"},"primaryImageOfPage":{"@id":"https:\/\/www.koupelnapro.com\/index.php\/produkt\/baumit-baumacol-premiumfuge-silk-grey-5-kg-jen-po-omezenou-doba-9158\/#primaryimage"},"image":{"@id":"https:\/\/www.koupelnapro.com\/index.php\/produkt\/baumit-baumacol-premiumfuge-silk-grey-5-kg-jen-po-omezenou-doba-9158\/#primaryimage"},"thumbnailUrl":"https:\/\/www.koupelnapro.com\/wp-content\/uploads\/2026\/SK0002925-CZ20260425-091813-0-1777079894-gall_d6753b19-af34-4fe6-acdd-4aa89738943c29756-premiumfuge-.webp","datePublished":"2026-04-26T09:13:24+00:00","breadcrumb":{"@id":"https:\/\/www.koupelnapro.com\/index.php\/produkt\/baumit-baumacol-premiumfuge-silk-grey-5-kg-jen-po-omezenou-doba-9158\/#breadcrumb"},"inLanguage":"cs","potentialAction":[{"@type":"ReadAction","target":["https:\/\/www.koupelnapro.com\/index.php\/produkt\/baumit-baumacol-premiumfuge-silk-grey-5-kg-jen-po-omezenou-doba-9158\/"]}]},{"@type":"ImageObject","inLanguage":"cs","@id":"https:\/\/www.koupelnapro.com\/index.php\/produkt\/baumit-baumacol-premiumfuge-silk-grey-5-kg-jen-po-omezenou-doba-9158\/#primaryimage","url":"https:\/\/www.koupelnapro.com\/wp-content\/uploads\/2026\/SK0002925-CZ20260425-091813-0-1777079894-gall_d6753b19-af34-4fe6-acdd-4aa89738943c29756-premiumfuge-.webp","contentUrl":"https:\/\/www.koupelnapro.com\/wp-content\/uploads\/2026\/SK0002925-CZ20260425-091813-0-1777079894-gall_d6753b19-af34-4fe6-acdd-4aa89738943c29756-premiumfuge-.webp","width":420,"height":389},{"@type":"BreadcrumbList","@id":"https:\/\/www.koupelnapro.com\/index.php\/produkt\/baumit-baumacol-premiumfuge-silk-grey-5-kg-jen-po-omezenou-doba-9158\/#breadcrumb","itemListElement":[{"@type":"ListItem","position":1,"name":"Home","item":"https:\/\/www.koupelnapro.com\/"},{"@type":"ListItem","position":2,"name":"Products","item":"https:\/\/www.koupelnapro.com\/index.php\/products\/"},{"@type":"ListItem","position":3,"name":"Baumit Baumacol PremiumFuge Silk Grey 5 kg Jen Po Omezenou Doba"}]},{"@type":"WebSite","@id":"https:\/\/www.koupelnapro.com\/#website","url":"https:\/\/www.koupelnapro.com\/","name":"","description":"","potentialAction":[{"@type":"SearchAction","target":{"@type":"EntryPoint","urlTemplate":"https:\/\/www.koupelnapro.com\/?s={search_term_string}"},"query-input":{"@type":"PropertyValueSpecification","valueRequired":true,"valueName":"search_term_string"}}],"inLanguage":"cs"}]}},"_links":{"self":[{"href":"https:\/\/www.koupelnapro.com\/index.php\/wp-json\/wp\/v2\/product\/9158","targetHints":{"allow":["GET"]}}],"collection":[{"href":"https:\/\/www.koupelnapro.com\/index.php\/wp-json\/wp\/v2\/product"}],"about":[{"href":"https:\/\/www.koupelnapro.com\/index.php\/wp-json\/wp\/v2\/types\/product"}],"replies":[{"embeddable":true,"href":"https:\/\/www.koupelnapro.com\/index.php\/wp-json\/wp\/v2\/comments?post=9158"}],"wp:featuredmedia":[{"embeddable":true,"href":"https:\/\/www.koupelnapro.com\/index.php\/wp-json\/wp\/v2\/media\/9258"}],"wp:attachment":[{"href":"https:\/\/www.koupelnapro.com\/index.php\/wp-json\/wp\/v2\/media?parent=9158"}],"wp:term":[{"taxonomy":"product_brand","embeddable":true,"href":"https:\/\/www.koupelnapro.com\/index.php\/wp-json\/wp\/v2\/product_brand?post=9158"},{"taxonomy":"product_cat","embeddable":true,"href":"https:\/\/www.koupelnapro.com\/index.php\/wp-json\/wp\/v2\/product_cat?post=9158"},{"taxonomy":"product_tag","embeddable":true,"href":"https:\/\/www.koupelnapro.com\/index.php\/wp-json\/wp\/v2\/product_tag?post=9158"}],"curies":[{"name":"wp","href":"https:\/\/api.w.org\/{rel}","templated":true}]}}