{"id":9153,"date":"2026-04-26T09:13:24","date_gmt":"2026-04-26T09:13:24","guid":{"rendered":""},"modified":"2026-04-26T09:13:24","modified_gmt":"2026-04-26T09:13:24","slug":"schomburg-ak7p-seda-25-kg-novinka-9153","status":"publish","type":"product","link":"https:\/\/www.koupelnapro.com\/index.php\/produkt\/schomburg-ak7p-seda-25-kg-novinka-9153\/","title":{"rendered":"Schomburg AK7P (\u0161ed\u00e1), 25 kg Novinka"},"content":{"rendered":"<div class=\"tmc_edt\">\n<ul>\n<li><font face=\"Segoe UI\">Zlep\u0161en\u00e9 lepidlo pro obklady a dla\u017eby <strong>t\u0159\u00eddy C2TE s velmi n\u00edzk\u00fdm pod\u00edlem emisn\u00edch l\u00e1tek<\/strong><\/font><\/li>\n<li><font face=\"Segoe UI\"><strong>AK7P<\/strong> se pou\u017e\u00edv\u00e1 jako lepic\u00ed malta do tenk\u00e9ho lo\u017ee k pokl\u00e1dce kameniny, p\u00f3roviny a keramick\u00fdch dla\u017edic s malou nas\u00e1kavost\u00ed \u2264 0,5 % (jemn\u00e1 kamenina), kab\u0159ince, mozaiky a p\u0159\u00edrodn\u00edho nepr\u016fsvitn\u00e9ho kamene, kter\u00fd nen\u00ed citliv\u00fd na zabarven\u00ed. <\/font><\/li>\n<li><font face=\"Segoe UI\"><strong>AK7P<\/strong> slou\u017e\u00ed ke spolehliv\u00e9 pokl\u00e1dce obklad\u016f\/dla\u017eby na v\u0161echny podklady podle DIN 18157, d\u00edl 1, nap\u0159. beton, p\u00f3robeton, om\u00edtku, cementov\u00e9 a anhydritov\u00e9 pot\u011bry, vyt\u00e1p\u011bn\u00e9 pot\u011bry, zdivo, s\u00e1drokarton atd. <\/font><\/li>\n<li><font face=\"Segoe UI\">D\u00e1le je vhodn\u00e9 k lepen\u00ed lehk\u00fdch stavebn\u00edch desek, nap\u0159. z extrudovan\u00e9ho polystyrenu a k pokl\u00e1dce obklad\u016f\/dla\u017eby na miner\u00e1ln\u00ed a disperzn\u00ed kontaktn\u00ed hydroizolace SCHOMBURG v interi\u00e9ru.<\/font><\/li>\n<\/ul><\/div>\n<\/p><\/div>\n","protected":false},"excerpt":{"rendered":"<p>Zlep\u0161en\u00e9 lepidlo pro obklady a dla\u017eby t\u0159\u00eddy C2TE s velmi n\u00edzk\u00fdm pod\u00edlem emisn\u00edch l\u00e1tek AK7P se pou\u017e\u00edv\u00e1 jako lepic\u00ed malta do tenk\u00e9ho lo\u017ee k pokl\u00e1dce kameniny, p\u00f3roviny a keramick\u00fdch dla\u017edic s malou nas\u00e1kavost\u00ed \u2264 0,5 % (jemn\u00e1 kamenina), kab\u0159ince, mozaiky a p\u0159\u00edrodn\u00edho nepr\u016fsvitn\u00e9ho kamene, kter\u00fd nen\u00ed citliv\u00fd na zabarven\u00ed. AK7P slou\u017e\u00ed ke spolehliv\u00e9 pokl\u00e1dce obklad\u016f\/dla\u017eby [&hellip;]<\/p>\n","protected":false},"featured_media":9253,"comment_status":"open","ping_status":"open","template":"","meta":[],"product_brand":[],"product_cat":[63],"product_tag":[],"class_list":{"0":"post-9153","1":"product","2":"type-product","3":"status-publish","4":"has-post-thumbnail","6":"product_cat-hruba-stavba","8":"first","9":"instock","10":"sale","11":"shipping-taxable","12":"purchasable","13":"product-type-simple"},"yoast_head":"<!-- This site is optimized with the Yoast SEO plugin v26.8 - https:\/\/yoast.com\/product\/yoast-seo-wordpress\/ -->\n<title>Schomburg AK7P (\u0161ed\u00e1), 25 kg Novinka -<\/title>\n<meta name=\"robots\" content=\"index, follow, max-snippet:-1, max-image-preview:large, max-video-preview:-1\" \/>\n<link rel=\"canonical\" href=\"https:\/\/www.koupelnapro.com\/index.php\/produkt\/schomburg-ak7p-seda-25-kg-novinka-9153\/\" \/>\n<meta property=\"og:locale\" content=\"cs_CZ\" \/>\n<meta property=\"og:type\" content=\"article\" \/>\n<meta property=\"og:title\" content=\"Schomburg AK7P (\u0161ed\u00e1), 25 kg Novinka -\" \/>\n<meta property=\"og:description\" content=\"Zlep\u0161en\u00e9 lepidlo pro obklady a dla\u017eby t\u0159\u00eddy C2TE s velmi n\u00edzk\u00fdm pod\u00edlem emisn\u00edch l\u00e1tek AK7P se pou\u017e\u00edv\u00e1 jako lepic\u00ed malta do tenk\u00e9ho lo\u017ee k pokl\u00e1dce kameniny, p\u00f3roviny a keramick\u00fdch dla\u017edic s malou nas\u00e1kavost\u00ed \u2264 0,5 % (jemn\u00e1 kamenina), kab\u0159ince, mozaiky a p\u0159\u00edrodn\u00edho nepr\u016fsvitn\u00e9ho kamene, kter\u00fd nen\u00ed citliv\u00fd na zabarven\u00ed. AK7P slou\u017e\u00ed ke spolehliv\u00e9 pokl\u00e1dce obklad\u016f\/dla\u017eby [&hellip;]\" \/>\n<meta property=\"og:url\" content=\"https:\/\/www.koupelnapro.com\/index.php\/produkt\/schomburg-ak7p-seda-25-kg-novinka-9153\/\" \/>\n<meta property=\"og:image\" content=\"https:\/\/www.koupelnapro.com\/wp-content\/uploads\/2026\/SK0002920-CZ20260425-091813-0-1777079894-gall_2e7fcd8e-2aaf-4c10-a138-897ed53a68c829114-schomburg-ak.webp\" \/>\n\t<meta property=\"og:image:width\" content=\"159\" \/>\n\t<meta property=\"og:image:height\" content=\"350\" \/>\n\t<meta property=\"og:image:type\" content=\"image\/webp\" \/>\n<meta name=\"twitter:card\" content=\"summary_large_image\" \/>\n<meta name=\"twitter:label1\" content=\"Odhadovan\u00e1 doba \u010dten\u00ed\" \/>\n\t<meta name=\"twitter:data1\" content=\"1 minuta\" \/>\n<script type=\"application\/ld+json\" class=\"yoast-schema-graph\">{\"@context\":\"https:\/\/schema.org\",\"@graph\":[{\"@type\":\"WebPage\",\"@id\":\"https:\/\/www.koupelnapro.com\/index.php\/produkt\/schomburg-ak7p-seda-25-kg-novinka-9153\/\",\"url\":\"https:\/\/www.koupelnapro.com\/index.php\/produkt\/schomburg-ak7p-seda-25-kg-novinka-9153\/\",\"name\":\"Schomburg AK7P (\u0161ed\u00e1), 25 kg Novinka -\",\"isPartOf\":{\"@id\":\"https:\/\/www.koupelnapro.com\/#website\"},\"primaryImageOfPage\":{\"@id\":\"https:\/\/www.koupelnapro.com\/index.php\/produkt\/schomburg-ak7p-seda-25-kg-novinka-9153\/#primaryimage\"},\"image\":{\"@id\":\"https:\/\/www.koupelnapro.com\/index.php\/produkt\/schomburg-ak7p-seda-25-kg-novinka-9153\/#primaryimage\"},\"thumbnailUrl\":\"https:\/\/www.koupelnapro.com\/wp-content\/uploads\/2026\/SK0002920-CZ20260425-091813-0-1777079894-gall_2e7fcd8e-2aaf-4c10-a138-897ed53a68c829114-schomburg-ak.webp\",\"datePublished\":\"2026-04-26T09:13:24+00:00\",\"breadcrumb\":{\"@id\":\"https:\/\/www.koupelnapro.com\/index.php\/produkt\/schomburg-ak7p-seda-25-kg-novinka-9153\/#breadcrumb\"},\"inLanguage\":\"cs\",\"potentialAction\":[{\"@type\":\"ReadAction\",\"target\":[\"https:\/\/www.koupelnapro.com\/index.php\/produkt\/schomburg-ak7p-seda-25-kg-novinka-9153\/\"]}]},{\"@type\":\"ImageObject\",\"inLanguage\":\"cs\",\"@id\":\"https:\/\/www.koupelnapro.com\/index.php\/produkt\/schomburg-ak7p-seda-25-kg-novinka-9153\/#primaryimage\",\"url\":\"https:\/\/www.koupelnapro.com\/wp-content\/uploads\/2026\/SK0002920-CZ20260425-091813-0-1777079894-gall_2e7fcd8e-2aaf-4c10-a138-897ed53a68c829114-schomburg-ak.webp\",\"contentUrl\":\"https:\/\/www.koupelnapro.com\/wp-content\/uploads\/2026\/SK0002920-CZ20260425-091813-0-1777079894-gall_2e7fcd8e-2aaf-4c10-a138-897ed53a68c829114-schomburg-ak.webp\",\"width\":159,\"height\":350},{\"@type\":\"BreadcrumbList\",\"@id\":\"https:\/\/www.koupelnapro.com\/index.php\/produkt\/schomburg-ak7p-seda-25-kg-novinka-9153\/#breadcrumb\",\"itemListElement\":[{\"@type\":\"ListItem\",\"position\":1,\"name\":\"Home\",\"item\":\"https:\/\/www.koupelnapro.com\/\"},{\"@type\":\"ListItem\",\"position\":2,\"name\":\"Products\",\"item\":\"https:\/\/www.koupelnapro.com\/index.php\/products\/\"},{\"@type\":\"ListItem\",\"position\":3,\"name\":\"Schomburg AK7P (\u0161ed\u00e1), 25 kg Novinka\"}]},{\"@type\":\"WebSite\",\"@id\":\"https:\/\/www.koupelnapro.com\/#website\",\"url\":\"https:\/\/www.koupelnapro.com\/\",\"name\":\"\",\"description\":\"\",\"potentialAction\":[{\"@type\":\"SearchAction\",\"target\":{\"@type\":\"EntryPoint\",\"urlTemplate\":\"https:\/\/www.koupelnapro.com\/?s={search_term_string}\"},\"query-input\":{\"@type\":\"PropertyValueSpecification\",\"valueRequired\":true,\"valueName\":\"search_term_string\"}}],\"inLanguage\":\"cs\"}]}<\/script>\n<!-- \/ Yoast SEO plugin. -->","yoast_head_json":{"title":"Schomburg AK7P (\u0161ed\u00e1), 25 kg Novinka -","robots":{"index":"index","follow":"follow","max-snippet":"max-snippet:-1","max-image-preview":"max-image-preview:large","max-video-preview":"max-video-preview:-1"},"canonical":"https:\/\/www.koupelnapro.com\/index.php\/produkt\/schomburg-ak7p-seda-25-kg-novinka-9153\/","og_locale":"cs_CZ","og_type":"article","og_title":"Schomburg AK7P (\u0161ed\u00e1), 25 kg Novinka -","og_description":"Zlep\u0161en\u00e9 lepidlo pro obklady a dla\u017eby t\u0159\u00eddy C2TE s velmi n\u00edzk\u00fdm pod\u00edlem emisn\u00edch l\u00e1tek AK7P se pou\u017e\u00edv\u00e1 jako lepic\u00ed malta do tenk\u00e9ho lo\u017ee k pokl\u00e1dce kameniny, p\u00f3roviny a keramick\u00fdch dla\u017edic s malou nas\u00e1kavost\u00ed \u2264 0,5 % (jemn\u00e1 kamenina), kab\u0159ince, mozaiky a p\u0159\u00edrodn\u00edho nepr\u016fsvitn\u00e9ho kamene, kter\u00fd nen\u00ed citliv\u00fd na zabarven\u00ed. AK7P slou\u017e\u00ed ke spolehliv\u00e9 pokl\u00e1dce obklad\u016f\/dla\u017eby [&hellip;]","og_url":"https:\/\/www.koupelnapro.com\/index.php\/produkt\/schomburg-ak7p-seda-25-kg-novinka-9153\/","og_image":[{"width":159,"height":350,"url":"https:\/\/www.koupelnapro.com\/wp-content\/uploads\/2026\/SK0002920-CZ20260425-091813-0-1777079894-gall_2e7fcd8e-2aaf-4c10-a138-897ed53a68c829114-schomburg-ak.webp","type":"image\/webp"}],"twitter_card":"summary_large_image","twitter_misc":{"Odhadovan\u00e1 doba \u010dten\u00ed":"1 minuta"},"schema":{"@context":"https:\/\/schema.org","@graph":[{"@type":"WebPage","@id":"https:\/\/www.koupelnapro.com\/index.php\/produkt\/schomburg-ak7p-seda-25-kg-novinka-9153\/","url":"https:\/\/www.koupelnapro.com\/index.php\/produkt\/schomburg-ak7p-seda-25-kg-novinka-9153\/","name":"Schomburg AK7P (\u0161ed\u00e1), 25 kg Novinka -","isPartOf":{"@id":"https:\/\/www.koupelnapro.com\/#website"},"primaryImageOfPage":{"@id":"https:\/\/www.koupelnapro.com\/index.php\/produkt\/schomburg-ak7p-seda-25-kg-novinka-9153\/#primaryimage"},"image":{"@id":"https:\/\/www.koupelnapro.com\/index.php\/produkt\/schomburg-ak7p-seda-25-kg-novinka-9153\/#primaryimage"},"thumbnailUrl":"https:\/\/www.koupelnapro.com\/wp-content\/uploads\/2026\/SK0002920-CZ20260425-091813-0-1777079894-gall_2e7fcd8e-2aaf-4c10-a138-897ed53a68c829114-schomburg-ak.webp","datePublished":"2026-04-26T09:13:24+00:00","breadcrumb":{"@id":"https:\/\/www.koupelnapro.com\/index.php\/produkt\/schomburg-ak7p-seda-25-kg-novinka-9153\/#breadcrumb"},"inLanguage":"cs","potentialAction":[{"@type":"ReadAction","target":["https:\/\/www.koupelnapro.com\/index.php\/produkt\/schomburg-ak7p-seda-25-kg-novinka-9153\/"]}]},{"@type":"ImageObject","inLanguage":"cs","@id":"https:\/\/www.koupelnapro.com\/index.php\/produkt\/schomburg-ak7p-seda-25-kg-novinka-9153\/#primaryimage","url":"https:\/\/www.koupelnapro.com\/wp-content\/uploads\/2026\/SK0002920-CZ20260425-091813-0-1777079894-gall_2e7fcd8e-2aaf-4c10-a138-897ed53a68c829114-schomburg-ak.webp","contentUrl":"https:\/\/www.koupelnapro.com\/wp-content\/uploads\/2026\/SK0002920-CZ20260425-091813-0-1777079894-gall_2e7fcd8e-2aaf-4c10-a138-897ed53a68c829114-schomburg-ak.webp","width":159,"height":350},{"@type":"BreadcrumbList","@id":"https:\/\/www.koupelnapro.com\/index.php\/produkt\/schomburg-ak7p-seda-25-kg-novinka-9153\/#breadcrumb","itemListElement":[{"@type":"ListItem","position":1,"name":"Home","item":"https:\/\/www.koupelnapro.com\/"},{"@type":"ListItem","position":2,"name":"Products","item":"https:\/\/www.koupelnapro.com\/index.php\/products\/"},{"@type":"ListItem","position":3,"name":"Schomburg AK7P (\u0161ed\u00e1), 25 kg Novinka"}]},{"@type":"WebSite","@id":"https:\/\/www.koupelnapro.com\/#website","url":"https:\/\/www.koupelnapro.com\/","name":"","description":"","potentialAction":[{"@type":"SearchAction","target":{"@type":"EntryPoint","urlTemplate":"https:\/\/www.koupelnapro.com\/?s={search_term_string}"},"query-input":{"@type":"PropertyValueSpecification","valueRequired":true,"valueName":"search_term_string"}}],"inLanguage":"cs"}]}},"_links":{"self":[{"href":"https:\/\/www.koupelnapro.com\/index.php\/wp-json\/wp\/v2\/product\/9153","targetHints":{"allow":["GET"]}}],"collection":[{"href":"https:\/\/www.koupelnapro.com\/index.php\/wp-json\/wp\/v2\/product"}],"about":[{"href":"https:\/\/www.koupelnapro.com\/index.php\/wp-json\/wp\/v2\/types\/product"}],"replies":[{"embeddable":true,"href":"https:\/\/www.koupelnapro.com\/index.php\/wp-json\/wp\/v2\/comments?post=9153"}],"wp:featuredmedia":[{"embeddable":true,"href":"https:\/\/www.koupelnapro.com\/index.php\/wp-json\/wp\/v2\/media\/9253"}],"wp:attachment":[{"href":"https:\/\/www.koupelnapro.com\/index.php\/wp-json\/wp\/v2\/media?parent=9153"}],"wp:term":[{"taxonomy":"product_brand","embeddable":true,"href":"https:\/\/www.koupelnapro.com\/index.php\/wp-json\/wp\/v2\/product_brand?post=9153"},{"taxonomy":"product_cat","embeddable":true,"href":"https:\/\/www.koupelnapro.com\/index.php\/wp-json\/wp\/v2\/product_cat?post=9153"},{"taxonomy":"product_tag","embeddable":true,"href":"https:\/\/www.koupelnapro.com\/index.php\/wp-json\/wp\/v2\/product_tag?post=9153"}],"curies":[{"name":"wp","href":"https:\/\/api.w.org\/{rel}","templated":true}]}}