{"id":9141,"date":"2026-04-26T09:13:24","date_gmt":"2026-04-26T09:13:24","guid":{"rendered":""},"modified":"2026-04-26T09:13:24","modified_gmt":"2026-04-26T09:13:24","slug":"denbraven-qualy-fill-500-ml-lehceny-brousitelny-tmel-overeny-9141","status":"publish","type":"product","link":"https:\/\/www.koupelnapro.com\/index.php\/produkt\/denbraven-qualy-fill-500-ml-lehceny-brousitelny-tmel-overeny-9141\/","title":{"rendered":"DenBraven QUALY FILL 500 ml Leh\u010den\u00fd brousiteln\u00fd tmel Ov\u011b\u0159en\u00fd"},"content":{"rendered":"<div class=\"tmc_edt\">\n<ul>\n<li><strong>Pro vypl\u0148ov\u00e1n\u00ed mal\u00fdch i velk\u00fdch prasklin<\/strong> ve zdivu, betonu, v om\u00edtk\u00e1ch apod., mo\u017en\u00e9 tak\u00e9 sp\u00e1rov\u00e1n\u00ed s\u00e1drokartonov\u00fdch konstrukc\u00ed s po\u017eadavkem na brousitelnost. <\/li>\n<li>Ultralehk\u00e9, p\u0159\u00edmo ji\u017e nam\u00edchan\u00e9 plnivo pro rychl\u00e9 a jednoduch\u00e9 prov\u00e1d\u011bn\u00ed oprav.<\/li>\n<\/ul><\/div>\n<\/p><\/div>\n","protected":false},"excerpt":{"rendered":"<p>Pro vypl\u0148ov\u00e1n\u00ed mal\u00fdch i velk\u00fdch prasklin ve zdivu, betonu, v om\u00edtk\u00e1ch apod., mo\u017en\u00e9 tak\u00e9 sp\u00e1rov\u00e1n\u00ed s\u00e1drokartonov\u00fdch konstrukc\u00ed s po\u017eadavkem na brousitelnost. Ultralehk\u00e9, p\u0159\u00edmo ji\u017e nam\u00edchan\u00e9 plnivo pro rychl\u00e9 a jednoduch\u00e9 prov\u00e1d\u011bn\u00ed oprav.<\/p>\n","protected":false},"featured_media":9241,"comment_status":"open","ping_status":"open","template":"","meta":[],"product_brand":[],"product_cat":[62],"product_tag":[],"class_list":{"0":"post-9141","1":"product","2":"type-product","3":"status-publish","4":"has-post-thumbnail","6":"product_cat-stavebni-chemie","8":"first","9":"instock","10":"sale","11":"shipping-taxable","12":"purchasable","13":"product-type-simple"},"yoast_head":"<!-- This site is optimized with the Yoast SEO plugin v26.8 - https:\/\/yoast.com\/product\/yoast-seo-wordpress\/ -->\n<title>DenBraven QUALY FILL 500 ml Leh\u010den\u00fd brousiteln\u00fd tmel Ov\u011b\u0159en\u00fd -<\/title>\n<meta name=\"robots\" content=\"index, follow, max-snippet:-1, max-image-preview:large, max-video-preview:-1\" \/>\n<link rel=\"canonical\" href=\"https:\/\/www.koupelnapro.com\/index.php\/produkt\/denbraven-qualy-fill-500-ml-lehceny-brousitelny-tmel-overeny-9141\/\" \/>\n<meta property=\"og:locale\" content=\"cs_CZ\" \/>\n<meta property=\"og:type\" content=\"article\" \/>\n<meta property=\"og:title\" content=\"DenBraven QUALY FILL 500 ml Leh\u010den\u00fd brousiteln\u00fd tmel Ov\u011b\u0159en\u00fd -\" \/>\n<meta property=\"og:description\" content=\"Pro vypl\u0148ov\u00e1n\u00ed mal\u00fdch i velk\u00fdch prasklin ve zdivu, betonu, v om\u00edtk\u00e1ch apod., mo\u017en\u00e9 tak\u00e9 sp\u00e1rov\u00e1n\u00ed s\u00e1drokartonov\u00fdch konstrukc\u00ed s po\u017eadavkem na brousitelnost. Ultralehk\u00e9, p\u0159\u00edmo ji\u017e nam\u00edchan\u00e9 plnivo pro rychl\u00e9 a jednoduch\u00e9 prov\u00e1d\u011bn\u00ed oprav.\" \/>\n<meta property=\"og:url\" content=\"https:\/\/www.koupelnapro.com\/index.php\/produkt\/denbraven-qualy-fill-500-ml-lehceny-brousitelny-tmel-overeny-9141\/\" \/>\n<meta property=\"og:image\" content=\"https:\/\/www.koupelnapro.com\/wp-content\/uploads\/2026\/SK0002907-CZ20260425-091813-0-1777079894-gall_9b81286f-4603-4206-bbe3-9ed608cc49ad28310-denbraven-sl.webp\" \/>\n\t<meta property=\"og:image:width\" content=\"420\" \/>\n\t<meta property=\"og:image:height\" content=\"420\" \/>\n\t<meta property=\"og:image:type\" content=\"image\/webp\" \/>\n<meta name=\"twitter:card\" content=\"summary_large_image\" \/>\n<script type=\"application\/ld+json\" class=\"yoast-schema-graph\">{\"@context\":\"https:\/\/schema.org\",\"@graph\":[{\"@type\":\"WebPage\",\"@id\":\"https:\/\/www.koupelnapro.com\/index.php\/produkt\/denbraven-qualy-fill-500-ml-lehceny-brousitelny-tmel-overeny-9141\/\",\"url\":\"https:\/\/www.koupelnapro.com\/index.php\/produkt\/denbraven-qualy-fill-500-ml-lehceny-brousitelny-tmel-overeny-9141\/\",\"name\":\"DenBraven QUALY FILL 500 ml Leh\u010den\u00fd brousiteln\u00fd tmel Ov\u011b\u0159en\u00fd -\",\"isPartOf\":{\"@id\":\"https:\/\/www.koupelnapro.com\/#website\"},\"primaryImageOfPage\":{\"@id\":\"https:\/\/www.koupelnapro.com\/index.php\/produkt\/denbraven-qualy-fill-500-ml-lehceny-brousitelny-tmel-overeny-9141\/#primaryimage\"},\"image\":{\"@id\":\"https:\/\/www.koupelnapro.com\/index.php\/produkt\/denbraven-qualy-fill-500-ml-lehceny-brousitelny-tmel-overeny-9141\/#primaryimage\"},\"thumbnailUrl\":\"https:\/\/www.koupelnapro.com\/wp-content\/uploads\/2026\/SK0002907-CZ20260425-091813-0-1777079894-gall_9b81286f-4603-4206-bbe3-9ed608cc49ad28310-denbraven-sl.webp\",\"datePublished\":\"2026-04-26T09:13:24+00:00\",\"breadcrumb\":{\"@id\":\"https:\/\/www.koupelnapro.com\/index.php\/produkt\/denbraven-qualy-fill-500-ml-lehceny-brousitelny-tmel-overeny-9141\/#breadcrumb\"},\"inLanguage\":\"cs\",\"potentialAction\":[{\"@type\":\"ReadAction\",\"target\":[\"https:\/\/www.koupelnapro.com\/index.php\/produkt\/denbraven-qualy-fill-500-ml-lehceny-brousitelny-tmel-overeny-9141\/\"]}]},{\"@type\":\"ImageObject\",\"inLanguage\":\"cs\",\"@id\":\"https:\/\/www.koupelnapro.com\/index.php\/produkt\/denbraven-qualy-fill-500-ml-lehceny-brousitelny-tmel-overeny-9141\/#primaryimage\",\"url\":\"https:\/\/www.koupelnapro.com\/wp-content\/uploads\/2026\/SK0002907-CZ20260425-091813-0-1777079894-gall_9b81286f-4603-4206-bbe3-9ed608cc49ad28310-denbraven-sl.webp\",\"contentUrl\":\"https:\/\/www.koupelnapro.com\/wp-content\/uploads\/2026\/SK0002907-CZ20260425-091813-0-1777079894-gall_9b81286f-4603-4206-bbe3-9ed608cc49ad28310-denbraven-sl.webp\",\"width\":420,\"height\":420},{\"@type\":\"BreadcrumbList\",\"@id\":\"https:\/\/www.koupelnapro.com\/index.php\/produkt\/denbraven-qualy-fill-500-ml-lehceny-brousitelny-tmel-overeny-9141\/#breadcrumb\",\"itemListElement\":[{\"@type\":\"ListItem\",\"position\":1,\"name\":\"Home\",\"item\":\"https:\/\/www.koupelnapro.com\/\"},{\"@type\":\"ListItem\",\"position\":2,\"name\":\"Products\",\"item\":\"https:\/\/www.koupelnapro.com\/index.php\/products\/\"},{\"@type\":\"ListItem\",\"position\":3,\"name\":\"DenBraven QUALY FILL 500 ml Leh\u010den\u00fd brousiteln\u00fd tmel Ov\u011b\u0159en\u00fd\"}]},{\"@type\":\"WebSite\",\"@id\":\"https:\/\/www.koupelnapro.com\/#website\",\"url\":\"https:\/\/www.koupelnapro.com\/\",\"name\":\"\",\"description\":\"\",\"potentialAction\":[{\"@type\":\"SearchAction\",\"target\":{\"@type\":\"EntryPoint\",\"urlTemplate\":\"https:\/\/www.koupelnapro.com\/?s={search_term_string}\"},\"query-input\":{\"@type\":\"PropertyValueSpecification\",\"valueRequired\":true,\"valueName\":\"search_term_string\"}}],\"inLanguage\":\"cs\"}]}<\/script>\n<!-- \/ Yoast SEO plugin. -->","yoast_head_json":{"title":"DenBraven QUALY FILL 500 ml Leh\u010den\u00fd brousiteln\u00fd tmel Ov\u011b\u0159en\u00fd -","robots":{"index":"index","follow":"follow","max-snippet":"max-snippet:-1","max-image-preview":"max-image-preview:large","max-video-preview":"max-video-preview:-1"},"canonical":"https:\/\/www.koupelnapro.com\/index.php\/produkt\/denbraven-qualy-fill-500-ml-lehceny-brousitelny-tmel-overeny-9141\/","og_locale":"cs_CZ","og_type":"article","og_title":"DenBraven QUALY FILL 500 ml Leh\u010den\u00fd brousiteln\u00fd tmel Ov\u011b\u0159en\u00fd -","og_description":"Pro vypl\u0148ov\u00e1n\u00ed mal\u00fdch i velk\u00fdch prasklin ve zdivu, betonu, v om\u00edtk\u00e1ch apod., mo\u017en\u00e9 tak\u00e9 sp\u00e1rov\u00e1n\u00ed s\u00e1drokartonov\u00fdch konstrukc\u00ed s po\u017eadavkem na brousitelnost. Ultralehk\u00e9, p\u0159\u00edmo ji\u017e nam\u00edchan\u00e9 plnivo pro rychl\u00e9 a jednoduch\u00e9 prov\u00e1d\u011bn\u00ed oprav.","og_url":"https:\/\/www.koupelnapro.com\/index.php\/produkt\/denbraven-qualy-fill-500-ml-lehceny-brousitelny-tmel-overeny-9141\/","og_image":[{"width":420,"height":420,"url":"https:\/\/www.koupelnapro.com\/wp-content\/uploads\/2026\/SK0002907-CZ20260425-091813-0-1777079894-gall_9b81286f-4603-4206-bbe3-9ed608cc49ad28310-denbraven-sl.webp","type":"image\/webp"}],"twitter_card":"summary_large_image","schema":{"@context":"https:\/\/schema.org","@graph":[{"@type":"WebPage","@id":"https:\/\/www.koupelnapro.com\/index.php\/produkt\/denbraven-qualy-fill-500-ml-lehceny-brousitelny-tmel-overeny-9141\/","url":"https:\/\/www.koupelnapro.com\/index.php\/produkt\/denbraven-qualy-fill-500-ml-lehceny-brousitelny-tmel-overeny-9141\/","name":"DenBraven QUALY FILL 500 ml Leh\u010den\u00fd brousiteln\u00fd tmel Ov\u011b\u0159en\u00fd -","isPartOf":{"@id":"https:\/\/www.koupelnapro.com\/#website"},"primaryImageOfPage":{"@id":"https:\/\/www.koupelnapro.com\/index.php\/produkt\/denbraven-qualy-fill-500-ml-lehceny-brousitelny-tmel-overeny-9141\/#primaryimage"},"image":{"@id":"https:\/\/www.koupelnapro.com\/index.php\/produkt\/denbraven-qualy-fill-500-ml-lehceny-brousitelny-tmel-overeny-9141\/#primaryimage"},"thumbnailUrl":"https:\/\/www.koupelnapro.com\/wp-content\/uploads\/2026\/SK0002907-CZ20260425-091813-0-1777079894-gall_9b81286f-4603-4206-bbe3-9ed608cc49ad28310-denbraven-sl.webp","datePublished":"2026-04-26T09:13:24+00:00","breadcrumb":{"@id":"https:\/\/www.koupelnapro.com\/index.php\/produkt\/denbraven-qualy-fill-500-ml-lehceny-brousitelny-tmel-overeny-9141\/#breadcrumb"},"inLanguage":"cs","potentialAction":[{"@type":"ReadAction","target":["https:\/\/www.koupelnapro.com\/index.php\/produkt\/denbraven-qualy-fill-500-ml-lehceny-brousitelny-tmel-overeny-9141\/"]}]},{"@type":"ImageObject","inLanguage":"cs","@id":"https:\/\/www.koupelnapro.com\/index.php\/produkt\/denbraven-qualy-fill-500-ml-lehceny-brousitelny-tmel-overeny-9141\/#primaryimage","url":"https:\/\/www.koupelnapro.com\/wp-content\/uploads\/2026\/SK0002907-CZ20260425-091813-0-1777079894-gall_9b81286f-4603-4206-bbe3-9ed608cc49ad28310-denbraven-sl.webp","contentUrl":"https:\/\/www.koupelnapro.com\/wp-content\/uploads\/2026\/SK0002907-CZ20260425-091813-0-1777079894-gall_9b81286f-4603-4206-bbe3-9ed608cc49ad28310-denbraven-sl.webp","width":420,"height":420},{"@type":"BreadcrumbList","@id":"https:\/\/www.koupelnapro.com\/index.php\/produkt\/denbraven-qualy-fill-500-ml-lehceny-brousitelny-tmel-overeny-9141\/#breadcrumb","itemListElement":[{"@type":"ListItem","position":1,"name":"Home","item":"https:\/\/www.koupelnapro.com\/"},{"@type":"ListItem","position":2,"name":"Products","item":"https:\/\/www.koupelnapro.com\/index.php\/products\/"},{"@type":"ListItem","position":3,"name":"DenBraven QUALY FILL 500 ml Leh\u010den\u00fd brousiteln\u00fd tmel Ov\u011b\u0159en\u00fd"}]},{"@type":"WebSite","@id":"https:\/\/www.koupelnapro.com\/#website","url":"https:\/\/www.koupelnapro.com\/","name":"","description":"","potentialAction":[{"@type":"SearchAction","target":{"@type":"EntryPoint","urlTemplate":"https:\/\/www.koupelnapro.com\/?s={search_term_string}"},"query-input":{"@type":"PropertyValueSpecification","valueRequired":true,"valueName":"search_term_string"}}],"inLanguage":"cs"}]}},"_links":{"self":[{"href":"https:\/\/www.koupelnapro.com\/index.php\/wp-json\/wp\/v2\/product\/9141","targetHints":{"allow":["GET"]}}],"collection":[{"href":"https:\/\/www.koupelnapro.com\/index.php\/wp-json\/wp\/v2\/product"}],"about":[{"href":"https:\/\/www.koupelnapro.com\/index.php\/wp-json\/wp\/v2\/types\/product"}],"replies":[{"embeddable":true,"href":"https:\/\/www.koupelnapro.com\/index.php\/wp-json\/wp\/v2\/comments?post=9141"}],"wp:featuredmedia":[{"embeddable":true,"href":"https:\/\/www.koupelnapro.com\/index.php\/wp-json\/wp\/v2\/media\/9241"}],"wp:attachment":[{"href":"https:\/\/www.koupelnapro.com\/index.php\/wp-json\/wp\/v2\/media?parent=9141"}],"wp:term":[{"taxonomy":"product_brand","embeddable":true,"href":"https:\/\/www.koupelnapro.com\/index.php\/wp-json\/wp\/v2\/product_brand?post=9141"},{"taxonomy":"product_cat","embeddable":true,"href":"https:\/\/www.koupelnapro.com\/index.php\/wp-json\/wp\/v2\/product_cat?post=9141"},{"taxonomy":"product_tag","embeddable":true,"href":"https:\/\/www.koupelnapro.com\/index.php\/wp-json\/wp\/v2\/product_tag?post=9141"}],"curies":[{"name":"wp","href":"https:\/\/api.w.org\/{rel}","templated":true}]}}