{"id":9137,"date":"2026-04-26T09:13:24","date_gmt":"2026-04-26T09:13:24","guid":{"rendered":""},"modified":"2026-04-26T09:13:24","modified_gmt":"2026-04-26T09:13:24","slug":"preklad-heluz-11-5-275-cm-koupit-online-9137","status":"publish","type":"product","link":"https:\/\/www.koupelnapro.com\/index.php\/produkt\/preklad-heluz-11-5-275-cm-koupit-online-9137\/","title":{"rendered":"P\u0159eklad HELUZ 11,5 &#8211; 275 cm Koupit Online"},"content":{"rendered":"<div class=\"tmc_edt\">                        <font face=\"Segoe UI\">Pro nadpra\u017e\u00ed stavebn\u00edch otvor\u016f v nenosn\u00fdch st\u011bn\u00e1ch.<\/font>                    <\/div>\n<\/p><\/div>\n","protected":false},"excerpt":{"rendered":"<p>Pro nadpra\u017e\u00ed stavebn\u00edch otvor\u016f v nenosn\u00fdch st\u011bn\u00e1ch.<\/p>\n","protected":false},"featured_media":9237,"comment_status":"open","ping_status":"open","template":"","meta":[],"product_brand":[],"product_cat":[63],"product_tag":[],"class_list":{"0":"post-9137","1":"product","2":"type-product","3":"status-publish","4":"has-post-thumbnail","6":"product_cat-hruba-stavba","8":"first","9":"instock","10":"sale","11":"shipping-taxable","12":"purchasable","13":"product-type-simple"},"yoast_head":"<!-- This site is optimized with the Yoast SEO plugin v26.8 - https:\/\/yoast.com\/product\/yoast-seo-wordpress\/ -->\n<title>P\u0159eklad HELUZ 11,5 - 275 cm Koupit Online -<\/title>\n<meta name=\"robots\" content=\"index, follow, max-snippet:-1, max-image-preview:large, max-video-preview:-1\" \/>\n<link rel=\"canonical\" href=\"https:\/\/www.koupelnapro.com\/index.php\/produkt\/preklad-heluz-11-5-275-cm-koupit-online-9137\/\" \/>\n<meta property=\"og:locale\" content=\"cs_CZ\" \/>\n<meta property=\"og:type\" content=\"article\" \/>\n<meta property=\"og:title\" content=\"P\u0159eklad HELUZ 11,5 - 275 cm Koupit Online -\" \/>\n<meta property=\"og:description\" content=\"Pro nadpra\u017e\u00ed stavebn\u00edch otvor\u016f v nenosn\u00fdch st\u011bn\u00e1ch.\" \/>\n<meta property=\"og:url\" content=\"https:\/\/www.koupelnapro.com\/index.php\/produkt\/preklad-heluz-11-5-275-cm-koupit-online-9137\/\" \/>\n<meta property=\"og:image\" content=\"https:\/\/www.koupelnapro.com\/wp-content\/uploads\/2026\/SK0002903-CZ20260425-091813-0-1777079894-gall_b4fc63d3-eb88-43bd-99a0-a6461117a97c28217-preklad115.j.webp\" \/>\n\t<meta property=\"og:image:width\" content=\"420\" \/>\n\t<meta property=\"og:image:height\" content=\"276\" \/>\n\t<meta property=\"og:image:type\" content=\"image\/webp\" \/>\n<meta name=\"twitter:card\" content=\"summary_large_image\" \/>\n<script type=\"application\/ld+json\" class=\"yoast-schema-graph\">{\"@context\":\"https:\/\/schema.org\",\"@graph\":[{\"@type\":\"WebPage\",\"@id\":\"https:\/\/www.koupelnapro.com\/index.php\/produkt\/preklad-heluz-11-5-275-cm-koupit-online-9137\/\",\"url\":\"https:\/\/www.koupelnapro.com\/index.php\/produkt\/preklad-heluz-11-5-275-cm-koupit-online-9137\/\",\"name\":\"P\u0159eklad HELUZ 11,5 - 275 cm Koupit Online -\",\"isPartOf\":{\"@id\":\"https:\/\/www.koupelnapro.com\/#website\"},\"primaryImageOfPage\":{\"@id\":\"https:\/\/www.koupelnapro.com\/index.php\/produkt\/preklad-heluz-11-5-275-cm-koupit-online-9137\/#primaryimage\"},\"image\":{\"@id\":\"https:\/\/www.koupelnapro.com\/index.php\/produkt\/preklad-heluz-11-5-275-cm-koupit-online-9137\/#primaryimage\"},\"thumbnailUrl\":\"https:\/\/www.koupelnapro.com\/wp-content\/uploads\/2026\/SK0002903-CZ20260425-091813-0-1777079894-gall_b4fc63d3-eb88-43bd-99a0-a6461117a97c28217-preklad115.j.webp\",\"datePublished\":\"2026-04-26T09:13:24+00:00\",\"breadcrumb\":{\"@id\":\"https:\/\/www.koupelnapro.com\/index.php\/produkt\/preklad-heluz-11-5-275-cm-koupit-online-9137\/#breadcrumb\"},\"inLanguage\":\"cs\",\"potentialAction\":[{\"@type\":\"ReadAction\",\"target\":[\"https:\/\/www.koupelnapro.com\/index.php\/produkt\/preklad-heluz-11-5-275-cm-koupit-online-9137\/\"]}]},{\"@type\":\"ImageObject\",\"inLanguage\":\"cs\",\"@id\":\"https:\/\/www.koupelnapro.com\/index.php\/produkt\/preklad-heluz-11-5-275-cm-koupit-online-9137\/#primaryimage\",\"url\":\"https:\/\/www.koupelnapro.com\/wp-content\/uploads\/2026\/SK0002903-CZ20260425-091813-0-1777079894-gall_b4fc63d3-eb88-43bd-99a0-a6461117a97c28217-preklad115.j.webp\",\"contentUrl\":\"https:\/\/www.koupelnapro.com\/wp-content\/uploads\/2026\/SK0002903-CZ20260425-091813-0-1777079894-gall_b4fc63d3-eb88-43bd-99a0-a6461117a97c28217-preklad115.j.webp\",\"width\":420,\"height\":276},{\"@type\":\"BreadcrumbList\",\"@id\":\"https:\/\/www.koupelnapro.com\/index.php\/produkt\/preklad-heluz-11-5-275-cm-koupit-online-9137\/#breadcrumb\",\"itemListElement\":[{\"@type\":\"ListItem\",\"position\":1,\"name\":\"Home\",\"item\":\"https:\/\/www.koupelnapro.com\/\"},{\"@type\":\"ListItem\",\"position\":2,\"name\":\"Products\",\"item\":\"https:\/\/www.koupelnapro.com\/index.php\/products\/\"},{\"@type\":\"ListItem\",\"position\":3,\"name\":\"P\u0159eklad HELUZ 11,5 &#8211; 275 cm Koupit Online\"}]},{\"@type\":\"WebSite\",\"@id\":\"https:\/\/www.koupelnapro.com\/#website\",\"url\":\"https:\/\/www.koupelnapro.com\/\",\"name\":\"\",\"description\":\"\",\"potentialAction\":[{\"@type\":\"SearchAction\",\"target\":{\"@type\":\"EntryPoint\",\"urlTemplate\":\"https:\/\/www.koupelnapro.com\/?s={search_term_string}\"},\"query-input\":{\"@type\":\"PropertyValueSpecification\",\"valueRequired\":true,\"valueName\":\"search_term_string\"}}],\"inLanguage\":\"cs\"}]}<\/script>\n<!-- \/ Yoast SEO plugin. -->","yoast_head_json":{"title":"P\u0159eklad HELUZ 11,5 - 275 cm Koupit Online -","robots":{"index":"index","follow":"follow","max-snippet":"max-snippet:-1","max-image-preview":"max-image-preview:large","max-video-preview":"max-video-preview:-1"},"canonical":"https:\/\/www.koupelnapro.com\/index.php\/produkt\/preklad-heluz-11-5-275-cm-koupit-online-9137\/","og_locale":"cs_CZ","og_type":"article","og_title":"P\u0159eklad HELUZ 11,5 - 275 cm Koupit Online -","og_description":"Pro nadpra\u017e\u00ed stavebn\u00edch otvor\u016f v nenosn\u00fdch st\u011bn\u00e1ch.","og_url":"https:\/\/www.koupelnapro.com\/index.php\/produkt\/preklad-heluz-11-5-275-cm-koupit-online-9137\/","og_image":[{"width":420,"height":276,"url":"https:\/\/www.koupelnapro.com\/wp-content\/uploads\/2026\/SK0002903-CZ20260425-091813-0-1777079894-gall_b4fc63d3-eb88-43bd-99a0-a6461117a97c28217-preklad115.j.webp","type":"image\/webp"}],"twitter_card":"summary_large_image","schema":{"@context":"https:\/\/schema.org","@graph":[{"@type":"WebPage","@id":"https:\/\/www.koupelnapro.com\/index.php\/produkt\/preklad-heluz-11-5-275-cm-koupit-online-9137\/","url":"https:\/\/www.koupelnapro.com\/index.php\/produkt\/preklad-heluz-11-5-275-cm-koupit-online-9137\/","name":"P\u0159eklad HELUZ 11,5 - 275 cm Koupit Online -","isPartOf":{"@id":"https:\/\/www.koupelnapro.com\/#website"},"primaryImageOfPage":{"@id":"https:\/\/www.koupelnapro.com\/index.php\/produkt\/preklad-heluz-11-5-275-cm-koupit-online-9137\/#primaryimage"},"image":{"@id":"https:\/\/www.koupelnapro.com\/index.php\/produkt\/preklad-heluz-11-5-275-cm-koupit-online-9137\/#primaryimage"},"thumbnailUrl":"https:\/\/www.koupelnapro.com\/wp-content\/uploads\/2026\/SK0002903-CZ20260425-091813-0-1777079894-gall_b4fc63d3-eb88-43bd-99a0-a6461117a97c28217-preklad115.j.webp","datePublished":"2026-04-26T09:13:24+00:00","breadcrumb":{"@id":"https:\/\/www.koupelnapro.com\/index.php\/produkt\/preklad-heluz-11-5-275-cm-koupit-online-9137\/#breadcrumb"},"inLanguage":"cs","potentialAction":[{"@type":"ReadAction","target":["https:\/\/www.koupelnapro.com\/index.php\/produkt\/preklad-heluz-11-5-275-cm-koupit-online-9137\/"]}]},{"@type":"ImageObject","inLanguage":"cs","@id":"https:\/\/www.koupelnapro.com\/index.php\/produkt\/preklad-heluz-11-5-275-cm-koupit-online-9137\/#primaryimage","url":"https:\/\/www.koupelnapro.com\/wp-content\/uploads\/2026\/SK0002903-CZ20260425-091813-0-1777079894-gall_b4fc63d3-eb88-43bd-99a0-a6461117a97c28217-preklad115.j.webp","contentUrl":"https:\/\/www.koupelnapro.com\/wp-content\/uploads\/2026\/SK0002903-CZ20260425-091813-0-1777079894-gall_b4fc63d3-eb88-43bd-99a0-a6461117a97c28217-preklad115.j.webp","width":420,"height":276},{"@type":"BreadcrumbList","@id":"https:\/\/www.koupelnapro.com\/index.php\/produkt\/preklad-heluz-11-5-275-cm-koupit-online-9137\/#breadcrumb","itemListElement":[{"@type":"ListItem","position":1,"name":"Home","item":"https:\/\/www.koupelnapro.com\/"},{"@type":"ListItem","position":2,"name":"Products","item":"https:\/\/www.koupelnapro.com\/index.php\/products\/"},{"@type":"ListItem","position":3,"name":"P\u0159eklad HELUZ 11,5 &#8211; 275 cm Koupit Online"}]},{"@type":"WebSite","@id":"https:\/\/www.koupelnapro.com\/#website","url":"https:\/\/www.koupelnapro.com\/","name":"","description":"","potentialAction":[{"@type":"SearchAction","target":{"@type":"EntryPoint","urlTemplate":"https:\/\/www.koupelnapro.com\/?s={search_term_string}"},"query-input":{"@type":"PropertyValueSpecification","valueRequired":true,"valueName":"search_term_string"}}],"inLanguage":"cs"}]}},"_links":{"self":[{"href":"https:\/\/www.koupelnapro.com\/index.php\/wp-json\/wp\/v2\/product\/9137","targetHints":{"allow":["GET"]}}],"collection":[{"href":"https:\/\/www.koupelnapro.com\/index.php\/wp-json\/wp\/v2\/product"}],"about":[{"href":"https:\/\/www.koupelnapro.com\/index.php\/wp-json\/wp\/v2\/types\/product"}],"replies":[{"embeddable":true,"href":"https:\/\/www.koupelnapro.com\/index.php\/wp-json\/wp\/v2\/comments?post=9137"}],"wp:featuredmedia":[{"embeddable":true,"href":"https:\/\/www.koupelnapro.com\/index.php\/wp-json\/wp\/v2\/media\/9237"}],"wp:attachment":[{"href":"https:\/\/www.koupelnapro.com\/index.php\/wp-json\/wp\/v2\/media?parent=9137"}],"wp:term":[{"taxonomy":"product_brand","embeddable":true,"href":"https:\/\/www.koupelnapro.com\/index.php\/wp-json\/wp\/v2\/product_brand?post=9137"},{"taxonomy":"product_cat","embeddable":true,"href":"https:\/\/www.koupelnapro.com\/index.php\/wp-json\/wp\/v2\/product_cat?post=9137"},{"taxonomy":"product_tag","embeddable":true,"href":"https:\/\/www.koupelnapro.com\/index.php\/wp-json\/wp\/v2\/product_tag?post=9137"}],"curies":[{"name":"wp","href":"https:\/\/api.w.org\/{rel}","templated":true}]}}