{"id":9131,"date":"2026-04-26T09:13:24","date_gmt":"2026-04-26T09:13:24","guid":{"rendered":""},"modified":"2026-04-26T09:13:24","modified_gmt":"2026-04-26T09:13:24","slug":"overeny-geiger-cerny-s-dolni-vypusti-suchy-50-125-110-125-mm-bal-1-9131","status":"publish","type":"product","link":"https:\/\/www.koupelnapro.com\/index.php\/produkt\/overeny-geiger-cerny-s-dolni-vypusti-suchy-50-125-110-125-mm-bal-1-9131\/","title":{"rendered":"Ov\u011b\u0159en\u00fd Geiger \u010dern\u00fd s doln\u00ed v\u00fdpust\u00ed (such\u00fd) 50-125\/110 (125) mm (bal. 1)"},"content":{"rendered":"<div class=\"tmc_edt\">\n<p><font face=\"Segoe UI\">Pro odvod de\u0161\u0165ov\u00e9 vody z okapov\u00e9ho potrub\u00ed do kanaliza\u010dn\u00edho syst\u00e9mu.<\/font><\/p>\n<ul>\n<li><font face=\"Segoe UI\">P\u0159i ulo\u017een\u00ed do betonu, p\u0159i ulo\u017een\u00ed do zeminy zabra\u0148uje ne\u017e\u00e1douc\u00edmu pohybu <\/font><\/li>\n<li><font face=\"Segoe UI\">Vyj\u00edmateln\u00fd ko\u0161 pro snadn\u00e9 \u010di\u0161t\u011bn\u00ed &#8211; ko\u0161 funguje jako filtr, zachycuje ne\u017e\u00e1douc\u00ed splaveniny, nap\u0159. list\u00ed a drobn\u00e9 v\u011btve <\/font><\/li>\n<li><font face=\"Segoe UI\">Such\u00e1 protiz\u00e1pachov\u00e1 klapka zabra\u0148uje zp\u011btn\u00e9mu z\u00e1pachu z kanaliza\u010dn\u00edho potrub\u00ed v\u00edko na p\u0159\u00edtoku umo\u017e\u0148uje vy\u0159\u00edznut\u00ed excentrick\u00fdch otvor\u016f v pr\u016fm\u011brech 50, 63, 75, 80, 90, 100, 110, 120, 125 mm<\/font><\/li>\n<\/ul>\n<p><font face=\"Segoe UI\"><strong>N\u00e1vod na pou\u017eit\u00ed:<\/strong> <\/font><\/p>\n<p><font face=\"Segoe UI\">Vykopejte dostat\u010dn\u011b velkou j\u00e1mu pro osazen\u00ed a odstra\u0148te velk\u00e9 a ostr\u00e9 kameny. Osa\u010fte geiger do spr\u00e1vn\u00e9 pozice a napojte zku\u0161ebn\u011b na kanalizaci i a svod. Pot\u00e9 osa\u010fte poklop a geiger zabetonujte jak v doln\u00ed \u010d\u00e1sti, tak i po stran\u00e1ch. Hotov\u00e1 vrchn\u00ed betonov\u00e1 hrana mus\u00ed b\u00fdt ukon\u010dena tak, aby umo\u017enila p\u0159\u00edpradnou dodate\u010dnou pokl\u00e1dku dla\u017eby.<\/font><\/p>\n<\/p><\/div>\n<\/p><\/div>\n","protected":false},"excerpt":{"rendered":"<p>Pro odvod de\u0161\u0165ov\u00e9 vody z okapov\u00e9ho potrub\u00ed do kanaliza\u010dn\u00edho syst\u00e9mu. P\u0159i ulo\u017een\u00ed do betonu, p\u0159i ulo\u017een\u00ed do zeminy zabra\u0148uje ne\u017e\u00e1douc\u00edmu pohybu Vyj\u00edmateln\u00fd ko\u0161 pro snadn\u00e9 \u010di\u0161t\u011bn\u00ed &#8211; ko\u0161 funguje jako filtr, zachycuje ne\u017e\u00e1douc\u00ed splaveniny, nap\u0159. list\u00ed a drobn\u00e9 v\u011btve Such\u00e1 protiz\u00e1pachov\u00e1 klapka zabra\u0148uje zp\u011btn\u00e9mu z\u00e1pachu z kanaliza\u010dn\u00edho potrub\u00ed v\u00edko na p\u0159\u00edtoku umo\u017e\u0148uje vy\u0159\u00edznut\u00ed excentrick\u00fdch otvor\u016f [&hellip;]<\/p>\n","protected":false},"featured_media":9231,"comment_status":"open","ping_status":"open","template":"","meta":[],"product_brand":[],"product_cat":[63],"product_tag":[],"class_list":{"0":"post-9131","1":"product","2":"type-product","3":"status-publish","4":"has-post-thumbnail","6":"product_cat-hruba-stavba","8":"first","9":"instock","10":"sale","11":"shipping-taxable","12":"purchasable","13":"product-type-simple"},"yoast_head":"<!-- This site is optimized with the Yoast SEO plugin v26.8 - https:\/\/yoast.com\/product\/yoast-seo-wordpress\/ -->\n<title>Ov\u011b\u0159en\u00fd Geiger \u010dern\u00fd s doln\u00ed v\u00fdpust\u00ed (such\u00fd) 50-125\/110 (125) mm (bal. 1) -<\/title>\n<meta name=\"robots\" content=\"index, follow, max-snippet:-1, max-image-preview:large, max-video-preview:-1\" \/>\n<link rel=\"canonical\" href=\"https:\/\/www.koupelnapro.com\/index.php\/produkt\/overeny-geiger-cerny-s-dolni-vypusti-suchy-50-125-110-125-mm-bal-1-9131\/\" \/>\n<meta property=\"og:locale\" content=\"cs_CZ\" \/>\n<meta property=\"og:type\" content=\"article\" \/>\n<meta property=\"og:title\" content=\"Ov\u011b\u0159en\u00fd Geiger \u010dern\u00fd s doln\u00ed v\u00fdpust\u00ed (such\u00fd) 50-125\/110 (125) mm (bal. 1) -\" \/>\n<meta property=\"og:description\" content=\"Pro odvod de\u0161\u0165ov\u00e9 vody z okapov\u00e9ho potrub\u00ed do kanaliza\u010dn\u00edho syst\u00e9mu. P\u0159i ulo\u017een\u00ed do betonu, p\u0159i ulo\u017een\u00ed do zeminy zabra\u0148uje ne\u017e\u00e1douc\u00edmu pohybu Vyj\u00edmateln\u00fd ko\u0161 pro snadn\u00e9 \u010di\u0161t\u011bn\u00ed &#8211; ko\u0161 funguje jako filtr, zachycuje ne\u017e\u00e1douc\u00ed splaveniny, nap\u0159. list\u00ed a drobn\u00e9 v\u011btve Such\u00e1 protiz\u00e1pachov\u00e1 klapka zabra\u0148uje zp\u011btn\u00e9mu z\u00e1pachu z kanaliza\u010dn\u00edho potrub\u00ed v\u00edko na p\u0159\u00edtoku umo\u017e\u0148uje vy\u0159\u00edznut\u00ed excentrick\u00fdch otvor\u016f [&hellip;]\" \/>\n<meta property=\"og:url\" content=\"https:\/\/www.koupelnapro.com\/index.php\/produkt\/overeny-geiger-cerny-s-dolni-vypusti-suchy-50-125-110-125-mm-bal-1-9131\/\" \/>\n<meta property=\"og:image\" content=\"https:\/\/www.koupelnapro.com\/wp-content\/uploads\/2026\/SK0002897-CZ20260425-091813-0-1777079894-gall_13eb6373-7892-4b42-9ec4-cf6c1715f29327623-likov-geiger.webp\" \/>\n\t<meta property=\"og:image:width\" content=\"420\" \/>\n\t<meta property=\"og:image:height\" content=\"279\" \/>\n\t<meta property=\"og:image:type\" content=\"image\/webp\" \/>\n<meta name=\"twitter:card\" content=\"summary_large_image\" \/>\n<meta name=\"twitter:label1\" content=\"Odhadovan\u00e1 doba \u010dten\u00ed\" \/>\n\t<meta name=\"twitter:data1\" content=\"1 minuta\" \/>\n<script type=\"application\/ld+json\" class=\"yoast-schema-graph\">{\"@context\":\"https:\/\/schema.org\",\"@graph\":[{\"@type\":\"WebPage\",\"@id\":\"https:\/\/www.koupelnapro.com\/index.php\/produkt\/overeny-geiger-cerny-s-dolni-vypusti-suchy-50-125-110-125-mm-bal-1-9131\/\",\"url\":\"https:\/\/www.koupelnapro.com\/index.php\/produkt\/overeny-geiger-cerny-s-dolni-vypusti-suchy-50-125-110-125-mm-bal-1-9131\/\",\"name\":\"Ov\u011b\u0159en\u00fd Geiger \u010dern\u00fd s doln\u00ed v\u00fdpust\u00ed (such\u00fd) 50-125\/110 (125) mm (bal. 1) -\",\"isPartOf\":{\"@id\":\"https:\/\/www.koupelnapro.com\/#website\"},\"primaryImageOfPage\":{\"@id\":\"https:\/\/www.koupelnapro.com\/index.php\/produkt\/overeny-geiger-cerny-s-dolni-vypusti-suchy-50-125-110-125-mm-bal-1-9131\/#primaryimage\"},\"image\":{\"@id\":\"https:\/\/www.koupelnapro.com\/index.php\/produkt\/overeny-geiger-cerny-s-dolni-vypusti-suchy-50-125-110-125-mm-bal-1-9131\/#primaryimage\"},\"thumbnailUrl\":\"https:\/\/www.koupelnapro.com\/wp-content\/uploads\/2026\/SK0002897-CZ20260425-091813-0-1777079894-gall_13eb6373-7892-4b42-9ec4-cf6c1715f29327623-likov-geiger.webp\",\"datePublished\":\"2026-04-26T09:13:24+00:00\",\"breadcrumb\":{\"@id\":\"https:\/\/www.koupelnapro.com\/index.php\/produkt\/overeny-geiger-cerny-s-dolni-vypusti-suchy-50-125-110-125-mm-bal-1-9131\/#breadcrumb\"},\"inLanguage\":\"cs\",\"potentialAction\":[{\"@type\":\"ReadAction\",\"target\":[\"https:\/\/www.koupelnapro.com\/index.php\/produkt\/overeny-geiger-cerny-s-dolni-vypusti-suchy-50-125-110-125-mm-bal-1-9131\/\"]}]},{\"@type\":\"ImageObject\",\"inLanguage\":\"cs\",\"@id\":\"https:\/\/www.koupelnapro.com\/index.php\/produkt\/overeny-geiger-cerny-s-dolni-vypusti-suchy-50-125-110-125-mm-bal-1-9131\/#primaryimage\",\"url\":\"https:\/\/www.koupelnapro.com\/wp-content\/uploads\/2026\/SK0002897-CZ20260425-091813-0-1777079894-gall_13eb6373-7892-4b42-9ec4-cf6c1715f29327623-likov-geiger.webp\",\"contentUrl\":\"https:\/\/www.koupelnapro.com\/wp-content\/uploads\/2026\/SK0002897-CZ20260425-091813-0-1777079894-gall_13eb6373-7892-4b42-9ec4-cf6c1715f29327623-likov-geiger.webp\",\"width\":420,\"height\":279},{\"@type\":\"BreadcrumbList\",\"@id\":\"https:\/\/www.koupelnapro.com\/index.php\/produkt\/overeny-geiger-cerny-s-dolni-vypusti-suchy-50-125-110-125-mm-bal-1-9131\/#breadcrumb\",\"itemListElement\":[{\"@type\":\"ListItem\",\"position\":1,\"name\":\"Home\",\"item\":\"https:\/\/www.koupelnapro.com\/\"},{\"@type\":\"ListItem\",\"position\":2,\"name\":\"Products\",\"item\":\"https:\/\/www.koupelnapro.com\/index.php\/products\/\"},{\"@type\":\"ListItem\",\"position\":3,\"name\":\"Ov\u011b\u0159en\u00fd Geiger \u010dern\u00fd s doln\u00ed v\u00fdpust\u00ed (such\u00fd) 50-125\/110 (125) mm (bal. 1)\"}]},{\"@type\":\"WebSite\",\"@id\":\"https:\/\/www.koupelnapro.com\/#website\",\"url\":\"https:\/\/www.koupelnapro.com\/\",\"name\":\"\",\"description\":\"\",\"potentialAction\":[{\"@type\":\"SearchAction\",\"target\":{\"@type\":\"EntryPoint\",\"urlTemplate\":\"https:\/\/www.koupelnapro.com\/?s={search_term_string}\"},\"query-input\":{\"@type\":\"PropertyValueSpecification\",\"valueRequired\":true,\"valueName\":\"search_term_string\"}}],\"inLanguage\":\"cs\"}]}<\/script>\n<!-- \/ Yoast SEO plugin. -->","yoast_head_json":{"title":"Ov\u011b\u0159en\u00fd Geiger \u010dern\u00fd s doln\u00ed v\u00fdpust\u00ed (such\u00fd) 50-125\/110 (125) mm (bal. 1) -","robots":{"index":"index","follow":"follow","max-snippet":"max-snippet:-1","max-image-preview":"max-image-preview:large","max-video-preview":"max-video-preview:-1"},"canonical":"https:\/\/www.koupelnapro.com\/index.php\/produkt\/overeny-geiger-cerny-s-dolni-vypusti-suchy-50-125-110-125-mm-bal-1-9131\/","og_locale":"cs_CZ","og_type":"article","og_title":"Ov\u011b\u0159en\u00fd Geiger \u010dern\u00fd s doln\u00ed v\u00fdpust\u00ed (such\u00fd) 50-125\/110 (125) mm (bal. 1) -","og_description":"Pro odvod de\u0161\u0165ov\u00e9 vody z okapov\u00e9ho potrub\u00ed do kanaliza\u010dn\u00edho syst\u00e9mu. P\u0159i ulo\u017een\u00ed do betonu, p\u0159i ulo\u017een\u00ed do zeminy zabra\u0148uje ne\u017e\u00e1douc\u00edmu pohybu Vyj\u00edmateln\u00fd ko\u0161 pro snadn\u00e9 \u010di\u0161t\u011bn\u00ed &#8211; ko\u0161 funguje jako filtr, zachycuje ne\u017e\u00e1douc\u00ed splaveniny, nap\u0159. list\u00ed a drobn\u00e9 v\u011btve Such\u00e1 protiz\u00e1pachov\u00e1 klapka zabra\u0148uje zp\u011btn\u00e9mu z\u00e1pachu z kanaliza\u010dn\u00edho potrub\u00ed v\u00edko na p\u0159\u00edtoku umo\u017e\u0148uje vy\u0159\u00edznut\u00ed excentrick\u00fdch otvor\u016f [&hellip;]","og_url":"https:\/\/www.koupelnapro.com\/index.php\/produkt\/overeny-geiger-cerny-s-dolni-vypusti-suchy-50-125-110-125-mm-bal-1-9131\/","og_image":[{"width":420,"height":279,"url":"https:\/\/www.koupelnapro.com\/wp-content\/uploads\/2026\/SK0002897-CZ20260425-091813-0-1777079894-gall_13eb6373-7892-4b42-9ec4-cf6c1715f29327623-likov-geiger.webp","type":"image\/webp"}],"twitter_card":"summary_large_image","twitter_misc":{"Odhadovan\u00e1 doba \u010dten\u00ed":"1 minuta"},"schema":{"@context":"https:\/\/schema.org","@graph":[{"@type":"WebPage","@id":"https:\/\/www.koupelnapro.com\/index.php\/produkt\/overeny-geiger-cerny-s-dolni-vypusti-suchy-50-125-110-125-mm-bal-1-9131\/","url":"https:\/\/www.koupelnapro.com\/index.php\/produkt\/overeny-geiger-cerny-s-dolni-vypusti-suchy-50-125-110-125-mm-bal-1-9131\/","name":"Ov\u011b\u0159en\u00fd Geiger \u010dern\u00fd s doln\u00ed v\u00fdpust\u00ed (such\u00fd) 50-125\/110 (125) mm (bal. 1) -","isPartOf":{"@id":"https:\/\/www.koupelnapro.com\/#website"},"primaryImageOfPage":{"@id":"https:\/\/www.koupelnapro.com\/index.php\/produkt\/overeny-geiger-cerny-s-dolni-vypusti-suchy-50-125-110-125-mm-bal-1-9131\/#primaryimage"},"image":{"@id":"https:\/\/www.koupelnapro.com\/index.php\/produkt\/overeny-geiger-cerny-s-dolni-vypusti-suchy-50-125-110-125-mm-bal-1-9131\/#primaryimage"},"thumbnailUrl":"https:\/\/www.koupelnapro.com\/wp-content\/uploads\/2026\/SK0002897-CZ20260425-091813-0-1777079894-gall_13eb6373-7892-4b42-9ec4-cf6c1715f29327623-likov-geiger.webp","datePublished":"2026-04-26T09:13:24+00:00","breadcrumb":{"@id":"https:\/\/www.koupelnapro.com\/index.php\/produkt\/overeny-geiger-cerny-s-dolni-vypusti-suchy-50-125-110-125-mm-bal-1-9131\/#breadcrumb"},"inLanguage":"cs","potentialAction":[{"@type":"ReadAction","target":["https:\/\/www.koupelnapro.com\/index.php\/produkt\/overeny-geiger-cerny-s-dolni-vypusti-suchy-50-125-110-125-mm-bal-1-9131\/"]}]},{"@type":"ImageObject","inLanguage":"cs","@id":"https:\/\/www.koupelnapro.com\/index.php\/produkt\/overeny-geiger-cerny-s-dolni-vypusti-suchy-50-125-110-125-mm-bal-1-9131\/#primaryimage","url":"https:\/\/www.koupelnapro.com\/wp-content\/uploads\/2026\/SK0002897-CZ20260425-091813-0-1777079894-gall_13eb6373-7892-4b42-9ec4-cf6c1715f29327623-likov-geiger.webp","contentUrl":"https:\/\/www.koupelnapro.com\/wp-content\/uploads\/2026\/SK0002897-CZ20260425-091813-0-1777079894-gall_13eb6373-7892-4b42-9ec4-cf6c1715f29327623-likov-geiger.webp","width":420,"height":279},{"@type":"BreadcrumbList","@id":"https:\/\/www.koupelnapro.com\/index.php\/produkt\/overeny-geiger-cerny-s-dolni-vypusti-suchy-50-125-110-125-mm-bal-1-9131\/#breadcrumb","itemListElement":[{"@type":"ListItem","position":1,"name":"Home","item":"https:\/\/www.koupelnapro.com\/"},{"@type":"ListItem","position":2,"name":"Products","item":"https:\/\/www.koupelnapro.com\/index.php\/products\/"},{"@type":"ListItem","position":3,"name":"Ov\u011b\u0159en\u00fd Geiger \u010dern\u00fd s doln\u00ed v\u00fdpust\u00ed (such\u00fd) 50-125\/110 (125) mm (bal. 1)"}]},{"@type":"WebSite","@id":"https:\/\/www.koupelnapro.com\/#website","url":"https:\/\/www.koupelnapro.com\/","name":"","description":"","potentialAction":[{"@type":"SearchAction","target":{"@type":"EntryPoint","urlTemplate":"https:\/\/www.koupelnapro.com\/?s={search_term_string}"},"query-input":{"@type":"PropertyValueSpecification","valueRequired":true,"valueName":"search_term_string"}}],"inLanguage":"cs"}]}},"_links":{"self":[{"href":"https:\/\/www.koupelnapro.com\/index.php\/wp-json\/wp\/v2\/product\/9131","targetHints":{"allow":["GET"]}}],"collection":[{"href":"https:\/\/www.koupelnapro.com\/index.php\/wp-json\/wp\/v2\/product"}],"about":[{"href":"https:\/\/www.koupelnapro.com\/index.php\/wp-json\/wp\/v2\/types\/product"}],"replies":[{"embeddable":true,"href":"https:\/\/www.koupelnapro.com\/index.php\/wp-json\/wp\/v2\/comments?post=9131"}],"wp:featuredmedia":[{"embeddable":true,"href":"https:\/\/www.koupelnapro.com\/index.php\/wp-json\/wp\/v2\/media\/9231"}],"wp:attachment":[{"href":"https:\/\/www.koupelnapro.com\/index.php\/wp-json\/wp\/v2\/media?parent=9131"}],"wp:term":[{"taxonomy":"product_brand","embeddable":true,"href":"https:\/\/www.koupelnapro.com\/index.php\/wp-json\/wp\/v2\/product_brand?post=9131"},{"taxonomy":"product_cat","embeddable":true,"href":"https:\/\/www.koupelnapro.com\/index.php\/wp-json\/wp\/v2\/product_cat?post=9131"},{"taxonomy":"product_tag","embeddable":true,"href":"https:\/\/www.koupelnapro.com\/index.php\/wp-json\/wp\/v2\/product_tag?post=9131"}],"curies":[{"name":"wp","href":"https:\/\/api.w.org\/{rel}","templated":true}]}}