{"id":9120,"date":"2026-04-26T09:13:24","date_gmt":"2026-04-26T09:13:24","guid":{"rendered":""},"modified":"2026-04-26T09:13:24","modified_gmt":"2026-04-26T09:13:24","slug":"dokud-zasoby-vydrzi-sheron-ubrousky-na-palubni-desku-24-ks-9120","status":"publish","type":"product","link":"https:\/\/www.koupelnapro.com\/index.php\/produkt\/dokud-zasoby-vydrzi-sheron-ubrousky-na-palubni-desku-24-ks-9120\/","title":{"rendered":"Dokud Z\u00e1soby Vydr\u017e\u00ed SHERON Ubrousky na palubn\u00ed desku 24 ks"},"content":{"rendered":"<div class=\"tmc_edt\">\n<ul>\n<li>Praktick\u00e9 navlh\u010den\u00e9 pap\u00edrov\u00e9 ubrousky slou\u017e\u00ed pro o\u0161et\u0159en\u00ed, \u010di\u0161t\u011bn\u00ed plastov\u00fdch \u010d\u00e1st\u00ed automobilu.<\/li>\n<li>Po zaschnut\u00ed vytv\u00e1\u0159\u00ed na plastov\u00e9m povrchu elastick\u00fd ochrann\u00fd film, kter\u00fd sni\u017euje usazov\u00e1n\u00ed prachu a o\u017eivuje barvy. <\/li>\n<li>Ubrousky jsou aromatizovan\u00e9, po pou\u017eit\u00ed p\u0159\u00edjemn\u011b provon\u00ed interi\u00e9r automobilu. <\/li>\n<li><strong>Nepou\u017e\u00edvejte na volant, \u0159adic\u00ed p\u00e1ku \u010di ped\u00e1ly.<\/strong><\/li>\n<\/ul><\/div>\n<\/p><\/div>\n","protected":false},"excerpt":{"rendered":"<p>Praktick\u00e9 navlh\u010den\u00e9 pap\u00edrov\u00e9 ubrousky slou\u017e\u00ed pro o\u0161et\u0159en\u00ed, \u010di\u0161t\u011bn\u00ed plastov\u00fdch \u010d\u00e1st\u00ed automobilu. Po zaschnut\u00ed vytv\u00e1\u0159\u00ed na plastov\u00e9m povrchu elastick\u00fd ochrann\u00fd film, kter\u00fd sni\u017euje usazov\u00e1n\u00ed prachu a o\u017eivuje barvy. Ubrousky jsou aromatizovan\u00e9, po pou\u017eit\u00ed p\u0159\u00edjemn\u011b provon\u00ed interi\u00e9r automobilu. Nepou\u017e\u00edvejte na volant, \u0159adic\u00ed p\u00e1ku \u010di ped\u00e1ly.<\/p>\n","protected":false},"featured_media":9220,"comment_status":"open","ping_status":"open","template":"","meta":[],"product_brand":[],"product_cat":[61],"product_tag":[],"class_list":{"0":"post-9120","1":"product","2":"type-product","3":"status-publish","4":"has-post-thumbnail","6":"product_cat-dum-a-zahrada","8":"first","9":"instock","10":"sale","11":"shipping-taxable","12":"purchasable","13":"product-type-simple"},"yoast_head":"<!-- This site is optimized with the Yoast SEO plugin v26.8 - https:\/\/yoast.com\/product\/yoast-seo-wordpress\/ -->\n<title>Dokud Z\u00e1soby Vydr\u017e\u00ed SHERON Ubrousky na palubn\u00ed desku 24 ks -<\/title>\n<meta name=\"robots\" content=\"index, follow, max-snippet:-1, max-image-preview:large, max-video-preview:-1\" \/>\n<link rel=\"canonical\" href=\"https:\/\/www.koupelnapro.com\/index.php\/produkt\/dokud-zasoby-vydrzi-sheron-ubrousky-na-palubni-desku-24-ks-9120\/\" \/>\n<meta property=\"og:locale\" content=\"cs_CZ\" \/>\n<meta property=\"og:type\" content=\"article\" \/>\n<meta property=\"og:title\" content=\"Dokud Z\u00e1soby Vydr\u017e\u00ed SHERON Ubrousky na palubn\u00ed desku 24 ks -\" \/>\n<meta property=\"og:description\" content=\"Praktick\u00e9 navlh\u010den\u00e9 pap\u00edrov\u00e9 ubrousky slou\u017e\u00ed pro o\u0161et\u0159en\u00ed, \u010di\u0161t\u011bn\u00ed plastov\u00fdch \u010d\u00e1st\u00ed automobilu. Po zaschnut\u00ed vytv\u00e1\u0159\u00ed na plastov\u00e9m povrchu elastick\u00fd ochrann\u00fd film, kter\u00fd sni\u017euje usazov\u00e1n\u00ed prachu a o\u017eivuje barvy. Ubrousky jsou aromatizovan\u00e9, po pou\u017eit\u00ed p\u0159\u00edjemn\u011b provon\u00ed interi\u00e9r automobilu. Nepou\u017e\u00edvejte na volant, \u0159adic\u00ed p\u00e1ku \u010di ped\u00e1ly.\" \/>\n<meta property=\"og:url\" content=\"https:\/\/www.koupelnapro.com\/index.php\/produkt\/dokud-zasoby-vydrzi-sheron-ubrousky-na-palubni-desku-24-ks-9120\/\" \/>\n<meta property=\"og:image\" content=\"https:\/\/www.koupelnapro.com\/wp-content\/uploads\/2026\/SK0002886-CZ20260425-091813-0-1777079894-gall_2563465d-4bba-4b24-b4d4-d2eb63c01ea227151-sheron-ubrou.webp\" \/>\n\t<meta property=\"og:image:width\" content=\"264\" \/>\n\t<meta property=\"og:image:height\" content=\"420\" \/>\n\t<meta property=\"og:image:type\" content=\"image\/webp\" \/>\n<meta name=\"twitter:card\" content=\"summary_large_image\" \/>\n<script type=\"application\/ld+json\" class=\"yoast-schema-graph\">{\"@context\":\"https:\/\/schema.org\",\"@graph\":[{\"@type\":\"WebPage\",\"@id\":\"https:\/\/www.koupelnapro.com\/index.php\/produkt\/dokud-zasoby-vydrzi-sheron-ubrousky-na-palubni-desku-24-ks-9120\/\",\"url\":\"https:\/\/www.koupelnapro.com\/index.php\/produkt\/dokud-zasoby-vydrzi-sheron-ubrousky-na-palubni-desku-24-ks-9120\/\",\"name\":\"Dokud Z\u00e1soby Vydr\u017e\u00ed SHERON Ubrousky na palubn\u00ed desku 24 ks -\",\"isPartOf\":{\"@id\":\"https:\/\/www.koupelnapro.com\/#website\"},\"primaryImageOfPage\":{\"@id\":\"https:\/\/www.koupelnapro.com\/index.php\/produkt\/dokud-zasoby-vydrzi-sheron-ubrousky-na-palubni-desku-24-ks-9120\/#primaryimage\"},\"image\":{\"@id\":\"https:\/\/www.koupelnapro.com\/index.php\/produkt\/dokud-zasoby-vydrzi-sheron-ubrousky-na-palubni-desku-24-ks-9120\/#primaryimage\"},\"thumbnailUrl\":\"https:\/\/www.koupelnapro.com\/wp-content\/uploads\/2026\/SK0002886-CZ20260425-091813-0-1777079894-gall_2563465d-4bba-4b24-b4d4-d2eb63c01ea227151-sheron-ubrou.webp\",\"datePublished\":\"2026-04-26T09:13:24+00:00\",\"breadcrumb\":{\"@id\":\"https:\/\/www.koupelnapro.com\/index.php\/produkt\/dokud-zasoby-vydrzi-sheron-ubrousky-na-palubni-desku-24-ks-9120\/#breadcrumb\"},\"inLanguage\":\"cs\",\"potentialAction\":[{\"@type\":\"ReadAction\",\"target\":[\"https:\/\/www.koupelnapro.com\/index.php\/produkt\/dokud-zasoby-vydrzi-sheron-ubrousky-na-palubni-desku-24-ks-9120\/\"]}]},{\"@type\":\"ImageObject\",\"inLanguage\":\"cs\",\"@id\":\"https:\/\/www.koupelnapro.com\/index.php\/produkt\/dokud-zasoby-vydrzi-sheron-ubrousky-na-palubni-desku-24-ks-9120\/#primaryimage\",\"url\":\"https:\/\/www.koupelnapro.com\/wp-content\/uploads\/2026\/SK0002886-CZ20260425-091813-0-1777079894-gall_2563465d-4bba-4b24-b4d4-d2eb63c01ea227151-sheron-ubrou.webp\",\"contentUrl\":\"https:\/\/www.koupelnapro.com\/wp-content\/uploads\/2026\/SK0002886-CZ20260425-091813-0-1777079894-gall_2563465d-4bba-4b24-b4d4-d2eb63c01ea227151-sheron-ubrou.webp\",\"width\":264,\"height\":420},{\"@type\":\"BreadcrumbList\",\"@id\":\"https:\/\/www.koupelnapro.com\/index.php\/produkt\/dokud-zasoby-vydrzi-sheron-ubrousky-na-palubni-desku-24-ks-9120\/#breadcrumb\",\"itemListElement\":[{\"@type\":\"ListItem\",\"position\":1,\"name\":\"Home\",\"item\":\"https:\/\/www.koupelnapro.com\/\"},{\"@type\":\"ListItem\",\"position\":2,\"name\":\"Products\",\"item\":\"https:\/\/www.koupelnapro.com\/index.php\/products\/\"},{\"@type\":\"ListItem\",\"position\":3,\"name\":\"Dokud Z\u00e1soby Vydr\u017e\u00ed SHERON Ubrousky na palubn\u00ed desku 24 ks\"}]},{\"@type\":\"WebSite\",\"@id\":\"https:\/\/www.koupelnapro.com\/#website\",\"url\":\"https:\/\/www.koupelnapro.com\/\",\"name\":\"\",\"description\":\"\",\"potentialAction\":[{\"@type\":\"SearchAction\",\"target\":{\"@type\":\"EntryPoint\",\"urlTemplate\":\"https:\/\/www.koupelnapro.com\/?s={search_term_string}\"},\"query-input\":{\"@type\":\"PropertyValueSpecification\",\"valueRequired\":true,\"valueName\":\"search_term_string\"}}],\"inLanguage\":\"cs\"}]}<\/script>\n<!-- \/ Yoast SEO plugin. -->","yoast_head_json":{"title":"Dokud Z\u00e1soby Vydr\u017e\u00ed SHERON Ubrousky na palubn\u00ed desku 24 ks -","robots":{"index":"index","follow":"follow","max-snippet":"max-snippet:-1","max-image-preview":"max-image-preview:large","max-video-preview":"max-video-preview:-1"},"canonical":"https:\/\/www.koupelnapro.com\/index.php\/produkt\/dokud-zasoby-vydrzi-sheron-ubrousky-na-palubni-desku-24-ks-9120\/","og_locale":"cs_CZ","og_type":"article","og_title":"Dokud Z\u00e1soby Vydr\u017e\u00ed SHERON Ubrousky na palubn\u00ed desku 24 ks -","og_description":"Praktick\u00e9 navlh\u010den\u00e9 pap\u00edrov\u00e9 ubrousky slou\u017e\u00ed pro o\u0161et\u0159en\u00ed, \u010di\u0161t\u011bn\u00ed plastov\u00fdch \u010d\u00e1st\u00ed automobilu. Po zaschnut\u00ed vytv\u00e1\u0159\u00ed na plastov\u00e9m povrchu elastick\u00fd ochrann\u00fd film, kter\u00fd sni\u017euje usazov\u00e1n\u00ed prachu a o\u017eivuje barvy. Ubrousky jsou aromatizovan\u00e9, po pou\u017eit\u00ed p\u0159\u00edjemn\u011b provon\u00ed interi\u00e9r automobilu. Nepou\u017e\u00edvejte na volant, \u0159adic\u00ed p\u00e1ku \u010di ped\u00e1ly.","og_url":"https:\/\/www.koupelnapro.com\/index.php\/produkt\/dokud-zasoby-vydrzi-sheron-ubrousky-na-palubni-desku-24-ks-9120\/","og_image":[{"width":264,"height":420,"url":"https:\/\/www.koupelnapro.com\/wp-content\/uploads\/2026\/SK0002886-CZ20260425-091813-0-1777079894-gall_2563465d-4bba-4b24-b4d4-d2eb63c01ea227151-sheron-ubrou.webp","type":"image\/webp"}],"twitter_card":"summary_large_image","schema":{"@context":"https:\/\/schema.org","@graph":[{"@type":"WebPage","@id":"https:\/\/www.koupelnapro.com\/index.php\/produkt\/dokud-zasoby-vydrzi-sheron-ubrousky-na-palubni-desku-24-ks-9120\/","url":"https:\/\/www.koupelnapro.com\/index.php\/produkt\/dokud-zasoby-vydrzi-sheron-ubrousky-na-palubni-desku-24-ks-9120\/","name":"Dokud Z\u00e1soby Vydr\u017e\u00ed SHERON Ubrousky na palubn\u00ed desku 24 ks -","isPartOf":{"@id":"https:\/\/www.koupelnapro.com\/#website"},"primaryImageOfPage":{"@id":"https:\/\/www.koupelnapro.com\/index.php\/produkt\/dokud-zasoby-vydrzi-sheron-ubrousky-na-palubni-desku-24-ks-9120\/#primaryimage"},"image":{"@id":"https:\/\/www.koupelnapro.com\/index.php\/produkt\/dokud-zasoby-vydrzi-sheron-ubrousky-na-palubni-desku-24-ks-9120\/#primaryimage"},"thumbnailUrl":"https:\/\/www.koupelnapro.com\/wp-content\/uploads\/2026\/SK0002886-CZ20260425-091813-0-1777079894-gall_2563465d-4bba-4b24-b4d4-d2eb63c01ea227151-sheron-ubrou.webp","datePublished":"2026-04-26T09:13:24+00:00","breadcrumb":{"@id":"https:\/\/www.koupelnapro.com\/index.php\/produkt\/dokud-zasoby-vydrzi-sheron-ubrousky-na-palubni-desku-24-ks-9120\/#breadcrumb"},"inLanguage":"cs","potentialAction":[{"@type":"ReadAction","target":["https:\/\/www.koupelnapro.com\/index.php\/produkt\/dokud-zasoby-vydrzi-sheron-ubrousky-na-palubni-desku-24-ks-9120\/"]}]},{"@type":"ImageObject","inLanguage":"cs","@id":"https:\/\/www.koupelnapro.com\/index.php\/produkt\/dokud-zasoby-vydrzi-sheron-ubrousky-na-palubni-desku-24-ks-9120\/#primaryimage","url":"https:\/\/www.koupelnapro.com\/wp-content\/uploads\/2026\/SK0002886-CZ20260425-091813-0-1777079894-gall_2563465d-4bba-4b24-b4d4-d2eb63c01ea227151-sheron-ubrou.webp","contentUrl":"https:\/\/www.koupelnapro.com\/wp-content\/uploads\/2026\/SK0002886-CZ20260425-091813-0-1777079894-gall_2563465d-4bba-4b24-b4d4-d2eb63c01ea227151-sheron-ubrou.webp","width":264,"height":420},{"@type":"BreadcrumbList","@id":"https:\/\/www.koupelnapro.com\/index.php\/produkt\/dokud-zasoby-vydrzi-sheron-ubrousky-na-palubni-desku-24-ks-9120\/#breadcrumb","itemListElement":[{"@type":"ListItem","position":1,"name":"Home","item":"https:\/\/www.koupelnapro.com\/"},{"@type":"ListItem","position":2,"name":"Products","item":"https:\/\/www.koupelnapro.com\/index.php\/products\/"},{"@type":"ListItem","position":3,"name":"Dokud Z\u00e1soby Vydr\u017e\u00ed SHERON Ubrousky na palubn\u00ed desku 24 ks"}]},{"@type":"WebSite","@id":"https:\/\/www.koupelnapro.com\/#website","url":"https:\/\/www.koupelnapro.com\/","name":"","description":"","potentialAction":[{"@type":"SearchAction","target":{"@type":"EntryPoint","urlTemplate":"https:\/\/www.koupelnapro.com\/?s={search_term_string}"},"query-input":{"@type":"PropertyValueSpecification","valueRequired":true,"valueName":"search_term_string"}}],"inLanguage":"cs"}]}},"_links":{"self":[{"href":"https:\/\/www.koupelnapro.com\/index.php\/wp-json\/wp\/v2\/product\/9120","targetHints":{"allow":["GET"]}}],"collection":[{"href":"https:\/\/www.koupelnapro.com\/index.php\/wp-json\/wp\/v2\/product"}],"about":[{"href":"https:\/\/www.koupelnapro.com\/index.php\/wp-json\/wp\/v2\/types\/product"}],"replies":[{"embeddable":true,"href":"https:\/\/www.koupelnapro.com\/index.php\/wp-json\/wp\/v2\/comments?post=9120"}],"wp:featuredmedia":[{"embeddable":true,"href":"https:\/\/www.koupelnapro.com\/index.php\/wp-json\/wp\/v2\/media\/9220"}],"wp:attachment":[{"href":"https:\/\/www.koupelnapro.com\/index.php\/wp-json\/wp\/v2\/media?parent=9120"}],"wp:term":[{"taxonomy":"product_brand","embeddable":true,"href":"https:\/\/www.koupelnapro.com\/index.php\/wp-json\/wp\/v2\/product_brand?post=9120"},{"taxonomy":"product_cat","embeddable":true,"href":"https:\/\/www.koupelnapro.com\/index.php\/wp-json\/wp\/v2\/product_cat?post=9120"},{"taxonomy":"product_tag","embeddable":true,"href":"https:\/\/www.koupelnapro.com\/index.php\/wp-json\/wp\/v2\/product_tag?post=9120"}],"curies":[{"name":"wp","href":"https:\/\/api.w.org\/{rel}","templated":true}]}}