{"id":9115,"date":"2026-04-26T09:13:24","date_gmt":"2026-04-26T09:13:24","guid":{"rendered":""},"modified":"2026-04-26T09:13:24","modified_gmt":"2026-04-26T09:13:24","slug":"zlevneny-sheron-diesel-aditiv-250-ml-9115","status":"publish","type":"product","link":"https:\/\/www.koupelnapro.com\/index.php\/produkt\/zlevneny-sheron-diesel-aditiv-250-ml-9115\/","title":{"rendered":"Zlevn\u011bn\u00fd SHERON Diesel aditiv 250 ml"},"content":{"rendered":"<div class=\"tmc_edt\">\n<p>Multifunk\u010dn\u00ed p\u0159\u00edsada do motorov\u00e9 nafty, kter\u00e1 zlep\u0161uje tekutost a filtrovatelnost nafty v zimn\u00edm obdob\u00ed. Sni\u017euje bod tuhnut\u00ed nafty, zlep\u0161uje chod motoru a spot\u0159ebu paliva. Zapracov\u00e1v\u00e1 vyseparovan\u00fd paraf\u00edn zp\u011bt do nafty.<\/p>\n<p>Aplikujte do n\u00e1dr\u017ee p\u0159ed jej\u00edm napln\u011bn\u00edm, teplota o\u0161et\u0159ovan\u00e9ho paliva nesm\u00ed b\u00fdt ni\u017e\u0161\u00ed ne\u017e -3\u00b0C. V\u017edy dodr\u017ete tabulku spr\u00e1vn\u00e9ho d\u00e1vkov\u00e1n\u00ed uvedenou na v\u00fdrobku. Skladujte p\u0159i teplot\u00e1ch nad 5\u00b0C (p\u0159\u00edp. ztuhnut\u00ed p\u0159\u00edpravku neznamen\u00e1 ztr\u00e1tu kvality a nefunk\u010dnost; po zah\u0159\u00e1t\u00ed na min. 5\u00b0C a prot\u0159ep\u00e1n\u00ed lze op\u011btovn\u011b pou\u017e\u00edt).<\/p>\n<p><\/p>\n<\/p><\/div>\n<\/p><\/div>\n","protected":false},"excerpt":{"rendered":"<p>Multifunk\u010dn\u00ed p\u0159\u00edsada do motorov\u00e9 nafty, kter\u00e1 zlep\u0161uje tekutost a filtrovatelnost nafty v zimn\u00edm obdob\u00ed. Sni\u017euje bod tuhnut\u00ed nafty, zlep\u0161uje chod motoru a spot\u0159ebu paliva. Zapracov\u00e1v\u00e1 vyseparovan\u00fd paraf\u00edn zp\u011bt do nafty. Aplikujte do n\u00e1dr\u017ee p\u0159ed jej\u00edm napln\u011bn\u00edm, teplota o\u0161et\u0159ovan\u00e9ho paliva nesm\u00ed b\u00fdt ni\u017e\u0161\u00ed ne\u017e -3\u00b0C. V\u017edy dodr\u017ete tabulku spr\u00e1vn\u00e9ho d\u00e1vkov\u00e1n\u00ed uvedenou na v\u00fdrobku. Skladujte p\u0159i teplot\u00e1ch [&hellip;]<\/p>\n","protected":false},"featured_media":9215,"comment_status":"open","ping_status":"open","template":"","meta":[],"product_brand":[],"product_cat":[61],"product_tag":[],"class_list":{"0":"post-9115","1":"product","2":"type-product","3":"status-publish","4":"has-post-thumbnail","6":"product_cat-dum-a-zahrada","8":"first","9":"instock","10":"sale","11":"shipping-taxable","12":"purchasable","13":"product-type-simple"},"yoast_head":"<!-- This site is optimized with the Yoast SEO plugin v26.8 - https:\/\/yoast.com\/product\/yoast-seo-wordpress\/ -->\n<title>Zlevn\u011bn\u00fd SHERON Diesel aditiv 250 ml -<\/title>\n<meta name=\"robots\" content=\"index, follow, max-snippet:-1, max-image-preview:large, max-video-preview:-1\" \/>\n<link rel=\"canonical\" href=\"https:\/\/www.koupelnapro.com\/index.php\/produkt\/zlevneny-sheron-diesel-aditiv-250-ml-9115\/\" \/>\n<meta property=\"og:locale\" content=\"cs_CZ\" \/>\n<meta property=\"og:type\" content=\"article\" \/>\n<meta property=\"og:title\" content=\"Zlevn\u011bn\u00fd SHERON Diesel aditiv 250 ml -\" \/>\n<meta property=\"og:description\" content=\"Multifunk\u010dn\u00ed p\u0159\u00edsada do motorov\u00e9 nafty, kter\u00e1 zlep\u0161uje tekutost a filtrovatelnost nafty v zimn\u00edm obdob\u00ed. Sni\u017euje bod tuhnut\u00ed nafty, zlep\u0161uje chod motoru a spot\u0159ebu paliva. Zapracov\u00e1v\u00e1 vyseparovan\u00fd paraf\u00edn zp\u011bt do nafty. Aplikujte do n\u00e1dr\u017ee p\u0159ed jej\u00edm napln\u011bn\u00edm, teplota o\u0161et\u0159ovan\u00e9ho paliva nesm\u00ed b\u00fdt ni\u017e\u0161\u00ed ne\u017e -3\u00b0C. V\u017edy dodr\u017ete tabulku spr\u00e1vn\u00e9ho d\u00e1vkov\u00e1n\u00ed uvedenou na v\u00fdrobku. Skladujte p\u0159i teplot\u00e1ch [&hellip;]\" \/>\n<meta property=\"og:url\" content=\"https:\/\/www.koupelnapro.com\/index.php\/produkt\/zlevneny-sheron-diesel-aditiv-250-ml-9115\/\" \/>\n<meta property=\"og:image\" content=\"https:\/\/www.koupelnapro.com\/wp-content\/uploads\/2026\/SK0002881-CZ20260425-091813-0-1777079894-gall_1bedd182-4f42-4200-9b9b-e93988c3df4127134-sheron-super.webp\" \/>\n\t<meta property=\"og:image:width\" content=\"198\" \/>\n\t<meta property=\"og:image:height\" content=\"420\" \/>\n\t<meta property=\"og:image:type\" content=\"image\/webp\" \/>\n<meta name=\"twitter:card\" content=\"summary_large_image\" \/>\n<meta name=\"twitter:label1\" content=\"Odhadovan\u00e1 doba \u010dten\u00ed\" \/>\n\t<meta name=\"twitter:data1\" content=\"1 minuta\" \/>\n<script type=\"application\/ld+json\" class=\"yoast-schema-graph\">{\"@context\":\"https:\/\/schema.org\",\"@graph\":[{\"@type\":\"WebPage\",\"@id\":\"https:\/\/www.koupelnapro.com\/index.php\/produkt\/zlevneny-sheron-diesel-aditiv-250-ml-9115\/\",\"url\":\"https:\/\/www.koupelnapro.com\/index.php\/produkt\/zlevneny-sheron-diesel-aditiv-250-ml-9115\/\",\"name\":\"Zlevn\u011bn\u00fd SHERON Diesel aditiv 250 ml -\",\"isPartOf\":{\"@id\":\"https:\/\/www.koupelnapro.com\/#website\"},\"primaryImageOfPage\":{\"@id\":\"https:\/\/www.koupelnapro.com\/index.php\/produkt\/zlevneny-sheron-diesel-aditiv-250-ml-9115\/#primaryimage\"},\"image\":{\"@id\":\"https:\/\/www.koupelnapro.com\/index.php\/produkt\/zlevneny-sheron-diesel-aditiv-250-ml-9115\/#primaryimage\"},\"thumbnailUrl\":\"https:\/\/www.koupelnapro.com\/wp-content\/uploads\/2026\/SK0002881-CZ20260425-091813-0-1777079894-gall_1bedd182-4f42-4200-9b9b-e93988c3df4127134-sheron-super.webp\",\"datePublished\":\"2026-04-26T09:13:24+00:00\",\"breadcrumb\":{\"@id\":\"https:\/\/www.koupelnapro.com\/index.php\/produkt\/zlevneny-sheron-diesel-aditiv-250-ml-9115\/#breadcrumb\"},\"inLanguage\":\"cs\",\"potentialAction\":[{\"@type\":\"ReadAction\",\"target\":[\"https:\/\/www.koupelnapro.com\/index.php\/produkt\/zlevneny-sheron-diesel-aditiv-250-ml-9115\/\"]}]},{\"@type\":\"ImageObject\",\"inLanguage\":\"cs\",\"@id\":\"https:\/\/www.koupelnapro.com\/index.php\/produkt\/zlevneny-sheron-diesel-aditiv-250-ml-9115\/#primaryimage\",\"url\":\"https:\/\/www.koupelnapro.com\/wp-content\/uploads\/2026\/SK0002881-CZ20260425-091813-0-1777079894-gall_1bedd182-4f42-4200-9b9b-e93988c3df4127134-sheron-super.webp\",\"contentUrl\":\"https:\/\/www.koupelnapro.com\/wp-content\/uploads\/2026\/SK0002881-CZ20260425-091813-0-1777079894-gall_1bedd182-4f42-4200-9b9b-e93988c3df4127134-sheron-super.webp\",\"width\":198,\"height\":420},{\"@type\":\"BreadcrumbList\",\"@id\":\"https:\/\/www.koupelnapro.com\/index.php\/produkt\/zlevneny-sheron-diesel-aditiv-250-ml-9115\/#breadcrumb\",\"itemListElement\":[{\"@type\":\"ListItem\",\"position\":1,\"name\":\"Home\",\"item\":\"https:\/\/www.koupelnapro.com\/\"},{\"@type\":\"ListItem\",\"position\":2,\"name\":\"Products\",\"item\":\"https:\/\/www.koupelnapro.com\/index.php\/products\/\"},{\"@type\":\"ListItem\",\"position\":3,\"name\":\"Zlevn\u011bn\u00fd SHERON Diesel aditiv 250 ml\"}]},{\"@type\":\"WebSite\",\"@id\":\"https:\/\/www.koupelnapro.com\/#website\",\"url\":\"https:\/\/www.koupelnapro.com\/\",\"name\":\"\",\"description\":\"\",\"potentialAction\":[{\"@type\":\"SearchAction\",\"target\":{\"@type\":\"EntryPoint\",\"urlTemplate\":\"https:\/\/www.koupelnapro.com\/?s={search_term_string}\"},\"query-input\":{\"@type\":\"PropertyValueSpecification\",\"valueRequired\":true,\"valueName\":\"search_term_string\"}}],\"inLanguage\":\"cs\"}]}<\/script>\n<!-- \/ Yoast SEO plugin. -->","yoast_head_json":{"title":"Zlevn\u011bn\u00fd SHERON Diesel aditiv 250 ml -","robots":{"index":"index","follow":"follow","max-snippet":"max-snippet:-1","max-image-preview":"max-image-preview:large","max-video-preview":"max-video-preview:-1"},"canonical":"https:\/\/www.koupelnapro.com\/index.php\/produkt\/zlevneny-sheron-diesel-aditiv-250-ml-9115\/","og_locale":"cs_CZ","og_type":"article","og_title":"Zlevn\u011bn\u00fd SHERON Diesel aditiv 250 ml -","og_description":"Multifunk\u010dn\u00ed p\u0159\u00edsada do motorov\u00e9 nafty, kter\u00e1 zlep\u0161uje tekutost a filtrovatelnost nafty v zimn\u00edm obdob\u00ed. Sni\u017euje bod tuhnut\u00ed nafty, zlep\u0161uje chod motoru a spot\u0159ebu paliva. Zapracov\u00e1v\u00e1 vyseparovan\u00fd paraf\u00edn zp\u011bt do nafty. Aplikujte do n\u00e1dr\u017ee p\u0159ed jej\u00edm napln\u011bn\u00edm, teplota o\u0161et\u0159ovan\u00e9ho paliva nesm\u00ed b\u00fdt ni\u017e\u0161\u00ed ne\u017e -3\u00b0C. V\u017edy dodr\u017ete tabulku spr\u00e1vn\u00e9ho d\u00e1vkov\u00e1n\u00ed uvedenou na v\u00fdrobku. Skladujte p\u0159i teplot\u00e1ch [&hellip;]","og_url":"https:\/\/www.koupelnapro.com\/index.php\/produkt\/zlevneny-sheron-diesel-aditiv-250-ml-9115\/","og_image":[{"width":198,"height":420,"url":"https:\/\/www.koupelnapro.com\/wp-content\/uploads\/2026\/SK0002881-CZ20260425-091813-0-1777079894-gall_1bedd182-4f42-4200-9b9b-e93988c3df4127134-sheron-super.webp","type":"image\/webp"}],"twitter_card":"summary_large_image","twitter_misc":{"Odhadovan\u00e1 doba \u010dten\u00ed":"1 minuta"},"schema":{"@context":"https:\/\/schema.org","@graph":[{"@type":"WebPage","@id":"https:\/\/www.koupelnapro.com\/index.php\/produkt\/zlevneny-sheron-diesel-aditiv-250-ml-9115\/","url":"https:\/\/www.koupelnapro.com\/index.php\/produkt\/zlevneny-sheron-diesel-aditiv-250-ml-9115\/","name":"Zlevn\u011bn\u00fd SHERON Diesel aditiv 250 ml -","isPartOf":{"@id":"https:\/\/www.koupelnapro.com\/#website"},"primaryImageOfPage":{"@id":"https:\/\/www.koupelnapro.com\/index.php\/produkt\/zlevneny-sheron-diesel-aditiv-250-ml-9115\/#primaryimage"},"image":{"@id":"https:\/\/www.koupelnapro.com\/index.php\/produkt\/zlevneny-sheron-diesel-aditiv-250-ml-9115\/#primaryimage"},"thumbnailUrl":"https:\/\/www.koupelnapro.com\/wp-content\/uploads\/2026\/SK0002881-CZ20260425-091813-0-1777079894-gall_1bedd182-4f42-4200-9b9b-e93988c3df4127134-sheron-super.webp","datePublished":"2026-04-26T09:13:24+00:00","breadcrumb":{"@id":"https:\/\/www.koupelnapro.com\/index.php\/produkt\/zlevneny-sheron-diesel-aditiv-250-ml-9115\/#breadcrumb"},"inLanguage":"cs","potentialAction":[{"@type":"ReadAction","target":["https:\/\/www.koupelnapro.com\/index.php\/produkt\/zlevneny-sheron-diesel-aditiv-250-ml-9115\/"]}]},{"@type":"ImageObject","inLanguage":"cs","@id":"https:\/\/www.koupelnapro.com\/index.php\/produkt\/zlevneny-sheron-diesel-aditiv-250-ml-9115\/#primaryimage","url":"https:\/\/www.koupelnapro.com\/wp-content\/uploads\/2026\/SK0002881-CZ20260425-091813-0-1777079894-gall_1bedd182-4f42-4200-9b9b-e93988c3df4127134-sheron-super.webp","contentUrl":"https:\/\/www.koupelnapro.com\/wp-content\/uploads\/2026\/SK0002881-CZ20260425-091813-0-1777079894-gall_1bedd182-4f42-4200-9b9b-e93988c3df4127134-sheron-super.webp","width":198,"height":420},{"@type":"BreadcrumbList","@id":"https:\/\/www.koupelnapro.com\/index.php\/produkt\/zlevneny-sheron-diesel-aditiv-250-ml-9115\/#breadcrumb","itemListElement":[{"@type":"ListItem","position":1,"name":"Home","item":"https:\/\/www.koupelnapro.com\/"},{"@type":"ListItem","position":2,"name":"Products","item":"https:\/\/www.koupelnapro.com\/index.php\/products\/"},{"@type":"ListItem","position":3,"name":"Zlevn\u011bn\u00fd SHERON Diesel aditiv 250 ml"}]},{"@type":"WebSite","@id":"https:\/\/www.koupelnapro.com\/#website","url":"https:\/\/www.koupelnapro.com\/","name":"","description":"","potentialAction":[{"@type":"SearchAction","target":{"@type":"EntryPoint","urlTemplate":"https:\/\/www.koupelnapro.com\/?s={search_term_string}"},"query-input":{"@type":"PropertyValueSpecification","valueRequired":true,"valueName":"search_term_string"}}],"inLanguage":"cs"}]}},"_links":{"self":[{"href":"https:\/\/www.koupelnapro.com\/index.php\/wp-json\/wp\/v2\/product\/9115","targetHints":{"allow":["GET"]}}],"collection":[{"href":"https:\/\/www.koupelnapro.com\/index.php\/wp-json\/wp\/v2\/product"}],"about":[{"href":"https:\/\/www.koupelnapro.com\/index.php\/wp-json\/wp\/v2\/types\/product"}],"replies":[{"embeddable":true,"href":"https:\/\/www.koupelnapro.com\/index.php\/wp-json\/wp\/v2\/comments?post=9115"}],"wp:featuredmedia":[{"embeddable":true,"href":"https:\/\/www.koupelnapro.com\/index.php\/wp-json\/wp\/v2\/media\/9215"}],"wp:attachment":[{"href":"https:\/\/www.koupelnapro.com\/index.php\/wp-json\/wp\/v2\/media?parent=9115"}],"wp:term":[{"taxonomy":"product_brand","embeddable":true,"href":"https:\/\/www.koupelnapro.com\/index.php\/wp-json\/wp\/v2\/product_brand?post=9115"},{"taxonomy":"product_cat","embeddable":true,"href":"https:\/\/www.koupelnapro.com\/index.php\/wp-json\/wp\/v2\/product_cat?post=9115"},{"taxonomy":"product_tag","embeddable":true,"href":"https:\/\/www.koupelnapro.com\/index.php\/wp-json\/wp\/v2\/product_tag?post=9115"}],"curies":[{"name":"wp","href":"https:\/\/api.w.org\/{rel}","templated":true}]}}