{"id":9112,"date":"2026-04-26T09:13:24","date_gmt":"2026-04-26T09:13:24","guid":{"rendered":""},"modified":"2026-04-26T09:13:24","modified_gmt":"2026-04-26T09:13:24","slug":"cenovy-hit-sheron-letni-smes-do-ostrikovacu-3-l-9112","status":"publish","type":"product","link":"https:\/\/www.koupelnapro.com\/index.php\/produkt\/cenovy-hit-sheron-letni-smes-do-ostrikovacu-3-l-9112\/","title":{"rendered":"Cenov\u00fd Hit SHERON Letn\u00ed sm\u011bs do ost\u0159ikova\u010d\u016f 3 l"},"content":{"rendered":"<div class=\"tmc_edt\">\n<p>Letn\u00ed sm\u011bs ur\u010den\u00e1 k om\u00fdv\u00e1n\u00ed skel i sv\u011btlomet\u016f, odstra\u0148uje ne\u010distoty a zbytky hmyzu.<\/p>\n<p>Dodr\u017eujte pros\u00edm po\u017eadavky v\u00fdrobce automobilu dle technick\u00e9 dokumentace Va\u0161eho vozu<\/p>\n<\/p><\/div>\n<\/p><\/div>\n","protected":false},"excerpt":{"rendered":"<p>Letn\u00ed sm\u011bs ur\u010den\u00e1 k om\u00fdv\u00e1n\u00ed skel i sv\u011btlomet\u016f, odstra\u0148uje ne\u010distoty a zbytky hmyzu. Dodr\u017eujte pros\u00edm po\u017eadavky v\u00fdrobce automobilu dle technick\u00e9 dokumentace Va\u0161eho vozu<\/p>\n","protected":false},"featured_media":9212,"comment_status":"open","ping_status":"open","template":"","meta":[],"product_brand":[],"product_cat":[61],"product_tag":[],"class_list":{"0":"post-9112","1":"product","2":"type-product","3":"status-publish","4":"has-post-thumbnail","6":"product_cat-dum-a-zahrada","8":"first","9":"instock","10":"sale","11":"shipping-taxable","12":"purchasable","13":"product-type-simple"},"yoast_head":"<!-- This site is optimized with the Yoast SEO plugin v26.8 - https:\/\/yoast.com\/product\/yoast-seo-wordpress\/ -->\n<title>Cenov\u00fd Hit SHERON Letn\u00ed sm\u011bs do ost\u0159ikova\u010d\u016f 3 l -<\/title>\n<meta name=\"robots\" content=\"index, follow, max-snippet:-1, max-image-preview:large, max-video-preview:-1\" \/>\n<link rel=\"canonical\" href=\"https:\/\/www.koupelnapro.com\/index.php\/produkt\/cenovy-hit-sheron-letni-smes-do-ostrikovacu-3-l-9112\/\" \/>\n<meta property=\"og:locale\" content=\"cs_CZ\" \/>\n<meta property=\"og:type\" content=\"article\" \/>\n<meta property=\"og:title\" content=\"Cenov\u00fd Hit SHERON Letn\u00ed sm\u011bs do ost\u0159ikova\u010d\u016f 3 l -\" \/>\n<meta property=\"og:description\" content=\"Letn\u00ed sm\u011bs ur\u010den\u00e1 k om\u00fdv\u00e1n\u00ed skel i sv\u011btlomet\u016f, odstra\u0148uje ne\u010distoty a zbytky hmyzu. Dodr\u017eujte pros\u00edm po\u017eadavky v\u00fdrobce automobilu dle technick\u00e9 dokumentace Va\u0161eho vozu\" \/>\n<meta property=\"og:url\" content=\"https:\/\/www.koupelnapro.com\/index.php\/produkt\/cenovy-hit-sheron-letni-smes-do-ostrikovacu-3-l-9112\/\" \/>\n<meta property=\"og:image\" content=\"https:\/\/www.koupelnapro.com\/wp-content\/uploads\/2026\/SK0002878-CZ20260425-091813-0-1777079894-gall_c0fc01fc-612e-480b-83a5-101aba57beaf27127-sheron-letni.webp\" \/>\n\t<meta property=\"og:image:width\" content=\"328\" \/>\n\t<meta property=\"og:image:height\" content=\"420\" \/>\n\t<meta property=\"og:image:type\" content=\"image\/webp\" \/>\n<meta name=\"twitter:card\" content=\"summary_large_image\" \/>\n<script type=\"application\/ld+json\" class=\"yoast-schema-graph\">{\"@context\":\"https:\/\/schema.org\",\"@graph\":[{\"@type\":\"WebPage\",\"@id\":\"https:\/\/www.koupelnapro.com\/index.php\/produkt\/cenovy-hit-sheron-letni-smes-do-ostrikovacu-3-l-9112\/\",\"url\":\"https:\/\/www.koupelnapro.com\/index.php\/produkt\/cenovy-hit-sheron-letni-smes-do-ostrikovacu-3-l-9112\/\",\"name\":\"Cenov\u00fd Hit SHERON Letn\u00ed sm\u011bs do ost\u0159ikova\u010d\u016f 3 l -\",\"isPartOf\":{\"@id\":\"https:\/\/www.koupelnapro.com\/#website\"},\"primaryImageOfPage\":{\"@id\":\"https:\/\/www.koupelnapro.com\/index.php\/produkt\/cenovy-hit-sheron-letni-smes-do-ostrikovacu-3-l-9112\/#primaryimage\"},\"image\":{\"@id\":\"https:\/\/www.koupelnapro.com\/index.php\/produkt\/cenovy-hit-sheron-letni-smes-do-ostrikovacu-3-l-9112\/#primaryimage\"},\"thumbnailUrl\":\"https:\/\/www.koupelnapro.com\/wp-content\/uploads\/2026\/SK0002878-CZ20260425-091813-0-1777079894-gall_c0fc01fc-612e-480b-83a5-101aba57beaf27127-sheron-letni.webp\",\"datePublished\":\"2026-04-26T09:13:24+00:00\",\"breadcrumb\":{\"@id\":\"https:\/\/www.koupelnapro.com\/index.php\/produkt\/cenovy-hit-sheron-letni-smes-do-ostrikovacu-3-l-9112\/#breadcrumb\"},\"inLanguage\":\"cs\",\"potentialAction\":[{\"@type\":\"ReadAction\",\"target\":[\"https:\/\/www.koupelnapro.com\/index.php\/produkt\/cenovy-hit-sheron-letni-smes-do-ostrikovacu-3-l-9112\/\"]}]},{\"@type\":\"ImageObject\",\"inLanguage\":\"cs\",\"@id\":\"https:\/\/www.koupelnapro.com\/index.php\/produkt\/cenovy-hit-sheron-letni-smes-do-ostrikovacu-3-l-9112\/#primaryimage\",\"url\":\"https:\/\/www.koupelnapro.com\/wp-content\/uploads\/2026\/SK0002878-CZ20260425-091813-0-1777079894-gall_c0fc01fc-612e-480b-83a5-101aba57beaf27127-sheron-letni.webp\",\"contentUrl\":\"https:\/\/www.koupelnapro.com\/wp-content\/uploads\/2026\/SK0002878-CZ20260425-091813-0-1777079894-gall_c0fc01fc-612e-480b-83a5-101aba57beaf27127-sheron-letni.webp\",\"width\":328,\"height\":420},{\"@type\":\"BreadcrumbList\",\"@id\":\"https:\/\/www.koupelnapro.com\/index.php\/produkt\/cenovy-hit-sheron-letni-smes-do-ostrikovacu-3-l-9112\/#breadcrumb\",\"itemListElement\":[{\"@type\":\"ListItem\",\"position\":1,\"name\":\"Home\",\"item\":\"https:\/\/www.koupelnapro.com\/\"},{\"@type\":\"ListItem\",\"position\":2,\"name\":\"Products\",\"item\":\"https:\/\/www.koupelnapro.com\/index.php\/products\/\"},{\"@type\":\"ListItem\",\"position\":3,\"name\":\"Cenov\u00fd Hit SHERON Letn\u00ed sm\u011bs do ost\u0159ikova\u010d\u016f 3 l\"}]},{\"@type\":\"WebSite\",\"@id\":\"https:\/\/www.koupelnapro.com\/#website\",\"url\":\"https:\/\/www.koupelnapro.com\/\",\"name\":\"\",\"description\":\"\",\"potentialAction\":[{\"@type\":\"SearchAction\",\"target\":{\"@type\":\"EntryPoint\",\"urlTemplate\":\"https:\/\/www.koupelnapro.com\/?s={search_term_string}\"},\"query-input\":{\"@type\":\"PropertyValueSpecification\",\"valueRequired\":true,\"valueName\":\"search_term_string\"}}],\"inLanguage\":\"cs\"}]}<\/script>\n<!-- \/ Yoast SEO plugin. -->","yoast_head_json":{"title":"Cenov\u00fd Hit SHERON Letn\u00ed sm\u011bs do ost\u0159ikova\u010d\u016f 3 l -","robots":{"index":"index","follow":"follow","max-snippet":"max-snippet:-1","max-image-preview":"max-image-preview:large","max-video-preview":"max-video-preview:-1"},"canonical":"https:\/\/www.koupelnapro.com\/index.php\/produkt\/cenovy-hit-sheron-letni-smes-do-ostrikovacu-3-l-9112\/","og_locale":"cs_CZ","og_type":"article","og_title":"Cenov\u00fd Hit SHERON Letn\u00ed sm\u011bs do ost\u0159ikova\u010d\u016f 3 l -","og_description":"Letn\u00ed sm\u011bs ur\u010den\u00e1 k om\u00fdv\u00e1n\u00ed skel i sv\u011btlomet\u016f, odstra\u0148uje ne\u010distoty a zbytky hmyzu. Dodr\u017eujte pros\u00edm po\u017eadavky v\u00fdrobce automobilu dle technick\u00e9 dokumentace Va\u0161eho vozu","og_url":"https:\/\/www.koupelnapro.com\/index.php\/produkt\/cenovy-hit-sheron-letni-smes-do-ostrikovacu-3-l-9112\/","og_image":[{"width":328,"height":420,"url":"https:\/\/www.koupelnapro.com\/wp-content\/uploads\/2026\/SK0002878-CZ20260425-091813-0-1777079894-gall_c0fc01fc-612e-480b-83a5-101aba57beaf27127-sheron-letni.webp","type":"image\/webp"}],"twitter_card":"summary_large_image","schema":{"@context":"https:\/\/schema.org","@graph":[{"@type":"WebPage","@id":"https:\/\/www.koupelnapro.com\/index.php\/produkt\/cenovy-hit-sheron-letni-smes-do-ostrikovacu-3-l-9112\/","url":"https:\/\/www.koupelnapro.com\/index.php\/produkt\/cenovy-hit-sheron-letni-smes-do-ostrikovacu-3-l-9112\/","name":"Cenov\u00fd Hit SHERON Letn\u00ed sm\u011bs do ost\u0159ikova\u010d\u016f 3 l -","isPartOf":{"@id":"https:\/\/www.koupelnapro.com\/#website"},"primaryImageOfPage":{"@id":"https:\/\/www.koupelnapro.com\/index.php\/produkt\/cenovy-hit-sheron-letni-smes-do-ostrikovacu-3-l-9112\/#primaryimage"},"image":{"@id":"https:\/\/www.koupelnapro.com\/index.php\/produkt\/cenovy-hit-sheron-letni-smes-do-ostrikovacu-3-l-9112\/#primaryimage"},"thumbnailUrl":"https:\/\/www.koupelnapro.com\/wp-content\/uploads\/2026\/SK0002878-CZ20260425-091813-0-1777079894-gall_c0fc01fc-612e-480b-83a5-101aba57beaf27127-sheron-letni.webp","datePublished":"2026-04-26T09:13:24+00:00","breadcrumb":{"@id":"https:\/\/www.koupelnapro.com\/index.php\/produkt\/cenovy-hit-sheron-letni-smes-do-ostrikovacu-3-l-9112\/#breadcrumb"},"inLanguage":"cs","potentialAction":[{"@type":"ReadAction","target":["https:\/\/www.koupelnapro.com\/index.php\/produkt\/cenovy-hit-sheron-letni-smes-do-ostrikovacu-3-l-9112\/"]}]},{"@type":"ImageObject","inLanguage":"cs","@id":"https:\/\/www.koupelnapro.com\/index.php\/produkt\/cenovy-hit-sheron-letni-smes-do-ostrikovacu-3-l-9112\/#primaryimage","url":"https:\/\/www.koupelnapro.com\/wp-content\/uploads\/2026\/SK0002878-CZ20260425-091813-0-1777079894-gall_c0fc01fc-612e-480b-83a5-101aba57beaf27127-sheron-letni.webp","contentUrl":"https:\/\/www.koupelnapro.com\/wp-content\/uploads\/2026\/SK0002878-CZ20260425-091813-0-1777079894-gall_c0fc01fc-612e-480b-83a5-101aba57beaf27127-sheron-letni.webp","width":328,"height":420},{"@type":"BreadcrumbList","@id":"https:\/\/www.koupelnapro.com\/index.php\/produkt\/cenovy-hit-sheron-letni-smes-do-ostrikovacu-3-l-9112\/#breadcrumb","itemListElement":[{"@type":"ListItem","position":1,"name":"Home","item":"https:\/\/www.koupelnapro.com\/"},{"@type":"ListItem","position":2,"name":"Products","item":"https:\/\/www.koupelnapro.com\/index.php\/products\/"},{"@type":"ListItem","position":3,"name":"Cenov\u00fd Hit SHERON Letn\u00ed sm\u011bs do ost\u0159ikova\u010d\u016f 3 l"}]},{"@type":"WebSite","@id":"https:\/\/www.koupelnapro.com\/#website","url":"https:\/\/www.koupelnapro.com\/","name":"","description":"","potentialAction":[{"@type":"SearchAction","target":{"@type":"EntryPoint","urlTemplate":"https:\/\/www.koupelnapro.com\/?s={search_term_string}"},"query-input":{"@type":"PropertyValueSpecification","valueRequired":true,"valueName":"search_term_string"}}],"inLanguage":"cs"}]}},"_links":{"self":[{"href":"https:\/\/www.koupelnapro.com\/index.php\/wp-json\/wp\/v2\/product\/9112","targetHints":{"allow":["GET"]}}],"collection":[{"href":"https:\/\/www.koupelnapro.com\/index.php\/wp-json\/wp\/v2\/product"}],"about":[{"href":"https:\/\/www.koupelnapro.com\/index.php\/wp-json\/wp\/v2\/types\/product"}],"replies":[{"embeddable":true,"href":"https:\/\/www.koupelnapro.com\/index.php\/wp-json\/wp\/v2\/comments?post=9112"}],"wp:featuredmedia":[{"embeddable":true,"href":"https:\/\/www.koupelnapro.com\/index.php\/wp-json\/wp\/v2\/media\/9212"}],"wp:attachment":[{"href":"https:\/\/www.koupelnapro.com\/index.php\/wp-json\/wp\/v2\/media?parent=9112"}],"wp:term":[{"taxonomy":"product_brand","embeddable":true,"href":"https:\/\/www.koupelnapro.com\/index.php\/wp-json\/wp\/v2\/product_brand?post=9112"},{"taxonomy":"product_cat","embeddable":true,"href":"https:\/\/www.koupelnapro.com\/index.php\/wp-json\/wp\/v2\/product_cat?post=9112"},{"taxonomy":"product_tag","embeddable":true,"href":"https:\/\/www.koupelnapro.com\/index.php\/wp-json\/wp\/v2\/product_tag?post=9112"}],"curies":[{"name":"wp","href":"https:\/\/api.w.org\/{rel}","templated":true}]}}