{"id":9111,"date":"2026-04-26T09:13:24","date_gmt":"2026-04-26T09:13:24","guid":{"rendered":""},"modified":"2026-04-26T09:13:24","modified_gmt":"2026-04-26T09:13:24","slug":"overeny-sheron-letni-smes-do-ostrikovacu-4-l-power-9111","status":"publish","type":"product","link":"https:\/\/www.koupelnapro.com\/index.php\/produkt\/overeny-sheron-letni-smes-do-ostrikovacu-4-l-power-9111\/","title":{"rendered":"Ov\u011b\u0159en\u00fd SHERON Letn\u00ed sm\u011bs do ost\u0159ikova\u010d\u016f 4 l Power"},"content":{"rendered":"<div class=\"tmc_edt\">\n<ul>\n<li>Letn\u00ed sm\u011bs se speci\u00e1ln\u00ed recepturou, d\u00edky kter\u00e9 m\u016f\u017eeme garantovat vy\u0161\u0161\u00ed myc\u00ed \u00fa\u010dinek.<\/li>\n<li>Po pou\u017eit\u00ed zajist\u00ed nejen lep\u0161\u00ed v\u00fdhled, \u010dist\u011bj\u0161\u00ed sklo, ale z\u00e1rove\u0148 pom\u00e1h\u00e1 l\u00e9pe odstra\u0148ovat hmyz ne\u017e b\u011b\u017en\u00e9 ost\u0159ikova\u010de.<\/li>\n<li>Letn\u00ed ost\u0159ikova\u010d Power nav\u00edc vynik\u00e1 i sv\u011b\u017e\u00edm aroma s v\u016fn\u00ed broskv\u00ed.<\/li>\n<li>Atraktivn\u00ed vzhled v oran\u017eov\u00e9 barv\u011b zase evokuje energii a s\u00edlu.<\/li>\n<\/ul><\/div>\n<\/p><\/div>\n","protected":false},"excerpt":{"rendered":"<p>Letn\u00ed sm\u011bs se speci\u00e1ln\u00ed recepturou, d\u00edky kter\u00e9 m\u016f\u017eeme garantovat vy\u0161\u0161\u00ed myc\u00ed \u00fa\u010dinek. Po pou\u017eit\u00ed zajist\u00ed nejen lep\u0161\u00ed v\u00fdhled, \u010dist\u011bj\u0161\u00ed sklo, ale z\u00e1rove\u0148 pom\u00e1h\u00e1 l\u00e9pe odstra\u0148ovat hmyz ne\u017e b\u011b\u017en\u00e9 ost\u0159ikova\u010de. Letn\u00ed ost\u0159ikova\u010d Power nav\u00edc vynik\u00e1 i sv\u011b\u017e\u00edm aroma s v\u016fn\u00ed broskv\u00ed. Atraktivn\u00ed vzhled v oran\u017eov\u00e9 barv\u011b zase evokuje energii a s\u00edlu.<\/p>\n","protected":false},"featured_media":9211,"comment_status":"open","ping_status":"open","template":"","meta":[],"product_brand":[],"product_cat":[61],"product_tag":[],"class_list":{"0":"post-9111","1":"product","2":"type-product","3":"status-publish","4":"has-post-thumbnail","6":"product_cat-dum-a-zahrada","8":"first","9":"instock","10":"sale","11":"shipping-taxable","12":"purchasable","13":"product-type-simple"},"yoast_head":"<!-- This site is optimized with the Yoast SEO plugin v26.8 - https:\/\/yoast.com\/product\/yoast-seo-wordpress\/ -->\n<title>Ov\u011b\u0159en\u00fd SHERON Letn\u00ed sm\u011bs do ost\u0159ikova\u010d\u016f 4 l Power -<\/title>\n<meta name=\"robots\" content=\"index, follow, max-snippet:-1, max-image-preview:large, max-video-preview:-1\" \/>\n<link rel=\"canonical\" href=\"https:\/\/www.koupelnapro.com\/index.php\/produkt\/overeny-sheron-letni-smes-do-ostrikovacu-4-l-power-9111\/\" \/>\n<meta property=\"og:locale\" content=\"cs_CZ\" \/>\n<meta property=\"og:type\" content=\"article\" \/>\n<meta property=\"og:title\" content=\"Ov\u011b\u0159en\u00fd SHERON Letn\u00ed sm\u011bs do ost\u0159ikova\u010d\u016f 4 l Power -\" \/>\n<meta property=\"og:description\" content=\"Letn\u00ed sm\u011bs se speci\u00e1ln\u00ed recepturou, d\u00edky kter\u00e9 m\u016f\u017eeme garantovat vy\u0161\u0161\u00ed myc\u00ed \u00fa\u010dinek. Po pou\u017eit\u00ed zajist\u00ed nejen lep\u0161\u00ed v\u00fdhled, \u010dist\u011bj\u0161\u00ed sklo, ale z\u00e1rove\u0148 pom\u00e1h\u00e1 l\u00e9pe odstra\u0148ovat hmyz ne\u017e b\u011b\u017en\u00e9 ost\u0159ikova\u010de. Letn\u00ed ost\u0159ikova\u010d Power nav\u00edc vynik\u00e1 i sv\u011b\u017e\u00edm aroma s v\u016fn\u00ed broskv\u00ed. Atraktivn\u00ed vzhled v oran\u017eov\u00e9 barv\u011b zase evokuje energii a s\u00edlu.\" \/>\n<meta property=\"og:url\" content=\"https:\/\/www.koupelnapro.com\/index.php\/produkt\/overeny-sheron-letni-smes-do-ostrikovacu-4-l-power-9111\/\" \/>\n<meta property=\"og:image\" content=\"https:\/\/www.koupelnapro.com\/wp-content\/uploads\/2026\/SK0002877-CZ20260425-091813-0-1777079894-gall_sheron-letni-ostrikovac-lt-power-s-nalevkou.webp\" \/>\n\t<meta property=\"og:image:width\" content=\"313\" \/>\n\t<meta property=\"og:image:height\" content=\"420\" \/>\n\t<meta property=\"og:image:type\" content=\"image\/webp\" \/>\n<meta name=\"twitter:card\" content=\"summary_large_image\" \/>\n<script type=\"application\/ld+json\" class=\"yoast-schema-graph\">{\"@context\":\"https:\/\/schema.org\",\"@graph\":[{\"@type\":\"WebPage\",\"@id\":\"https:\/\/www.koupelnapro.com\/index.php\/produkt\/overeny-sheron-letni-smes-do-ostrikovacu-4-l-power-9111\/\",\"url\":\"https:\/\/www.koupelnapro.com\/index.php\/produkt\/overeny-sheron-letni-smes-do-ostrikovacu-4-l-power-9111\/\",\"name\":\"Ov\u011b\u0159en\u00fd SHERON Letn\u00ed sm\u011bs do ost\u0159ikova\u010d\u016f 4 l Power -\",\"isPartOf\":{\"@id\":\"https:\/\/www.koupelnapro.com\/#website\"},\"primaryImageOfPage\":{\"@id\":\"https:\/\/www.koupelnapro.com\/index.php\/produkt\/overeny-sheron-letni-smes-do-ostrikovacu-4-l-power-9111\/#primaryimage\"},\"image\":{\"@id\":\"https:\/\/www.koupelnapro.com\/index.php\/produkt\/overeny-sheron-letni-smes-do-ostrikovacu-4-l-power-9111\/#primaryimage\"},\"thumbnailUrl\":\"https:\/\/www.koupelnapro.com\/wp-content\/uploads\/2026\/SK0002877-CZ20260425-091813-0-1777079894-gall_sheron-letni-ostrikovac-lt-power-s-nalevkou.webp\",\"datePublished\":\"2026-04-26T09:13:24+00:00\",\"breadcrumb\":{\"@id\":\"https:\/\/www.koupelnapro.com\/index.php\/produkt\/overeny-sheron-letni-smes-do-ostrikovacu-4-l-power-9111\/#breadcrumb\"},\"inLanguage\":\"cs\",\"potentialAction\":[{\"@type\":\"ReadAction\",\"target\":[\"https:\/\/www.koupelnapro.com\/index.php\/produkt\/overeny-sheron-letni-smes-do-ostrikovacu-4-l-power-9111\/\"]}]},{\"@type\":\"ImageObject\",\"inLanguage\":\"cs\",\"@id\":\"https:\/\/www.koupelnapro.com\/index.php\/produkt\/overeny-sheron-letni-smes-do-ostrikovacu-4-l-power-9111\/#primaryimage\",\"url\":\"https:\/\/www.koupelnapro.com\/wp-content\/uploads\/2026\/SK0002877-CZ20260425-091813-0-1777079894-gall_sheron-letni-ostrikovac-lt-power-s-nalevkou.webp\",\"contentUrl\":\"https:\/\/www.koupelnapro.com\/wp-content\/uploads\/2026\/SK0002877-CZ20260425-091813-0-1777079894-gall_sheron-letni-ostrikovac-lt-power-s-nalevkou.webp\",\"width\":313,\"height\":420},{\"@type\":\"BreadcrumbList\",\"@id\":\"https:\/\/www.koupelnapro.com\/index.php\/produkt\/overeny-sheron-letni-smes-do-ostrikovacu-4-l-power-9111\/#breadcrumb\",\"itemListElement\":[{\"@type\":\"ListItem\",\"position\":1,\"name\":\"Home\",\"item\":\"https:\/\/www.koupelnapro.com\/\"},{\"@type\":\"ListItem\",\"position\":2,\"name\":\"Products\",\"item\":\"https:\/\/www.koupelnapro.com\/index.php\/products\/\"},{\"@type\":\"ListItem\",\"position\":3,\"name\":\"Ov\u011b\u0159en\u00fd SHERON Letn\u00ed sm\u011bs do ost\u0159ikova\u010d\u016f 4 l Power\"}]},{\"@type\":\"WebSite\",\"@id\":\"https:\/\/www.koupelnapro.com\/#website\",\"url\":\"https:\/\/www.koupelnapro.com\/\",\"name\":\"\",\"description\":\"\",\"potentialAction\":[{\"@type\":\"SearchAction\",\"target\":{\"@type\":\"EntryPoint\",\"urlTemplate\":\"https:\/\/www.koupelnapro.com\/?s={search_term_string}\"},\"query-input\":{\"@type\":\"PropertyValueSpecification\",\"valueRequired\":true,\"valueName\":\"search_term_string\"}}],\"inLanguage\":\"cs\"}]}<\/script>\n<!-- \/ Yoast SEO plugin. -->","yoast_head_json":{"title":"Ov\u011b\u0159en\u00fd SHERON Letn\u00ed sm\u011bs do ost\u0159ikova\u010d\u016f 4 l Power -","robots":{"index":"index","follow":"follow","max-snippet":"max-snippet:-1","max-image-preview":"max-image-preview:large","max-video-preview":"max-video-preview:-1"},"canonical":"https:\/\/www.koupelnapro.com\/index.php\/produkt\/overeny-sheron-letni-smes-do-ostrikovacu-4-l-power-9111\/","og_locale":"cs_CZ","og_type":"article","og_title":"Ov\u011b\u0159en\u00fd SHERON Letn\u00ed sm\u011bs do ost\u0159ikova\u010d\u016f 4 l Power -","og_description":"Letn\u00ed sm\u011bs se speci\u00e1ln\u00ed recepturou, d\u00edky kter\u00e9 m\u016f\u017eeme garantovat vy\u0161\u0161\u00ed myc\u00ed \u00fa\u010dinek. Po pou\u017eit\u00ed zajist\u00ed nejen lep\u0161\u00ed v\u00fdhled, \u010dist\u011bj\u0161\u00ed sklo, ale z\u00e1rove\u0148 pom\u00e1h\u00e1 l\u00e9pe odstra\u0148ovat hmyz ne\u017e b\u011b\u017en\u00e9 ost\u0159ikova\u010de. Letn\u00ed ost\u0159ikova\u010d Power nav\u00edc vynik\u00e1 i sv\u011b\u017e\u00edm aroma s v\u016fn\u00ed broskv\u00ed. Atraktivn\u00ed vzhled v oran\u017eov\u00e9 barv\u011b zase evokuje energii a s\u00edlu.","og_url":"https:\/\/www.koupelnapro.com\/index.php\/produkt\/overeny-sheron-letni-smes-do-ostrikovacu-4-l-power-9111\/","og_image":[{"width":313,"height":420,"url":"https:\/\/www.koupelnapro.com\/wp-content\/uploads\/2026\/SK0002877-CZ20260425-091813-0-1777079894-gall_sheron-letni-ostrikovac-lt-power-s-nalevkou.webp","type":"image\/webp"}],"twitter_card":"summary_large_image","schema":{"@context":"https:\/\/schema.org","@graph":[{"@type":"WebPage","@id":"https:\/\/www.koupelnapro.com\/index.php\/produkt\/overeny-sheron-letni-smes-do-ostrikovacu-4-l-power-9111\/","url":"https:\/\/www.koupelnapro.com\/index.php\/produkt\/overeny-sheron-letni-smes-do-ostrikovacu-4-l-power-9111\/","name":"Ov\u011b\u0159en\u00fd SHERON Letn\u00ed sm\u011bs do ost\u0159ikova\u010d\u016f 4 l Power -","isPartOf":{"@id":"https:\/\/www.koupelnapro.com\/#website"},"primaryImageOfPage":{"@id":"https:\/\/www.koupelnapro.com\/index.php\/produkt\/overeny-sheron-letni-smes-do-ostrikovacu-4-l-power-9111\/#primaryimage"},"image":{"@id":"https:\/\/www.koupelnapro.com\/index.php\/produkt\/overeny-sheron-letni-smes-do-ostrikovacu-4-l-power-9111\/#primaryimage"},"thumbnailUrl":"https:\/\/www.koupelnapro.com\/wp-content\/uploads\/2026\/SK0002877-CZ20260425-091813-0-1777079894-gall_sheron-letni-ostrikovac-lt-power-s-nalevkou.webp","datePublished":"2026-04-26T09:13:24+00:00","breadcrumb":{"@id":"https:\/\/www.koupelnapro.com\/index.php\/produkt\/overeny-sheron-letni-smes-do-ostrikovacu-4-l-power-9111\/#breadcrumb"},"inLanguage":"cs","potentialAction":[{"@type":"ReadAction","target":["https:\/\/www.koupelnapro.com\/index.php\/produkt\/overeny-sheron-letni-smes-do-ostrikovacu-4-l-power-9111\/"]}]},{"@type":"ImageObject","inLanguage":"cs","@id":"https:\/\/www.koupelnapro.com\/index.php\/produkt\/overeny-sheron-letni-smes-do-ostrikovacu-4-l-power-9111\/#primaryimage","url":"https:\/\/www.koupelnapro.com\/wp-content\/uploads\/2026\/SK0002877-CZ20260425-091813-0-1777079894-gall_sheron-letni-ostrikovac-lt-power-s-nalevkou.webp","contentUrl":"https:\/\/www.koupelnapro.com\/wp-content\/uploads\/2026\/SK0002877-CZ20260425-091813-0-1777079894-gall_sheron-letni-ostrikovac-lt-power-s-nalevkou.webp","width":313,"height":420},{"@type":"BreadcrumbList","@id":"https:\/\/www.koupelnapro.com\/index.php\/produkt\/overeny-sheron-letni-smes-do-ostrikovacu-4-l-power-9111\/#breadcrumb","itemListElement":[{"@type":"ListItem","position":1,"name":"Home","item":"https:\/\/www.koupelnapro.com\/"},{"@type":"ListItem","position":2,"name":"Products","item":"https:\/\/www.koupelnapro.com\/index.php\/products\/"},{"@type":"ListItem","position":3,"name":"Ov\u011b\u0159en\u00fd SHERON Letn\u00ed sm\u011bs do ost\u0159ikova\u010d\u016f 4 l Power"}]},{"@type":"WebSite","@id":"https:\/\/www.koupelnapro.com\/#website","url":"https:\/\/www.koupelnapro.com\/","name":"","description":"","potentialAction":[{"@type":"SearchAction","target":{"@type":"EntryPoint","urlTemplate":"https:\/\/www.koupelnapro.com\/?s={search_term_string}"},"query-input":{"@type":"PropertyValueSpecification","valueRequired":true,"valueName":"search_term_string"}}],"inLanguage":"cs"}]}},"_links":{"self":[{"href":"https:\/\/www.koupelnapro.com\/index.php\/wp-json\/wp\/v2\/product\/9111","targetHints":{"allow":["GET"]}}],"collection":[{"href":"https:\/\/www.koupelnapro.com\/index.php\/wp-json\/wp\/v2\/product"}],"about":[{"href":"https:\/\/www.koupelnapro.com\/index.php\/wp-json\/wp\/v2\/types\/product"}],"replies":[{"embeddable":true,"href":"https:\/\/www.koupelnapro.com\/index.php\/wp-json\/wp\/v2\/comments?post=9111"}],"wp:featuredmedia":[{"embeddable":true,"href":"https:\/\/www.koupelnapro.com\/index.php\/wp-json\/wp\/v2\/media\/9211"}],"wp:attachment":[{"href":"https:\/\/www.koupelnapro.com\/index.php\/wp-json\/wp\/v2\/media?parent=9111"}],"wp:term":[{"taxonomy":"product_brand","embeddable":true,"href":"https:\/\/www.koupelnapro.com\/index.php\/wp-json\/wp\/v2\/product_brand?post=9111"},{"taxonomy":"product_cat","embeddable":true,"href":"https:\/\/www.koupelnapro.com\/index.php\/wp-json\/wp\/v2\/product_cat?post=9111"},{"taxonomy":"product_tag","embeddable":true,"href":"https:\/\/www.koupelnapro.com\/index.php\/wp-json\/wp\/v2\/product_tag?post=9111"}],"curies":[{"name":"wp","href":"https:\/\/api.w.org\/{rel}","templated":true}]}}