{"id":9110,"date":"2026-04-26T09:13:24","date_gmt":"2026-04-26T09:13:24","guid":{"rendered":""},"modified":"2026-04-26T09:13:24","modified_gmt":"2026-04-26T09:13:24","slug":"sheron-autosampon-500-ml-houba-super-cena-9110","status":"publish","type":"product","link":"https:\/\/www.koupelnapro.com\/index.php\/produkt\/sheron-autosampon-500-ml-houba-super-cena-9110\/","title":{"rendered":"SHERON Auto\u0161ampon 500 ml + houba Super Cena"},"content":{"rendered":"<div class=\"tmc_edt\">\n<p>Univerz\u00e1ln\u00ed \u010distic\u00ed prost\u0159edek na v\u0161echny typy automobil\u016f, ur\u010den\u00fd zejm\u00e9na k ru\u010dn\u00edmu myt\u00ed.<\/p>\n<\/p><\/div>\n<\/p><\/div>\n","protected":false},"excerpt":{"rendered":"<p>Univerz\u00e1ln\u00ed \u010distic\u00ed prost\u0159edek na v\u0161echny typy automobil\u016f, ur\u010den\u00fd zejm\u00e9na k ru\u010dn\u00edmu myt\u00ed.<\/p>\n","protected":false},"featured_media":9210,"comment_status":"open","ping_status":"open","template":"","meta":[],"product_brand":[],"product_cat":[61],"product_tag":[],"class_list":{"0":"post-9110","1":"product","2":"type-product","3":"status-publish","4":"has-post-thumbnail","6":"product_cat-dum-a-zahrada","8":"first","9":"instock","10":"sale","11":"shipping-taxable","12":"purchasable","13":"product-type-simple"},"yoast_head":"<!-- This site is optimized with the Yoast SEO plugin v26.8 - https:\/\/yoast.com\/product\/yoast-seo-wordpress\/ -->\n<title>SHERON Auto\u0161ampon 500 ml + houba Super Cena -<\/title>\n<meta name=\"robots\" content=\"index, follow, max-snippet:-1, max-image-preview:large, max-video-preview:-1\" \/>\n<link rel=\"canonical\" href=\"https:\/\/www.koupelnapro.com\/index.php\/produkt\/sheron-autosampon-500-ml-houba-super-cena-9110\/\" \/>\n<meta property=\"og:locale\" content=\"cs_CZ\" \/>\n<meta property=\"og:type\" content=\"article\" \/>\n<meta property=\"og:title\" content=\"SHERON Auto\u0161ampon 500 ml + houba Super Cena -\" \/>\n<meta property=\"og:description\" content=\"Univerz\u00e1ln\u00ed \u010distic\u00ed prost\u0159edek na v\u0161echny typy automobil\u016f, ur\u010den\u00fd zejm\u00e9na k ru\u010dn\u00edmu myt\u00ed.\" \/>\n<meta property=\"og:url\" content=\"https:\/\/www.koupelnapro.com\/index.php\/produkt\/sheron-autosampon-500-ml-houba-super-cena-9110\/\" \/>\n<meta property=\"og:image\" content=\"https:\/\/www.koupelnapro.com\/wp-content\/uploads\/2026\/SK0002876-CZ20260425-091813-0-1777079894-gall_03b3fdea-06b2-4921-b634-6f62ee976ec027125-sheron-autos.webp\" \/>\n\t<meta property=\"og:image:width\" content=\"363\" \/>\n\t<meta property=\"og:image:height\" content=\"420\" \/>\n\t<meta property=\"og:image:type\" content=\"image\/webp\" \/>\n<meta name=\"twitter:card\" content=\"summary_large_image\" \/>\n<script type=\"application\/ld+json\" class=\"yoast-schema-graph\">{\"@context\":\"https:\/\/schema.org\",\"@graph\":[{\"@type\":\"WebPage\",\"@id\":\"https:\/\/www.koupelnapro.com\/index.php\/produkt\/sheron-autosampon-500-ml-houba-super-cena-9110\/\",\"url\":\"https:\/\/www.koupelnapro.com\/index.php\/produkt\/sheron-autosampon-500-ml-houba-super-cena-9110\/\",\"name\":\"SHERON Auto\u0161ampon 500 ml + houba Super Cena -\",\"isPartOf\":{\"@id\":\"https:\/\/www.koupelnapro.com\/#website\"},\"primaryImageOfPage\":{\"@id\":\"https:\/\/www.koupelnapro.com\/index.php\/produkt\/sheron-autosampon-500-ml-houba-super-cena-9110\/#primaryimage\"},\"image\":{\"@id\":\"https:\/\/www.koupelnapro.com\/index.php\/produkt\/sheron-autosampon-500-ml-houba-super-cena-9110\/#primaryimage\"},\"thumbnailUrl\":\"https:\/\/www.koupelnapro.com\/wp-content\/uploads\/2026\/SK0002876-CZ20260425-091813-0-1777079894-gall_03b3fdea-06b2-4921-b634-6f62ee976ec027125-sheron-autos.webp\",\"datePublished\":\"2026-04-26T09:13:24+00:00\",\"breadcrumb\":{\"@id\":\"https:\/\/www.koupelnapro.com\/index.php\/produkt\/sheron-autosampon-500-ml-houba-super-cena-9110\/#breadcrumb\"},\"inLanguage\":\"cs\",\"potentialAction\":[{\"@type\":\"ReadAction\",\"target\":[\"https:\/\/www.koupelnapro.com\/index.php\/produkt\/sheron-autosampon-500-ml-houba-super-cena-9110\/\"]}]},{\"@type\":\"ImageObject\",\"inLanguage\":\"cs\",\"@id\":\"https:\/\/www.koupelnapro.com\/index.php\/produkt\/sheron-autosampon-500-ml-houba-super-cena-9110\/#primaryimage\",\"url\":\"https:\/\/www.koupelnapro.com\/wp-content\/uploads\/2026\/SK0002876-CZ20260425-091813-0-1777079894-gall_03b3fdea-06b2-4921-b634-6f62ee976ec027125-sheron-autos.webp\",\"contentUrl\":\"https:\/\/www.koupelnapro.com\/wp-content\/uploads\/2026\/SK0002876-CZ20260425-091813-0-1777079894-gall_03b3fdea-06b2-4921-b634-6f62ee976ec027125-sheron-autos.webp\",\"width\":363,\"height\":420},{\"@type\":\"BreadcrumbList\",\"@id\":\"https:\/\/www.koupelnapro.com\/index.php\/produkt\/sheron-autosampon-500-ml-houba-super-cena-9110\/#breadcrumb\",\"itemListElement\":[{\"@type\":\"ListItem\",\"position\":1,\"name\":\"Home\",\"item\":\"https:\/\/www.koupelnapro.com\/\"},{\"@type\":\"ListItem\",\"position\":2,\"name\":\"Products\",\"item\":\"https:\/\/www.koupelnapro.com\/index.php\/products\/\"},{\"@type\":\"ListItem\",\"position\":3,\"name\":\"SHERON Auto\u0161ampon 500 ml + houba Super Cena\"}]},{\"@type\":\"WebSite\",\"@id\":\"https:\/\/www.koupelnapro.com\/#website\",\"url\":\"https:\/\/www.koupelnapro.com\/\",\"name\":\"\",\"description\":\"\",\"potentialAction\":[{\"@type\":\"SearchAction\",\"target\":{\"@type\":\"EntryPoint\",\"urlTemplate\":\"https:\/\/www.koupelnapro.com\/?s={search_term_string}\"},\"query-input\":{\"@type\":\"PropertyValueSpecification\",\"valueRequired\":true,\"valueName\":\"search_term_string\"}}],\"inLanguage\":\"cs\"}]}<\/script>\n<!-- \/ Yoast SEO plugin. -->","yoast_head_json":{"title":"SHERON Auto\u0161ampon 500 ml + houba Super Cena -","robots":{"index":"index","follow":"follow","max-snippet":"max-snippet:-1","max-image-preview":"max-image-preview:large","max-video-preview":"max-video-preview:-1"},"canonical":"https:\/\/www.koupelnapro.com\/index.php\/produkt\/sheron-autosampon-500-ml-houba-super-cena-9110\/","og_locale":"cs_CZ","og_type":"article","og_title":"SHERON Auto\u0161ampon 500 ml + houba Super Cena -","og_description":"Univerz\u00e1ln\u00ed \u010distic\u00ed prost\u0159edek na v\u0161echny typy automobil\u016f, ur\u010den\u00fd zejm\u00e9na k ru\u010dn\u00edmu myt\u00ed.","og_url":"https:\/\/www.koupelnapro.com\/index.php\/produkt\/sheron-autosampon-500-ml-houba-super-cena-9110\/","og_image":[{"width":363,"height":420,"url":"https:\/\/www.koupelnapro.com\/wp-content\/uploads\/2026\/SK0002876-CZ20260425-091813-0-1777079894-gall_03b3fdea-06b2-4921-b634-6f62ee976ec027125-sheron-autos.webp","type":"image\/webp"}],"twitter_card":"summary_large_image","schema":{"@context":"https:\/\/schema.org","@graph":[{"@type":"WebPage","@id":"https:\/\/www.koupelnapro.com\/index.php\/produkt\/sheron-autosampon-500-ml-houba-super-cena-9110\/","url":"https:\/\/www.koupelnapro.com\/index.php\/produkt\/sheron-autosampon-500-ml-houba-super-cena-9110\/","name":"SHERON Auto\u0161ampon 500 ml + houba Super Cena -","isPartOf":{"@id":"https:\/\/www.koupelnapro.com\/#website"},"primaryImageOfPage":{"@id":"https:\/\/www.koupelnapro.com\/index.php\/produkt\/sheron-autosampon-500-ml-houba-super-cena-9110\/#primaryimage"},"image":{"@id":"https:\/\/www.koupelnapro.com\/index.php\/produkt\/sheron-autosampon-500-ml-houba-super-cena-9110\/#primaryimage"},"thumbnailUrl":"https:\/\/www.koupelnapro.com\/wp-content\/uploads\/2026\/SK0002876-CZ20260425-091813-0-1777079894-gall_03b3fdea-06b2-4921-b634-6f62ee976ec027125-sheron-autos.webp","datePublished":"2026-04-26T09:13:24+00:00","breadcrumb":{"@id":"https:\/\/www.koupelnapro.com\/index.php\/produkt\/sheron-autosampon-500-ml-houba-super-cena-9110\/#breadcrumb"},"inLanguage":"cs","potentialAction":[{"@type":"ReadAction","target":["https:\/\/www.koupelnapro.com\/index.php\/produkt\/sheron-autosampon-500-ml-houba-super-cena-9110\/"]}]},{"@type":"ImageObject","inLanguage":"cs","@id":"https:\/\/www.koupelnapro.com\/index.php\/produkt\/sheron-autosampon-500-ml-houba-super-cena-9110\/#primaryimage","url":"https:\/\/www.koupelnapro.com\/wp-content\/uploads\/2026\/SK0002876-CZ20260425-091813-0-1777079894-gall_03b3fdea-06b2-4921-b634-6f62ee976ec027125-sheron-autos.webp","contentUrl":"https:\/\/www.koupelnapro.com\/wp-content\/uploads\/2026\/SK0002876-CZ20260425-091813-0-1777079894-gall_03b3fdea-06b2-4921-b634-6f62ee976ec027125-sheron-autos.webp","width":363,"height":420},{"@type":"BreadcrumbList","@id":"https:\/\/www.koupelnapro.com\/index.php\/produkt\/sheron-autosampon-500-ml-houba-super-cena-9110\/#breadcrumb","itemListElement":[{"@type":"ListItem","position":1,"name":"Home","item":"https:\/\/www.koupelnapro.com\/"},{"@type":"ListItem","position":2,"name":"Products","item":"https:\/\/www.koupelnapro.com\/index.php\/products\/"},{"@type":"ListItem","position":3,"name":"SHERON Auto\u0161ampon 500 ml + houba Super Cena"}]},{"@type":"WebSite","@id":"https:\/\/www.koupelnapro.com\/#website","url":"https:\/\/www.koupelnapro.com\/","name":"","description":"","potentialAction":[{"@type":"SearchAction","target":{"@type":"EntryPoint","urlTemplate":"https:\/\/www.koupelnapro.com\/?s={search_term_string}"},"query-input":{"@type":"PropertyValueSpecification","valueRequired":true,"valueName":"search_term_string"}}],"inLanguage":"cs"}]}},"_links":{"self":[{"href":"https:\/\/www.koupelnapro.com\/index.php\/wp-json\/wp\/v2\/product\/9110","targetHints":{"allow":["GET"]}}],"collection":[{"href":"https:\/\/www.koupelnapro.com\/index.php\/wp-json\/wp\/v2\/product"}],"about":[{"href":"https:\/\/www.koupelnapro.com\/index.php\/wp-json\/wp\/v2\/types\/product"}],"replies":[{"embeddable":true,"href":"https:\/\/www.koupelnapro.com\/index.php\/wp-json\/wp\/v2\/comments?post=9110"}],"wp:featuredmedia":[{"embeddable":true,"href":"https:\/\/www.koupelnapro.com\/index.php\/wp-json\/wp\/v2\/media\/9210"}],"wp:attachment":[{"href":"https:\/\/www.koupelnapro.com\/index.php\/wp-json\/wp\/v2\/media?parent=9110"}],"wp:term":[{"taxonomy":"product_brand","embeddable":true,"href":"https:\/\/www.koupelnapro.com\/index.php\/wp-json\/wp\/v2\/product_brand?post=9110"},{"taxonomy":"product_cat","embeddable":true,"href":"https:\/\/www.koupelnapro.com\/index.php\/wp-json\/wp\/v2\/product_cat?post=9110"},{"taxonomy":"product_tag","embeddable":true,"href":"https:\/\/www.koupelnapro.com\/index.php\/wp-json\/wp\/v2\/product_tag?post=9110"}],"curies":[{"name":"wp","href":"https:\/\/api.w.org\/{rel}","templated":true}]}}