{"id":9108,"date":"2026-04-26T09:13:24","date_gmt":"2026-04-26T09:13:24","guid":{"rendered":""},"modified":"2026-04-26T09:13:24","modified_gmt":"2026-04-26T09:13:24","slug":"sheron-cistic-skel-500-ml-pet-rozpr-doprava-zdarma-9108","status":"publish","type":"product","link":"https:\/\/www.koupelnapro.com\/index.php\/produkt\/sheron-cistic-skel-500-ml-pet-rozpr-doprava-zdarma-9108\/","title":{"rendered":"SHERON \u010cisti\u010d skel 500 ml PET-rozpr. Doprava Zdarma"},"content":{"rendered":"<div class=\"tmc_edt\">\n<p>Univerz\u00e1ln\u00ed \u010distic\u00ed prost\u0159edek k \u010di\u0161t\u011bn\u00ed:<\/p>\n<ul>\n<li>oken, <\/li>\n<li>keramick\u00fdch obklad\u016f, <\/li>\n<li>monitor\u016f, <\/li>\n<li>skla, <\/li>\n<li>optiky apod. <\/li>\n<\/ul>\n<p>Ide\u00e1ln\u00ed prost\u0159edek na \u010di\u0161t\u011bn\u00ed v\u0161ech typ\u016f skel.<\/p>\n<p>Nan\u00e1\u0161\u00ed se v tenk\u00e9 vrstv\u011b a ihned vyle\u0161t\u00ed dosucha.<\/p>\n<\/p><\/div>\n<\/p><\/div>\n","protected":false},"excerpt":{"rendered":"<p>Univerz\u00e1ln\u00ed \u010distic\u00ed prost\u0159edek k \u010di\u0161t\u011bn\u00ed: oken, keramick\u00fdch obklad\u016f, monitor\u016f, skla, optiky apod. Ide\u00e1ln\u00ed prost\u0159edek na \u010di\u0161t\u011bn\u00ed v\u0161ech typ\u016f skel. Nan\u00e1\u0161\u00ed se v tenk\u00e9 vrstv\u011b a ihned vyle\u0161t\u00ed dosucha.<\/p>\n","protected":false},"featured_media":9208,"comment_status":"open","ping_status":"open","template":"","meta":[],"product_brand":[],"product_cat":[61],"product_tag":[],"class_list":{"0":"post-9108","1":"product","2":"type-product","3":"status-publish","4":"has-post-thumbnail","6":"product_cat-dum-a-zahrada","8":"first","9":"instock","10":"sale","11":"shipping-taxable","12":"purchasable","13":"product-type-simple"},"yoast_head":"<!-- This site is optimized with the Yoast SEO plugin v26.8 - https:\/\/yoast.com\/product\/yoast-seo-wordpress\/ -->\n<title>SHERON \u010cisti\u010d skel 500 ml PET-rozpr. Doprava Zdarma -<\/title>\n<meta name=\"robots\" content=\"index, follow, max-snippet:-1, max-image-preview:large, max-video-preview:-1\" \/>\n<link rel=\"canonical\" href=\"https:\/\/www.koupelnapro.com\/index.php\/produkt\/sheron-cistic-skel-500-ml-pet-rozpr-doprava-zdarma-9108\/\" \/>\n<meta property=\"og:locale\" content=\"cs_CZ\" \/>\n<meta property=\"og:type\" content=\"article\" \/>\n<meta property=\"og:title\" content=\"SHERON \u010cisti\u010d skel 500 ml PET-rozpr. Doprava Zdarma -\" \/>\n<meta property=\"og:description\" content=\"Univerz\u00e1ln\u00ed \u010distic\u00ed prost\u0159edek k \u010di\u0161t\u011bn\u00ed: oken, keramick\u00fdch obklad\u016f, monitor\u016f, skla, optiky apod. Ide\u00e1ln\u00ed prost\u0159edek na \u010di\u0161t\u011bn\u00ed v\u0161ech typ\u016f skel. Nan\u00e1\u0161\u00ed se v tenk\u00e9 vrstv\u011b a ihned vyle\u0161t\u00ed dosucha.\" \/>\n<meta property=\"og:url\" content=\"https:\/\/www.koupelnapro.com\/index.php\/produkt\/sheron-cistic-skel-500-ml-pet-rozpr-doprava-zdarma-9108\/\" \/>\n<meta property=\"og:image\" content=\"https:\/\/www.koupelnapro.com\/wp-content\/uploads\/2026\/SK0002874-CZ20260425-091813-0-1777079894-gall_6edb90e2-73c2-4e3f-8b19-c843e4f11bae27123-sheron-cisti.webp\" \/>\n\t<meta property=\"og:image:width\" content=\"231\" \/>\n\t<meta property=\"og:image:height\" content=\"420\" \/>\n\t<meta property=\"og:image:type\" content=\"image\/webp\" \/>\n<meta name=\"twitter:card\" content=\"summary_large_image\" \/>\n<script type=\"application\/ld+json\" class=\"yoast-schema-graph\">{\"@context\":\"https:\/\/schema.org\",\"@graph\":[{\"@type\":\"WebPage\",\"@id\":\"https:\/\/www.koupelnapro.com\/index.php\/produkt\/sheron-cistic-skel-500-ml-pet-rozpr-doprava-zdarma-9108\/\",\"url\":\"https:\/\/www.koupelnapro.com\/index.php\/produkt\/sheron-cistic-skel-500-ml-pet-rozpr-doprava-zdarma-9108\/\",\"name\":\"SHERON \u010cisti\u010d skel 500 ml PET-rozpr. Doprava Zdarma -\",\"isPartOf\":{\"@id\":\"https:\/\/www.koupelnapro.com\/#website\"},\"primaryImageOfPage\":{\"@id\":\"https:\/\/www.koupelnapro.com\/index.php\/produkt\/sheron-cistic-skel-500-ml-pet-rozpr-doprava-zdarma-9108\/#primaryimage\"},\"image\":{\"@id\":\"https:\/\/www.koupelnapro.com\/index.php\/produkt\/sheron-cistic-skel-500-ml-pet-rozpr-doprava-zdarma-9108\/#primaryimage\"},\"thumbnailUrl\":\"https:\/\/www.koupelnapro.com\/wp-content\/uploads\/2026\/SK0002874-CZ20260425-091813-0-1777079894-gall_6edb90e2-73c2-4e3f-8b19-c843e4f11bae27123-sheron-cisti.webp\",\"datePublished\":\"2026-04-26T09:13:24+00:00\",\"breadcrumb\":{\"@id\":\"https:\/\/www.koupelnapro.com\/index.php\/produkt\/sheron-cistic-skel-500-ml-pet-rozpr-doprava-zdarma-9108\/#breadcrumb\"},\"inLanguage\":\"cs\",\"potentialAction\":[{\"@type\":\"ReadAction\",\"target\":[\"https:\/\/www.koupelnapro.com\/index.php\/produkt\/sheron-cistic-skel-500-ml-pet-rozpr-doprava-zdarma-9108\/\"]}]},{\"@type\":\"ImageObject\",\"inLanguage\":\"cs\",\"@id\":\"https:\/\/www.koupelnapro.com\/index.php\/produkt\/sheron-cistic-skel-500-ml-pet-rozpr-doprava-zdarma-9108\/#primaryimage\",\"url\":\"https:\/\/www.koupelnapro.com\/wp-content\/uploads\/2026\/SK0002874-CZ20260425-091813-0-1777079894-gall_6edb90e2-73c2-4e3f-8b19-c843e4f11bae27123-sheron-cisti.webp\",\"contentUrl\":\"https:\/\/www.koupelnapro.com\/wp-content\/uploads\/2026\/SK0002874-CZ20260425-091813-0-1777079894-gall_6edb90e2-73c2-4e3f-8b19-c843e4f11bae27123-sheron-cisti.webp\",\"width\":231,\"height\":420},{\"@type\":\"BreadcrumbList\",\"@id\":\"https:\/\/www.koupelnapro.com\/index.php\/produkt\/sheron-cistic-skel-500-ml-pet-rozpr-doprava-zdarma-9108\/#breadcrumb\",\"itemListElement\":[{\"@type\":\"ListItem\",\"position\":1,\"name\":\"Home\",\"item\":\"https:\/\/www.koupelnapro.com\/\"},{\"@type\":\"ListItem\",\"position\":2,\"name\":\"Products\",\"item\":\"https:\/\/www.koupelnapro.com\/index.php\/products\/\"},{\"@type\":\"ListItem\",\"position\":3,\"name\":\"SHERON \u010cisti\u010d skel 500 ml PET-rozpr. Doprava Zdarma\"}]},{\"@type\":\"WebSite\",\"@id\":\"https:\/\/www.koupelnapro.com\/#website\",\"url\":\"https:\/\/www.koupelnapro.com\/\",\"name\":\"\",\"description\":\"\",\"potentialAction\":[{\"@type\":\"SearchAction\",\"target\":{\"@type\":\"EntryPoint\",\"urlTemplate\":\"https:\/\/www.koupelnapro.com\/?s={search_term_string}\"},\"query-input\":{\"@type\":\"PropertyValueSpecification\",\"valueRequired\":true,\"valueName\":\"search_term_string\"}}],\"inLanguage\":\"cs\"}]}<\/script>\n<!-- \/ Yoast SEO plugin. -->","yoast_head_json":{"title":"SHERON \u010cisti\u010d skel 500 ml PET-rozpr. Doprava Zdarma -","robots":{"index":"index","follow":"follow","max-snippet":"max-snippet:-1","max-image-preview":"max-image-preview:large","max-video-preview":"max-video-preview:-1"},"canonical":"https:\/\/www.koupelnapro.com\/index.php\/produkt\/sheron-cistic-skel-500-ml-pet-rozpr-doprava-zdarma-9108\/","og_locale":"cs_CZ","og_type":"article","og_title":"SHERON \u010cisti\u010d skel 500 ml PET-rozpr. Doprava Zdarma -","og_description":"Univerz\u00e1ln\u00ed \u010distic\u00ed prost\u0159edek k \u010di\u0161t\u011bn\u00ed: oken, keramick\u00fdch obklad\u016f, monitor\u016f, skla, optiky apod. Ide\u00e1ln\u00ed prost\u0159edek na \u010di\u0161t\u011bn\u00ed v\u0161ech typ\u016f skel. Nan\u00e1\u0161\u00ed se v tenk\u00e9 vrstv\u011b a ihned vyle\u0161t\u00ed dosucha.","og_url":"https:\/\/www.koupelnapro.com\/index.php\/produkt\/sheron-cistic-skel-500-ml-pet-rozpr-doprava-zdarma-9108\/","og_image":[{"width":231,"height":420,"url":"https:\/\/www.koupelnapro.com\/wp-content\/uploads\/2026\/SK0002874-CZ20260425-091813-0-1777079894-gall_6edb90e2-73c2-4e3f-8b19-c843e4f11bae27123-sheron-cisti.webp","type":"image\/webp"}],"twitter_card":"summary_large_image","schema":{"@context":"https:\/\/schema.org","@graph":[{"@type":"WebPage","@id":"https:\/\/www.koupelnapro.com\/index.php\/produkt\/sheron-cistic-skel-500-ml-pet-rozpr-doprava-zdarma-9108\/","url":"https:\/\/www.koupelnapro.com\/index.php\/produkt\/sheron-cistic-skel-500-ml-pet-rozpr-doprava-zdarma-9108\/","name":"SHERON \u010cisti\u010d skel 500 ml PET-rozpr. Doprava Zdarma -","isPartOf":{"@id":"https:\/\/www.koupelnapro.com\/#website"},"primaryImageOfPage":{"@id":"https:\/\/www.koupelnapro.com\/index.php\/produkt\/sheron-cistic-skel-500-ml-pet-rozpr-doprava-zdarma-9108\/#primaryimage"},"image":{"@id":"https:\/\/www.koupelnapro.com\/index.php\/produkt\/sheron-cistic-skel-500-ml-pet-rozpr-doprava-zdarma-9108\/#primaryimage"},"thumbnailUrl":"https:\/\/www.koupelnapro.com\/wp-content\/uploads\/2026\/SK0002874-CZ20260425-091813-0-1777079894-gall_6edb90e2-73c2-4e3f-8b19-c843e4f11bae27123-sheron-cisti.webp","datePublished":"2026-04-26T09:13:24+00:00","breadcrumb":{"@id":"https:\/\/www.koupelnapro.com\/index.php\/produkt\/sheron-cistic-skel-500-ml-pet-rozpr-doprava-zdarma-9108\/#breadcrumb"},"inLanguage":"cs","potentialAction":[{"@type":"ReadAction","target":["https:\/\/www.koupelnapro.com\/index.php\/produkt\/sheron-cistic-skel-500-ml-pet-rozpr-doprava-zdarma-9108\/"]}]},{"@type":"ImageObject","inLanguage":"cs","@id":"https:\/\/www.koupelnapro.com\/index.php\/produkt\/sheron-cistic-skel-500-ml-pet-rozpr-doprava-zdarma-9108\/#primaryimage","url":"https:\/\/www.koupelnapro.com\/wp-content\/uploads\/2026\/SK0002874-CZ20260425-091813-0-1777079894-gall_6edb90e2-73c2-4e3f-8b19-c843e4f11bae27123-sheron-cisti.webp","contentUrl":"https:\/\/www.koupelnapro.com\/wp-content\/uploads\/2026\/SK0002874-CZ20260425-091813-0-1777079894-gall_6edb90e2-73c2-4e3f-8b19-c843e4f11bae27123-sheron-cisti.webp","width":231,"height":420},{"@type":"BreadcrumbList","@id":"https:\/\/www.koupelnapro.com\/index.php\/produkt\/sheron-cistic-skel-500-ml-pet-rozpr-doprava-zdarma-9108\/#breadcrumb","itemListElement":[{"@type":"ListItem","position":1,"name":"Home","item":"https:\/\/www.koupelnapro.com\/"},{"@type":"ListItem","position":2,"name":"Products","item":"https:\/\/www.koupelnapro.com\/index.php\/products\/"},{"@type":"ListItem","position":3,"name":"SHERON \u010cisti\u010d skel 500 ml PET-rozpr. Doprava Zdarma"}]},{"@type":"WebSite","@id":"https:\/\/www.koupelnapro.com\/#website","url":"https:\/\/www.koupelnapro.com\/","name":"","description":"","potentialAction":[{"@type":"SearchAction","target":{"@type":"EntryPoint","urlTemplate":"https:\/\/www.koupelnapro.com\/?s={search_term_string}"},"query-input":{"@type":"PropertyValueSpecification","valueRequired":true,"valueName":"search_term_string"}}],"inLanguage":"cs"}]}},"_links":{"self":[{"href":"https:\/\/www.koupelnapro.com\/index.php\/wp-json\/wp\/v2\/product\/9108","targetHints":{"allow":["GET"]}}],"collection":[{"href":"https:\/\/www.koupelnapro.com\/index.php\/wp-json\/wp\/v2\/product"}],"about":[{"href":"https:\/\/www.koupelnapro.com\/index.php\/wp-json\/wp\/v2\/types\/product"}],"replies":[{"embeddable":true,"href":"https:\/\/www.koupelnapro.com\/index.php\/wp-json\/wp\/v2\/comments?post=9108"}],"wp:featuredmedia":[{"embeddable":true,"href":"https:\/\/www.koupelnapro.com\/index.php\/wp-json\/wp\/v2\/media\/9208"}],"wp:attachment":[{"href":"https:\/\/www.koupelnapro.com\/index.php\/wp-json\/wp\/v2\/media?parent=9108"}],"wp:term":[{"taxonomy":"product_brand","embeddable":true,"href":"https:\/\/www.koupelnapro.com\/index.php\/wp-json\/wp\/v2\/product_brand?post=9108"},{"taxonomy":"product_cat","embeddable":true,"href":"https:\/\/www.koupelnapro.com\/index.php\/wp-json\/wp\/v2\/product_cat?post=9108"},{"taxonomy":"product_tag","embeddable":true,"href":"https:\/\/www.koupelnapro.com\/index.php\/wp-json\/wp\/v2\/product_tag?post=9108"}],"curies":[{"name":"wp","href":"https:\/\/api.w.org\/{rel}","templated":true}]}}