{"id":9107,"date":"2026-04-26T09:13:24","date_gmt":"2026-04-26T09:13:24","guid":{"rendered":""},"modified":"2026-04-26T09:13:24","modified_gmt":"2026-04-26T09:13:24","slug":"vraceni-zdarma-sheron-cockpit-spray-400-ml-new-car-9107","status":"publish","type":"product","link":"https:\/\/www.koupelnapro.com\/index.php\/produkt\/vraceni-zdarma-sheron-cockpit-spray-400-ml-new-car-9107\/","title":{"rendered":"Vr\u00e1cen\u00ed Zdarma SHERON Cockpit spray 400 ml new car"},"content":{"rendered":"<div class=\"tmc_edt\">\n<ul>\n<li>Aromatizovan\u00fd, zanech\u00e1 ve voze p\u0159\u00edjemnou v\u016fni. Vytv\u00e1\u0159\u00ed na o\u0161et\u0159en\u00e9m povrchu antistatickou vrstvu, br\u00e1n\u00ed usazov\u00e1n\u00ed prachu a ne\u010distot. <\/li>\n<li>O\u0161et\u0159\u00ed a regeneruje interi\u00e9rov\u00e9 \u010d\u00e1sti automobilu, zejm\u00e9na p\u0159\u00edstrojovou desku a ostatn\u00ed plastov\u00e9 povrchy. <\/li>\n<li>Doporu\u010den\u00e1 aplikace je nast\u0159\u00edkat na had\u0159\u00edk a potom rozet\u0159\u00edt na o\u0161et\u0159ovan\u00e9 plochy.<\/li>\n<\/ul><\/div>\n<\/p><\/div>\n","protected":false},"excerpt":{"rendered":"<p>Aromatizovan\u00fd, zanech\u00e1 ve voze p\u0159\u00edjemnou v\u016fni. Vytv\u00e1\u0159\u00ed na o\u0161et\u0159en\u00e9m povrchu antistatickou vrstvu, br\u00e1n\u00ed usazov\u00e1n\u00ed prachu a ne\u010distot. O\u0161et\u0159\u00ed a regeneruje interi\u00e9rov\u00e9 \u010d\u00e1sti automobilu, zejm\u00e9na p\u0159\u00edstrojovou desku a ostatn\u00ed plastov\u00e9 povrchy. Doporu\u010den\u00e1 aplikace je nast\u0159\u00edkat na had\u0159\u00edk a potom rozet\u0159\u00edt na o\u0161et\u0159ovan\u00e9 plochy.<\/p>\n","protected":false},"featured_media":9207,"comment_status":"open","ping_status":"open","template":"","meta":[],"product_brand":[],"product_cat":[61],"product_tag":[],"class_list":{"0":"post-9107","1":"product","2":"type-product","3":"status-publish","4":"has-post-thumbnail","6":"product_cat-dum-a-zahrada","8":"first","9":"instock","10":"sale","11":"shipping-taxable","12":"purchasable","13":"product-type-simple"},"yoast_head":"<!-- This site is optimized with the Yoast SEO plugin v26.8 - https:\/\/yoast.com\/product\/yoast-seo-wordpress\/ -->\n<title>Vr\u00e1cen\u00ed Zdarma SHERON Cockpit spray 400 ml new car -<\/title>\n<meta name=\"robots\" content=\"index, follow, max-snippet:-1, max-image-preview:large, max-video-preview:-1\" \/>\n<link rel=\"canonical\" href=\"https:\/\/www.koupelnapro.com\/index.php\/produkt\/vraceni-zdarma-sheron-cockpit-spray-400-ml-new-car-9107\/\" \/>\n<meta property=\"og:locale\" content=\"cs_CZ\" \/>\n<meta property=\"og:type\" content=\"article\" \/>\n<meta property=\"og:title\" content=\"Vr\u00e1cen\u00ed Zdarma SHERON Cockpit spray 400 ml new car -\" \/>\n<meta property=\"og:description\" content=\"Aromatizovan\u00fd, zanech\u00e1 ve voze p\u0159\u00edjemnou v\u016fni. Vytv\u00e1\u0159\u00ed na o\u0161et\u0159en\u00e9m povrchu antistatickou vrstvu, br\u00e1n\u00ed usazov\u00e1n\u00ed prachu a ne\u010distot. O\u0161et\u0159\u00ed a regeneruje interi\u00e9rov\u00e9 \u010d\u00e1sti automobilu, zejm\u00e9na p\u0159\u00edstrojovou desku a ostatn\u00ed plastov\u00e9 povrchy. Doporu\u010den\u00e1 aplikace je nast\u0159\u00edkat na had\u0159\u00edk a potom rozet\u0159\u00edt na o\u0161et\u0159ovan\u00e9 plochy.\" \/>\n<meta property=\"og:url\" content=\"https:\/\/www.koupelnapro.com\/index.php\/produkt\/vraceni-zdarma-sheron-cockpit-spray-400-ml-new-car-9107\/\" \/>\n<meta property=\"og:image\" content=\"https:\/\/www.koupelnapro.com\/wp-content\/uploads\/2026\/SK0002873-CZ20260425-091813-0-1777079894-gall_7ea65bb9-a288-4640-af70-059382c3c3e227119-sheron-cockp.webp\" \/>\n\t<meta property=\"og:image:width\" content=\"192\" \/>\n\t<meta property=\"og:image:height\" content=\"420\" \/>\n\t<meta property=\"og:image:type\" content=\"image\/webp\" \/>\n<meta name=\"twitter:card\" content=\"summary_large_image\" \/>\n<script type=\"application\/ld+json\" class=\"yoast-schema-graph\">{\"@context\":\"https:\/\/schema.org\",\"@graph\":[{\"@type\":\"WebPage\",\"@id\":\"https:\/\/www.koupelnapro.com\/index.php\/produkt\/vraceni-zdarma-sheron-cockpit-spray-400-ml-new-car-9107\/\",\"url\":\"https:\/\/www.koupelnapro.com\/index.php\/produkt\/vraceni-zdarma-sheron-cockpit-spray-400-ml-new-car-9107\/\",\"name\":\"Vr\u00e1cen\u00ed Zdarma SHERON Cockpit spray 400 ml new car -\",\"isPartOf\":{\"@id\":\"https:\/\/www.koupelnapro.com\/#website\"},\"primaryImageOfPage\":{\"@id\":\"https:\/\/www.koupelnapro.com\/index.php\/produkt\/vraceni-zdarma-sheron-cockpit-spray-400-ml-new-car-9107\/#primaryimage\"},\"image\":{\"@id\":\"https:\/\/www.koupelnapro.com\/index.php\/produkt\/vraceni-zdarma-sheron-cockpit-spray-400-ml-new-car-9107\/#primaryimage\"},\"thumbnailUrl\":\"https:\/\/www.koupelnapro.com\/wp-content\/uploads\/2026\/SK0002873-CZ20260425-091813-0-1777079894-gall_7ea65bb9-a288-4640-af70-059382c3c3e227119-sheron-cockp.webp\",\"datePublished\":\"2026-04-26T09:13:24+00:00\",\"breadcrumb\":{\"@id\":\"https:\/\/www.koupelnapro.com\/index.php\/produkt\/vraceni-zdarma-sheron-cockpit-spray-400-ml-new-car-9107\/#breadcrumb\"},\"inLanguage\":\"cs\",\"potentialAction\":[{\"@type\":\"ReadAction\",\"target\":[\"https:\/\/www.koupelnapro.com\/index.php\/produkt\/vraceni-zdarma-sheron-cockpit-spray-400-ml-new-car-9107\/\"]}]},{\"@type\":\"ImageObject\",\"inLanguage\":\"cs\",\"@id\":\"https:\/\/www.koupelnapro.com\/index.php\/produkt\/vraceni-zdarma-sheron-cockpit-spray-400-ml-new-car-9107\/#primaryimage\",\"url\":\"https:\/\/www.koupelnapro.com\/wp-content\/uploads\/2026\/SK0002873-CZ20260425-091813-0-1777079894-gall_7ea65bb9-a288-4640-af70-059382c3c3e227119-sheron-cockp.webp\",\"contentUrl\":\"https:\/\/www.koupelnapro.com\/wp-content\/uploads\/2026\/SK0002873-CZ20260425-091813-0-1777079894-gall_7ea65bb9-a288-4640-af70-059382c3c3e227119-sheron-cockp.webp\",\"width\":192,\"height\":420},{\"@type\":\"BreadcrumbList\",\"@id\":\"https:\/\/www.koupelnapro.com\/index.php\/produkt\/vraceni-zdarma-sheron-cockpit-spray-400-ml-new-car-9107\/#breadcrumb\",\"itemListElement\":[{\"@type\":\"ListItem\",\"position\":1,\"name\":\"Home\",\"item\":\"https:\/\/www.koupelnapro.com\/\"},{\"@type\":\"ListItem\",\"position\":2,\"name\":\"Products\",\"item\":\"https:\/\/www.koupelnapro.com\/index.php\/products\/\"},{\"@type\":\"ListItem\",\"position\":3,\"name\":\"Vr\u00e1cen\u00ed Zdarma SHERON Cockpit spray 400 ml new car\"}]},{\"@type\":\"WebSite\",\"@id\":\"https:\/\/www.koupelnapro.com\/#website\",\"url\":\"https:\/\/www.koupelnapro.com\/\",\"name\":\"\",\"description\":\"\",\"potentialAction\":[{\"@type\":\"SearchAction\",\"target\":{\"@type\":\"EntryPoint\",\"urlTemplate\":\"https:\/\/www.koupelnapro.com\/?s={search_term_string}\"},\"query-input\":{\"@type\":\"PropertyValueSpecification\",\"valueRequired\":true,\"valueName\":\"search_term_string\"}}],\"inLanguage\":\"cs\"}]}<\/script>\n<!-- \/ Yoast SEO plugin. -->","yoast_head_json":{"title":"Vr\u00e1cen\u00ed Zdarma SHERON Cockpit spray 400 ml new car -","robots":{"index":"index","follow":"follow","max-snippet":"max-snippet:-1","max-image-preview":"max-image-preview:large","max-video-preview":"max-video-preview:-1"},"canonical":"https:\/\/www.koupelnapro.com\/index.php\/produkt\/vraceni-zdarma-sheron-cockpit-spray-400-ml-new-car-9107\/","og_locale":"cs_CZ","og_type":"article","og_title":"Vr\u00e1cen\u00ed Zdarma SHERON Cockpit spray 400 ml new car -","og_description":"Aromatizovan\u00fd, zanech\u00e1 ve voze p\u0159\u00edjemnou v\u016fni. Vytv\u00e1\u0159\u00ed na o\u0161et\u0159en\u00e9m povrchu antistatickou vrstvu, br\u00e1n\u00ed usazov\u00e1n\u00ed prachu a ne\u010distot. O\u0161et\u0159\u00ed a regeneruje interi\u00e9rov\u00e9 \u010d\u00e1sti automobilu, zejm\u00e9na p\u0159\u00edstrojovou desku a ostatn\u00ed plastov\u00e9 povrchy. Doporu\u010den\u00e1 aplikace je nast\u0159\u00edkat na had\u0159\u00edk a potom rozet\u0159\u00edt na o\u0161et\u0159ovan\u00e9 plochy.","og_url":"https:\/\/www.koupelnapro.com\/index.php\/produkt\/vraceni-zdarma-sheron-cockpit-spray-400-ml-new-car-9107\/","og_image":[{"width":192,"height":420,"url":"https:\/\/www.koupelnapro.com\/wp-content\/uploads\/2026\/SK0002873-CZ20260425-091813-0-1777079894-gall_7ea65bb9-a288-4640-af70-059382c3c3e227119-sheron-cockp.webp","type":"image\/webp"}],"twitter_card":"summary_large_image","schema":{"@context":"https:\/\/schema.org","@graph":[{"@type":"WebPage","@id":"https:\/\/www.koupelnapro.com\/index.php\/produkt\/vraceni-zdarma-sheron-cockpit-spray-400-ml-new-car-9107\/","url":"https:\/\/www.koupelnapro.com\/index.php\/produkt\/vraceni-zdarma-sheron-cockpit-spray-400-ml-new-car-9107\/","name":"Vr\u00e1cen\u00ed Zdarma SHERON Cockpit spray 400 ml new car -","isPartOf":{"@id":"https:\/\/www.koupelnapro.com\/#website"},"primaryImageOfPage":{"@id":"https:\/\/www.koupelnapro.com\/index.php\/produkt\/vraceni-zdarma-sheron-cockpit-spray-400-ml-new-car-9107\/#primaryimage"},"image":{"@id":"https:\/\/www.koupelnapro.com\/index.php\/produkt\/vraceni-zdarma-sheron-cockpit-spray-400-ml-new-car-9107\/#primaryimage"},"thumbnailUrl":"https:\/\/www.koupelnapro.com\/wp-content\/uploads\/2026\/SK0002873-CZ20260425-091813-0-1777079894-gall_7ea65bb9-a288-4640-af70-059382c3c3e227119-sheron-cockp.webp","datePublished":"2026-04-26T09:13:24+00:00","breadcrumb":{"@id":"https:\/\/www.koupelnapro.com\/index.php\/produkt\/vraceni-zdarma-sheron-cockpit-spray-400-ml-new-car-9107\/#breadcrumb"},"inLanguage":"cs","potentialAction":[{"@type":"ReadAction","target":["https:\/\/www.koupelnapro.com\/index.php\/produkt\/vraceni-zdarma-sheron-cockpit-spray-400-ml-new-car-9107\/"]}]},{"@type":"ImageObject","inLanguage":"cs","@id":"https:\/\/www.koupelnapro.com\/index.php\/produkt\/vraceni-zdarma-sheron-cockpit-spray-400-ml-new-car-9107\/#primaryimage","url":"https:\/\/www.koupelnapro.com\/wp-content\/uploads\/2026\/SK0002873-CZ20260425-091813-0-1777079894-gall_7ea65bb9-a288-4640-af70-059382c3c3e227119-sheron-cockp.webp","contentUrl":"https:\/\/www.koupelnapro.com\/wp-content\/uploads\/2026\/SK0002873-CZ20260425-091813-0-1777079894-gall_7ea65bb9-a288-4640-af70-059382c3c3e227119-sheron-cockp.webp","width":192,"height":420},{"@type":"BreadcrumbList","@id":"https:\/\/www.koupelnapro.com\/index.php\/produkt\/vraceni-zdarma-sheron-cockpit-spray-400-ml-new-car-9107\/#breadcrumb","itemListElement":[{"@type":"ListItem","position":1,"name":"Home","item":"https:\/\/www.koupelnapro.com\/"},{"@type":"ListItem","position":2,"name":"Products","item":"https:\/\/www.koupelnapro.com\/index.php\/products\/"},{"@type":"ListItem","position":3,"name":"Vr\u00e1cen\u00ed Zdarma SHERON Cockpit spray 400 ml new car"}]},{"@type":"WebSite","@id":"https:\/\/www.koupelnapro.com\/#website","url":"https:\/\/www.koupelnapro.com\/","name":"","description":"","potentialAction":[{"@type":"SearchAction","target":{"@type":"EntryPoint","urlTemplate":"https:\/\/www.koupelnapro.com\/?s={search_term_string}"},"query-input":{"@type":"PropertyValueSpecification","valueRequired":true,"valueName":"search_term_string"}}],"inLanguage":"cs"}]}},"_links":{"self":[{"href":"https:\/\/www.koupelnapro.com\/index.php\/wp-json\/wp\/v2\/product\/9107","targetHints":{"allow":["GET"]}}],"collection":[{"href":"https:\/\/www.koupelnapro.com\/index.php\/wp-json\/wp\/v2\/product"}],"about":[{"href":"https:\/\/www.koupelnapro.com\/index.php\/wp-json\/wp\/v2\/types\/product"}],"replies":[{"embeddable":true,"href":"https:\/\/www.koupelnapro.com\/index.php\/wp-json\/wp\/v2\/comments?post=9107"}],"wp:featuredmedia":[{"embeddable":true,"href":"https:\/\/www.koupelnapro.com\/index.php\/wp-json\/wp\/v2\/media\/9207"}],"wp:attachment":[{"href":"https:\/\/www.koupelnapro.com\/index.php\/wp-json\/wp\/v2\/media?parent=9107"}],"wp:term":[{"taxonomy":"product_brand","embeddable":true,"href":"https:\/\/www.koupelnapro.com\/index.php\/wp-json\/wp\/v2\/product_brand?post=9107"},{"taxonomy":"product_cat","embeddable":true,"href":"https:\/\/www.koupelnapro.com\/index.php\/wp-json\/wp\/v2\/product_cat?post=9107"},{"taxonomy":"product_tag","embeddable":true,"href":"https:\/\/www.koupelnapro.com\/index.php\/wp-json\/wp\/v2\/product_tag?post=9107"}],"curies":[{"name":"wp","href":"https:\/\/api.w.org\/{rel}","templated":true}]}}