{"id":9103,"date":"2026-04-26T09:13:24","date_gmt":"2026-04-26T09:13:24","guid":{"rendered":""},"modified":"2026-04-26T09:13:24","modified_gmt":"2026-04-26T09:13:24","slug":"hrabe-plastove-23-lamel-480-x-280-mm-click-nejlepsi-volba-9103","status":"publish","type":"product","link":"https:\/\/www.koupelnapro.com\/index.php\/produkt\/hrabe-plastove-23-lamel-480-x-280-mm-click-nejlepsi-volba-9103\/","title":{"rendered":"Hr\u00e1b\u011b plastov\u00e9, 23 lamel, 480 x 280 mm, click Nejlep\u0161\u00ed Volba"},"content":{"rendered":"<div class=\"tmc_edt\">\n<ul>\n<li><font face=\"Segoe UI\">Vhodn\u00e9 pro hrab\u00e1n\u00ed list\u00ed a jemn\u00e9 tr\u00e1vy \u010di zahradn\u00edho odpadu.<\/font><\/li>\n<\/ul><\/div>\n<\/p><\/div>\n","protected":false},"excerpt":{"rendered":"<p>Vhodn\u00e9 pro hrab\u00e1n\u00ed list\u00ed a jemn\u00e9 tr\u00e1vy \u010di zahradn\u00edho odpadu.<\/p>\n","protected":false},"featured_media":9203,"comment_status":"open","ping_status":"open","template":"","meta":[],"product_brand":[],"product_cat":[60],"product_tag":[],"class_list":{"0":"post-9103","1":"product","2":"type-product","3":"status-publish","4":"has-post-thumbnail","6":"product_cat-naradi","8":"first","9":"instock","10":"sale","11":"shipping-taxable","12":"purchasable","13":"product-type-simple"},"yoast_head":"<!-- This site is optimized with the Yoast SEO plugin v26.8 - https:\/\/yoast.com\/product\/yoast-seo-wordpress\/ -->\n<title>Hr\u00e1b\u011b plastov\u00e9, 23 lamel, 480 x 280 mm, click Nejlep\u0161\u00ed Volba -<\/title>\n<meta name=\"robots\" content=\"index, follow, max-snippet:-1, max-image-preview:large, max-video-preview:-1\" \/>\n<link rel=\"canonical\" href=\"https:\/\/www.koupelnapro.com\/index.php\/produkt\/hrabe-plastove-23-lamel-480-x-280-mm-click-nejlepsi-volba-9103\/\" \/>\n<meta property=\"og:locale\" content=\"cs_CZ\" \/>\n<meta property=\"og:type\" content=\"article\" \/>\n<meta property=\"og:title\" content=\"Hr\u00e1b\u011b plastov\u00e9, 23 lamel, 480 x 280 mm, click Nejlep\u0161\u00ed Volba -\" \/>\n<meta property=\"og:description\" content=\"Vhodn\u00e9 pro hrab\u00e1n\u00ed list\u00ed a jemn\u00e9 tr\u00e1vy \u010di zahradn\u00edho odpadu.\" \/>\n<meta property=\"og:url\" content=\"https:\/\/www.koupelnapro.com\/index.php\/produkt\/hrabe-plastove-23-lamel-480-x-280-mm-click-nejlepsi-volba-9103\/\" \/>\n<meta property=\"og:image\" content=\"https:\/\/www.koupelnapro.com\/wp-content\/uploads\/2026\/SK0002868-CZ20260425-091813-0-1777079894-gall_16ced9ff-f963-4de7-a02d-1d78597f80e025994-hrabe-plasto.webp\" \/>\n\t<meta property=\"og:image:width\" content=\"420\" \/>\n\t<meta property=\"og:image:height\" content=\"279\" \/>\n\t<meta property=\"og:image:type\" content=\"image\/webp\" \/>\n<meta name=\"twitter:card\" content=\"summary_large_image\" \/>\n<script type=\"application\/ld+json\" class=\"yoast-schema-graph\">{\"@context\":\"https:\/\/schema.org\",\"@graph\":[{\"@type\":\"WebPage\",\"@id\":\"https:\/\/www.koupelnapro.com\/index.php\/produkt\/hrabe-plastove-23-lamel-480-x-280-mm-click-nejlepsi-volba-9103\/\",\"url\":\"https:\/\/www.koupelnapro.com\/index.php\/produkt\/hrabe-plastove-23-lamel-480-x-280-mm-click-nejlepsi-volba-9103\/\",\"name\":\"Hr\u00e1b\u011b plastov\u00e9, 23 lamel, 480 x 280 mm, click Nejlep\u0161\u00ed Volba -\",\"isPartOf\":{\"@id\":\"https:\/\/www.koupelnapro.com\/#website\"},\"primaryImageOfPage\":{\"@id\":\"https:\/\/www.koupelnapro.com\/index.php\/produkt\/hrabe-plastove-23-lamel-480-x-280-mm-click-nejlepsi-volba-9103\/#primaryimage\"},\"image\":{\"@id\":\"https:\/\/www.koupelnapro.com\/index.php\/produkt\/hrabe-plastove-23-lamel-480-x-280-mm-click-nejlepsi-volba-9103\/#primaryimage\"},\"thumbnailUrl\":\"https:\/\/www.koupelnapro.com\/wp-content\/uploads\/2026\/SK0002868-CZ20260425-091813-0-1777079894-gall_16ced9ff-f963-4de7-a02d-1d78597f80e025994-hrabe-plasto.webp\",\"datePublished\":\"2026-04-26T09:13:24+00:00\",\"breadcrumb\":{\"@id\":\"https:\/\/www.koupelnapro.com\/index.php\/produkt\/hrabe-plastove-23-lamel-480-x-280-mm-click-nejlepsi-volba-9103\/#breadcrumb\"},\"inLanguage\":\"cs\",\"potentialAction\":[{\"@type\":\"ReadAction\",\"target\":[\"https:\/\/www.koupelnapro.com\/index.php\/produkt\/hrabe-plastove-23-lamel-480-x-280-mm-click-nejlepsi-volba-9103\/\"]}]},{\"@type\":\"ImageObject\",\"inLanguage\":\"cs\",\"@id\":\"https:\/\/www.koupelnapro.com\/index.php\/produkt\/hrabe-plastove-23-lamel-480-x-280-mm-click-nejlepsi-volba-9103\/#primaryimage\",\"url\":\"https:\/\/www.koupelnapro.com\/wp-content\/uploads\/2026\/SK0002868-CZ20260425-091813-0-1777079894-gall_16ced9ff-f963-4de7-a02d-1d78597f80e025994-hrabe-plasto.webp\",\"contentUrl\":\"https:\/\/www.koupelnapro.com\/wp-content\/uploads\/2026\/SK0002868-CZ20260425-091813-0-1777079894-gall_16ced9ff-f963-4de7-a02d-1d78597f80e025994-hrabe-plasto.webp\",\"width\":420,\"height\":279},{\"@type\":\"BreadcrumbList\",\"@id\":\"https:\/\/www.koupelnapro.com\/index.php\/produkt\/hrabe-plastove-23-lamel-480-x-280-mm-click-nejlepsi-volba-9103\/#breadcrumb\",\"itemListElement\":[{\"@type\":\"ListItem\",\"position\":1,\"name\":\"Home\",\"item\":\"https:\/\/www.koupelnapro.com\/\"},{\"@type\":\"ListItem\",\"position\":2,\"name\":\"Products\",\"item\":\"https:\/\/www.koupelnapro.com\/index.php\/products\/\"},{\"@type\":\"ListItem\",\"position\":3,\"name\":\"Hr\u00e1b\u011b plastov\u00e9, 23 lamel, 480 x 280 mm, click Nejlep\u0161\u00ed Volba\"}]},{\"@type\":\"WebSite\",\"@id\":\"https:\/\/www.koupelnapro.com\/#website\",\"url\":\"https:\/\/www.koupelnapro.com\/\",\"name\":\"\",\"description\":\"\",\"potentialAction\":[{\"@type\":\"SearchAction\",\"target\":{\"@type\":\"EntryPoint\",\"urlTemplate\":\"https:\/\/www.koupelnapro.com\/?s={search_term_string}\"},\"query-input\":{\"@type\":\"PropertyValueSpecification\",\"valueRequired\":true,\"valueName\":\"search_term_string\"}}],\"inLanguage\":\"cs\"}]}<\/script>\n<!-- \/ Yoast SEO plugin. -->","yoast_head_json":{"title":"Hr\u00e1b\u011b plastov\u00e9, 23 lamel, 480 x 280 mm, click Nejlep\u0161\u00ed Volba -","robots":{"index":"index","follow":"follow","max-snippet":"max-snippet:-1","max-image-preview":"max-image-preview:large","max-video-preview":"max-video-preview:-1"},"canonical":"https:\/\/www.koupelnapro.com\/index.php\/produkt\/hrabe-plastove-23-lamel-480-x-280-mm-click-nejlepsi-volba-9103\/","og_locale":"cs_CZ","og_type":"article","og_title":"Hr\u00e1b\u011b plastov\u00e9, 23 lamel, 480 x 280 mm, click Nejlep\u0161\u00ed Volba -","og_description":"Vhodn\u00e9 pro hrab\u00e1n\u00ed list\u00ed a jemn\u00e9 tr\u00e1vy \u010di zahradn\u00edho odpadu.","og_url":"https:\/\/www.koupelnapro.com\/index.php\/produkt\/hrabe-plastove-23-lamel-480-x-280-mm-click-nejlepsi-volba-9103\/","og_image":[{"width":420,"height":279,"url":"https:\/\/www.koupelnapro.com\/wp-content\/uploads\/2026\/SK0002868-CZ20260425-091813-0-1777079894-gall_16ced9ff-f963-4de7-a02d-1d78597f80e025994-hrabe-plasto.webp","type":"image\/webp"}],"twitter_card":"summary_large_image","schema":{"@context":"https:\/\/schema.org","@graph":[{"@type":"WebPage","@id":"https:\/\/www.koupelnapro.com\/index.php\/produkt\/hrabe-plastove-23-lamel-480-x-280-mm-click-nejlepsi-volba-9103\/","url":"https:\/\/www.koupelnapro.com\/index.php\/produkt\/hrabe-plastove-23-lamel-480-x-280-mm-click-nejlepsi-volba-9103\/","name":"Hr\u00e1b\u011b plastov\u00e9, 23 lamel, 480 x 280 mm, click Nejlep\u0161\u00ed Volba -","isPartOf":{"@id":"https:\/\/www.koupelnapro.com\/#website"},"primaryImageOfPage":{"@id":"https:\/\/www.koupelnapro.com\/index.php\/produkt\/hrabe-plastove-23-lamel-480-x-280-mm-click-nejlepsi-volba-9103\/#primaryimage"},"image":{"@id":"https:\/\/www.koupelnapro.com\/index.php\/produkt\/hrabe-plastove-23-lamel-480-x-280-mm-click-nejlepsi-volba-9103\/#primaryimage"},"thumbnailUrl":"https:\/\/www.koupelnapro.com\/wp-content\/uploads\/2026\/SK0002868-CZ20260425-091813-0-1777079894-gall_16ced9ff-f963-4de7-a02d-1d78597f80e025994-hrabe-plasto.webp","datePublished":"2026-04-26T09:13:24+00:00","breadcrumb":{"@id":"https:\/\/www.koupelnapro.com\/index.php\/produkt\/hrabe-plastove-23-lamel-480-x-280-mm-click-nejlepsi-volba-9103\/#breadcrumb"},"inLanguage":"cs","potentialAction":[{"@type":"ReadAction","target":["https:\/\/www.koupelnapro.com\/index.php\/produkt\/hrabe-plastove-23-lamel-480-x-280-mm-click-nejlepsi-volba-9103\/"]}]},{"@type":"ImageObject","inLanguage":"cs","@id":"https:\/\/www.koupelnapro.com\/index.php\/produkt\/hrabe-plastove-23-lamel-480-x-280-mm-click-nejlepsi-volba-9103\/#primaryimage","url":"https:\/\/www.koupelnapro.com\/wp-content\/uploads\/2026\/SK0002868-CZ20260425-091813-0-1777079894-gall_16ced9ff-f963-4de7-a02d-1d78597f80e025994-hrabe-plasto.webp","contentUrl":"https:\/\/www.koupelnapro.com\/wp-content\/uploads\/2026\/SK0002868-CZ20260425-091813-0-1777079894-gall_16ced9ff-f963-4de7-a02d-1d78597f80e025994-hrabe-plasto.webp","width":420,"height":279},{"@type":"BreadcrumbList","@id":"https:\/\/www.koupelnapro.com\/index.php\/produkt\/hrabe-plastove-23-lamel-480-x-280-mm-click-nejlepsi-volba-9103\/#breadcrumb","itemListElement":[{"@type":"ListItem","position":1,"name":"Home","item":"https:\/\/www.koupelnapro.com\/"},{"@type":"ListItem","position":2,"name":"Products","item":"https:\/\/www.koupelnapro.com\/index.php\/products\/"},{"@type":"ListItem","position":3,"name":"Hr\u00e1b\u011b plastov\u00e9, 23 lamel, 480 x 280 mm, click Nejlep\u0161\u00ed Volba"}]},{"@type":"WebSite","@id":"https:\/\/www.koupelnapro.com\/#website","url":"https:\/\/www.koupelnapro.com\/","name":"","description":"","potentialAction":[{"@type":"SearchAction","target":{"@type":"EntryPoint","urlTemplate":"https:\/\/www.koupelnapro.com\/?s={search_term_string}"},"query-input":{"@type":"PropertyValueSpecification","valueRequired":true,"valueName":"search_term_string"}}],"inLanguage":"cs"}]}},"_links":{"self":[{"href":"https:\/\/www.koupelnapro.com\/index.php\/wp-json\/wp\/v2\/product\/9103","targetHints":{"allow":["GET"]}}],"collection":[{"href":"https:\/\/www.koupelnapro.com\/index.php\/wp-json\/wp\/v2\/product"}],"about":[{"href":"https:\/\/www.koupelnapro.com\/index.php\/wp-json\/wp\/v2\/types\/product"}],"replies":[{"embeddable":true,"href":"https:\/\/www.koupelnapro.com\/index.php\/wp-json\/wp\/v2\/comments?post=9103"}],"wp:featuredmedia":[{"embeddable":true,"href":"https:\/\/www.koupelnapro.com\/index.php\/wp-json\/wp\/v2\/media\/9203"}],"wp:attachment":[{"href":"https:\/\/www.koupelnapro.com\/index.php\/wp-json\/wp\/v2\/media?parent=9103"}],"wp:term":[{"taxonomy":"product_brand","embeddable":true,"href":"https:\/\/www.koupelnapro.com\/index.php\/wp-json\/wp\/v2\/product_brand?post=9103"},{"taxonomy":"product_cat","embeddable":true,"href":"https:\/\/www.koupelnapro.com\/index.php\/wp-json\/wp\/v2\/product_cat?post=9103"},{"taxonomy":"product_tag","embeddable":true,"href":"https:\/\/www.koupelnapro.com\/index.php\/wp-json\/wp\/v2\/product_tag?post=9103"}],"curies":[{"name":"wp","href":"https:\/\/api.w.org\/{rel}","templated":true}]}}