{"id":9095,"date":"2026-04-26T09:13:24","date_gmt":"2026-04-26T09:13:24","guid":{"rendered":""},"modified":"2026-04-26T09:13:24","modified_gmt":"2026-04-26T09:13:24","slug":"respirator-kn95-ffp2-2-ks-bal-overeny-9095","status":"publish","type":"product","link":"https:\/\/www.koupelnapro.com\/index.php\/produkt\/respirator-kn95-ffp2-2-ks-bal-overeny-9095\/","title":{"rendered":"Respir\u00e1tor KN95 \/ FFP2 &#8211; 2 ks \/ bal. Ov\u011b\u0159en\u00fd"},"content":{"rendered":"<div class=\"tmc_edt\">\n<ul>\n<li>Zachyt\u00ed minim\u00e1ln\u011b 95% \u010d\u00e1stic od velikosti 0,3 \u00b5m (mikrometr\u016f \u010d\u00e1stic).<\/li>\n<li>Filtruje viry, bakterie, prach, smog, aerosol a kou\u0159.<\/li>\n<li>Ochrann\u00e1 respira\u010dn\u00ed rou\u0161ka s p\u011bti filtra\u010dn\u00edmi vrstvami. <\/li>\n<li>Barva b\u00edl\u00e1.<\/li>\n<li>Ur\u010deno k jednor\u00e1zov\u00e9mu pou\u017eit\u00ed.<\/li>\n<li>Balen\u00ed obsahuje samostatn\u011b balen\u00fd 1 kus<\/li>\n<li><strong>Toto zbo\u017e\u00ed nelze z hygienick\u00fdch d\u016fvod\u016f vr\u00e1tit ve 14-ti denn\u00ed lh\u016ft\u011b.<\/strong><\/li>\n<\/ul><\/div>\n<\/p><\/div>\n","protected":false},"excerpt":{"rendered":"<p>Zachyt\u00ed minim\u00e1ln\u011b 95% \u010d\u00e1stic od velikosti 0,3 \u00b5m (mikrometr\u016f \u010d\u00e1stic). Filtruje viry, bakterie, prach, smog, aerosol a kou\u0159. Ochrann\u00e1 respira\u010dn\u00ed rou\u0161ka s p\u011bti filtra\u010dn\u00edmi vrstvami. Barva b\u00edl\u00e1. Ur\u010deno k jednor\u00e1zov\u00e9mu pou\u017eit\u00ed. Balen\u00ed obsahuje samostatn\u011b balen\u00fd 1 kus Toto zbo\u017e\u00ed nelze z hygienick\u00fdch d\u016fvod\u016f vr\u00e1tit ve 14-ti denn\u00ed lh\u016ft\u011b.<\/p>\n","protected":false},"featured_media":9195,"comment_status":"open","ping_status":"open","template":"","meta":[],"product_brand":[],"product_cat":[60],"product_tag":[],"class_list":{"0":"post-9095","1":"product","2":"type-product","3":"status-publish","4":"has-post-thumbnail","6":"product_cat-naradi","8":"first","9":"instock","10":"sale","11":"shipping-taxable","12":"purchasable","13":"product-type-simple"},"yoast_head":"<!-- This site is optimized with the Yoast SEO plugin v26.8 - https:\/\/yoast.com\/product\/yoast-seo-wordpress\/ -->\n<title>Respir\u00e1tor KN95 \/ FFP2 - 2 ks \/ bal. Ov\u011b\u0159en\u00fd -<\/title>\n<meta name=\"robots\" content=\"index, follow, max-snippet:-1, max-image-preview:large, max-video-preview:-1\" \/>\n<link rel=\"canonical\" href=\"https:\/\/www.koupelnapro.com\/index.php\/produkt\/respirator-kn95-ffp2-2-ks-bal-overeny-9095\/\" \/>\n<meta property=\"og:locale\" content=\"cs_CZ\" \/>\n<meta property=\"og:type\" content=\"article\" \/>\n<meta property=\"og:title\" content=\"Respir\u00e1tor KN95 \/ FFP2 - 2 ks \/ bal. Ov\u011b\u0159en\u00fd -\" \/>\n<meta property=\"og:description\" content=\"Zachyt\u00ed minim\u00e1ln\u011b 95% \u010d\u00e1stic od velikosti 0,3 \u00b5m (mikrometr\u016f \u010d\u00e1stic). Filtruje viry, bakterie, prach, smog, aerosol a kou\u0159. Ochrann\u00e1 respira\u010dn\u00ed rou\u0161ka s p\u011bti filtra\u010dn\u00edmi vrstvami. Barva b\u00edl\u00e1. Ur\u010deno k jednor\u00e1zov\u00e9mu pou\u017eit\u00ed. Balen\u00ed obsahuje samostatn\u011b balen\u00fd 1 kus Toto zbo\u017e\u00ed nelze z hygienick\u00fdch d\u016fvod\u016f vr\u00e1tit ve 14-ti denn\u00ed lh\u016ft\u011b.\" \/>\n<meta property=\"og:url\" content=\"https:\/\/www.koupelnapro.com\/index.php\/produkt\/respirator-kn95-ffp2-2-ks-bal-overeny-9095\/\" \/>\n<meta property=\"og:image\" content=\"https:\/\/www.koupelnapro.com\/wp-content\/uploads\/2026\/SK0002860-CZ20260425-091813-0-1777079894-gall_4390d611-191c-48cf-a10c-549d9c24e00f25934-13869-respir.webp\" \/>\n\t<meta property=\"og:image:width\" content=\"420\" \/>\n\t<meta property=\"og:image:height\" content=\"366\" \/>\n\t<meta property=\"og:image:type\" content=\"image\/webp\" \/>\n<meta name=\"twitter:card\" content=\"summary_large_image\" \/>\n<script type=\"application\/ld+json\" class=\"yoast-schema-graph\">{\"@context\":\"https:\/\/schema.org\",\"@graph\":[{\"@type\":\"WebPage\",\"@id\":\"https:\/\/www.koupelnapro.com\/index.php\/produkt\/respirator-kn95-ffp2-2-ks-bal-overeny-9095\/\",\"url\":\"https:\/\/www.koupelnapro.com\/index.php\/produkt\/respirator-kn95-ffp2-2-ks-bal-overeny-9095\/\",\"name\":\"Respir\u00e1tor KN95 \/ FFP2 - 2 ks \/ bal. Ov\u011b\u0159en\u00fd -\",\"isPartOf\":{\"@id\":\"https:\/\/www.koupelnapro.com\/#website\"},\"primaryImageOfPage\":{\"@id\":\"https:\/\/www.koupelnapro.com\/index.php\/produkt\/respirator-kn95-ffp2-2-ks-bal-overeny-9095\/#primaryimage\"},\"image\":{\"@id\":\"https:\/\/www.koupelnapro.com\/index.php\/produkt\/respirator-kn95-ffp2-2-ks-bal-overeny-9095\/#primaryimage\"},\"thumbnailUrl\":\"https:\/\/www.koupelnapro.com\/wp-content\/uploads\/2026\/SK0002860-CZ20260425-091813-0-1777079894-gall_4390d611-191c-48cf-a10c-549d9c24e00f25934-13869-respir.webp\",\"datePublished\":\"2026-04-26T09:13:24+00:00\",\"breadcrumb\":{\"@id\":\"https:\/\/www.koupelnapro.com\/index.php\/produkt\/respirator-kn95-ffp2-2-ks-bal-overeny-9095\/#breadcrumb\"},\"inLanguage\":\"cs\",\"potentialAction\":[{\"@type\":\"ReadAction\",\"target\":[\"https:\/\/www.koupelnapro.com\/index.php\/produkt\/respirator-kn95-ffp2-2-ks-bal-overeny-9095\/\"]}]},{\"@type\":\"ImageObject\",\"inLanguage\":\"cs\",\"@id\":\"https:\/\/www.koupelnapro.com\/index.php\/produkt\/respirator-kn95-ffp2-2-ks-bal-overeny-9095\/#primaryimage\",\"url\":\"https:\/\/www.koupelnapro.com\/wp-content\/uploads\/2026\/SK0002860-CZ20260425-091813-0-1777079894-gall_4390d611-191c-48cf-a10c-549d9c24e00f25934-13869-respir.webp\",\"contentUrl\":\"https:\/\/www.koupelnapro.com\/wp-content\/uploads\/2026\/SK0002860-CZ20260425-091813-0-1777079894-gall_4390d611-191c-48cf-a10c-549d9c24e00f25934-13869-respir.webp\",\"width\":420,\"height\":366},{\"@type\":\"BreadcrumbList\",\"@id\":\"https:\/\/www.koupelnapro.com\/index.php\/produkt\/respirator-kn95-ffp2-2-ks-bal-overeny-9095\/#breadcrumb\",\"itemListElement\":[{\"@type\":\"ListItem\",\"position\":1,\"name\":\"Home\",\"item\":\"https:\/\/www.koupelnapro.com\/\"},{\"@type\":\"ListItem\",\"position\":2,\"name\":\"Products\",\"item\":\"https:\/\/www.koupelnapro.com\/index.php\/products\/\"},{\"@type\":\"ListItem\",\"position\":3,\"name\":\"Respir\u00e1tor KN95 \/ FFP2 &#8211; 2 ks \/ bal. Ov\u011b\u0159en\u00fd\"}]},{\"@type\":\"WebSite\",\"@id\":\"https:\/\/www.koupelnapro.com\/#website\",\"url\":\"https:\/\/www.koupelnapro.com\/\",\"name\":\"\",\"description\":\"\",\"potentialAction\":[{\"@type\":\"SearchAction\",\"target\":{\"@type\":\"EntryPoint\",\"urlTemplate\":\"https:\/\/www.koupelnapro.com\/?s={search_term_string}\"},\"query-input\":{\"@type\":\"PropertyValueSpecification\",\"valueRequired\":true,\"valueName\":\"search_term_string\"}}],\"inLanguage\":\"cs\"}]}<\/script>\n<!-- \/ Yoast SEO plugin. -->","yoast_head_json":{"title":"Respir\u00e1tor KN95 \/ FFP2 - 2 ks \/ bal. Ov\u011b\u0159en\u00fd -","robots":{"index":"index","follow":"follow","max-snippet":"max-snippet:-1","max-image-preview":"max-image-preview:large","max-video-preview":"max-video-preview:-1"},"canonical":"https:\/\/www.koupelnapro.com\/index.php\/produkt\/respirator-kn95-ffp2-2-ks-bal-overeny-9095\/","og_locale":"cs_CZ","og_type":"article","og_title":"Respir\u00e1tor KN95 \/ FFP2 - 2 ks \/ bal. Ov\u011b\u0159en\u00fd -","og_description":"Zachyt\u00ed minim\u00e1ln\u011b 95% \u010d\u00e1stic od velikosti 0,3 \u00b5m (mikrometr\u016f \u010d\u00e1stic). Filtruje viry, bakterie, prach, smog, aerosol a kou\u0159. Ochrann\u00e1 respira\u010dn\u00ed rou\u0161ka s p\u011bti filtra\u010dn\u00edmi vrstvami. Barva b\u00edl\u00e1. Ur\u010deno k jednor\u00e1zov\u00e9mu pou\u017eit\u00ed. Balen\u00ed obsahuje samostatn\u011b balen\u00fd 1 kus Toto zbo\u017e\u00ed nelze z hygienick\u00fdch d\u016fvod\u016f vr\u00e1tit ve 14-ti denn\u00ed lh\u016ft\u011b.","og_url":"https:\/\/www.koupelnapro.com\/index.php\/produkt\/respirator-kn95-ffp2-2-ks-bal-overeny-9095\/","og_image":[{"width":420,"height":366,"url":"https:\/\/www.koupelnapro.com\/wp-content\/uploads\/2026\/SK0002860-CZ20260425-091813-0-1777079894-gall_4390d611-191c-48cf-a10c-549d9c24e00f25934-13869-respir.webp","type":"image\/webp"}],"twitter_card":"summary_large_image","schema":{"@context":"https:\/\/schema.org","@graph":[{"@type":"WebPage","@id":"https:\/\/www.koupelnapro.com\/index.php\/produkt\/respirator-kn95-ffp2-2-ks-bal-overeny-9095\/","url":"https:\/\/www.koupelnapro.com\/index.php\/produkt\/respirator-kn95-ffp2-2-ks-bal-overeny-9095\/","name":"Respir\u00e1tor KN95 \/ FFP2 - 2 ks \/ bal. Ov\u011b\u0159en\u00fd -","isPartOf":{"@id":"https:\/\/www.koupelnapro.com\/#website"},"primaryImageOfPage":{"@id":"https:\/\/www.koupelnapro.com\/index.php\/produkt\/respirator-kn95-ffp2-2-ks-bal-overeny-9095\/#primaryimage"},"image":{"@id":"https:\/\/www.koupelnapro.com\/index.php\/produkt\/respirator-kn95-ffp2-2-ks-bal-overeny-9095\/#primaryimage"},"thumbnailUrl":"https:\/\/www.koupelnapro.com\/wp-content\/uploads\/2026\/SK0002860-CZ20260425-091813-0-1777079894-gall_4390d611-191c-48cf-a10c-549d9c24e00f25934-13869-respir.webp","datePublished":"2026-04-26T09:13:24+00:00","breadcrumb":{"@id":"https:\/\/www.koupelnapro.com\/index.php\/produkt\/respirator-kn95-ffp2-2-ks-bal-overeny-9095\/#breadcrumb"},"inLanguage":"cs","potentialAction":[{"@type":"ReadAction","target":["https:\/\/www.koupelnapro.com\/index.php\/produkt\/respirator-kn95-ffp2-2-ks-bal-overeny-9095\/"]}]},{"@type":"ImageObject","inLanguage":"cs","@id":"https:\/\/www.koupelnapro.com\/index.php\/produkt\/respirator-kn95-ffp2-2-ks-bal-overeny-9095\/#primaryimage","url":"https:\/\/www.koupelnapro.com\/wp-content\/uploads\/2026\/SK0002860-CZ20260425-091813-0-1777079894-gall_4390d611-191c-48cf-a10c-549d9c24e00f25934-13869-respir.webp","contentUrl":"https:\/\/www.koupelnapro.com\/wp-content\/uploads\/2026\/SK0002860-CZ20260425-091813-0-1777079894-gall_4390d611-191c-48cf-a10c-549d9c24e00f25934-13869-respir.webp","width":420,"height":366},{"@type":"BreadcrumbList","@id":"https:\/\/www.koupelnapro.com\/index.php\/produkt\/respirator-kn95-ffp2-2-ks-bal-overeny-9095\/#breadcrumb","itemListElement":[{"@type":"ListItem","position":1,"name":"Home","item":"https:\/\/www.koupelnapro.com\/"},{"@type":"ListItem","position":2,"name":"Products","item":"https:\/\/www.koupelnapro.com\/index.php\/products\/"},{"@type":"ListItem","position":3,"name":"Respir\u00e1tor KN95 \/ FFP2 &#8211; 2 ks \/ bal. Ov\u011b\u0159en\u00fd"}]},{"@type":"WebSite","@id":"https:\/\/www.koupelnapro.com\/#website","url":"https:\/\/www.koupelnapro.com\/","name":"","description":"","potentialAction":[{"@type":"SearchAction","target":{"@type":"EntryPoint","urlTemplate":"https:\/\/www.koupelnapro.com\/?s={search_term_string}"},"query-input":{"@type":"PropertyValueSpecification","valueRequired":true,"valueName":"search_term_string"}}],"inLanguage":"cs"}]}},"_links":{"self":[{"href":"https:\/\/www.koupelnapro.com\/index.php\/wp-json\/wp\/v2\/product\/9095","targetHints":{"allow":["GET"]}}],"collection":[{"href":"https:\/\/www.koupelnapro.com\/index.php\/wp-json\/wp\/v2\/product"}],"about":[{"href":"https:\/\/www.koupelnapro.com\/index.php\/wp-json\/wp\/v2\/types\/product"}],"replies":[{"embeddable":true,"href":"https:\/\/www.koupelnapro.com\/index.php\/wp-json\/wp\/v2\/comments?post=9095"}],"wp:featuredmedia":[{"embeddable":true,"href":"https:\/\/www.koupelnapro.com\/index.php\/wp-json\/wp\/v2\/media\/9195"}],"wp:attachment":[{"href":"https:\/\/www.koupelnapro.com\/index.php\/wp-json\/wp\/v2\/media?parent=9095"}],"wp:term":[{"taxonomy":"product_brand","embeddable":true,"href":"https:\/\/www.koupelnapro.com\/index.php\/wp-json\/wp\/v2\/product_brand?post=9095"},{"taxonomy":"product_cat","embeddable":true,"href":"https:\/\/www.koupelnapro.com\/index.php\/wp-json\/wp\/v2\/product_cat?post=9095"},{"taxonomy":"product_tag","embeddable":true,"href":"https:\/\/www.koupelnapro.com\/index.php\/wp-json\/wp\/v2\/product_tag?post=9095"}],"curies":[{"name":"wp","href":"https:\/\/api.w.org\/{rel}","templated":true}]}}