{"id":9091,"date":"2026-04-26T09:13:24","date_gmt":"2026-04-26T09:13:24","guid":{"rendered":""},"modified":"2026-04-26T09:13:24","modified_gmt":"2026-04-26T09:13:24","slug":"sekac-na-led-s-nasadou-300-mm-must-have-9091","status":"publish","type":"product","link":"https:\/\/www.koupelnapro.com\/index.php\/produkt\/sekac-na-led-s-nasadou-300-mm-must-have-9091\/","title":{"rendered":"Sek\u00e1\u010d na led s n\u00e1sadou 300 mm Must-Have"},"content":{"rendered":"<div class=\"tmc_edt\">\n<ul>\n<li><font face=\"Segoe UI\">Pou\u017e\u00edv\u00e1 se na <strong>odstran\u011bn\u00ed ledu z chodn\u00edk\u016f a zledovat\u011bl\u00e9 plochy <\/strong>kolem dom\u016f.<\/font><\/li>\n<\/ul><\/div>\n<\/p><\/div>\n","protected":false},"excerpt":{"rendered":"<p>Pou\u017e\u00edv\u00e1 se na odstran\u011bn\u00ed ledu z chodn\u00edk\u016f a zledovat\u011bl\u00e9 plochy kolem dom\u016f.<\/p>\n","protected":false},"featured_media":9191,"comment_status":"open","ping_status":"open","template":"","meta":[],"product_brand":[],"product_cat":[60],"product_tag":[],"class_list":{"0":"post-9091","1":"product","2":"type-product","3":"status-publish","4":"has-post-thumbnail","6":"product_cat-naradi","8":"first","9":"instock","10":"sale","11":"shipping-taxable","12":"purchasable","13":"product-type-simple"},"yoast_head":"<!-- This site is optimized with the Yoast SEO plugin v26.8 - https:\/\/yoast.com\/product\/yoast-seo-wordpress\/ -->\n<title>Sek\u00e1\u010d na led s n\u00e1sadou 300 mm Must-Have -<\/title>\n<meta name=\"robots\" content=\"index, follow, max-snippet:-1, max-image-preview:large, max-video-preview:-1\" \/>\n<link rel=\"canonical\" href=\"https:\/\/www.koupelnapro.com\/index.php\/produkt\/sekac-na-led-s-nasadou-300-mm-must-have-9091\/\" \/>\n<meta property=\"og:locale\" content=\"cs_CZ\" \/>\n<meta property=\"og:type\" content=\"article\" \/>\n<meta property=\"og:title\" content=\"Sek\u00e1\u010d na led s n\u00e1sadou 300 mm Must-Have -\" \/>\n<meta property=\"og:description\" content=\"Pou\u017e\u00edv\u00e1 se na odstran\u011bn\u00ed ledu z chodn\u00edk\u016f a zledovat\u011bl\u00e9 plochy kolem dom\u016f.\" \/>\n<meta property=\"og:url\" content=\"https:\/\/www.koupelnapro.com\/index.php\/produkt\/sekac-na-led-s-nasadou-300-mm-must-have-9091\/\" \/>\n<meta property=\"og:image\" content=\"https:\/\/www.koupelnapro.com\/wp-content\/uploads\/2026\/SK0002856-CZ20260425-091813-0-1777079894-gall_a6c9952b-d6c1-454c-b9e7-c3e10ecffdd824543-653-1-sekac-.webp\" \/>\n\t<meta property=\"og:image:width\" content=\"245\" \/>\n\t<meta property=\"og:image:height\" content=\"400\" \/>\n\t<meta property=\"og:image:type\" content=\"image\/webp\" \/>\n<meta name=\"twitter:card\" content=\"summary_large_image\" \/>\n<script type=\"application\/ld+json\" class=\"yoast-schema-graph\">{\"@context\":\"https:\/\/schema.org\",\"@graph\":[{\"@type\":\"WebPage\",\"@id\":\"https:\/\/www.koupelnapro.com\/index.php\/produkt\/sekac-na-led-s-nasadou-300-mm-must-have-9091\/\",\"url\":\"https:\/\/www.koupelnapro.com\/index.php\/produkt\/sekac-na-led-s-nasadou-300-mm-must-have-9091\/\",\"name\":\"Sek\u00e1\u010d na led s n\u00e1sadou 300 mm Must-Have -\",\"isPartOf\":{\"@id\":\"https:\/\/www.koupelnapro.com\/#website\"},\"primaryImageOfPage\":{\"@id\":\"https:\/\/www.koupelnapro.com\/index.php\/produkt\/sekac-na-led-s-nasadou-300-mm-must-have-9091\/#primaryimage\"},\"image\":{\"@id\":\"https:\/\/www.koupelnapro.com\/index.php\/produkt\/sekac-na-led-s-nasadou-300-mm-must-have-9091\/#primaryimage\"},\"thumbnailUrl\":\"https:\/\/www.koupelnapro.com\/wp-content\/uploads\/2026\/SK0002856-CZ20260425-091813-0-1777079894-gall_a6c9952b-d6c1-454c-b9e7-c3e10ecffdd824543-653-1-sekac-.webp\",\"datePublished\":\"2026-04-26T09:13:24+00:00\",\"breadcrumb\":{\"@id\":\"https:\/\/www.koupelnapro.com\/index.php\/produkt\/sekac-na-led-s-nasadou-300-mm-must-have-9091\/#breadcrumb\"},\"inLanguage\":\"cs\",\"potentialAction\":[{\"@type\":\"ReadAction\",\"target\":[\"https:\/\/www.koupelnapro.com\/index.php\/produkt\/sekac-na-led-s-nasadou-300-mm-must-have-9091\/\"]}]},{\"@type\":\"ImageObject\",\"inLanguage\":\"cs\",\"@id\":\"https:\/\/www.koupelnapro.com\/index.php\/produkt\/sekac-na-led-s-nasadou-300-mm-must-have-9091\/#primaryimage\",\"url\":\"https:\/\/www.koupelnapro.com\/wp-content\/uploads\/2026\/SK0002856-CZ20260425-091813-0-1777079894-gall_a6c9952b-d6c1-454c-b9e7-c3e10ecffdd824543-653-1-sekac-.webp\",\"contentUrl\":\"https:\/\/www.koupelnapro.com\/wp-content\/uploads\/2026\/SK0002856-CZ20260425-091813-0-1777079894-gall_a6c9952b-d6c1-454c-b9e7-c3e10ecffdd824543-653-1-sekac-.webp\",\"width\":245,\"height\":400},{\"@type\":\"BreadcrumbList\",\"@id\":\"https:\/\/www.koupelnapro.com\/index.php\/produkt\/sekac-na-led-s-nasadou-300-mm-must-have-9091\/#breadcrumb\",\"itemListElement\":[{\"@type\":\"ListItem\",\"position\":1,\"name\":\"Home\",\"item\":\"https:\/\/www.koupelnapro.com\/\"},{\"@type\":\"ListItem\",\"position\":2,\"name\":\"Products\",\"item\":\"https:\/\/www.koupelnapro.com\/index.php\/products\/\"},{\"@type\":\"ListItem\",\"position\":3,\"name\":\"Sek\u00e1\u010d na led s n\u00e1sadou 300 mm Must-Have\"}]},{\"@type\":\"WebSite\",\"@id\":\"https:\/\/www.koupelnapro.com\/#website\",\"url\":\"https:\/\/www.koupelnapro.com\/\",\"name\":\"\",\"description\":\"\",\"potentialAction\":[{\"@type\":\"SearchAction\",\"target\":{\"@type\":\"EntryPoint\",\"urlTemplate\":\"https:\/\/www.koupelnapro.com\/?s={search_term_string}\"},\"query-input\":{\"@type\":\"PropertyValueSpecification\",\"valueRequired\":true,\"valueName\":\"search_term_string\"}}],\"inLanguage\":\"cs\"}]}<\/script>\n<!-- \/ Yoast SEO plugin. -->","yoast_head_json":{"title":"Sek\u00e1\u010d na led s n\u00e1sadou 300 mm Must-Have -","robots":{"index":"index","follow":"follow","max-snippet":"max-snippet:-1","max-image-preview":"max-image-preview:large","max-video-preview":"max-video-preview:-1"},"canonical":"https:\/\/www.koupelnapro.com\/index.php\/produkt\/sekac-na-led-s-nasadou-300-mm-must-have-9091\/","og_locale":"cs_CZ","og_type":"article","og_title":"Sek\u00e1\u010d na led s n\u00e1sadou 300 mm Must-Have -","og_description":"Pou\u017e\u00edv\u00e1 se na odstran\u011bn\u00ed ledu z chodn\u00edk\u016f a zledovat\u011bl\u00e9 plochy kolem dom\u016f.","og_url":"https:\/\/www.koupelnapro.com\/index.php\/produkt\/sekac-na-led-s-nasadou-300-mm-must-have-9091\/","og_image":[{"width":245,"height":400,"url":"https:\/\/www.koupelnapro.com\/wp-content\/uploads\/2026\/SK0002856-CZ20260425-091813-0-1777079894-gall_a6c9952b-d6c1-454c-b9e7-c3e10ecffdd824543-653-1-sekac-.webp","type":"image\/webp"}],"twitter_card":"summary_large_image","schema":{"@context":"https:\/\/schema.org","@graph":[{"@type":"WebPage","@id":"https:\/\/www.koupelnapro.com\/index.php\/produkt\/sekac-na-led-s-nasadou-300-mm-must-have-9091\/","url":"https:\/\/www.koupelnapro.com\/index.php\/produkt\/sekac-na-led-s-nasadou-300-mm-must-have-9091\/","name":"Sek\u00e1\u010d na led s n\u00e1sadou 300 mm Must-Have -","isPartOf":{"@id":"https:\/\/www.koupelnapro.com\/#website"},"primaryImageOfPage":{"@id":"https:\/\/www.koupelnapro.com\/index.php\/produkt\/sekac-na-led-s-nasadou-300-mm-must-have-9091\/#primaryimage"},"image":{"@id":"https:\/\/www.koupelnapro.com\/index.php\/produkt\/sekac-na-led-s-nasadou-300-mm-must-have-9091\/#primaryimage"},"thumbnailUrl":"https:\/\/www.koupelnapro.com\/wp-content\/uploads\/2026\/SK0002856-CZ20260425-091813-0-1777079894-gall_a6c9952b-d6c1-454c-b9e7-c3e10ecffdd824543-653-1-sekac-.webp","datePublished":"2026-04-26T09:13:24+00:00","breadcrumb":{"@id":"https:\/\/www.koupelnapro.com\/index.php\/produkt\/sekac-na-led-s-nasadou-300-mm-must-have-9091\/#breadcrumb"},"inLanguage":"cs","potentialAction":[{"@type":"ReadAction","target":["https:\/\/www.koupelnapro.com\/index.php\/produkt\/sekac-na-led-s-nasadou-300-mm-must-have-9091\/"]}]},{"@type":"ImageObject","inLanguage":"cs","@id":"https:\/\/www.koupelnapro.com\/index.php\/produkt\/sekac-na-led-s-nasadou-300-mm-must-have-9091\/#primaryimage","url":"https:\/\/www.koupelnapro.com\/wp-content\/uploads\/2026\/SK0002856-CZ20260425-091813-0-1777079894-gall_a6c9952b-d6c1-454c-b9e7-c3e10ecffdd824543-653-1-sekac-.webp","contentUrl":"https:\/\/www.koupelnapro.com\/wp-content\/uploads\/2026\/SK0002856-CZ20260425-091813-0-1777079894-gall_a6c9952b-d6c1-454c-b9e7-c3e10ecffdd824543-653-1-sekac-.webp","width":245,"height":400},{"@type":"BreadcrumbList","@id":"https:\/\/www.koupelnapro.com\/index.php\/produkt\/sekac-na-led-s-nasadou-300-mm-must-have-9091\/#breadcrumb","itemListElement":[{"@type":"ListItem","position":1,"name":"Home","item":"https:\/\/www.koupelnapro.com\/"},{"@type":"ListItem","position":2,"name":"Products","item":"https:\/\/www.koupelnapro.com\/index.php\/products\/"},{"@type":"ListItem","position":3,"name":"Sek\u00e1\u010d na led s n\u00e1sadou 300 mm Must-Have"}]},{"@type":"WebSite","@id":"https:\/\/www.koupelnapro.com\/#website","url":"https:\/\/www.koupelnapro.com\/","name":"","description":"","potentialAction":[{"@type":"SearchAction","target":{"@type":"EntryPoint","urlTemplate":"https:\/\/www.koupelnapro.com\/?s={search_term_string}"},"query-input":{"@type":"PropertyValueSpecification","valueRequired":true,"valueName":"search_term_string"}}],"inLanguage":"cs"}]}},"_links":{"self":[{"href":"https:\/\/www.koupelnapro.com\/index.php\/wp-json\/wp\/v2\/product\/9091","targetHints":{"allow":["GET"]}}],"collection":[{"href":"https:\/\/www.koupelnapro.com\/index.php\/wp-json\/wp\/v2\/product"}],"about":[{"href":"https:\/\/www.koupelnapro.com\/index.php\/wp-json\/wp\/v2\/types\/product"}],"replies":[{"embeddable":true,"href":"https:\/\/www.koupelnapro.com\/index.php\/wp-json\/wp\/v2\/comments?post=9091"}],"wp:featuredmedia":[{"embeddable":true,"href":"https:\/\/www.koupelnapro.com\/index.php\/wp-json\/wp\/v2\/media\/9191"}],"wp:attachment":[{"href":"https:\/\/www.koupelnapro.com\/index.php\/wp-json\/wp\/v2\/media?parent=9091"}],"wp:term":[{"taxonomy":"product_brand","embeddable":true,"href":"https:\/\/www.koupelnapro.com\/index.php\/wp-json\/wp\/v2\/product_brand?post=9091"},{"taxonomy":"product_cat","embeddable":true,"href":"https:\/\/www.koupelnapro.com\/index.php\/wp-json\/wp\/v2\/product_cat?post=9091"},{"taxonomy":"product_tag","embeddable":true,"href":"https:\/\/www.koupelnapro.com\/index.php\/wp-json\/wp\/v2\/product_tag?post=9091"}],"curies":[{"name":"wp","href":"https:\/\/api.w.org\/{rel}","templated":true}]}}