{"id":8983,"date":"2026-04-26T09:13:23","date_gmt":"2026-04-26T09:13:23","guid":{"rendered":""},"modified":"2026-04-26T09:13:23","modified_gmt":"2026-04-26T09:13:23","slug":"fischer-plastova-kotva-fsa-8-65-x-114-mm-s-m6-baleni-50-ks-must-have-8983","status":"publish","type":"product","link":"https:\/\/www.koupelnapro.com\/index.php\/produkt\/fischer-plastova-kotva-fsa-8-65-x-114-mm-s-m6-baleni-50-ks-must-have-8983\/","title":{"rendered":"Fischer Pl\u00e1\u0161\u0165ov\u00e1 kotva FSA 8\/65 x 114 mm S M6 (balen\u00ed 50 ks) Must-Have"},"content":{"rendered":"<div class=\"tmc_edt\">                        <font face=\"Segoe UI\"><\/p>\n<p><font face=\"Segoe UI\">Kotva se \u0161roubem se \u0161estihrannou hlavou pro pr\u016fvle\u010dnou mont\u00e1\u017e konstruk\u010dn\u00edho kotven\u00ed do betonu bez trhlin. <\/font><\/p>\n<p><font face=\"Segoe UI\">Fischer pl\u00e1\u0161\u0165ov\u00e1 kotva FSA-S je <strong>galvanicky zinkovan\u00e1 ocelov\u00e1 kotva<\/strong> se \u0161estihrann\u00fdm \u0161roubem pro konstruk\u010dn\u00ed kotven\u00ed. Aplikuje se pr\u016fvle\u010dnou mont\u00e1\u017e\u00ed. P\u0159i utahov\u00e1n\u00ed \u0161roubu je ku\u017eel vtahov\u00e1n do rozp\u011brn\u00e9ho pl\u00e1\u0161t\u011b a zap\u0159e jej o st\u011bnu vyvrtan\u00e9ho otvoru. Perforace funguje jako deforma\u010dn\u00ed z\u00f3na pro absorbov\u00e1n\u00ed posuvu p\u0159i utahov\u00e1n\u00ed. T\u00edm je kotven\u00fd p\u0159edm\u011bt p\u0159itahov\u00e1n ke kotevn\u00edmu podkladu. FSA-B je vhodn\u00e1 k upevn\u011bn\u00ed bez vy\u0161\u0161\u00edch n\u00e1rok\u016f na bezpe\u010dnost, nap\u0159. konzol\u00ed, z\u00e1bradl\u00ed \u010di kabelov\u00fdch tras.<\/font><\/p>\n<ul>\n<li><font face=\"Segoe UI\">Optim\u00e1ln\u00ed tvar <strong>minimalizuje<\/strong> energii pot\u0159ebnou pro osazen\u00ed a t\u00edm umo\u017e\u0148uje pou\u017eit\u00ed i v prostorov\u011b st\u00edsn\u011bn\u00fdch podm\u00ednk\u00e1ch. T\u00edm je zaji\u0161t\u011bna u\u017eivatelsky <strong>p\u0159\u00edv\u011btiv\u00e1 mont\u00e1\u017e.<\/strong><\/font><\/li>\n<li><font face=\"Segoe UI\">Konstrukce kotvy umo\u017e\u0148uje pou\u017eit\u00ed r\u016fzn\u00fdch tvar\u016f hlav pro flexibiln\u00ed mo\u017enosti designu: \u0160estihrann\u00e1 hlava (typ S), verze se \u0161roubem, matic\u00ed a podlo\u017ekou (typ B).<\/font><\/li>\n<li><font face=\"Segoe UI\">Demontovateln\u00fd \u0161roubov\u00fd spoj umo\u017e\u0148uje demont\u00e1\u017e z l\u00edce povrchu.<\/font><\/li>\n<\/ul>\n<p><font face=\"Segoe UI\"><strong>Aplikace:<\/strong> <\/font><\/p>\n<ul>\n<li><font face=\"Segoe UI\">Madla<\/font><\/li>\n<li><font face=\"Segoe UI\">Konzoly<\/font><\/li>\n<li><font face=\"Segoe UI\">\u017deb\u0159\u00edky<\/font><\/li>\n<li><font face=\"Segoe UI\">Kabelov\u00e9 trasy<\/font><\/li>\n<li><font face=\"Segoe UI\">Vrata<\/font><\/li>\n<li><font face=\"Segoe UI\">Fas\u00e1dy<\/font><\/li>\n<li><font face=\"Segoe UI\">Do\u010dasn\u00e9 nebo konstruk\u010dn\u00ed upevn\u011bn\u00ed<\/font><\/li>\n<\/ul>\n<p><font face=\"Segoe UI\"><strong>Stavebn\u00ed materi\u00e1ly:<\/strong> <\/font><\/p>\n<p><font face=\"Segoe UI\"><strong><em>Vhodn\u00e9 pro:<\/em><\/strong><\/font><\/p>\n<ul>\n<li><font face=\"Segoe UI\">Beton C12\/15 a\u017e C20\/25, tla\u010den\u00e1 z\u00f3na<\/font><\/li>\n<li><font face=\"Segoe UI\">P\u0159\u00edrodn\u00ed k\u00e1men s celistvou strukturou<\/font><\/li>\n<\/ul>\n<p><font face=\"Segoe UI\"><strong>N\u00e1vod k mont\u00e1\u017ei:<\/strong><\/font><\/p>\n<ul>\n<li><font face=\"Segoe UI\">Kotva FSA <strong>je vhodn\u00e1<\/strong> pro pr\u016fvle\u010dnou mont\u00e1\u017e.<\/font><\/li>\n<li><font face=\"Segoe UI\">P\u0159i p\u016fsoben\u00ed utahovac\u00edho momentu dojde ke vta\u017een\u00ed ku\u017eelu do rozp\u011brn\u00e9ho pouzdra a t\u00edm dojde k ukotven\u00ed do st\u011bny otvoru.<\/font><\/li>\n<li><font face=\"Segoe UI\">Otvory ve tvaru p\u016flm\u011bs\u00edce po stran\u00e1ch <strong>pln\u00ed funkce pojistky<\/strong> proti proto\u010den\u00ed a deforma\u010dn\u00ed z\u00f3ny, kter\u00e1 napom\u00e1h\u00e1 pevn\u00e9mu p\u0159ita\u017een\u00ed kotven\u00e9ho p\u0159edm\u011btu k podkladu.<\/font><\/li>\n<\/ul>\n<p><\/font><\/p>\n<p><\/p>\n<\/p><\/div>\n<\/p><\/div>\n","protected":false},"excerpt":{"rendered":"<p>Kotva se \u0161roubem se \u0161estihrannou hlavou pro pr\u016fvle\u010dnou mont\u00e1\u017e konstruk\u010dn\u00edho kotven\u00ed do betonu bez trhlin. Fischer pl\u00e1\u0161\u0165ov\u00e1 kotva FSA-S je galvanicky zinkovan\u00e1 ocelov\u00e1 kotva se \u0161estihrann\u00fdm \u0161roubem pro konstruk\u010dn\u00ed kotven\u00ed. Aplikuje se pr\u016fvle\u010dnou mont\u00e1\u017e\u00ed. P\u0159i utahov\u00e1n\u00ed \u0161roubu je ku\u017eel vtahov\u00e1n do rozp\u011brn\u00e9ho pl\u00e1\u0161t\u011b a zap\u0159e jej o st\u011bnu vyvrtan\u00e9ho otvoru. Perforace funguje jako deforma\u010dn\u00ed z\u00f3na [&hellip;]<\/p>\n","protected":false},"featured_media":9083,"comment_status":"open","ping_status":"open","template":"","meta":[],"product_brand":[],"product_cat":[51],"product_tag":[],"class_list":{"0":"post-8983","1":"product","2":"type-product","3":"status-publish","4":"has-post-thumbnail","6":"product_cat-spojovaci-material","8":"first","9":"instock","10":"sale","11":"shipping-taxable","12":"purchasable","13":"product-type-simple"},"yoast_head":"<!-- This site is optimized with the Yoast SEO plugin v26.8 - https:\/\/yoast.com\/product\/yoast-seo-wordpress\/ -->\n<title>Fischer Pl\u00e1\u0161\u0165ov\u00e1 kotva FSA 8\/65 x 114 mm S M6 (balen\u00ed 50 ks) Must-Have -<\/title>\n<meta name=\"robots\" content=\"index, follow, max-snippet:-1, max-image-preview:large, max-video-preview:-1\" \/>\n<link rel=\"canonical\" href=\"https:\/\/www.koupelnapro.com\/index.php\/produkt\/fischer-plastova-kotva-fsa-8-65-x-114-mm-s-m6-baleni-50-ks-must-have-8983\/\" \/>\n<meta property=\"og:locale\" content=\"cs_CZ\" \/>\n<meta property=\"og:type\" content=\"article\" \/>\n<meta property=\"og:title\" content=\"Fischer Pl\u00e1\u0161\u0165ov\u00e1 kotva FSA 8\/65 x 114 mm S M6 (balen\u00ed 50 ks) Must-Have -\" \/>\n<meta property=\"og:description\" content=\"Kotva se \u0161roubem se \u0161estihrannou hlavou pro pr\u016fvle\u010dnou mont\u00e1\u017e konstruk\u010dn\u00edho kotven\u00ed do betonu bez trhlin. Fischer pl\u00e1\u0161\u0165ov\u00e1 kotva FSA-S je galvanicky zinkovan\u00e1 ocelov\u00e1 kotva se \u0161estihrann\u00fdm \u0161roubem pro konstruk\u010dn\u00ed kotven\u00ed. Aplikuje se pr\u016fvle\u010dnou mont\u00e1\u017e\u00ed. P\u0159i utahov\u00e1n\u00ed \u0161roubu je ku\u017eel vtahov\u00e1n do rozp\u011brn\u00e9ho pl\u00e1\u0161t\u011b a zap\u0159e jej o st\u011bnu vyvrtan\u00e9ho otvoru. Perforace funguje jako deforma\u010dn\u00ed z\u00f3na [&hellip;]\" \/>\n<meta property=\"og:url\" content=\"https:\/\/www.koupelnapro.com\/index.php\/produkt\/fischer-plastova-kotva-fsa-8-65-x-114-mm-s-m6-baleni-50-ks-must-have-8983\/\" \/>\n<meta property=\"og:image\" content=\"https:\/\/www.koupelnapro.com\/wp-content\/uploads\/2026\/SK0002848-CZ20260425-091813-0-1777079894-gall_29146e4e-345e-492b-9d50-10a0e7bb3c6424464-fischer-plas.webp\" \/>\n\t<meta property=\"og:image:width\" content=\"400\" \/>\n\t<meta property=\"og:image:height\" content=\"106\" \/>\n\t<meta property=\"og:image:type\" content=\"image\/webp\" \/>\n<meta name=\"twitter:card\" content=\"summary_large_image\" \/>\n<meta name=\"twitter:label1\" content=\"Odhadovan\u00e1 doba \u010dten\u00ed\" \/>\n\t<meta name=\"twitter:data1\" content=\"2 minuty\" \/>\n<script type=\"application\/ld+json\" class=\"yoast-schema-graph\">{\"@context\":\"https:\/\/schema.org\",\"@graph\":[{\"@type\":\"WebPage\",\"@id\":\"https:\/\/www.koupelnapro.com\/index.php\/produkt\/fischer-plastova-kotva-fsa-8-65-x-114-mm-s-m6-baleni-50-ks-must-have-8983\/\",\"url\":\"https:\/\/www.koupelnapro.com\/index.php\/produkt\/fischer-plastova-kotva-fsa-8-65-x-114-mm-s-m6-baleni-50-ks-must-have-8983\/\",\"name\":\"Fischer Pl\u00e1\u0161\u0165ov\u00e1 kotva FSA 8\/65 x 114 mm S M6 (balen\u00ed 50 ks) Must-Have -\",\"isPartOf\":{\"@id\":\"https:\/\/www.koupelnapro.com\/#website\"},\"primaryImageOfPage\":{\"@id\":\"https:\/\/www.koupelnapro.com\/index.php\/produkt\/fischer-plastova-kotva-fsa-8-65-x-114-mm-s-m6-baleni-50-ks-must-have-8983\/#primaryimage\"},\"image\":{\"@id\":\"https:\/\/www.koupelnapro.com\/index.php\/produkt\/fischer-plastova-kotva-fsa-8-65-x-114-mm-s-m6-baleni-50-ks-must-have-8983\/#primaryimage\"},\"thumbnailUrl\":\"https:\/\/www.koupelnapro.com\/wp-content\/uploads\/2026\/SK0002848-CZ20260425-091813-0-1777079894-gall_29146e4e-345e-492b-9d50-10a0e7bb3c6424464-fischer-plas.webp\",\"datePublished\":\"2026-04-26T09:13:23+00:00\",\"breadcrumb\":{\"@id\":\"https:\/\/www.koupelnapro.com\/index.php\/produkt\/fischer-plastova-kotva-fsa-8-65-x-114-mm-s-m6-baleni-50-ks-must-have-8983\/#breadcrumb\"},\"inLanguage\":\"cs\",\"potentialAction\":[{\"@type\":\"ReadAction\",\"target\":[\"https:\/\/www.koupelnapro.com\/index.php\/produkt\/fischer-plastova-kotva-fsa-8-65-x-114-mm-s-m6-baleni-50-ks-must-have-8983\/\"]}]},{\"@type\":\"ImageObject\",\"inLanguage\":\"cs\",\"@id\":\"https:\/\/www.koupelnapro.com\/index.php\/produkt\/fischer-plastova-kotva-fsa-8-65-x-114-mm-s-m6-baleni-50-ks-must-have-8983\/#primaryimage\",\"url\":\"https:\/\/www.koupelnapro.com\/wp-content\/uploads\/2026\/SK0002848-CZ20260425-091813-0-1777079894-gall_29146e4e-345e-492b-9d50-10a0e7bb3c6424464-fischer-plas.webp\",\"contentUrl\":\"https:\/\/www.koupelnapro.com\/wp-content\/uploads\/2026\/SK0002848-CZ20260425-091813-0-1777079894-gall_29146e4e-345e-492b-9d50-10a0e7bb3c6424464-fischer-plas.webp\",\"width\":400,\"height\":106},{\"@type\":\"BreadcrumbList\",\"@id\":\"https:\/\/www.koupelnapro.com\/index.php\/produkt\/fischer-plastova-kotva-fsa-8-65-x-114-mm-s-m6-baleni-50-ks-must-have-8983\/#breadcrumb\",\"itemListElement\":[{\"@type\":\"ListItem\",\"position\":1,\"name\":\"Home\",\"item\":\"https:\/\/www.koupelnapro.com\/\"},{\"@type\":\"ListItem\",\"position\":2,\"name\":\"Products\",\"item\":\"https:\/\/www.koupelnapro.com\/index.php\/products\/\"},{\"@type\":\"ListItem\",\"position\":3,\"name\":\"Fischer Pl\u00e1\u0161\u0165ov\u00e1 kotva FSA 8\/65 x 114 mm S M6 (balen\u00ed 50 ks) Must-Have\"}]},{\"@type\":\"WebSite\",\"@id\":\"https:\/\/www.koupelnapro.com\/#website\",\"url\":\"https:\/\/www.koupelnapro.com\/\",\"name\":\"\",\"description\":\"\",\"potentialAction\":[{\"@type\":\"SearchAction\",\"target\":{\"@type\":\"EntryPoint\",\"urlTemplate\":\"https:\/\/www.koupelnapro.com\/?s={search_term_string}\"},\"query-input\":{\"@type\":\"PropertyValueSpecification\",\"valueRequired\":true,\"valueName\":\"search_term_string\"}}],\"inLanguage\":\"cs\"}]}<\/script>\n<!-- \/ Yoast SEO plugin. -->","yoast_head_json":{"title":"Fischer Pl\u00e1\u0161\u0165ov\u00e1 kotva FSA 8\/65 x 114 mm S M6 (balen\u00ed 50 ks) Must-Have -","robots":{"index":"index","follow":"follow","max-snippet":"max-snippet:-1","max-image-preview":"max-image-preview:large","max-video-preview":"max-video-preview:-1"},"canonical":"https:\/\/www.koupelnapro.com\/index.php\/produkt\/fischer-plastova-kotva-fsa-8-65-x-114-mm-s-m6-baleni-50-ks-must-have-8983\/","og_locale":"cs_CZ","og_type":"article","og_title":"Fischer Pl\u00e1\u0161\u0165ov\u00e1 kotva FSA 8\/65 x 114 mm S M6 (balen\u00ed 50 ks) Must-Have -","og_description":"Kotva se \u0161roubem se \u0161estihrannou hlavou pro pr\u016fvle\u010dnou mont\u00e1\u017e konstruk\u010dn\u00edho kotven\u00ed do betonu bez trhlin. Fischer pl\u00e1\u0161\u0165ov\u00e1 kotva FSA-S je galvanicky zinkovan\u00e1 ocelov\u00e1 kotva se \u0161estihrann\u00fdm \u0161roubem pro konstruk\u010dn\u00ed kotven\u00ed. Aplikuje se pr\u016fvle\u010dnou mont\u00e1\u017e\u00ed. P\u0159i utahov\u00e1n\u00ed \u0161roubu je ku\u017eel vtahov\u00e1n do rozp\u011brn\u00e9ho pl\u00e1\u0161t\u011b a zap\u0159e jej o st\u011bnu vyvrtan\u00e9ho otvoru. Perforace funguje jako deforma\u010dn\u00ed z\u00f3na [&hellip;]","og_url":"https:\/\/www.koupelnapro.com\/index.php\/produkt\/fischer-plastova-kotva-fsa-8-65-x-114-mm-s-m6-baleni-50-ks-must-have-8983\/","og_image":[{"width":400,"height":106,"url":"https:\/\/www.koupelnapro.com\/wp-content\/uploads\/2026\/SK0002848-CZ20260425-091813-0-1777079894-gall_29146e4e-345e-492b-9d50-10a0e7bb3c6424464-fischer-plas.webp","type":"image\/webp"}],"twitter_card":"summary_large_image","twitter_misc":{"Odhadovan\u00e1 doba \u010dten\u00ed":"2 minuty"},"schema":{"@context":"https:\/\/schema.org","@graph":[{"@type":"WebPage","@id":"https:\/\/www.koupelnapro.com\/index.php\/produkt\/fischer-plastova-kotva-fsa-8-65-x-114-mm-s-m6-baleni-50-ks-must-have-8983\/","url":"https:\/\/www.koupelnapro.com\/index.php\/produkt\/fischer-plastova-kotva-fsa-8-65-x-114-mm-s-m6-baleni-50-ks-must-have-8983\/","name":"Fischer Pl\u00e1\u0161\u0165ov\u00e1 kotva FSA 8\/65 x 114 mm S M6 (balen\u00ed 50 ks) Must-Have -","isPartOf":{"@id":"https:\/\/www.koupelnapro.com\/#website"},"primaryImageOfPage":{"@id":"https:\/\/www.koupelnapro.com\/index.php\/produkt\/fischer-plastova-kotva-fsa-8-65-x-114-mm-s-m6-baleni-50-ks-must-have-8983\/#primaryimage"},"image":{"@id":"https:\/\/www.koupelnapro.com\/index.php\/produkt\/fischer-plastova-kotva-fsa-8-65-x-114-mm-s-m6-baleni-50-ks-must-have-8983\/#primaryimage"},"thumbnailUrl":"https:\/\/www.koupelnapro.com\/wp-content\/uploads\/2026\/SK0002848-CZ20260425-091813-0-1777079894-gall_29146e4e-345e-492b-9d50-10a0e7bb3c6424464-fischer-plas.webp","datePublished":"2026-04-26T09:13:23+00:00","breadcrumb":{"@id":"https:\/\/www.koupelnapro.com\/index.php\/produkt\/fischer-plastova-kotva-fsa-8-65-x-114-mm-s-m6-baleni-50-ks-must-have-8983\/#breadcrumb"},"inLanguage":"cs","potentialAction":[{"@type":"ReadAction","target":["https:\/\/www.koupelnapro.com\/index.php\/produkt\/fischer-plastova-kotva-fsa-8-65-x-114-mm-s-m6-baleni-50-ks-must-have-8983\/"]}]},{"@type":"ImageObject","inLanguage":"cs","@id":"https:\/\/www.koupelnapro.com\/index.php\/produkt\/fischer-plastova-kotva-fsa-8-65-x-114-mm-s-m6-baleni-50-ks-must-have-8983\/#primaryimage","url":"https:\/\/www.koupelnapro.com\/wp-content\/uploads\/2026\/SK0002848-CZ20260425-091813-0-1777079894-gall_29146e4e-345e-492b-9d50-10a0e7bb3c6424464-fischer-plas.webp","contentUrl":"https:\/\/www.koupelnapro.com\/wp-content\/uploads\/2026\/SK0002848-CZ20260425-091813-0-1777079894-gall_29146e4e-345e-492b-9d50-10a0e7bb3c6424464-fischer-plas.webp","width":400,"height":106},{"@type":"BreadcrumbList","@id":"https:\/\/www.koupelnapro.com\/index.php\/produkt\/fischer-plastova-kotva-fsa-8-65-x-114-mm-s-m6-baleni-50-ks-must-have-8983\/#breadcrumb","itemListElement":[{"@type":"ListItem","position":1,"name":"Home","item":"https:\/\/www.koupelnapro.com\/"},{"@type":"ListItem","position":2,"name":"Products","item":"https:\/\/www.koupelnapro.com\/index.php\/products\/"},{"@type":"ListItem","position":3,"name":"Fischer Pl\u00e1\u0161\u0165ov\u00e1 kotva FSA 8\/65 x 114 mm S M6 (balen\u00ed 50 ks) Must-Have"}]},{"@type":"WebSite","@id":"https:\/\/www.koupelnapro.com\/#website","url":"https:\/\/www.koupelnapro.com\/","name":"","description":"","potentialAction":[{"@type":"SearchAction","target":{"@type":"EntryPoint","urlTemplate":"https:\/\/www.koupelnapro.com\/?s={search_term_string}"},"query-input":{"@type":"PropertyValueSpecification","valueRequired":true,"valueName":"search_term_string"}}],"inLanguage":"cs"}]}},"_links":{"self":[{"href":"https:\/\/www.koupelnapro.com\/index.php\/wp-json\/wp\/v2\/product\/8983","targetHints":{"allow":["GET"]}}],"collection":[{"href":"https:\/\/www.koupelnapro.com\/index.php\/wp-json\/wp\/v2\/product"}],"about":[{"href":"https:\/\/www.koupelnapro.com\/index.php\/wp-json\/wp\/v2\/types\/product"}],"replies":[{"embeddable":true,"href":"https:\/\/www.koupelnapro.com\/index.php\/wp-json\/wp\/v2\/comments?post=8983"}],"wp:featuredmedia":[{"embeddable":true,"href":"https:\/\/www.koupelnapro.com\/index.php\/wp-json\/wp\/v2\/media\/9083"}],"wp:attachment":[{"href":"https:\/\/www.koupelnapro.com\/index.php\/wp-json\/wp\/v2\/media?parent=8983"}],"wp:term":[{"taxonomy":"product_brand","embeddable":true,"href":"https:\/\/www.koupelnapro.com\/index.php\/wp-json\/wp\/v2\/product_brand?post=8983"},{"taxonomy":"product_cat","embeddable":true,"href":"https:\/\/www.koupelnapro.com\/index.php\/wp-json\/wp\/v2\/product_cat?post=8983"},{"taxonomy":"product_tag","embeddable":true,"href":"https:\/\/www.koupelnapro.com\/index.php\/wp-json\/wp\/v2\/product_tag?post=8983"}],"curies":[{"name":"wp","href":"https:\/\/api.w.org\/{rel}","templated":true}]}}