{"id":8979,"date":"2026-04-26T09:13:23","date_gmt":"2026-04-26T09:13:23","guid":{"rendered":""},"modified":"2026-04-26T09:13:23","modified_gmt":"2026-04-26T09:13:23","slug":"primalex-standard-7-5-kg-aktualni-8979","status":"publish","type":"product","link":"https:\/\/www.koupelnapro.com\/index.php\/produkt\/primalex-standard-7-5-kg-aktualni-8979\/","title":{"rendered":"Primalex STANDARD 7,5 kg Aktu\u00e1ln\u00ed"},"content":{"rendered":"<div class=\"tmc_edt\">\n<p style=\"margin: 0cm 0cm 0pt;\"><font face=\"Segoe UI\"><strong>Vhodn\u00fd<\/strong> pro malov\u00e1n\u00ed miner\u00e1ln\u00edch povrch\u016f ve st\u0159edn\u011b zat\u011b\u017eovan\u00fdch interi\u00e9rech nap\u0159. st\u011bn a strop\u016f lo\u017enic, ob\u00fdvac\u00edch pokoj\u016f \u010di chodeb, ale tak\u00e9 kancel\u00e1\u0159\u00ed, \u0161kol nebo dal\u0161\u00edch komer\u010dn\u00edch objekt\u016f.<!--?xml:namespace prefix = \"o\" ns = \"urn:schemas-microsoft-com:office:office\" \/--><\/font><\/p>\n<p><font face=\"Segoe UI\"><\/font><\/p>\n<p><strong><font color=\"#ff8000\" face=\"Segoe UI\" size=\"3\">V\u00fdpo\u010det mno\u017estv\u00ed barvy<\/font><\/strong><\/p>\n<\/p><\/div>\n<\/p><\/div>\n","protected":false},"excerpt":{"rendered":"<p>Vhodn\u00fd pro malov\u00e1n\u00ed miner\u00e1ln\u00edch povrch\u016f ve st\u0159edn\u011b zat\u011b\u017eovan\u00fdch interi\u00e9rech nap\u0159. st\u011bn a strop\u016f lo\u017enic, ob\u00fdvac\u00edch pokoj\u016f \u010di chodeb, ale tak\u00e9 kancel\u00e1\u0159\u00ed, \u0161kol nebo dal\u0161\u00edch komer\u010dn\u00edch objekt\u016f. V\u00fdpo\u010det mno\u017estv\u00ed barvy<\/p>\n","protected":false},"featured_media":9079,"comment_status":"open","ping_status":"open","template":"","meta":[],"product_brand":[],"product_cat":[62],"product_tag":[],"class_list":{"0":"post-8979","1":"product","2":"type-product","3":"status-publish","4":"has-post-thumbnail","6":"product_cat-stavebni-chemie","8":"first","9":"instock","10":"sale","11":"shipping-taxable","12":"purchasable","13":"product-type-simple"},"yoast_head":"<!-- This site is optimized with the Yoast SEO plugin v26.8 - https:\/\/yoast.com\/product\/yoast-seo-wordpress\/ -->\n<title>Primalex STANDARD 7,5 kg Aktu\u00e1ln\u00ed -<\/title>\n<meta name=\"robots\" content=\"index, follow, max-snippet:-1, max-image-preview:large, max-video-preview:-1\" \/>\n<link rel=\"canonical\" href=\"https:\/\/www.koupelnapro.com\/index.php\/produkt\/primalex-standard-7-5-kg-aktualni-8979\/\" \/>\n<meta property=\"og:locale\" content=\"cs_CZ\" \/>\n<meta property=\"og:type\" content=\"article\" \/>\n<meta property=\"og:title\" content=\"Primalex STANDARD 7,5 kg Aktu\u00e1ln\u00ed -\" \/>\n<meta property=\"og:description\" content=\"Vhodn\u00fd pro malov\u00e1n\u00ed miner\u00e1ln\u00edch povrch\u016f ve st\u0159edn\u011b zat\u011b\u017eovan\u00fdch interi\u00e9rech nap\u0159. st\u011bn a strop\u016f lo\u017enic, ob\u00fdvac\u00edch pokoj\u016f \u010di chodeb, ale tak\u00e9 kancel\u00e1\u0159\u00ed, \u0161kol nebo dal\u0161\u00edch komer\u010dn\u00edch objekt\u016f. V\u00fdpo\u010det mno\u017estv\u00ed barvy\" \/>\n<meta property=\"og:url\" content=\"https:\/\/www.koupelnapro.com\/index.php\/produkt\/primalex-standard-7-5-kg-aktualni-8979\/\" \/>\n<meta property=\"og:image\" content=\"https:\/\/www.koupelnapro.com\/wp-content\/uploads\/2026\/SK0002844-CZ20260425-091813-0-1777079894-gall_6bc7a0a4-22e3-49fc-86db-b2885a59726f23580-primalex-sta.webp\" \/>\n\t<meta property=\"og:image:width\" content=\"410\" \/>\n\t<meta property=\"og:image:height\" content=\"300\" \/>\n\t<meta property=\"og:image:type\" content=\"image\/webp\" \/>\n<meta name=\"twitter:card\" content=\"summary_large_image\" \/>\n<script type=\"application\/ld+json\" class=\"yoast-schema-graph\">{\"@context\":\"https:\/\/schema.org\",\"@graph\":[{\"@type\":\"WebPage\",\"@id\":\"https:\/\/www.koupelnapro.com\/index.php\/produkt\/primalex-standard-7-5-kg-aktualni-8979\/\",\"url\":\"https:\/\/www.koupelnapro.com\/index.php\/produkt\/primalex-standard-7-5-kg-aktualni-8979\/\",\"name\":\"Primalex STANDARD 7,5 kg Aktu\u00e1ln\u00ed -\",\"isPartOf\":{\"@id\":\"https:\/\/www.koupelnapro.com\/#website\"},\"primaryImageOfPage\":{\"@id\":\"https:\/\/www.koupelnapro.com\/index.php\/produkt\/primalex-standard-7-5-kg-aktualni-8979\/#primaryimage\"},\"image\":{\"@id\":\"https:\/\/www.koupelnapro.com\/index.php\/produkt\/primalex-standard-7-5-kg-aktualni-8979\/#primaryimage\"},\"thumbnailUrl\":\"https:\/\/www.koupelnapro.com\/wp-content\/uploads\/2026\/SK0002844-CZ20260425-091813-0-1777079894-gall_6bc7a0a4-22e3-49fc-86db-b2885a59726f23580-primalex-sta.webp\",\"datePublished\":\"2026-04-26T09:13:23+00:00\",\"breadcrumb\":{\"@id\":\"https:\/\/www.koupelnapro.com\/index.php\/produkt\/primalex-standard-7-5-kg-aktualni-8979\/#breadcrumb\"},\"inLanguage\":\"cs\",\"potentialAction\":[{\"@type\":\"ReadAction\",\"target\":[\"https:\/\/www.koupelnapro.com\/index.php\/produkt\/primalex-standard-7-5-kg-aktualni-8979\/\"]}]},{\"@type\":\"ImageObject\",\"inLanguage\":\"cs\",\"@id\":\"https:\/\/www.koupelnapro.com\/index.php\/produkt\/primalex-standard-7-5-kg-aktualni-8979\/#primaryimage\",\"url\":\"https:\/\/www.koupelnapro.com\/wp-content\/uploads\/2026\/SK0002844-CZ20260425-091813-0-1777079894-gall_6bc7a0a4-22e3-49fc-86db-b2885a59726f23580-primalex-sta.webp\",\"contentUrl\":\"https:\/\/www.koupelnapro.com\/wp-content\/uploads\/2026\/SK0002844-CZ20260425-091813-0-1777079894-gall_6bc7a0a4-22e3-49fc-86db-b2885a59726f23580-primalex-sta.webp\",\"width\":410,\"height\":300},{\"@type\":\"BreadcrumbList\",\"@id\":\"https:\/\/www.koupelnapro.com\/index.php\/produkt\/primalex-standard-7-5-kg-aktualni-8979\/#breadcrumb\",\"itemListElement\":[{\"@type\":\"ListItem\",\"position\":1,\"name\":\"Home\",\"item\":\"https:\/\/www.koupelnapro.com\/\"},{\"@type\":\"ListItem\",\"position\":2,\"name\":\"Products\",\"item\":\"https:\/\/www.koupelnapro.com\/index.php\/products\/\"},{\"@type\":\"ListItem\",\"position\":3,\"name\":\"Primalex STANDARD 7,5 kg Aktu\u00e1ln\u00ed\"}]},{\"@type\":\"WebSite\",\"@id\":\"https:\/\/www.koupelnapro.com\/#website\",\"url\":\"https:\/\/www.koupelnapro.com\/\",\"name\":\"\",\"description\":\"\",\"potentialAction\":[{\"@type\":\"SearchAction\",\"target\":{\"@type\":\"EntryPoint\",\"urlTemplate\":\"https:\/\/www.koupelnapro.com\/?s={search_term_string}\"},\"query-input\":{\"@type\":\"PropertyValueSpecification\",\"valueRequired\":true,\"valueName\":\"search_term_string\"}}],\"inLanguage\":\"cs\"}]}<\/script>\n<!-- \/ Yoast SEO plugin. -->","yoast_head_json":{"title":"Primalex STANDARD 7,5 kg Aktu\u00e1ln\u00ed -","robots":{"index":"index","follow":"follow","max-snippet":"max-snippet:-1","max-image-preview":"max-image-preview:large","max-video-preview":"max-video-preview:-1"},"canonical":"https:\/\/www.koupelnapro.com\/index.php\/produkt\/primalex-standard-7-5-kg-aktualni-8979\/","og_locale":"cs_CZ","og_type":"article","og_title":"Primalex STANDARD 7,5 kg Aktu\u00e1ln\u00ed -","og_description":"Vhodn\u00fd pro malov\u00e1n\u00ed miner\u00e1ln\u00edch povrch\u016f ve st\u0159edn\u011b zat\u011b\u017eovan\u00fdch interi\u00e9rech nap\u0159. st\u011bn a strop\u016f lo\u017enic, ob\u00fdvac\u00edch pokoj\u016f \u010di chodeb, ale tak\u00e9 kancel\u00e1\u0159\u00ed, \u0161kol nebo dal\u0161\u00edch komer\u010dn\u00edch objekt\u016f. V\u00fdpo\u010det mno\u017estv\u00ed barvy","og_url":"https:\/\/www.koupelnapro.com\/index.php\/produkt\/primalex-standard-7-5-kg-aktualni-8979\/","og_image":[{"width":410,"height":300,"url":"https:\/\/www.koupelnapro.com\/wp-content\/uploads\/2026\/SK0002844-CZ20260425-091813-0-1777079894-gall_6bc7a0a4-22e3-49fc-86db-b2885a59726f23580-primalex-sta.webp","type":"image\/webp"}],"twitter_card":"summary_large_image","schema":{"@context":"https:\/\/schema.org","@graph":[{"@type":"WebPage","@id":"https:\/\/www.koupelnapro.com\/index.php\/produkt\/primalex-standard-7-5-kg-aktualni-8979\/","url":"https:\/\/www.koupelnapro.com\/index.php\/produkt\/primalex-standard-7-5-kg-aktualni-8979\/","name":"Primalex STANDARD 7,5 kg Aktu\u00e1ln\u00ed -","isPartOf":{"@id":"https:\/\/www.koupelnapro.com\/#website"},"primaryImageOfPage":{"@id":"https:\/\/www.koupelnapro.com\/index.php\/produkt\/primalex-standard-7-5-kg-aktualni-8979\/#primaryimage"},"image":{"@id":"https:\/\/www.koupelnapro.com\/index.php\/produkt\/primalex-standard-7-5-kg-aktualni-8979\/#primaryimage"},"thumbnailUrl":"https:\/\/www.koupelnapro.com\/wp-content\/uploads\/2026\/SK0002844-CZ20260425-091813-0-1777079894-gall_6bc7a0a4-22e3-49fc-86db-b2885a59726f23580-primalex-sta.webp","datePublished":"2026-04-26T09:13:23+00:00","breadcrumb":{"@id":"https:\/\/www.koupelnapro.com\/index.php\/produkt\/primalex-standard-7-5-kg-aktualni-8979\/#breadcrumb"},"inLanguage":"cs","potentialAction":[{"@type":"ReadAction","target":["https:\/\/www.koupelnapro.com\/index.php\/produkt\/primalex-standard-7-5-kg-aktualni-8979\/"]}]},{"@type":"ImageObject","inLanguage":"cs","@id":"https:\/\/www.koupelnapro.com\/index.php\/produkt\/primalex-standard-7-5-kg-aktualni-8979\/#primaryimage","url":"https:\/\/www.koupelnapro.com\/wp-content\/uploads\/2026\/SK0002844-CZ20260425-091813-0-1777079894-gall_6bc7a0a4-22e3-49fc-86db-b2885a59726f23580-primalex-sta.webp","contentUrl":"https:\/\/www.koupelnapro.com\/wp-content\/uploads\/2026\/SK0002844-CZ20260425-091813-0-1777079894-gall_6bc7a0a4-22e3-49fc-86db-b2885a59726f23580-primalex-sta.webp","width":410,"height":300},{"@type":"BreadcrumbList","@id":"https:\/\/www.koupelnapro.com\/index.php\/produkt\/primalex-standard-7-5-kg-aktualni-8979\/#breadcrumb","itemListElement":[{"@type":"ListItem","position":1,"name":"Home","item":"https:\/\/www.koupelnapro.com\/"},{"@type":"ListItem","position":2,"name":"Products","item":"https:\/\/www.koupelnapro.com\/index.php\/products\/"},{"@type":"ListItem","position":3,"name":"Primalex STANDARD 7,5 kg Aktu\u00e1ln\u00ed"}]},{"@type":"WebSite","@id":"https:\/\/www.koupelnapro.com\/#website","url":"https:\/\/www.koupelnapro.com\/","name":"","description":"","potentialAction":[{"@type":"SearchAction","target":{"@type":"EntryPoint","urlTemplate":"https:\/\/www.koupelnapro.com\/?s={search_term_string}"},"query-input":{"@type":"PropertyValueSpecification","valueRequired":true,"valueName":"search_term_string"}}],"inLanguage":"cs"}]}},"_links":{"self":[{"href":"https:\/\/www.koupelnapro.com\/index.php\/wp-json\/wp\/v2\/product\/8979","targetHints":{"allow":["GET"]}}],"collection":[{"href":"https:\/\/www.koupelnapro.com\/index.php\/wp-json\/wp\/v2\/product"}],"about":[{"href":"https:\/\/www.koupelnapro.com\/index.php\/wp-json\/wp\/v2\/types\/product"}],"replies":[{"embeddable":true,"href":"https:\/\/www.koupelnapro.com\/index.php\/wp-json\/wp\/v2\/comments?post=8979"}],"wp:featuredmedia":[{"embeddable":true,"href":"https:\/\/www.koupelnapro.com\/index.php\/wp-json\/wp\/v2\/media\/9079"}],"wp:attachment":[{"href":"https:\/\/www.koupelnapro.com\/index.php\/wp-json\/wp\/v2\/media?parent=8979"}],"wp:term":[{"taxonomy":"product_brand","embeddable":true,"href":"https:\/\/www.koupelnapro.com\/index.php\/wp-json\/wp\/v2\/product_brand?post=8979"},{"taxonomy":"product_cat","embeddable":true,"href":"https:\/\/www.koupelnapro.com\/index.php\/wp-json\/wp\/v2\/product_cat?post=8979"},{"taxonomy":"product_tag","embeddable":true,"href":"https:\/\/www.koupelnapro.com\/index.php\/wp-json\/wp\/v2\/product_tag?post=8979"}],"curies":[{"name":"wp","href":"https:\/\/api.w.org\/{rel}","templated":true}]}}