{"id":8975,"date":"2026-04-26T09:13:23","date_gmt":"2026-04-26T09:13:23","guid":{"rendered":""},"modified":"2026-04-26T09:13:23","modified_gmt":"2026-04-26T09:13:23","slug":"ciret-tapetovaci-nuz-ocelovy-300-mm-akcni-cena-8975","status":"publish","type":"product","link":"https:\/\/www.koupelnapro.com\/index.php\/produkt\/ciret-tapetovaci-nuz-ocelovy-300-mm-akcni-cena-8975\/","title":{"rendered":"Ciret Tapetovac\u00ed n\u016f\u017e &#8211; ocelov\u00fd 300 mm Ak\u010dn\u00ed Cena"},"content":{"rendered":"<div class=\"tmc_edt\">\n<p>Pro pro\u0159ez\u00e1v\u00e1n\u00ed tapet v\u0161eho druhu<\/p>\n<\/p><\/div>\n<\/p><\/div>\n","protected":false},"excerpt":{"rendered":"<p>Pro pro\u0159ez\u00e1v\u00e1n\u00ed tapet v\u0161eho druhu<\/p>\n","protected":false},"featured_media":9075,"comment_status":"open","ping_status":"open","template":"","meta":[],"product_brand":[],"product_cat":[60],"product_tag":[],"class_list":{"0":"post-8975","1":"product","2":"type-product","3":"status-publish","4":"has-post-thumbnail","6":"product_cat-naradi","8":"first","9":"instock","10":"sale","11":"shipping-taxable","12":"purchasable","13":"product-type-simple"},"yoast_head":"<!-- This site is optimized with the Yoast SEO plugin v26.8 - https:\/\/yoast.com\/product\/yoast-seo-wordpress\/ -->\n<title>Ciret Tapetovac\u00ed n\u016f\u017e - ocelov\u00fd 300 mm Ak\u010dn\u00ed Cena -<\/title>\n<meta name=\"robots\" content=\"index, follow, max-snippet:-1, max-image-preview:large, max-video-preview:-1\" \/>\n<link rel=\"canonical\" href=\"https:\/\/www.koupelnapro.com\/index.php\/produkt\/ciret-tapetovaci-nuz-ocelovy-300-mm-akcni-cena-8975\/\" \/>\n<meta property=\"og:locale\" content=\"cs_CZ\" \/>\n<meta property=\"og:type\" content=\"article\" \/>\n<meta property=\"og:title\" content=\"Ciret Tapetovac\u00ed n\u016f\u017e - ocelov\u00fd 300 mm Ak\u010dn\u00ed Cena -\" \/>\n<meta property=\"og:description\" content=\"Pro pro\u0159ez\u00e1v\u00e1n\u00ed tapet v\u0161eho druhu\" \/>\n<meta property=\"og:url\" content=\"https:\/\/www.koupelnapro.com\/index.php\/produkt\/ciret-tapetovaci-nuz-ocelovy-300-mm-akcni-cena-8975\/\" \/>\n<meta property=\"og:image\" content=\"https:\/\/www.koupelnapro.com\/wp-content\/uploads\/2026\/SK0002840-CZ20260425-091813-0-1777079894-gall_6b90bea1-8d40-48ac-bd15-277fce6bca1222759-tapetovaci-n.webp\" \/>\n\t<meta property=\"og:image:width\" content=\"350\" \/>\n\t<meta property=\"og:image:height\" content=\"280\" \/>\n\t<meta property=\"og:image:type\" content=\"image\/webp\" \/>\n<meta name=\"twitter:card\" content=\"summary_large_image\" \/>\n<script type=\"application\/ld+json\" class=\"yoast-schema-graph\">{\"@context\":\"https:\/\/schema.org\",\"@graph\":[{\"@type\":\"WebPage\",\"@id\":\"https:\/\/www.koupelnapro.com\/index.php\/produkt\/ciret-tapetovaci-nuz-ocelovy-300-mm-akcni-cena-8975\/\",\"url\":\"https:\/\/www.koupelnapro.com\/index.php\/produkt\/ciret-tapetovaci-nuz-ocelovy-300-mm-akcni-cena-8975\/\",\"name\":\"Ciret Tapetovac\u00ed n\u016f\u017e - ocelov\u00fd 300 mm Ak\u010dn\u00ed Cena -\",\"isPartOf\":{\"@id\":\"https:\/\/www.koupelnapro.com\/#website\"},\"primaryImageOfPage\":{\"@id\":\"https:\/\/www.koupelnapro.com\/index.php\/produkt\/ciret-tapetovaci-nuz-ocelovy-300-mm-akcni-cena-8975\/#primaryimage\"},\"image\":{\"@id\":\"https:\/\/www.koupelnapro.com\/index.php\/produkt\/ciret-tapetovaci-nuz-ocelovy-300-mm-akcni-cena-8975\/#primaryimage\"},\"thumbnailUrl\":\"https:\/\/www.koupelnapro.com\/wp-content\/uploads\/2026\/SK0002840-CZ20260425-091813-0-1777079894-gall_6b90bea1-8d40-48ac-bd15-277fce6bca1222759-tapetovaci-n.webp\",\"datePublished\":\"2026-04-26T09:13:23+00:00\",\"breadcrumb\":{\"@id\":\"https:\/\/www.koupelnapro.com\/index.php\/produkt\/ciret-tapetovaci-nuz-ocelovy-300-mm-akcni-cena-8975\/#breadcrumb\"},\"inLanguage\":\"cs\",\"potentialAction\":[{\"@type\":\"ReadAction\",\"target\":[\"https:\/\/www.koupelnapro.com\/index.php\/produkt\/ciret-tapetovaci-nuz-ocelovy-300-mm-akcni-cena-8975\/\"]}]},{\"@type\":\"ImageObject\",\"inLanguage\":\"cs\",\"@id\":\"https:\/\/www.koupelnapro.com\/index.php\/produkt\/ciret-tapetovaci-nuz-ocelovy-300-mm-akcni-cena-8975\/#primaryimage\",\"url\":\"https:\/\/www.koupelnapro.com\/wp-content\/uploads\/2026\/SK0002840-CZ20260425-091813-0-1777079894-gall_6b90bea1-8d40-48ac-bd15-277fce6bca1222759-tapetovaci-n.webp\",\"contentUrl\":\"https:\/\/www.koupelnapro.com\/wp-content\/uploads\/2026\/SK0002840-CZ20260425-091813-0-1777079894-gall_6b90bea1-8d40-48ac-bd15-277fce6bca1222759-tapetovaci-n.webp\",\"width\":350,\"height\":280},{\"@type\":\"BreadcrumbList\",\"@id\":\"https:\/\/www.koupelnapro.com\/index.php\/produkt\/ciret-tapetovaci-nuz-ocelovy-300-mm-akcni-cena-8975\/#breadcrumb\",\"itemListElement\":[{\"@type\":\"ListItem\",\"position\":1,\"name\":\"Home\",\"item\":\"https:\/\/www.koupelnapro.com\/\"},{\"@type\":\"ListItem\",\"position\":2,\"name\":\"Products\",\"item\":\"https:\/\/www.koupelnapro.com\/index.php\/products\/\"},{\"@type\":\"ListItem\",\"position\":3,\"name\":\"Ciret Tapetovac\u00ed n\u016f\u017e &#8211; ocelov\u00fd 300 mm Ak\u010dn\u00ed Cena\"}]},{\"@type\":\"WebSite\",\"@id\":\"https:\/\/www.koupelnapro.com\/#website\",\"url\":\"https:\/\/www.koupelnapro.com\/\",\"name\":\"\",\"description\":\"\",\"potentialAction\":[{\"@type\":\"SearchAction\",\"target\":{\"@type\":\"EntryPoint\",\"urlTemplate\":\"https:\/\/www.koupelnapro.com\/?s={search_term_string}\"},\"query-input\":{\"@type\":\"PropertyValueSpecification\",\"valueRequired\":true,\"valueName\":\"search_term_string\"}}],\"inLanguage\":\"cs\"}]}<\/script>\n<!-- \/ Yoast SEO plugin. -->","yoast_head_json":{"title":"Ciret Tapetovac\u00ed n\u016f\u017e - ocelov\u00fd 300 mm Ak\u010dn\u00ed Cena -","robots":{"index":"index","follow":"follow","max-snippet":"max-snippet:-1","max-image-preview":"max-image-preview:large","max-video-preview":"max-video-preview:-1"},"canonical":"https:\/\/www.koupelnapro.com\/index.php\/produkt\/ciret-tapetovaci-nuz-ocelovy-300-mm-akcni-cena-8975\/","og_locale":"cs_CZ","og_type":"article","og_title":"Ciret Tapetovac\u00ed n\u016f\u017e - ocelov\u00fd 300 mm Ak\u010dn\u00ed Cena -","og_description":"Pro pro\u0159ez\u00e1v\u00e1n\u00ed tapet v\u0161eho druhu","og_url":"https:\/\/www.koupelnapro.com\/index.php\/produkt\/ciret-tapetovaci-nuz-ocelovy-300-mm-akcni-cena-8975\/","og_image":[{"width":350,"height":280,"url":"https:\/\/www.koupelnapro.com\/wp-content\/uploads\/2026\/SK0002840-CZ20260425-091813-0-1777079894-gall_6b90bea1-8d40-48ac-bd15-277fce6bca1222759-tapetovaci-n.webp","type":"image\/webp"}],"twitter_card":"summary_large_image","schema":{"@context":"https:\/\/schema.org","@graph":[{"@type":"WebPage","@id":"https:\/\/www.koupelnapro.com\/index.php\/produkt\/ciret-tapetovaci-nuz-ocelovy-300-mm-akcni-cena-8975\/","url":"https:\/\/www.koupelnapro.com\/index.php\/produkt\/ciret-tapetovaci-nuz-ocelovy-300-mm-akcni-cena-8975\/","name":"Ciret Tapetovac\u00ed n\u016f\u017e - ocelov\u00fd 300 mm Ak\u010dn\u00ed Cena -","isPartOf":{"@id":"https:\/\/www.koupelnapro.com\/#website"},"primaryImageOfPage":{"@id":"https:\/\/www.koupelnapro.com\/index.php\/produkt\/ciret-tapetovaci-nuz-ocelovy-300-mm-akcni-cena-8975\/#primaryimage"},"image":{"@id":"https:\/\/www.koupelnapro.com\/index.php\/produkt\/ciret-tapetovaci-nuz-ocelovy-300-mm-akcni-cena-8975\/#primaryimage"},"thumbnailUrl":"https:\/\/www.koupelnapro.com\/wp-content\/uploads\/2026\/SK0002840-CZ20260425-091813-0-1777079894-gall_6b90bea1-8d40-48ac-bd15-277fce6bca1222759-tapetovaci-n.webp","datePublished":"2026-04-26T09:13:23+00:00","breadcrumb":{"@id":"https:\/\/www.koupelnapro.com\/index.php\/produkt\/ciret-tapetovaci-nuz-ocelovy-300-mm-akcni-cena-8975\/#breadcrumb"},"inLanguage":"cs","potentialAction":[{"@type":"ReadAction","target":["https:\/\/www.koupelnapro.com\/index.php\/produkt\/ciret-tapetovaci-nuz-ocelovy-300-mm-akcni-cena-8975\/"]}]},{"@type":"ImageObject","inLanguage":"cs","@id":"https:\/\/www.koupelnapro.com\/index.php\/produkt\/ciret-tapetovaci-nuz-ocelovy-300-mm-akcni-cena-8975\/#primaryimage","url":"https:\/\/www.koupelnapro.com\/wp-content\/uploads\/2026\/SK0002840-CZ20260425-091813-0-1777079894-gall_6b90bea1-8d40-48ac-bd15-277fce6bca1222759-tapetovaci-n.webp","contentUrl":"https:\/\/www.koupelnapro.com\/wp-content\/uploads\/2026\/SK0002840-CZ20260425-091813-0-1777079894-gall_6b90bea1-8d40-48ac-bd15-277fce6bca1222759-tapetovaci-n.webp","width":350,"height":280},{"@type":"BreadcrumbList","@id":"https:\/\/www.koupelnapro.com\/index.php\/produkt\/ciret-tapetovaci-nuz-ocelovy-300-mm-akcni-cena-8975\/#breadcrumb","itemListElement":[{"@type":"ListItem","position":1,"name":"Home","item":"https:\/\/www.koupelnapro.com\/"},{"@type":"ListItem","position":2,"name":"Products","item":"https:\/\/www.koupelnapro.com\/index.php\/products\/"},{"@type":"ListItem","position":3,"name":"Ciret Tapetovac\u00ed n\u016f\u017e &#8211; ocelov\u00fd 300 mm Ak\u010dn\u00ed Cena"}]},{"@type":"WebSite","@id":"https:\/\/www.koupelnapro.com\/#website","url":"https:\/\/www.koupelnapro.com\/","name":"","description":"","potentialAction":[{"@type":"SearchAction","target":{"@type":"EntryPoint","urlTemplate":"https:\/\/www.koupelnapro.com\/?s={search_term_string}"},"query-input":{"@type":"PropertyValueSpecification","valueRequired":true,"valueName":"search_term_string"}}],"inLanguage":"cs"}]}},"_links":{"self":[{"href":"https:\/\/www.koupelnapro.com\/index.php\/wp-json\/wp\/v2\/product\/8975","targetHints":{"allow":["GET"]}}],"collection":[{"href":"https:\/\/www.koupelnapro.com\/index.php\/wp-json\/wp\/v2\/product"}],"about":[{"href":"https:\/\/www.koupelnapro.com\/index.php\/wp-json\/wp\/v2\/types\/product"}],"replies":[{"embeddable":true,"href":"https:\/\/www.koupelnapro.com\/index.php\/wp-json\/wp\/v2\/comments?post=8975"}],"wp:featuredmedia":[{"embeddable":true,"href":"https:\/\/www.koupelnapro.com\/index.php\/wp-json\/wp\/v2\/media\/9075"}],"wp:attachment":[{"href":"https:\/\/www.koupelnapro.com\/index.php\/wp-json\/wp\/v2\/media?parent=8975"}],"wp:term":[{"taxonomy":"product_brand","embeddable":true,"href":"https:\/\/www.koupelnapro.com\/index.php\/wp-json\/wp\/v2\/product_brand?post=8975"},{"taxonomy":"product_cat","embeddable":true,"href":"https:\/\/www.koupelnapro.com\/index.php\/wp-json\/wp\/v2\/product_cat?post=8975"},{"taxonomy":"product_tag","embeddable":true,"href":"https:\/\/www.koupelnapro.com\/index.php\/wp-json\/wp\/v2\/product_tag?post=8975"}],"curies":[{"name":"wp","href":"https:\/\/api.w.org\/{rel}","templated":true}]}}