{"id":8586,"date":"2026-04-26T09:13:22","date_gmt":"2026-04-26T09:13:22","guid":{"rendered":""},"modified":"2026-04-26T09:13:22","modified_gmt":"2026-04-26T09:13:22","slug":"polyuretanove-tmely-den-braven-polyuretanovy-pu-50-fc-600ml-cerna-vyhodna-nabidka-8586","status":"publish","type":"product","link":"https:\/\/www.koupelnapro.com\/index.php\/produkt\/polyuretanove-tmely-den-braven-polyuretanovy-pu-50-fc-600ml-cerna-vyhodna-nabidka-8586\/","title":{"rendered":"Polyuretanov\u00e9 tmely DEN BRAVEN &#8211; Polyuretanov\u00fd PU 50 FC 600ml &#8211; \u010cern\u00e1 V\u00fdhodn\u00e1 Nab\u00eddka"},"content":{"rendered":"<div class=\"ResponseTabButton\">Popis produktu<\/div>\n<div class=\"TabContent\">\n<p>Pro lepen\u00ed a&nbsp;tmelen\u00ed ve stavebnictv\u00ed a&nbsp;v&nbsp;pr\u016fmyslu. Spoje mezi d\u0159ev\u011bn\u00fdmi, kovov\u00fdmi, hlin\u00edkov\u00fdmi nebo PVC r\u00e1my a&nbsp;zdivem. Tmelen\u00ed dilata\u010dn\u00edch sp\u00e1r z\u00e1t\u011b\u017eov\u00fdch a&nbsp;pr\u016fmyslov\u00fdch podlah a&nbsp;vodot\u011bsn\u00fdch sp\u00e1r baz\u00e9n\u016f s&nbsp;dilata\u010dn\u00ed kapacitou &plusmn; 25%, sp\u00e1r v&nbsp;p\u0159edpjat\u00e9m betonu, kamenn\u00fdch zd\u00ed, sp\u00e1r mezi d\u0159evem, betonem, ciheln\u00fdm zdivem, kovy, plasty a&nbsp;sklem. Lepen\u00ed parapet\u016f, prah\u016f na ocelov\u00e9 konstrukce a&nbsp;p\u0159i oprav\u00e1ch schodi\u0161\u0165ov\u00fdch stup\u0148\u016f.<\/p>\n<p><strong>V\u00fdhody:<\/strong><\/p>\n<ul>\n<li>Dlouhodob\u011b odoln\u00fd mo\u0159sk\u00e9 a&nbsp;v\u00e1penn\u00e9 vod\u011b, slab\u00fdm kyselin\u00e1m, louh\u016fm a&nbsp;\u010disti\u010d\u016fm<\/li>\n<li>Kr\u00e1tkodob\u011b odoln\u00fd benz\u00ednu, naft\u011b, miner\u00e1ln\u00edm, rostlinn\u00fdm a&nbsp;\u017eivo\u010di\u0161n\u00fdm olej\u016fm<\/li>\n<li><strong>V&nbsp;TL v\u00fdrazn\u011b roz\u0161\u00ed\u0159eny elektro-fyzik\u00e1ln\u00ed vlastnosti v\u00fdrobku<\/strong><\/li>\n<\/ul>\n<p><strong>Technick\u00e9 \u00fadaje:<\/strong><\/p>\n<table>\n<tbody>\n<tr>\n<td>Tepeln\u00e1 odolnost<\/td>\n<td>&ndash;40 \/ +70&deg;C (po vytvrzen\u00ed)<\/td>\n<\/tr>\n<tr>\n<td>Doba vytvo\u0159en\u00ed povrchov\u00e9 slupky<\/td>\n<td>&asymp; 10-15 minut<\/td>\n<\/tr>\n<tr>\n<td>Rychlost vytvrzen\u00ed<\/td>\n<td>3 mm za 24 hod.<\/td>\n<\/tr>\n<tr>\n<td>Maxim\u00e1ln\u00ed prota\u017een\u00ed<\/td>\n<td>&gt; 300%<\/td>\n<\/tr>\n<tr>\n<td>Tvrdost dle Shore A&nbsp;(3s)<\/td>\n<td>&asymp; 50 &plusmn; 3<\/td>\n<\/tr>\n<\/tbody>\n<\/table><\/div>\n<\/p><\/div>\n<div id=\"ke-stazeni\" class=\"TabContentWrap\">\n<div class=\"ResponseTabButton\">Ke sta\u017een\u00ed<\/div>\n<div class=\"TabContent\">\n<div class=\"Table Downloads\">\n<div class=\"THead\">\n<div class=\"TableRow\">\n<div class=\"TableCell\">                    N\u00e1zev                <\/div>\n<div class=\"TableCell\">                    Jazyk                <\/div>\n<div class=\"TableCell\">                    Velikost                <\/div>\n<div class=\"TableCell\">                    Form\u00e1t                <\/div>\n<div class=\"TableCell\">&nbsp;<\/div>\n<\/p><\/div>\n<\/p><\/div>\n<div class=\"TBody\">\n<div class=\"TableRow\">\n<div class=\"TableCell\">Ekologicka-likvidace-odpadu<\/div>\n<div class=\"TableCell\"><\/div>\n<div class=\"TableCell\">160 kB<\/div>\n<div class=\"TableCell\">.pdf<\/div>\n<div class=\"TableCell ContentRight\">st\u00e1hnout<\/div>\n<\/div>\n<div class=\"TableRow\">\n<div class=\"TableCell\">Aplikace-TMELU<\/div>\n<div class=\"TableCell\"><\/div>\n<div class=\"TableCell\">83 kB<\/div>\n<div class=\"TableCell\">.pdf<\/div>\n<div class=\"TableCell ContentRight\">st\u00e1hnout<\/div>\n<\/div>\n<div class=\"TableRow\">\n<div class=\"TableCell\">Tabulka-tech-udaju<\/div>\n<div class=\"TableCell\"><\/div>\n<div class=\"TableCell\">81 kB<\/div>\n<div class=\"TableCell\">.pdf<\/div>\n<div class=\"TableCell ContentRight\">st\u00e1hnout<\/div>\n<\/div><\/div>\n<\/p><\/div>\n<\/p><\/div>\n<\/p><\/div>\n<\/p><\/div>\n<\/p><\/div>\n<\/div>\n","protected":false},"excerpt":{"rendered":"<p>Popis produktu Pro lepen\u00ed a&nbsp;tmelen\u00ed ve stavebnictv\u00ed a&nbsp;v&nbsp;pr\u016fmyslu. Spoje mezi d\u0159ev\u011bn\u00fdmi, kovov\u00fdmi, hlin\u00edkov\u00fdmi nebo PVC r\u00e1my a&nbsp;zdivem. Tmelen\u00ed dilata\u010dn\u00edch sp\u00e1r z\u00e1t\u011b\u017eov\u00fdch a&nbsp;pr\u016fmyslov\u00fdch podlah a&nbsp;vodot\u011bsn\u00fdch sp\u00e1r baz\u00e9n\u016f s&nbsp;dilata\u010dn\u00ed kapacitou &plusmn; 25%, sp\u00e1r v&nbsp;p\u0159edpjat\u00e9m betonu, kamenn\u00fdch zd\u00ed, sp\u00e1r mezi d\u0159evem, betonem, ciheln\u00fdm zdivem, kovy, plasty a&nbsp;sklem. Lepen\u00ed parapet\u016f, prah\u016f na ocelov\u00e9 konstrukce a&nbsp;p\u0159i oprav\u00e1ch schodi\u0161\u0165ov\u00fdch stup\u0148\u016f. V\u00fdhody: [&hellip;]<\/p>\n","protected":false},"featured_media":8686,"comment_status":"open","ping_status":"open","template":"","meta":[],"product_brand":[],"product_cat":[51],"product_tag":[],"class_list":{"0":"post-8586","1":"product","2":"type-product","3":"status-publish","4":"has-post-thumbnail","6":"product_cat-spojovaci-material","8":"first","9":"instock","10":"sale","11":"shipping-taxable","12":"purchasable","13":"product-type-simple"},"yoast_head":"<!-- This site is optimized with the Yoast SEO plugin v26.8 - https:\/\/yoast.com\/product\/yoast-seo-wordpress\/ -->\n<title>Polyuretanov\u00e9 tmely DEN BRAVEN - Polyuretanov\u00fd PU 50 FC 600ml - \u010cern\u00e1 V\u00fdhodn\u00e1 Nab\u00eddka -<\/title>\n<meta name=\"robots\" content=\"index, follow, max-snippet:-1, max-image-preview:large, max-video-preview:-1\" \/>\n<link rel=\"canonical\" href=\"https:\/\/www.koupelnapro.com\/index.php\/produkt\/polyuretanove-tmely-den-braven-polyuretanovy-pu-50-fc-600ml-cerna-vyhodna-nabidka-8586\/\" \/>\n<meta property=\"og:locale\" content=\"cs_CZ\" \/>\n<meta property=\"og:type\" content=\"article\" \/>\n<meta property=\"og:title\" content=\"Polyuretanov\u00e9 tmely DEN BRAVEN - Polyuretanov\u00fd PU 50 FC 600ml - \u010cern\u00e1 V\u00fdhodn\u00e1 Nab\u00eddka -\" \/>\n<meta property=\"og:description\" content=\"Popis produktu Pro lepen\u00ed a&nbsp;tmelen\u00ed ve stavebnictv\u00ed a&nbsp;v&nbsp;pr\u016fmyslu. Spoje mezi d\u0159ev\u011bn\u00fdmi, kovov\u00fdmi, hlin\u00edkov\u00fdmi nebo PVC r\u00e1my a&nbsp;zdivem. Tmelen\u00ed dilata\u010dn\u00edch sp\u00e1r z\u00e1t\u011b\u017eov\u00fdch a&nbsp;pr\u016fmyslov\u00fdch podlah a&nbsp;vodot\u011bsn\u00fdch sp\u00e1r baz\u00e9n\u016f s&nbsp;dilata\u010dn\u00ed kapacitou &plusmn; 25%, sp\u00e1r v&nbsp;p\u0159edpjat\u00e9m betonu, kamenn\u00fdch zd\u00ed, sp\u00e1r mezi d\u0159evem, betonem, ciheln\u00fdm zdivem, kovy, plasty a&nbsp;sklem. Lepen\u00ed parapet\u016f, prah\u016f na ocelov\u00e9 konstrukce a&nbsp;p\u0159i oprav\u00e1ch schodi\u0161\u0165ov\u00fdch stup\u0148\u016f. V\u00fdhody: [&hellip;]\" \/>\n<meta property=\"og:url\" content=\"https:\/\/www.koupelnapro.com\/index.php\/produkt\/polyuretanove-tmely-den-braven-polyuretanovy-pu-50-fc-600ml-cerna-vyhodna-nabidka-8586\/\" \/>\n<meta property=\"og:image\" content=\"https:\/\/www.koupelnapro.com\/wp-content\/uploads\/2026\/SK0003853-CZ20260425-091742-0-1777079863-P-022098-00.webp\" \/>\n\t<meta property=\"og:image:width\" content=\"500\" \/>\n\t<meta property=\"og:image:height\" content=\"416\" \/>\n\t<meta property=\"og:image:type\" content=\"image\/webp\" \/>\n<meta name=\"twitter:card\" content=\"summary_large_image\" \/>\n<meta name=\"twitter:label1\" content=\"Odhadovan\u00e1 doba \u010dten\u00ed\" \/>\n\t<meta name=\"twitter:data1\" content=\"1 minuta\" \/>\n<script type=\"application\/ld+json\" class=\"yoast-schema-graph\">{\"@context\":\"https:\/\/schema.org\",\"@graph\":[{\"@type\":\"WebPage\",\"@id\":\"https:\/\/www.koupelnapro.com\/index.php\/produkt\/polyuretanove-tmely-den-braven-polyuretanovy-pu-50-fc-600ml-cerna-vyhodna-nabidka-8586\/\",\"url\":\"https:\/\/www.koupelnapro.com\/index.php\/produkt\/polyuretanove-tmely-den-braven-polyuretanovy-pu-50-fc-600ml-cerna-vyhodna-nabidka-8586\/\",\"name\":\"Polyuretanov\u00e9 tmely DEN BRAVEN - Polyuretanov\u00fd PU 50 FC 600ml - \u010cern\u00e1 V\u00fdhodn\u00e1 Nab\u00eddka -\",\"isPartOf\":{\"@id\":\"https:\/\/www.koupelnapro.com\/#website\"},\"primaryImageOfPage\":{\"@id\":\"https:\/\/www.koupelnapro.com\/index.php\/produkt\/polyuretanove-tmely-den-braven-polyuretanovy-pu-50-fc-600ml-cerna-vyhodna-nabidka-8586\/#primaryimage\"},\"image\":{\"@id\":\"https:\/\/www.koupelnapro.com\/index.php\/produkt\/polyuretanove-tmely-den-braven-polyuretanovy-pu-50-fc-600ml-cerna-vyhodna-nabidka-8586\/#primaryimage\"},\"thumbnailUrl\":\"https:\/\/www.koupelnapro.com\/wp-content\/uploads\/2026\/SK0003853-CZ20260425-091742-0-1777079863-P-022098-00.webp\",\"datePublished\":\"2026-04-26T09:13:22+00:00\",\"breadcrumb\":{\"@id\":\"https:\/\/www.koupelnapro.com\/index.php\/produkt\/polyuretanove-tmely-den-braven-polyuretanovy-pu-50-fc-600ml-cerna-vyhodna-nabidka-8586\/#breadcrumb\"},\"inLanguage\":\"cs\",\"potentialAction\":[{\"@type\":\"ReadAction\",\"target\":[\"https:\/\/www.koupelnapro.com\/index.php\/produkt\/polyuretanove-tmely-den-braven-polyuretanovy-pu-50-fc-600ml-cerna-vyhodna-nabidka-8586\/\"]}]},{\"@type\":\"ImageObject\",\"inLanguage\":\"cs\",\"@id\":\"https:\/\/www.koupelnapro.com\/index.php\/produkt\/polyuretanove-tmely-den-braven-polyuretanovy-pu-50-fc-600ml-cerna-vyhodna-nabidka-8586\/#primaryimage\",\"url\":\"https:\/\/www.koupelnapro.com\/wp-content\/uploads\/2026\/SK0003853-CZ20260425-091742-0-1777079863-P-022098-00.webp\",\"contentUrl\":\"https:\/\/www.koupelnapro.com\/wp-content\/uploads\/2026\/SK0003853-CZ20260425-091742-0-1777079863-P-022098-00.webp\",\"width\":500,\"height\":416},{\"@type\":\"BreadcrumbList\",\"@id\":\"https:\/\/www.koupelnapro.com\/index.php\/produkt\/polyuretanove-tmely-den-braven-polyuretanovy-pu-50-fc-600ml-cerna-vyhodna-nabidka-8586\/#breadcrumb\",\"itemListElement\":[{\"@type\":\"ListItem\",\"position\":1,\"name\":\"Home\",\"item\":\"https:\/\/www.koupelnapro.com\/\"},{\"@type\":\"ListItem\",\"position\":2,\"name\":\"Products\",\"item\":\"https:\/\/www.koupelnapro.com\/index.php\/products\/\"},{\"@type\":\"ListItem\",\"position\":3,\"name\":\"Polyuretanov\u00e9 tmely DEN BRAVEN &#8211; Polyuretanov\u00fd PU 50 FC 600ml &#8211; \u010cern\u00e1 V\u00fdhodn\u00e1 Nab\u00eddka\"}]},{\"@type\":\"WebSite\",\"@id\":\"https:\/\/www.koupelnapro.com\/#website\",\"url\":\"https:\/\/www.koupelnapro.com\/\",\"name\":\"\",\"description\":\"\",\"potentialAction\":[{\"@type\":\"SearchAction\",\"target\":{\"@type\":\"EntryPoint\",\"urlTemplate\":\"https:\/\/www.koupelnapro.com\/?s={search_term_string}\"},\"query-input\":{\"@type\":\"PropertyValueSpecification\",\"valueRequired\":true,\"valueName\":\"search_term_string\"}}],\"inLanguage\":\"cs\"}]}<\/script>\n<!-- \/ Yoast SEO plugin. -->","yoast_head_json":{"title":"Polyuretanov\u00e9 tmely DEN BRAVEN - Polyuretanov\u00fd PU 50 FC 600ml - \u010cern\u00e1 V\u00fdhodn\u00e1 Nab\u00eddka -","robots":{"index":"index","follow":"follow","max-snippet":"max-snippet:-1","max-image-preview":"max-image-preview:large","max-video-preview":"max-video-preview:-1"},"canonical":"https:\/\/www.koupelnapro.com\/index.php\/produkt\/polyuretanove-tmely-den-braven-polyuretanovy-pu-50-fc-600ml-cerna-vyhodna-nabidka-8586\/","og_locale":"cs_CZ","og_type":"article","og_title":"Polyuretanov\u00e9 tmely DEN BRAVEN - Polyuretanov\u00fd PU 50 FC 600ml - \u010cern\u00e1 V\u00fdhodn\u00e1 Nab\u00eddka -","og_description":"Popis produktu Pro lepen\u00ed a&nbsp;tmelen\u00ed ve stavebnictv\u00ed a&nbsp;v&nbsp;pr\u016fmyslu. Spoje mezi d\u0159ev\u011bn\u00fdmi, kovov\u00fdmi, hlin\u00edkov\u00fdmi nebo PVC r\u00e1my a&nbsp;zdivem. Tmelen\u00ed dilata\u010dn\u00edch sp\u00e1r z\u00e1t\u011b\u017eov\u00fdch a&nbsp;pr\u016fmyslov\u00fdch podlah a&nbsp;vodot\u011bsn\u00fdch sp\u00e1r baz\u00e9n\u016f s&nbsp;dilata\u010dn\u00ed kapacitou &plusmn; 25%, sp\u00e1r v&nbsp;p\u0159edpjat\u00e9m betonu, kamenn\u00fdch zd\u00ed, sp\u00e1r mezi d\u0159evem, betonem, ciheln\u00fdm zdivem, kovy, plasty a&nbsp;sklem. Lepen\u00ed parapet\u016f, prah\u016f na ocelov\u00e9 konstrukce a&nbsp;p\u0159i oprav\u00e1ch schodi\u0161\u0165ov\u00fdch stup\u0148\u016f. V\u00fdhody: [&hellip;]","og_url":"https:\/\/www.koupelnapro.com\/index.php\/produkt\/polyuretanove-tmely-den-braven-polyuretanovy-pu-50-fc-600ml-cerna-vyhodna-nabidka-8586\/","og_image":[{"width":500,"height":416,"url":"https:\/\/www.koupelnapro.com\/wp-content\/uploads\/2026\/SK0003853-CZ20260425-091742-0-1777079863-P-022098-00.webp","type":"image\/webp"}],"twitter_card":"summary_large_image","twitter_misc":{"Odhadovan\u00e1 doba \u010dten\u00ed":"1 minuta"},"schema":{"@context":"https:\/\/schema.org","@graph":[{"@type":"WebPage","@id":"https:\/\/www.koupelnapro.com\/index.php\/produkt\/polyuretanove-tmely-den-braven-polyuretanovy-pu-50-fc-600ml-cerna-vyhodna-nabidka-8586\/","url":"https:\/\/www.koupelnapro.com\/index.php\/produkt\/polyuretanove-tmely-den-braven-polyuretanovy-pu-50-fc-600ml-cerna-vyhodna-nabidka-8586\/","name":"Polyuretanov\u00e9 tmely DEN BRAVEN - Polyuretanov\u00fd PU 50 FC 600ml - \u010cern\u00e1 V\u00fdhodn\u00e1 Nab\u00eddka -","isPartOf":{"@id":"https:\/\/www.koupelnapro.com\/#website"},"primaryImageOfPage":{"@id":"https:\/\/www.koupelnapro.com\/index.php\/produkt\/polyuretanove-tmely-den-braven-polyuretanovy-pu-50-fc-600ml-cerna-vyhodna-nabidka-8586\/#primaryimage"},"image":{"@id":"https:\/\/www.koupelnapro.com\/index.php\/produkt\/polyuretanove-tmely-den-braven-polyuretanovy-pu-50-fc-600ml-cerna-vyhodna-nabidka-8586\/#primaryimage"},"thumbnailUrl":"https:\/\/www.koupelnapro.com\/wp-content\/uploads\/2026\/SK0003853-CZ20260425-091742-0-1777079863-P-022098-00.webp","datePublished":"2026-04-26T09:13:22+00:00","breadcrumb":{"@id":"https:\/\/www.koupelnapro.com\/index.php\/produkt\/polyuretanove-tmely-den-braven-polyuretanovy-pu-50-fc-600ml-cerna-vyhodna-nabidka-8586\/#breadcrumb"},"inLanguage":"cs","potentialAction":[{"@type":"ReadAction","target":["https:\/\/www.koupelnapro.com\/index.php\/produkt\/polyuretanove-tmely-den-braven-polyuretanovy-pu-50-fc-600ml-cerna-vyhodna-nabidka-8586\/"]}]},{"@type":"ImageObject","inLanguage":"cs","@id":"https:\/\/www.koupelnapro.com\/index.php\/produkt\/polyuretanove-tmely-den-braven-polyuretanovy-pu-50-fc-600ml-cerna-vyhodna-nabidka-8586\/#primaryimage","url":"https:\/\/www.koupelnapro.com\/wp-content\/uploads\/2026\/SK0003853-CZ20260425-091742-0-1777079863-P-022098-00.webp","contentUrl":"https:\/\/www.koupelnapro.com\/wp-content\/uploads\/2026\/SK0003853-CZ20260425-091742-0-1777079863-P-022098-00.webp","width":500,"height":416},{"@type":"BreadcrumbList","@id":"https:\/\/www.koupelnapro.com\/index.php\/produkt\/polyuretanove-tmely-den-braven-polyuretanovy-pu-50-fc-600ml-cerna-vyhodna-nabidka-8586\/#breadcrumb","itemListElement":[{"@type":"ListItem","position":1,"name":"Home","item":"https:\/\/www.koupelnapro.com\/"},{"@type":"ListItem","position":2,"name":"Products","item":"https:\/\/www.koupelnapro.com\/index.php\/products\/"},{"@type":"ListItem","position":3,"name":"Polyuretanov\u00e9 tmely DEN BRAVEN &#8211; Polyuretanov\u00fd PU 50 FC 600ml &#8211; \u010cern\u00e1 V\u00fdhodn\u00e1 Nab\u00eddka"}]},{"@type":"WebSite","@id":"https:\/\/www.koupelnapro.com\/#website","url":"https:\/\/www.koupelnapro.com\/","name":"","description":"","potentialAction":[{"@type":"SearchAction","target":{"@type":"EntryPoint","urlTemplate":"https:\/\/www.koupelnapro.com\/?s={search_term_string}"},"query-input":{"@type":"PropertyValueSpecification","valueRequired":true,"valueName":"search_term_string"}}],"inLanguage":"cs"}]}},"_links":{"self":[{"href":"https:\/\/www.koupelnapro.com\/index.php\/wp-json\/wp\/v2\/product\/8586","targetHints":{"allow":["GET"]}}],"collection":[{"href":"https:\/\/www.koupelnapro.com\/index.php\/wp-json\/wp\/v2\/product"}],"about":[{"href":"https:\/\/www.koupelnapro.com\/index.php\/wp-json\/wp\/v2\/types\/product"}],"replies":[{"embeddable":true,"href":"https:\/\/www.koupelnapro.com\/index.php\/wp-json\/wp\/v2\/comments?post=8586"}],"wp:featuredmedia":[{"embeddable":true,"href":"https:\/\/www.koupelnapro.com\/index.php\/wp-json\/wp\/v2\/media\/8686"}],"wp:attachment":[{"href":"https:\/\/www.koupelnapro.com\/index.php\/wp-json\/wp\/v2\/media?parent=8586"}],"wp:term":[{"taxonomy":"product_brand","embeddable":true,"href":"https:\/\/www.koupelnapro.com\/index.php\/wp-json\/wp\/v2\/product_brand?post=8586"},{"taxonomy":"product_cat","embeddable":true,"href":"https:\/\/www.koupelnapro.com\/index.php\/wp-json\/wp\/v2\/product_cat?post=8586"},{"taxonomy":"product_tag","embeddable":true,"href":"https:\/\/www.koupelnapro.com\/index.php\/wp-json\/wp\/v2\/product_tag?post=8586"}],"curies":[{"name":"wp","href":"https:\/\/api.w.org\/{rel}","templated":true}]}}