{"id":8574,"date":"2026-04-26T09:13:22","date_gmt":"2026-04-26T09:13:22","guid":{"rendered":""},"modified":"2026-04-26T09:13:22","modified_gmt":"2026-04-26T09:13:22","slug":"znackovy-polystyren-desky-stresni-eps-150-s-50mm-8574","status":"publish","type":"product","link":"https:\/\/www.koupelnapro.com\/index.php\/produkt\/znackovy-polystyren-desky-stresni-eps-150-s-50mm-8574\/","title":{"rendered":"Zna\u010dkov\u00fd Polystyren desky st\u0159e\u0161n\u00ed EPS 150 S &#8211; 50mm"},"content":{"rendered":"<div class=\"ResponseTabButton\">Popis produktu<\/div>\n<div class=\"TabContent\">\n<div><font color=\"#000000\">Stabilizovan\u00e9 tepeln\u011b izola\u010dn\u00ed desky z p\u011bnov\u00e9ho polystyrenu t\u00e9\u017e pro tepeln\u00e9 izolace konstrukc\u00ed s vysok\u00fdmi po\u017eadavky na zat\u00ed\u017een\u00ed tlakem (nap\u0159. pr\u016fmyslov\u00e9 podlahy, ploch\u00e9 st\u0159echy, terasy apod.), pop\u0159. izola\u010dn\u00ed vrstvy velk\u00fdch tlou\u0161t\u011bk s minim\u00e1ln\u00ed deformac\u00ed (n\u00edzkoenergetick\u00e9 a pasivn\u00ed domy). Jsou ur\u010deny pro trval\u00e9 zat\u00ed\u017een\u00ed v tlaku max. 3000 kg\/m2 p\u0159i deformaci &lt; 2%.<\/font><\/div>\n<div><strong><font color=\"#000000\">Charakteristika v\u00fdrobku<\/font><\/strong><\/div>\n<div><font color=\"#000000\">EPS (p\u011bnov\u00fd polystyren) je lehk\u00e1 a tuh\u00e1 organick\u00e1 p\u011bna, kter\u00e1 se \u0161iroce<\/font><\/div>\n<div><font color=\"#000000\">pou\u017e\u00edv\u00e1 v evropsk\u00e9m stavebnictv\u00ed, zejm\u00e9na jako tepeln\u00e1 izolace. B\u00edl\u00e9<\/font><\/div>\n<div><font color=\"#000000\">izola\u010dn\u00ed desky si v pr\u016fb\u011bhu 40 let pou\u017e\u00edv\u00e1n\u00ed z\u00edskaly na stavb\u00e1ch pro<\/font><\/div>\n<div><font color=\"#000000\">sv\u00e9 v\u00fdborn\u00e9 u\u017eitn\u00e9 vlastnosti pevn\u00e9 m\u00edsto. Izola\u010dn\u00ed desky EPS Isover<\/font><\/div>\n<div><font color=\"#000000\">jsou vyrobeny pomoc\u00ed nejnov\u011bj\u0161\u00edch technologi\u00ed bez obsahu CFC a HCFC<\/font><\/div>\n<div><font color=\"#000000\">(zn\u00e1m\u00e9 jako freony). Modern\u00ed technologie zaji\u0161\u0165uje st\u00e1lou kvalitu<\/font><\/div>\n<div><font color=\"#000000\">a minim\u00e1ln\u00ed energetickou n\u00e1ro\u010dnost v\u00fdroby, co\u017e desk\u00e1m zaji\u0161\u0165uje<\/font><\/div>\n<div><font color=\"#000000\">v\u00fdborn\u00fd pom\u011br cena\/v\u00fdkon. Ve\u0161ker\u00e9 desky EPS Isover se vyr\u00e1b\u011bj\u00ed<\/font><\/div>\n<div><font color=\"#000000\">v samozh\u00e1\u0161iv\u00e9m proveden\u00ed se zv\u00fd\u0161enou po\u017e\u00e1rn\u00ed bezpe\u010dnost\u00ed.<\/font><\/div>\n<div><strong><font color=\"#000000\">Pou\u017eit\u00ed<\/font><\/strong><\/div>\n<div><font color=\"#000000\">Izola\u010dn\u00ed desky Isover EPS 150S jsou ur\u010deny zejm\u00e9na pro tepeln\u00e9 izolace<\/font><\/div>\n<div><font color=\"#000000\">s vysok\u00fdmi po\u017eadavky na zat\u00ed\u017een\u00ed tlakem, jako nap\u0159\u00edklad pr\u016fmyslov\u00e9<\/font><\/div>\n<div><font color=\"#000000\">podlahy, st\u0159e\u0161n\u00ed terasy apod. Desky jsou vhodn\u00e9 pro izola\u010dn\u00ed vrstvy<\/font><\/div>\n<div><font color=\"#000000\">energeticky \u00fasporn\u00fdch staveb (n\u00edzkoenergetick\u00e9 a pasivn\u00ed domy)<\/font><\/div>\n<div><font color=\"#000000\">s b\u011b\u017en\u00fdmi tlou\u0161\u0165kami izolace 200-500mm.<\/font><\/div>\n<div><strong><font color=\"#000000\">Balen\u00ed, transport, skladov\u00e1n\u00ed<\/font><\/strong><\/div>\n<div><font color=\"#000000\">Izola\u010dn\u00ed desky EPS Isover rozm\u011bru 1000x500mm a 1000x1000mm jsou<\/font><\/div>\n<div><font color=\"#000000\">baleny do PE folie v bal\u00edc\u00edch max. v\u00fd\u0161ky 500mm. Nestandardn\u00ed rozm\u011bry<\/font><\/div>\n<div><font color=\"#000000\">nap\u0159. 1000x2000mm, 1000x2500mm jsou p\u00e1skov\u00e1ny. Desky mus\u00ed b\u00fdt<\/font><\/div>\n<div><font color=\"#000000\">dopravov\u00e1ny a skladov\u00e1ny za podm\u00ednek vylu\u010duj\u00edc\u00ed jejich znehodnocen\u00ed.<\/font><\/div>\n<div><font color=\"#000000\">Neskladovat dlouhodob\u011b na p\u0159\u00edm\u00e9m slunci. Desky jsou ozna\u010deny na<\/font><\/div>\n<div><font color=\"#000000\">boku t\u0159emi barevn\u00fdmi pruhy v po\u0159ad\u00ed barev &#8211; hn\u011bd\u00e1, \u010dern\u00e1, \u010dern\u00e1.<\/font><\/div>\n<div><strong><font color=\"#000000\">P\u0159ednosti<\/font><\/strong><\/div>\n<div><font color=\"#000000\">&#9632; velmi dobr\u00e9 tepeln\u011b-izola\u010dn\u00ed vlastnosti<\/font><\/div>\n<div><font color=\"#000000\">&#9632; v\u00fdborn\u00e9 mechanick\u00e9 vlastnosti<\/font><\/div>\n<div><font color=\"#000000\">&#9632; minim\u00e1ln\u00ed hmotnost<\/font><\/div>\n<div><font color=\"#000000\">&#9632; jednoduch\u00e1 zpracovatelnost<\/font><\/div>\n<div><font color=\"#000000\">&#9632; dlouh\u00e1 \u017eivotnost<\/font><\/div>\n<div><font color=\"#000000\">&#9632; ekologick\u00e1 a zdravotn\u00ed nez\u00e1vadnost<\/font><\/div>\n<div><font color=\"#000000\">&#9632; trval\u00e1 odolnost proti vlhkosti<\/font><\/div>\n<div><font color=\"#000000\">&#9632; biologick\u00e1 neutr\u00e1lnost<\/font><\/div>\n<div><font color=\"#000000\">&#9632; ekonomick\u00e1 v\u00fdhodnost<\/font><\/div>\n<\/p><\/div>\n<\/p><\/div>\n<\/p><\/div>\n<\/p><\/div>\n<\/div>\n","protected":false},"excerpt":{"rendered":"<p>Popis produktu Stabilizovan\u00e9 tepeln\u011b izola\u010dn\u00ed desky z p\u011bnov\u00e9ho polystyrenu t\u00e9\u017e pro tepeln\u00e9 izolace konstrukc\u00ed s vysok\u00fdmi po\u017eadavky na zat\u00ed\u017een\u00ed tlakem (nap\u0159. pr\u016fmyslov\u00e9 podlahy, ploch\u00e9 st\u0159echy, terasy apod.), pop\u0159. izola\u010dn\u00ed vrstvy velk\u00fdch tlou\u0161t\u011bk s minim\u00e1ln\u00ed deformac\u00ed (n\u00edzkoenergetick\u00e9 a pasivn\u00ed domy). Jsou ur\u010deny pro trval\u00e9 zat\u00ed\u017een\u00ed v tlaku max. 3000 kg\/m2 p\u0159i deformaci &lt; 2%. Charakteristika v\u00fdrobku [&hellip;]<\/p>\n","protected":false},"featured_media":8674,"comment_status":"open","ping_status":"open","template":"","meta":[],"product_brand":[],"product_cat":[59],"product_tag":[],"class_list":{"0":"post-8574","1":"product","2":"type-product","3":"status-publish","4":"has-post-thumbnail","6":"product_cat-tepelna-izolace","8":"first","9":"instock","10":"sale","11":"shipping-taxable","12":"purchasable","13":"product-type-simple"},"yoast_head":"<!-- This site is optimized with the Yoast SEO plugin v26.8 - https:\/\/yoast.com\/product\/yoast-seo-wordpress\/ -->\n<title>Zna\u010dkov\u00fd Polystyren desky st\u0159e\u0161n\u00ed EPS 150 S - 50mm -<\/title>\n<meta name=\"robots\" content=\"index, follow, max-snippet:-1, max-image-preview:large, max-video-preview:-1\" \/>\n<link rel=\"canonical\" href=\"https:\/\/www.koupelnapro.com\/index.php\/produkt\/znackovy-polystyren-desky-stresni-eps-150-s-50mm-8574\/\" \/>\n<meta property=\"og:locale\" content=\"cs_CZ\" \/>\n<meta property=\"og:type\" content=\"article\" \/>\n<meta property=\"og:title\" content=\"Zna\u010dkov\u00fd Polystyren desky st\u0159e\u0161n\u00ed EPS 150 S - 50mm -\" \/>\n<meta property=\"og:description\" content=\"Popis produktu Stabilizovan\u00e9 tepeln\u011b izola\u010dn\u00ed desky z p\u011bnov\u00e9ho polystyrenu t\u00e9\u017e pro tepeln\u00e9 izolace konstrukc\u00ed s vysok\u00fdmi po\u017eadavky na zat\u00ed\u017een\u00ed tlakem (nap\u0159. pr\u016fmyslov\u00e9 podlahy, ploch\u00e9 st\u0159echy, terasy apod.), pop\u0159. izola\u010dn\u00ed vrstvy velk\u00fdch tlou\u0161t\u011bk s minim\u00e1ln\u00ed deformac\u00ed (n\u00edzkoenergetick\u00e9 a pasivn\u00ed domy). Jsou ur\u010deny pro trval\u00e9 zat\u00ed\u017een\u00ed v tlaku max. 3000 kg\/m2 p\u0159i deformaci &lt; 2%. Charakteristika v\u00fdrobku [&hellip;]\" \/>\n<meta property=\"og:url\" content=\"https:\/\/www.koupelnapro.com\/index.php\/produkt\/znackovy-polystyren-desky-stresni-eps-150-s-50mm-8574\/\" \/>\n<meta property=\"og:image\" content=\"https:\/\/www.koupelnapro.com\/wp-content\/uploads\/2026\/SK0003841-CZ20260425-091742-0-1777079863-P-014847-00.webp\" \/>\n\t<meta property=\"og:image:width\" content=\"782\" \/>\n\t<meta property=\"og:image:height\" content=\"800\" \/>\n\t<meta property=\"og:image:type\" content=\"image\/webp\" \/>\n<meta name=\"twitter:card\" content=\"summary_large_image\" \/>\n<meta name=\"twitter:label1\" content=\"Odhadovan\u00e1 doba \u010dten\u00ed\" \/>\n\t<meta name=\"twitter:data1\" content=\"2 minuty\" \/>\n<script type=\"application\/ld+json\" class=\"yoast-schema-graph\">{\"@context\":\"https:\/\/schema.org\",\"@graph\":[{\"@type\":\"WebPage\",\"@id\":\"https:\/\/www.koupelnapro.com\/index.php\/produkt\/znackovy-polystyren-desky-stresni-eps-150-s-50mm-8574\/\",\"url\":\"https:\/\/www.koupelnapro.com\/index.php\/produkt\/znackovy-polystyren-desky-stresni-eps-150-s-50mm-8574\/\",\"name\":\"Zna\u010dkov\u00fd Polystyren desky st\u0159e\u0161n\u00ed EPS 150 S - 50mm -\",\"isPartOf\":{\"@id\":\"https:\/\/www.koupelnapro.com\/#website\"},\"primaryImageOfPage\":{\"@id\":\"https:\/\/www.koupelnapro.com\/index.php\/produkt\/znackovy-polystyren-desky-stresni-eps-150-s-50mm-8574\/#primaryimage\"},\"image\":{\"@id\":\"https:\/\/www.koupelnapro.com\/index.php\/produkt\/znackovy-polystyren-desky-stresni-eps-150-s-50mm-8574\/#primaryimage\"},\"thumbnailUrl\":\"https:\/\/www.koupelnapro.com\/wp-content\/uploads\/2026\/SK0003841-CZ20260425-091742-0-1777079863-P-014847-00.webp\",\"datePublished\":\"2026-04-26T09:13:22+00:00\",\"breadcrumb\":{\"@id\":\"https:\/\/www.koupelnapro.com\/index.php\/produkt\/znackovy-polystyren-desky-stresni-eps-150-s-50mm-8574\/#breadcrumb\"},\"inLanguage\":\"cs\",\"potentialAction\":[{\"@type\":\"ReadAction\",\"target\":[\"https:\/\/www.koupelnapro.com\/index.php\/produkt\/znackovy-polystyren-desky-stresni-eps-150-s-50mm-8574\/\"]}]},{\"@type\":\"ImageObject\",\"inLanguage\":\"cs\",\"@id\":\"https:\/\/www.koupelnapro.com\/index.php\/produkt\/znackovy-polystyren-desky-stresni-eps-150-s-50mm-8574\/#primaryimage\",\"url\":\"https:\/\/www.koupelnapro.com\/wp-content\/uploads\/2026\/SK0003841-CZ20260425-091742-0-1777079863-P-014847-00.webp\",\"contentUrl\":\"https:\/\/www.koupelnapro.com\/wp-content\/uploads\/2026\/SK0003841-CZ20260425-091742-0-1777079863-P-014847-00.webp\",\"width\":782,\"height\":800},{\"@type\":\"BreadcrumbList\",\"@id\":\"https:\/\/www.koupelnapro.com\/index.php\/produkt\/znackovy-polystyren-desky-stresni-eps-150-s-50mm-8574\/#breadcrumb\",\"itemListElement\":[{\"@type\":\"ListItem\",\"position\":1,\"name\":\"Home\",\"item\":\"https:\/\/www.koupelnapro.com\/\"},{\"@type\":\"ListItem\",\"position\":2,\"name\":\"Products\",\"item\":\"https:\/\/www.koupelnapro.com\/index.php\/products\/\"},{\"@type\":\"ListItem\",\"position\":3,\"name\":\"Zna\u010dkov\u00fd Polystyren desky st\u0159e\u0161n\u00ed EPS 150 S &#8211; 50mm\"}]},{\"@type\":\"WebSite\",\"@id\":\"https:\/\/www.koupelnapro.com\/#website\",\"url\":\"https:\/\/www.koupelnapro.com\/\",\"name\":\"\",\"description\":\"\",\"potentialAction\":[{\"@type\":\"SearchAction\",\"target\":{\"@type\":\"EntryPoint\",\"urlTemplate\":\"https:\/\/www.koupelnapro.com\/?s={search_term_string}\"},\"query-input\":{\"@type\":\"PropertyValueSpecification\",\"valueRequired\":true,\"valueName\":\"search_term_string\"}}],\"inLanguage\":\"cs\"}]}<\/script>\n<!-- \/ Yoast SEO plugin. -->","yoast_head_json":{"title":"Zna\u010dkov\u00fd Polystyren desky st\u0159e\u0161n\u00ed EPS 150 S - 50mm -","robots":{"index":"index","follow":"follow","max-snippet":"max-snippet:-1","max-image-preview":"max-image-preview:large","max-video-preview":"max-video-preview:-1"},"canonical":"https:\/\/www.koupelnapro.com\/index.php\/produkt\/znackovy-polystyren-desky-stresni-eps-150-s-50mm-8574\/","og_locale":"cs_CZ","og_type":"article","og_title":"Zna\u010dkov\u00fd Polystyren desky st\u0159e\u0161n\u00ed EPS 150 S - 50mm -","og_description":"Popis produktu Stabilizovan\u00e9 tepeln\u011b izola\u010dn\u00ed desky z p\u011bnov\u00e9ho polystyrenu t\u00e9\u017e pro tepeln\u00e9 izolace konstrukc\u00ed s vysok\u00fdmi po\u017eadavky na zat\u00ed\u017een\u00ed tlakem (nap\u0159. pr\u016fmyslov\u00e9 podlahy, ploch\u00e9 st\u0159echy, terasy apod.), pop\u0159. izola\u010dn\u00ed vrstvy velk\u00fdch tlou\u0161t\u011bk s minim\u00e1ln\u00ed deformac\u00ed (n\u00edzkoenergetick\u00e9 a pasivn\u00ed domy). Jsou ur\u010deny pro trval\u00e9 zat\u00ed\u017een\u00ed v tlaku max. 3000 kg\/m2 p\u0159i deformaci &lt; 2%. Charakteristika v\u00fdrobku [&hellip;]","og_url":"https:\/\/www.koupelnapro.com\/index.php\/produkt\/znackovy-polystyren-desky-stresni-eps-150-s-50mm-8574\/","og_image":[{"width":782,"height":800,"url":"https:\/\/www.koupelnapro.com\/wp-content\/uploads\/2026\/SK0003841-CZ20260425-091742-0-1777079863-P-014847-00.webp","type":"image\/webp"}],"twitter_card":"summary_large_image","twitter_misc":{"Odhadovan\u00e1 doba \u010dten\u00ed":"2 minuty"},"schema":{"@context":"https:\/\/schema.org","@graph":[{"@type":"WebPage","@id":"https:\/\/www.koupelnapro.com\/index.php\/produkt\/znackovy-polystyren-desky-stresni-eps-150-s-50mm-8574\/","url":"https:\/\/www.koupelnapro.com\/index.php\/produkt\/znackovy-polystyren-desky-stresni-eps-150-s-50mm-8574\/","name":"Zna\u010dkov\u00fd Polystyren desky st\u0159e\u0161n\u00ed EPS 150 S - 50mm -","isPartOf":{"@id":"https:\/\/www.koupelnapro.com\/#website"},"primaryImageOfPage":{"@id":"https:\/\/www.koupelnapro.com\/index.php\/produkt\/znackovy-polystyren-desky-stresni-eps-150-s-50mm-8574\/#primaryimage"},"image":{"@id":"https:\/\/www.koupelnapro.com\/index.php\/produkt\/znackovy-polystyren-desky-stresni-eps-150-s-50mm-8574\/#primaryimage"},"thumbnailUrl":"https:\/\/www.koupelnapro.com\/wp-content\/uploads\/2026\/SK0003841-CZ20260425-091742-0-1777079863-P-014847-00.webp","datePublished":"2026-04-26T09:13:22+00:00","breadcrumb":{"@id":"https:\/\/www.koupelnapro.com\/index.php\/produkt\/znackovy-polystyren-desky-stresni-eps-150-s-50mm-8574\/#breadcrumb"},"inLanguage":"cs","potentialAction":[{"@type":"ReadAction","target":["https:\/\/www.koupelnapro.com\/index.php\/produkt\/znackovy-polystyren-desky-stresni-eps-150-s-50mm-8574\/"]}]},{"@type":"ImageObject","inLanguage":"cs","@id":"https:\/\/www.koupelnapro.com\/index.php\/produkt\/znackovy-polystyren-desky-stresni-eps-150-s-50mm-8574\/#primaryimage","url":"https:\/\/www.koupelnapro.com\/wp-content\/uploads\/2026\/SK0003841-CZ20260425-091742-0-1777079863-P-014847-00.webp","contentUrl":"https:\/\/www.koupelnapro.com\/wp-content\/uploads\/2026\/SK0003841-CZ20260425-091742-0-1777079863-P-014847-00.webp","width":782,"height":800},{"@type":"BreadcrumbList","@id":"https:\/\/www.koupelnapro.com\/index.php\/produkt\/znackovy-polystyren-desky-stresni-eps-150-s-50mm-8574\/#breadcrumb","itemListElement":[{"@type":"ListItem","position":1,"name":"Home","item":"https:\/\/www.koupelnapro.com\/"},{"@type":"ListItem","position":2,"name":"Products","item":"https:\/\/www.koupelnapro.com\/index.php\/products\/"},{"@type":"ListItem","position":3,"name":"Zna\u010dkov\u00fd Polystyren desky st\u0159e\u0161n\u00ed EPS 150 S &#8211; 50mm"}]},{"@type":"WebSite","@id":"https:\/\/www.koupelnapro.com\/#website","url":"https:\/\/www.koupelnapro.com\/","name":"","description":"","potentialAction":[{"@type":"SearchAction","target":{"@type":"EntryPoint","urlTemplate":"https:\/\/www.koupelnapro.com\/?s={search_term_string}"},"query-input":{"@type":"PropertyValueSpecification","valueRequired":true,"valueName":"search_term_string"}}],"inLanguage":"cs"}]}},"_links":{"self":[{"href":"https:\/\/www.koupelnapro.com\/index.php\/wp-json\/wp\/v2\/product\/8574","targetHints":{"allow":["GET"]}}],"collection":[{"href":"https:\/\/www.koupelnapro.com\/index.php\/wp-json\/wp\/v2\/product"}],"about":[{"href":"https:\/\/www.koupelnapro.com\/index.php\/wp-json\/wp\/v2\/types\/product"}],"replies":[{"embeddable":true,"href":"https:\/\/www.koupelnapro.com\/index.php\/wp-json\/wp\/v2\/comments?post=8574"}],"wp:featuredmedia":[{"embeddable":true,"href":"https:\/\/www.koupelnapro.com\/index.php\/wp-json\/wp\/v2\/media\/8674"}],"wp:attachment":[{"href":"https:\/\/www.koupelnapro.com\/index.php\/wp-json\/wp\/v2\/media?parent=8574"}],"wp:term":[{"taxonomy":"product_brand","embeddable":true,"href":"https:\/\/www.koupelnapro.com\/index.php\/wp-json\/wp\/v2\/product_brand?post=8574"},{"taxonomy":"product_cat","embeddable":true,"href":"https:\/\/www.koupelnapro.com\/index.php\/wp-json\/wp\/v2\/product_cat?post=8574"},{"taxonomy":"product_tag","embeddable":true,"href":"https:\/\/www.koupelnapro.com\/index.php\/wp-json\/wp\/v2\/product_tag?post=8574"}],"curies":[{"name":"wp","href":"https:\/\/api.w.org\/{rel}","templated":true}]}}