{"id":8355,"date":"2026-04-26T09:13:21","date_gmt":"2026-04-26T09:13:21","guid":{"rendered":""},"modified":"2026-04-26T09:13:21","modified_gmt":"2026-04-26T09:13:21","slug":"vikendova-akce-pistolove-peny-den-braven-pistolova-zimni-750ml-sl-8355","status":"publish","type":"product","link":"https:\/\/www.koupelnapro.com\/index.php\/produkt\/vikendova-akce-pistolove-peny-den-braven-pistolova-zimni-750ml-sl-8355\/","title":{"rendered":"V\u00edkendov\u00e1 Akce Pistolov\u00e9 p\u011bny DEN BRAVEN &#8211; Pistolov\u00e1 zimn\u00ed 750ml SL"},"content":{"rendered":"<div class=\"ResponseTabButton\">Popis produktu<\/div>\n<div class=\"TabContent\">                K v\u00fdplni d\u0159ev\u011bn\u00fdch obklad\u016f st\u011bn, k izolaci a zateplov\u00e1n\u00ed st\u0159e\u0161n\u00edch konstrukc\u00ed. Je vhodn\u00e1 i pro b\u011b\u017en\u00e9 vypl\u0148ov\u00e1n\u00ed sp\u00e1r p\u0159i mont\u00e1\u017ei okenn\u00edch r\u00e1m\u016f a dve\u0159n\u00edch z\u00e1rubn\u00ed nebo pro izolaci koupelnov\u00fdch van, vani\u010dek sprchov\u00fdch kout\u016f. Rovn\u011b\u017e v proveden\u00ed zimn\u00ed varianty pro pr\u00e1ci p\u0159i teplot\u00e1ch pod 0 &deg;C.<\/p>\n<p>Detailn\u00ed informace k v\u00fdrobku, postupy, hodnoty atd. jsou uvedeny v technick\u00e9m listu.            <\/p><\/div>\n<\/p><\/div>\n<div id=\"ke-stazeni\" class=\"TabContentWrap\">\n<div class=\"ResponseTabButton\">Ke sta\u017een\u00ed<\/div>\n<div class=\"TabContent\">\n<div class=\"Table Downloads\">\n<div class=\"THead\">\n<div class=\"TableRow\">\n<div class=\"TableCell\">                    N\u00e1zev                <\/div>\n<div class=\"TableCell\">                    Jazyk                <\/div>\n<div class=\"TableCell\">                    Velikost                <\/div>\n<div class=\"TableCell\">                    Form\u00e1t                <\/div>\n<div class=\"TableCell\">&nbsp;<\/div>\n<\/p><\/div>\n<\/p><\/div>\n<div class=\"TBody\">\n<div class=\"TableRow\">\n<div class=\"TableCell\">Ekologicka-likvidace-odpadu<\/div>\n<div class=\"TableCell\"><\/div>\n<div class=\"TableCell\">160 kB<\/div>\n<div class=\"TableCell\">.pdf<\/div>\n<div class=\"TableCell ContentRight\">st\u00e1hnout<\/div>\n<\/div>\n<div class=\"TableRow\">\n<div class=\"TableCell\">Prohlaseni-o-shode<\/div>\n<div class=\"TableCell\"><\/div>\n<div class=\"TableCell\">344 kB<\/div>\n<div class=\"TableCell\">.pdf<\/div>\n<div class=\"TableCell ContentRight\">st\u00e1hnout<\/div>\n<\/div><\/div>\n<\/p><\/div>\n<\/p><\/div>\n<\/p><\/div>\n<\/p><\/div>\n<\/p><\/div>\n<\/div>\n","protected":false},"excerpt":{"rendered":"<p>Popis produktu K v\u00fdplni d\u0159ev\u011bn\u00fdch obklad\u016f st\u011bn, k izolaci a zateplov\u00e1n\u00ed st\u0159e\u0161n\u00edch konstrukc\u00ed. Je vhodn\u00e1 i pro b\u011b\u017en\u00e9 vypl\u0148ov\u00e1n\u00ed sp\u00e1r p\u0159i mont\u00e1\u017ei okenn\u00edch r\u00e1m\u016f a dve\u0159n\u00edch z\u00e1rubn\u00ed nebo pro izolaci koupelnov\u00fdch van, vani\u010dek sprchov\u00fdch kout\u016f. Rovn\u011b\u017e v proveden\u00ed zimn\u00ed varianty pro pr\u00e1ci p\u0159i teplot\u00e1ch pod 0 &deg;C. Detailn\u00ed informace k v\u00fdrobku, postupy, hodnoty atd. jsou [&hellip;]<\/p>\n","protected":false},"featured_media":8455,"comment_status":"open","ping_status":"open","template":"","meta":[],"product_brand":[],"product_cat":[51],"product_tag":[],"class_list":{"0":"post-8355","1":"product","2":"type-product","3":"status-publish","4":"has-post-thumbnail","6":"product_cat-spojovaci-material","8":"first","9":"instock","10":"sale","11":"shipping-taxable","12":"purchasable","13":"product-type-simple"},"yoast_head":"<!-- This site is optimized with the Yoast SEO plugin v26.8 - https:\/\/yoast.com\/product\/yoast-seo-wordpress\/ -->\n<title>V\u00edkendov\u00e1 Akce Pistolov\u00e9 p\u011bny DEN BRAVEN - Pistolov\u00e1 zimn\u00ed 750ml SL -<\/title>\n<meta name=\"robots\" content=\"index, follow, max-snippet:-1, max-image-preview:large, max-video-preview:-1\" \/>\n<link rel=\"canonical\" href=\"https:\/\/www.koupelnapro.com\/index.php\/produkt\/vikendova-akce-pistolove-peny-den-braven-pistolova-zimni-750ml-sl-8355\/\" \/>\n<meta property=\"og:locale\" content=\"cs_CZ\" \/>\n<meta property=\"og:type\" content=\"article\" \/>\n<meta property=\"og:title\" content=\"V\u00edkendov\u00e1 Akce Pistolov\u00e9 p\u011bny DEN BRAVEN - Pistolov\u00e1 zimn\u00ed 750ml SL -\" \/>\n<meta property=\"og:description\" content=\"Popis produktu K v\u00fdplni d\u0159ev\u011bn\u00fdch obklad\u016f st\u011bn, k izolaci a zateplov\u00e1n\u00ed st\u0159e\u0161n\u00edch konstrukc\u00ed. Je vhodn\u00e1 i pro b\u011b\u017en\u00e9 vypl\u0148ov\u00e1n\u00ed sp\u00e1r p\u0159i mont\u00e1\u017ei okenn\u00edch r\u00e1m\u016f a dve\u0159n\u00edch z\u00e1rubn\u00ed nebo pro izolaci koupelnov\u00fdch van, vani\u010dek sprchov\u00fdch kout\u016f. Rovn\u011b\u017e v proveden\u00ed zimn\u00ed varianty pro pr\u00e1ci p\u0159i teplot\u00e1ch pod 0 &deg;C. Detailn\u00ed informace k v\u00fdrobku, postupy, hodnoty atd. jsou [&hellip;]\" \/>\n<meta property=\"og:url\" content=\"https:\/\/www.koupelnapro.com\/index.php\/produkt\/vikendova-akce-pistolove-peny-den-braven-pistolova-zimni-750ml-sl-8355\/\" \/>\n<meta property=\"og:image\" content=\"https:\/\/www.koupelnapro.com\/wp-content\/uploads\/2026\/SK0003715-CZ20260425-091742-0-1777079863-P-029495-00.webp\" \/>\n\t<meta property=\"og:image:width\" content=\"272\" \/>\n\t<meta property=\"og:image:height\" content=\"486\" \/>\n\t<meta property=\"og:image:type\" content=\"image\/webp\" \/>\n<meta name=\"twitter:card\" content=\"summary_large_image\" \/>\n<meta name=\"twitter:label1\" content=\"Odhadovan\u00e1 doba \u010dten\u00ed\" \/>\n\t<meta name=\"twitter:data1\" content=\"1 minuta\" \/>\n<script type=\"application\/ld+json\" class=\"yoast-schema-graph\">{\"@context\":\"https:\/\/schema.org\",\"@graph\":[{\"@type\":\"WebPage\",\"@id\":\"https:\/\/www.koupelnapro.com\/index.php\/produkt\/vikendova-akce-pistolove-peny-den-braven-pistolova-zimni-750ml-sl-8355\/\",\"url\":\"https:\/\/www.koupelnapro.com\/index.php\/produkt\/vikendova-akce-pistolove-peny-den-braven-pistolova-zimni-750ml-sl-8355\/\",\"name\":\"V\u00edkendov\u00e1 Akce Pistolov\u00e9 p\u011bny DEN BRAVEN - Pistolov\u00e1 zimn\u00ed 750ml SL -\",\"isPartOf\":{\"@id\":\"https:\/\/www.koupelnapro.com\/#website\"},\"primaryImageOfPage\":{\"@id\":\"https:\/\/www.koupelnapro.com\/index.php\/produkt\/vikendova-akce-pistolove-peny-den-braven-pistolova-zimni-750ml-sl-8355\/#primaryimage\"},\"image\":{\"@id\":\"https:\/\/www.koupelnapro.com\/index.php\/produkt\/vikendova-akce-pistolove-peny-den-braven-pistolova-zimni-750ml-sl-8355\/#primaryimage\"},\"thumbnailUrl\":\"https:\/\/www.koupelnapro.com\/wp-content\/uploads\/2026\/SK0003715-CZ20260425-091742-0-1777079863-P-029495-00.webp\",\"datePublished\":\"2026-04-26T09:13:21+00:00\",\"breadcrumb\":{\"@id\":\"https:\/\/www.koupelnapro.com\/index.php\/produkt\/vikendova-akce-pistolove-peny-den-braven-pistolova-zimni-750ml-sl-8355\/#breadcrumb\"},\"inLanguage\":\"cs\",\"potentialAction\":[{\"@type\":\"ReadAction\",\"target\":[\"https:\/\/www.koupelnapro.com\/index.php\/produkt\/vikendova-akce-pistolove-peny-den-braven-pistolova-zimni-750ml-sl-8355\/\"]}]},{\"@type\":\"ImageObject\",\"inLanguage\":\"cs\",\"@id\":\"https:\/\/www.koupelnapro.com\/index.php\/produkt\/vikendova-akce-pistolove-peny-den-braven-pistolova-zimni-750ml-sl-8355\/#primaryimage\",\"url\":\"https:\/\/www.koupelnapro.com\/wp-content\/uploads\/2026\/SK0003715-CZ20260425-091742-0-1777079863-P-029495-00.webp\",\"contentUrl\":\"https:\/\/www.koupelnapro.com\/wp-content\/uploads\/2026\/SK0003715-CZ20260425-091742-0-1777079863-P-029495-00.webp\",\"width\":272,\"height\":486},{\"@type\":\"BreadcrumbList\",\"@id\":\"https:\/\/www.koupelnapro.com\/index.php\/produkt\/vikendova-akce-pistolove-peny-den-braven-pistolova-zimni-750ml-sl-8355\/#breadcrumb\",\"itemListElement\":[{\"@type\":\"ListItem\",\"position\":1,\"name\":\"Home\",\"item\":\"https:\/\/www.koupelnapro.com\/\"},{\"@type\":\"ListItem\",\"position\":2,\"name\":\"Products\",\"item\":\"https:\/\/www.koupelnapro.com\/index.php\/products\/\"},{\"@type\":\"ListItem\",\"position\":3,\"name\":\"V\u00edkendov\u00e1 Akce Pistolov\u00e9 p\u011bny DEN BRAVEN &#8211; Pistolov\u00e1 zimn\u00ed 750ml SL\"}]},{\"@type\":\"WebSite\",\"@id\":\"https:\/\/www.koupelnapro.com\/#website\",\"url\":\"https:\/\/www.koupelnapro.com\/\",\"name\":\"\",\"description\":\"\",\"potentialAction\":[{\"@type\":\"SearchAction\",\"target\":{\"@type\":\"EntryPoint\",\"urlTemplate\":\"https:\/\/www.koupelnapro.com\/?s={search_term_string}\"},\"query-input\":{\"@type\":\"PropertyValueSpecification\",\"valueRequired\":true,\"valueName\":\"search_term_string\"}}],\"inLanguage\":\"cs\"}]}<\/script>\n<!-- \/ Yoast SEO plugin. -->","yoast_head_json":{"title":"V\u00edkendov\u00e1 Akce Pistolov\u00e9 p\u011bny DEN BRAVEN - Pistolov\u00e1 zimn\u00ed 750ml SL -","robots":{"index":"index","follow":"follow","max-snippet":"max-snippet:-1","max-image-preview":"max-image-preview:large","max-video-preview":"max-video-preview:-1"},"canonical":"https:\/\/www.koupelnapro.com\/index.php\/produkt\/vikendova-akce-pistolove-peny-den-braven-pistolova-zimni-750ml-sl-8355\/","og_locale":"cs_CZ","og_type":"article","og_title":"V\u00edkendov\u00e1 Akce Pistolov\u00e9 p\u011bny DEN BRAVEN - Pistolov\u00e1 zimn\u00ed 750ml SL -","og_description":"Popis produktu K v\u00fdplni d\u0159ev\u011bn\u00fdch obklad\u016f st\u011bn, k izolaci a zateplov\u00e1n\u00ed st\u0159e\u0161n\u00edch konstrukc\u00ed. Je vhodn\u00e1 i pro b\u011b\u017en\u00e9 vypl\u0148ov\u00e1n\u00ed sp\u00e1r p\u0159i mont\u00e1\u017ei okenn\u00edch r\u00e1m\u016f a dve\u0159n\u00edch z\u00e1rubn\u00ed nebo pro izolaci koupelnov\u00fdch van, vani\u010dek sprchov\u00fdch kout\u016f. Rovn\u011b\u017e v proveden\u00ed zimn\u00ed varianty pro pr\u00e1ci p\u0159i teplot\u00e1ch pod 0 &deg;C. Detailn\u00ed informace k v\u00fdrobku, postupy, hodnoty atd. jsou [&hellip;]","og_url":"https:\/\/www.koupelnapro.com\/index.php\/produkt\/vikendova-akce-pistolove-peny-den-braven-pistolova-zimni-750ml-sl-8355\/","og_image":[{"width":272,"height":486,"url":"https:\/\/www.koupelnapro.com\/wp-content\/uploads\/2026\/SK0003715-CZ20260425-091742-0-1777079863-P-029495-00.webp","type":"image\/webp"}],"twitter_card":"summary_large_image","twitter_misc":{"Odhadovan\u00e1 doba \u010dten\u00ed":"1 minuta"},"schema":{"@context":"https:\/\/schema.org","@graph":[{"@type":"WebPage","@id":"https:\/\/www.koupelnapro.com\/index.php\/produkt\/vikendova-akce-pistolove-peny-den-braven-pistolova-zimni-750ml-sl-8355\/","url":"https:\/\/www.koupelnapro.com\/index.php\/produkt\/vikendova-akce-pistolove-peny-den-braven-pistolova-zimni-750ml-sl-8355\/","name":"V\u00edkendov\u00e1 Akce Pistolov\u00e9 p\u011bny DEN BRAVEN - Pistolov\u00e1 zimn\u00ed 750ml SL -","isPartOf":{"@id":"https:\/\/www.koupelnapro.com\/#website"},"primaryImageOfPage":{"@id":"https:\/\/www.koupelnapro.com\/index.php\/produkt\/vikendova-akce-pistolove-peny-den-braven-pistolova-zimni-750ml-sl-8355\/#primaryimage"},"image":{"@id":"https:\/\/www.koupelnapro.com\/index.php\/produkt\/vikendova-akce-pistolove-peny-den-braven-pistolova-zimni-750ml-sl-8355\/#primaryimage"},"thumbnailUrl":"https:\/\/www.koupelnapro.com\/wp-content\/uploads\/2026\/SK0003715-CZ20260425-091742-0-1777079863-P-029495-00.webp","datePublished":"2026-04-26T09:13:21+00:00","breadcrumb":{"@id":"https:\/\/www.koupelnapro.com\/index.php\/produkt\/vikendova-akce-pistolove-peny-den-braven-pistolova-zimni-750ml-sl-8355\/#breadcrumb"},"inLanguage":"cs","potentialAction":[{"@type":"ReadAction","target":["https:\/\/www.koupelnapro.com\/index.php\/produkt\/vikendova-akce-pistolove-peny-den-braven-pistolova-zimni-750ml-sl-8355\/"]}]},{"@type":"ImageObject","inLanguage":"cs","@id":"https:\/\/www.koupelnapro.com\/index.php\/produkt\/vikendova-akce-pistolove-peny-den-braven-pistolova-zimni-750ml-sl-8355\/#primaryimage","url":"https:\/\/www.koupelnapro.com\/wp-content\/uploads\/2026\/SK0003715-CZ20260425-091742-0-1777079863-P-029495-00.webp","contentUrl":"https:\/\/www.koupelnapro.com\/wp-content\/uploads\/2026\/SK0003715-CZ20260425-091742-0-1777079863-P-029495-00.webp","width":272,"height":486},{"@type":"BreadcrumbList","@id":"https:\/\/www.koupelnapro.com\/index.php\/produkt\/vikendova-akce-pistolove-peny-den-braven-pistolova-zimni-750ml-sl-8355\/#breadcrumb","itemListElement":[{"@type":"ListItem","position":1,"name":"Home","item":"https:\/\/www.koupelnapro.com\/"},{"@type":"ListItem","position":2,"name":"Products","item":"https:\/\/www.koupelnapro.com\/index.php\/products\/"},{"@type":"ListItem","position":3,"name":"V\u00edkendov\u00e1 Akce Pistolov\u00e9 p\u011bny DEN BRAVEN &#8211; Pistolov\u00e1 zimn\u00ed 750ml SL"}]},{"@type":"WebSite","@id":"https:\/\/www.koupelnapro.com\/#website","url":"https:\/\/www.koupelnapro.com\/","name":"","description":"","potentialAction":[{"@type":"SearchAction","target":{"@type":"EntryPoint","urlTemplate":"https:\/\/www.koupelnapro.com\/?s={search_term_string}"},"query-input":{"@type":"PropertyValueSpecification","valueRequired":true,"valueName":"search_term_string"}}],"inLanguage":"cs"}]}},"_links":{"self":[{"href":"https:\/\/www.koupelnapro.com\/index.php\/wp-json\/wp\/v2\/product\/8355","targetHints":{"allow":["GET"]}}],"collection":[{"href":"https:\/\/www.koupelnapro.com\/index.php\/wp-json\/wp\/v2\/product"}],"about":[{"href":"https:\/\/www.koupelnapro.com\/index.php\/wp-json\/wp\/v2\/types\/product"}],"replies":[{"embeddable":true,"href":"https:\/\/www.koupelnapro.com\/index.php\/wp-json\/wp\/v2\/comments?post=8355"}],"wp:featuredmedia":[{"embeddable":true,"href":"https:\/\/www.koupelnapro.com\/index.php\/wp-json\/wp\/v2\/media\/8455"}],"wp:attachment":[{"href":"https:\/\/www.koupelnapro.com\/index.php\/wp-json\/wp\/v2\/media?parent=8355"}],"wp:term":[{"taxonomy":"product_brand","embeddable":true,"href":"https:\/\/www.koupelnapro.com\/index.php\/wp-json\/wp\/v2\/product_brand?post=8355"},{"taxonomy":"product_cat","embeddable":true,"href":"https:\/\/www.koupelnapro.com\/index.php\/wp-json\/wp\/v2\/product_cat?post=8355"},{"taxonomy":"product_tag","embeddable":true,"href":"https:\/\/www.koupelnapro.com\/index.php\/wp-json\/wp\/v2\/product_tag?post=8355"}],"curies":[{"name":"wp","href":"https:\/\/api.w.org\/{rel}","templated":true}]}}