{"id":8190,"date":"2026-04-26T09:13:20","date_gmt":"2026-04-26T09:13:20","guid":{"rendered":""},"modified":"2026-04-26T09:13:20","modified_gmt":"2026-04-26T09:13:20","slug":"pasky-k-foliim-norton-ppk-pen-pod-kontralat-60mmx30m-novinka-8190","status":"publish","type":"product","link":"https:\/\/www.koupelnapro.com\/index.php\/produkt\/pasky-k-foliim-norton-ppk-pen-pod-kontralat-60mmx30m-novinka-8190\/","title":{"rendered":"P\u00e1sky k foli\u00edm NORTON &#8211; PPK p\u011bn.pod kontrala\u0165 60mmx30m Novinka"},"content":{"rendered":"<div class=\"ResponseTabButton\">Popis produktu<\/div>\n<div class=\"TabContent\">\n<p>Samolep\u00edc\u00ed p\u00e1sky z p\u011bn\u011bn\u00e9ho, zes\u00edt\u011bn\u00e9ho polyetylenu s uzav\u0159enou strukturou bun\u011bk. Tato technologie zaji\u0161\u0165uje v\u00fdrazn\u011b vy\u0161\u0161\u00ed kvalitu oproti b\u011b\u017en\u00fdm PE p\u00e1sk\u00e1m. P\u00e1sky odol\u00e1vaj\u00ed r\u016fzn\u00fdm druh\u016fm chemik\u00e1li\u00ed a maj\u00ed \u0161irok\u00fd tepeln\u00fd rozsah pou\u017eit\u00ed. Z\u00e1sadn\u00ed v\u00fdhodou t\u011bchto p\u00e1sek je jejich tvarov\u00e1 a obecn\u011b kvalitativn\u00ed st\u00e1lost<\/p>\n<\/p><\/div>\n<\/p><\/div>\n<\/p><\/div>\n<\/p><\/div>\n<\/div>\n","protected":false},"excerpt":{"rendered":"<p>Popis produktu Samolep\u00edc\u00ed p\u00e1sky z p\u011bn\u011bn\u00e9ho, zes\u00edt\u011bn\u00e9ho polyetylenu s uzav\u0159enou strukturou bun\u011bk. Tato technologie zaji\u0161\u0165uje v\u00fdrazn\u011b vy\u0161\u0161\u00ed kvalitu oproti b\u011b\u017en\u00fdm PE p\u00e1sk\u00e1m. P\u00e1sky odol\u00e1vaj\u00ed r\u016fzn\u00fdm druh\u016fm chemik\u00e1li\u00ed a maj\u00ed \u0161irok\u00fd tepeln\u00fd rozsah pou\u017eit\u00ed. Z\u00e1sadn\u00ed v\u00fdhodou t\u011bchto p\u00e1sek je jejich tvarov\u00e1 a obecn\u011b kvalitativn\u00ed st\u00e1lost<\/p>\n","protected":false},"featured_media":8290,"comment_status":"open","ping_status":"open","template":"","meta":[],"product_brand":[],"product_cat":[57],"product_tag":[],"class_list":{"0":"post-8190","1":"product","2":"type-product","3":"status-publish","4":"has-post-thumbnail","6":"product_cat-stresni-folie","8":"first","9":"instock","10":"sale","11":"shipping-taxable","12":"purchasable","13":"product-type-simple"},"yoast_head":"<!-- This site is optimized with the Yoast SEO plugin v26.8 - https:\/\/yoast.com\/product\/yoast-seo-wordpress\/ -->\n<title>P\u00e1sky k foli\u00edm NORTON - PPK p\u011bn.pod kontrala\u0165 60mmx30m Novinka -<\/title>\n<meta name=\"robots\" content=\"index, follow, max-snippet:-1, max-image-preview:large, max-video-preview:-1\" \/>\n<link rel=\"canonical\" href=\"https:\/\/www.koupelnapro.com\/index.php\/produkt\/pasky-k-foliim-norton-ppk-pen-pod-kontralat-60mmx30m-novinka-8190\/\" \/>\n<meta property=\"og:locale\" content=\"cs_CZ\" \/>\n<meta property=\"og:type\" content=\"article\" \/>\n<meta property=\"og:title\" content=\"P\u00e1sky k foli\u00edm NORTON - PPK p\u011bn.pod kontrala\u0165 60mmx30m Novinka -\" \/>\n<meta property=\"og:description\" content=\"Popis produktu Samolep\u00edc\u00ed p\u00e1sky z p\u011bn\u011bn\u00e9ho, zes\u00edt\u011bn\u00e9ho polyetylenu s uzav\u0159enou strukturou bun\u011bk. Tato technologie zaji\u0161\u0165uje v\u00fdrazn\u011b vy\u0161\u0161\u00ed kvalitu oproti b\u011b\u017en\u00fdm PE p\u00e1sk\u00e1m. P\u00e1sky odol\u00e1vaj\u00ed r\u016fzn\u00fdm druh\u016fm chemik\u00e1li\u00ed a maj\u00ed \u0161irok\u00fd tepeln\u00fd rozsah pou\u017eit\u00ed. Z\u00e1sadn\u00ed v\u00fdhodou t\u011bchto p\u00e1sek je jejich tvarov\u00e1 a obecn\u011b kvalitativn\u00ed st\u00e1lost\" \/>\n<meta property=\"og:url\" content=\"https:\/\/www.koupelnapro.com\/index.php\/produkt\/pasky-k-foliim-norton-ppk-pen-pod-kontralat-60mmx30m-novinka-8190\/\" \/>\n<meta property=\"og:image\" content=\"https:\/\/www.koupelnapro.com\/wp-content\/uploads\/2026\/SK0003648-CZ20260425-091742-0-1777079863-P-032119-00.webp\" \/>\n\t<meta property=\"og:image:width\" content=\"1000\" \/>\n\t<meta property=\"og:image:height\" content=\"562\" \/>\n\t<meta property=\"og:image:type\" content=\"image\/webp\" \/>\n<meta name=\"twitter:card\" content=\"summary_large_image\" \/>\n<script type=\"application\/ld+json\" class=\"yoast-schema-graph\">{\"@context\":\"https:\/\/schema.org\",\"@graph\":[{\"@type\":\"WebPage\",\"@id\":\"https:\/\/www.koupelnapro.com\/index.php\/produkt\/pasky-k-foliim-norton-ppk-pen-pod-kontralat-60mmx30m-novinka-8190\/\",\"url\":\"https:\/\/www.koupelnapro.com\/index.php\/produkt\/pasky-k-foliim-norton-ppk-pen-pod-kontralat-60mmx30m-novinka-8190\/\",\"name\":\"P\u00e1sky k foli\u00edm NORTON - PPK p\u011bn.pod kontrala\u0165 60mmx30m Novinka -\",\"isPartOf\":{\"@id\":\"https:\/\/www.koupelnapro.com\/#website\"},\"primaryImageOfPage\":{\"@id\":\"https:\/\/www.koupelnapro.com\/index.php\/produkt\/pasky-k-foliim-norton-ppk-pen-pod-kontralat-60mmx30m-novinka-8190\/#primaryimage\"},\"image\":{\"@id\":\"https:\/\/www.koupelnapro.com\/index.php\/produkt\/pasky-k-foliim-norton-ppk-pen-pod-kontralat-60mmx30m-novinka-8190\/#primaryimage\"},\"thumbnailUrl\":\"https:\/\/www.koupelnapro.com\/wp-content\/uploads\/2026\/SK0003648-CZ20260425-091742-0-1777079863-P-032119-00.webp\",\"datePublished\":\"2026-04-26T09:13:20+00:00\",\"breadcrumb\":{\"@id\":\"https:\/\/www.koupelnapro.com\/index.php\/produkt\/pasky-k-foliim-norton-ppk-pen-pod-kontralat-60mmx30m-novinka-8190\/#breadcrumb\"},\"inLanguage\":\"cs\",\"potentialAction\":[{\"@type\":\"ReadAction\",\"target\":[\"https:\/\/www.koupelnapro.com\/index.php\/produkt\/pasky-k-foliim-norton-ppk-pen-pod-kontralat-60mmx30m-novinka-8190\/\"]}]},{\"@type\":\"ImageObject\",\"inLanguage\":\"cs\",\"@id\":\"https:\/\/www.koupelnapro.com\/index.php\/produkt\/pasky-k-foliim-norton-ppk-pen-pod-kontralat-60mmx30m-novinka-8190\/#primaryimage\",\"url\":\"https:\/\/www.koupelnapro.com\/wp-content\/uploads\/2026\/SK0003648-CZ20260425-091742-0-1777079863-P-032119-00.webp\",\"contentUrl\":\"https:\/\/www.koupelnapro.com\/wp-content\/uploads\/2026\/SK0003648-CZ20260425-091742-0-1777079863-P-032119-00.webp\",\"width\":1000,\"height\":562},{\"@type\":\"BreadcrumbList\",\"@id\":\"https:\/\/www.koupelnapro.com\/index.php\/produkt\/pasky-k-foliim-norton-ppk-pen-pod-kontralat-60mmx30m-novinka-8190\/#breadcrumb\",\"itemListElement\":[{\"@type\":\"ListItem\",\"position\":1,\"name\":\"Home\",\"item\":\"https:\/\/www.koupelnapro.com\/\"},{\"@type\":\"ListItem\",\"position\":2,\"name\":\"Products\",\"item\":\"https:\/\/www.koupelnapro.com\/index.php\/products\/\"},{\"@type\":\"ListItem\",\"position\":3,\"name\":\"P\u00e1sky k foli\u00edm NORTON &#8211; PPK p\u011bn.pod kontrala\u0165 60mmx30m Novinka\"}]},{\"@type\":\"WebSite\",\"@id\":\"https:\/\/www.koupelnapro.com\/#website\",\"url\":\"https:\/\/www.koupelnapro.com\/\",\"name\":\"\",\"description\":\"\",\"potentialAction\":[{\"@type\":\"SearchAction\",\"target\":{\"@type\":\"EntryPoint\",\"urlTemplate\":\"https:\/\/www.koupelnapro.com\/?s={search_term_string}\"},\"query-input\":{\"@type\":\"PropertyValueSpecification\",\"valueRequired\":true,\"valueName\":\"search_term_string\"}}],\"inLanguage\":\"cs\"}]}<\/script>\n<!-- \/ Yoast SEO plugin. -->","yoast_head_json":{"title":"P\u00e1sky k foli\u00edm NORTON - PPK p\u011bn.pod kontrala\u0165 60mmx30m Novinka -","robots":{"index":"index","follow":"follow","max-snippet":"max-snippet:-1","max-image-preview":"max-image-preview:large","max-video-preview":"max-video-preview:-1"},"canonical":"https:\/\/www.koupelnapro.com\/index.php\/produkt\/pasky-k-foliim-norton-ppk-pen-pod-kontralat-60mmx30m-novinka-8190\/","og_locale":"cs_CZ","og_type":"article","og_title":"P\u00e1sky k foli\u00edm NORTON - PPK p\u011bn.pod kontrala\u0165 60mmx30m Novinka -","og_description":"Popis produktu Samolep\u00edc\u00ed p\u00e1sky z p\u011bn\u011bn\u00e9ho, zes\u00edt\u011bn\u00e9ho polyetylenu s uzav\u0159enou strukturou bun\u011bk. Tato technologie zaji\u0161\u0165uje v\u00fdrazn\u011b vy\u0161\u0161\u00ed kvalitu oproti b\u011b\u017en\u00fdm PE p\u00e1sk\u00e1m. P\u00e1sky odol\u00e1vaj\u00ed r\u016fzn\u00fdm druh\u016fm chemik\u00e1li\u00ed a maj\u00ed \u0161irok\u00fd tepeln\u00fd rozsah pou\u017eit\u00ed. Z\u00e1sadn\u00ed v\u00fdhodou t\u011bchto p\u00e1sek je jejich tvarov\u00e1 a obecn\u011b kvalitativn\u00ed st\u00e1lost","og_url":"https:\/\/www.koupelnapro.com\/index.php\/produkt\/pasky-k-foliim-norton-ppk-pen-pod-kontralat-60mmx30m-novinka-8190\/","og_image":[{"width":1000,"height":562,"url":"https:\/\/www.koupelnapro.com\/wp-content\/uploads\/2026\/SK0003648-CZ20260425-091742-0-1777079863-P-032119-00.webp","type":"image\/webp"}],"twitter_card":"summary_large_image","schema":{"@context":"https:\/\/schema.org","@graph":[{"@type":"WebPage","@id":"https:\/\/www.koupelnapro.com\/index.php\/produkt\/pasky-k-foliim-norton-ppk-pen-pod-kontralat-60mmx30m-novinka-8190\/","url":"https:\/\/www.koupelnapro.com\/index.php\/produkt\/pasky-k-foliim-norton-ppk-pen-pod-kontralat-60mmx30m-novinka-8190\/","name":"P\u00e1sky k foli\u00edm NORTON - PPK p\u011bn.pod kontrala\u0165 60mmx30m Novinka -","isPartOf":{"@id":"https:\/\/www.koupelnapro.com\/#website"},"primaryImageOfPage":{"@id":"https:\/\/www.koupelnapro.com\/index.php\/produkt\/pasky-k-foliim-norton-ppk-pen-pod-kontralat-60mmx30m-novinka-8190\/#primaryimage"},"image":{"@id":"https:\/\/www.koupelnapro.com\/index.php\/produkt\/pasky-k-foliim-norton-ppk-pen-pod-kontralat-60mmx30m-novinka-8190\/#primaryimage"},"thumbnailUrl":"https:\/\/www.koupelnapro.com\/wp-content\/uploads\/2026\/SK0003648-CZ20260425-091742-0-1777079863-P-032119-00.webp","datePublished":"2026-04-26T09:13:20+00:00","breadcrumb":{"@id":"https:\/\/www.koupelnapro.com\/index.php\/produkt\/pasky-k-foliim-norton-ppk-pen-pod-kontralat-60mmx30m-novinka-8190\/#breadcrumb"},"inLanguage":"cs","potentialAction":[{"@type":"ReadAction","target":["https:\/\/www.koupelnapro.com\/index.php\/produkt\/pasky-k-foliim-norton-ppk-pen-pod-kontralat-60mmx30m-novinka-8190\/"]}]},{"@type":"ImageObject","inLanguage":"cs","@id":"https:\/\/www.koupelnapro.com\/index.php\/produkt\/pasky-k-foliim-norton-ppk-pen-pod-kontralat-60mmx30m-novinka-8190\/#primaryimage","url":"https:\/\/www.koupelnapro.com\/wp-content\/uploads\/2026\/SK0003648-CZ20260425-091742-0-1777079863-P-032119-00.webp","contentUrl":"https:\/\/www.koupelnapro.com\/wp-content\/uploads\/2026\/SK0003648-CZ20260425-091742-0-1777079863-P-032119-00.webp","width":1000,"height":562},{"@type":"BreadcrumbList","@id":"https:\/\/www.koupelnapro.com\/index.php\/produkt\/pasky-k-foliim-norton-ppk-pen-pod-kontralat-60mmx30m-novinka-8190\/#breadcrumb","itemListElement":[{"@type":"ListItem","position":1,"name":"Home","item":"https:\/\/www.koupelnapro.com\/"},{"@type":"ListItem","position":2,"name":"Products","item":"https:\/\/www.koupelnapro.com\/index.php\/products\/"},{"@type":"ListItem","position":3,"name":"P\u00e1sky k foli\u00edm NORTON &#8211; PPK p\u011bn.pod kontrala\u0165 60mmx30m Novinka"}]},{"@type":"WebSite","@id":"https:\/\/www.koupelnapro.com\/#website","url":"https:\/\/www.koupelnapro.com\/","name":"","description":"","potentialAction":[{"@type":"SearchAction","target":{"@type":"EntryPoint","urlTemplate":"https:\/\/www.koupelnapro.com\/?s={search_term_string}"},"query-input":{"@type":"PropertyValueSpecification","valueRequired":true,"valueName":"search_term_string"}}],"inLanguage":"cs"}]}},"_links":{"self":[{"href":"https:\/\/www.koupelnapro.com\/index.php\/wp-json\/wp\/v2\/product\/8190","targetHints":{"allow":["GET"]}}],"collection":[{"href":"https:\/\/www.koupelnapro.com\/index.php\/wp-json\/wp\/v2\/product"}],"about":[{"href":"https:\/\/www.koupelnapro.com\/index.php\/wp-json\/wp\/v2\/types\/product"}],"replies":[{"embeddable":true,"href":"https:\/\/www.koupelnapro.com\/index.php\/wp-json\/wp\/v2\/comments?post=8190"}],"wp:featuredmedia":[{"embeddable":true,"href":"https:\/\/www.koupelnapro.com\/index.php\/wp-json\/wp\/v2\/media\/8290"}],"wp:attachment":[{"href":"https:\/\/www.koupelnapro.com\/index.php\/wp-json\/wp\/v2\/media?parent=8190"}],"wp:term":[{"taxonomy":"product_brand","embeddable":true,"href":"https:\/\/www.koupelnapro.com\/index.php\/wp-json\/wp\/v2\/product_brand?post=8190"},{"taxonomy":"product_cat","embeddable":true,"href":"https:\/\/www.koupelnapro.com\/index.php\/wp-json\/wp\/v2\/product_cat?post=8190"},{"taxonomy":"product_tag","embeddable":true,"href":"https:\/\/www.koupelnapro.com\/index.php\/wp-json\/wp\/v2\/product_tag?post=8190"}],"curies":[{"name":"wp","href":"https:\/\/api.w.org\/{rel}","templated":true}]}}