{"id":8172,"date":"2026-04-26T09:13:20","date_gmt":"2026-04-26T09:13:20","guid":{"rendered":""},"modified":"2026-04-26T09:13:20","modified_gmt":"2026-04-26T09:13:20","slug":"nejlepsi-volba-parozabrany-parotesna-membran-100-ro75m2-8172","status":"publish","type":"product","link":"https:\/\/www.koupelnapro.com\/index.php\/produkt\/nejlepsi-volba-parozabrany-parotesna-membran-100-ro75m2-8172\/","title":{"rendered":"Nejlep\u0161\u00ed Volba Paroz\u00e1brany  &#8211; Parot\u011bsn\u00e1 Membran 100 (ro75m2)"},"content":{"rendered":"<div class=\"ResponseTabButton\">Popis produktu<\/div>\n<div class=\"TabContent\">\n<div><font color=\"#000000\">F\u00f3lie Bramac Membran 100 pln\u00ed vzduchot\u011bsnou i parot\u011bsnou funkci &#8211; tedy zabra\u0148uje pronik\u00e1n\u00ed vlhkosti z interi\u00e9ru do st\u0159e\u0161n\u00edho pl\u00e1\u0161t\u011b (jednak difuzn\u00ed a jednak zp\u016fsoben\u00e9 proud\u011bn\u00edm vzduchu). Pou\u017eit\u00ed vzduchot\u011bsn\u011b parot\u011bsn\u00e9 f\u00f3lie Bramac Membran 100 nen\u00ed limitov\u00e1no st\u0159e\u0161n\u00edm sklonem.<\/font><\/div>\n<div><font color=\"#000000\">&nbsp;<\/font><\/div>\n<div><font color=\"#000000\">Pou\u017eit\u00ed: parot\u011bsn\u00e1\/vzduchot\u011bsn\u00e1 f\u00f3lie s reflexn\u00edm <\/font><\/div>\n<div><font color=\"#000000\">Materi\u00e1l: 3vrstv\u00e1 polypropylenov\u00e1 netkan\u00e1 textilie s hlin\u00edkovou vrstvou a polyolefinovou povrchovou \u00fapravou <\/font><\/div>\n<div><font color=\"#000000\">Plo\u0161n\u00e1 hmotnost: 148 &plusmn; 10 g\/m2 <\/font><\/div>\n<div><font color=\"#000000\">Ekvivalentn\u00ed difuzn\u00ed tlou\u0161\u0165ka sd (EN 12572): &gt; 100 m <\/font><\/div>\n<div><font color=\"#000000\">Pevnost v tahu (EN 12311-1): pod\u00e9ln\u011b 280 N\/5cm, p\u0159\u00ed\u010dn\u011b 280 N\/5cm <\/font><\/div>\n<div><font color=\"#000000\">Odolnost proti UV z\u00e1\u0159en\u00ed (EN 1297-1): 2 m\u011bs\u00edce &nbsp;<\/font><\/div>\n<\/p><\/div>\n<\/p><\/div>\n<\/p><\/div>\n<\/p><\/div>\n<\/div>\n","protected":false},"excerpt":{"rendered":"<p>Popis produktu F\u00f3lie Bramac Membran 100 pln\u00ed vzduchot\u011bsnou i parot\u011bsnou funkci &#8211; tedy zabra\u0148uje pronik\u00e1n\u00ed vlhkosti z interi\u00e9ru do st\u0159e\u0161n\u00edho pl\u00e1\u0161t\u011b (jednak difuzn\u00ed a jednak zp\u016fsoben\u00e9 proud\u011bn\u00edm vzduchu). Pou\u017eit\u00ed vzduchot\u011bsn\u011b parot\u011bsn\u00e9 f\u00f3lie Bramac Membran 100 nen\u00ed limitov\u00e1no st\u0159e\u0161n\u00edm sklonem. &nbsp; Pou\u017eit\u00ed: parot\u011bsn\u00e1\/vzduchot\u011bsn\u00e1 f\u00f3lie s reflexn\u00edm Materi\u00e1l: 3vrstv\u00e1 polypropylenov\u00e1 netkan\u00e1 textilie s hlin\u00edkovou vrstvou a polyolefinovou [&hellip;]<\/p>\n","protected":false},"featured_media":8272,"comment_status":"open","ping_status":"open","template":"","meta":[],"product_brand":[],"product_cat":[57],"product_tag":[],"class_list":{"0":"post-8172","1":"product","2":"type-product","3":"status-publish","4":"has-post-thumbnail","6":"product_cat-stresni-folie","8":"first","9":"instock","10":"sale","11":"shipping-taxable","12":"purchasable","13":"product-type-simple"},"yoast_head":"<!-- This site is optimized with the Yoast SEO plugin v26.8 - https:\/\/yoast.com\/product\/yoast-seo-wordpress\/ -->\n<title>Nejlep\u0161\u00ed Volba Paroz\u00e1brany - Parot\u011bsn\u00e1 Membran 100 (ro75m2) -<\/title>\n<meta name=\"robots\" content=\"index, follow, max-snippet:-1, max-image-preview:large, max-video-preview:-1\" \/>\n<link rel=\"canonical\" href=\"https:\/\/www.koupelnapro.com\/index.php\/produkt\/nejlepsi-volba-parozabrany-parotesna-membran-100-ro75m2-8172\/\" \/>\n<meta property=\"og:locale\" content=\"cs_CZ\" \/>\n<meta property=\"og:type\" content=\"article\" \/>\n<meta property=\"og:title\" content=\"Nejlep\u0161\u00ed Volba Paroz\u00e1brany - Parot\u011bsn\u00e1 Membran 100 (ro75m2) -\" \/>\n<meta property=\"og:description\" content=\"Popis produktu F\u00f3lie Bramac Membran 100 pln\u00ed vzduchot\u011bsnou i parot\u011bsnou funkci &#8211; tedy zabra\u0148uje pronik\u00e1n\u00ed vlhkosti z interi\u00e9ru do st\u0159e\u0161n\u00edho pl\u00e1\u0161t\u011b (jednak difuzn\u00ed a jednak zp\u016fsoben\u00e9 proud\u011bn\u00edm vzduchu). Pou\u017eit\u00ed vzduchot\u011bsn\u011b parot\u011bsn\u00e9 f\u00f3lie Bramac Membran 100 nen\u00ed limitov\u00e1no st\u0159e\u0161n\u00edm sklonem. &nbsp; Pou\u017eit\u00ed: parot\u011bsn\u00e1\/vzduchot\u011bsn\u00e1 f\u00f3lie s reflexn\u00edm Materi\u00e1l: 3vrstv\u00e1 polypropylenov\u00e1 netkan\u00e1 textilie s hlin\u00edkovou vrstvou a polyolefinovou [&hellip;]\" \/>\n<meta property=\"og:url\" content=\"https:\/\/www.koupelnapro.com\/index.php\/produkt\/nejlepsi-volba-parozabrany-parotesna-membran-100-ro75m2-8172\/\" \/>\n<meta property=\"og:image\" content=\"https:\/\/www.koupelnapro.com\/wp-content\/uploads\/2026\/SK0003630-CZ20260425-091742-0-1777079863-P-035615-00.webp\" \/>\n\t<meta property=\"og:image:width\" content=\"306\" \/>\n\t<meta property=\"og:image:height\" content=\"364\" \/>\n\t<meta property=\"og:image:type\" content=\"image\/webp\" \/>\n<meta name=\"twitter:card\" content=\"summary_large_image\" \/>\n<meta name=\"twitter:label1\" content=\"Odhadovan\u00e1 doba \u010dten\u00ed\" \/>\n\t<meta name=\"twitter:data1\" content=\"1 minuta\" \/>\n<script type=\"application\/ld+json\" class=\"yoast-schema-graph\">{\"@context\":\"https:\/\/schema.org\",\"@graph\":[{\"@type\":\"WebPage\",\"@id\":\"https:\/\/www.koupelnapro.com\/index.php\/produkt\/nejlepsi-volba-parozabrany-parotesna-membran-100-ro75m2-8172\/\",\"url\":\"https:\/\/www.koupelnapro.com\/index.php\/produkt\/nejlepsi-volba-parozabrany-parotesna-membran-100-ro75m2-8172\/\",\"name\":\"Nejlep\u0161\u00ed Volba Paroz\u00e1brany - Parot\u011bsn\u00e1 Membran 100 (ro75m2) -\",\"isPartOf\":{\"@id\":\"https:\/\/www.koupelnapro.com\/#website\"},\"primaryImageOfPage\":{\"@id\":\"https:\/\/www.koupelnapro.com\/index.php\/produkt\/nejlepsi-volba-parozabrany-parotesna-membran-100-ro75m2-8172\/#primaryimage\"},\"image\":{\"@id\":\"https:\/\/www.koupelnapro.com\/index.php\/produkt\/nejlepsi-volba-parozabrany-parotesna-membran-100-ro75m2-8172\/#primaryimage\"},\"thumbnailUrl\":\"https:\/\/www.koupelnapro.com\/wp-content\/uploads\/2026\/SK0003630-CZ20260425-091742-0-1777079863-P-035615-00.webp\",\"datePublished\":\"2026-04-26T09:13:20+00:00\",\"breadcrumb\":{\"@id\":\"https:\/\/www.koupelnapro.com\/index.php\/produkt\/nejlepsi-volba-parozabrany-parotesna-membran-100-ro75m2-8172\/#breadcrumb\"},\"inLanguage\":\"cs\",\"potentialAction\":[{\"@type\":\"ReadAction\",\"target\":[\"https:\/\/www.koupelnapro.com\/index.php\/produkt\/nejlepsi-volba-parozabrany-parotesna-membran-100-ro75m2-8172\/\"]}]},{\"@type\":\"ImageObject\",\"inLanguage\":\"cs\",\"@id\":\"https:\/\/www.koupelnapro.com\/index.php\/produkt\/nejlepsi-volba-parozabrany-parotesna-membran-100-ro75m2-8172\/#primaryimage\",\"url\":\"https:\/\/www.koupelnapro.com\/wp-content\/uploads\/2026\/SK0003630-CZ20260425-091742-0-1777079863-P-035615-00.webp\",\"contentUrl\":\"https:\/\/www.koupelnapro.com\/wp-content\/uploads\/2026\/SK0003630-CZ20260425-091742-0-1777079863-P-035615-00.webp\",\"width\":306,\"height\":364},{\"@type\":\"BreadcrumbList\",\"@id\":\"https:\/\/www.koupelnapro.com\/index.php\/produkt\/nejlepsi-volba-parozabrany-parotesna-membran-100-ro75m2-8172\/#breadcrumb\",\"itemListElement\":[{\"@type\":\"ListItem\",\"position\":1,\"name\":\"Home\",\"item\":\"https:\/\/www.koupelnapro.com\/\"},{\"@type\":\"ListItem\",\"position\":2,\"name\":\"Products\",\"item\":\"https:\/\/www.koupelnapro.com\/index.php\/products\/\"},{\"@type\":\"ListItem\",\"position\":3,\"name\":\"Nejlep\u0161\u00ed Volba Paroz\u00e1brany &#8211; Parot\u011bsn\u00e1 Membran 100 (ro75m2)\"}]},{\"@type\":\"WebSite\",\"@id\":\"https:\/\/www.koupelnapro.com\/#website\",\"url\":\"https:\/\/www.koupelnapro.com\/\",\"name\":\"\",\"description\":\"\",\"potentialAction\":[{\"@type\":\"SearchAction\",\"target\":{\"@type\":\"EntryPoint\",\"urlTemplate\":\"https:\/\/www.koupelnapro.com\/?s={search_term_string}\"},\"query-input\":{\"@type\":\"PropertyValueSpecification\",\"valueRequired\":true,\"valueName\":\"search_term_string\"}}],\"inLanguage\":\"cs\"}]}<\/script>\n<!-- \/ Yoast SEO plugin. -->","yoast_head_json":{"title":"Nejlep\u0161\u00ed Volba Paroz\u00e1brany - Parot\u011bsn\u00e1 Membran 100 (ro75m2) -","robots":{"index":"index","follow":"follow","max-snippet":"max-snippet:-1","max-image-preview":"max-image-preview:large","max-video-preview":"max-video-preview:-1"},"canonical":"https:\/\/www.koupelnapro.com\/index.php\/produkt\/nejlepsi-volba-parozabrany-parotesna-membran-100-ro75m2-8172\/","og_locale":"cs_CZ","og_type":"article","og_title":"Nejlep\u0161\u00ed Volba Paroz\u00e1brany - Parot\u011bsn\u00e1 Membran 100 (ro75m2) -","og_description":"Popis produktu F\u00f3lie Bramac Membran 100 pln\u00ed vzduchot\u011bsnou i parot\u011bsnou funkci &#8211; tedy zabra\u0148uje pronik\u00e1n\u00ed vlhkosti z interi\u00e9ru do st\u0159e\u0161n\u00edho pl\u00e1\u0161t\u011b (jednak difuzn\u00ed a jednak zp\u016fsoben\u00e9 proud\u011bn\u00edm vzduchu). Pou\u017eit\u00ed vzduchot\u011bsn\u011b parot\u011bsn\u00e9 f\u00f3lie Bramac Membran 100 nen\u00ed limitov\u00e1no st\u0159e\u0161n\u00edm sklonem. &nbsp; Pou\u017eit\u00ed: parot\u011bsn\u00e1\/vzduchot\u011bsn\u00e1 f\u00f3lie s reflexn\u00edm Materi\u00e1l: 3vrstv\u00e1 polypropylenov\u00e1 netkan\u00e1 textilie s hlin\u00edkovou vrstvou a polyolefinovou [&hellip;]","og_url":"https:\/\/www.koupelnapro.com\/index.php\/produkt\/nejlepsi-volba-parozabrany-parotesna-membran-100-ro75m2-8172\/","og_image":[{"width":306,"height":364,"url":"https:\/\/www.koupelnapro.com\/wp-content\/uploads\/2026\/SK0003630-CZ20260425-091742-0-1777079863-P-035615-00.webp","type":"image\/webp"}],"twitter_card":"summary_large_image","twitter_misc":{"Odhadovan\u00e1 doba \u010dten\u00ed":"1 minuta"},"schema":{"@context":"https:\/\/schema.org","@graph":[{"@type":"WebPage","@id":"https:\/\/www.koupelnapro.com\/index.php\/produkt\/nejlepsi-volba-parozabrany-parotesna-membran-100-ro75m2-8172\/","url":"https:\/\/www.koupelnapro.com\/index.php\/produkt\/nejlepsi-volba-parozabrany-parotesna-membran-100-ro75m2-8172\/","name":"Nejlep\u0161\u00ed Volba Paroz\u00e1brany - Parot\u011bsn\u00e1 Membran 100 (ro75m2) -","isPartOf":{"@id":"https:\/\/www.koupelnapro.com\/#website"},"primaryImageOfPage":{"@id":"https:\/\/www.koupelnapro.com\/index.php\/produkt\/nejlepsi-volba-parozabrany-parotesna-membran-100-ro75m2-8172\/#primaryimage"},"image":{"@id":"https:\/\/www.koupelnapro.com\/index.php\/produkt\/nejlepsi-volba-parozabrany-parotesna-membran-100-ro75m2-8172\/#primaryimage"},"thumbnailUrl":"https:\/\/www.koupelnapro.com\/wp-content\/uploads\/2026\/SK0003630-CZ20260425-091742-0-1777079863-P-035615-00.webp","datePublished":"2026-04-26T09:13:20+00:00","breadcrumb":{"@id":"https:\/\/www.koupelnapro.com\/index.php\/produkt\/nejlepsi-volba-parozabrany-parotesna-membran-100-ro75m2-8172\/#breadcrumb"},"inLanguage":"cs","potentialAction":[{"@type":"ReadAction","target":["https:\/\/www.koupelnapro.com\/index.php\/produkt\/nejlepsi-volba-parozabrany-parotesna-membran-100-ro75m2-8172\/"]}]},{"@type":"ImageObject","inLanguage":"cs","@id":"https:\/\/www.koupelnapro.com\/index.php\/produkt\/nejlepsi-volba-parozabrany-parotesna-membran-100-ro75m2-8172\/#primaryimage","url":"https:\/\/www.koupelnapro.com\/wp-content\/uploads\/2026\/SK0003630-CZ20260425-091742-0-1777079863-P-035615-00.webp","contentUrl":"https:\/\/www.koupelnapro.com\/wp-content\/uploads\/2026\/SK0003630-CZ20260425-091742-0-1777079863-P-035615-00.webp","width":306,"height":364},{"@type":"BreadcrumbList","@id":"https:\/\/www.koupelnapro.com\/index.php\/produkt\/nejlepsi-volba-parozabrany-parotesna-membran-100-ro75m2-8172\/#breadcrumb","itemListElement":[{"@type":"ListItem","position":1,"name":"Home","item":"https:\/\/www.koupelnapro.com\/"},{"@type":"ListItem","position":2,"name":"Products","item":"https:\/\/www.koupelnapro.com\/index.php\/products\/"},{"@type":"ListItem","position":3,"name":"Nejlep\u0161\u00ed Volba Paroz\u00e1brany &#8211; Parot\u011bsn\u00e1 Membran 100 (ro75m2)"}]},{"@type":"WebSite","@id":"https:\/\/www.koupelnapro.com\/#website","url":"https:\/\/www.koupelnapro.com\/","name":"","description":"","potentialAction":[{"@type":"SearchAction","target":{"@type":"EntryPoint","urlTemplate":"https:\/\/www.koupelnapro.com\/?s={search_term_string}"},"query-input":{"@type":"PropertyValueSpecification","valueRequired":true,"valueName":"search_term_string"}}],"inLanguage":"cs"}]}},"_links":{"self":[{"href":"https:\/\/www.koupelnapro.com\/index.php\/wp-json\/wp\/v2\/product\/8172","targetHints":{"allow":["GET"]}}],"collection":[{"href":"https:\/\/www.koupelnapro.com\/index.php\/wp-json\/wp\/v2\/product"}],"about":[{"href":"https:\/\/www.koupelnapro.com\/index.php\/wp-json\/wp\/v2\/types\/product"}],"replies":[{"embeddable":true,"href":"https:\/\/www.koupelnapro.com\/index.php\/wp-json\/wp\/v2\/comments?post=8172"}],"wp:featuredmedia":[{"embeddable":true,"href":"https:\/\/www.koupelnapro.com\/index.php\/wp-json\/wp\/v2\/media\/8272"}],"wp:attachment":[{"href":"https:\/\/www.koupelnapro.com\/index.php\/wp-json\/wp\/v2\/media?parent=8172"}],"wp:term":[{"taxonomy":"product_brand","embeddable":true,"href":"https:\/\/www.koupelnapro.com\/index.php\/wp-json\/wp\/v2\/product_brand?post=8172"},{"taxonomy":"product_cat","embeddable":true,"href":"https:\/\/www.koupelnapro.com\/index.php\/wp-json\/wp\/v2\/product_cat?post=8172"},{"taxonomy":"product_tag","embeddable":true,"href":"https:\/\/www.koupelnapro.com\/index.php\/wp-json\/wp\/v2\/product_tag?post=8172"}],"curies":[{"name":"wp","href":"https:\/\/api.w.org\/{rel}","templated":true}]}}