{"id":8171,"date":"2026-04-26T09:13:20","date_gmt":"2026-04-26T09:13:20","guid":{"rendered":""},"modified":"2026-04-26T09:13:20","modified_gmt":"2026-04-26T09:13:20","slug":"parotesne-zabrany-novaflexx-parobrzda-koupit-online-8171","status":"publish","type":"product","link":"https:\/\/www.koupelnapro.com\/index.php\/produkt\/parotesne-zabrany-novaflexx-parobrzda-koupit-online-8171\/","title":{"rendered":"Parot\u011bsn\u00e9 z\u00e1brany &#8211; NOVAFLEXX parobrzda Koupit Online"},"content":{"rendered":"<div class=\"ResponseTabButton\">Popis produktu<\/div>\n<div class=\"TabContent\">\n<div><font color=\"#000000\">Sana\u010dn\u00ed parobrzda s prom\u011bnn\u00fdmi difuzn\u00edmi vlastnostmi vyztu\u017een\u00e1 speci\u00e1ln\u00ed textili\u00ed. Pro rekonstrukci st\u0159ech p\u0159elo\u017een\u00edm z vn\u011bj\u0161\u00ed strany.<\/font><\/div>\n<div><font color=\"#000000\">&nbsp;<\/font><\/div>\n<div><font color=\"#000000\">Difuzn\u00ed vlastnosti f\u00f3lie DELTA-NOVAFLEXX se m\u011bn\u00ed podle mno\u017estv\u00ed vlhkosti ve vzduchu. V extr\u00e9mn\u00edch p\u0159\u00edpadech se p\u016fvodn\u00ed hodnota rd 5 m zm\u011bn\u00ed m\u00edstn\u011b nebo celoplo\u0161n\u011b a\u017e na hodnotu rd 0,2m. Pokud se zm\u011bn\u00ed mno\u017estv\u00ed vlhkosti, zm\u011bn\u00ed se i vlastnost materi\u00e1lu. S p\u0159ib\u00fdvaj\u00edc\u00ed vlhkost\u00ed se DELTA-NOVAFLEXX st\u00e1v\u00e1 v\u00edce propustn\u011bj\u0161\u00ed pro vodn\u00ed p\u00e1ru a difuzn\u00ed koeficient se sni\u017euje. Rekonstrukce st\u0159echy z vn\u011bj\u0161\u00ed strany: skv\u011bl\u00e1 vzduchot\u011bsn\u00e1 vrstva DELTA-NOVAFLEXX + v\u011btrot\u011bsn\u00e1 pojistn\u00e1 hydroizolace DELTA-MAXX PLUS-Energeticky \u00fasporn\u00e1 membr\u00e1na a energeticky \u00fasporn\u00e1 st\u0159echa je komplet. <\/font><\/div>\n<div><font color=\"#000000\">&nbsp;<\/font><\/div>\n<div><font color=\"#000000\">Materi\u00e1l: Polyamid s naka\u0161\u00edrovanou speci\u00e1ln\u00ed netkanou textili\u00ed.<\/font><\/div>\n<div><font color=\"#000000\">&nbsp;<\/font><\/div>\n<div><font color=\"#000000\">Pokl\u00e1dka: Sejmout krytinu a starou tepelnou izolaci. Pokud vnit\u0159n\u00edm obkladem proch\u00e1zej\u00ed h\u0159eb\u00edky \u010di \u0161rouby, vlo\u017e\u00ed se tenk\u00e1 tepeln\u011b izola\u010dn\u00ed deska na jejich p\u0159ekryt\u00ed. Jinak se DELTA-NOVAFLEXX pokl\u00e1d\u00e1 p\u0159\u00edmo na vnit\u0159n\u00ed obklad: rovnob\u011b\u017en\u011b s okapovou hranou se rozroluje a polo\u017e\u00ed p\u0159es krokve. V krokevn\u00edch pol\u00edch by nem\u011blo doch\u00e1zet k nam\u00e1h\u00e1n\u00ed f\u00f3lie tahem. Pod\u00e9l krokv\u00ed se f\u00f3lie fixuje lat\u011bmi. P\u0159esah p\u00e1s\u016f je 10 cm. P\u0159esahy se slepuj\u00ed pomoc\u00ed DELTA-MULTI-BAND, zakon\u010den\u00ed se t\u011bsn\u00ed DELTA-THANem. Tepelnou izolaci na\u0159ezat (+1 cm na \u0161\u00ed\u0159i pole) a vlo\u017eit.<\/font><\/div>\n<div><font color=\"#000000\">&nbsp;<\/font><\/div>\n<div><font color=\"#000000\">Technick\u00e1 data:<\/font><\/div>\n<div><font color=\"#000000\">Po\u017e\u00e1rn\u00ed vlastnosti: t\u0159\u00edda E, EN 13501-1, <\/font><\/div>\n<div><font color=\"#000000\">Pevnost: 150\/130 N\/5 cm, odpov\u00edd\u00e1 EN 12311 <\/font><\/div>\n<div><font color=\"#000000\">Hodnota rd: ca. 5 m v such\u00e9m prost\u0159ed\u00ed , ca. 0,2 m ve vlhk\u00e9m prost\u0159ed\u00ed <\/font><\/div>\n<div><font color=\"#000000\">Hmotnost: 90 g\/m&sup2; <\/font><\/div>\n<div><font color=\"#000000\">Hmotnost role:&nbsp;9 kg <\/font><\/div>\n<div><font color=\"#000000\">D\u00e9lka role: 50 m <\/font><\/div>\n<div><font color=\"#000000\">\u0160\u00ed\u0159ka role: 1,50 m <\/font><\/div>\n<\/p><\/div>\n<\/p><\/div>\n<div id=\"ke-stazeni\" class=\"TabContentWrap\">\n<div class=\"ResponseTabButton\">Ke sta\u017een\u00ed<\/div>\n<div class=\"TabContent\">\n<div class=\"Table Downloads\">\n<div class=\"THead\">\n<div class=\"TableRow\">\n<div class=\"TableCell\">                    N\u00e1zev                <\/div>\n<div class=\"TableCell\">                    Jazyk                <\/div>\n<div class=\"TableCell\">                    Velikost                <\/div>\n<div class=\"TableCell\">                    Form\u00e1t                <\/div>\n<div class=\"TableCell\">&nbsp;<\/div>\n<\/p><\/div>\n<\/p><\/div>\n<div class=\"TBody\">\n<div class=\"TableRow\">\n<div class=\"TableCell\">CE-prohlaseni-o-shode-Parotesne-zabrany<\/div>\n<div class=\"TableCell\"><\/div>\n<div class=\"TableCell\">157 kB<\/div>\n<div class=\"TableCell\">.pdf<\/div>\n<div class=\"TableCell ContentRight\">st\u00e1hnout<\/div>\n<\/div><\/div>\n<\/p><\/div>\n<\/p><\/div>\n<\/p><\/div>\n<\/p><\/div>\n<\/p><\/div>\n<\/div>\n","protected":false},"excerpt":{"rendered":"<p>Popis produktu Sana\u010dn\u00ed parobrzda s prom\u011bnn\u00fdmi difuzn\u00edmi vlastnostmi vyztu\u017een\u00e1 speci\u00e1ln\u00ed textili\u00ed. Pro rekonstrukci st\u0159ech p\u0159elo\u017een\u00edm z vn\u011bj\u0161\u00ed strany. &nbsp; Difuzn\u00ed vlastnosti f\u00f3lie DELTA-NOVAFLEXX se m\u011bn\u00ed podle mno\u017estv\u00ed vlhkosti ve vzduchu. V extr\u00e9mn\u00edch p\u0159\u00edpadech se p\u016fvodn\u00ed hodnota rd 5 m zm\u011bn\u00ed m\u00edstn\u011b nebo celoplo\u0161n\u011b a\u017e na hodnotu rd 0,2m. Pokud se zm\u011bn\u00ed mno\u017estv\u00ed vlhkosti, zm\u011bn\u00ed se [&hellip;]<\/p>\n","protected":false},"featured_media":8271,"comment_status":"open","ping_status":"open","template":"","meta":[],"product_brand":[],"product_cat":[57],"product_tag":[],"class_list":{"0":"post-8171","1":"product","2":"type-product","3":"status-publish","4":"has-post-thumbnail","6":"product_cat-stresni-folie","8":"first","9":"instock","10":"sale","11":"shipping-taxable","12":"purchasable","13":"product-type-simple"},"yoast_head":"<!-- This site is optimized with the Yoast SEO plugin v26.8 - https:\/\/yoast.com\/product\/yoast-seo-wordpress\/ -->\n<title>Parot\u011bsn\u00e9 z\u00e1brany - NOVAFLEXX parobrzda Koupit Online -<\/title>\n<meta name=\"robots\" content=\"index, follow, max-snippet:-1, max-image-preview:large, max-video-preview:-1\" \/>\n<link rel=\"canonical\" href=\"https:\/\/www.koupelnapro.com\/index.php\/produkt\/parotesne-zabrany-novaflexx-parobrzda-koupit-online-8171\/\" \/>\n<meta property=\"og:locale\" content=\"cs_CZ\" \/>\n<meta property=\"og:type\" content=\"article\" \/>\n<meta property=\"og:title\" content=\"Parot\u011bsn\u00e9 z\u00e1brany - NOVAFLEXX parobrzda Koupit Online -\" \/>\n<meta property=\"og:description\" content=\"Popis produktu Sana\u010dn\u00ed parobrzda s prom\u011bnn\u00fdmi difuzn\u00edmi vlastnostmi vyztu\u017een\u00e1 speci\u00e1ln\u00ed textili\u00ed. Pro rekonstrukci st\u0159ech p\u0159elo\u017een\u00edm z vn\u011bj\u0161\u00ed strany. &nbsp; Difuzn\u00ed vlastnosti f\u00f3lie DELTA-NOVAFLEXX se m\u011bn\u00ed podle mno\u017estv\u00ed vlhkosti ve vzduchu. V extr\u00e9mn\u00edch p\u0159\u00edpadech se p\u016fvodn\u00ed hodnota rd 5 m zm\u011bn\u00ed m\u00edstn\u011b nebo celoplo\u0161n\u011b a\u017e na hodnotu rd 0,2m. Pokud se zm\u011bn\u00ed mno\u017estv\u00ed vlhkosti, zm\u011bn\u00ed se [&hellip;]\" \/>\n<meta property=\"og:url\" content=\"https:\/\/www.koupelnapro.com\/index.php\/produkt\/parotesne-zabrany-novaflexx-parobrzda-koupit-online-8171\/\" \/>\n<meta property=\"og:image\" content=\"https:\/\/www.koupelnapro.com\/wp-content\/uploads\/2026\/SK0003629-CZ20260425-091742-0-1777079863-P-032585-00.webp\" \/>\n\t<meta property=\"og:image:width\" content=\"484\" \/>\n\t<meta property=\"og:image:height\" content=\"387\" \/>\n\t<meta property=\"og:image:type\" content=\"image\/webp\" \/>\n<meta name=\"twitter:card\" content=\"summary_large_image\" \/>\n<meta name=\"twitter:label1\" content=\"Odhadovan\u00e1 doba \u010dten\u00ed\" \/>\n\t<meta name=\"twitter:data1\" content=\"2 minuty\" \/>\n<script type=\"application\/ld+json\" class=\"yoast-schema-graph\">{\"@context\":\"https:\/\/schema.org\",\"@graph\":[{\"@type\":\"WebPage\",\"@id\":\"https:\/\/www.koupelnapro.com\/index.php\/produkt\/parotesne-zabrany-novaflexx-parobrzda-koupit-online-8171\/\",\"url\":\"https:\/\/www.koupelnapro.com\/index.php\/produkt\/parotesne-zabrany-novaflexx-parobrzda-koupit-online-8171\/\",\"name\":\"Parot\u011bsn\u00e9 z\u00e1brany - NOVAFLEXX parobrzda Koupit Online -\",\"isPartOf\":{\"@id\":\"https:\/\/www.koupelnapro.com\/#website\"},\"primaryImageOfPage\":{\"@id\":\"https:\/\/www.koupelnapro.com\/index.php\/produkt\/parotesne-zabrany-novaflexx-parobrzda-koupit-online-8171\/#primaryimage\"},\"image\":{\"@id\":\"https:\/\/www.koupelnapro.com\/index.php\/produkt\/parotesne-zabrany-novaflexx-parobrzda-koupit-online-8171\/#primaryimage\"},\"thumbnailUrl\":\"https:\/\/www.koupelnapro.com\/wp-content\/uploads\/2026\/SK0003629-CZ20260425-091742-0-1777079863-P-032585-00.webp\",\"datePublished\":\"2026-04-26T09:13:20+00:00\",\"breadcrumb\":{\"@id\":\"https:\/\/www.koupelnapro.com\/index.php\/produkt\/parotesne-zabrany-novaflexx-parobrzda-koupit-online-8171\/#breadcrumb\"},\"inLanguage\":\"cs\",\"potentialAction\":[{\"@type\":\"ReadAction\",\"target\":[\"https:\/\/www.koupelnapro.com\/index.php\/produkt\/parotesne-zabrany-novaflexx-parobrzda-koupit-online-8171\/\"]}]},{\"@type\":\"ImageObject\",\"inLanguage\":\"cs\",\"@id\":\"https:\/\/www.koupelnapro.com\/index.php\/produkt\/parotesne-zabrany-novaflexx-parobrzda-koupit-online-8171\/#primaryimage\",\"url\":\"https:\/\/www.koupelnapro.com\/wp-content\/uploads\/2026\/SK0003629-CZ20260425-091742-0-1777079863-P-032585-00.webp\",\"contentUrl\":\"https:\/\/www.koupelnapro.com\/wp-content\/uploads\/2026\/SK0003629-CZ20260425-091742-0-1777079863-P-032585-00.webp\",\"width\":484,\"height\":387},{\"@type\":\"BreadcrumbList\",\"@id\":\"https:\/\/www.koupelnapro.com\/index.php\/produkt\/parotesne-zabrany-novaflexx-parobrzda-koupit-online-8171\/#breadcrumb\",\"itemListElement\":[{\"@type\":\"ListItem\",\"position\":1,\"name\":\"Home\",\"item\":\"https:\/\/www.koupelnapro.com\/\"},{\"@type\":\"ListItem\",\"position\":2,\"name\":\"Products\",\"item\":\"https:\/\/www.koupelnapro.com\/index.php\/products\/\"},{\"@type\":\"ListItem\",\"position\":3,\"name\":\"Parot\u011bsn\u00e9 z\u00e1brany &#8211; NOVAFLEXX parobrzda Koupit Online\"}]},{\"@type\":\"WebSite\",\"@id\":\"https:\/\/www.koupelnapro.com\/#website\",\"url\":\"https:\/\/www.koupelnapro.com\/\",\"name\":\"\",\"description\":\"\",\"potentialAction\":[{\"@type\":\"SearchAction\",\"target\":{\"@type\":\"EntryPoint\",\"urlTemplate\":\"https:\/\/www.koupelnapro.com\/?s={search_term_string}\"},\"query-input\":{\"@type\":\"PropertyValueSpecification\",\"valueRequired\":true,\"valueName\":\"search_term_string\"}}],\"inLanguage\":\"cs\"}]}<\/script>\n<!-- \/ Yoast SEO plugin. -->","yoast_head_json":{"title":"Parot\u011bsn\u00e9 z\u00e1brany - NOVAFLEXX parobrzda Koupit Online -","robots":{"index":"index","follow":"follow","max-snippet":"max-snippet:-1","max-image-preview":"max-image-preview:large","max-video-preview":"max-video-preview:-1"},"canonical":"https:\/\/www.koupelnapro.com\/index.php\/produkt\/parotesne-zabrany-novaflexx-parobrzda-koupit-online-8171\/","og_locale":"cs_CZ","og_type":"article","og_title":"Parot\u011bsn\u00e9 z\u00e1brany - NOVAFLEXX parobrzda Koupit Online -","og_description":"Popis produktu Sana\u010dn\u00ed parobrzda s prom\u011bnn\u00fdmi difuzn\u00edmi vlastnostmi vyztu\u017een\u00e1 speci\u00e1ln\u00ed textili\u00ed. Pro rekonstrukci st\u0159ech p\u0159elo\u017een\u00edm z vn\u011bj\u0161\u00ed strany. &nbsp; Difuzn\u00ed vlastnosti f\u00f3lie DELTA-NOVAFLEXX se m\u011bn\u00ed podle mno\u017estv\u00ed vlhkosti ve vzduchu. V extr\u00e9mn\u00edch p\u0159\u00edpadech se p\u016fvodn\u00ed hodnota rd 5 m zm\u011bn\u00ed m\u00edstn\u011b nebo celoplo\u0161n\u011b a\u017e na hodnotu rd 0,2m. Pokud se zm\u011bn\u00ed mno\u017estv\u00ed vlhkosti, zm\u011bn\u00ed se [&hellip;]","og_url":"https:\/\/www.koupelnapro.com\/index.php\/produkt\/parotesne-zabrany-novaflexx-parobrzda-koupit-online-8171\/","og_image":[{"width":484,"height":387,"url":"https:\/\/www.koupelnapro.com\/wp-content\/uploads\/2026\/SK0003629-CZ20260425-091742-0-1777079863-P-032585-00.webp","type":"image\/webp"}],"twitter_card":"summary_large_image","twitter_misc":{"Odhadovan\u00e1 doba \u010dten\u00ed":"2 minuty"},"schema":{"@context":"https:\/\/schema.org","@graph":[{"@type":"WebPage","@id":"https:\/\/www.koupelnapro.com\/index.php\/produkt\/parotesne-zabrany-novaflexx-parobrzda-koupit-online-8171\/","url":"https:\/\/www.koupelnapro.com\/index.php\/produkt\/parotesne-zabrany-novaflexx-parobrzda-koupit-online-8171\/","name":"Parot\u011bsn\u00e9 z\u00e1brany - NOVAFLEXX parobrzda Koupit Online -","isPartOf":{"@id":"https:\/\/www.koupelnapro.com\/#website"},"primaryImageOfPage":{"@id":"https:\/\/www.koupelnapro.com\/index.php\/produkt\/parotesne-zabrany-novaflexx-parobrzda-koupit-online-8171\/#primaryimage"},"image":{"@id":"https:\/\/www.koupelnapro.com\/index.php\/produkt\/parotesne-zabrany-novaflexx-parobrzda-koupit-online-8171\/#primaryimage"},"thumbnailUrl":"https:\/\/www.koupelnapro.com\/wp-content\/uploads\/2026\/SK0003629-CZ20260425-091742-0-1777079863-P-032585-00.webp","datePublished":"2026-04-26T09:13:20+00:00","breadcrumb":{"@id":"https:\/\/www.koupelnapro.com\/index.php\/produkt\/parotesne-zabrany-novaflexx-parobrzda-koupit-online-8171\/#breadcrumb"},"inLanguage":"cs","potentialAction":[{"@type":"ReadAction","target":["https:\/\/www.koupelnapro.com\/index.php\/produkt\/parotesne-zabrany-novaflexx-parobrzda-koupit-online-8171\/"]}]},{"@type":"ImageObject","inLanguage":"cs","@id":"https:\/\/www.koupelnapro.com\/index.php\/produkt\/parotesne-zabrany-novaflexx-parobrzda-koupit-online-8171\/#primaryimage","url":"https:\/\/www.koupelnapro.com\/wp-content\/uploads\/2026\/SK0003629-CZ20260425-091742-0-1777079863-P-032585-00.webp","contentUrl":"https:\/\/www.koupelnapro.com\/wp-content\/uploads\/2026\/SK0003629-CZ20260425-091742-0-1777079863-P-032585-00.webp","width":484,"height":387},{"@type":"BreadcrumbList","@id":"https:\/\/www.koupelnapro.com\/index.php\/produkt\/parotesne-zabrany-novaflexx-parobrzda-koupit-online-8171\/#breadcrumb","itemListElement":[{"@type":"ListItem","position":1,"name":"Home","item":"https:\/\/www.koupelnapro.com\/"},{"@type":"ListItem","position":2,"name":"Products","item":"https:\/\/www.koupelnapro.com\/index.php\/products\/"},{"@type":"ListItem","position":3,"name":"Parot\u011bsn\u00e9 z\u00e1brany &#8211; NOVAFLEXX parobrzda Koupit Online"}]},{"@type":"WebSite","@id":"https:\/\/www.koupelnapro.com\/#website","url":"https:\/\/www.koupelnapro.com\/","name":"","description":"","potentialAction":[{"@type":"SearchAction","target":{"@type":"EntryPoint","urlTemplate":"https:\/\/www.koupelnapro.com\/?s={search_term_string}"},"query-input":{"@type":"PropertyValueSpecification","valueRequired":true,"valueName":"search_term_string"}}],"inLanguage":"cs"}]}},"_links":{"self":[{"href":"https:\/\/www.koupelnapro.com\/index.php\/wp-json\/wp\/v2\/product\/8171","targetHints":{"allow":["GET"]}}],"collection":[{"href":"https:\/\/www.koupelnapro.com\/index.php\/wp-json\/wp\/v2\/product"}],"about":[{"href":"https:\/\/www.koupelnapro.com\/index.php\/wp-json\/wp\/v2\/types\/product"}],"replies":[{"embeddable":true,"href":"https:\/\/www.koupelnapro.com\/index.php\/wp-json\/wp\/v2\/comments?post=8171"}],"wp:featuredmedia":[{"embeddable":true,"href":"https:\/\/www.koupelnapro.com\/index.php\/wp-json\/wp\/v2\/media\/8271"}],"wp:attachment":[{"href":"https:\/\/www.koupelnapro.com\/index.php\/wp-json\/wp\/v2\/media?parent=8171"}],"wp:term":[{"taxonomy":"product_brand","embeddable":true,"href":"https:\/\/www.koupelnapro.com\/index.php\/wp-json\/wp\/v2\/product_brand?post=8171"},{"taxonomy":"product_cat","embeddable":true,"href":"https:\/\/www.koupelnapro.com\/index.php\/wp-json\/wp\/v2\/product_cat?post=8171"},{"taxonomy":"product_tag","embeddable":true,"href":"https:\/\/www.koupelnapro.com\/index.php\/wp-json\/wp\/v2\/product_tag?post=8171"}],"curies":[{"name":"wp","href":"https:\/\/api.w.org\/{rel}","templated":true}]}}