{"id":8170,"date":"2026-04-26T09:13:20","date_gmt":"2026-04-26T09:13:20","guid":{"rendered":""},"modified":"2026-04-26T09:13:20","modified_gmt":"2026-04-26T09:13:20","slug":"originalni-parotesne-zabrany-delta-reflex-8170","status":"publish","type":"product","link":"https:\/\/www.koupelnapro.com\/index.php\/produkt\/originalni-parotesne-zabrany-delta-reflex-8170\/","title":{"rendered":"Origin\u00e1ln\u00ed Parot\u011bsn\u00e9 z\u00e1brany &#8211; DELTA REFLEX"},"content":{"rendered":"<div class=\"ResponseTabButton\">Popis produktu<\/div>\n<div class=\"TabContent\">\n<div><font color=\"#000000\">Parot\u011bsn\u00e1 z\u00e1brana \u0161et\u0159\u00edc\u00ed energii slo\u017een\u00e1 ze \u010dty\u0159 vrstev pro v\u0161echny \u0161ikm\u00e9 st\u0159echy. Vhodn\u00e1 i jako parot\u011bsn\u00e1 z\u00e1brana pro lehk\u00e9 ploch\u00e9 st\u0159echy. <\/font><\/div>\n<div><font color=\"#000000\">&nbsp;<\/font><\/div>\n<div><font color=\"#000000\">DELTA-REFLEX vykazuje hodnotu rd min. 150 m. Tato vysok\u00e1 hodnota s posta\u010duj\u00edc\u00ed rezervou dlouhodob\u011b \u00fa\u010dinn\u011b br\u00e1n\u00ed po\u0161kozen\u00ed tepeln\u00fdch izolac\u00ed v konstrukc\u00edch st\u0159ech zp\u016fsoben\u00fdch difuz\u00ed vodn\u00ed p\u00e1ry. V\u00fdhody: a\u017e o 10% zvy\u0161uje \u00fa\u010dinnost tepeln\u00e9 izolace. A\u017e o 99% sni\u017euje zat\u00ed\u017een\u00ed lid\u00ed elektromagnetick\u00fdm z\u00e1\u0159en\u00edm. Odraz\u00ed a\u017e 50% s\u00e1lav\u00e9ho tepla. 100% z\u00e1brana proti pronik\u00e1n\u00ed vzduchu a vodn\u00ed p\u00e1ry. Pevnost 450\/400 N\/5 cm. Po\u017e\u00e1rn\u00ed klasifikace &#8211; t\u0159\u00edda E, t\u011b\u017ece ho\u0159lav\u00e1 B 1. Jednotliv\u00e9 vrstvy nelze od sebe rozd\u011blit = st\u00e1l\u00e9 vlastnosti v cel\u00e9 plo\u0161e.<\/font><\/div>\n<div><font color=\"#000000\">&nbsp;<\/font><\/div>\n<div><font color=\"#000000\">Materi\u00e1l: Vodot\u011bsn\u00e1 hlin\u00edkov\u00e1 vrstva odoln\u00e1 proti korozi um\u00edst\u011bn\u00e1 mezi vysoce transparentn\u00ed polyesterovou f\u00f3lii a m\u0159\u00ed\u017ekou zpevn\u011bnou polyetyl\u00e9novou f\u00f3lii<\/font><\/div>\n<div><font color=\"#000000\">&nbsp;<\/font><\/div>\n<div><font color=\"#000000\">Pokl\u00e1dka: Skladbu vrstev a slo\u017een\u00ed materi\u00e1lu f\u00f3li\u00ed DELTA-REFLEX nejv\u00edce ocen\u00edte p\u0159i mont\u00e1\u017ei &#8211; je ohebn\u00e1 a v\u00fdborn\u011b se s n\u00ed pracuje. Jej\u00ed mimo\u0159\u00e1dn\u00e1 pevnost (ca. 450 \/400 N\/5 cm) prakticky znemo\u017e\u0148uje jej\u00ed roztr\u017een\u00ed. Jednotliv\u00e9 vrstvy jsou nerozd\u011bliteln\u00e9. Pru\u017en\u00fd materi\u00e1l se dob\u0159e a rychle zpracov\u00e1v\u00e1 i v m\u00edstech slo\u017eit\u00fdch detail\u016f. <\/font><\/div>\n<div><font color=\"#000000\">&nbsp;<\/font><\/div>\n<div><font color=\"#000000\">Technick\u00e1 data:<\/font><\/div>\n<div><font color=\"#000000\">Po\u017e\u00e1rn\u00ed vlastnosti: t\u0159\u00edda E, EN 13501-1, t\u011b\u017ece ho\u0159lav\u00e1, B1 dle DIN 4102, (Protokol&nbsp;Z-PA-III\/2.1268) <\/font><\/div>\n<div><font color=\"#000000\">Pevnost: ca. 450\/400 N\/5 cm, EN 12311-2 <\/font><\/div>\n<div><font color=\"#000000\">Hodnota rd: ca. 150 m <\/font><\/div>\n<div><font color=\"#000000\">Teplotn\u00ed odolnost: &#8211; 40 &deg;C a\u017e + 80 &deg;C&nbsp;<\/font><\/div>\n<div><font color=\"#000000\">Hmotnost: ca. 180 g\/m&sup2; <\/font><\/div>\n<div><font color=\"#000000\">Hmotnost role: ca. 13,5 kg <\/font><\/div>\n<div><font color=\"#000000\">D\u00e9lka role: 25m \/ 50m <\/font><\/div>\n<div><font color=\"#000000\">\u0160\u00ed\u0159ka role: 3m \/ 1.50m<\/font><\/div>\n<\/p><\/div>\n<\/p><\/div>\n<div id=\"ke-stazeni\" class=\"TabContentWrap\">\n<div class=\"ResponseTabButton\">Ke sta\u017een\u00ed<\/div>\n<div class=\"TabContent\">\n<div class=\"Table Downloads\">\n<div class=\"THead\">\n<div class=\"TableRow\">\n<div class=\"TableCell\">                    N\u00e1zev                <\/div>\n<div class=\"TableCell\">                    Jazyk                <\/div>\n<div class=\"TableCell\">                    Velikost                <\/div>\n<div class=\"TableCell\">                    Form\u00e1t                <\/div>\n<div class=\"TableCell\">&nbsp;<\/div>\n<\/p><\/div>\n<\/p><\/div>\n<div class=\"TBody\">\n<div class=\"TableRow\">\n<div class=\"TableCell\">CE-prohlaseni-o-shode-Parotesne-zabrany<\/div>\n<div class=\"TableCell\"><\/div>\n<div class=\"TableCell\">157 kB<\/div>\n<div class=\"TableCell\">.pdf<\/div>\n<div class=\"TableCell ContentRight\">st\u00e1hnout<\/div>\n<\/div>\n<div class=\"TableRow\">\n<div class=\"TableCell\">Reflex<\/div>\n<div class=\"TableCell\"><\/div>\n<div class=\"TableCell\">967 kB<\/div>\n<div class=\"TableCell\">.pdf<\/div>\n<div class=\"TableCell ContentRight\">st\u00e1hnout<\/div>\n<\/div><\/div>\n<\/p><\/div>\n<\/p><\/div>\n<\/p><\/div>\n<\/p><\/div>\n<\/p><\/div>\n<\/div>\n","protected":false},"excerpt":{"rendered":"<p>Popis produktu Parot\u011bsn\u00e1 z\u00e1brana \u0161et\u0159\u00edc\u00ed energii slo\u017een\u00e1 ze \u010dty\u0159 vrstev pro v\u0161echny \u0161ikm\u00e9 st\u0159echy. Vhodn\u00e1 i jako parot\u011bsn\u00e1 z\u00e1brana pro lehk\u00e9 ploch\u00e9 st\u0159echy. &nbsp; DELTA-REFLEX vykazuje hodnotu rd min. 150 m. Tato vysok\u00e1 hodnota s posta\u010duj\u00edc\u00ed rezervou dlouhodob\u011b \u00fa\u010dinn\u011b br\u00e1n\u00ed po\u0161kozen\u00ed tepeln\u00fdch izolac\u00ed v konstrukc\u00edch st\u0159ech zp\u016fsoben\u00fdch difuz\u00ed vodn\u00ed p\u00e1ry. V\u00fdhody: a\u017e o 10% zvy\u0161uje [&hellip;]<\/p>\n","protected":false},"featured_media":8270,"comment_status":"open","ping_status":"open","template":"","meta":[],"product_brand":[],"product_cat":[57],"product_tag":[],"class_list":{"0":"post-8170","1":"product","2":"type-product","3":"status-publish","4":"has-post-thumbnail","6":"product_cat-stresni-folie","8":"first","9":"instock","10":"sale","11":"shipping-taxable","12":"purchasable","13":"product-type-simple"},"yoast_head":"<!-- This site is optimized with the Yoast SEO plugin v26.8 - https:\/\/yoast.com\/product\/yoast-seo-wordpress\/ -->\n<title>Origin\u00e1ln\u00ed Parot\u011bsn\u00e9 z\u00e1brany - DELTA REFLEX -<\/title>\n<meta name=\"robots\" content=\"index, follow, max-snippet:-1, max-image-preview:large, max-video-preview:-1\" \/>\n<link rel=\"canonical\" href=\"https:\/\/www.koupelnapro.com\/index.php\/produkt\/originalni-parotesne-zabrany-delta-reflex-8170\/\" \/>\n<meta property=\"og:locale\" content=\"cs_CZ\" \/>\n<meta property=\"og:type\" content=\"article\" \/>\n<meta property=\"og:title\" content=\"Origin\u00e1ln\u00ed Parot\u011bsn\u00e9 z\u00e1brany - DELTA REFLEX -\" \/>\n<meta property=\"og:description\" content=\"Popis produktu Parot\u011bsn\u00e1 z\u00e1brana \u0161et\u0159\u00edc\u00ed energii slo\u017een\u00e1 ze \u010dty\u0159 vrstev pro v\u0161echny \u0161ikm\u00e9 st\u0159echy. Vhodn\u00e1 i jako parot\u011bsn\u00e1 z\u00e1brana pro lehk\u00e9 ploch\u00e9 st\u0159echy. &nbsp; DELTA-REFLEX vykazuje hodnotu rd min. 150 m. Tato vysok\u00e1 hodnota s posta\u010duj\u00edc\u00ed rezervou dlouhodob\u011b \u00fa\u010dinn\u011b br\u00e1n\u00ed po\u0161kozen\u00ed tepeln\u00fdch izolac\u00ed v konstrukc\u00edch st\u0159ech zp\u016fsoben\u00fdch difuz\u00ed vodn\u00ed p\u00e1ry. V\u00fdhody: a\u017e o 10% zvy\u0161uje [&hellip;]\" \/>\n<meta property=\"og:url\" content=\"https:\/\/www.koupelnapro.com\/index.php\/produkt\/originalni-parotesne-zabrany-delta-reflex-8170\/\" \/>\n<meta property=\"og:image\" content=\"https:\/\/www.koupelnapro.com\/wp-content\/uploads\/2026\/SK0003628-CZ20260425-091742-0-1777079863-P-007258-00.webp\" \/>\n\t<meta property=\"og:image:width\" content=\"485\" \/>\n\t<meta property=\"og:image:height\" content=\"362\" \/>\n\t<meta property=\"og:image:type\" content=\"image\/webp\" \/>\n<meta name=\"twitter:card\" content=\"summary_large_image\" \/>\n<meta name=\"twitter:label1\" content=\"Odhadovan\u00e1 doba \u010dten\u00ed\" \/>\n\t<meta name=\"twitter:data1\" content=\"2 minuty\" \/>\n<script type=\"application\/ld+json\" class=\"yoast-schema-graph\">{\"@context\":\"https:\/\/schema.org\",\"@graph\":[{\"@type\":\"WebPage\",\"@id\":\"https:\/\/www.koupelnapro.com\/index.php\/produkt\/originalni-parotesne-zabrany-delta-reflex-8170\/\",\"url\":\"https:\/\/www.koupelnapro.com\/index.php\/produkt\/originalni-parotesne-zabrany-delta-reflex-8170\/\",\"name\":\"Origin\u00e1ln\u00ed Parot\u011bsn\u00e9 z\u00e1brany - DELTA REFLEX -\",\"isPartOf\":{\"@id\":\"https:\/\/www.koupelnapro.com\/#website\"},\"primaryImageOfPage\":{\"@id\":\"https:\/\/www.koupelnapro.com\/index.php\/produkt\/originalni-parotesne-zabrany-delta-reflex-8170\/#primaryimage\"},\"image\":{\"@id\":\"https:\/\/www.koupelnapro.com\/index.php\/produkt\/originalni-parotesne-zabrany-delta-reflex-8170\/#primaryimage\"},\"thumbnailUrl\":\"https:\/\/www.koupelnapro.com\/wp-content\/uploads\/2026\/SK0003628-CZ20260425-091742-0-1777079863-P-007258-00.webp\",\"datePublished\":\"2026-04-26T09:13:20+00:00\",\"breadcrumb\":{\"@id\":\"https:\/\/www.koupelnapro.com\/index.php\/produkt\/originalni-parotesne-zabrany-delta-reflex-8170\/#breadcrumb\"},\"inLanguage\":\"cs\",\"potentialAction\":[{\"@type\":\"ReadAction\",\"target\":[\"https:\/\/www.koupelnapro.com\/index.php\/produkt\/originalni-parotesne-zabrany-delta-reflex-8170\/\"]}]},{\"@type\":\"ImageObject\",\"inLanguage\":\"cs\",\"@id\":\"https:\/\/www.koupelnapro.com\/index.php\/produkt\/originalni-parotesne-zabrany-delta-reflex-8170\/#primaryimage\",\"url\":\"https:\/\/www.koupelnapro.com\/wp-content\/uploads\/2026\/SK0003628-CZ20260425-091742-0-1777079863-P-007258-00.webp\",\"contentUrl\":\"https:\/\/www.koupelnapro.com\/wp-content\/uploads\/2026\/SK0003628-CZ20260425-091742-0-1777079863-P-007258-00.webp\",\"width\":485,\"height\":362},{\"@type\":\"BreadcrumbList\",\"@id\":\"https:\/\/www.koupelnapro.com\/index.php\/produkt\/originalni-parotesne-zabrany-delta-reflex-8170\/#breadcrumb\",\"itemListElement\":[{\"@type\":\"ListItem\",\"position\":1,\"name\":\"Home\",\"item\":\"https:\/\/www.koupelnapro.com\/\"},{\"@type\":\"ListItem\",\"position\":2,\"name\":\"Products\",\"item\":\"https:\/\/www.koupelnapro.com\/index.php\/products\/\"},{\"@type\":\"ListItem\",\"position\":3,\"name\":\"Origin\u00e1ln\u00ed Parot\u011bsn\u00e9 z\u00e1brany &#8211; DELTA REFLEX\"}]},{\"@type\":\"WebSite\",\"@id\":\"https:\/\/www.koupelnapro.com\/#website\",\"url\":\"https:\/\/www.koupelnapro.com\/\",\"name\":\"\",\"description\":\"\",\"potentialAction\":[{\"@type\":\"SearchAction\",\"target\":{\"@type\":\"EntryPoint\",\"urlTemplate\":\"https:\/\/www.koupelnapro.com\/?s={search_term_string}\"},\"query-input\":{\"@type\":\"PropertyValueSpecification\",\"valueRequired\":true,\"valueName\":\"search_term_string\"}}],\"inLanguage\":\"cs\"}]}<\/script>\n<!-- \/ Yoast SEO plugin. -->","yoast_head_json":{"title":"Origin\u00e1ln\u00ed Parot\u011bsn\u00e9 z\u00e1brany - DELTA REFLEX -","robots":{"index":"index","follow":"follow","max-snippet":"max-snippet:-1","max-image-preview":"max-image-preview:large","max-video-preview":"max-video-preview:-1"},"canonical":"https:\/\/www.koupelnapro.com\/index.php\/produkt\/originalni-parotesne-zabrany-delta-reflex-8170\/","og_locale":"cs_CZ","og_type":"article","og_title":"Origin\u00e1ln\u00ed Parot\u011bsn\u00e9 z\u00e1brany - DELTA REFLEX -","og_description":"Popis produktu Parot\u011bsn\u00e1 z\u00e1brana \u0161et\u0159\u00edc\u00ed energii slo\u017een\u00e1 ze \u010dty\u0159 vrstev pro v\u0161echny \u0161ikm\u00e9 st\u0159echy. Vhodn\u00e1 i jako parot\u011bsn\u00e1 z\u00e1brana pro lehk\u00e9 ploch\u00e9 st\u0159echy. &nbsp; DELTA-REFLEX vykazuje hodnotu rd min. 150 m. Tato vysok\u00e1 hodnota s posta\u010duj\u00edc\u00ed rezervou dlouhodob\u011b \u00fa\u010dinn\u011b br\u00e1n\u00ed po\u0161kozen\u00ed tepeln\u00fdch izolac\u00ed v konstrukc\u00edch st\u0159ech zp\u016fsoben\u00fdch difuz\u00ed vodn\u00ed p\u00e1ry. V\u00fdhody: a\u017e o 10% zvy\u0161uje [&hellip;]","og_url":"https:\/\/www.koupelnapro.com\/index.php\/produkt\/originalni-parotesne-zabrany-delta-reflex-8170\/","og_image":[{"width":485,"height":362,"url":"https:\/\/www.koupelnapro.com\/wp-content\/uploads\/2026\/SK0003628-CZ20260425-091742-0-1777079863-P-007258-00.webp","type":"image\/webp"}],"twitter_card":"summary_large_image","twitter_misc":{"Odhadovan\u00e1 doba \u010dten\u00ed":"2 minuty"},"schema":{"@context":"https:\/\/schema.org","@graph":[{"@type":"WebPage","@id":"https:\/\/www.koupelnapro.com\/index.php\/produkt\/originalni-parotesne-zabrany-delta-reflex-8170\/","url":"https:\/\/www.koupelnapro.com\/index.php\/produkt\/originalni-parotesne-zabrany-delta-reflex-8170\/","name":"Origin\u00e1ln\u00ed Parot\u011bsn\u00e9 z\u00e1brany - DELTA REFLEX -","isPartOf":{"@id":"https:\/\/www.koupelnapro.com\/#website"},"primaryImageOfPage":{"@id":"https:\/\/www.koupelnapro.com\/index.php\/produkt\/originalni-parotesne-zabrany-delta-reflex-8170\/#primaryimage"},"image":{"@id":"https:\/\/www.koupelnapro.com\/index.php\/produkt\/originalni-parotesne-zabrany-delta-reflex-8170\/#primaryimage"},"thumbnailUrl":"https:\/\/www.koupelnapro.com\/wp-content\/uploads\/2026\/SK0003628-CZ20260425-091742-0-1777079863-P-007258-00.webp","datePublished":"2026-04-26T09:13:20+00:00","breadcrumb":{"@id":"https:\/\/www.koupelnapro.com\/index.php\/produkt\/originalni-parotesne-zabrany-delta-reflex-8170\/#breadcrumb"},"inLanguage":"cs","potentialAction":[{"@type":"ReadAction","target":["https:\/\/www.koupelnapro.com\/index.php\/produkt\/originalni-parotesne-zabrany-delta-reflex-8170\/"]}]},{"@type":"ImageObject","inLanguage":"cs","@id":"https:\/\/www.koupelnapro.com\/index.php\/produkt\/originalni-parotesne-zabrany-delta-reflex-8170\/#primaryimage","url":"https:\/\/www.koupelnapro.com\/wp-content\/uploads\/2026\/SK0003628-CZ20260425-091742-0-1777079863-P-007258-00.webp","contentUrl":"https:\/\/www.koupelnapro.com\/wp-content\/uploads\/2026\/SK0003628-CZ20260425-091742-0-1777079863-P-007258-00.webp","width":485,"height":362},{"@type":"BreadcrumbList","@id":"https:\/\/www.koupelnapro.com\/index.php\/produkt\/originalni-parotesne-zabrany-delta-reflex-8170\/#breadcrumb","itemListElement":[{"@type":"ListItem","position":1,"name":"Home","item":"https:\/\/www.koupelnapro.com\/"},{"@type":"ListItem","position":2,"name":"Products","item":"https:\/\/www.koupelnapro.com\/index.php\/products\/"},{"@type":"ListItem","position":3,"name":"Origin\u00e1ln\u00ed Parot\u011bsn\u00e9 z\u00e1brany &#8211; DELTA REFLEX"}]},{"@type":"WebSite","@id":"https:\/\/www.koupelnapro.com\/#website","url":"https:\/\/www.koupelnapro.com\/","name":"","description":"","potentialAction":[{"@type":"SearchAction","target":{"@type":"EntryPoint","urlTemplate":"https:\/\/www.koupelnapro.com\/?s={search_term_string}"},"query-input":{"@type":"PropertyValueSpecification","valueRequired":true,"valueName":"search_term_string"}}],"inLanguage":"cs"}]}},"_links":{"self":[{"href":"https:\/\/www.koupelnapro.com\/index.php\/wp-json\/wp\/v2\/product\/8170","targetHints":{"allow":["GET"]}}],"collection":[{"href":"https:\/\/www.koupelnapro.com\/index.php\/wp-json\/wp\/v2\/product"}],"about":[{"href":"https:\/\/www.koupelnapro.com\/index.php\/wp-json\/wp\/v2\/types\/product"}],"replies":[{"embeddable":true,"href":"https:\/\/www.koupelnapro.com\/index.php\/wp-json\/wp\/v2\/comments?post=8170"}],"wp:featuredmedia":[{"embeddable":true,"href":"https:\/\/www.koupelnapro.com\/index.php\/wp-json\/wp\/v2\/media\/8270"}],"wp:attachment":[{"href":"https:\/\/www.koupelnapro.com\/index.php\/wp-json\/wp\/v2\/media?parent=8170"}],"wp:term":[{"taxonomy":"product_brand","embeddable":true,"href":"https:\/\/www.koupelnapro.com\/index.php\/wp-json\/wp\/v2\/product_brand?post=8170"},{"taxonomy":"product_cat","embeddable":true,"href":"https:\/\/www.koupelnapro.com\/index.php\/wp-json\/wp\/v2\/product_cat?post=8170"},{"taxonomy":"product_tag","embeddable":true,"href":"https:\/\/www.koupelnapro.com\/index.php\/wp-json\/wp\/v2\/product_tag?post=8170"}],"curies":[{"name":"wp","href":"https:\/\/api.w.org\/{rel}","templated":true}]}}