{"id":8169,"date":"2026-04-26T09:13:20","date_gmt":"2026-04-26T09:13:20","guid":{"rendered":""},"modified":"2026-04-26T09:13:20","modified_gmt":"2026-04-26T09:13:20","slug":"parotesne-zabrany-delta-luxx-akce-8169","status":"publish","type":"product","link":"https:\/\/www.koupelnapro.com\/index.php\/produkt\/parotesne-zabrany-delta-luxx-akce-8169\/","title":{"rendered":"Parot\u011bsn\u00e9 z\u00e1brany &#8211; DELTA LUXX Akce"},"content":{"rendered":"<div class=\"ResponseTabButton\">Popis produktu<\/div>\n<div class=\"TabContent\">\n<div><font color=\"#000000\">Dvouvrstv\u00e1 parobrzda pro \u0161ikm\u00e9 st\u0159echy. <\/font><\/div>\n<div><font color=\"#000000\">&nbsp;<\/font><\/div>\n<div><font color=\"#000000\">DELTA-LUXX s hodnotou rd ca. 2 m brzd\u00ed prostup vodn\u00ed p\u00e1ry na takovou m\u00edru, kter\u00e1 j\u00ed umo\u017e\u0148uje bezpe\u010dn\u00fd prostup tepelnou izolac\u00ed a pojistnou hydroizolac\u00ed DELTA mimo st\u0159e\u0161n\u00ed pl\u00e1\u0161\u0165.<\/font><\/div>\n<div><font color=\"#000000\">&nbsp;<\/font><\/div>\n<div><font color=\"#000000\">Materi\u00e1l: Vysoce pevn\u00fd dvouvrstv\u00fd p\u00e1s slo\u017een\u00fd z polypropyl\u00e9nov\u00e9 netkan\u00e9 textilie s parobrzdn\u00fdm polyuretanov\u00fdm povrstven\u00edm. <\/font><\/div>\n<div><font color=\"#000000\">&nbsp;<\/font><\/div>\n<div><font color=\"#000000\">Pokl\u00e1dka: Spolehliv\u011b se kotv\u00ed sponkami, pevnost f\u00f3lie umo\u017e\u0148uje pou\u017eit\u00ed pouze mal\u00e9ho mno\u017estv\u00ed sponek. <\/font><\/div>\n<div><font color=\"#000000\">&nbsp;<\/font><\/div>\n<div><font color=\"#000000\">Technick\u00e1 data:<\/font><\/div>\n<div><font color=\"#000000\">Po\u017e\u00e1rn\u00ed vlastnosti: t\u0159\u00edda E, EN 13501-1 <\/font><\/div>\n<div><font color=\"#000000\">Pevnost: ca. 140\/110 N\/5 cm <\/font><\/div>\n<div><font color=\"#000000\">Hodnota rd: ca. 2 m <\/font><\/div>\n<div><font color=\"#000000\">Teplotn\u00ed odolnost: -40 &deg;C a\u017e +80 &deg;C <\/font><\/div>\n<div><font color=\"#000000\">Hmotnost: ca. 150 g\/m&sup2; <\/font><\/div>\n<div><font color=\"#000000\">Hmotnost role: ca. 10,5 kg <\/font><\/div>\n<div><font color=\"#000000\">D\u00e9lka role: 50m <\/font><\/div>\n<div><font color=\"#000000\">\u0160\u00ed\u0159ka role: 1.50m<\/font><\/div>\n<\/p><\/div>\n<\/p><\/div>\n<div id=\"ke-stazeni\" class=\"TabContentWrap\">\n<div class=\"ResponseTabButton\">Ke sta\u017een\u00ed<\/div>\n<div class=\"TabContent\">\n<div class=\"Table Downloads\">\n<div class=\"THead\">\n<div class=\"TableRow\">\n<div class=\"TableCell\">                    N\u00e1zev                <\/div>\n<div class=\"TableCell\">                    Jazyk                <\/div>\n<div class=\"TableCell\">                    Velikost                <\/div>\n<div class=\"TableCell\">                    Form\u00e1t                <\/div>\n<div class=\"TableCell\">&nbsp;<\/div>\n<\/p><\/div>\n<\/p><\/div>\n<div class=\"TBody\">\n<div class=\"TableRow\">\n<div class=\"TableCell\">CE-prohlaseni-o-shode-Parotesne-zabrany<\/div>\n<div class=\"TableCell\"><\/div>\n<div class=\"TableCell\">157 kB<\/div>\n<div class=\"TableCell\">.pdf<\/div>\n<div class=\"TableCell ContentRight\">st\u00e1hnout<\/div>\n<\/div><\/div>\n<\/p><\/div>\n<\/p><\/div>\n<\/p><\/div>\n<\/p><\/div>\n<\/p><\/div>\n<\/div>\n","protected":false},"excerpt":{"rendered":"<p>Popis produktu Dvouvrstv\u00e1 parobrzda pro \u0161ikm\u00e9 st\u0159echy. &nbsp; DELTA-LUXX s hodnotou rd ca. 2 m brzd\u00ed prostup vodn\u00ed p\u00e1ry na takovou m\u00edru, kter\u00e1 j\u00ed umo\u017e\u0148uje bezpe\u010dn\u00fd prostup tepelnou izolac\u00ed a pojistnou hydroizolac\u00ed DELTA mimo st\u0159e\u0161n\u00ed pl\u00e1\u0161\u0165. &nbsp; Materi\u00e1l: Vysoce pevn\u00fd dvouvrstv\u00fd p\u00e1s slo\u017een\u00fd z polypropyl\u00e9nov\u00e9 netkan\u00e9 textilie s parobrzdn\u00fdm polyuretanov\u00fdm povrstven\u00edm. &nbsp; Pokl\u00e1dka: Spolehliv\u011b se [&hellip;]<\/p>\n","protected":false},"featured_media":8269,"comment_status":"open","ping_status":"open","template":"","meta":[],"product_brand":[],"product_cat":[57],"product_tag":[],"class_list":{"0":"post-8169","1":"product","2":"type-product","3":"status-publish","4":"has-post-thumbnail","6":"product_cat-stresni-folie","8":"first","9":"instock","10":"sale","11":"shipping-taxable","12":"purchasable","13":"product-type-simple"},"yoast_head":"<!-- This site is optimized with the Yoast SEO plugin v26.8 - https:\/\/yoast.com\/product\/yoast-seo-wordpress\/ -->\n<title>Parot\u011bsn\u00e9 z\u00e1brany - DELTA LUXX Akce -<\/title>\n<meta name=\"robots\" content=\"index, follow, max-snippet:-1, max-image-preview:large, max-video-preview:-1\" \/>\n<link rel=\"canonical\" href=\"https:\/\/www.koupelnapro.com\/index.php\/produkt\/parotesne-zabrany-delta-luxx-akce-8169\/\" \/>\n<meta property=\"og:locale\" content=\"cs_CZ\" \/>\n<meta property=\"og:type\" content=\"article\" \/>\n<meta property=\"og:title\" content=\"Parot\u011bsn\u00e9 z\u00e1brany - DELTA LUXX Akce -\" \/>\n<meta property=\"og:description\" content=\"Popis produktu Dvouvrstv\u00e1 parobrzda pro \u0161ikm\u00e9 st\u0159echy. &nbsp; DELTA-LUXX s hodnotou rd ca. 2 m brzd\u00ed prostup vodn\u00ed p\u00e1ry na takovou m\u00edru, kter\u00e1 j\u00ed umo\u017e\u0148uje bezpe\u010dn\u00fd prostup tepelnou izolac\u00ed a pojistnou hydroizolac\u00ed DELTA mimo st\u0159e\u0161n\u00ed pl\u00e1\u0161\u0165. &nbsp; Materi\u00e1l: Vysoce pevn\u00fd dvouvrstv\u00fd p\u00e1s slo\u017een\u00fd z polypropyl\u00e9nov\u00e9 netkan\u00e9 textilie s parobrzdn\u00fdm polyuretanov\u00fdm povrstven\u00edm. &nbsp; Pokl\u00e1dka: Spolehliv\u011b se [&hellip;]\" \/>\n<meta property=\"og:url\" content=\"https:\/\/www.koupelnapro.com\/index.php\/produkt\/parotesne-zabrany-delta-luxx-akce-8169\/\" \/>\n<meta property=\"og:image\" content=\"https:\/\/www.koupelnapro.com\/wp-content\/uploads\/2026\/SK0003627-CZ20260425-091742-0-1777079863-P-032154-00.webp\" \/>\n\t<meta property=\"og:image:width\" content=\"529\" \/>\n\t<meta property=\"og:image:height\" content=\"428\" \/>\n\t<meta property=\"og:image:type\" content=\"image\/webp\" \/>\n<meta name=\"twitter:card\" content=\"summary_large_image\" \/>\n<meta name=\"twitter:label1\" content=\"Odhadovan\u00e1 doba \u010dten\u00ed\" \/>\n\t<meta name=\"twitter:data1\" content=\"1 minuta\" \/>\n<script type=\"application\/ld+json\" class=\"yoast-schema-graph\">{\"@context\":\"https:\/\/schema.org\",\"@graph\":[{\"@type\":\"WebPage\",\"@id\":\"https:\/\/www.koupelnapro.com\/index.php\/produkt\/parotesne-zabrany-delta-luxx-akce-8169\/\",\"url\":\"https:\/\/www.koupelnapro.com\/index.php\/produkt\/parotesne-zabrany-delta-luxx-akce-8169\/\",\"name\":\"Parot\u011bsn\u00e9 z\u00e1brany - DELTA LUXX Akce -\",\"isPartOf\":{\"@id\":\"https:\/\/www.koupelnapro.com\/#website\"},\"primaryImageOfPage\":{\"@id\":\"https:\/\/www.koupelnapro.com\/index.php\/produkt\/parotesne-zabrany-delta-luxx-akce-8169\/#primaryimage\"},\"image\":{\"@id\":\"https:\/\/www.koupelnapro.com\/index.php\/produkt\/parotesne-zabrany-delta-luxx-akce-8169\/#primaryimage\"},\"thumbnailUrl\":\"https:\/\/www.koupelnapro.com\/wp-content\/uploads\/2026\/SK0003627-CZ20260425-091742-0-1777079863-P-032154-00.webp\",\"datePublished\":\"2026-04-26T09:13:20+00:00\",\"breadcrumb\":{\"@id\":\"https:\/\/www.koupelnapro.com\/index.php\/produkt\/parotesne-zabrany-delta-luxx-akce-8169\/#breadcrumb\"},\"inLanguage\":\"cs\",\"potentialAction\":[{\"@type\":\"ReadAction\",\"target\":[\"https:\/\/www.koupelnapro.com\/index.php\/produkt\/parotesne-zabrany-delta-luxx-akce-8169\/\"]}]},{\"@type\":\"ImageObject\",\"inLanguage\":\"cs\",\"@id\":\"https:\/\/www.koupelnapro.com\/index.php\/produkt\/parotesne-zabrany-delta-luxx-akce-8169\/#primaryimage\",\"url\":\"https:\/\/www.koupelnapro.com\/wp-content\/uploads\/2026\/SK0003627-CZ20260425-091742-0-1777079863-P-032154-00.webp\",\"contentUrl\":\"https:\/\/www.koupelnapro.com\/wp-content\/uploads\/2026\/SK0003627-CZ20260425-091742-0-1777079863-P-032154-00.webp\",\"width\":529,\"height\":428},{\"@type\":\"BreadcrumbList\",\"@id\":\"https:\/\/www.koupelnapro.com\/index.php\/produkt\/parotesne-zabrany-delta-luxx-akce-8169\/#breadcrumb\",\"itemListElement\":[{\"@type\":\"ListItem\",\"position\":1,\"name\":\"Home\",\"item\":\"https:\/\/www.koupelnapro.com\/\"},{\"@type\":\"ListItem\",\"position\":2,\"name\":\"Products\",\"item\":\"https:\/\/www.koupelnapro.com\/index.php\/products\/\"},{\"@type\":\"ListItem\",\"position\":3,\"name\":\"Parot\u011bsn\u00e9 z\u00e1brany &#8211; DELTA LUXX Akce\"}]},{\"@type\":\"WebSite\",\"@id\":\"https:\/\/www.koupelnapro.com\/#website\",\"url\":\"https:\/\/www.koupelnapro.com\/\",\"name\":\"\",\"description\":\"\",\"potentialAction\":[{\"@type\":\"SearchAction\",\"target\":{\"@type\":\"EntryPoint\",\"urlTemplate\":\"https:\/\/www.koupelnapro.com\/?s={search_term_string}\"},\"query-input\":{\"@type\":\"PropertyValueSpecification\",\"valueRequired\":true,\"valueName\":\"search_term_string\"}}],\"inLanguage\":\"cs\"}]}<\/script>\n<!-- \/ Yoast SEO plugin. -->","yoast_head_json":{"title":"Parot\u011bsn\u00e9 z\u00e1brany - DELTA LUXX Akce -","robots":{"index":"index","follow":"follow","max-snippet":"max-snippet:-1","max-image-preview":"max-image-preview:large","max-video-preview":"max-video-preview:-1"},"canonical":"https:\/\/www.koupelnapro.com\/index.php\/produkt\/parotesne-zabrany-delta-luxx-akce-8169\/","og_locale":"cs_CZ","og_type":"article","og_title":"Parot\u011bsn\u00e9 z\u00e1brany - DELTA LUXX Akce -","og_description":"Popis produktu Dvouvrstv\u00e1 parobrzda pro \u0161ikm\u00e9 st\u0159echy. &nbsp; DELTA-LUXX s hodnotou rd ca. 2 m brzd\u00ed prostup vodn\u00ed p\u00e1ry na takovou m\u00edru, kter\u00e1 j\u00ed umo\u017e\u0148uje bezpe\u010dn\u00fd prostup tepelnou izolac\u00ed a pojistnou hydroizolac\u00ed DELTA mimo st\u0159e\u0161n\u00ed pl\u00e1\u0161\u0165. &nbsp; Materi\u00e1l: Vysoce pevn\u00fd dvouvrstv\u00fd p\u00e1s slo\u017een\u00fd z polypropyl\u00e9nov\u00e9 netkan\u00e9 textilie s parobrzdn\u00fdm polyuretanov\u00fdm povrstven\u00edm. &nbsp; Pokl\u00e1dka: Spolehliv\u011b se [&hellip;]","og_url":"https:\/\/www.koupelnapro.com\/index.php\/produkt\/parotesne-zabrany-delta-luxx-akce-8169\/","og_image":[{"width":529,"height":428,"url":"https:\/\/www.koupelnapro.com\/wp-content\/uploads\/2026\/SK0003627-CZ20260425-091742-0-1777079863-P-032154-00.webp","type":"image\/webp"}],"twitter_card":"summary_large_image","twitter_misc":{"Odhadovan\u00e1 doba \u010dten\u00ed":"1 minuta"},"schema":{"@context":"https:\/\/schema.org","@graph":[{"@type":"WebPage","@id":"https:\/\/www.koupelnapro.com\/index.php\/produkt\/parotesne-zabrany-delta-luxx-akce-8169\/","url":"https:\/\/www.koupelnapro.com\/index.php\/produkt\/parotesne-zabrany-delta-luxx-akce-8169\/","name":"Parot\u011bsn\u00e9 z\u00e1brany - DELTA LUXX Akce -","isPartOf":{"@id":"https:\/\/www.koupelnapro.com\/#website"},"primaryImageOfPage":{"@id":"https:\/\/www.koupelnapro.com\/index.php\/produkt\/parotesne-zabrany-delta-luxx-akce-8169\/#primaryimage"},"image":{"@id":"https:\/\/www.koupelnapro.com\/index.php\/produkt\/parotesne-zabrany-delta-luxx-akce-8169\/#primaryimage"},"thumbnailUrl":"https:\/\/www.koupelnapro.com\/wp-content\/uploads\/2026\/SK0003627-CZ20260425-091742-0-1777079863-P-032154-00.webp","datePublished":"2026-04-26T09:13:20+00:00","breadcrumb":{"@id":"https:\/\/www.koupelnapro.com\/index.php\/produkt\/parotesne-zabrany-delta-luxx-akce-8169\/#breadcrumb"},"inLanguage":"cs","potentialAction":[{"@type":"ReadAction","target":["https:\/\/www.koupelnapro.com\/index.php\/produkt\/parotesne-zabrany-delta-luxx-akce-8169\/"]}]},{"@type":"ImageObject","inLanguage":"cs","@id":"https:\/\/www.koupelnapro.com\/index.php\/produkt\/parotesne-zabrany-delta-luxx-akce-8169\/#primaryimage","url":"https:\/\/www.koupelnapro.com\/wp-content\/uploads\/2026\/SK0003627-CZ20260425-091742-0-1777079863-P-032154-00.webp","contentUrl":"https:\/\/www.koupelnapro.com\/wp-content\/uploads\/2026\/SK0003627-CZ20260425-091742-0-1777079863-P-032154-00.webp","width":529,"height":428},{"@type":"BreadcrumbList","@id":"https:\/\/www.koupelnapro.com\/index.php\/produkt\/parotesne-zabrany-delta-luxx-akce-8169\/#breadcrumb","itemListElement":[{"@type":"ListItem","position":1,"name":"Home","item":"https:\/\/www.koupelnapro.com\/"},{"@type":"ListItem","position":2,"name":"Products","item":"https:\/\/www.koupelnapro.com\/index.php\/products\/"},{"@type":"ListItem","position":3,"name":"Parot\u011bsn\u00e9 z\u00e1brany &#8211; DELTA LUXX Akce"}]},{"@type":"WebSite","@id":"https:\/\/www.koupelnapro.com\/#website","url":"https:\/\/www.koupelnapro.com\/","name":"","description":"","potentialAction":[{"@type":"SearchAction","target":{"@type":"EntryPoint","urlTemplate":"https:\/\/www.koupelnapro.com\/?s={search_term_string}"},"query-input":{"@type":"PropertyValueSpecification","valueRequired":true,"valueName":"search_term_string"}}],"inLanguage":"cs"}]}},"_links":{"self":[{"href":"https:\/\/www.koupelnapro.com\/index.php\/wp-json\/wp\/v2\/product\/8169","targetHints":{"allow":["GET"]}}],"collection":[{"href":"https:\/\/www.koupelnapro.com\/index.php\/wp-json\/wp\/v2\/product"}],"about":[{"href":"https:\/\/www.koupelnapro.com\/index.php\/wp-json\/wp\/v2\/types\/product"}],"replies":[{"embeddable":true,"href":"https:\/\/www.koupelnapro.com\/index.php\/wp-json\/wp\/v2\/comments?post=8169"}],"wp:featuredmedia":[{"embeddable":true,"href":"https:\/\/www.koupelnapro.com\/index.php\/wp-json\/wp\/v2\/media\/8269"}],"wp:attachment":[{"href":"https:\/\/www.koupelnapro.com\/index.php\/wp-json\/wp\/v2\/media?parent=8169"}],"wp:term":[{"taxonomy":"product_brand","embeddable":true,"href":"https:\/\/www.koupelnapro.com\/index.php\/wp-json\/wp\/v2\/product_brand?post=8169"},{"taxonomy":"product_cat","embeddable":true,"href":"https:\/\/www.koupelnapro.com\/index.php\/wp-json\/wp\/v2\/product_cat?post=8169"},{"taxonomy":"product_tag","embeddable":true,"href":"https:\/\/www.koupelnapro.com\/index.php\/wp-json\/wp\/v2\/product_tag?post=8169"}],"curies":[{"name":"wp","href":"https:\/\/api.w.org\/{rel}","templated":true}]}}