{"id":8166,"date":"2026-04-26T09:13:20","date_gmt":"2026-04-26T09:13:20","guid":{"rendered":""},"modified":"2026-04-26T09:13:20","modified_gmt":"2026-04-26T09:13:20","slug":"parobrzdy-bauder-tex-parozabrana-nejlepsi-volba-8166","status":"publish","type":"product","link":"https:\/\/www.koupelnapro.com\/index.php\/produkt\/parobrzdy-bauder-tex-parozabrana-nejlepsi-volba-8166\/","title":{"rendered":"Parobrzdy &#8211; Bauder Tex paroz\u00e1brana Nejlep\u0161\u00ed Volba"},"content":{"rendered":"<div class=\"ResponseTabButton\">Popis produktu<\/div>\n<div class=\"TabContent\">\n<div><font color=\"#000000\">Paroz\u00e1brana Sd &gt;25 m. Instalace na krokve nebo pod krokve.<\/font><\/div>\n<\/p><\/div>\n<\/p><\/div>\n<\/p><\/div>\n<\/p><\/div>\n<\/div>\n","protected":false},"excerpt":{"rendered":"<p>Popis produktu Paroz\u00e1brana Sd &gt;25 m. Instalace na krokve nebo pod krokve.<\/p>\n","protected":false},"featured_media":8266,"comment_status":"open","ping_status":"open","template":"","meta":[],"product_brand":[],"product_cat":[57],"product_tag":[],"class_list":{"0":"post-8166","1":"product","2":"type-product","3":"status-publish","4":"has-post-thumbnail","6":"product_cat-stresni-folie","8":"first","9":"instock","10":"sale","11":"shipping-taxable","12":"purchasable","13":"product-type-simple"},"yoast_head":"<!-- This site is optimized with the Yoast SEO plugin v26.8 - https:\/\/yoast.com\/product\/yoast-seo-wordpress\/ -->\n<title>Parobrzdy - Bauder Tex paroz\u00e1brana Nejlep\u0161\u00ed Volba -<\/title>\n<meta name=\"robots\" content=\"index, follow, max-snippet:-1, max-image-preview:large, max-video-preview:-1\" \/>\n<link rel=\"canonical\" href=\"https:\/\/www.koupelnapro.com\/index.php\/produkt\/parobrzdy-bauder-tex-parozabrana-nejlepsi-volba-8166\/\" \/>\n<meta property=\"og:locale\" content=\"cs_CZ\" \/>\n<meta property=\"og:type\" content=\"article\" \/>\n<meta property=\"og:title\" content=\"Parobrzdy - Bauder Tex paroz\u00e1brana Nejlep\u0161\u00ed Volba -\" \/>\n<meta property=\"og:description\" content=\"Popis produktu Paroz\u00e1brana Sd &gt;25 m. Instalace na krokve nebo pod krokve.\" \/>\n<meta property=\"og:url\" content=\"https:\/\/www.koupelnapro.com\/index.php\/produkt\/parobrzdy-bauder-tex-parozabrana-nejlepsi-volba-8166\/\" \/>\n<meta property=\"og:image\" content=\"https:\/\/www.koupelnapro.com\/wp-content\/uploads\/2026\/SK0003624-CZ20260425-091742-0-1777079863-P-042318-00.webp\" \/>\n\t<meta property=\"og:image:width\" content=\"800\" \/>\n\t<meta property=\"og:image:height\" content=\"600\" \/>\n\t<meta property=\"og:image:type\" content=\"image\/webp\" \/>\n<meta name=\"twitter:card\" content=\"summary_large_image\" \/>\n<script type=\"application\/ld+json\" class=\"yoast-schema-graph\">{\"@context\":\"https:\/\/schema.org\",\"@graph\":[{\"@type\":\"WebPage\",\"@id\":\"https:\/\/www.koupelnapro.com\/index.php\/produkt\/parobrzdy-bauder-tex-parozabrana-nejlepsi-volba-8166\/\",\"url\":\"https:\/\/www.koupelnapro.com\/index.php\/produkt\/parobrzdy-bauder-tex-parozabrana-nejlepsi-volba-8166\/\",\"name\":\"Parobrzdy - Bauder Tex paroz\u00e1brana Nejlep\u0161\u00ed Volba -\",\"isPartOf\":{\"@id\":\"https:\/\/www.koupelnapro.com\/#website\"},\"primaryImageOfPage\":{\"@id\":\"https:\/\/www.koupelnapro.com\/index.php\/produkt\/parobrzdy-bauder-tex-parozabrana-nejlepsi-volba-8166\/#primaryimage\"},\"image\":{\"@id\":\"https:\/\/www.koupelnapro.com\/index.php\/produkt\/parobrzdy-bauder-tex-parozabrana-nejlepsi-volba-8166\/#primaryimage\"},\"thumbnailUrl\":\"https:\/\/www.koupelnapro.com\/wp-content\/uploads\/2026\/SK0003624-CZ20260425-091742-0-1777079863-P-042318-00.webp\",\"datePublished\":\"2026-04-26T09:13:20+00:00\",\"breadcrumb\":{\"@id\":\"https:\/\/www.koupelnapro.com\/index.php\/produkt\/parobrzdy-bauder-tex-parozabrana-nejlepsi-volba-8166\/#breadcrumb\"},\"inLanguage\":\"cs\",\"potentialAction\":[{\"@type\":\"ReadAction\",\"target\":[\"https:\/\/www.koupelnapro.com\/index.php\/produkt\/parobrzdy-bauder-tex-parozabrana-nejlepsi-volba-8166\/\"]}]},{\"@type\":\"ImageObject\",\"inLanguage\":\"cs\",\"@id\":\"https:\/\/www.koupelnapro.com\/index.php\/produkt\/parobrzdy-bauder-tex-parozabrana-nejlepsi-volba-8166\/#primaryimage\",\"url\":\"https:\/\/www.koupelnapro.com\/wp-content\/uploads\/2026\/SK0003624-CZ20260425-091742-0-1777079863-P-042318-00.webp\",\"contentUrl\":\"https:\/\/www.koupelnapro.com\/wp-content\/uploads\/2026\/SK0003624-CZ20260425-091742-0-1777079863-P-042318-00.webp\",\"width\":800,\"height\":600},{\"@type\":\"BreadcrumbList\",\"@id\":\"https:\/\/www.koupelnapro.com\/index.php\/produkt\/parobrzdy-bauder-tex-parozabrana-nejlepsi-volba-8166\/#breadcrumb\",\"itemListElement\":[{\"@type\":\"ListItem\",\"position\":1,\"name\":\"Home\",\"item\":\"https:\/\/www.koupelnapro.com\/\"},{\"@type\":\"ListItem\",\"position\":2,\"name\":\"Products\",\"item\":\"https:\/\/www.koupelnapro.com\/index.php\/products\/\"},{\"@type\":\"ListItem\",\"position\":3,\"name\":\"Parobrzdy &#8211; Bauder Tex paroz\u00e1brana Nejlep\u0161\u00ed Volba\"}]},{\"@type\":\"WebSite\",\"@id\":\"https:\/\/www.koupelnapro.com\/#website\",\"url\":\"https:\/\/www.koupelnapro.com\/\",\"name\":\"\",\"description\":\"\",\"potentialAction\":[{\"@type\":\"SearchAction\",\"target\":{\"@type\":\"EntryPoint\",\"urlTemplate\":\"https:\/\/www.koupelnapro.com\/?s={search_term_string}\"},\"query-input\":{\"@type\":\"PropertyValueSpecification\",\"valueRequired\":true,\"valueName\":\"search_term_string\"}}],\"inLanguage\":\"cs\"}]}<\/script>\n<!-- \/ Yoast SEO plugin. -->","yoast_head_json":{"title":"Parobrzdy - Bauder Tex paroz\u00e1brana Nejlep\u0161\u00ed Volba -","robots":{"index":"index","follow":"follow","max-snippet":"max-snippet:-1","max-image-preview":"max-image-preview:large","max-video-preview":"max-video-preview:-1"},"canonical":"https:\/\/www.koupelnapro.com\/index.php\/produkt\/parobrzdy-bauder-tex-parozabrana-nejlepsi-volba-8166\/","og_locale":"cs_CZ","og_type":"article","og_title":"Parobrzdy - Bauder Tex paroz\u00e1brana Nejlep\u0161\u00ed Volba -","og_description":"Popis produktu Paroz\u00e1brana Sd &gt;25 m. Instalace na krokve nebo pod krokve.","og_url":"https:\/\/www.koupelnapro.com\/index.php\/produkt\/parobrzdy-bauder-tex-parozabrana-nejlepsi-volba-8166\/","og_image":[{"width":800,"height":600,"url":"https:\/\/www.koupelnapro.com\/wp-content\/uploads\/2026\/SK0003624-CZ20260425-091742-0-1777079863-P-042318-00.webp","type":"image\/webp"}],"twitter_card":"summary_large_image","schema":{"@context":"https:\/\/schema.org","@graph":[{"@type":"WebPage","@id":"https:\/\/www.koupelnapro.com\/index.php\/produkt\/parobrzdy-bauder-tex-parozabrana-nejlepsi-volba-8166\/","url":"https:\/\/www.koupelnapro.com\/index.php\/produkt\/parobrzdy-bauder-tex-parozabrana-nejlepsi-volba-8166\/","name":"Parobrzdy - Bauder Tex paroz\u00e1brana Nejlep\u0161\u00ed Volba -","isPartOf":{"@id":"https:\/\/www.koupelnapro.com\/#website"},"primaryImageOfPage":{"@id":"https:\/\/www.koupelnapro.com\/index.php\/produkt\/parobrzdy-bauder-tex-parozabrana-nejlepsi-volba-8166\/#primaryimage"},"image":{"@id":"https:\/\/www.koupelnapro.com\/index.php\/produkt\/parobrzdy-bauder-tex-parozabrana-nejlepsi-volba-8166\/#primaryimage"},"thumbnailUrl":"https:\/\/www.koupelnapro.com\/wp-content\/uploads\/2026\/SK0003624-CZ20260425-091742-0-1777079863-P-042318-00.webp","datePublished":"2026-04-26T09:13:20+00:00","breadcrumb":{"@id":"https:\/\/www.koupelnapro.com\/index.php\/produkt\/parobrzdy-bauder-tex-parozabrana-nejlepsi-volba-8166\/#breadcrumb"},"inLanguage":"cs","potentialAction":[{"@type":"ReadAction","target":["https:\/\/www.koupelnapro.com\/index.php\/produkt\/parobrzdy-bauder-tex-parozabrana-nejlepsi-volba-8166\/"]}]},{"@type":"ImageObject","inLanguage":"cs","@id":"https:\/\/www.koupelnapro.com\/index.php\/produkt\/parobrzdy-bauder-tex-parozabrana-nejlepsi-volba-8166\/#primaryimage","url":"https:\/\/www.koupelnapro.com\/wp-content\/uploads\/2026\/SK0003624-CZ20260425-091742-0-1777079863-P-042318-00.webp","contentUrl":"https:\/\/www.koupelnapro.com\/wp-content\/uploads\/2026\/SK0003624-CZ20260425-091742-0-1777079863-P-042318-00.webp","width":800,"height":600},{"@type":"BreadcrumbList","@id":"https:\/\/www.koupelnapro.com\/index.php\/produkt\/parobrzdy-bauder-tex-parozabrana-nejlepsi-volba-8166\/#breadcrumb","itemListElement":[{"@type":"ListItem","position":1,"name":"Home","item":"https:\/\/www.koupelnapro.com\/"},{"@type":"ListItem","position":2,"name":"Products","item":"https:\/\/www.koupelnapro.com\/index.php\/products\/"},{"@type":"ListItem","position":3,"name":"Parobrzdy &#8211; Bauder Tex paroz\u00e1brana Nejlep\u0161\u00ed Volba"}]},{"@type":"WebSite","@id":"https:\/\/www.koupelnapro.com\/#website","url":"https:\/\/www.koupelnapro.com\/","name":"","description":"","potentialAction":[{"@type":"SearchAction","target":{"@type":"EntryPoint","urlTemplate":"https:\/\/www.koupelnapro.com\/?s={search_term_string}"},"query-input":{"@type":"PropertyValueSpecification","valueRequired":true,"valueName":"search_term_string"}}],"inLanguage":"cs"}]}},"_links":{"self":[{"href":"https:\/\/www.koupelnapro.com\/index.php\/wp-json\/wp\/v2\/product\/8166","targetHints":{"allow":["GET"]}}],"collection":[{"href":"https:\/\/www.koupelnapro.com\/index.php\/wp-json\/wp\/v2\/product"}],"about":[{"href":"https:\/\/www.koupelnapro.com\/index.php\/wp-json\/wp\/v2\/types\/product"}],"replies":[{"embeddable":true,"href":"https:\/\/www.koupelnapro.com\/index.php\/wp-json\/wp\/v2\/comments?post=8166"}],"wp:featuredmedia":[{"embeddable":true,"href":"https:\/\/www.koupelnapro.com\/index.php\/wp-json\/wp\/v2\/media\/8266"}],"wp:attachment":[{"href":"https:\/\/www.koupelnapro.com\/index.php\/wp-json\/wp\/v2\/media?parent=8166"}],"wp:term":[{"taxonomy":"product_brand","embeddable":true,"href":"https:\/\/www.koupelnapro.com\/index.php\/wp-json\/wp\/v2\/product_brand?post=8166"},{"taxonomy":"product_cat","embeddable":true,"href":"https:\/\/www.koupelnapro.com\/index.php\/wp-json\/wp\/v2\/product_cat?post=8166"},{"taxonomy":"product_tag","embeddable":true,"href":"https:\/\/www.koupelnapro.com\/index.php\/wp-json\/wp\/v2\/product_tag?post=8166"}],"curies":[{"name":"wp","href":"https:\/\/api.w.org\/{rel}","templated":true}]}}