{"id":8165,"date":"2026-04-26T09:13:20","date_gmt":"2026-04-26T09:13:20","guid":{"rendered":""},"modified":"2026-04-26T09:13:20","modified_gmt":"2026-04-26T09:13:20","slug":"znackovy-paramo-laky-a-penetrace-renolak-moal-9-kg-8165","status":"publish","type":"product","link":"https:\/\/www.koupelnapro.com\/index.php\/produkt\/znackovy-paramo-laky-a-penetrace-renolak-moal-9-kg-8165\/","title":{"rendered":"Zna\u010dkov\u00fd Paramo laky a penetrace &#8211; RENOLAK MOAL 9 kg"},"content":{"rendered":"<div class=\"ResponseTabButton\">Popis produktu<\/div>\n<div class=\"TabContent\">                Renolak &#8211; jedn\u00e1 se o skupinu asfaltov\u00fdch hmot rozpu\u0161t\u011bn\u00fdch v organick\u00e9m rozpou\u0161t\u011bdle. Asfaltov\u00e9 izola\u010dn\u00ed laky jsou za norm\u00e1ln\u00ed teploty \u0161edo\u010dern\u00e9 a\u017e \u010dern\u00e9 visk\u00f3zn\u00ed tekut\u00e9 hmoty, kter\u00e9 jsou prost\u00e9 vody a mechanick\u00fdch ne\u010distot. Asfaltov\u00e1 hmota po odpa\u0159en\u00ed rozpou\u0161t\u011bdla m\u00e1 dobrou p\u0159ilnavost na v\u0161echny stavebn\u00ed hmoty (beton, zdivo, kov aj.) a dob\u0159e dr\u017e\u00ed na v\u0161ech asfaltov\u00fdch podkladech.<\/p>\n<p>Pou\u017eit\u00ed Moal: k vytvo\u0159en\u00ed ochrann\u00e9ho a renova\u010dn\u00edho povlaku na asfaltov\u00fdch krytin\u00e1ch pro p\u0159ekryt\u00ed mikrotrhlin, mo\u017enost lepen\u00ed polystyrenu jen po odv\u011btr\u00e1n\u00ed rozpou\u0161t\u011bdla. Tak\u00e9 se vyu\u017e\u00edv\u00e1 k lepen\u00ed asfaltov\u00fdch p\u00e1s\u016f za studena a tepeln\u011b izola\u010dn\u00edch materi\u00e1l\u016f na b\u00e1zi miner\u00e1ln\u00edho vl\u00e1kna. Vytv\u00e1\u0159\u00ed vysoce elastick\u00fd n\u00e1t\u011br, kter\u00fd absorbuje mechanick\u00e1 nap\u011bt\u00ed, vznikaj\u00edc\u00ed p\u0159i dilataci podkladn\u00ed vrstvy. Je vhodn\u00fd i pro antikorozn\u00ed ochranu kov\u016f. Po zaschnut\u00ed je \u010derstv\u00fd n\u00e1t\u011br lepiv\u00fd.<\/p><\/div>\n<\/p><\/div>\n<\/p><\/div>\n<\/p><\/div>\n<\/div>\n","protected":false},"excerpt":{"rendered":"<p>Popis produktu Renolak &#8211; jedn\u00e1 se o skupinu asfaltov\u00fdch hmot rozpu\u0161t\u011bn\u00fdch v organick\u00e9m rozpou\u0161t\u011bdle. Asfaltov\u00e9 izola\u010dn\u00ed laky jsou za norm\u00e1ln\u00ed teploty \u0161edo\u010dern\u00e9 a\u017e \u010dern\u00e9 visk\u00f3zn\u00ed tekut\u00e9 hmoty, kter\u00e9 jsou prost\u00e9 vody a mechanick\u00fdch ne\u010distot. Asfaltov\u00e1 hmota po odpa\u0159en\u00ed rozpou\u0161t\u011bdla m\u00e1 dobrou p\u0159ilnavost na v\u0161echny stavebn\u00ed hmoty (beton, zdivo, kov aj.) a dob\u0159e dr\u017e\u00ed na v\u0161ech [&hellip;]<\/p>\n","protected":false},"featured_media":8265,"comment_status":"open","ping_status":"open","template":"","meta":[],"product_brand":[],"product_cat":[49],"product_tag":[],"class_list":{"0":"post-8165","1":"product","2":"type-product","3":"status-publish","4":"has-post-thumbnail","6":"product_cat-naterove-a-chemicke-vyrobky","8":"first","9":"instock","10":"sale","11":"shipping-taxable","12":"purchasable","13":"product-type-simple"},"yoast_head":"<!-- This site is optimized with the Yoast SEO plugin v26.8 - https:\/\/yoast.com\/product\/yoast-seo-wordpress\/ -->\n<title>Zna\u010dkov\u00fd Paramo laky a penetrace - RENOLAK MOAL 9 kg -<\/title>\n<meta name=\"robots\" content=\"index, follow, max-snippet:-1, max-image-preview:large, max-video-preview:-1\" \/>\n<link rel=\"canonical\" href=\"https:\/\/www.koupelnapro.com\/index.php\/produkt\/znackovy-paramo-laky-a-penetrace-renolak-moal-9-kg-8165\/\" \/>\n<meta property=\"og:locale\" content=\"cs_CZ\" \/>\n<meta property=\"og:type\" content=\"article\" \/>\n<meta property=\"og:title\" content=\"Zna\u010dkov\u00fd Paramo laky a penetrace - RENOLAK MOAL 9 kg -\" \/>\n<meta property=\"og:description\" content=\"Popis produktu Renolak &#8211; jedn\u00e1 se o skupinu asfaltov\u00fdch hmot rozpu\u0161t\u011bn\u00fdch v organick\u00e9m rozpou\u0161t\u011bdle. Asfaltov\u00e9 izola\u010dn\u00ed laky jsou za norm\u00e1ln\u00ed teploty \u0161edo\u010dern\u00e9 a\u017e \u010dern\u00e9 visk\u00f3zn\u00ed tekut\u00e9 hmoty, kter\u00e9 jsou prost\u00e9 vody a mechanick\u00fdch ne\u010distot. Asfaltov\u00e1 hmota po odpa\u0159en\u00ed rozpou\u0161t\u011bdla m\u00e1 dobrou p\u0159ilnavost na v\u0161echny stavebn\u00ed hmoty (beton, zdivo, kov aj.) a dob\u0159e dr\u017e\u00ed na v\u0161ech [&hellip;]\" \/>\n<meta property=\"og:url\" content=\"https:\/\/www.koupelnapro.com\/index.php\/produkt\/znackovy-paramo-laky-a-penetrace-renolak-moal-9-kg-8165\/\" \/>\n<meta property=\"og:image\" content=\"https:\/\/www.koupelnapro.com\/wp-content\/uploads\/2026\/SK0003623-CZ20260425-091742-0-1777079863-P-012572-00.webp\" \/>\n\t<meta property=\"og:image:width\" content=\"500\" \/>\n\t<meta property=\"og:image:height\" content=\"400\" \/>\n\t<meta property=\"og:image:type\" content=\"image\/webp\" \/>\n<meta name=\"twitter:card\" content=\"summary_large_image\" \/>\n<meta name=\"twitter:label1\" content=\"Odhadovan\u00e1 doba \u010dten\u00ed\" \/>\n\t<meta name=\"twitter:data1\" content=\"1 minuta\" \/>\n<script type=\"application\/ld+json\" class=\"yoast-schema-graph\">{\"@context\":\"https:\/\/schema.org\",\"@graph\":[{\"@type\":\"WebPage\",\"@id\":\"https:\/\/www.koupelnapro.com\/index.php\/produkt\/znackovy-paramo-laky-a-penetrace-renolak-moal-9-kg-8165\/\",\"url\":\"https:\/\/www.koupelnapro.com\/index.php\/produkt\/znackovy-paramo-laky-a-penetrace-renolak-moal-9-kg-8165\/\",\"name\":\"Zna\u010dkov\u00fd Paramo laky a penetrace - RENOLAK MOAL 9 kg -\",\"isPartOf\":{\"@id\":\"https:\/\/www.koupelnapro.com\/#website\"},\"primaryImageOfPage\":{\"@id\":\"https:\/\/www.koupelnapro.com\/index.php\/produkt\/znackovy-paramo-laky-a-penetrace-renolak-moal-9-kg-8165\/#primaryimage\"},\"image\":{\"@id\":\"https:\/\/www.koupelnapro.com\/index.php\/produkt\/znackovy-paramo-laky-a-penetrace-renolak-moal-9-kg-8165\/#primaryimage\"},\"thumbnailUrl\":\"https:\/\/www.koupelnapro.com\/wp-content\/uploads\/2026\/SK0003623-CZ20260425-091742-0-1777079863-P-012572-00.webp\",\"datePublished\":\"2026-04-26T09:13:20+00:00\",\"breadcrumb\":{\"@id\":\"https:\/\/www.koupelnapro.com\/index.php\/produkt\/znackovy-paramo-laky-a-penetrace-renolak-moal-9-kg-8165\/#breadcrumb\"},\"inLanguage\":\"cs\",\"potentialAction\":[{\"@type\":\"ReadAction\",\"target\":[\"https:\/\/www.koupelnapro.com\/index.php\/produkt\/znackovy-paramo-laky-a-penetrace-renolak-moal-9-kg-8165\/\"]}]},{\"@type\":\"ImageObject\",\"inLanguage\":\"cs\",\"@id\":\"https:\/\/www.koupelnapro.com\/index.php\/produkt\/znackovy-paramo-laky-a-penetrace-renolak-moal-9-kg-8165\/#primaryimage\",\"url\":\"https:\/\/www.koupelnapro.com\/wp-content\/uploads\/2026\/SK0003623-CZ20260425-091742-0-1777079863-P-012572-00.webp\",\"contentUrl\":\"https:\/\/www.koupelnapro.com\/wp-content\/uploads\/2026\/SK0003623-CZ20260425-091742-0-1777079863-P-012572-00.webp\",\"width\":500,\"height\":400},{\"@type\":\"BreadcrumbList\",\"@id\":\"https:\/\/www.koupelnapro.com\/index.php\/produkt\/znackovy-paramo-laky-a-penetrace-renolak-moal-9-kg-8165\/#breadcrumb\",\"itemListElement\":[{\"@type\":\"ListItem\",\"position\":1,\"name\":\"Home\",\"item\":\"https:\/\/www.koupelnapro.com\/\"},{\"@type\":\"ListItem\",\"position\":2,\"name\":\"Products\",\"item\":\"https:\/\/www.koupelnapro.com\/index.php\/products\/\"},{\"@type\":\"ListItem\",\"position\":3,\"name\":\"Zna\u010dkov\u00fd Paramo laky a penetrace &#8211; RENOLAK MOAL 9 kg\"}]},{\"@type\":\"WebSite\",\"@id\":\"https:\/\/www.koupelnapro.com\/#website\",\"url\":\"https:\/\/www.koupelnapro.com\/\",\"name\":\"\",\"description\":\"\",\"potentialAction\":[{\"@type\":\"SearchAction\",\"target\":{\"@type\":\"EntryPoint\",\"urlTemplate\":\"https:\/\/www.koupelnapro.com\/?s={search_term_string}\"},\"query-input\":{\"@type\":\"PropertyValueSpecification\",\"valueRequired\":true,\"valueName\":\"search_term_string\"}}],\"inLanguage\":\"cs\"}]}<\/script>\n<!-- \/ Yoast SEO plugin. -->","yoast_head_json":{"title":"Zna\u010dkov\u00fd Paramo laky a penetrace - RENOLAK MOAL 9 kg -","robots":{"index":"index","follow":"follow","max-snippet":"max-snippet:-1","max-image-preview":"max-image-preview:large","max-video-preview":"max-video-preview:-1"},"canonical":"https:\/\/www.koupelnapro.com\/index.php\/produkt\/znackovy-paramo-laky-a-penetrace-renolak-moal-9-kg-8165\/","og_locale":"cs_CZ","og_type":"article","og_title":"Zna\u010dkov\u00fd Paramo laky a penetrace - RENOLAK MOAL 9 kg -","og_description":"Popis produktu Renolak &#8211; jedn\u00e1 se o skupinu asfaltov\u00fdch hmot rozpu\u0161t\u011bn\u00fdch v organick\u00e9m rozpou\u0161t\u011bdle. Asfaltov\u00e9 izola\u010dn\u00ed laky jsou za norm\u00e1ln\u00ed teploty \u0161edo\u010dern\u00e9 a\u017e \u010dern\u00e9 visk\u00f3zn\u00ed tekut\u00e9 hmoty, kter\u00e9 jsou prost\u00e9 vody a mechanick\u00fdch ne\u010distot. Asfaltov\u00e1 hmota po odpa\u0159en\u00ed rozpou\u0161t\u011bdla m\u00e1 dobrou p\u0159ilnavost na v\u0161echny stavebn\u00ed hmoty (beton, zdivo, kov aj.) a dob\u0159e dr\u017e\u00ed na v\u0161ech [&hellip;]","og_url":"https:\/\/www.koupelnapro.com\/index.php\/produkt\/znackovy-paramo-laky-a-penetrace-renolak-moal-9-kg-8165\/","og_image":[{"width":500,"height":400,"url":"https:\/\/www.koupelnapro.com\/wp-content\/uploads\/2026\/SK0003623-CZ20260425-091742-0-1777079863-P-012572-00.webp","type":"image\/webp"}],"twitter_card":"summary_large_image","twitter_misc":{"Odhadovan\u00e1 doba \u010dten\u00ed":"1 minuta"},"schema":{"@context":"https:\/\/schema.org","@graph":[{"@type":"WebPage","@id":"https:\/\/www.koupelnapro.com\/index.php\/produkt\/znackovy-paramo-laky-a-penetrace-renolak-moal-9-kg-8165\/","url":"https:\/\/www.koupelnapro.com\/index.php\/produkt\/znackovy-paramo-laky-a-penetrace-renolak-moal-9-kg-8165\/","name":"Zna\u010dkov\u00fd Paramo laky a penetrace - RENOLAK MOAL 9 kg -","isPartOf":{"@id":"https:\/\/www.koupelnapro.com\/#website"},"primaryImageOfPage":{"@id":"https:\/\/www.koupelnapro.com\/index.php\/produkt\/znackovy-paramo-laky-a-penetrace-renolak-moal-9-kg-8165\/#primaryimage"},"image":{"@id":"https:\/\/www.koupelnapro.com\/index.php\/produkt\/znackovy-paramo-laky-a-penetrace-renolak-moal-9-kg-8165\/#primaryimage"},"thumbnailUrl":"https:\/\/www.koupelnapro.com\/wp-content\/uploads\/2026\/SK0003623-CZ20260425-091742-0-1777079863-P-012572-00.webp","datePublished":"2026-04-26T09:13:20+00:00","breadcrumb":{"@id":"https:\/\/www.koupelnapro.com\/index.php\/produkt\/znackovy-paramo-laky-a-penetrace-renolak-moal-9-kg-8165\/#breadcrumb"},"inLanguage":"cs","potentialAction":[{"@type":"ReadAction","target":["https:\/\/www.koupelnapro.com\/index.php\/produkt\/znackovy-paramo-laky-a-penetrace-renolak-moal-9-kg-8165\/"]}]},{"@type":"ImageObject","inLanguage":"cs","@id":"https:\/\/www.koupelnapro.com\/index.php\/produkt\/znackovy-paramo-laky-a-penetrace-renolak-moal-9-kg-8165\/#primaryimage","url":"https:\/\/www.koupelnapro.com\/wp-content\/uploads\/2026\/SK0003623-CZ20260425-091742-0-1777079863-P-012572-00.webp","contentUrl":"https:\/\/www.koupelnapro.com\/wp-content\/uploads\/2026\/SK0003623-CZ20260425-091742-0-1777079863-P-012572-00.webp","width":500,"height":400},{"@type":"BreadcrumbList","@id":"https:\/\/www.koupelnapro.com\/index.php\/produkt\/znackovy-paramo-laky-a-penetrace-renolak-moal-9-kg-8165\/#breadcrumb","itemListElement":[{"@type":"ListItem","position":1,"name":"Home","item":"https:\/\/www.koupelnapro.com\/"},{"@type":"ListItem","position":2,"name":"Products","item":"https:\/\/www.koupelnapro.com\/index.php\/products\/"},{"@type":"ListItem","position":3,"name":"Zna\u010dkov\u00fd Paramo laky a penetrace &#8211; RENOLAK MOAL 9 kg"}]},{"@type":"WebSite","@id":"https:\/\/www.koupelnapro.com\/#website","url":"https:\/\/www.koupelnapro.com\/","name":"","description":"","potentialAction":[{"@type":"SearchAction","target":{"@type":"EntryPoint","urlTemplate":"https:\/\/www.koupelnapro.com\/?s={search_term_string}"},"query-input":{"@type":"PropertyValueSpecification","valueRequired":true,"valueName":"search_term_string"}}],"inLanguage":"cs"}]}},"_links":{"self":[{"href":"https:\/\/www.koupelnapro.com\/index.php\/wp-json\/wp\/v2\/product\/8165","targetHints":{"allow":["GET"]}}],"collection":[{"href":"https:\/\/www.koupelnapro.com\/index.php\/wp-json\/wp\/v2\/product"}],"about":[{"href":"https:\/\/www.koupelnapro.com\/index.php\/wp-json\/wp\/v2\/types\/product"}],"replies":[{"embeddable":true,"href":"https:\/\/www.koupelnapro.com\/index.php\/wp-json\/wp\/v2\/comments?post=8165"}],"wp:featuredmedia":[{"embeddable":true,"href":"https:\/\/www.koupelnapro.com\/index.php\/wp-json\/wp\/v2\/media\/8265"}],"wp:attachment":[{"href":"https:\/\/www.koupelnapro.com\/index.php\/wp-json\/wp\/v2\/media?parent=8165"}],"wp:term":[{"taxonomy":"product_brand","embeddable":true,"href":"https:\/\/www.koupelnapro.com\/index.php\/wp-json\/wp\/v2\/product_brand?post=8165"},{"taxonomy":"product_cat","embeddable":true,"href":"https:\/\/www.koupelnapro.com\/index.php\/wp-json\/wp\/v2\/product_cat?post=8165"},{"taxonomy":"product_tag","embeddable":true,"href":"https:\/\/www.koupelnapro.com\/index.php\/wp-json\/wp\/v2\/product_tag?post=8165"}],"curies":[{"name":"wp","href":"https:\/\/api.w.org\/{rel}","templated":true}]}}