{"id":8159,"date":"2026-04-26T09:13:20","date_gmt":"2026-04-26T09:13:20","guid":{"rendered":""},"modified":"2026-04-26T09:13:20","modified_gmt":"2026-04-26T09:13:20","slug":"koupit-online-paramo-laky-a-penetrace-penetral-alp-m-9-kg-8159","status":"publish","type":"product","link":"https:\/\/www.koupelnapro.com\/index.php\/produkt\/koupit-online-paramo-laky-a-penetrace-penetral-alp-m-9-kg-8159\/","title":{"rendered":"Koupit Online Paramo laky a penetrace &#8211; PENETRAL ALP M 9 kg"},"content":{"rendered":"<div class=\"ResponseTabButton\">Popis produktu<\/div>\n<div class=\"TabContent\">                K penetraci podklad\u016f tam, kde bude aplikov\u00e1na hydroizolace z modifikovan\u00fdch asfalt\u016f. Obsahuje i adhezn\u00ed p\u0159\u00edsadu do vlhka.<\/p>\n<p>Zpracov\u00e1n\u00ed: asfaltov\u00e9 laky penetra\u010dn\u00ed se zpracov\u00e1vaj\u00ed za studena. Pro aplikaci se pou\u017e\u00edv\u00e1 \u0161t\u011btec nebo pokr\u00fdva\u010dsk\u00fd kart\u00e1\u010d. Je mo\u017en\u00e9 prov\u00e9st n\u00e1st\u0159ik nebo m\u00e1\u010den\u00ed. P\u0159ed pou\u017eit\u00edm je d\u016fle\u017eit\u00e9 obsah d\u016fkladn\u011b prom\u00edchat. Spot\u0159eba je z\u00e1visl\u00e1 na zp\u016fsobu pou\u017eit\u00ed: 0,3 kg\/m2. Balen\u00ed a skladov\u00e1n\u00ed: dod\u00e1v\u00e1 se ve 3,5 kg a 9 kg kanystrech, 20 kg kbel\u00edc\u00edch, 160 kg (200 l) sudech, v \u017eelezni\u010dn\u00edch cistern\u00e1ch a autocistern\u00e1ch odb\u011bratele. Skladuj\u00ed se v uzav\u0159en\u00fdch obalech v kryt\u00fdch prostor\u00e1ch. Obaly s laky nesm\u00ed b\u00fdt vystaveny zv\u00fd\u0161en\u00fdm teplot\u00e1m nebo p\u0159\u00edm\u00e9mu slune\u010dn\u00edmu z\u00e1\u0159en\u00ed. B\u011bhem skladov\u00e1n\u00ed se p\u0159ipou\u0161t\u00ed zhoustnut\u00ed laku a\u017e o 50 %. Asfaltov\u00e9 laky penetra\u010dn\u00ed lze \u0159edit lakov\u00fdm benzinem.<\/p><\/div>\n<\/p><\/div>\n<\/p><\/div>\n<\/p><\/div>\n<\/div>\n","protected":false},"excerpt":{"rendered":"<p>Popis produktu K penetraci podklad\u016f tam, kde bude aplikov\u00e1na hydroizolace z modifikovan\u00fdch asfalt\u016f. Obsahuje i adhezn\u00ed p\u0159\u00edsadu do vlhka. Zpracov\u00e1n\u00ed: asfaltov\u00e9 laky penetra\u010dn\u00ed se zpracov\u00e1vaj\u00ed za studena. Pro aplikaci se pou\u017e\u00edv\u00e1 \u0161t\u011btec nebo pokr\u00fdva\u010dsk\u00fd kart\u00e1\u010d. Je mo\u017en\u00e9 prov\u00e9st n\u00e1st\u0159ik nebo m\u00e1\u010den\u00ed. P\u0159ed pou\u017eit\u00edm je d\u016fle\u017eit\u00e9 obsah d\u016fkladn\u011b prom\u00edchat. Spot\u0159eba je z\u00e1visl\u00e1 na zp\u016fsobu pou\u017eit\u00ed: 0,3 [&hellip;]<\/p>\n","protected":false},"featured_media":8259,"comment_status":"open","ping_status":"open","template":"","meta":[],"product_brand":[],"product_cat":[49],"product_tag":[],"class_list":{"0":"post-8159","1":"product","2":"type-product","3":"status-publish","4":"has-post-thumbnail","6":"product_cat-naterove-a-chemicke-vyrobky","8":"first","9":"instock","10":"sale","11":"shipping-taxable","12":"purchasable","13":"product-type-simple"},"yoast_head":"<!-- This site is optimized with the Yoast SEO plugin v26.8 - https:\/\/yoast.com\/product\/yoast-seo-wordpress\/ -->\n<title>Koupit Online Paramo laky a penetrace - PENETRAL ALP M 9 kg -<\/title>\n<meta name=\"robots\" content=\"index, follow, max-snippet:-1, max-image-preview:large, max-video-preview:-1\" \/>\n<link rel=\"canonical\" href=\"https:\/\/www.koupelnapro.com\/index.php\/produkt\/koupit-online-paramo-laky-a-penetrace-penetral-alp-m-9-kg-8159\/\" \/>\n<meta property=\"og:locale\" content=\"cs_CZ\" \/>\n<meta property=\"og:type\" content=\"article\" \/>\n<meta property=\"og:title\" content=\"Koupit Online Paramo laky a penetrace - PENETRAL ALP M 9 kg -\" \/>\n<meta property=\"og:description\" content=\"Popis produktu K penetraci podklad\u016f tam, kde bude aplikov\u00e1na hydroizolace z modifikovan\u00fdch asfalt\u016f. Obsahuje i adhezn\u00ed p\u0159\u00edsadu do vlhka. Zpracov\u00e1n\u00ed: asfaltov\u00e9 laky penetra\u010dn\u00ed se zpracov\u00e1vaj\u00ed za studena. Pro aplikaci se pou\u017e\u00edv\u00e1 \u0161t\u011btec nebo pokr\u00fdva\u010dsk\u00fd kart\u00e1\u010d. Je mo\u017en\u00e9 prov\u00e9st n\u00e1st\u0159ik nebo m\u00e1\u010den\u00ed. P\u0159ed pou\u017eit\u00edm je d\u016fle\u017eit\u00e9 obsah d\u016fkladn\u011b prom\u00edchat. Spot\u0159eba je z\u00e1visl\u00e1 na zp\u016fsobu pou\u017eit\u00ed: 0,3 [&hellip;]\" \/>\n<meta property=\"og:url\" content=\"https:\/\/www.koupelnapro.com\/index.php\/produkt\/koupit-online-paramo-laky-a-penetrace-penetral-alp-m-9-kg-8159\/\" \/>\n<meta property=\"og:image\" content=\"https:\/\/www.koupelnapro.com\/wp-content\/uploads\/2026\/SK0003617-CZ20260425-091742-0-1777079863-P-012566-00.webp\" \/>\n\t<meta property=\"og:image:width\" content=\"168\" \/>\n\t<meta property=\"og:image:height\" content=\"258\" \/>\n\t<meta property=\"og:image:type\" content=\"image\/webp\" \/>\n<meta name=\"twitter:card\" content=\"summary_large_image\" \/>\n<meta name=\"twitter:label1\" content=\"Odhadovan\u00e1 doba \u010dten\u00ed\" \/>\n\t<meta name=\"twitter:data1\" content=\"1 minuta\" \/>\n<script type=\"application\/ld+json\" class=\"yoast-schema-graph\">{\"@context\":\"https:\/\/schema.org\",\"@graph\":[{\"@type\":\"WebPage\",\"@id\":\"https:\/\/www.koupelnapro.com\/index.php\/produkt\/koupit-online-paramo-laky-a-penetrace-penetral-alp-m-9-kg-8159\/\",\"url\":\"https:\/\/www.koupelnapro.com\/index.php\/produkt\/koupit-online-paramo-laky-a-penetrace-penetral-alp-m-9-kg-8159\/\",\"name\":\"Koupit Online Paramo laky a penetrace - PENETRAL ALP M 9 kg -\",\"isPartOf\":{\"@id\":\"https:\/\/www.koupelnapro.com\/#website\"},\"primaryImageOfPage\":{\"@id\":\"https:\/\/www.koupelnapro.com\/index.php\/produkt\/koupit-online-paramo-laky-a-penetrace-penetral-alp-m-9-kg-8159\/#primaryimage\"},\"image\":{\"@id\":\"https:\/\/www.koupelnapro.com\/index.php\/produkt\/koupit-online-paramo-laky-a-penetrace-penetral-alp-m-9-kg-8159\/#primaryimage\"},\"thumbnailUrl\":\"https:\/\/www.koupelnapro.com\/wp-content\/uploads\/2026\/SK0003617-CZ20260425-091742-0-1777079863-P-012566-00.webp\",\"datePublished\":\"2026-04-26T09:13:20+00:00\",\"breadcrumb\":{\"@id\":\"https:\/\/www.koupelnapro.com\/index.php\/produkt\/koupit-online-paramo-laky-a-penetrace-penetral-alp-m-9-kg-8159\/#breadcrumb\"},\"inLanguage\":\"cs\",\"potentialAction\":[{\"@type\":\"ReadAction\",\"target\":[\"https:\/\/www.koupelnapro.com\/index.php\/produkt\/koupit-online-paramo-laky-a-penetrace-penetral-alp-m-9-kg-8159\/\"]}]},{\"@type\":\"ImageObject\",\"inLanguage\":\"cs\",\"@id\":\"https:\/\/www.koupelnapro.com\/index.php\/produkt\/koupit-online-paramo-laky-a-penetrace-penetral-alp-m-9-kg-8159\/#primaryimage\",\"url\":\"https:\/\/www.koupelnapro.com\/wp-content\/uploads\/2026\/SK0003617-CZ20260425-091742-0-1777079863-P-012566-00.webp\",\"contentUrl\":\"https:\/\/www.koupelnapro.com\/wp-content\/uploads\/2026\/SK0003617-CZ20260425-091742-0-1777079863-P-012566-00.webp\",\"width\":168,\"height\":258},{\"@type\":\"BreadcrumbList\",\"@id\":\"https:\/\/www.koupelnapro.com\/index.php\/produkt\/koupit-online-paramo-laky-a-penetrace-penetral-alp-m-9-kg-8159\/#breadcrumb\",\"itemListElement\":[{\"@type\":\"ListItem\",\"position\":1,\"name\":\"Home\",\"item\":\"https:\/\/www.koupelnapro.com\/\"},{\"@type\":\"ListItem\",\"position\":2,\"name\":\"Products\",\"item\":\"https:\/\/www.koupelnapro.com\/index.php\/products\/\"},{\"@type\":\"ListItem\",\"position\":3,\"name\":\"Koupit Online Paramo laky a penetrace &#8211; PENETRAL ALP M 9 kg\"}]},{\"@type\":\"WebSite\",\"@id\":\"https:\/\/www.koupelnapro.com\/#website\",\"url\":\"https:\/\/www.koupelnapro.com\/\",\"name\":\"\",\"description\":\"\",\"potentialAction\":[{\"@type\":\"SearchAction\",\"target\":{\"@type\":\"EntryPoint\",\"urlTemplate\":\"https:\/\/www.koupelnapro.com\/?s={search_term_string}\"},\"query-input\":{\"@type\":\"PropertyValueSpecification\",\"valueRequired\":true,\"valueName\":\"search_term_string\"}}],\"inLanguage\":\"cs\"}]}<\/script>\n<!-- \/ Yoast SEO plugin. -->","yoast_head_json":{"title":"Koupit Online Paramo laky a penetrace - PENETRAL ALP M 9 kg -","robots":{"index":"index","follow":"follow","max-snippet":"max-snippet:-1","max-image-preview":"max-image-preview:large","max-video-preview":"max-video-preview:-1"},"canonical":"https:\/\/www.koupelnapro.com\/index.php\/produkt\/koupit-online-paramo-laky-a-penetrace-penetral-alp-m-9-kg-8159\/","og_locale":"cs_CZ","og_type":"article","og_title":"Koupit Online Paramo laky a penetrace - PENETRAL ALP M 9 kg -","og_description":"Popis produktu K penetraci podklad\u016f tam, kde bude aplikov\u00e1na hydroizolace z modifikovan\u00fdch asfalt\u016f. Obsahuje i adhezn\u00ed p\u0159\u00edsadu do vlhka. Zpracov\u00e1n\u00ed: asfaltov\u00e9 laky penetra\u010dn\u00ed se zpracov\u00e1vaj\u00ed za studena. Pro aplikaci se pou\u017e\u00edv\u00e1 \u0161t\u011btec nebo pokr\u00fdva\u010dsk\u00fd kart\u00e1\u010d. Je mo\u017en\u00e9 prov\u00e9st n\u00e1st\u0159ik nebo m\u00e1\u010den\u00ed. P\u0159ed pou\u017eit\u00edm je d\u016fle\u017eit\u00e9 obsah d\u016fkladn\u011b prom\u00edchat. Spot\u0159eba je z\u00e1visl\u00e1 na zp\u016fsobu pou\u017eit\u00ed: 0,3 [&hellip;]","og_url":"https:\/\/www.koupelnapro.com\/index.php\/produkt\/koupit-online-paramo-laky-a-penetrace-penetral-alp-m-9-kg-8159\/","og_image":[{"width":168,"height":258,"url":"https:\/\/www.koupelnapro.com\/wp-content\/uploads\/2026\/SK0003617-CZ20260425-091742-0-1777079863-P-012566-00.webp","type":"image\/webp"}],"twitter_card":"summary_large_image","twitter_misc":{"Odhadovan\u00e1 doba \u010dten\u00ed":"1 minuta"},"schema":{"@context":"https:\/\/schema.org","@graph":[{"@type":"WebPage","@id":"https:\/\/www.koupelnapro.com\/index.php\/produkt\/koupit-online-paramo-laky-a-penetrace-penetral-alp-m-9-kg-8159\/","url":"https:\/\/www.koupelnapro.com\/index.php\/produkt\/koupit-online-paramo-laky-a-penetrace-penetral-alp-m-9-kg-8159\/","name":"Koupit Online Paramo laky a penetrace - PENETRAL ALP M 9 kg -","isPartOf":{"@id":"https:\/\/www.koupelnapro.com\/#website"},"primaryImageOfPage":{"@id":"https:\/\/www.koupelnapro.com\/index.php\/produkt\/koupit-online-paramo-laky-a-penetrace-penetral-alp-m-9-kg-8159\/#primaryimage"},"image":{"@id":"https:\/\/www.koupelnapro.com\/index.php\/produkt\/koupit-online-paramo-laky-a-penetrace-penetral-alp-m-9-kg-8159\/#primaryimage"},"thumbnailUrl":"https:\/\/www.koupelnapro.com\/wp-content\/uploads\/2026\/SK0003617-CZ20260425-091742-0-1777079863-P-012566-00.webp","datePublished":"2026-04-26T09:13:20+00:00","breadcrumb":{"@id":"https:\/\/www.koupelnapro.com\/index.php\/produkt\/koupit-online-paramo-laky-a-penetrace-penetral-alp-m-9-kg-8159\/#breadcrumb"},"inLanguage":"cs","potentialAction":[{"@type":"ReadAction","target":["https:\/\/www.koupelnapro.com\/index.php\/produkt\/koupit-online-paramo-laky-a-penetrace-penetral-alp-m-9-kg-8159\/"]}]},{"@type":"ImageObject","inLanguage":"cs","@id":"https:\/\/www.koupelnapro.com\/index.php\/produkt\/koupit-online-paramo-laky-a-penetrace-penetral-alp-m-9-kg-8159\/#primaryimage","url":"https:\/\/www.koupelnapro.com\/wp-content\/uploads\/2026\/SK0003617-CZ20260425-091742-0-1777079863-P-012566-00.webp","contentUrl":"https:\/\/www.koupelnapro.com\/wp-content\/uploads\/2026\/SK0003617-CZ20260425-091742-0-1777079863-P-012566-00.webp","width":168,"height":258},{"@type":"BreadcrumbList","@id":"https:\/\/www.koupelnapro.com\/index.php\/produkt\/koupit-online-paramo-laky-a-penetrace-penetral-alp-m-9-kg-8159\/#breadcrumb","itemListElement":[{"@type":"ListItem","position":1,"name":"Home","item":"https:\/\/www.koupelnapro.com\/"},{"@type":"ListItem","position":2,"name":"Products","item":"https:\/\/www.koupelnapro.com\/index.php\/products\/"},{"@type":"ListItem","position":3,"name":"Koupit Online Paramo laky a penetrace &#8211; PENETRAL ALP M 9 kg"}]},{"@type":"WebSite","@id":"https:\/\/www.koupelnapro.com\/#website","url":"https:\/\/www.koupelnapro.com\/","name":"","description":"","potentialAction":[{"@type":"SearchAction","target":{"@type":"EntryPoint","urlTemplate":"https:\/\/www.koupelnapro.com\/?s={search_term_string}"},"query-input":{"@type":"PropertyValueSpecification","valueRequired":true,"valueName":"search_term_string"}}],"inLanguage":"cs"}]}},"_links":{"self":[{"href":"https:\/\/www.koupelnapro.com\/index.php\/wp-json\/wp\/v2\/product\/8159","targetHints":{"allow":["GET"]}}],"collection":[{"href":"https:\/\/www.koupelnapro.com\/index.php\/wp-json\/wp\/v2\/product"}],"about":[{"href":"https:\/\/www.koupelnapro.com\/index.php\/wp-json\/wp\/v2\/types\/product"}],"replies":[{"embeddable":true,"href":"https:\/\/www.koupelnapro.com\/index.php\/wp-json\/wp\/v2\/comments?post=8159"}],"wp:featuredmedia":[{"embeddable":true,"href":"https:\/\/www.koupelnapro.com\/index.php\/wp-json\/wp\/v2\/media\/8259"}],"wp:attachment":[{"href":"https:\/\/www.koupelnapro.com\/index.php\/wp-json\/wp\/v2\/media?parent=8159"}],"wp:term":[{"taxonomy":"product_brand","embeddable":true,"href":"https:\/\/www.koupelnapro.com\/index.php\/wp-json\/wp\/v2\/product_brand?post=8159"},{"taxonomy":"product_cat","embeddable":true,"href":"https:\/\/www.koupelnapro.com\/index.php\/wp-json\/wp\/v2\/product_cat?post=8159"},{"taxonomy":"product_tag","embeddable":true,"href":"https:\/\/www.koupelnapro.com\/index.php\/wp-json\/wp\/v2\/product_tag?post=8159"}],"curies":[{"name":"wp","href":"https:\/\/api.w.org\/{rel}","templated":true}]}}