{"id":8155,"date":"2026-04-26T09:13:20","date_gmt":"2026-04-26T09:13:20","guid":{"rendered":""},"modified":"2026-04-26T09:13:20","modified_gmt":"2026-04-26T09:13:20","slug":"oblibeny-paramo-laky-a-penetrace-penetral-alp-160-kg-8155","status":"publish","type":"product","link":"https:\/\/www.koupelnapro.com\/index.php\/produkt\/oblibeny-paramo-laky-a-penetrace-penetral-alp-160-kg-8155\/","title":{"rendered":"Obl\u00edben\u00fd Paramo laky a penetrace &#8211; PENETRAL ALP 160 kg"},"content":{"rendered":"<div class=\"ResponseTabButton\">Popis produktu<\/div>\n<div class=\"TabContent\">\n<p>K&nbsp;penetraci such\u00fdch a o\u010di\u0161t\u011bn\u00fdch podklad\u016f pod asfaltov\u00e9 izola\u010dn\u00ed krytiny a izolace.<\/p>\n<p>Zpracov\u00e1n\u00ed: asfaltov\u00e9 laky penetra\u010dn\u00ed se zpracov\u00e1vaj\u00ed za studena. Pro aplikaci se pou\u017e\u00edv\u00e1 \u0161t\u011btec nebo pokr\u00fdva\u010dsk\u00fd kart\u00e1\u010d. Je mo\u017en\u00e9 prov\u00e9st n\u00e1st\u0159ik nebo m\u00e1\u010den\u00ed. P\u0159ed pou\u017eit\u00edm je d\u016fle\u017eit\u00e9 obsah d\u016fkladn\u011b prom\u00edchat. Spot\u0159eba je z\u00e1visl\u00e1 na zp\u016fsobu pou\u017eit\u00ed: 0,3 kg\/m2.<\/p>\n<p>Balen\u00ed a skladov\u00e1n\u00ed: dod\u00e1v\u00e1 se ve 3,5 kg a 9 kg kanystrech, 20 kg kbel\u00edc\u00edch, 160 kg (200 l) sudech, v \u017eelezni\u010dn\u00edch cistern\u00e1ch a autocistern\u00e1ch odb\u011bratele. Skladuj\u00ed se v uzav\u0159en\u00fdch obalech v kryt\u00fdch prostor\u00e1ch. Obaly s laky nesm\u00ed b\u00fdt vystaveny zv\u00fd\u0161en\u00fdm teplot\u00e1m nebo p\u0159\u00edm\u00e9mu slune\u010dn\u00edmu z\u00e1\u0159en\u00ed. B\u011bhem skladov\u00e1n\u00ed se p\u0159ipou\u0161t\u00ed zhoustnut\u00ed laku a\u017e o 50 %. Asfaltov\u00e9 laky penetra\u010dn\u00ed lze \u0159edit lakov\u00fdm benzinem.<\/p>\n<\/p><\/div>\n<\/p><\/div>\n<\/p><\/div>\n<\/p><\/div>\n<\/div>\n","protected":false},"excerpt":{"rendered":"<p>Popis produktu K&nbsp;penetraci such\u00fdch a o\u010di\u0161t\u011bn\u00fdch podklad\u016f pod asfaltov\u00e9 izola\u010dn\u00ed krytiny a izolace. Zpracov\u00e1n\u00ed: asfaltov\u00e9 laky penetra\u010dn\u00ed se zpracov\u00e1vaj\u00ed za studena. Pro aplikaci se pou\u017e\u00edv\u00e1 \u0161t\u011btec nebo pokr\u00fdva\u010dsk\u00fd kart\u00e1\u010d. Je mo\u017en\u00e9 prov\u00e9st n\u00e1st\u0159ik nebo m\u00e1\u010den\u00ed. P\u0159ed pou\u017eit\u00edm je d\u016fle\u017eit\u00e9 obsah d\u016fkladn\u011b prom\u00edchat. Spot\u0159eba je z\u00e1visl\u00e1 na zp\u016fsobu pou\u017eit\u00ed: 0,3 kg\/m2. Balen\u00ed a skladov\u00e1n\u00ed: dod\u00e1v\u00e1 se [&hellip;]<\/p>\n","protected":false},"featured_media":8255,"comment_status":"open","ping_status":"open","template":"","meta":[],"product_brand":[],"product_cat":[49],"product_tag":[],"class_list":{"0":"post-8155","1":"product","2":"type-product","3":"status-publish","4":"has-post-thumbnail","6":"product_cat-naterove-a-chemicke-vyrobky","8":"first","9":"instock","10":"sale","11":"shipping-taxable","12":"purchasable","13":"product-type-simple"},"yoast_head":"<!-- This site is optimized with the Yoast SEO plugin v26.8 - https:\/\/yoast.com\/product\/yoast-seo-wordpress\/ -->\n<title>Obl\u00edben\u00fd Paramo laky a penetrace - PENETRAL ALP 160 kg -<\/title>\n<meta name=\"robots\" content=\"index, follow, max-snippet:-1, max-image-preview:large, max-video-preview:-1\" \/>\n<link rel=\"canonical\" href=\"https:\/\/www.koupelnapro.com\/index.php\/produkt\/oblibeny-paramo-laky-a-penetrace-penetral-alp-160-kg-8155\/\" \/>\n<meta property=\"og:locale\" content=\"cs_CZ\" \/>\n<meta property=\"og:type\" content=\"article\" \/>\n<meta property=\"og:title\" content=\"Obl\u00edben\u00fd Paramo laky a penetrace - PENETRAL ALP 160 kg -\" \/>\n<meta property=\"og:description\" content=\"Popis produktu K&nbsp;penetraci such\u00fdch a o\u010di\u0161t\u011bn\u00fdch podklad\u016f pod asfaltov\u00e9 izola\u010dn\u00ed krytiny a izolace. Zpracov\u00e1n\u00ed: asfaltov\u00e9 laky penetra\u010dn\u00ed se zpracov\u00e1vaj\u00ed za studena. Pro aplikaci se pou\u017e\u00edv\u00e1 \u0161t\u011btec nebo pokr\u00fdva\u010dsk\u00fd kart\u00e1\u010d. Je mo\u017en\u00e9 prov\u00e9st n\u00e1st\u0159ik nebo m\u00e1\u010den\u00ed. P\u0159ed pou\u017eit\u00edm je d\u016fle\u017eit\u00e9 obsah d\u016fkladn\u011b prom\u00edchat. Spot\u0159eba je z\u00e1visl\u00e1 na zp\u016fsobu pou\u017eit\u00ed: 0,3 kg\/m2. Balen\u00ed a skladov\u00e1n\u00ed: dod\u00e1v\u00e1 se [&hellip;]\" \/>\n<meta property=\"og:url\" content=\"https:\/\/www.koupelnapro.com\/index.php\/produkt\/oblibeny-paramo-laky-a-penetrace-penetral-alp-160-kg-8155\/\" \/>\n<meta property=\"og:image\" content=\"https:\/\/www.koupelnapro.com\/wp-content\/uploads\/2026\/SK0003613-CZ20260425-091742-0-1777079863-P-012565-00.webp\" \/>\n\t<meta property=\"og:image:width\" content=\"500\" \/>\n\t<meta property=\"og:image:height\" content=\"400\" \/>\n\t<meta property=\"og:image:type\" content=\"image\/webp\" \/>\n<meta name=\"twitter:card\" content=\"summary_large_image\" \/>\n<meta name=\"twitter:label1\" content=\"Odhadovan\u00e1 doba \u010dten\u00ed\" \/>\n\t<meta name=\"twitter:data1\" content=\"1 minuta\" \/>\n<script type=\"application\/ld+json\" class=\"yoast-schema-graph\">{\"@context\":\"https:\/\/schema.org\",\"@graph\":[{\"@type\":\"WebPage\",\"@id\":\"https:\/\/www.koupelnapro.com\/index.php\/produkt\/oblibeny-paramo-laky-a-penetrace-penetral-alp-160-kg-8155\/\",\"url\":\"https:\/\/www.koupelnapro.com\/index.php\/produkt\/oblibeny-paramo-laky-a-penetrace-penetral-alp-160-kg-8155\/\",\"name\":\"Obl\u00edben\u00fd Paramo laky a penetrace - PENETRAL ALP 160 kg -\",\"isPartOf\":{\"@id\":\"https:\/\/www.koupelnapro.com\/#website\"},\"primaryImageOfPage\":{\"@id\":\"https:\/\/www.koupelnapro.com\/index.php\/produkt\/oblibeny-paramo-laky-a-penetrace-penetral-alp-160-kg-8155\/#primaryimage\"},\"image\":{\"@id\":\"https:\/\/www.koupelnapro.com\/index.php\/produkt\/oblibeny-paramo-laky-a-penetrace-penetral-alp-160-kg-8155\/#primaryimage\"},\"thumbnailUrl\":\"https:\/\/www.koupelnapro.com\/wp-content\/uploads\/2026\/SK0003613-CZ20260425-091742-0-1777079863-P-012565-00.webp\",\"datePublished\":\"2026-04-26T09:13:20+00:00\",\"breadcrumb\":{\"@id\":\"https:\/\/www.koupelnapro.com\/index.php\/produkt\/oblibeny-paramo-laky-a-penetrace-penetral-alp-160-kg-8155\/#breadcrumb\"},\"inLanguage\":\"cs\",\"potentialAction\":[{\"@type\":\"ReadAction\",\"target\":[\"https:\/\/www.koupelnapro.com\/index.php\/produkt\/oblibeny-paramo-laky-a-penetrace-penetral-alp-160-kg-8155\/\"]}]},{\"@type\":\"ImageObject\",\"inLanguage\":\"cs\",\"@id\":\"https:\/\/www.koupelnapro.com\/index.php\/produkt\/oblibeny-paramo-laky-a-penetrace-penetral-alp-160-kg-8155\/#primaryimage\",\"url\":\"https:\/\/www.koupelnapro.com\/wp-content\/uploads\/2026\/SK0003613-CZ20260425-091742-0-1777079863-P-012565-00.webp\",\"contentUrl\":\"https:\/\/www.koupelnapro.com\/wp-content\/uploads\/2026\/SK0003613-CZ20260425-091742-0-1777079863-P-012565-00.webp\",\"width\":500,\"height\":400},{\"@type\":\"BreadcrumbList\",\"@id\":\"https:\/\/www.koupelnapro.com\/index.php\/produkt\/oblibeny-paramo-laky-a-penetrace-penetral-alp-160-kg-8155\/#breadcrumb\",\"itemListElement\":[{\"@type\":\"ListItem\",\"position\":1,\"name\":\"Home\",\"item\":\"https:\/\/www.koupelnapro.com\/\"},{\"@type\":\"ListItem\",\"position\":2,\"name\":\"Products\",\"item\":\"https:\/\/www.koupelnapro.com\/index.php\/products\/\"},{\"@type\":\"ListItem\",\"position\":3,\"name\":\"Obl\u00edben\u00fd Paramo laky a penetrace &#8211; PENETRAL ALP 160 kg\"}]},{\"@type\":\"WebSite\",\"@id\":\"https:\/\/www.koupelnapro.com\/#website\",\"url\":\"https:\/\/www.koupelnapro.com\/\",\"name\":\"\",\"description\":\"\",\"potentialAction\":[{\"@type\":\"SearchAction\",\"target\":{\"@type\":\"EntryPoint\",\"urlTemplate\":\"https:\/\/www.koupelnapro.com\/?s={search_term_string}\"},\"query-input\":{\"@type\":\"PropertyValueSpecification\",\"valueRequired\":true,\"valueName\":\"search_term_string\"}}],\"inLanguage\":\"cs\"}]}<\/script>\n<!-- \/ Yoast SEO plugin. -->","yoast_head_json":{"title":"Obl\u00edben\u00fd Paramo laky a penetrace - PENETRAL ALP 160 kg -","robots":{"index":"index","follow":"follow","max-snippet":"max-snippet:-1","max-image-preview":"max-image-preview:large","max-video-preview":"max-video-preview:-1"},"canonical":"https:\/\/www.koupelnapro.com\/index.php\/produkt\/oblibeny-paramo-laky-a-penetrace-penetral-alp-160-kg-8155\/","og_locale":"cs_CZ","og_type":"article","og_title":"Obl\u00edben\u00fd Paramo laky a penetrace - PENETRAL ALP 160 kg -","og_description":"Popis produktu K&nbsp;penetraci such\u00fdch a o\u010di\u0161t\u011bn\u00fdch podklad\u016f pod asfaltov\u00e9 izola\u010dn\u00ed krytiny a izolace. Zpracov\u00e1n\u00ed: asfaltov\u00e9 laky penetra\u010dn\u00ed se zpracov\u00e1vaj\u00ed za studena. Pro aplikaci se pou\u017e\u00edv\u00e1 \u0161t\u011btec nebo pokr\u00fdva\u010dsk\u00fd kart\u00e1\u010d. Je mo\u017en\u00e9 prov\u00e9st n\u00e1st\u0159ik nebo m\u00e1\u010den\u00ed. P\u0159ed pou\u017eit\u00edm je d\u016fle\u017eit\u00e9 obsah d\u016fkladn\u011b prom\u00edchat. Spot\u0159eba je z\u00e1visl\u00e1 na zp\u016fsobu pou\u017eit\u00ed: 0,3 kg\/m2. Balen\u00ed a skladov\u00e1n\u00ed: dod\u00e1v\u00e1 se [&hellip;]","og_url":"https:\/\/www.koupelnapro.com\/index.php\/produkt\/oblibeny-paramo-laky-a-penetrace-penetral-alp-160-kg-8155\/","og_image":[{"width":500,"height":400,"url":"https:\/\/www.koupelnapro.com\/wp-content\/uploads\/2026\/SK0003613-CZ20260425-091742-0-1777079863-P-012565-00.webp","type":"image\/webp"}],"twitter_card":"summary_large_image","twitter_misc":{"Odhadovan\u00e1 doba \u010dten\u00ed":"1 minuta"},"schema":{"@context":"https:\/\/schema.org","@graph":[{"@type":"WebPage","@id":"https:\/\/www.koupelnapro.com\/index.php\/produkt\/oblibeny-paramo-laky-a-penetrace-penetral-alp-160-kg-8155\/","url":"https:\/\/www.koupelnapro.com\/index.php\/produkt\/oblibeny-paramo-laky-a-penetrace-penetral-alp-160-kg-8155\/","name":"Obl\u00edben\u00fd Paramo laky a penetrace - PENETRAL ALP 160 kg -","isPartOf":{"@id":"https:\/\/www.koupelnapro.com\/#website"},"primaryImageOfPage":{"@id":"https:\/\/www.koupelnapro.com\/index.php\/produkt\/oblibeny-paramo-laky-a-penetrace-penetral-alp-160-kg-8155\/#primaryimage"},"image":{"@id":"https:\/\/www.koupelnapro.com\/index.php\/produkt\/oblibeny-paramo-laky-a-penetrace-penetral-alp-160-kg-8155\/#primaryimage"},"thumbnailUrl":"https:\/\/www.koupelnapro.com\/wp-content\/uploads\/2026\/SK0003613-CZ20260425-091742-0-1777079863-P-012565-00.webp","datePublished":"2026-04-26T09:13:20+00:00","breadcrumb":{"@id":"https:\/\/www.koupelnapro.com\/index.php\/produkt\/oblibeny-paramo-laky-a-penetrace-penetral-alp-160-kg-8155\/#breadcrumb"},"inLanguage":"cs","potentialAction":[{"@type":"ReadAction","target":["https:\/\/www.koupelnapro.com\/index.php\/produkt\/oblibeny-paramo-laky-a-penetrace-penetral-alp-160-kg-8155\/"]}]},{"@type":"ImageObject","inLanguage":"cs","@id":"https:\/\/www.koupelnapro.com\/index.php\/produkt\/oblibeny-paramo-laky-a-penetrace-penetral-alp-160-kg-8155\/#primaryimage","url":"https:\/\/www.koupelnapro.com\/wp-content\/uploads\/2026\/SK0003613-CZ20260425-091742-0-1777079863-P-012565-00.webp","contentUrl":"https:\/\/www.koupelnapro.com\/wp-content\/uploads\/2026\/SK0003613-CZ20260425-091742-0-1777079863-P-012565-00.webp","width":500,"height":400},{"@type":"BreadcrumbList","@id":"https:\/\/www.koupelnapro.com\/index.php\/produkt\/oblibeny-paramo-laky-a-penetrace-penetral-alp-160-kg-8155\/#breadcrumb","itemListElement":[{"@type":"ListItem","position":1,"name":"Home","item":"https:\/\/www.koupelnapro.com\/"},{"@type":"ListItem","position":2,"name":"Products","item":"https:\/\/www.koupelnapro.com\/index.php\/products\/"},{"@type":"ListItem","position":3,"name":"Obl\u00edben\u00fd Paramo laky a penetrace &#8211; PENETRAL ALP 160 kg"}]},{"@type":"WebSite","@id":"https:\/\/www.koupelnapro.com\/#website","url":"https:\/\/www.koupelnapro.com\/","name":"","description":"","potentialAction":[{"@type":"SearchAction","target":{"@type":"EntryPoint","urlTemplate":"https:\/\/www.koupelnapro.com\/?s={search_term_string}"},"query-input":{"@type":"PropertyValueSpecification","valueRequired":true,"valueName":"search_term_string"}}],"inLanguage":"cs"}]}},"_links":{"self":[{"href":"https:\/\/www.koupelnapro.com\/index.php\/wp-json\/wp\/v2\/product\/8155","targetHints":{"allow":["GET"]}}],"collection":[{"href":"https:\/\/www.koupelnapro.com\/index.php\/wp-json\/wp\/v2\/product"}],"about":[{"href":"https:\/\/www.koupelnapro.com\/index.php\/wp-json\/wp\/v2\/types\/product"}],"replies":[{"embeddable":true,"href":"https:\/\/www.koupelnapro.com\/index.php\/wp-json\/wp\/v2\/comments?post=8155"}],"wp:featuredmedia":[{"embeddable":true,"href":"https:\/\/www.koupelnapro.com\/index.php\/wp-json\/wp\/v2\/media\/8255"}],"wp:attachment":[{"href":"https:\/\/www.koupelnapro.com\/index.php\/wp-json\/wp\/v2\/media?parent=8155"}],"wp:term":[{"taxonomy":"product_brand","embeddable":true,"href":"https:\/\/www.koupelnapro.com\/index.php\/wp-json\/wp\/v2\/product_brand?post=8155"},{"taxonomy":"product_cat","embeddable":true,"href":"https:\/\/www.koupelnapro.com\/index.php\/wp-json\/wp\/v2\/product_cat?post=8155"},{"taxonomy":"product_tag","embeddable":true,"href":"https:\/\/www.koupelnapro.com\/index.php\/wp-json\/wp\/v2\/product_tag?post=8155"}],"curies":[{"name":"wp","href":"https:\/\/api.w.org\/{rel}","templated":true}]}}