{"id":8154,"date":"2026-04-26T09:13:20","date_gmt":"2026-04-26T09:13:20","guid":{"rendered":""},"modified":"2026-04-26T09:13:20","modified_gmt":"2026-04-26T09:13:20","slug":"paramo-laky-a-penetrace-lutex-moat-9-6kg-aktualni-8154","status":"publish","type":"product","link":"https:\/\/www.koupelnapro.com\/index.php\/produkt\/paramo-laky-a-penetrace-lutex-moat-9-6kg-aktualni-8154\/","title":{"rendered":"Paramo laky a penetrace &#8211; LUTEX MOAT 9,6kg Aktu\u00e1ln\u00ed"},"content":{"rendered":"<div class=\"ResponseTabButton\">Popis produktu<\/div>\n<div class=\"TabContent\">\n<h3>Lutex Moat : Modifikovan\u00fd asfaltov\u00fd tmel.<\/h3>\n<p>Pou\u017eit\u00ed: k oprav\u00e1m, v\u00fdspravk\u00e1m hydroizolac\u00ed a k lepen\u00ed tepeln\u011b izola\u010dn\u00edch materi\u00e1l\u016f na b\u00e1zi miner\u00e1ln\u00ed vlny. P\u0159i lepen\u00ed polystyrenu nutno po\u010dkat na odpa\u0159en\u00ed rozpou\u0161t\u011bdla. D\u00e1le se d\u00e1 pou\u017e\u00edt k oprav\u011b detail\u016f a defektn\u00edch m\u00edst st\u0159e\u0161n\u00ed krytiny (st\u0159e\u0161n\u00ed vpust\u011b, p\u0159echod z vodorovn\u00e9 na svislou plochu, u atik apod.). P\u0159i pou\u017eit\u00ed tmelu a v\u00fdztu\u017en\u00e9 vlo\u017eky lze opravovat st\u0159echy, ale i vytv\u00e1\u0159et beze\u0161v\u00e9 povlakov\u00e9 krytiny. D\u00e1 se tak\u00e9 pou\u017e\u00edt jako provizorn\u00ed hydroizola\u010dn\u00ed vrstva (nap\u0159. zimn\u00ed zast\u0159e\u0161en\u00ed). Ta pot\u00e9 m\u016f\u017ee slou\u017eit jako dobr\u00fd podklad pro nataven\u00ed \u010di nalepen\u00ed dal\u0161\u00edch hydroizola\u010dn\u00edch vrstev.<\/p>\n<p>Pr\u016fm\u011brn\u00e1 spot\u0159eba asfaltov\u00fdch tmel\u016f je na 1 n\u00e1t\u011br 0,8 kg\/m2:<\/p>\n<p>&ndash; pro obnovovac\u00ed vrstvu st\u0159e\u0161n\u00edch krytin min. 2 n\u00e1t\u011bry;<\/p>\n<p>&ndash; pro hydroizola\u010dn\u00ed vrstvu s v\u00fdztu\u017enou vlo\u017ekou 5 &ndash; 6 n\u00e1t\u011br\u016f;<\/p>\n<p>&ndash; pro provizorn\u00ed hydroizola\u010dn\u00ed vrstvu (nap\u0159. zimn\u00ed zast\u0159e\u0161en\u00ed) min. 2 kg\/m2;<\/p>\n<p>&ndash; pro lepen\u00ed tepeln\u011b izola\u010dn\u00edch materi\u00e1l\u016f 1 &ndash; 1,5 kg\/m2.<\/p>\n<p>Zpracov\u00e1n\u00ed: prob\u00edh\u00e1 za studena. V\u00fdrobek se nan\u00e1\u0161\u00ed a rozt\u00edr\u00e1 bu\u010f st\u011brkou nebo pokr\u00fdva\u010dsk\u00fdm kart\u00e1\u010dem.&nbsp;P\u0159ed pou\u017eit\u00edm je t\u0159eba tmel v obalech \u0159\u00e1dn\u011b prom\u00edchat. V p\u0159\u00edpad\u011b pot\u0159eby lze upravit konzistenci pomoci lakov\u00e9ho benzinu (S6006). Izola\u010dn\u00ed pr\u00e1ce nelze vykon\u00e1vat za de\u0161tiv\u00e9ho po\u010das\u00ed, na vlhk\u00e9 podklady a za mrazu.<\/p>\n<\/p><\/div>\n<\/p><\/div>\n<\/p><\/div>\n<\/p><\/div>\n<\/div>\n","protected":false},"excerpt":{"rendered":"<p>Popis produktu Lutex Moat : Modifikovan\u00fd asfaltov\u00fd tmel. Pou\u017eit\u00ed: k oprav\u00e1m, v\u00fdspravk\u00e1m hydroizolac\u00ed a k lepen\u00ed tepeln\u011b izola\u010dn\u00edch materi\u00e1l\u016f na b\u00e1zi miner\u00e1ln\u00ed vlny. P\u0159i lepen\u00ed polystyrenu nutno po\u010dkat na odpa\u0159en\u00ed rozpou\u0161t\u011bdla. D\u00e1le se d\u00e1 pou\u017e\u00edt k oprav\u011b detail\u016f a defektn\u00edch m\u00edst st\u0159e\u0161n\u00ed krytiny (st\u0159e\u0161n\u00ed vpust\u011b, p\u0159echod z vodorovn\u00e9 na svislou plochu, u atik apod.). P\u0159i [&hellip;]<\/p>\n","protected":false},"featured_media":8254,"comment_status":"open","ping_status":"open","template":"","meta":[],"product_brand":[],"product_cat":[49],"product_tag":[],"class_list":{"0":"post-8154","1":"product","2":"type-product","3":"status-publish","4":"has-post-thumbnail","6":"product_cat-naterove-a-chemicke-vyrobky","8":"first","9":"instock","10":"sale","11":"shipping-taxable","12":"purchasable","13":"product-type-simple"},"yoast_head":"<!-- This site is optimized with the Yoast SEO plugin v26.8 - https:\/\/yoast.com\/product\/yoast-seo-wordpress\/ -->\n<title>Paramo laky a penetrace - LUTEX MOAT 9,6kg Aktu\u00e1ln\u00ed -<\/title>\n<meta name=\"robots\" content=\"index, follow, max-snippet:-1, max-image-preview:large, max-video-preview:-1\" \/>\n<link rel=\"canonical\" href=\"https:\/\/www.koupelnapro.com\/index.php\/produkt\/paramo-laky-a-penetrace-lutex-moat-9-6kg-aktualni-8154\/\" \/>\n<meta property=\"og:locale\" content=\"cs_CZ\" \/>\n<meta property=\"og:type\" content=\"article\" \/>\n<meta property=\"og:title\" content=\"Paramo laky a penetrace - LUTEX MOAT 9,6kg Aktu\u00e1ln\u00ed -\" \/>\n<meta property=\"og:description\" content=\"Popis produktu Lutex Moat : Modifikovan\u00fd asfaltov\u00fd tmel. Pou\u017eit\u00ed: k oprav\u00e1m, v\u00fdspravk\u00e1m hydroizolac\u00ed a k lepen\u00ed tepeln\u011b izola\u010dn\u00edch materi\u00e1l\u016f na b\u00e1zi miner\u00e1ln\u00ed vlny. P\u0159i lepen\u00ed polystyrenu nutno po\u010dkat na odpa\u0159en\u00ed rozpou\u0161t\u011bdla. D\u00e1le se d\u00e1 pou\u017e\u00edt k oprav\u011b detail\u016f a defektn\u00edch m\u00edst st\u0159e\u0161n\u00ed krytiny (st\u0159e\u0161n\u00ed vpust\u011b, p\u0159echod z vodorovn\u00e9 na svislou plochu, u atik apod.). P\u0159i [&hellip;]\" \/>\n<meta property=\"og:url\" content=\"https:\/\/www.koupelnapro.com\/index.php\/produkt\/paramo-laky-a-penetrace-lutex-moat-9-6kg-aktualni-8154\/\" \/>\n<meta property=\"og:image\" content=\"https:\/\/www.koupelnapro.com\/wp-content\/uploads\/2026\/SK0003612-CZ20260425-091742-0-1777079863-P-012571-00.webp\" \/>\n\t<meta property=\"og:image:width\" content=\"248\" \/>\n\t<meta property=\"og:image:height\" content=\"307\" \/>\n\t<meta property=\"og:image:type\" content=\"image\/webp\" \/>\n<meta name=\"twitter:card\" content=\"summary_large_image\" \/>\n<meta name=\"twitter:label1\" content=\"Odhadovan\u00e1 doba \u010dten\u00ed\" \/>\n\t<meta name=\"twitter:data1\" content=\"1 minuta\" \/>\n<script type=\"application\/ld+json\" class=\"yoast-schema-graph\">{\"@context\":\"https:\/\/schema.org\",\"@graph\":[{\"@type\":\"WebPage\",\"@id\":\"https:\/\/www.koupelnapro.com\/index.php\/produkt\/paramo-laky-a-penetrace-lutex-moat-9-6kg-aktualni-8154\/\",\"url\":\"https:\/\/www.koupelnapro.com\/index.php\/produkt\/paramo-laky-a-penetrace-lutex-moat-9-6kg-aktualni-8154\/\",\"name\":\"Paramo laky a penetrace - LUTEX MOAT 9,6kg Aktu\u00e1ln\u00ed -\",\"isPartOf\":{\"@id\":\"https:\/\/www.koupelnapro.com\/#website\"},\"primaryImageOfPage\":{\"@id\":\"https:\/\/www.koupelnapro.com\/index.php\/produkt\/paramo-laky-a-penetrace-lutex-moat-9-6kg-aktualni-8154\/#primaryimage\"},\"image\":{\"@id\":\"https:\/\/www.koupelnapro.com\/index.php\/produkt\/paramo-laky-a-penetrace-lutex-moat-9-6kg-aktualni-8154\/#primaryimage\"},\"thumbnailUrl\":\"https:\/\/www.koupelnapro.com\/wp-content\/uploads\/2026\/SK0003612-CZ20260425-091742-0-1777079863-P-012571-00.webp\",\"datePublished\":\"2026-04-26T09:13:20+00:00\",\"breadcrumb\":{\"@id\":\"https:\/\/www.koupelnapro.com\/index.php\/produkt\/paramo-laky-a-penetrace-lutex-moat-9-6kg-aktualni-8154\/#breadcrumb\"},\"inLanguage\":\"cs\",\"potentialAction\":[{\"@type\":\"ReadAction\",\"target\":[\"https:\/\/www.koupelnapro.com\/index.php\/produkt\/paramo-laky-a-penetrace-lutex-moat-9-6kg-aktualni-8154\/\"]}]},{\"@type\":\"ImageObject\",\"inLanguage\":\"cs\",\"@id\":\"https:\/\/www.koupelnapro.com\/index.php\/produkt\/paramo-laky-a-penetrace-lutex-moat-9-6kg-aktualni-8154\/#primaryimage\",\"url\":\"https:\/\/www.koupelnapro.com\/wp-content\/uploads\/2026\/SK0003612-CZ20260425-091742-0-1777079863-P-012571-00.webp\",\"contentUrl\":\"https:\/\/www.koupelnapro.com\/wp-content\/uploads\/2026\/SK0003612-CZ20260425-091742-0-1777079863-P-012571-00.webp\",\"width\":248,\"height\":307},{\"@type\":\"BreadcrumbList\",\"@id\":\"https:\/\/www.koupelnapro.com\/index.php\/produkt\/paramo-laky-a-penetrace-lutex-moat-9-6kg-aktualni-8154\/#breadcrumb\",\"itemListElement\":[{\"@type\":\"ListItem\",\"position\":1,\"name\":\"Home\",\"item\":\"https:\/\/www.koupelnapro.com\/\"},{\"@type\":\"ListItem\",\"position\":2,\"name\":\"Products\",\"item\":\"https:\/\/www.koupelnapro.com\/index.php\/products\/\"},{\"@type\":\"ListItem\",\"position\":3,\"name\":\"Paramo laky a penetrace &#8211; LUTEX MOAT 9,6kg Aktu\u00e1ln\u00ed\"}]},{\"@type\":\"WebSite\",\"@id\":\"https:\/\/www.koupelnapro.com\/#website\",\"url\":\"https:\/\/www.koupelnapro.com\/\",\"name\":\"\",\"description\":\"\",\"potentialAction\":[{\"@type\":\"SearchAction\",\"target\":{\"@type\":\"EntryPoint\",\"urlTemplate\":\"https:\/\/www.koupelnapro.com\/?s={search_term_string}\"},\"query-input\":{\"@type\":\"PropertyValueSpecification\",\"valueRequired\":true,\"valueName\":\"search_term_string\"}}],\"inLanguage\":\"cs\"}]}<\/script>\n<!-- \/ Yoast SEO plugin. -->","yoast_head_json":{"title":"Paramo laky a penetrace - LUTEX MOAT 9,6kg Aktu\u00e1ln\u00ed -","robots":{"index":"index","follow":"follow","max-snippet":"max-snippet:-1","max-image-preview":"max-image-preview:large","max-video-preview":"max-video-preview:-1"},"canonical":"https:\/\/www.koupelnapro.com\/index.php\/produkt\/paramo-laky-a-penetrace-lutex-moat-9-6kg-aktualni-8154\/","og_locale":"cs_CZ","og_type":"article","og_title":"Paramo laky a penetrace - LUTEX MOAT 9,6kg Aktu\u00e1ln\u00ed -","og_description":"Popis produktu Lutex Moat : Modifikovan\u00fd asfaltov\u00fd tmel. Pou\u017eit\u00ed: k oprav\u00e1m, v\u00fdspravk\u00e1m hydroizolac\u00ed a k lepen\u00ed tepeln\u011b izola\u010dn\u00edch materi\u00e1l\u016f na b\u00e1zi miner\u00e1ln\u00ed vlny. P\u0159i lepen\u00ed polystyrenu nutno po\u010dkat na odpa\u0159en\u00ed rozpou\u0161t\u011bdla. D\u00e1le se d\u00e1 pou\u017e\u00edt k oprav\u011b detail\u016f a defektn\u00edch m\u00edst st\u0159e\u0161n\u00ed krytiny (st\u0159e\u0161n\u00ed vpust\u011b, p\u0159echod z vodorovn\u00e9 na svislou plochu, u atik apod.). P\u0159i [&hellip;]","og_url":"https:\/\/www.koupelnapro.com\/index.php\/produkt\/paramo-laky-a-penetrace-lutex-moat-9-6kg-aktualni-8154\/","og_image":[{"width":248,"height":307,"url":"https:\/\/www.koupelnapro.com\/wp-content\/uploads\/2026\/SK0003612-CZ20260425-091742-0-1777079863-P-012571-00.webp","type":"image\/webp"}],"twitter_card":"summary_large_image","twitter_misc":{"Odhadovan\u00e1 doba \u010dten\u00ed":"1 minuta"},"schema":{"@context":"https:\/\/schema.org","@graph":[{"@type":"WebPage","@id":"https:\/\/www.koupelnapro.com\/index.php\/produkt\/paramo-laky-a-penetrace-lutex-moat-9-6kg-aktualni-8154\/","url":"https:\/\/www.koupelnapro.com\/index.php\/produkt\/paramo-laky-a-penetrace-lutex-moat-9-6kg-aktualni-8154\/","name":"Paramo laky a penetrace - LUTEX MOAT 9,6kg Aktu\u00e1ln\u00ed -","isPartOf":{"@id":"https:\/\/www.koupelnapro.com\/#website"},"primaryImageOfPage":{"@id":"https:\/\/www.koupelnapro.com\/index.php\/produkt\/paramo-laky-a-penetrace-lutex-moat-9-6kg-aktualni-8154\/#primaryimage"},"image":{"@id":"https:\/\/www.koupelnapro.com\/index.php\/produkt\/paramo-laky-a-penetrace-lutex-moat-9-6kg-aktualni-8154\/#primaryimage"},"thumbnailUrl":"https:\/\/www.koupelnapro.com\/wp-content\/uploads\/2026\/SK0003612-CZ20260425-091742-0-1777079863-P-012571-00.webp","datePublished":"2026-04-26T09:13:20+00:00","breadcrumb":{"@id":"https:\/\/www.koupelnapro.com\/index.php\/produkt\/paramo-laky-a-penetrace-lutex-moat-9-6kg-aktualni-8154\/#breadcrumb"},"inLanguage":"cs","potentialAction":[{"@type":"ReadAction","target":["https:\/\/www.koupelnapro.com\/index.php\/produkt\/paramo-laky-a-penetrace-lutex-moat-9-6kg-aktualni-8154\/"]}]},{"@type":"ImageObject","inLanguage":"cs","@id":"https:\/\/www.koupelnapro.com\/index.php\/produkt\/paramo-laky-a-penetrace-lutex-moat-9-6kg-aktualni-8154\/#primaryimage","url":"https:\/\/www.koupelnapro.com\/wp-content\/uploads\/2026\/SK0003612-CZ20260425-091742-0-1777079863-P-012571-00.webp","contentUrl":"https:\/\/www.koupelnapro.com\/wp-content\/uploads\/2026\/SK0003612-CZ20260425-091742-0-1777079863-P-012571-00.webp","width":248,"height":307},{"@type":"BreadcrumbList","@id":"https:\/\/www.koupelnapro.com\/index.php\/produkt\/paramo-laky-a-penetrace-lutex-moat-9-6kg-aktualni-8154\/#breadcrumb","itemListElement":[{"@type":"ListItem","position":1,"name":"Home","item":"https:\/\/www.koupelnapro.com\/"},{"@type":"ListItem","position":2,"name":"Products","item":"https:\/\/www.koupelnapro.com\/index.php\/products\/"},{"@type":"ListItem","position":3,"name":"Paramo laky a penetrace &#8211; LUTEX MOAT 9,6kg Aktu\u00e1ln\u00ed"}]},{"@type":"WebSite","@id":"https:\/\/www.koupelnapro.com\/#website","url":"https:\/\/www.koupelnapro.com\/","name":"","description":"","potentialAction":[{"@type":"SearchAction","target":{"@type":"EntryPoint","urlTemplate":"https:\/\/www.koupelnapro.com\/?s={search_term_string}"},"query-input":{"@type":"PropertyValueSpecification","valueRequired":true,"valueName":"search_term_string"}}],"inLanguage":"cs"}]}},"_links":{"self":[{"href":"https:\/\/www.koupelnapro.com\/index.php\/wp-json\/wp\/v2\/product\/8154","targetHints":{"allow":["GET"]}}],"collection":[{"href":"https:\/\/www.koupelnapro.com\/index.php\/wp-json\/wp\/v2\/product"}],"about":[{"href":"https:\/\/www.koupelnapro.com\/index.php\/wp-json\/wp\/v2\/types\/product"}],"replies":[{"embeddable":true,"href":"https:\/\/www.koupelnapro.com\/index.php\/wp-json\/wp\/v2\/comments?post=8154"}],"wp:featuredmedia":[{"embeddable":true,"href":"https:\/\/www.koupelnapro.com\/index.php\/wp-json\/wp\/v2\/media\/8254"}],"wp:attachment":[{"href":"https:\/\/www.koupelnapro.com\/index.php\/wp-json\/wp\/v2\/media?parent=8154"}],"wp:term":[{"taxonomy":"product_brand","embeddable":true,"href":"https:\/\/www.koupelnapro.com\/index.php\/wp-json\/wp\/v2\/product_brand?post=8154"},{"taxonomy":"product_cat","embeddable":true,"href":"https:\/\/www.koupelnapro.com\/index.php\/wp-json\/wp\/v2\/product_cat?post=8154"},{"taxonomy":"product_tag","embeddable":true,"href":"https:\/\/www.koupelnapro.com\/index.php\/wp-json\/wp\/v2\/product_tag?post=8154"}],"curies":[{"name":"wp","href":"https:\/\/api.w.org\/{rel}","templated":true}]}}