{"id":8152,"date":"2026-04-26T09:13:20","date_gmt":"2026-04-26T09:13:20","guid":{"rendered":""},"modified":"2026-04-26T09:13:20","modified_gmt":"2026-04-26T09:13:20","slug":"specialni-cena-paramo-laky-a-penetrace-lutex-ats-105kg-8152","status":"publish","type":"product","link":"https:\/\/www.koupelnapro.com\/index.php\/produkt\/specialni-cena-paramo-laky-a-penetrace-lutex-ats-105kg-8152\/","title":{"rendered":"Speci\u00e1ln\u00ed Cena Paramo laky a penetrace &#8211; LUTEX ATS 105kg"},"content":{"rendered":"<div class=\"ResponseTabButton\">Popis produktu<\/div>\n<div class=\"TabContent\">                Lutex ATS pou\u017eit\u00ed: k v\u00fdsprav\u00e1m a oprav\u00e1m zest\u00e1rl\u00fdch nebo po\u0161kozen\u00fdch asfaltov\u00fdch hydroizola\u010dn\u00edch vrstev a skladeb, p\u0159\u00edpadn\u011b i v kombinaci s v\u00fdztu\u017en\u00fdmi vlo\u017ekami. Pou\u017e\u00edv\u00e1 se p\u0159i teplot\u011b nad 5 \u00b0C a sklonu st\u0159echy do 5&#730;. V nezbytn\u011b nutn\u00fdch p\u0159\u00edpadech je mo\u017eno pou\u017e\u00edt Lutex ATS i za ni\u017e\u0161\u00edch teplot.            <\/div>\n<\/p><\/div>\n<\/p><\/div>\n<\/p><\/div>\n<\/div>\n","protected":false},"excerpt":{"rendered":"<p>Popis produktu Lutex ATS pou\u017eit\u00ed: k v\u00fdsprav\u00e1m a oprav\u00e1m zest\u00e1rl\u00fdch nebo po\u0161kozen\u00fdch asfaltov\u00fdch hydroizola\u010dn\u00edch vrstev a skladeb, p\u0159\u00edpadn\u011b i v kombinaci s v\u00fdztu\u017en\u00fdmi vlo\u017ekami. Pou\u017e\u00edv\u00e1 se p\u0159i teplot\u011b nad 5 \u00b0C a sklonu st\u0159echy do 5&#730;. V nezbytn\u011b nutn\u00fdch p\u0159\u00edpadech je mo\u017eno pou\u017e\u00edt Lutex ATS i za ni\u017e\u0161\u00edch teplot.<\/p>\n","protected":false},"featured_media":8252,"comment_status":"open","ping_status":"open","template":"","meta":[],"product_brand":[],"product_cat":[49],"product_tag":[],"class_list":{"0":"post-8152","1":"product","2":"type-product","3":"status-publish","4":"has-post-thumbnail","6":"product_cat-naterove-a-chemicke-vyrobky","8":"first","9":"instock","10":"sale","11":"shipping-taxable","12":"purchasable","13":"product-type-simple"},"yoast_head":"<!-- This site is optimized with the Yoast SEO plugin v26.8 - https:\/\/yoast.com\/product\/yoast-seo-wordpress\/ -->\n<title>Speci\u00e1ln\u00ed Cena Paramo laky a penetrace - LUTEX ATS 105kg -<\/title>\n<meta name=\"robots\" content=\"index, follow, max-snippet:-1, max-image-preview:large, max-video-preview:-1\" \/>\n<link rel=\"canonical\" href=\"https:\/\/www.koupelnapro.com\/index.php\/produkt\/specialni-cena-paramo-laky-a-penetrace-lutex-ats-105kg-8152\/\" \/>\n<meta property=\"og:locale\" content=\"cs_CZ\" \/>\n<meta property=\"og:type\" content=\"article\" \/>\n<meta property=\"og:title\" content=\"Speci\u00e1ln\u00ed Cena Paramo laky a penetrace - LUTEX ATS 105kg -\" \/>\n<meta property=\"og:description\" content=\"Popis produktu Lutex ATS pou\u017eit\u00ed: k v\u00fdsprav\u00e1m a oprav\u00e1m zest\u00e1rl\u00fdch nebo po\u0161kozen\u00fdch asfaltov\u00fdch hydroizola\u010dn\u00edch vrstev a skladeb, p\u0159\u00edpadn\u011b i v kombinaci s v\u00fdztu\u017en\u00fdmi vlo\u017ekami. Pou\u017e\u00edv\u00e1 se p\u0159i teplot\u011b nad 5 \u00b0C a sklonu st\u0159echy do 5&#730;. V nezbytn\u011b nutn\u00fdch p\u0159\u00edpadech je mo\u017eno pou\u017e\u00edt Lutex ATS i za ni\u017e\u0161\u00edch teplot.\" \/>\n<meta property=\"og:url\" content=\"https:\/\/www.koupelnapro.com\/index.php\/produkt\/specialni-cena-paramo-laky-a-penetrace-lutex-ats-105kg-8152\/\" \/>\n<meta property=\"og:image\" content=\"https:\/\/www.koupelnapro.com\/wp-content\/uploads\/2026\/SK0003610-CZ20260425-091742-0-1777079863-P-012592-00.webp\" \/>\n\t<meta property=\"og:image:width\" content=\"640\" \/>\n\t<meta property=\"og:image:height\" content=\"426\" \/>\n\t<meta property=\"og:image:type\" content=\"image\/webp\" \/>\n<meta name=\"twitter:card\" content=\"summary_large_image\" \/>\n<script type=\"application\/ld+json\" class=\"yoast-schema-graph\">{\"@context\":\"https:\/\/schema.org\",\"@graph\":[{\"@type\":\"WebPage\",\"@id\":\"https:\/\/www.koupelnapro.com\/index.php\/produkt\/specialni-cena-paramo-laky-a-penetrace-lutex-ats-105kg-8152\/\",\"url\":\"https:\/\/www.koupelnapro.com\/index.php\/produkt\/specialni-cena-paramo-laky-a-penetrace-lutex-ats-105kg-8152\/\",\"name\":\"Speci\u00e1ln\u00ed Cena Paramo laky a penetrace - LUTEX ATS 105kg -\",\"isPartOf\":{\"@id\":\"https:\/\/www.koupelnapro.com\/#website\"},\"primaryImageOfPage\":{\"@id\":\"https:\/\/www.koupelnapro.com\/index.php\/produkt\/specialni-cena-paramo-laky-a-penetrace-lutex-ats-105kg-8152\/#primaryimage\"},\"image\":{\"@id\":\"https:\/\/www.koupelnapro.com\/index.php\/produkt\/specialni-cena-paramo-laky-a-penetrace-lutex-ats-105kg-8152\/#primaryimage\"},\"thumbnailUrl\":\"https:\/\/www.koupelnapro.com\/wp-content\/uploads\/2026\/SK0003610-CZ20260425-091742-0-1777079863-P-012592-00.webp\",\"datePublished\":\"2026-04-26T09:13:20+00:00\",\"breadcrumb\":{\"@id\":\"https:\/\/www.koupelnapro.com\/index.php\/produkt\/specialni-cena-paramo-laky-a-penetrace-lutex-ats-105kg-8152\/#breadcrumb\"},\"inLanguage\":\"cs\",\"potentialAction\":[{\"@type\":\"ReadAction\",\"target\":[\"https:\/\/www.koupelnapro.com\/index.php\/produkt\/specialni-cena-paramo-laky-a-penetrace-lutex-ats-105kg-8152\/\"]}]},{\"@type\":\"ImageObject\",\"inLanguage\":\"cs\",\"@id\":\"https:\/\/www.koupelnapro.com\/index.php\/produkt\/specialni-cena-paramo-laky-a-penetrace-lutex-ats-105kg-8152\/#primaryimage\",\"url\":\"https:\/\/www.koupelnapro.com\/wp-content\/uploads\/2026\/SK0003610-CZ20260425-091742-0-1777079863-P-012592-00.webp\",\"contentUrl\":\"https:\/\/www.koupelnapro.com\/wp-content\/uploads\/2026\/SK0003610-CZ20260425-091742-0-1777079863-P-012592-00.webp\",\"width\":640,\"height\":426},{\"@type\":\"BreadcrumbList\",\"@id\":\"https:\/\/www.koupelnapro.com\/index.php\/produkt\/specialni-cena-paramo-laky-a-penetrace-lutex-ats-105kg-8152\/#breadcrumb\",\"itemListElement\":[{\"@type\":\"ListItem\",\"position\":1,\"name\":\"Home\",\"item\":\"https:\/\/www.koupelnapro.com\/\"},{\"@type\":\"ListItem\",\"position\":2,\"name\":\"Products\",\"item\":\"https:\/\/www.koupelnapro.com\/index.php\/products\/\"},{\"@type\":\"ListItem\",\"position\":3,\"name\":\"Speci\u00e1ln\u00ed Cena Paramo laky a penetrace &#8211; LUTEX ATS 105kg\"}]},{\"@type\":\"WebSite\",\"@id\":\"https:\/\/www.koupelnapro.com\/#website\",\"url\":\"https:\/\/www.koupelnapro.com\/\",\"name\":\"\",\"description\":\"\",\"potentialAction\":[{\"@type\":\"SearchAction\",\"target\":{\"@type\":\"EntryPoint\",\"urlTemplate\":\"https:\/\/www.koupelnapro.com\/?s={search_term_string}\"},\"query-input\":{\"@type\":\"PropertyValueSpecification\",\"valueRequired\":true,\"valueName\":\"search_term_string\"}}],\"inLanguage\":\"cs\"}]}<\/script>\n<!-- \/ Yoast SEO plugin. -->","yoast_head_json":{"title":"Speci\u00e1ln\u00ed Cena Paramo laky a penetrace - LUTEX ATS 105kg -","robots":{"index":"index","follow":"follow","max-snippet":"max-snippet:-1","max-image-preview":"max-image-preview:large","max-video-preview":"max-video-preview:-1"},"canonical":"https:\/\/www.koupelnapro.com\/index.php\/produkt\/specialni-cena-paramo-laky-a-penetrace-lutex-ats-105kg-8152\/","og_locale":"cs_CZ","og_type":"article","og_title":"Speci\u00e1ln\u00ed Cena Paramo laky a penetrace - LUTEX ATS 105kg -","og_description":"Popis produktu Lutex ATS pou\u017eit\u00ed: k v\u00fdsprav\u00e1m a oprav\u00e1m zest\u00e1rl\u00fdch nebo po\u0161kozen\u00fdch asfaltov\u00fdch hydroizola\u010dn\u00edch vrstev a skladeb, p\u0159\u00edpadn\u011b i v kombinaci s v\u00fdztu\u017en\u00fdmi vlo\u017ekami. Pou\u017e\u00edv\u00e1 se p\u0159i teplot\u011b nad 5 \u00b0C a sklonu st\u0159echy do 5&#730;. V nezbytn\u011b nutn\u00fdch p\u0159\u00edpadech je mo\u017eno pou\u017e\u00edt Lutex ATS i za ni\u017e\u0161\u00edch teplot.","og_url":"https:\/\/www.koupelnapro.com\/index.php\/produkt\/specialni-cena-paramo-laky-a-penetrace-lutex-ats-105kg-8152\/","og_image":[{"width":640,"height":426,"url":"https:\/\/www.koupelnapro.com\/wp-content\/uploads\/2026\/SK0003610-CZ20260425-091742-0-1777079863-P-012592-00.webp","type":"image\/webp"}],"twitter_card":"summary_large_image","schema":{"@context":"https:\/\/schema.org","@graph":[{"@type":"WebPage","@id":"https:\/\/www.koupelnapro.com\/index.php\/produkt\/specialni-cena-paramo-laky-a-penetrace-lutex-ats-105kg-8152\/","url":"https:\/\/www.koupelnapro.com\/index.php\/produkt\/specialni-cena-paramo-laky-a-penetrace-lutex-ats-105kg-8152\/","name":"Speci\u00e1ln\u00ed Cena Paramo laky a penetrace - LUTEX ATS 105kg -","isPartOf":{"@id":"https:\/\/www.koupelnapro.com\/#website"},"primaryImageOfPage":{"@id":"https:\/\/www.koupelnapro.com\/index.php\/produkt\/specialni-cena-paramo-laky-a-penetrace-lutex-ats-105kg-8152\/#primaryimage"},"image":{"@id":"https:\/\/www.koupelnapro.com\/index.php\/produkt\/specialni-cena-paramo-laky-a-penetrace-lutex-ats-105kg-8152\/#primaryimage"},"thumbnailUrl":"https:\/\/www.koupelnapro.com\/wp-content\/uploads\/2026\/SK0003610-CZ20260425-091742-0-1777079863-P-012592-00.webp","datePublished":"2026-04-26T09:13:20+00:00","breadcrumb":{"@id":"https:\/\/www.koupelnapro.com\/index.php\/produkt\/specialni-cena-paramo-laky-a-penetrace-lutex-ats-105kg-8152\/#breadcrumb"},"inLanguage":"cs","potentialAction":[{"@type":"ReadAction","target":["https:\/\/www.koupelnapro.com\/index.php\/produkt\/specialni-cena-paramo-laky-a-penetrace-lutex-ats-105kg-8152\/"]}]},{"@type":"ImageObject","inLanguage":"cs","@id":"https:\/\/www.koupelnapro.com\/index.php\/produkt\/specialni-cena-paramo-laky-a-penetrace-lutex-ats-105kg-8152\/#primaryimage","url":"https:\/\/www.koupelnapro.com\/wp-content\/uploads\/2026\/SK0003610-CZ20260425-091742-0-1777079863-P-012592-00.webp","contentUrl":"https:\/\/www.koupelnapro.com\/wp-content\/uploads\/2026\/SK0003610-CZ20260425-091742-0-1777079863-P-012592-00.webp","width":640,"height":426},{"@type":"BreadcrumbList","@id":"https:\/\/www.koupelnapro.com\/index.php\/produkt\/specialni-cena-paramo-laky-a-penetrace-lutex-ats-105kg-8152\/#breadcrumb","itemListElement":[{"@type":"ListItem","position":1,"name":"Home","item":"https:\/\/www.koupelnapro.com\/"},{"@type":"ListItem","position":2,"name":"Products","item":"https:\/\/www.koupelnapro.com\/index.php\/products\/"},{"@type":"ListItem","position":3,"name":"Speci\u00e1ln\u00ed Cena Paramo laky a penetrace &#8211; LUTEX ATS 105kg"}]},{"@type":"WebSite","@id":"https:\/\/www.koupelnapro.com\/#website","url":"https:\/\/www.koupelnapro.com\/","name":"","description":"","potentialAction":[{"@type":"SearchAction","target":{"@type":"EntryPoint","urlTemplate":"https:\/\/www.koupelnapro.com\/?s={search_term_string}"},"query-input":{"@type":"PropertyValueSpecification","valueRequired":true,"valueName":"search_term_string"}}],"inLanguage":"cs"}]}},"_links":{"self":[{"href":"https:\/\/www.koupelnapro.com\/index.php\/wp-json\/wp\/v2\/product\/8152","targetHints":{"allow":["GET"]}}],"collection":[{"href":"https:\/\/www.koupelnapro.com\/index.php\/wp-json\/wp\/v2\/product"}],"about":[{"href":"https:\/\/www.koupelnapro.com\/index.php\/wp-json\/wp\/v2\/types\/product"}],"replies":[{"embeddable":true,"href":"https:\/\/www.koupelnapro.com\/index.php\/wp-json\/wp\/v2\/comments?post=8152"}],"wp:featuredmedia":[{"embeddable":true,"href":"https:\/\/www.koupelnapro.com\/index.php\/wp-json\/wp\/v2\/media\/8252"}],"wp:attachment":[{"href":"https:\/\/www.koupelnapro.com\/index.php\/wp-json\/wp\/v2\/media?parent=8152"}],"wp:term":[{"taxonomy":"product_brand","embeddable":true,"href":"https:\/\/www.koupelnapro.com\/index.php\/wp-json\/wp\/v2\/product_brand?post=8152"},{"taxonomy":"product_cat","embeddable":true,"href":"https:\/\/www.koupelnapro.com\/index.php\/wp-json\/wp\/v2\/product_cat?post=8152"},{"taxonomy":"product_tag","embeddable":true,"href":"https:\/\/www.koupelnapro.com\/index.php\/wp-json\/wp\/v2\/product_tag?post=8152"}],"curies":[{"name":"wp","href":"https:\/\/api.w.org\/{rel}","templated":true}]}}