{"id":8148,"date":"2026-04-26T09:13:20","date_gmt":"2026-04-26T09:13:20","guid":{"rendered":""},"modified":"2026-04-26T09:13:20","modified_gmt":"2026-04-26T09:13:20","slug":"aktualni-paramo-laky-a-penetrace-konkor-500-3-5kg-8148","status":"publish","type":"product","link":"https:\/\/www.koupelnapro.com\/index.php\/produkt\/aktualni-paramo-laky-a-penetrace-konkor-500-3-5kg-8148\/","title":{"rendered":"Aktu\u00e1ln\u00ed Paramo laky a penetrace &#8211; KONKOR 500 3,5kg"},"content":{"rendered":"<div class=\"ResponseTabButton\">Popis produktu<\/div>\n<div class=\"TabContent\">                Pou\u017eit\u00ed: k ochrann\u00fdm protikorozn\u00edm n\u00e1t\u011br\u016fm kovov\u00fdch p\u0159edm\u011bt\u016f a ocelov\u00fdch konstrukci pro prost\u0159ed\u00ed s korozn\u00ed agresivitou C2 podle \u010cSN EN 12944-2, nap\u0159. v budov\u00e1ch s vy\u0161\u0161\u00ed kondenzac\u00ed vodn\u00edch par. Aplikuje se p\u0159\u00edmo na kov bez z\u00e1kladn\u00edho n\u00e1t\u011bru. N\u00e1t\u011br se vyzna\u010duje dlouhodob\u00fdm \u00fa\u010dinkem a vysokou \u017eivotnost\u00ed. Nevhodn\u00fd pro n\u00e1t\u011bry materi\u00e1l\u016f z u\u0161lechtil\u00fdch kov\u016f (m\u011b\u010f, hlin\u00edk, pozink aj.) a na spodky star\u0161\u00edch aut o\u0161et\u0159en\u00e9 Plastizolem. Nesm\u00ed se pou\u017e\u00edvat pro n\u00e1t\u011bry za\u0159\u00edzen\u00ed v dom\u00e1cnosti, v \u017eivo\u010di\u0161n\u00e9 v\u00fdrob\u011b a tam, kde by p\u0159ich\u00e1zel do styku s krmivy, pitnou vodou a po\u017eivatinami.<\/p>\n<p>Zpracov\u00e1n\u00ed: za studena pomoc\u00ed \u0161t\u011btce nebo pokr\u00fdva\u010dsk\u00e9ho kart\u00e1\u010de. Mo\u017en\u00fd je i n\u00e1st\u0159ik nebo m\u00e1\u010deni. P\u0159ed pou\u017eit\u00edm je d\u016fle\u017eit\u00e9 obsah d\u016fkladn\u011b prom\u00edchat, p\u0159\u00edpadn\u011b je mo\u017eno p\u0159i\u0159edit lakov\u00fdm benz\u00ednem. Spot\u0159eba je z\u00e1visl\u00e1 na zp\u016fsobu aplikace: 0,3 &ndash; 0,5 kg\/m2.<br \/>Balen\u00ed a skladov\u00e1n\u00ed: dod\u00e1v\u00e1 se v 3,5 kg a 9 kg kanystrech, 160 kg (200 l) sudech, \u017eelezni\u010dn\u00edch cistern\u00e1ch a autocistern\u00e1ch odb\u011bratele. Skladuje se v uzav\u0159en\u00fdch obalech v kryt\u00fdch prostor\u00e1ch. Obaly s laky nesm\u00ed b\u00fdt vystaveny zv\u00fd\u0161en\u00fdm teplot\u00e1m nebo p\u0159\u00edm\u00e9mu slune\u010dn\u00edmu z\u00e1\u0159eni. B\u011bhem skladov\u00e1n\u00ed se p\u0159ipou\u0161t\u00ed zhoustnuti laku a\u017e o 50 %.            <\/div>\n<\/p><\/div>\n<\/p><\/div>\n<\/p><\/div>\n<\/div>\n","protected":false},"excerpt":{"rendered":"<p>Popis produktu Pou\u017eit\u00ed: k ochrann\u00fdm protikorozn\u00edm n\u00e1t\u011br\u016fm kovov\u00fdch p\u0159edm\u011bt\u016f a ocelov\u00fdch konstrukci pro prost\u0159ed\u00ed s korozn\u00ed agresivitou C2 podle \u010cSN EN 12944-2, nap\u0159. v budov\u00e1ch s vy\u0161\u0161\u00ed kondenzac\u00ed vodn\u00edch par. Aplikuje se p\u0159\u00edmo na kov bez z\u00e1kladn\u00edho n\u00e1t\u011bru. N\u00e1t\u011br se vyzna\u010duje dlouhodob\u00fdm \u00fa\u010dinkem a vysokou \u017eivotnost\u00ed. Nevhodn\u00fd pro n\u00e1t\u011bry materi\u00e1l\u016f z u\u0161lechtil\u00fdch kov\u016f (m\u011b\u010f, hlin\u00edk, [&hellip;]<\/p>\n","protected":false},"featured_media":8248,"comment_status":"open","ping_status":"open","template":"","meta":[],"product_brand":[],"product_cat":[49],"product_tag":[],"class_list":{"0":"post-8148","1":"product","2":"type-product","3":"status-publish","4":"has-post-thumbnail","6":"product_cat-naterove-a-chemicke-vyrobky","8":"first","9":"instock","10":"sale","11":"shipping-taxable","12":"purchasable","13":"product-type-simple"},"yoast_head":"<!-- This site is optimized with the Yoast SEO plugin v26.8 - https:\/\/yoast.com\/product\/yoast-seo-wordpress\/ -->\n<title>Aktu\u00e1ln\u00ed Paramo laky a penetrace - KONKOR 500 3,5kg -<\/title>\n<meta name=\"robots\" content=\"index, follow, max-snippet:-1, max-image-preview:large, max-video-preview:-1\" \/>\n<link rel=\"canonical\" href=\"https:\/\/www.koupelnapro.com\/index.php\/produkt\/aktualni-paramo-laky-a-penetrace-konkor-500-3-5kg-8148\/\" \/>\n<meta property=\"og:locale\" content=\"cs_CZ\" \/>\n<meta property=\"og:type\" content=\"article\" \/>\n<meta property=\"og:title\" content=\"Aktu\u00e1ln\u00ed Paramo laky a penetrace - KONKOR 500 3,5kg -\" \/>\n<meta property=\"og:description\" content=\"Popis produktu Pou\u017eit\u00ed: k ochrann\u00fdm protikorozn\u00edm n\u00e1t\u011br\u016fm kovov\u00fdch p\u0159edm\u011bt\u016f a ocelov\u00fdch konstrukci pro prost\u0159ed\u00ed s korozn\u00ed agresivitou C2 podle \u010cSN EN 12944-2, nap\u0159. v budov\u00e1ch s vy\u0161\u0161\u00ed kondenzac\u00ed vodn\u00edch par. Aplikuje se p\u0159\u00edmo na kov bez z\u00e1kladn\u00edho n\u00e1t\u011bru. N\u00e1t\u011br se vyzna\u010duje dlouhodob\u00fdm \u00fa\u010dinkem a vysokou \u017eivotnost\u00ed. Nevhodn\u00fd pro n\u00e1t\u011bry materi\u00e1l\u016f z u\u0161lechtil\u00fdch kov\u016f (m\u011b\u010f, hlin\u00edk, [&hellip;]\" \/>\n<meta property=\"og:url\" content=\"https:\/\/www.koupelnapro.com\/index.php\/produkt\/aktualni-paramo-laky-a-penetrace-konkor-500-3-5kg-8148\/\" \/>\n<meta property=\"og:image\" content=\"https:\/\/www.koupelnapro.com\/wp-content\/uploads\/2026\/SK0003606-CZ20260425-091742-0-1777079863-P-045114-00.webp\" \/>\n\t<meta property=\"og:image:width\" content=\"500\" \/>\n\t<meta property=\"og:image:height\" content=\"400\" \/>\n\t<meta property=\"og:image:type\" content=\"image\/webp\" \/>\n<meta name=\"twitter:card\" content=\"summary_large_image\" \/>\n<meta name=\"twitter:label1\" content=\"Odhadovan\u00e1 doba \u010dten\u00ed\" \/>\n\t<meta name=\"twitter:data1\" content=\"1 minuta\" \/>\n<script type=\"application\/ld+json\" class=\"yoast-schema-graph\">{\"@context\":\"https:\/\/schema.org\",\"@graph\":[{\"@type\":\"WebPage\",\"@id\":\"https:\/\/www.koupelnapro.com\/index.php\/produkt\/aktualni-paramo-laky-a-penetrace-konkor-500-3-5kg-8148\/\",\"url\":\"https:\/\/www.koupelnapro.com\/index.php\/produkt\/aktualni-paramo-laky-a-penetrace-konkor-500-3-5kg-8148\/\",\"name\":\"Aktu\u00e1ln\u00ed Paramo laky a penetrace - KONKOR 500 3,5kg -\",\"isPartOf\":{\"@id\":\"https:\/\/www.koupelnapro.com\/#website\"},\"primaryImageOfPage\":{\"@id\":\"https:\/\/www.koupelnapro.com\/index.php\/produkt\/aktualni-paramo-laky-a-penetrace-konkor-500-3-5kg-8148\/#primaryimage\"},\"image\":{\"@id\":\"https:\/\/www.koupelnapro.com\/index.php\/produkt\/aktualni-paramo-laky-a-penetrace-konkor-500-3-5kg-8148\/#primaryimage\"},\"thumbnailUrl\":\"https:\/\/www.koupelnapro.com\/wp-content\/uploads\/2026\/SK0003606-CZ20260425-091742-0-1777079863-P-045114-00.webp\",\"datePublished\":\"2026-04-26T09:13:20+00:00\",\"breadcrumb\":{\"@id\":\"https:\/\/www.koupelnapro.com\/index.php\/produkt\/aktualni-paramo-laky-a-penetrace-konkor-500-3-5kg-8148\/#breadcrumb\"},\"inLanguage\":\"cs\",\"potentialAction\":[{\"@type\":\"ReadAction\",\"target\":[\"https:\/\/www.koupelnapro.com\/index.php\/produkt\/aktualni-paramo-laky-a-penetrace-konkor-500-3-5kg-8148\/\"]}]},{\"@type\":\"ImageObject\",\"inLanguage\":\"cs\",\"@id\":\"https:\/\/www.koupelnapro.com\/index.php\/produkt\/aktualni-paramo-laky-a-penetrace-konkor-500-3-5kg-8148\/#primaryimage\",\"url\":\"https:\/\/www.koupelnapro.com\/wp-content\/uploads\/2026\/SK0003606-CZ20260425-091742-0-1777079863-P-045114-00.webp\",\"contentUrl\":\"https:\/\/www.koupelnapro.com\/wp-content\/uploads\/2026\/SK0003606-CZ20260425-091742-0-1777079863-P-045114-00.webp\",\"width\":500,\"height\":400},{\"@type\":\"BreadcrumbList\",\"@id\":\"https:\/\/www.koupelnapro.com\/index.php\/produkt\/aktualni-paramo-laky-a-penetrace-konkor-500-3-5kg-8148\/#breadcrumb\",\"itemListElement\":[{\"@type\":\"ListItem\",\"position\":1,\"name\":\"Home\",\"item\":\"https:\/\/www.koupelnapro.com\/\"},{\"@type\":\"ListItem\",\"position\":2,\"name\":\"Products\",\"item\":\"https:\/\/www.koupelnapro.com\/index.php\/products\/\"},{\"@type\":\"ListItem\",\"position\":3,\"name\":\"Aktu\u00e1ln\u00ed Paramo laky a penetrace &#8211; KONKOR 500 3,5kg\"}]},{\"@type\":\"WebSite\",\"@id\":\"https:\/\/www.koupelnapro.com\/#website\",\"url\":\"https:\/\/www.koupelnapro.com\/\",\"name\":\"\",\"description\":\"\",\"potentialAction\":[{\"@type\":\"SearchAction\",\"target\":{\"@type\":\"EntryPoint\",\"urlTemplate\":\"https:\/\/www.koupelnapro.com\/?s={search_term_string}\"},\"query-input\":{\"@type\":\"PropertyValueSpecification\",\"valueRequired\":true,\"valueName\":\"search_term_string\"}}],\"inLanguage\":\"cs\"}]}<\/script>\n<!-- \/ Yoast SEO plugin. -->","yoast_head_json":{"title":"Aktu\u00e1ln\u00ed Paramo laky a penetrace - KONKOR 500 3,5kg -","robots":{"index":"index","follow":"follow","max-snippet":"max-snippet:-1","max-image-preview":"max-image-preview:large","max-video-preview":"max-video-preview:-1"},"canonical":"https:\/\/www.koupelnapro.com\/index.php\/produkt\/aktualni-paramo-laky-a-penetrace-konkor-500-3-5kg-8148\/","og_locale":"cs_CZ","og_type":"article","og_title":"Aktu\u00e1ln\u00ed Paramo laky a penetrace - KONKOR 500 3,5kg -","og_description":"Popis produktu Pou\u017eit\u00ed: k ochrann\u00fdm protikorozn\u00edm n\u00e1t\u011br\u016fm kovov\u00fdch p\u0159edm\u011bt\u016f a ocelov\u00fdch konstrukci pro prost\u0159ed\u00ed s korozn\u00ed agresivitou C2 podle \u010cSN EN 12944-2, nap\u0159. v budov\u00e1ch s vy\u0161\u0161\u00ed kondenzac\u00ed vodn\u00edch par. Aplikuje se p\u0159\u00edmo na kov bez z\u00e1kladn\u00edho n\u00e1t\u011bru. N\u00e1t\u011br se vyzna\u010duje dlouhodob\u00fdm \u00fa\u010dinkem a vysokou \u017eivotnost\u00ed. Nevhodn\u00fd pro n\u00e1t\u011bry materi\u00e1l\u016f z u\u0161lechtil\u00fdch kov\u016f (m\u011b\u010f, hlin\u00edk, [&hellip;]","og_url":"https:\/\/www.koupelnapro.com\/index.php\/produkt\/aktualni-paramo-laky-a-penetrace-konkor-500-3-5kg-8148\/","og_image":[{"width":500,"height":400,"url":"https:\/\/www.koupelnapro.com\/wp-content\/uploads\/2026\/SK0003606-CZ20260425-091742-0-1777079863-P-045114-00.webp","type":"image\/webp"}],"twitter_card":"summary_large_image","twitter_misc":{"Odhadovan\u00e1 doba \u010dten\u00ed":"1 minuta"},"schema":{"@context":"https:\/\/schema.org","@graph":[{"@type":"WebPage","@id":"https:\/\/www.koupelnapro.com\/index.php\/produkt\/aktualni-paramo-laky-a-penetrace-konkor-500-3-5kg-8148\/","url":"https:\/\/www.koupelnapro.com\/index.php\/produkt\/aktualni-paramo-laky-a-penetrace-konkor-500-3-5kg-8148\/","name":"Aktu\u00e1ln\u00ed Paramo laky a penetrace - KONKOR 500 3,5kg -","isPartOf":{"@id":"https:\/\/www.koupelnapro.com\/#website"},"primaryImageOfPage":{"@id":"https:\/\/www.koupelnapro.com\/index.php\/produkt\/aktualni-paramo-laky-a-penetrace-konkor-500-3-5kg-8148\/#primaryimage"},"image":{"@id":"https:\/\/www.koupelnapro.com\/index.php\/produkt\/aktualni-paramo-laky-a-penetrace-konkor-500-3-5kg-8148\/#primaryimage"},"thumbnailUrl":"https:\/\/www.koupelnapro.com\/wp-content\/uploads\/2026\/SK0003606-CZ20260425-091742-0-1777079863-P-045114-00.webp","datePublished":"2026-04-26T09:13:20+00:00","breadcrumb":{"@id":"https:\/\/www.koupelnapro.com\/index.php\/produkt\/aktualni-paramo-laky-a-penetrace-konkor-500-3-5kg-8148\/#breadcrumb"},"inLanguage":"cs","potentialAction":[{"@type":"ReadAction","target":["https:\/\/www.koupelnapro.com\/index.php\/produkt\/aktualni-paramo-laky-a-penetrace-konkor-500-3-5kg-8148\/"]}]},{"@type":"ImageObject","inLanguage":"cs","@id":"https:\/\/www.koupelnapro.com\/index.php\/produkt\/aktualni-paramo-laky-a-penetrace-konkor-500-3-5kg-8148\/#primaryimage","url":"https:\/\/www.koupelnapro.com\/wp-content\/uploads\/2026\/SK0003606-CZ20260425-091742-0-1777079863-P-045114-00.webp","contentUrl":"https:\/\/www.koupelnapro.com\/wp-content\/uploads\/2026\/SK0003606-CZ20260425-091742-0-1777079863-P-045114-00.webp","width":500,"height":400},{"@type":"BreadcrumbList","@id":"https:\/\/www.koupelnapro.com\/index.php\/produkt\/aktualni-paramo-laky-a-penetrace-konkor-500-3-5kg-8148\/#breadcrumb","itemListElement":[{"@type":"ListItem","position":1,"name":"Home","item":"https:\/\/www.koupelnapro.com\/"},{"@type":"ListItem","position":2,"name":"Products","item":"https:\/\/www.koupelnapro.com\/index.php\/products\/"},{"@type":"ListItem","position":3,"name":"Aktu\u00e1ln\u00ed Paramo laky a penetrace &#8211; KONKOR 500 3,5kg"}]},{"@type":"WebSite","@id":"https:\/\/www.koupelnapro.com\/#website","url":"https:\/\/www.koupelnapro.com\/","name":"","description":"","potentialAction":[{"@type":"SearchAction","target":{"@type":"EntryPoint","urlTemplate":"https:\/\/www.koupelnapro.com\/?s={search_term_string}"},"query-input":{"@type":"PropertyValueSpecification","valueRequired":true,"valueName":"search_term_string"}}],"inLanguage":"cs"}]}},"_links":{"self":[{"href":"https:\/\/www.koupelnapro.com\/index.php\/wp-json\/wp\/v2\/product\/8148","targetHints":{"allow":["GET"]}}],"collection":[{"href":"https:\/\/www.koupelnapro.com\/index.php\/wp-json\/wp\/v2\/product"}],"about":[{"href":"https:\/\/www.koupelnapro.com\/index.php\/wp-json\/wp\/v2\/types\/product"}],"replies":[{"embeddable":true,"href":"https:\/\/www.koupelnapro.com\/index.php\/wp-json\/wp\/v2\/comments?post=8148"}],"wp:featuredmedia":[{"embeddable":true,"href":"https:\/\/www.koupelnapro.com\/index.php\/wp-json\/wp\/v2\/media\/8248"}],"wp:attachment":[{"href":"https:\/\/www.koupelnapro.com\/index.php\/wp-json\/wp\/v2\/media?parent=8148"}],"wp:term":[{"taxonomy":"product_brand","embeddable":true,"href":"https:\/\/www.koupelnapro.com\/index.php\/wp-json\/wp\/v2\/product_brand?post=8148"},{"taxonomy":"product_cat","embeddable":true,"href":"https:\/\/www.koupelnapro.com\/index.php\/wp-json\/wp\/v2\/product_cat?post=8148"},{"taxonomy":"product_tag","embeddable":true,"href":"https:\/\/www.koupelnapro.com\/index.php\/wp-json\/wp\/v2\/product_tag?post=8148"}],"curies":[{"name":"wp","href":"https:\/\/api.w.org\/{rel}","templated":true}]}}