{"id":7948,"date":"2026-04-26T09:13:19","date_gmt":"2026-04-26T09:13:19","guid":{"rendered":""},"modified":"2026-04-26T09:13:19","modified_gmt":"2026-04-26T09:13:19","slug":"znackovy-osteni-lsc-sk06-114-x-118-7948","status":"publish","type":"product","link":"https:\/\/www.koupelnapro.com\/index.php\/produkt\/znackovy-osteni-lsc-sk06-114-x-118-7948\/","title":{"rendered":"Zna\u010dkov\u00fd Ost\u011bn\u00ed LSC &#8211; SK06 114 x 118"},"content":{"rendered":"<div class=\"ResponseTabButton\">Popis produktu<\/div>\n<div class=\"TabContent\">\n<div><font color=\"#000000\">&bull; Ost\u011bn\u00ed je dod\u00e1v\u00e1no jako kompletn\u00ed sada s pohledovou povrchovou \u00fapravou. Je instalov\u00e1no pomoc\u00ed skryt\u00fdch \u00faheln\u00edk\u016f. <\/font><\/div>\n<div><font color=\"#000000\">&bull; Parot\u011bsn\u00e1 f\u00f3lie BBX, kter\u00e1 je sou\u010d\u00e1st\u00ed sady, zaji\u0161\u0165uje bezpe\u010dn\u00e9 napojen\u00ed okna na st\u0159e\u0161n\u00ed konstrukci. <\/font><\/div>\n<div><font color=\"#000000\">&bull; B\u00edl\u00e1 povrchov\u00e1 \u00faprava ost\u011bn\u00ed zaji\u0161\u0165uje maxim\u00e1ln\u00ed m\u00edru odrazu denn\u00edho sv\u011btla. <\/font><\/div>\n<div><font color=\"#000000\">&bull; Zaoblen\u00ed spodn\u00edho a horn\u00edho d\u00edlu umo\u017e\u0148uje prostor pro dodate\u010dn\u00e9 zateplen\u00ed. <\/font><\/div>\n<div><font color=\"#000000\">&bull; Zaoblen\u00fd horn\u00ed a spodn\u00ed d\u00edl usnad\u0148uj\u00ed cirkulaci vzduchu, tud\u00ed\u017e minimalizuj\u00ed riziko vzniku kondenzace. <\/font><\/div>\n<div><font color=\"#000000\">&bull; V\u0161echny typy ost\u011bn\u00ed maj\u00ed odoln\u00fd a snadno \u010distiteln\u00fd povrch.<\/font><\/div>\n<div><font color=\"#000000\">&nbsp;<\/font><\/div>\n<div><font color=\"#000000\">Materi\u00e1l <br \/>&bull; 10 mm d\u0159evot\u0159\u00edskov\u00e1 deska (v20EI) <br \/>Povrchov\u00e1 \u00faprava <br \/>&bull; B\u00edl\u00e1 povrchov\u00e1 f\u00f3lie tlou\u0161\u0165ky 0,1 mm bez PVC; RAL 9016\/ NCS 0500-N <br \/>Oblo\u017een\u00ed <br \/>&bull; Lemovac\u00ed li\u0161ty: 15 x 57 mm MDF deska s b\u00edlou povrchovou f\u00f3li\u00ed tlou\u0161\u0165ky 0,1 mm bez PVC; RAL 9016\/NCS 0500-N <br \/>Rozm\u011bry <br \/>&bull; LSC: pro tlou\u0161\u0165ku st\u0159echy 125&ndash;430 mm<\/font><\/div>\n<div><font color=\"#000000\">&nbsp;<\/font><\/div>\n<div><font color=\"#000000\">D\u016fkladn\u011bj\u0161\u00ed izolace &#8211; ost\u011bn\u00ed vytv\u00e1\u0159\u00ed v\u00edce prostoru pro izolaci mezi oknem a st\u0159echou.<\/font><\/div>\n<div><font color=\"#000000\">Man\u017eeta z parot\u011bsn\u00e9 folie &#8211; sou\u010d\u00e1sn\u00ed v\u00fdrobku je tak\u00e9 man\u017eeta z parot\u011bsn\u00e9 folie, kter\u00e1 chr\u00e1n\u00ed st\u0159echu p\u0159ed kondenzac\u00ed.<\/font><\/div>\n<div><font color=\"#000000\">V\u00edce sv\u011btla &#8211; ost\u011bn\u00ed zaji\u0161\u0165uje maxim\u00e1ln\u00ed m\u00edru odrazivosti denn\u00edho sv\u011btla a spr\u00e1vn\u00e9ho proud\u011bn\u00ed vzduchu.<\/font><\/div>\n<div><font color=\"#000000\">Rychle a jednodu\u0161e &#8211; lemov\u00e1n\u00ed VELUX je vyrobeno tak, aby co nejv\u00edce usnadnilo mont\u00e1\u017e.<\/font><\/div>\n<div><font color=\"#000000\">&nbsp;<\/font><\/div>\n<\/p><\/div>\n<\/p><\/div>\n<\/p><\/div>\n<\/p><\/div>\n<\/div>\n","protected":false},"excerpt":{"rendered":"<p>Popis produktu &bull; Ost\u011bn\u00ed je dod\u00e1v\u00e1no jako kompletn\u00ed sada s pohledovou povrchovou \u00fapravou. Je instalov\u00e1no pomoc\u00ed skryt\u00fdch \u00faheln\u00edk\u016f. &bull; Parot\u011bsn\u00e1 f\u00f3lie BBX, kter\u00e1 je sou\u010d\u00e1st\u00ed sady, zaji\u0161\u0165uje bezpe\u010dn\u00e9 napojen\u00ed okna na st\u0159e\u0161n\u00ed konstrukci. &bull; B\u00edl\u00e1 povrchov\u00e1 \u00faprava ost\u011bn\u00ed zaji\u0161\u0165uje maxim\u00e1ln\u00ed m\u00edru odrazu denn\u00edho sv\u011btla. &bull; Zaoblen\u00ed spodn\u00edho a horn\u00edho d\u00edlu umo\u017e\u0148uje prostor pro dodate\u010dn\u00e9 zateplen\u00ed. [&hellip;]<\/p>\n","protected":false},"featured_media":8048,"comment_status":"open","ping_status":"open","template":"","meta":[],"product_brand":[],"product_cat":[47],"product_tag":[],"class_list":{"0":"post-7948","1":"product","2":"type-product","3":"status-publish","4":"has-post-thumbnail","6":"product_cat-stresni-okna","8":"first","9":"instock","10":"sale","11":"shipping-taxable","12":"purchasable","13":"product-type-simple"},"yoast_head":"<!-- This site is optimized with the Yoast SEO plugin v26.8 - https:\/\/yoast.com\/product\/yoast-seo-wordpress\/ -->\n<title>Zna\u010dkov\u00fd Ost\u011bn\u00ed LSC - SK06 114 x 118 -<\/title>\n<meta name=\"robots\" content=\"index, follow, max-snippet:-1, max-image-preview:large, max-video-preview:-1\" \/>\n<link rel=\"canonical\" href=\"https:\/\/www.koupelnapro.com\/index.php\/produkt\/znackovy-osteni-lsc-sk06-114-x-118-7948\/\" \/>\n<meta property=\"og:locale\" content=\"cs_CZ\" \/>\n<meta property=\"og:type\" content=\"article\" \/>\n<meta property=\"og:title\" content=\"Zna\u010dkov\u00fd Ost\u011bn\u00ed LSC - SK06 114 x 118 -\" \/>\n<meta property=\"og:description\" content=\"Popis produktu &bull; Ost\u011bn\u00ed je dod\u00e1v\u00e1no jako kompletn\u00ed sada s pohledovou povrchovou \u00fapravou. Je instalov\u00e1no pomoc\u00ed skryt\u00fdch \u00faheln\u00edk\u016f. &bull; Parot\u011bsn\u00e1 f\u00f3lie BBX, kter\u00e1 je sou\u010d\u00e1st\u00ed sady, zaji\u0161\u0165uje bezpe\u010dn\u00e9 napojen\u00ed okna na st\u0159e\u0161n\u00ed konstrukci. &bull; B\u00edl\u00e1 povrchov\u00e1 \u00faprava ost\u011bn\u00ed zaji\u0161\u0165uje maxim\u00e1ln\u00ed m\u00edru odrazu denn\u00edho sv\u011btla. &bull; Zaoblen\u00ed spodn\u00edho a horn\u00edho d\u00edlu umo\u017e\u0148uje prostor pro dodate\u010dn\u00e9 zateplen\u00ed. [&hellip;]\" \/>\n<meta property=\"og:url\" content=\"https:\/\/www.koupelnapro.com\/index.php\/produkt\/znackovy-osteni-lsc-sk06-114-x-118-7948\/\" \/>\n<meta property=\"og:image\" content=\"https:\/\/www.koupelnapro.com\/wp-content\/uploads\/2026\/SK0003506-CZ20260425-091742-0-1777079863-P-026650-00.webp\" \/>\n\t<meta property=\"og:image:width\" content=\"491\" \/>\n\t<meta property=\"og:image:height\" content=\"446\" \/>\n\t<meta property=\"og:image:type\" content=\"image\/webp\" \/>\n<meta name=\"twitter:card\" content=\"summary_large_image\" \/>\n<meta name=\"twitter:label1\" content=\"Odhadovan\u00e1 doba \u010dten\u00ed\" \/>\n\t<meta name=\"twitter:data1\" content=\"1 minuta\" \/>\n<script type=\"application\/ld+json\" class=\"yoast-schema-graph\">{\"@context\":\"https:\/\/schema.org\",\"@graph\":[{\"@type\":\"WebPage\",\"@id\":\"https:\/\/www.koupelnapro.com\/index.php\/produkt\/znackovy-osteni-lsc-sk06-114-x-118-7948\/\",\"url\":\"https:\/\/www.koupelnapro.com\/index.php\/produkt\/znackovy-osteni-lsc-sk06-114-x-118-7948\/\",\"name\":\"Zna\u010dkov\u00fd Ost\u011bn\u00ed LSC - SK06 114 x 118 -\",\"isPartOf\":{\"@id\":\"https:\/\/www.koupelnapro.com\/#website\"},\"primaryImageOfPage\":{\"@id\":\"https:\/\/www.koupelnapro.com\/index.php\/produkt\/znackovy-osteni-lsc-sk06-114-x-118-7948\/#primaryimage\"},\"image\":{\"@id\":\"https:\/\/www.koupelnapro.com\/index.php\/produkt\/znackovy-osteni-lsc-sk06-114-x-118-7948\/#primaryimage\"},\"thumbnailUrl\":\"https:\/\/www.koupelnapro.com\/wp-content\/uploads\/2026\/SK0003506-CZ20260425-091742-0-1777079863-P-026650-00.webp\",\"datePublished\":\"2026-04-26T09:13:19+00:00\",\"breadcrumb\":{\"@id\":\"https:\/\/www.koupelnapro.com\/index.php\/produkt\/znackovy-osteni-lsc-sk06-114-x-118-7948\/#breadcrumb\"},\"inLanguage\":\"cs\",\"potentialAction\":[{\"@type\":\"ReadAction\",\"target\":[\"https:\/\/www.koupelnapro.com\/index.php\/produkt\/znackovy-osteni-lsc-sk06-114-x-118-7948\/\"]}]},{\"@type\":\"ImageObject\",\"inLanguage\":\"cs\",\"@id\":\"https:\/\/www.koupelnapro.com\/index.php\/produkt\/znackovy-osteni-lsc-sk06-114-x-118-7948\/#primaryimage\",\"url\":\"https:\/\/www.koupelnapro.com\/wp-content\/uploads\/2026\/SK0003506-CZ20260425-091742-0-1777079863-P-026650-00.webp\",\"contentUrl\":\"https:\/\/www.koupelnapro.com\/wp-content\/uploads\/2026\/SK0003506-CZ20260425-091742-0-1777079863-P-026650-00.webp\",\"width\":491,\"height\":446},{\"@type\":\"BreadcrumbList\",\"@id\":\"https:\/\/www.koupelnapro.com\/index.php\/produkt\/znackovy-osteni-lsc-sk06-114-x-118-7948\/#breadcrumb\",\"itemListElement\":[{\"@type\":\"ListItem\",\"position\":1,\"name\":\"Home\",\"item\":\"https:\/\/www.koupelnapro.com\/\"},{\"@type\":\"ListItem\",\"position\":2,\"name\":\"Products\",\"item\":\"https:\/\/www.koupelnapro.com\/index.php\/products\/\"},{\"@type\":\"ListItem\",\"position\":3,\"name\":\"Zna\u010dkov\u00fd Ost\u011bn\u00ed LSC &#8211; SK06 114 x 118\"}]},{\"@type\":\"WebSite\",\"@id\":\"https:\/\/www.koupelnapro.com\/#website\",\"url\":\"https:\/\/www.koupelnapro.com\/\",\"name\":\"\",\"description\":\"\",\"potentialAction\":[{\"@type\":\"SearchAction\",\"target\":{\"@type\":\"EntryPoint\",\"urlTemplate\":\"https:\/\/www.koupelnapro.com\/?s={search_term_string}\"},\"query-input\":{\"@type\":\"PropertyValueSpecification\",\"valueRequired\":true,\"valueName\":\"search_term_string\"}}],\"inLanguage\":\"cs\"}]}<\/script>\n<!-- \/ Yoast SEO plugin. -->","yoast_head_json":{"title":"Zna\u010dkov\u00fd Ost\u011bn\u00ed LSC - SK06 114 x 118 -","robots":{"index":"index","follow":"follow","max-snippet":"max-snippet:-1","max-image-preview":"max-image-preview:large","max-video-preview":"max-video-preview:-1"},"canonical":"https:\/\/www.koupelnapro.com\/index.php\/produkt\/znackovy-osteni-lsc-sk06-114-x-118-7948\/","og_locale":"cs_CZ","og_type":"article","og_title":"Zna\u010dkov\u00fd Ost\u011bn\u00ed LSC - SK06 114 x 118 -","og_description":"Popis produktu &bull; Ost\u011bn\u00ed je dod\u00e1v\u00e1no jako kompletn\u00ed sada s pohledovou povrchovou \u00fapravou. Je instalov\u00e1no pomoc\u00ed skryt\u00fdch \u00faheln\u00edk\u016f. &bull; Parot\u011bsn\u00e1 f\u00f3lie BBX, kter\u00e1 je sou\u010d\u00e1st\u00ed sady, zaji\u0161\u0165uje bezpe\u010dn\u00e9 napojen\u00ed okna na st\u0159e\u0161n\u00ed konstrukci. &bull; B\u00edl\u00e1 povrchov\u00e1 \u00faprava ost\u011bn\u00ed zaji\u0161\u0165uje maxim\u00e1ln\u00ed m\u00edru odrazu denn\u00edho sv\u011btla. &bull; Zaoblen\u00ed spodn\u00edho a horn\u00edho d\u00edlu umo\u017e\u0148uje prostor pro dodate\u010dn\u00e9 zateplen\u00ed. [&hellip;]","og_url":"https:\/\/www.koupelnapro.com\/index.php\/produkt\/znackovy-osteni-lsc-sk06-114-x-118-7948\/","og_image":[{"width":491,"height":446,"url":"https:\/\/www.koupelnapro.com\/wp-content\/uploads\/2026\/SK0003506-CZ20260425-091742-0-1777079863-P-026650-00.webp","type":"image\/webp"}],"twitter_card":"summary_large_image","twitter_misc":{"Odhadovan\u00e1 doba \u010dten\u00ed":"1 minuta"},"schema":{"@context":"https:\/\/schema.org","@graph":[{"@type":"WebPage","@id":"https:\/\/www.koupelnapro.com\/index.php\/produkt\/znackovy-osteni-lsc-sk06-114-x-118-7948\/","url":"https:\/\/www.koupelnapro.com\/index.php\/produkt\/znackovy-osteni-lsc-sk06-114-x-118-7948\/","name":"Zna\u010dkov\u00fd Ost\u011bn\u00ed LSC - SK06 114 x 118 -","isPartOf":{"@id":"https:\/\/www.koupelnapro.com\/#website"},"primaryImageOfPage":{"@id":"https:\/\/www.koupelnapro.com\/index.php\/produkt\/znackovy-osteni-lsc-sk06-114-x-118-7948\/#primaryimage"},"image":{"@id":"https:\/\/www.koupelnapro.com\/index.php\/produkt\/znackovy-osteni-lsc-sk06-114-x-118-7948\/#primaryimage"},"thumbnailUrl":"https:\/\/www.koupelnapro.com\/wp-content\/uploads\/2026\/SK0003506-CZ20260425-091742-0-1777079863-P-026650-00.webp","datePublished":"2026-04-26T09:13:19+00:00","breadcrumb":{"@id":"https:\/\/www.koupelnapro.com\/index.php\/produkt\/znackovy-osteni-lsc-sk06-114-x-118-7948\/#breadcrumb"},"inLanguage":"cs","potentialAction":[{"@type":"ReadAction","target":["https:\/\/www.koupelnapro.com\/index.php\/produkt\/znackovy-osteni-lsc-sk06-114-x-118-7948\/"]}]},{"@type":"ImageObject","inLanguage":"cs","@id":"https:\/\/www.koupelnapro.com\/index.php\/produkt\/znackovy-osteni-lsc-sk06-114-x-118-7948\/#primaryimage","url":"https:\/\/www.koupelnapro.com\/wp-content\/uploads\/2026\/SK0003506-CZ20260425-091742-0-1777079863-P-026650-00.webp","contentUrl":"https:\/\/www.koupelnapro.com\/wp-content\/uploads\/2026\/SK0003506-CZ20260425-091742-0-1777079863-P-026650-00.webp","width":491,"height":446},{"@type":"BreadcrumbList","@id":"https:\/\/www.koupelnapro.com\/index.php\/produkt\/znackovy-osteni-lsc-sk06-114-x-118-7948\/#breadcrumb","itemListElement":[{"@type":"ListItem","position":1,"name":"Home","item":"https:\/\/www.koupelnapro.com\/"},{"@type":"ListItem","position":2,"name":"Products","item":"https:\/\/www.koupelnapro.com\/index.php\/products\/"},{"@type":"ListItem","position":3,"name":"Zna\u010dkov\u00fd Ost\u011bn\u00ed LSC &#8211; SK06 114 x 118"}]},{"@type":"WebSite","@id":"https:\/\/www.koupelnapro.com\/#website","url":"https:\/\/www.koupelnapro.com\/","name":"","description":"","potentialAction":[{"@type":"SearchAction","target":{"@type":"EntryPoint","urlTemplate":"https:\/\/www.koupelnapro.com\/?s={search_term_string}"},"query-input":{"@type":"PropertyValueSpecification","valueRequired":true,"valueName":"search_term_string"}}],"inLanguage":"cs"}]}},"_links":{"self":[{"href":"https:\/\/www.koupelnapro.com\/index.php\/wp-json\/wp\/v2\/product\/7948","targetHints":{"allow":["GET"]}}],"collection":[{"href":"https:\/\/www.koupelnapro.com\/index.php\/wp-json\/wp\/v2\/product"}],"about":[{"href":"https:\/\/www.koupelnapro.com\/index.php\/wp-json\/wp\/v2\/types\/product"}],"replies":[{"embeddable":true,"href":"https:\/\/www.koupelnapro.com\/index.php\/wp-json\/wp\/v2\/comments?post=7948"}],"wp:featuredmedia":[{"embeddable":true,"href":"https:\/\/www.koupelnapro.com\/index.php\/wp-json\/wp\/v2\/media\/8048"}],"wp:attachment":[{"href":"https:\/\/www.koupelnapro.com\/index.php\/wp-json\/wp\/v2\/media?parent=7948"}],"wp:term":[{"taxonomy":"product_brand","embeddable":true,"href":"https:\/\/www.koupelnapro.com\/index.php\/wp-json\/wp\/v2\/product_brand?post=7948"},{"taxonomy":"product_cat","embeddable":true,"href":"https:\/\/www.koupelnapro.com\/index.php\/wp-json\/wp\/v2\/product_cat?post=7948"},{"taxonomy":"product_tag","embeddable":true,"href":"https:\/\/www.koupelnapro.com\/index.php\/wp-json\/wp\/v2\/product_tag?post=7948"}],"curies":[{"name":"wp","href":"https:\/\/api.w.org\/{rel}","templated":true}]}}