{"id":7906,"date":"2026-04-26T09:13:19","date_gmt":"2026-04-26T09:13:19","guid":{"rendered":""},"modified":"2026-04-26T09:13:19","modified_gmt":"2026-04-26T09:13:19","slug":"organicke-penetrace-denbit-denbit-br-alp-penetr-lak-19-kg-cerna-horka-nabidka-7906","status":"publish","type":"product","link":"https:\/\/www.koupelnapro.com\/index.php\/produkt\/organicke-penetrace-denbit-denbit-br-alp-penetr-lak-19-kg-cerna-horka-nabidka-7906\/","title":{"rendered":"Organick\u00e9 penetrace DenBit &#8211; DenBit BR-ALP penetr. lak 19 kg &#8211; \u010cern\u00e1 Hork\u00e1 Nab\u00eddka"},"content":{"rendered":"<div class=\"ResponseTabButton\">Popis produktu<\/div>\n<div class=\"TabContent\">\n<h3><strong>Vlastnosti<\/strong><\/h3>\n<ul>\n<li>V\u00fdborn\u00e1 hloubkov\u00e1 penetra\u010dn\u00ed schopnost;<\/li>\n<li>Je schopen nivelovat mikrotrhliny v&nbsp;podkladu;<\/li>\n<li>Odoln\u00fd v\u016f\u010di slab\u00fdm kyselin\u00e1m a&nbsp;z\u00e1sad\u00e1m;<\/li>\n<li>Na such\u00fd i&nbsp;vlhk\u00fd podklad;<\/li>\n<li>Druh podkladu &ndash; beton, om\u00edtky, zdivo, eternit, ocelov\u00e9 a&nbsp;plechov\u00e9 prvky (krytiny, oplechov\u00e1n\u00ed, chr\u00e1ni\u010dky a&nbsp;prostupy), lepenky a&nbsp;podobn\u00e9 materi\u00e1ly na bitumenov\u00e9 b\u00e1zi, d\u0159ev\u011bn\u00e9 podklady a&nbsp;podklady na b\u00e1zi d\u0159evn\u00ed hmoty (cementovl\u00e1knit\u00e9 a&nbsp;s\u00e1drovl\u00e1knit\u00e9 desky, OSB desky aj.)<\/li>\n<\/ul>\n<h3><strong>Pou\u017eit\u00ed<\/strong><\/h3>\n<ul>\n<li>Jako roztok ur\u010den\u00fd pro penetraci z\u00e1kladov\u00fdch p\u00e1s\u016f, z\u00e1klad\u016f, podzemn\u00edch \u010d\u00e1st\u00ed stavby aj.;<\/li>\n<li>Hmota je vhodn\u00e1 zejm\u00e9na jako podklad pod tepeln\u011b sva\u0159iteln\u00e9 p\u00e1sy v\u0161ech druh\u016f;<\/li>\n<li>Pou\u017e\u00edv\u00e1 se pod hydroizola\u010dn\u00ed n\u00e1t\u011bry z&nbsp;DenBitu DK-ATN a&nbsp;jin\u00e9 n\u00e1t\u011brov\u00e9 hmoty na b\u00e1zi organick\u00fdch asfalt\u016f;<\/li>\n<li>Mimo jin\u00e9 je mo\u017en\u00e9 ji pou\u017e\u00edt i&nbsp;jako samostatnou protivlhkostn\u00ed izolaci lehk\u00e9ho typu;<\/li>\n<\/ul><\/div>\n<\/p><\/div>\n<\/p><\/div>\n<\/p><\/div>\n<\/div>\n","protected":false},"excerpt":{"rendered":"<p>Popis produktu Vlastnosti V\u00fdborn\u00e1 hloubkov\u00e1 penetra\u010dn\u00ed schopnost; Je schopen nivelovat mikrotrhliny v&nbsp;podkladu; Odoln\u00fd v\u016f\u010di slab\u00fdm kyselin\u00e1m a&nbsp;z\u00e1sad\u00e1m; Na such\u00fd i&nbsp;vlhk\u00fd podklad; Druh podkladu &ndash; beton, om\u00edtky, zdivo, eternit, ocelov\u00e9 a&nbsp;plechov\u00e9 prvky (krytiny, oplechov\u00e1n\u00ed, chr\u00e1ni\u010dky a&nbsp;prostupy), lepenky a&nbsp;podobn\u00e9 materi\u00e1ly na bitumenov\u00e9 b\u00e1zi, d\u0159ev\u011bn\u00e9 podklady a&nbsp;podklady na b\u00e1zi d\u0159evn\u00ed hmoty (cementovl\u00e1knit\u00e9 a&nbsp;s\u00e1drovl\u00e1knit\u00e9 desky, OSB desky aj.) Pou\u017eit\u00ed [&hellip;]<\/p>\n","protected":false},"featured_media":8006,"comment_status":"open","ping_status":"open","template":"","meta":[],"product_brand":[],"product_cat":[49],"product_tag":[],"class_list":{"0":"post-7906","1":"product","2":"type-product","3":"status-publish","4":"has-post-thumbnail","6":"product_cat-naterove-a-chemicke-vyrobky","8":"first","9":"instock","10":"sale","11":"shipping-taxable","12":"purchasable","13":"product-type-simple"},"yoast_head":"<!-- This site is optimized with the Yoast SEO plugin v26.8 - https:\/\/yoast.com\/product\/yoast-seo-wordpress\/ -->\n<title>Organick\u00e9 penetrace DenBit - DenBit BR-ALP penetr. lak 19 kg - \u010cern\u00e1 Hork\u00e1 Nab\u00eddka -<\/title>\n<meta name=\"robots\" content=\"index, follow, max-snippet:-1, max-image-preview:large, max-video-preview:-1\" \/>\n<link rel=\"canonical\" href=\"https:\/\/www.koupelnapro.com\/index.php\/produkt\/organicke-penetrace-denbit-denbit-br-alp-penetr-lak-19-kg-cerna-horka-nabidka-7906\/\" \/>\n<meta property=\"og:locale\" content=\"cs_CZ\" \/>\n<meta property=\"og:type\" content=\"article\" \/>\n<meta property=\"og:title\" content=\"Organick\u00e9 penetrace DenBit - DenBit BR-ALP penetr. lak 19 kg - \u010cern\u00e1 Hork\u00e1 Nab\u00eddka -\" \/>\n<meta property=\"og:description\" content=\"Popis produktu Vlastnosti V\u00fdborn\u00e1 hloubkov\u00e1 penetra\u010dn\u00ed schopnost; Je schopen nivelovat mikrotrhliny v&nbsp;podkladu; Odoln\u00fd v\u016f\u010di slab\u00fdm kyselin\u00e1m a&nbsp;z\u00e1sad\u00e1m; Na such\u00fd i&nbsp;vlhk\u00fd podklad; Druh podkladu &ndash; beton, om\u00edtky, zdivo, eternit, ocelov\u00e9 a&nbsp;plechov\u00e9 prvky (krytiny, oplechov\u00e1n\u00ed, chr\u00e1ni\u010dky a&nbsp;prostupy), lepenky a&nbsp;podobn\u00e9 materi\u00e1ly na bitumenov\u00e9 b\u00e1zi, d\u0159ev\u011bn\u00e9 podklady a&nbsp;podklady na b\u00e1zi d\u0159evn\u00ed hmoty (cementovl\u00e1knit\u00e9 a&nbsp;s\u00e1drovl\u00e1knit\u00e9 desky, OSB desky aj.) Pou\u017eit\u00ed [&hellip;]\" \/>\n<meta property=\"og:url\" content=\"https:\/\/www.koupelnapro.com\/index.php\/produkt\/organicke-penetrace-denbit-denbit-br-alp-penetr-lak-19-kg-cerna-horka-nabidka-7906\/\" \/>\n<meta property=\"og:image\" content=\"https:\/\/www.koupelnapro.com\/wp-content\/uploads\/2026\/SK0003463-CZ20260425-091742-0-1777079863-P-042461-00.webp\" \/>\n\t<meta property=\"og:image:width\" content=\"500\" \/>\n\t<meta property=\"og:image:height\" content=\"500\" \/>\n\t<meta property=\"og:image:type\" content=\"image\/webp\" \/>\n<meta name=\"twitter:card\" content=\"summary_large_image\" \/>\n<meta name=\"twitter:label1\" content=\"Odhadovan\u00e1 doba \u010dten\u00ed\" \/>\n\t<meta name=\"twitter:data1\" content=\"1 minuta\" \/>\n<script type=\"application\/ld+json\" class=\"yoast-schema-graph\">{\"@context\":\"https:\/\/schema.org\",\"@graph\":[{\"@type\":\"WebPage\",\"@id\":\"https:\/\/www.koupelnapro.com\/index.php\/produkt\/organicke-penetrace-denbit-denbit-br-alp-penetr-lak-19-kg-cerna-horka-nabidka-7906\/\",\"url\":\"https:\/\/www.koupelnapro.com\/index.php\/produkt\/organicke-penetrace-denbit-denbit-br-alp-penetr-lak-19-kg-cerna-horka-nabidka-7906\/\",\"name\":\"Organick\u00e9 penetrace DenBit - DenBit BR-ALP penetr. lak 19 kg - \u010cern\u00e1 Hork\u00e1 Nab\u00eddka -\",\"isPartOf\":{\"@id\":\"https:\/\/www.koupelnapro.com\/#website\"},\"primaryImageOfPage\":{\"@id\":\"https:\/\/www.koupelnapro.com\/index.php\/produkt\/organicke-penetrace-denbit-denbit-br-alp-penetr-lak-19-kg-cerna-horka-nabidka-7906\/#primaryimage\"},\"image\":{\"@id\":\"https:\/\/www.koupelnapro.com\/index.php\/produkt\/organicke-penetrace-denbit-denbit-br-alp-penetr-lak-19-kg-cerna-horka-nabidka-7906\/#primaryimage\"},\"thumbnailUrl\":\"https:\/\/www.koupelnapro.com\/wp-content\/uploads\/2026\/SK0003463-CZ20260425-091742-0-1777079863-P-042461-00.webp\",\"datePublished\":\"2026-04-26T09:13:19+00:00\",\"breadcrumb\":{\"@id\":\"https:\/\/www.koupelnapro.com\/index.php\/produkt\/organicke-penetrace-denbit-denbit-br-alp-penetr-lak-19-kg-cerna-horka-nabidka-7906\/#breadcrumb\"},\"inLanguage\":\"cs\",\"potentialAction\":[{\"@type\":\"ReadAction\",\"target\":[\"https:\/\/www.koupelnapro.com\/index.php\/produkt\/organicke-penetrace-denbit-denbit-br-alp-penetr-lak-19-kg-cerna-horka-nabidka-7906\/\"]}]},{\"@type\":\"ImageObject\",\"inLanguage\":\"cs\",\"@id\":\"https:\/\/www.koupelnapro.com\/index.php\/produkt\/organicke-penetrace-denbit-denbit-br-alp-penetr-lak-19-kg-cerna-horka-nabidka-7906\/#primaryimage\",\"url\":\"https:\/\/www.koupelnapro.com\/wp-content\/uploads\/2026\/SK0003463-CZ20260425-091742-0-1777079863-P-042461-00.webp\",\"contentUrl\":\"https:\/\/www.koupelnapro.com\/wp-content\/uploads\/2026\/SK0003463-CZ20260425-091742-0-1777079863-P-042461-00.webp\",\"width\":500,\"height\":500},{\"@type\":\"BreadcrumbList\",\"@id\":\"https:\/\/www.koupelnapro.com\/index.php\/produkt\/organicke-penetrace-denbit-denbit-br-alp-penetr-lak-19-kg-cerna-horka-nabidka-7906\/#breadcrumb\",\"itemListElement\":[{\"@type\":\"ListItem\",\"position\":1,\"name\":\"Home\",\"item\":\"https:\/\/www.koupelnapro.com\/\"},{\"@type\":\"ListItem\",\"position\":2,\"name\":\"Products\",\"item\":\"https:\/\/www.koupelnapro.com\/index.php\/products\/\"},{\"@type\":\"ListItem\",\"position\":3,\"name\":\"Organick\u00e9 penetrace DenBit &#8211; DenBit BR-ALP penetr. lak 19 kg &#8211; \u010cern\u00e1 Hork\u00e1 Nab\u00eddka\"}]},{\"@type\":\"WebSite\",\"@id\":\"https:\/\/www.koupelnapro.com\/#website\",\"url\":\"https:\/\/www.koupelnapro.com\/\",\"name\":\"\",\"description\":\"\",\"potentialAction\":[{\"@type\":\"SearchAction\",\"target\":{\"@type\":\"EntryPoint\",\"urlTemplate\":\"https:\/\/www.koupelnapro.com\/?s={search_term_string}\"},\"query-input\":{\"@type\":\"PropertyValueSpecification\",\"valueRequired\":true,\"valueName\":\"search_term_string\"}}],\"inLanguage\":\"cs\"}]}<\/script>\n<!-- \/ Yoast SEO plugin. -->","yoast_head_json":{"title":"Organick\u00e9 penetrace DenBit - DenBit BR-ALP penetr. lak 19 kg - \u010cern\u00e1 Hork\u00e1 Nab\u00eddka -","robots":{"index":"index","follow":"follow","max-snippet":"max-snippet:-1","max-image-preview":"max-image-preview:large","max-video-preview":"max-video-preview:-1"},"canonical":"https:\/\/www.koupelnapro.com\/index.php\/produkt\/organicke-penetrace-denbit-denbit-br-alp-penetr-lak-19-kg-cerna-horka-nabidka-7906\/","og_locale":"cs_CZ","og_type":"article","og_title":"Organick\u00e9 penetrace DenBit - DenBit BR-ALP penetr. lak 19 kg - \u010cern\u00e1 Hork\u00e1 Nab\u00eddka -","og_description":"Popis produktu Vlastnosti V\u00fdborn\u00e1 hloubkov\u00e1 penetra\u010dn\u00ed schopnost; Je schopen nivelovat mikrotrhliny v&nbsp;podkladu; Odoln\u00fd v\u016f\u010di slab\u00fdm kyselin\u00e1m a&nbsp;z\u00e1sad\u00e1m; Na such\u00fd i&nbsp;vlhk\u00fd podklad; Druh podkladu &ndash; beton, om\u00edtky, zdivo, eternit, ocelov\u00e9 a&nbsp;plechov\u00e9 prvky (krytiny, oplechov\u00e1n\u00ed, chr\u00e1ni\u010dky a&nbsp;prostupy), lepenky a&nbsp;podobn\u00e9 materi\u00e1ly na bitumenov\u00e9 b\u00e1zi, d\u0159ev\u011bn\u00e9 podklady a&nbsp;podklady na b\u00e1zi d\u0159evn\u00ed hmoty (cementovl\u00e1knit\u00e9 a&nbsp;s\u00e1drovl\u00e1knit\u00e9 desky, OSB desky aj.) Pou\u017eit\u00ed [&hellip;]","og_url":"https:\/\/www.koupelnapro.com\/index.php\/produkt\/organicke-penetrace-denbit-denbit-br-alp-penetr-lak-19-kg-cerna-horka-nabidka-7906\/","og_image":[{"width":500,"height":500,"url":"https:\/\/www.koupelnapro.com\/wp-content\/uploads\/2026\/SK0003463-CZ20260425-091742-0-1777079863-P-042461-00.webp","type":"image\/webp"}],"twitter_card":"summary_large_image","twitter_misc":{"Odhadovan\u00e1 doba \u010dten\u00ed":"1 minuta"},"schema":{"@context":"https:\/\/schema.org","@graph":[{"@type":"WebPage","@id":"https:\/\/www.koupelnapro.com\/index.php\/produkt\/organicke-penetrace-denbit-denbit-br-alp-penetr-lak-19-kg-cerna-horka-nabidka-7906\/","url":"https:\/\/www.koupelnapro.com\/index.php\/produkt\/organicke-penetrace-denbit-denbit-br-alp-penetr-lak-19-kg-cerna-horka-nabidka-7906\/","name":"Organick\u00e9 penetrace DenBit - DenBit BR-ALP penetr. lak 19 kg - \u010cern\u00e1 Hork\u00e1 Nab\u00eddka -","isPartOf":{"@id":"https:\/\/www.koupelnapro.com\/#website"},"primaryImageOfPage":{"@id":"https:\/\/www.koupelnapro.com\/index.php\/produkt\/organicke-penetrace-denbit-denbit-br-alp-penetr-lak-19-kg-cerna-horka-nabidka-7906\/#primaryimage"},"image":{"@id":"https:\/\/www.koupelnapro.com\/index.php\/produkt\/organicke-penetrace-denbit-denbit-br-alp-penetr-lak-19-kg-cerna-horka-nabidka-7906\/#primaryimage"},"thumbnailUrl":"https:\/\/www.koupelnapro.com\/wp-content\/uploads\/2026\/SK0003463-CZ20260425-091742-0-1777079863-P-042461-00.webp","datePublished":"2026-04-26T09:13:19+00:00","breadcrumb":{"@id":"https:\/\/www.koupelnapro.com\/index.php\/produkt\/organicke-penetrace-denbit-denbit-br-alp-penetr-lak-19-kg-cerna-horka-nabidka-7906\/#breadcrumb"},"inLanguage":"cs","potentialAction":[{"@type":"ReadAction","target":["https:\/\/www.koupelnapro.com\/index.php\/produkt\/organicke-penetrace-denbit-denbit-br-alp-penetr-lak-19-kg-cerna-horka-nabidka-7906\/"]}]},{"@type":"ImageObject","inLanguage":"cs","@id":"https:\/\/www.koupelnapro.com\/index.php\/produkt\/organicke-penetrace-denbit-denbit-br-alp-penetr-lak-19-kg-cerna-horka-nabidka-7906\/#primaryimage","url":"https:\/\/www.koupelnapro.com\/wp-content\/uploads\/2026\/SK0003463-CZ20260425-091742-0-1777079863-P-042461-00.webp","contentUrl":"https:\/\/www.koupelnapro.com\/wp-content\/uploads\/2026\/SK0003463-CZ20260425-091742-0-1777079863-P-042461-00.webp","width":500,"height":500},{"@type":"BreadcrumbList","@id":"https:\/\/www.koupelnapro.com\/index.php\/produkt\/organicke-penetrace-denbit-denbit-br-alp-penetr-lak-19-kg-cerna-horka-nabidka-7906\/#breadcrumb","itemListElement":[{"@type":"ListItem","position":1,"name":"Home","item":"https:\/\/www.koupelnapro.com\/"},{"@type":"ListItem","position":2,"name":"Products","item":"https:\/\/www.koupelnapro.com\/index.php\/products\/"},{"@type":"ListItem","position":3,"name":"Organick\u00e9 penetrace DenBit &#8211; DenBit BR-ALP penetr. lak 19 kg &#8211; \u010cern\u00e1 Hork\u00e1 Nab\u00eddka"}]},{"@type":"WebSite","@id":"https:\/\/www.koupelnapro.com\/#website","url":"https:\/\/www.koupelnapro.com\/","name":"","description":"","potentialAction":[{"@type":"SearchAction","target":{"@type":"EntryPoint","urlTemplate":"https:\/\/www.koupelnapro.com\/?s={search_term_string}"},"query-input":{"@type":"PropertyValueSpecification","valueRequired":true,"valueName":"search_term_string"}}],"inLanguage":"cs"}]}},"_links":{"self":[{"href":"https:\/\/www.koupelnapro.com\/index.php\/wp-json\/wp\/v2\/product\/7906","targetHints":{"allow":["GET"]}}],"collection":[{"href":"https:\/\/www.koupelnapro.com\/index.php\/wp-json\/wp\/v2\/product"}],"about":[{"href":"https:\/\/www.koupelnapro.com\/index.php\/wp-json\/wp\/v2\/types\/product"}],"replies":[{"embeddable":true,"href":"https:\/\/www.koupelnapro.com\/index.php\/wp-json\/wp\/v2\/comments?post=7906"}],"wp:featuredmedia":[{"embeddable":true,"href":"https:\/\/www.koupelnapro.com\/index.php\/wp-json\/wp\/v2\/media\/8006"}],"wp:attachment":[{"href":"https:\/\/www.koupelnapro.com\/index.php\/wp-json\/wp\/v2\/media?parent=7906"}],"wp:term":[{"taxonomy":"product_brand","embeddable":true,"href":"https:\/\/www.koupelnapro.com\/index.php\/wp-json\/wp\/v2\/product_brand?post=7906"},{"taxonomy":"product_cat","embeddable":true,"href":"https:\/\/www.koupelnapro.com\/index.php\/wp-json\/wp\/v2\/product_cat?post=7906"},{"taxonomy":"product_tag","embeddable":true,"href":"https:\/\/www.koupelnapro.com\/index.php\/wp-json\/wp\/v2\/product_tag?post=7906"}],"curies":[{"name":"wp","href":"https:\/\/api.w.org\/{rel}","templated":true}]}}