{"id":7903,"date":"2026-04-26T09:13:19","date_gmt":"2026-04-26T09:13:19","guid":{"rendered":""},"modified":"2026-04-26T09:13:19","modified_gmt":"2026-04-26T09:13:19","slug":"organicke-lepidla-denbit-denbit-bond-5kg-cerna-finalni-vyprodej-7903","status":"publish","type":"product","link":"https:\/\/www.koupelnapro.com\/index.php\/produkt\/organicke-lepidla-denbit-denbit-bond-5kg-cerna-finalni-vyprodej-7903\/","title":{"rendered":"Organick\u00e9 lepidla DenBit  &#8211; DenBit BOND 5kg &#8211; \u010cern\u00e1 Fin\u00e1ln\u00ed V\u00fdprodej"},"content":{"rendered":"<div class=\"ResponseTabButton\">Popis produktu<\/div>\n<div class=\"TabContent\">\n<div><font color=\"#000000\">Bitumenov\u00e9 lepidlo DenBit SUPER BOND &#8211; je ji\u017e hotov\u00e1 plastick\u00e1 bitumenov\u00e1 hmota ve form\u011b pasty, vysoce modifikovan\u00e1 syntetick\u00fdm kau\u010dukem, obsahuje chemick\u00e9 p\u0159\u00edsady umo\u017e\u0148uj\u00edc\u00ed pou\u017eit\u00ed na m\u00edrn\u011b vlhk\u00e9m podkladu. Umo\u017e\u0148uje lepen\u00ed hydroizolac\u00ed bez pou\u017eit\u00ed otev\u0159en\u00e9ho ohn\u011b.<\/font><\/div>\n<div><font color=\"#000000\">&nbsp;<\/font><\/div>\n<div><font color=\"#000000\">Druh podkladu: Beton, zdivo, om\u00edtky, s\u00e1drov\u00e9 podklady, lepenka a materi\u00e1ly na bitumenov\u00e9 b\u00e1zi, nap\u0159. \u0161indele, izola\u010dn\u00ed PUR panely, miner\u00e1ln\u00ed a d\u0159ev\u011bn\u00e1 vata.<\/font><\/div>\n<div><font color=\"#000000\">&nbsp;<\/font><\/div>\n<div><font color=\"#000000\">Pou\u017eit\u00ed: Pro lepen\u00ed a t\u011bsn\u011bn\u00ed \u017eivi\u010dn\u00fdch st\u0159e\u0161n\u00edch krytin (zlom\u016f, prasklin, mezer, bublin, pr\u016fsak\u016f), nouzov\u00e9 opravy za vlhka, tmelen\u00ed a t\u011bsn\u011bn\u00ed trhlin, puklin, d\u011br, sp\u00e1r ve stavebn\u00edch materi\u00e1lech, tmelen\u00ed a t\u011bsn\u011bn\u00ed zakon\u010dovac\u00edch profil\u016f apod.<\/font><\/div>\n<div><font color=\"#000000\">&nbsp;<\/font><\/div>\n<div><font color=\"#000000\">Charakteristika:<\/font><\/div>\n<ul style=\"margin-top: 0cm\" type=\"disc\">\n<li><font color=\"#000000\">Extr\u00e9mn\u00ed lepic\u00ed s\u00edla a p\u0159\u00eddr\u017enost <\/font><\/li>\n<li><font color=\"#000000\">Velmi vysok\u00e1 p\u0159ilnavost k v\u011bt\u0161in\u011b stavebn\u00edch materi\u00e1l\u016f i za vlhka <\/font><\/li>\n<li><font color=\"#000000\">Odoln\u00e1 v\u016f\u010di slab\u00fdm kyselin\u00e1m a z\u00e1sad\u00e1m <\/font><\/li>\n<li><font color=\"#000000\">Na such\u00fd i vlhk\u00fd podklad <\/font><\/li>\n<li><font color=\"#000000\">Snadn\u00e1 a rychl\u00e1 aplikace<\/font><\/li>\n<\/ul><\/div>\n<\/p><\/div>\n<\/p><\/div>\n<\/p><\/div>\n<\/div>\n","protected":false},"excerpt":{"rendered":"<p>Popis produktu Bitumenov\u00e9 lepidlo DenBit SUPER BOND &#8211; je ji\u017e hotov\u00e1 plastick\u00e1 bitumenov\u00e1 hmota ve form\u011b pasty, vysoce modifikovan\u00e1 syntetick\u00fdm kau\u010dukem, obsahuje chemick\u00e9 p\u0159\u00edsady umo\u017e\u0148uj\u00edc\u00ed pou\u017eit\u00ed na m\u00edrn\u011b vlhk\u00e9m podkladu. Umo\u017e\u0148uje lepen\u00ed hydroizolac\u00ed bez pou\u017eit\u00ed otev\u0159en\u00e9ho ohn\u011b. &nbsp; Druh podkladu: Beton, zdivo, om\u00edtky, s\u00e1drov\u00e9 podklady, lepenka a materi\u00e1ly na bitumenov\u00e9 b\u00e1zi, nap\u0159. \u0161indele, izola\u010dn\u00ed PUR [&hellip;]<\/p>\n","protected":false},"featured_media":8003,"comment_status":"open","ping_status":"open","template":"","meta":[],"product_brand":[],"product_cat":[49],"product_tag":[],"class_list":{"0":"post-7903","1":"product","2":"type-product","3":"status-publish","4":"has-post-thumbnail","6":"product_cat-naterove-a-chemicke-vyrobky","8":"first","9":"instock","10":"sale","11":"shipping-taxable","12":"purchasable","13":"product-type-simple"},"yoast_head":"<!-- This site is optimized with the Yoast SEO plugin v26.8 - https:\/\/yoast.com\/product\/yoast-seo-wordpress\/ -->\n<title>Organick\u00e9 lepidla DenBit - DenBit BOND 5kg - \u010cern\u00e1 Fin\u00e1ln\u00ed V\u00fdprodej -<\/title>\n<meta name=\"robots\" content=\"index, follow, max-snippet:-1, max-image-preview:large, max-video-preview:-1\" \/>\n<link rel=\"canonical\" href=\"https:\/\/www.koupelnapro.com\/index.php\/produkt\/organicke-lepidla-denbit-denbit-bond-5kg-cerna-finalni-vyprodej-7903\/\" \/>\n<meta property=\"og:locale\" content=\"cs_CZ\" \/>\n<meta property=\"og:type\" content=\"article\" \/>\n<meta property=\"og:title\" content=\"Organick\u00e9 lepidla DenBit - DenBit BOND 5kg - \u010cern\u00e1 Fin\u00e1ln\u00ed V\u00fdprodej -\" \/>\n<meta property=\"og:description\" content=\"Popis produktu Bitumenov\u00e9 lepidlo DenBit SUPER BOND &#8211; je ji\u017e hotov\u00e1 plastick\u00e1 bitumenov\u00e1 hmota ve form\u011b pasty, vysoce modifikovan\u00e1 syntetick\u00fdm kau\u010dukem, obsahuje chemick\u00e9 p\u0159\u00edsady umo\u017e\u0148uj\u00edc\u00ed pou\u017eit\u00ed na m\u00edrn\u011b vlhk\u00e9m podkladu. Umo\u017e\u0148uje lepen\u00ed hydroizolac\u00ed bez pou\u017eit\u00ed otev\u0159en\u00e9ho ohn\u011b. &nbsp; Druh podkladu: Beton, zdivo, om\u00edtky, s\u00e1drov\u00e9 podklady, lepenka a materi\u00e1ly na bitumenov\u00e9 b\u00e1zi, nap\u0159. \u0161indele, izola\u010dn\u00ed PUR [&hellip;]\" \/>\n<meta property=\"og:url\" content=\"https:\/\/www.koupelnapro.com\/index.php\/produkt\/organicke-lepidla-denbit-denbit-bond-5kg-cerna-finalni-vyprodej-7903\/\" \/>\n<meta property=\"og:image\" content=\"https:\/\/www.koupelnapro.com\/wp-content\/uploads\/2026\/SK0003460-CZ20260425-091742-0-1777079863-p-036243-00.webp\" \/>\n\t<meta property=\"og:image:width\" content=\"500\" \/>\n\t<meta property=\"og:image:height\" content=\"500\" \/>\n\t<meta property=\"og:image:type\" content=\"image\/webp\" \/>\n<meta name=\"twitter:card\" content=\"summary_large_image\" \/>\n<meta name=\"twitter:label1\" content=\"Odhadovan\u00e1 doba \u010dten\u00ed\" \/>\n\t<meta name=\"twitter:data1\" content=\"1 minuta\" \/>\n<script type=\"application\/ld+json\" class=\"yoast-schema-graph\">{\"@context\":\"https:\/\/schema.org\",\"@graph\":[{\"@type\":\"WebPage\",\"@id\":\"https:\/\/www.koupelnapro.com\/index.php\/produkt\/organicke-lepidla-denbit-denbit-bond-5kg-cerna-finalni-vyprodej-7903\/\",\"url\":\"https:\/\/www.koupelnapro.com\/index.php\/produkt\/organicke-lepidla-denbit-denbit-bond-5kg-cerna-finalni-vyprodej-7903\/\",\"name\":\"Organick\u00e9 lepidla DenBit - DenBit BOND 5kg - \u010cern\u00e1 Fin\u00e1ln\u00ed V\u00fdprodej -\",\"isPartOf\":{\"@id\":\"https:\/\/www.koupelnapro.com\/#website\"},\"primaryImageOfPage\":{\"@id\":\"https:\/\/www.koupelnapro.com\/index.php\/produkt\/organicke-lepidla-denbit-denbit-bond-5kg-cerna-finalni-vyprodej-7903\/#primaryimage\"},\"image\":{\"@id\":\"https:\/\/www.koupelnapro.com\/index.php\/produkt\/organicke-lepidla-denbit-denbit-bond-5kg-cerna-finalni-vyprodej-7903\/#primaryimage\"},\"thumbnailUrl\":\"https:\/\/www.koupelnapro.com\/wp-content\/uploads\/2026\/SK0003460-CZ20260425-091742-0-1777079863-p-036243-00.webp\",\"datePublished\":\"2026-04-26T09:13:19+00:00\",\"breadcrumb\":{\"@id\":\"https:\/\/www.koupelnapro.com\/index.php\/produkt\/organicke-lepidla-denbit-denbit-bond-5kg-cerna-finalni-vyprodej-7903\/#breadcrumb\"},\"inLanguage\":\"cs\",\"potentialAction\":[{\"@type\":\"ReadAction\",\"target\":[\"https:\/\/www.koupelnapro.com\/index.php\/produkt\/organicke-lepidla-denbit-denbit-bond-5kg-cerna-finalni-vyprodej-7903\/\"]}]},{\"@type\":\"ImageObject\",\"inLanguage\":\"cs\",\"@id\":\"https:\/\/www.koupelnapro.com\/index.php\/produkt\/organicke-lepidla-denbit-denbit-bond-5kg-cerna-finalni-vyprodej-7903\/#primaryimage\",\"url\":\"https:\/\/www.koupelnapro.com\/wp-content\/uploads\/2026\/SK0003460-CZ20260425-091742-0-1777079863-p-036243-00.webp\",\"contentUrl\":\"https:\/\/www.koupelnapro.com\/wp-content\/uploads\/2026\/SK0003460-CZ20260425-091742-0-1777079863-p-036243-00.webp\",\"width\":500,\"height\":500},{\"@type\":\"BreadcrumbList\",\"@id\":\"https:\/\/www.koupelnapro.com\/index.php\/produkt\/organicke-lepidla-denbit-denbit-bond-5kg-cerna-finalni-vyprodej-7903\/#breadcrumb\",\"itemListElement\":[{\"@type\":\"ListItem\",\"position\":1,\"name\":\"Home\",\"item\":\"https:\/\/www.koupelnapro.com\/\"},{\"@type\":\"ListItem\",\"position\":2,\"name\":\"Products\",\"item\":\"https:\/\/www.koupelnapro.com\/index.php\/products\/\"},{\"@type\":\"ListItem\",\"position\":3,\"name\":\"Organick\u00e9 lepidla DenBit &#8211; DenBit BOND 5kg &#8211; \u010cern\u00e1 Fin\u00e1ln\u00ed V\u00fdprodej\"}]},{\"@type\":\"WebSite\",\"@id\":\"https:\/\/www.koupelnapro.com\/#website\",\"url\":\"https:\/\/www.koupelnapro.com\/\",\"name\":\"\",\"description\":\"\",\"potentialAction\":[{\"@type\":\"SearchAction\",\"target\":{\"@type\":\"EntryPoint\",\"urlTemplate\":\"https:\/\/www.koupelnapro.com\/?s={search_term_string}\"},\"query-input\":{\"@type\":\"PropertyValueSpecification\",\"valueRequired\":true,\"valueName\":\"search_term_string\"}}],\"inLanguage\":\"cs\"}]}<\/script>\n<!-- \/ Yoast SEO plugin. -->","yoast_head_json":{"title":"Organick\u00e9 lepidla DenBit - DenBit BOND 5kg - \u010cern\u00e1 Fin\u00e1ln\u00ed V\u00fdprodej -","robots":{"index":"index","follow":"follow","max-snippet":"max-snippet:-1","max-image-preview":"max-image-preview:large","max-video-preview":"max-video-preview:-1"},"canonical":"https:\/\/www.koupelnapro.com\/index.php\/produkt\/organicke-lepidla-denbit-denbit-bond-5kg-cerna-finalni-vyprodej-7903\/","og_locale":"cs_CZ","og_type":"article","og_title":"Organick\u00e9 lepidla DenBit - DenBit BOND 5kg - \u010cern\u00e1 Fin\u00e1ln\u00ed V\u00fdprodej -","og_description":"Popis produktu Bitumenov\u00e9 lepidlo DenBit SUPER BOND &#8211; je ji\u017e hotov\u00e1 plastick\u00e1 bitumenov\u00e1 hmota ve form\u011b pasty, vysoce modifikovan\u00e1 syntetick\u00fdm kau\u010dukem, obsahuje chemick\u00e9 p\u0159\u00edsady umo\u017e\u0148uj\u00edc\u00ed pou\u017eit\u00ed na m\u00edrn\u011b vlhk\u00e9m podkladu. Umo\u017e\u0148uje lepen\u00ed hydroizolac\u00ed bez pou\u017eit\u00ed otev\u0159en\u00e9ho ohn\u011b. &nbsp; Druh podkladu: Beton, zdivo, om\u00edtky, s\u00e1drov\u00e9 podklady, lepenka a materi\u00e1ly na bitumenov\u00e9 b\u00e1zi, nap\u0159. \u0161indele, izola\u010dn\u00ed PUR [&hellip;]","og_url":"https:\/\/www.koupelnapro.com\/index.php\/produkt\/organicke-lepidla-denbit-denbit-bond-5kg-cerna-finalni-vyprodej-7903\/","og_image":[{"width":500,"height":500,"url":"https:\/\/www.koupelnapro.com\/wp-content\/uploads\/2026\/SK0003460-CZ20260425-091742-0-1777079863-p-036243-00.webp","type":"image\/webp"}],"twitter_card":"summary_large_image","twitter_misc":{"Odhadovan\u00e1 doba \u010dten\u00ed":"1 minuta"},"schema":{"@context":"https:\/\/schema.org","@graph":[{"@type":"WebPage","@id":"https:\/\/www.koupelnapro.com\/index.php\/produkt\/organicke-lepidla-denbit-denbit-bond-5kg-cerna-finalni-vyprodej-7903\/","url":"https:\/\/www.koupelnapro.com\/index.php\/produkt\/organicke-lepidla-denbit-denbit-bond-5kg-cerna-finalni-vyprodej-7903\/","name":"Organick\u00e9 lepidla DenBit - DenBit BOND 5kg - \u010cern\u00e1 Fin\u00e1ln\u00ed V\u00fdprodej -","isPartOf":{"@id":"https:\/\/www.koupelnapro.com\/#website"},"primaryImageOfPage":{"@id":"https:\/\/www.koupelnapro.com\/index.php\/produkt\/organicke-lepidla-denbit-denbit-bond-5kg-cerna-finalni-vyprodej-7903\/#primaryimage"},"image":{"@id":"https:\/\/www.koupelnapro.com\/index.php\/produkt\/organicke-lepidla-denbit-denbit-bond-5kg-cerna-finalni-vyprodej-7903\/#primaryimage"},"thumbnailUrl":"https:\/\/www.koupelnapro.com\/wp-content\/uploads\/2026\/SK0003460-CZ20260425-091742-0-1777079863-p-036243-00.webp","datePublished":"2026-04-26T09:13:19+00:00","breadcrumb":{"@id":"https:\/\/www.koupelnapro.com\/index.php\/produkt\/organicke-lepidla-denbit-denbit-bond-5kg-cerna-finalni-vyprodej-7903\/#breadcrumb"},"inLanguage":"cs","potentialAction":[{"@type":"ReadAction","target":["https:\/\/www.koupelnapro.com\/index.php\/produkt\/organicke-lepidla-denbit-denbit-bond-5kg-cerna-finalni-vyprodej-7903\/"]}]},{"@type":"ImageObject","inLanguage":"cs","@id":"https:\/\/www.koupelnapro.com\/index.php\/produkt\/organicke-lepidla-denbit-denbit-bond-5kg-cerna-finalni-vyprodej-7903\/#primaryimage","url":"https:\/\/www.koupelnapro.com\/wp-content\/uploads\/2026\/SK0003460-CZ20260425-091742-0-1777079863-p-036243-00.webp","contentUrl":"https:\/\/www.koupelnapro.com\/wp-content\/uploads\/2026\/SK0003460-CZ20260425-091742-0-1777079863-p-036243-00.webp","width":500,"height":500},{"@type":"BreadcrumbList","@id":"https:\/\/www.koupelnapro.com\/index.php\/produkt\/organicke-lepidla-denbit-denbit-bond-5kg-cerna-finalni-vyprodej-7903\/#breadcrumb","itemListElement":[{"@type":"ListItem","position":1,"name":"Home","item":"https:\/\/www.koupelnapro.com\/"},{"@type":"ListItem","position":2,"name":"Products","item":"https:\/\/www.koupelnapro.com\/index.php\/products\/"},{"@type":"ListItem","position":3,"name":"Organick\u00e9 lepidla DenBit &#8211; DenBit BOND 5kg &#8211; \u010cern\u00e1 Fin\u00e1ln\u00ed V\u00fdprodej"}]},{"@type":"WebSite","@id":"https:\/\/www.koupelnapro.com\/#website","url":"https:\/\/www.koupelnapro.com\/","name":"","description":"","potentialAction":[{"@type":"SearchAction","target":{"@type":"EntryPoint","urlTemplate":"https:\/\/www.koupelnapro.com\/?s={search_term_string}"},"query-input":{"@type":"PropertyValueSpecification","valueRequired":true,"valueName":"search_term_string"}}],"inLanguage":"cs"}]}},"_links":{"self":[{"href":"https:\/\/www.koupelnapro.com\/index.php\/wp-json\/wp\/v2\/product\/7903","targetHints":{"allow":["GET"]}}],"collection":[{"href":"https:\/\/www.koupelnapro.com\/index.php\/wp-json\/wp\/v2\/product"}],"about":[{"href":"https:\/\/www.koupelnapro.com\/index.php\/wp-json\/wp\/v2\/types\/product"}],"replies":[{"embeddable":true,"href":"https:\/\/www.koupelnapro.com\/index.php\/wp-json\/wp\/v2\/comments?post=7903"}],"wp:featuredmedia":[{"embeddable":true,"href":"https:\/\/www.koupelnapro.com\/index.php\/wp-json\/wp\/v2\/media\/8003"}],"wp:attachment":[{"href":"https:\/\/www.koupelnapro.com\/index.php\/wp-json\/wp\/v2\/media?parent=7903"}],"wp:term":[{"taxonomy":"product_brand","embeddable":true,"href":"https:\/\/www.koupelnapro.com\/index.php\/wp-json\/wp\/v2\/product_brand?post=7903"},{"taxonomy":"product_cat","embeddable":true,"href":"https:\/\/www.koupelnapro.com\/index.php\/wp-json\/wp\/v2\/product_cat?post=7903"},{"taxonomy":"product_tag","embeddable":true,"href":"https:\/\/www.koupelnapro.com\/index.php\/wp-json\/wp\/v2\/product_tag?post=7903"}],"curies":[{"name":"wp","href":"https:\/\/api.w.org\/{rel}","templated":true}]}}