{"id":7901,"date":"2026-04-26T09:13:19","date_gmt":"2026-04-26T09:13:19","guid":{"rendered":""},"modified":"2026-04-26T09:13:19","modified_gmt":"2026-04-26T09:13:19","slug":"overeny-organicke-laky-denbit-denbit-reflex-alu-lak-4-5kg-7901","status":"publish","type":"product","link":"https:\/\/www.koupelnapro.com\/index.php\/produkt\/overeny-organicke-laky-denbit-denbit-reflex-alu-lak-4-5kg-7901\/","title":{"rendered":"Ov\u011b\u0159en\u00fd Organick\u00e9 laky DenBit &#8211; DenBit REFLEX ALU lak 4,5kg"},"content":{"rendered":"<div class=\"ResponseTabButton\">Popis produktu<\/div>\n<div class=\"TabContent\">\n<h3><strong>Vlastnosti<\/strong><\/h3>\n<p>Obsahuje st\u0159\u00edbrn\u00e9 barvivo &ndash; reflexn\u00ed efekt<br \/>Sni\u017euje proh\u0159\u00edv\u00e1n\u00ed st\u0159e\u0161n\u00edho pl\u00e1\u0161t\u011b<br \/>Odoln\u00fd UV z\u00e1\u0159en\u00ed, slab\u00fdm kyselin\u00e1m a&nbsp;z\u00e1sad\u00e1m<br \/>Na such\u00fd podklad<br \/>Druh podkladu &ndash; krytiny z&nbsp;asfaltov\u00fdch lepenek, bitumenov\u00fdch \u0161indel\u016f, eternitu, pozinkovan\u00fdch plech\u016f, betonov\u00fdch zd\u00ed a&nbsp;podobn\u00e9 miner\u00e1ln\u00ed podklady, cementov\u00e9, cemento-v\u00e1penn\u00e9 om\u00edtky<br \/>&nbsp;<\/p>\n<h3><strong>Pou\u017eit\u00ed<\/strong><\/h3>\n<p>Jako roztok ur\u010den\u00fd pro konzervov\u00e1n\u00ed st\u0159e\u0161n\u00edch krytin<br \/>Pou\u017eit\u00ed ve venkovn\u00edm prostoru budov<\/p>\n<h3>&nbsp;<\/h3>\n<p>&nbsp;<\/p>\n<h3>\n<p>&nbsp;<\/h3>\n<\/p><\/div>\n<\/p><\/div>\n<\/p><\/div>\n<\/p><\/div>\n<\/div>\n","protected":false},"excerpt":{"rendered":"<p>Popis produktu Vlastnosti Obsahuje st\u0159\u00edbrn\u00e9 barvivo &ndash; reflexn\u00ed efektSni\u017euje proh\u0159\u00edv\u00e1n\u00ed st\u0159e\u0161n\u00edho pl\u00e1\u0161t\u011bOdoln\u00fd UV z\u00e1\u0159en\u00ed, slab\u00fdm kyselin\u00e1m a&nbsp;z\u00e1sad\u00e1mNa such\u00fd podkladDruh podkladu &ndash; krytiny z&nbsp;asfaltov\u00fdch lepenek, bitumenov\u00fdch \u0161indel\u016f, eternitu, pozinkovan\u00fdch plech\u016f, betonov\u00fdch zd\u00ed a&nbsp;podobn\u00e9 miner\u00e1ln\u00ed podklady, cementov\u00e9, cemento-v\u00e1penn\u00e9 om\u00edtky&nbsp; Pou\u017eit\u00ed Jako roztok ur\u010den\u00fd pro konzervov\u00e1n\u00ed st\u0159e\u0161n\u00edch krytinPou\u017eit\u00ed ve venkovn\u00edm prostoru budov &nbsp; &nbsp; &nbsp;<\/p>\n","protected":false},"featured_media":8001,"comment_status":"open","ping_status":"open","template":"","meta":[],"product_brand":[],"product_cat":[49],"product_tag":[],"class_list":{"0":"post-7901","1":"product","2":"type-product","3":"status-publish","4":"has-post-thumbnail","6":"product_cat-naterove-a-chemicke-vyrobky","8":"first","9":"instock","10":"sale","11":"shipping-taxable","12":"purchasable","13":"product-type-simple"},"yoast_head":"<!-- This site is optimized with the Yoast SEO plugin v26.8 - https:\/\/yoast.com\/product\/yoast-seo-wordpress\/ -->\n<title>Ov\u011b\u0159en\u00fd Organick\u00e9 laky DenBit - DenBit REFLEX ALU lak 4,5kg -<\/title>\n<meta name=\"robots\" content=\"index, follow, max-snippet:-1, max-image-preview:large, max-video-preview:-1\" \/>\n<link rel=\"canonical\" href=\"https:\/\/www.koupelnapro.com\/index.php\/produkt\/overeny-organicke-laky-denbit-denbit-reflex-alu-lak-4-5kg-7901\/\" \/>\n<meta property=\"og:locale\" content=\"cs_CZ\" \/>\n<meta property=\"og:type\" content=\"article\" \/>\n<meta property=\"og:title\" content=\"Ov\u011b\u0159en\u00fd Organick\u00e9 laky DenBit - DenBit REFLEX ALU lak 4,5kg -\" \/>\n<meta property=\"og:description\" content=\"Popis produktu Vlastnosti Obsahuje st\u0159\u00edbrn\u00e9 barvivo &ndash; reflexn\u00ed efektSni\u017euje proh\u0159\u00edv\u00e1n\u00ed st\u0159e\u0161n\u00edho pl\u00e1\u0161t\u011bOdoln\u00fd UV z\u00e1\u0159en\u00ed, slab\u00fdm kyselin\u00e1m a&nbsp;z\u00e1sad\u00e1mNa such\u00fd podkladDruh podkladu &ndash; krytiny z&nbsp;asfaltov\u00fdch lepenek, bitumenov\u00fdch \u0161indel\u016f, eternitu, pozinkovan\u00fdch plech\u016f, betonov\u00fdch zd\u00ed a&nbsp;podobn\u00e9 miner\u00e1ln\u00ed podklady, cementov\u00e9, cemento-v\u00e1penn\u00e9 om\u00edtky&nbsp; Pou\u017eit\u00ed Jako roztok ur\u010den\u00fd pro konzervov\u00e1n\u00ed st\u0159e\u0161n\u00edch krytinPou\u017eit\u00ed ve venkovn\u00edm prostoru budov &nbsp; &nbsp; &nbsp;\" \/>\n<meta property=\"og:url\" content=\"https:\/\/www.koupelnapro.com\/index.php\/produkt\/overeny-organicke-laky-denbit-denbit-reflex-alu-lak-4-5kg-7901\/\" \/>\n<meta property=\"og:image\" content=\"https:\/\/www.koupelnapro.com\/wp-content\/uploads\/2026\/SK0003458-CZ20260425-091742-0-1777079863-P-043487-00.webp\" \/>\n\t<meta property=\"og:image:width\" content=\"500\" \/>\n\t<meta property=\"og:image:height\" content=\"500\" \/>\n\t<meta property=\"og:image:type\" content=\"image\/webp\" \/>\n<meta name=\"twitter:card\" content=\"summary_large_image\" \/>\n<script type=\"application\/ld+json\" class=\"yoast-schema-graph\">{\"@context\":\"https:\/\/schema.org\",\"@graph\":[{\"@type\":\"WebPage\",\"@id\":\"https:\/\/www.koupelnapro.com\/index.php\/produkt\/overeny-organicke-laky-denbit-denbit-reflex-alu-lak-4-5kg-7901\/\",\"url\":\"https:\/\/www.koupelnapro.com\/index.php\/produkt\/overeny-organicke-laky-denbit-denbit-reflex-alu-lak-4-5kg-7901\/\",\"name\":\"Ov\u011b\u0159en\u00fd Organick\u00e9 laky DenBit - DenBit REFLEX ALU lak 4,5kg -\",\"isPartOf\":{\"@id\":\"https:\/\/www.koupelnapro.com\/#website\"},\"primaryImageOfPage\":{\"@id\":\"https:\/\/www.koupelnapro.com\/index.php\/produkt\/overeny-organicke-laky-denbit-denbit-reflex-alu-lak-4-5kg-7901\/#primaryimage\"},\"image\":{\"@id\":\"https:\/\/www.koupelnapro.com\/index.php\/produkt\/overeny-organicke-laky-denbit-denbit-reflex-alu-lak-4-5kg-7901\/#primaryimage\"},\"thumbnailUrl\":\"https:\/\/www.koupelnapro.com\/wp-content\/uploads\/2026\/SK0003458-CZ20260425-091742-0-1777079863-P-043487-00.webp\",\"datePublished\":\"2026-04-26T09:13:19+00:00\",\"breadcrumb\":{\"@id\":\"https:\/\/www.koupelnapro.com\/index.php\/produkt\/overeny-organicke-laky-denbit-denbit-reflex-alu-lak-4-5kg-7901\/#breadcrumb\"},\"inLanguage\":\"cs\",\"potentialAction\":[{\"@type\":\"ReadAction\",\"target\":[\"https:\/\/www.koupelnapro.com\/index.php\/produkt\/overeny-organicke-laky-denbit-denbit-reflex-alu-lak-4-5kg-7901\/\"]}]},{\"@type\":\"ImageObject\",\"inLanguage\":\"cs\",\"@id\":\"https:\/\/www.koupelnapro.com\/index.php\/produkt\/overeny-organicke-laky-denbit-denbit-reflex-alu-lak-4-5kg-7901\/#primaryimage\",\"url\":\"https:\/\/www.koupelnapro.com\/wp-content\/uploads\/2026\/SK0003458-CZ20260425-091742-0-1777079863-P-043487-00.webp\",\"contentUrl\":\"https:\/\/www.koupelnapro.com\/wp-content\/uploads\/2026\/SK0003458-CZ20260425-091742-0-1777079863-P-043487-00.webp\",\"width\":500,\"height\":500},{\"@type\":\"BreadcrumbList\",\"@id\":\"https:\/\/www.koupelnapro.com\/index.php\/produkt\/overeny-organicke-laky-denbit-denbit-reflex-alu-lak-4-5kg-7901\/#breadcrumb\",\"itemListElement\":[{\"@type\":\"ListItem\",\"position\":1,\"name\":\"Home\",\"item\":\"https:\/\/www.koupelnapro.com\/\"},{\"@type\":\"ListItem\",\"position\":2,\"name\":\"Products\",\"item\":\"https:\/\/www.koupelnapro.com\/index.php\/products\/\"},{\"@type\":\"ListItem\",\"position\":3,\"name\":\"Ov\u011b\u0159en\u00fd Organick\u00e9 laky DenBit &#8211; DenBit REFLEX ALU lak 4,5kg\"}]},{\"@type\":\"WebSite\",\"@id\":\"https:\/\/www.koupelnapro.com\/#website\",\"url\":\"https:\/\/www.koupelnapro.com\/\",\"name\":\"\",\"description\":\"\",\"potentialAction\":[{\"@type\":\"SearchAction\",\"target\":{\"@type\":\"EntryPoint\",\"urlTemplate\":\"https:\/\/www.koupelnapro.com\/?s={search_term_string}\"},\"query-input\":{\"@type\":\"PropertyValueSpecification\",\"valueRequired\":true,\"valueName\":\"search_term_string\"}}],\"inLanguage\":\"cs\"}]}<\/script>\n<!-- \/ Yoast SEO plugin. -->","yoast_head_json":{"title":"Ov\u011b\u0159en\u00fd Organick\u00e9 laky DenBit - DenBit REFLEX ALU lak 4,5kg -","robots":{"index":"index","follow":"follow","max-snippet":"max-snippet:-1","max-image-preview":"max-image-preview:large","max-video-preview":"max-video-preview:-1"},"canonical":"https:\/\/www.koupelnapro.com\/index.php\/produkt\/overeny-organicke-laky-denbit-denbit-reflex-alu-lak-4-5kg-7901\/","og_locale":"cs_CZ","og_type":"article","og_title":"Ov\u011b\u0159en\u00fd Organick\u00e9 laky DenBit - DenBit REFLEX ALU lak 4,5kg -","og_description":"Popis produktu Vlastnosti Obsahuje st\u0159\u00edbrn\u00e9 barvivo &ndash; reflexn\u00ed efektSni\u017euje proh\u0159\u00edv\u00e1n\u00ed st\u0159e\u0161n\u00edho pl\u00e1\u0161t\u011bOdoln\u00fd UV z\u00e1\u0159en\u00ed, slab\u00fdm kyselin\u00e1m a&nbsp;z\u00e1sad\u00e1mNa such\u00fd podkladDruh podkladu &ndash; krytiny z&nbsp;asfaltov\u00fdch lepenek, bitumenov\u00fdch \u0161indel\u016f, eternitu, pozinkovan\u00fdch plech\u016f, betonov\u00fdch zd\u00ed a&nbsp;podobn\u00e9 miner\u00e1ln\u00ed podklady, cementov\u00e9, cemento-v\u00e1penn\u00e9 om\u00edtky&nbsp; Pou\u017eit\u00ed Jako roztok ur\u010den\u00fd pro konzervov\u00e1n\u00ed st\u0159e\u0161n\u00edch krytinPou\u017eit\u00ed ve venkovn\u00edm prostoru budov &nbsp; &nbsp; &nbsp;","og_url":"https:\/\/www.koupelnapro.com\/index.php\/produkt\/overeny-organicke-laky-denbit-denbit-reflex-alu-lak-4-5kg-7901\/","og_image":[{"width":500,"height":500,"url":"https:\/\/www.koupelnapro.com\/wp-content\/uploads\/2026\/SK0003458-CZ20260425-091742-0-1777079863-P-043487-00.webp","type":"image\/webp"}],"twitter_card":"summary_large_image","schema":{"@context":"https:\/\/schema.org","@graph":[{"@type":"WebPage","@id":"https:\/\/www.koupelnapro.com\/index.php\/produkt\/overeny-organicke-laky-denbit-denbit-reflex-alu-lak-4-5kg-7901\/","url":"https:\/\/www.koupelnapro.com\/index.php\/produkt\/overeny-organicke-laky-denbit-denbit-reflex-alu-lak-4-5kg-7901\/","name":"Ov\u011b\u0159en\u00fd Organick\u00e9 laky DenBit - DenBit REFLEX ALU lak 4,5kg -","isPartOf":{"@id":"https:\/\/www.koupelnapro.com\/#website"},"primaryImageOfPage":{"@id":"https:\/\/www.koupelnapro.com\/index.php\/produkt\/overeny-organicke-laky-denbit-denbit-reflex-alu-lak-4-5kg-7901\/#primaryimage"},"image":{"@id":"https:\/\/www.koupelnapro.com\/index.php\/produkt\/overeny-organicke-laky-denbit-denbit-reflex-alu-lak-4-5kg-7901\/#primaryimage"},"thumbnailUrl":"https:\/\/www.koupelnapro.com\/wp-content\/uploads\/2026\/SK0003458-CZ20260425-091742-0-1777079863-P-043487-00.webp","datePublished":"2026-04-26T09:13:19+00:00","breadcrumb":{"@id":"https:\/\/www.koupelnapro.com\/index.php\/produkt\/overeny-organicke-laky-denbit-denbit-reflex-alu-lak-4-5kg-7901\/#breadcrumb"},"inLanguage":"cs","potentialAction":[{"@type":"ReadAction","target":["https:\/\/www.koupelnapro.com\/index.php\/produkt\/overeny-organicke-laky-denbit-denbit-reflex-alu-lak-4-5kg-7901\/"]}]},{"@type":"ImageObject","inLanguage":"cs","@id":"https:\/\/www.koupelnapro.com\/index.php\/produkt\/overeny-organicke-laky-denbit-denbit-reflex-alu-lak-4-5kg-7901\/#primaryimage","url":"https:\/\/www.koupelnapro.com\/wp-content\/uploads\/2026\/SK0003458-CZ20260425-091742-0-1777079863-P-043487-00.webp","contentUrl":"https:\/\/www.koupelnapro.com\/wp-content\/uploads\/2026\/SK0003458-CZ20260425-091742-0-1777079863-P-043487-00.webp","width":500,"height":500},{"@type":"BreadcrumbList","@id":"https:\/\/www.koupelnapro.com\/index.php\/produkt\/overeny-organicke-laky-denbit-denbit-reflex-alu-lak-4-5kg-7901\/#breadcrumb","itemListElement":[{"@type":"ListItem","position":1,"name":"Home","item":"https:\/\/www.koupelnapro.com\/"},{"@type":"ListItem","position":2,"name":"Products","item":"https:\/\/www.koupelnapro.com\/index.php\/products\/"},{"@type":"ListItem","position":3,"name":"Ov\u011b\u0159en\u00fd Organick\u00e9 laky DenBit &#8211; DenBit REFLEX ALU lak 4,5kg"}]},{"@type":"WebSite","@id":"https:\/\/www.koupelnapro.com\/#website","url":"https:\/\/www.koupelnapro.com\/","name":"","description":"","potentialAction":[{"@type":"SearchAction","target":{"@type":"EntryPoint","urlTemplate":"https:\/\/www.koupelnapro.com\/?s={search_term_string}"},"query-input":{"@type":"PropertyValueSpecification","valueRequired":true,"valueName":"search_term_string"}}],"inLanguage":"cs"}]}},"_links":{"self":[{"href":"https:\/\/www.koupelnapro.com\/index.php\/wp-json\/wp\/v2\/product\/7901","targetHints":{"allow":["GET"]}}],"collection":[{"href":"https:\/\/www.koupelnapro.com\/index.php\/wp-json\/wp\/v2\/product"}],"about":[{"href":"https:\/\/www.koupelnapro.com\/index.php\/wp-json\/wp\/v2\/types\/product"}],"replies":[{"embeddable":true,"href":"https:\/\/www.koupelnapro.com\/index.php\/wp-json\/wp\/v2\/comments?post=7901"}],"wp:featuredmedia":[{"embeddable":true,"href":"https:\/\/www.koupelnapro.com\/index.php\/wp-json\/wp\/v2\/media\/8001"}],"wp:attachment":[{"href":"https:\/\/www.koupelnapro.com\/index.php\/wp-json\/wp\/v2\/media?parent=7901"}],"wp:term":[{"taxonomy":"product_brand","embeddable":true,"href":"https:\/\/www.koupelnapro.com\/index.php\/wp-json\/wp\/v2\/product_brand?post=7901"},{"taxonomy":"product_cat","embeddable":true,"href":"https:\/\/www.koupelnapro.com\/index.php\/wp-json\/wp\/v2\/product_cat?post=7901"},{"taxonomy":"product_tag","embeddable":true,"href":"https:\/\/www.koupelnapro.com\/index.php\/wp-json\/wp\/v2\/product_tag?post=7901"}],"curies":[{"name":"wp","href":"https:\/\/api.w.org\/{rel}","templated":true}]}}